{"id":377,"date":"2019-10-16T17:14:53","date_gmt":"2019-10-16T17:14:53","guid":{"rendered":"http:\/\/institucional.ufrrj.br\/jardimbotanico\/?page_id=377"},"modified":"2022-06-29T15:25:40","modified_gmt":"2022-06-29T15:25:40","slug":"publicacoes-2","status":"publish","type":"page","link":"https:\/\/institucional.ufrrj.br\/jardimbotanico\/publicacoes-2\/","title":{"rendered":"Publica\u00e7\u00f5es"},"content":{"rendered":"<p>O Jardim Bot\u00e2nico da UFRRJ possui seu pr\u00f3prio Programa de Inicia\u00e7\u00e3o Cient\u00edfica (PROVERDE), cujo principal objetivo \u00e9 estimular a pr\u00e1tica de pesquisa em alunos e professores com projetos voltados ao desenvolvimento cient\u00edfico-estrutural do pr\u00f3prio Jardim Bot\u00e2nico.<\/p>\n<p>Nesse sentido, foi\u00a0 lan\u00e7ado pela editora da UFRRJ (Edur)\u00a0 o livro &#8220;Pesquisas no Jardim Bot\u00e2nico da UFRRJ&#8221; com o intuito de disponibilizar<br \/>\npara a comunidade externa e acad\u00eamica informa\u00e7\u00f5es a respeito das atividades de pesquisa desenvolvidas ou viabilizadas pelo Jardim Bot\u00e2nico UFRRJ.<\/p>\n<p>O livro \u00e9 gratuito e se encontra dispon\u00edvel para download no link abaixo:<\/p>\n<p><a href=\"https:\/\/editora.ufrrj.br\/produto\/pesquisas-no-jardim-botanico-da-ufrrj\/\">https:\/\/editora.ufrrj.br\/produto\/pesquisas-no-jardim-botanico-da-ufrrj\/<\/a><\/p>\n<p><a href=\"https:\/\/institucional.ufrrj.br\/jardimbotanico\/files\/2022\/06\/Pesquisas-no-Jardim-Botanico.jpg\" rel=\"lightbox[377]\"><img loading=\"lazy\" decoding=\"async\" class=\"aligncenter wp-image-601 size-medium\" src=\"https:\/\/institucional.ufrrj.br\/jardimbotanico\/files\/2022\/06\/Pesquisas-no-Jardim-Botanico-209x300.jpg\" alt=\"\" width=\"209\" height=\"300\" srcset=\"https:\/\/institucional.ufrrj.br\/jardimbotanico\/files\/2022\/06\/Pesquisas-no-Jardim-Botanico-209x300.jpg 209w, https:\/\/institucional.ufrrj.br\/jardimbotanico\/files\/2022\/06\/Pesquisas-no-Jardim-Botanico-712x1024.jpg 712w, https:\/\/institucional.ufrrj.br\/jardimbotanico\/files\/2022\/06\/Pesquisas-no-Jardim-Botanico-768x1104.jpg 768w, https:\/\/institucional.ufrrj.br\/jardimbotanico\/files\/2022\/06\/Pesquisas-no-Jardim-Botanico-1068x1536.jpg 1068w, https:\/\/institucional.ufrrj.br\/jardimbotanico\/files\/2022\/06\/Pesquisas-no-Jardim-Botanico.jpg 1113w\" sizes=\"auto, (max-width: 209px) 100vw, 209px\" \/><\/a><\/p>\n","protected":false},"excerpt":{"rendered":"<p>O Jardim Bot\u00e2nico da UFRRJ possui seu pr\u00f3prio Programa de Inicia\u00e7\u00e3o Cient\u00edfica (PROVERDE), cujo principal objetivo \u00e9 estimular a pr\u00e1tica <a class=\"read-more\" href=\"https:\/\/institucional.ufrrj.br\/jardimbotanico\/publicacoes-2\/ \" >&#8230; <span class=\"font-italic\">leia mais <i class=\"fas fa-angle-right\"><\/i><\/span><\/a><\/p>\n","protected":false},"author":634,"featured_media":0,"parent":0,"menu_order":0,"comment_status":"closed","ping_status":"closed","template":"","meta":{"_acf_changed":false,"footnotes":""},"class_list":["post-377","page","type-page","status-publish","hentry"],"yoast_head":"<!-- This site is optimized with the Yoast SEO plugin v27.2 - https:\/\/yoast.com\/product\/yoast-seo-wordpress\/ -->\n<title>Publica\u00e7\u00f5es - Jardim Bot\u00e2nico da UFRRJ<\/title>\n<meta name=\"robots\" content=\"index, follow, max-snippet:-1, max-image-preview:large, max-video-preview:-1\" \/>\n<link rel=\"canonical\" href=\"https:\/\/institucional.ufrrj.br\/jardimbotanico\/publicacoes-2\/\" \/>\n<meta property=\"og:locale\" content=\"pt_BR\" \/>\n<meta property=\"og:type\" content=\"article\" \/>\n<meta property=\"og:title\" content=\"Publica\u00e7\u00f5es - Jardim Bot\u00e2nico da UFRRJ\" \/>\n<meta property=\"og:description\" content=\"O Jardim Bot\u00e2nico da UFRRJ possui seu pr\u00f3prio Programa de Inicia\u00e7\u00e3o Cient\u00edfica (PROVERDE), cujo principal objetivo \u00e9 estimular a pr\u00e1tica ... leia mais\" \/>\n<meta property=\"og:url\" content=\"https:\/\/institucional.ufrrj.br\/jardimbotanico\/publicacoes-2\/\" \/>\n<meta property=\"og:site_name\" content=\"Jardim Bot\u00e2nico da UFRRJ\" \/>\n<meta property=\"article:modified_time\" content=\"2022-06-29T15:25:40+00:00\" \/>\n<meta property=\"og:image\" content=\"https:\/\/institucional.ufrrj.br\/jardimbotanico\/files\/2022\/06\/Pesquisas-no-Jardim-Botanico.jpg\" \/>\n\t<meta property=\"og:image:width\" content=\"1113\" \/>\n\t<meta property=\"og:image:height\" content=\"1600\" \/>\n\t<meta property=\"og:image:type\" content=\"image\/jpeg\" \/>\n<meta name=\"twitter:card\" content=\"summary_large_image\" \/>\n<meta name=\"twitter:label1\" content=\"Est. tempo de leitura\" \/>\n\t<meta name=\"twitter:data1\" content=\"1 minuto\" \/>\n<script type=\"application\/ld+json\" class=\"yoast-schema-graph\">{\"@context\":\"https:\/\/schema.org\",\"@graph\":[{\"@type\":\"WebPage\",\"@id\":\"https:\/\/institucional.ufrrj.br\/jardimbotanico\/publicacoes-2\/\",\"url\":\"https:\/\/institucional.ufrrj.br\/jardimbotanico\/publicacoes-2\/\",\"name\":\"Publica\u00e7\u00f5es - Jardim Bot\u00e2nico da UFRRJ\",\"isPartOf\":{\"@id\":\"https:\/\/institucional.ufrrj.br\/jardimbotanico\/#website\"},\"primaryImageOfPage\":{\"@id\":\"https:\/\/institucional.ufrrj.br\/jardimbotanico\/publicacoes-2\/#primaryimage\"},\"image\":{\"@id\":\"https:\/\/institucional.ufrrj.br\/jardimbotanico\/publicacoes-2\/#primaryimage\"},\"thumbnailUrl\":\"https:\/\/institucional.ufrrj.br\/jardimbotanico\/files\/2022\/06\/Pesquisas-no-Jardim-Botanico-209x300.jpg\",\"datePublished\":\"2019-10-16T17:14:53+00:00\",\"dateModified\":\"2022-06-29T15:25:40+00:00\",\"breadcrumb\":{\"@id\":\"https:\/\/institucional.ufrrj.br\/jardimbotanico\/publicacoes-2\/#breadcrumb\"},\"inLanguage\":\"pt-BR\",\"potentialAction\":[{\"@type\":\"ReadAction\",\"target\":[\"https:\/\/institucional.ufrrj.br\/jardimbotanico\/publicacoes-2\/\"]}]},{\"@type\":\"ImageObject\",\"inLanguage\":\"pt-BR\",\"@id\":\"https:\/\/institucional.ufrrj.br\/jardimbotanico\/publicacoes-2\/#primaryimage\",\"url\":\"https:\/\/institucional.ufrrj.br\/jardimbotanico\/files\/2022\/06\/Pesquisas-no-Jardim-Botanico.jpg\",\"contentUrl\":\"https:\/\/institucional.ufrrj.br\/jardimbotanico\/files\/2022\/06\/Pesquisas-no-Jardim-Botanico.jpg\",\"width\":1113,\"height\":1600},{\"@type\":\"BreadcrumbList\",\"@id\":\"https:\/\/institucional.ufrrj.br\/jardimbotanico\/publicacoes-2\/#breadcrumb\",\"itemListElement\":[{\"@type\":\"ListItem\",\"position\":1,\"name\":\"In\u00edcio\",\"item\":\"https:\/\/institucional.ufrrj.br\/jardimbotanico\/\"},{\"@type\":\"ListItem\",\"position\":2,\"name\":\"Publica\u00e7\u00f5es\"}]},{\"@type\":\"WebSite\",\"@id\":\"https:\/\/institucional.ufrrj.br\/jardimbotanico\/#website\",\"url\":\"https:\/\/institucional.ufrrj.br\/jardimbotanico\/\",\"name\":\"Jardim Bot\u00e2nico da UFRRJ\",\"description\":\"Universidade Federal Rural do Rio de Janeiro - UFRRJ\",\"potentialAction\":[{\"@type\":\"SearchAction\",\"target\":{\"@type\":\"EntryPoint\",\"urlTemplate\":\"https:\/\/institucional.ufrrj.br\/jardimbotanico\/?s={search_term_string}\"},\"query-input\":{\"@type\":\"PropertyValueSpecification\",\"valueRequired\":true,\"valueName\":\"search_term_string\"}}],\"inLanguage\":\"pt-BR\"}]}<\/script>\n<!-- \/ Yoast SEO plugin. -->","yoast_head_json":{"title":"Publica\u00e7\u00f5es - Jardim Bot\u00e2nico da UFRRJ","robots":{"index":"index","follow":"follow","max-snippet":"max-snippet:-1","max-image-preview":"max-image-preview:large","max-video-preview":"max-video-preview:-1"},"canonical":"https:\/\/institucional.ufrrj.br\/jardimbotanico\/publicacoes-2\/","og_locale":"pt_BR","og_type":"article","og_title":"Publica\u00e7\u00f5es - Jardim Bot\u00e2nico da UFRRJ","og_description":"O Jardim Bot\u00e2nico da UFRRJ possui seu pr\u00f3prio Programa de Inicia\u00e7\u00e3o Cient\u00edfica (PROVERDE), cujo principal objetivo \u00e9 estimular a pr\u00e1tica ... leia mais","og_url":"https:\/\/institucional.ufrrj.br\/jardimbotanico\/publicacoes-2\/","og_site_name":"Jardim Bot\u00e2nico da UFRRJ","article_modified_time":"2022-06-29T15:25:40+00:00","og_image":[{"width":1113,"height":1600,"url":"https:\/\/institucional.ufrrj.br\/jardimbotanico\/files\/2022\/06\/Pesquisas-no-Jardim-Botanico.jpg","type":"image\/jpeg"}],"twitter_card":"summary_large_image","twitter_misc":{"Est. tempo de leitura":"1 minuto"},"schema":{"@context":"https:\/\/schema.org","@graph":[{"@type":"WebPage","@id":"https:\/\/institucional.ufrrj.br\/jardimbotanico\/publicacoes-2\/","url":"https:\/\/institucional.ufrrj.br\/jardimbotanico\/publicacoes-2\/","name":"Publica\u00e7\u00f5es - Jardim Bot\u00e2nico da UFRRJ","isPartOf":{"@id":"https:\/\/institucional.ufrrj.br\/jardimbotanico\/#website"},"primaryImageOfPage":{"@id":"https:\/\/institucional.ufrrj.br\/jardimbotanico\/publicacoes-2\/#primaryimage"},"image":{"@id":"https:\/\/institucional.ufrrj.br\/jardimbotanico\/publicacoes-2\/#primaryimage"},"thumbnailUrl":"https:\/\/institucional.ufrrj.br\/jardimbotanico\/files\/2022\/06\/Pesquisas-no-Jardim-Botanico-209x300.jpg","datePublished":"2019-10-16T17:14:53+00:00","dateModified":"2022-06-29T15:25:40+00:00","breadcrumb":{"@id":"https:\/\/institucional.ufrrj.br\/jardimbotanico\/publicacoes-2\/#breadcrumb"},"inLanguage":"pt-BR","potentialAction":[{"@type":"ReadAction","target":["https:\/\/institucional.ufrrj.br\/jardimbotanico\/publicacoes-2\/"]}]},{"@type":"ImageObject","inLanguage":"pt-BR","@id":"https:\/\/institucional.ufrrj.br\/jardimbotanico\/publicacoes-2\/#primaryimage","url":"https:\/\/institucional.ufrrj.br\/jardimbotanico\/files\/2022\/06\/Pesquisas-no-Jardim-Botanico.jpg","contentUrl":"https:\/\/institucional.ufrrj.br\/jardimbotanico\/files\/2022\/06\/Pesquisas-no-Jardim-Botanico.jpg","width":1113,"height":1600},{"@type":"BreadcrumbList","@id":"https:\/\/institucional.ufrrj.br\/jardimbotanico\/publicacoes-2\/#breadcrumb","itemListElement":[{"@type":"ListItem","position":1,"name":"In\u00edcio","item":"https:\/\/institucional.ufrrj.br\/jardimbotanico\/"},{"@type":"ListItem","position":2,"name":"Publica\u00e7\u00f5es"}]},{"@type":"WebSite","@id":"https:\/\/institucional.ufrrj.br\/jardimbotanico\/#website","url":"https:\/\/institucional.ufrrj.br\/jardimbotanico\/","name":"Jardim Bot\u00e2nico da UFRRJ","description":"Universidade Federal Rural do Rio de Janeiro - UFRRJ","potentialAction":[{"@type":"SearchAction","target":{"@type":"EntryPoint","urlTemplate":"https:\/\/institucional.ufrrj.br\/jardimbotanico\/?s={search_term_string}"},"query-input":{"@type":"PropertyValueSpecification","valueRequired":true,"valueName":"search_term_string"}}],"inLanguage":"pt-BR"}]}},"acf":[],"_links":{"self":[{"href":"https:\/\/institucional.ufrrj.br\/jardimbotanico\/wp-json\/wp\/v2\/pages\/377","targetHints":{"allow":["GET"]}}],"collection":[{"href":"https:\/\/institucional.ufrrj.br\/jardimbotanico\/wp-json\/wp\/v2\/pages"}],"about":[{"href":"https:\/\/institucional.ufrrj.br\/jardimbotanico\/wp-json\/wp\/v2\/types\/page"}],"author":[{"embeddable":true,"href":"https:\/\/institucional.ufrrj.br\/jardimbotanico\/wp-json\/wp\/v2\/users\/634"}],"replies":[{"embeddable":true,"href":"https:\/\/institucional.ufrrj.br\/jardimbotanico\/wp-json\/wp\/v2\/comments?post=377"}],"version-history":[{"count":3,"href":"https:\/\/institucional.ufrrj.br\/jardimbotanico\/wp-json\/wp\/v2\/pages\/377\/revisions"}],"predecessor-version":[{"id":606,"href":"https:\/\/institucional.ufrrj.br\/jardimbotanico\/wp-json\/wp\/v2\/pages\/377\/revisions\/606"}],"wp:attachment":[{"href":"https:\/\/institucional.ufrrj.br\/jardimbotanico\/wp-json\/wp\/v2\/media?parent=377"}],"curies":[{"name":"wp","href":"https:\/\/api.w.org\/{rel}","templated":true}]}}