{"id":21,"date":"2019-10-14T21:01:06","date_gmt":"2019-10-14T21:01:06","guid":{"rendered":"http:\/\/institucional.ufrrj.br\/jardimbotanico\/?page_id=21"},"modified":"2019-10-15T00:26:26","modified_gmt":"2019-10-15T00:26:26","slug":"eventos","status":"publish","type":"page","link":"https:\/\/institucional.ufrrj.br\/jardimbotanico\/noticias\/eventos\/","title":{"rendered":"Eventos"},"content":{"rendered":"<p><strong>O Jardim Bot\u00e2nico UFRRJ na SNCT 2019!<\/strong><\/p>\n<p><a href=\"https:\/\/institucional.ufrrj.br\/jardimbotanico\/files\/2019\/10\/SNCT2019_Programa\u00e7\u00e3o.png\" rel=\"lightbox[21]\"><img loading=\"lazy\" decoding=\"async\" class=\"wp-image-329 alignleft\" src=\"https:\/\/institucional.ufrrj.br\/jardimbotanico\/files\/2019\/10\/SNCT2019_Programa\u00e7\u00e3o-300x202.png\" alt=\"\" width=\"342\" height=\"230\" srcset=\"https:\/\/institucional.ufrrj.br\/jardimbotanico\/files\/2019\/10\/SNCT2019_Programa\u00e7\u00e3o-300x202.png 300w, https:\/\/institucional.ufrrj.br\/jardimbotanico\/files\/2019\/10\/SNCT2019_Programa\u00e7\u00e3o-768x517.png 768w, https:\/\/institucional.ufrrj.br\/jardimbotanico\/files\/2019\/10\/SNCT2019_Programa\u00e7\u00e3o.png 800w\" sizes=\"auto, (max-width: 342px) 100vw, 342px\" \/><\/a><\/p>\n<p>&nbsp;<\/p>\n<p>&nbsp;<\/p>\n<p>&nbsp;<\/p>\n<p>&nbsp;<\/p>\n<p>&nbsp;<\/p>\n<p>&nbsp;<\/p>\n<p>&nbsp;<\/p>\n<p>Prezada comunidade,<\/p>\n<p>&nbsp;<\/p>\n<p>No m\u00eas de outubro, durante a Semana Nacional de Ci\u00eancia e Tecnologia, o Jardim Bot\u00e2nico preparou uma quatro dias de atividades voltadas para o nosso p\u00fablico cativo aproveitar o que a nossa Universidade tem melhor. Clique abaixo e confira a programa\u00e7\u00e3o das nossas atividades:<\/p>\n<p><a href=\"https:\/\/institucional.ufrrj.br\/jardimbotanico\/files\/2019\/10\/Calend\u00e1rio-de-atividades.pdf\">Calend\u00e1rio de atividades<\/a><\/p>\n<p>&nbsp;<\/p>\n<p>Al\u00e9m disso, a UFRRJ convidando a todos para conhecer nossos Cursos, Programas e participar de diversas Atividades Cient\u00edficas. Mais informa\u00e7\u00f5es da programa\u00e7\u00e3o completa acesse: http:\/\/snct.im.ufrrj.br\/index.php\/2019\/09\/24\/programacao\/<\/p>\n<p>&nbsp;<\/p>\n<p>&nbsp;<\/p>\n<p>&nbsp;<\/p>\n<p>&nbsp;<\/p>\n","protected":false},"excerpt":{"rendered":"<p>O Jardim Bot\u00e2nico UFRRJ na SNCT 2019! &nbsp; &nbsp; &nbsp; &nbsp; &nbsp; &nbsp; &nbsp; Prezada comunidade, &nbsp; No m\u00eas de <a class=\"read-more\" href=\"https:\/\/institucional.ufrrj.br\/jardimbotanico\/noticias\/eventos\/ \" >&#8230; <span class=\"font-italic\">leia mais <i class=\"fas fa-angle-right\"><\/i><\/span><\/a><\/p>\n","protected":false},"author":625,"featured_media":0,"parent":14,"menu_order":0,"comment_status":"closed","ping_status":"closed","template":"","meta":{"_acf_changed":false,"footnotes":""},"class_list":["post-21","page","type-page","status-publish","hentry"],"yoast_head":"<!-- This site is optimized with the Yoast SEO plugin v27.2 - https:\/\/yoast.com\/product\/yoast-seo-wordpress\/ -->\n<title>Eventos - Jardim Bot\u00e2nico da UFRRJ<\/title>\n<meta name=\"robots\" content=\"index, follow, max-snippet:-1, max-image-preview:large, max-video-preview:-1\" \/>\n<link rel=\"canonical\" href=\"https:\/\/institucional.ufrrj.br\/jardimbotanico\/noticias\/eventos\/\" \/>\n<meta property=\"og:locale\" content=\"pt_BR\" \/>\n<meta property=\"og:type\" content=\"article\" \/>\n<meta property=\"og:title\" content=\"Eventos - Jardim Bot\u00e2nico da UFRRJ\" \/>\n<meta property=\"og:description\" content=\"O Jardim Bot\u00e2nico UFRRJ na SNCT 2019! &nbsp; &nbsp; &nbsp; &nbsp; &nbsp; &nbsp; &nbsp; Prezada comunidade, &nbsp; No m\u00eas de ... leia mais\" \/>\n<meta property=\"og:url\" content=\"https:\/\/institucional.ufrrj.br\/jardimbotanico\/noticias\/eventos\/\" \/>\n<meta property=\"og:site_name\" content=\"Jardim Bot\u00e2nico da UFRRJ\" \/>\n<meta property=\"article:modified_time\" content=\"2019-10-15T00:26:26+00:00\" \/>\n<meta name=\"twitter:card\" content=\"summary_large_image\" \/>\n<meta name=\"twitter:label1\" content=\"Est. tempo de leitura\" \/>\n\t<meta name=\"twitter:data1\" content=\"1 minuto\" \/>\n<script type=\"application\/ld+json\" class=\"yoast-schema-graph\">{\"@context\":\"https:\/\/schema.org\",\"@graph\":[{\"@type\":\"WebPage\",\"@id\":\"https:\/\/institucional.ufrrj.br\/jardimbotanico\/noticias\/eventos\/\",\"url\":\"https:\/\/institucional.ufrrj.br\/jardimbotanico\/noticias\/eventos\/\",\"name\":\"Eventos - Jardim Bot\u00e2nico da UFRRJ\",\"isPartOf\":{\"@id\":\"https:\/\/institucional.ufrrj.br\/jardimbotanico\/#website\"},\"datePublished\":\"2019-10-14T21:01:06+00:00\",\"dateModified\":\"2019-10-15T00:26:26+00:00\",\"breadcrumb\":{\"@id\":\"https:\/\/institucional.ufrrj.br\/jardimbotanico\/noticias\/eventos\/#breadcrumb\"},\"inLanguage\":\"pt-BR\",\"potentialAction\":[{\"@type\":\"ReadAction\",\"target\":[\"https:\/\/institucional.ufrrj.br\/jardimbotanico\/noticias\/eventos\/\"]}]},{\"@type\":\"BreadcrumbList\",\"@id\":\"https:\/\/institucional.ufrrj.br\/jardimbotanico\/noticias\/eventos\/#breadcrumb\",\"itemListElement\":[{\"@type\":\"ListItem\",\"position\":1,\"name\":\"In\u00edcio\",\"item\":\"https:\/\/institucional.ufrrj.br\/jardimbotanico\/\"},{\"@type\":\"ListItem\",\"position\":2,\"name\":\"Not\u00edcias\",\"item\":\"https:\/\/institucional.ufrrj.br\/jardimbotanico\/noticias\/\"},{\"@type\":\"ListItem\",\"position\":3,\"name\":\"Eventos\"}]},{\"@type\":\"WebSite\",\"@id\":\"https:\/\/institucional.ufrrj.br\/jardimbotanico\/#website\",\"url\":\"https:\/\/institucional.ufrrj.br\/jardimbotanico\/\",\"name\":\"Jardim Bot\u00e2nico da UFRRJ\",\"description\":\"Universidade Federal Rural do Rio de Janeiro - UFRRJ\",\"potentialAction\":[{\"@type\":\"SearchAction\",\"target\":{\"@type\":\"EntryPoint\",\"urlTemplate\":\"https:\/\/institucional.ufrrj.br\/jardimbotanico\/?s={search_term_string}\"},\"query-input\":{\"@type\":\"PropertyValueSpecification\",\"valueRequired\":true,\"valueName\":\"search_term_string\"}}],\"inLanguage\":\"pt-BR\"}]}<\/script>\n<!-- \/ Yoast SEO plugin. -->","yoast_head_json":{"title":"Eventos - Jardim Bot\u00e2nico da UFRRJ","robots":{"index":"index","follow":"follow","max-snippet":"max-snippet:-1","max-image-preview":"max-image-preview:large","max-video-preview":"max-video-preview:-1"},"canonical":"https:\/\/institucional.ufrrj.br\/jardimbotanico\/noticias\/eventos\/","og_locale":"pt_BR","og_type":"article","og_title":"Eventos - Jardim Bot\u00e2nico da UFRRJ","og_description":"O Jardim Bot\u00e2nico UFRRJ na SNCT 2019! &nbsp; &nbsp; &nbsp; &nbsp; &nbsp; &nbsp; &nbsp; Prezada comunidade, &nbsp; No m\u00eas de ... leia mais","og_url":"https:\/\/institucional.ufrrj.br\/jardimbotanico\/noticias\/eventos\/","og_site_name":"Jardim Bot\u00e2nico da UFRRJ","article_modified_time":"2019-10-15T00:26:26+00:00","twitter_card":"summary_large_image","twitter_misc":{"Est. tempo de leitura":"1 minuto"},"schema":{"@context":"https:\/\/schema.org","@graph":[{"@type":"WebPage","@id":"https:\/\/institucional.ufrrj.br\/jardimbotanico\/noticias\/eventos\/","url":"https:\/\/institucional.ufrrj.br\/jardimbotanico\/noticias\/eventos\/","name":"Eventos - Jardim Bot\u00e2nico da UFRRJ","isPartOf":{"@id":"https:\/\/institucional.ufrrj.br\/jardimbotanico\/#website"},"datePublished":"2019-10-14T21:01:06+00:00","dateModified":"2019-10-15T00:26:26+00:00","breadcrumb":{"@id":"https:\/\/institucional.ufrrj.br\/jardimbotanico\/noticias\/eventos\/#breadcrumb"},"inLanguage":"pt-BR","potentialAction":[{"@type":"ReadAction","target":["https:\/\/institucional.ufrrj.br\/jardimbotanico\/noticias\/eventos\/"]}]},{"@type":"BreadcrumbList","@id":"https:\/\/institucional.ufrrj.br\/jardimbotanico\/noticias\/eventos\/#breadcrumb","itemListElement":[{"@type":"ListItem","position":1,"name":"In\u00edcio","item":"https:\/\/institucional.ufrrj.br\/jardimbotanico\/"},{"@type":"ListItem","position":2,"name":"Not\u00edcias","item":"https:\/\/institucional.ufrrj.br\/jardimbotanico\/noticias\/"},{"@type":"ListItem","position":3,"name":"Eventos"}]},{"@type":"WebSite","@id":"https:\/\/institucional.ufrrj.br\/jardimbotanico\/#website","url":"https:\/\/institucional.ufrrj.br\/jardimbotanico\/","name":"Jardim Bot\u00e2nico da UFRRJ","description":"Universidade Federal Rural do Rio de Janeiro - UFRRJ","potentialAction":[{"@type":"SearchAction","target":{"@type":"EntryPoint","urlTemplate":"https:\/\/institucional.ufrrj.br\/jardimbotanico\/?s={search_term_string}"},"query-input":{"@type":"PropertyValueSpecification","valueRequired":true,"valueName":"search_term_string"}}],"inLanguage":"pt-BR"}]}},"acf":[],"_links":{"self":[{"href":"https:\/\/institucional.ufrrj.br\/jardimbotanico\/wp-json\/wp\/v2\/pages\/21","targetHints":{"allow":["GET"]}}],"collection":[{"href":"https:\/\/institucional.ufrrj.br\/jardimbotanico\/wp-json\/wp\/v2\/pages"}],"about":[{"href":"https:\/\/institucional.ufrrj.br\/jardimbotanico\/wp-json\/wp\/v2\/types\/page"}],"author":[{"embeddable":true,"href":"https:\/\/institucional.ufrrj.br\/jardimbotanico\/wp-json\/wp\/v2\/users\/625"}],"replies":[{"embeddable":true,"href":"https:\/\/institucional.ufrrj.br\/jardimbotanico\/wp-json\/wp\/v2\/comments?post=21"}],"version-history":[{"count":6,"href":"https:\/\/institucional.ufrrj.br\/jardimbotanico\/wp-json\/wp\/v2\/pages\/21\/revisions"}],"predecessor-version":[{"id":335,"href":"https:\/\/institucional.ufrrj.br\/jardimbotanico\/wp-json\/wp\/v2\/pages\/21\/revisions\/335"}],"up":[{"embeddable":true,"href":"https:\/\/institucional.ufrrj.br\/jardimbotanico\/wp-json\/wp\/v2\/pages\/14"}],"wp:attachment":[{"href":"https:\/\/institucional.ufrrj.br\/jardimbotanico\/wp-json\/wp\/v2\/media?parent=21"}],"curies":[{"name":"wp","href":"https:\/\/api.w.org\/{rel}","templated":true}]}}