{"id":19,"date":"2016-07-29T14:00:55","date_gmt":"2016-07-29T14:00:55","guid":{"rendered":"http:\/\/institucional.ufrrj.br\/jardimbotanico\/?page_id=19"},"modified":"2019-10-15T01:32:57","modified_gmt":"2019-10-15T01:32:57","slug":"objetivo","status":"publish","type":"page","link":"https:\/\/institucional.ufrrj.br\/jardimbotanico\/objetivo\/","title":{"rendered":"Objetivo"},"content":{"rendered":"<p>O Jardim Bot\u00e2nico da UFRRJ, assim com outros de sua categoria, tem como proposta o desenvolvimento de atividades voltadas \u00e0 educa\u00e7\u00e3o (principalmente, educa\u00e7\u00e3o ambiental), extens\u00e3o e pesquisa. De acordo com a Resolu\u00e7\u00e3o CONAMA n\u00ba 266, de 03 de agosto de 2000, no Art. 2\u00ba s\u00e3o estabelecidos os objetivos dos jardins bot\u00e2nicos: \u201cI &#8211; promover a pesquisa, a conserva\u00e7\u00e3o, a preserva\u00e7\u00e3o, a educa\u00e7\u00e3o ambiental e o lazer compat\u00edvel com a finalidade de difundir o valor multicultural das plantas e sua utiliza\u00e7\u00e3o sustent\u00e1vel\u201d.<\/p>\n<p>Os objetivos gerais do Jardim Bot\u00e2nico da UFRRJ, s\u00e3o:<\/p>\n<ol>\n<li style=\"text-align: justify\">Plantar, reproduzir, manter, ampliar e exibir cole\u00e7\u00f5es de plantas vivas e conservadas da flora nativa e ex\u00f3tica em estruturas adequadas, e outras cole\u00e7\u00f5es como carpoteca, xiloteca, herb\u00e1rio;<\/li>\n<li style=\"text-align: justify\">Manter a\u00e7\u00f5es diretas de conserva\u00e7\u00e3o de esp\u00e9cies da flora nativa, desenvolver e difundir programas de pesquisa cient\u00edfica, visando \u00e0 conserva\u00e7\u00e3o da flora nacional, desenvolvendo atividades de interesse bot\u00e2nico e \u00e1reas correlatas;<\/li>\n<li style=\"text-align: justify\">Desenvolver e manter programas de capacita\u00e7\u00e3o de recursos humanos nos campos relacionados \u00e0 bot\u00e2nica, educa\u00e7\u00e3o ambiental, ecologia, silvicultura e gest\u00e3o de \u00e1reas protegidas, entre outras;<\/li>\n<li style=\"text-align: justify\">Promover interc\u00e2mbio de conhecimentos e informa\u00e7\u00f5es com institui\u00e7\u00f5es afins de \u00e2mbito nacional e internacional, bem como com outras unidades de conserva\u00e7\u00e3o;<\/li>\n<li style=\"text-align: justify\">Cuidar da estrutura local, mantendo e melhorando suas depend\u00eancias e infraestrutura possibilitando o crescimento do acervo local.<\/li>\n<\/ol>\n","protected":false},"excerpt":{"rendered":"<p>O Jardim Bot\u00e2nico da UFRRJ, assim com outros de sua categoria, tem como proposta o desenvolvimento de atividades voltadas \u00e0 <a class=\"read-more\" href=\"https:\/\/institucional.ufrrj.br\/jardimbotanico\/objetivo\/ \" >&#8230; <span class=\"font-italic\">leia mais <i class=\"fas fa-angle-right\"><\/i><\/span><\/a><\/p>\n","protected":false},"author":625,"featured_media":0,"parent":0,"menu_order":0,"comment_status":"closed","ping_status":"closed","template":"","meta":{"_acf_changed":false,"footnotes":""},"class_list":["post-19","page","type-page","status-publish","hentry"],"yoast_head":"<!-- This site is optimized with the Yoast SEO plugin v27.2 - https:\/\/yoast.com\/product\/yoast-seo-wordpress\/ -->\n<title>Objetivo - Jardim Bot\u00e2nico da UFRRJ<\/title>\n<meta name=\"robots\" content=\"index, follow, max-snippet:-1, max-image-preview:large, max-video-preview:-1\" \/>\n<link rel=\"canonical\" href=\"https:\/\/institucional.ufrrj.br\/jardimbotanico\/objetivo\/\" \/>\n<meta property=\"og:locale\" content=\"pt_BR\" \/>\n<meta property=\"og:type\" content=\"article\" \/>\n<meta property=\"og:title\" content=\"Objetivo - Jardim Bot\u00e2nico da UFRRJ\" \/>\n<meta property=\"og:description\" content=\"O Jardim Bot\u00e2nico da UFRRJ, assim com outros de sua categoria, tem como proposta o desenvolvimento de atividades voltadas \u00e0 ... leia mais\" \/>\n<meta property=\"og:url\" content=\"https:\/\/institucional.ufrrj.br\/jardimbotanico\/objetivo\/\" \/>\n<meta property=\"og:site_name\" content=\"Jardim Bot\u00e2nico da UFRRJ\" \/>\n<meta property=\"article:modified_time\" content=\"2019-10-15T01:32:57+00:00\" \/>\n<meta name=\"twitter:card\" content=\"summary_large_image\" \/>\n<meta name=\"twitter:label1\" content=\"Est. tempo de leitura\" \/>\n\t<meta name=\"twitter:data1\" content=\"1 minuto\" \/>\n<script type=\"application\/ld+json\" class=\"yoast-schema-graph\">{\"@context\":\"https:\/\/schema.org\",\"@graph\":[{\"@type\":\"WebPage\",\"@id\":\"https:\/\/institucional.ufrrj.br\/jardimbotanico\/objetivo\/\",\"url\":\"https:\/\/institucional.ufrrj.br\/jardimbotanico\/objetivo\/\",\"name\":\"Objetivo - Jardim Bot\u00e2nico da UFRRJ\",\"isPartOf\":{\"@id\":\"https:\/\/institucional.ufrrj.br\/jardimbotanico\/#website\"},\"datePublished\":\"2016-07-29T14:00:55+00:00\",\"dateModified\":\"2019-10-15T01:32:57+00:00\",\"breadcrumb\":{\"@id\":\"https:\/\/institucional.ufrrj.br\/jardimbotanico\/objetivo\/#breadcrumb\"},\"inLanguage\":\"pt-BR\",\"potentialAction\":[{\"@type\":\"ReadAction\",\"target\":[\"https:\/\/institucional.ufrrj.br\/jardimbotanico\/objetivo\/\"]}]},{\"@type\":\"BreadcrumbList\",\"@id\":\"https:\/\/institucional.ufrrj.br\/jardimbotanico\/objetivo\/#breadcrumb\",\"itemListElement\":[{\"@type\":\"ListItem\",\"position\":1,\"name\":\"In\u00edcio\",\"item\":\"https:\/\/institucional.ufrrj.br\/jardimbotanico\/\"},{\"@type\":\"ListItem\",\"position\":2,\"name\":\"Objetivo\"}]},{\"@type\":\"WebSite\",\"@id\":\"https:\/\/institucional.ufrrj.br\/jardimbotanico\/#website\",\"url\":\"https:\/\/institucional.ufrrj.br\/jardimbotanico\/\",\"name\":\"Jardim Bot\u00e2nico da UFRRJ\",\"description\":\"Universidade Federal Rural do Rio de Janeiro - UFRRJ\",\"potentialAction\":[{\"@type\":\"SearchAction\",\"target\":{\"@type\":\"EntryPoint\",\"urlTemplate\":\"https:\/\/institucional.ufrrj.br\/jardimbotanico\/?s={search_term_string}\"},\"query-input\":{\"@type\":\"PropertyValueSpecification\",\"valueRequired\":true,\"valueName\":\"search_term_string\"}}],\"inLanguage\":\"pt-BR\"}]}<\/script>\n<!-- \/ Yoast SEO plugin. -->","yoast_head_json":{"title":"Objetivo - Jardim Bot\u00e2nico da UFRRJ","robots":{"index":"index","follow":"follow","max-snippet":"max-snippet:-1","max-image-preview":"max-image-preview:large","max-video-preview":"max-video-preview:-1"},"canonical":"https:\/\/institucional.ufrrj.br\/jardimbotanico\/objetivo\/","og_locale":"pt_BR","og_type":"article","og_title":"Objetivo - Jardim Bot\u00e2nico da UFRRJ","og_description":"O Jardim Bot\u00e2nico da UFRRJ, assim com outros de sua categoria, tem como proposta o desenvolvimento de atividades voltadas \u00e0 ... leia mais","og_url":"https:\/\/institucional.ufrrj.br\/jardimbotanico\/objetivo\/","og_site_name":"Jardim Bot\u00e2nico da UFRRJ","article_modified_time":"2019-10-15T01:32:57+00:00","twitter_card":"summary_large_image","twitter_misc":{"Est. tempo de leitura":"1 minuto"},"schema":{"@context":"https:\/\/schema.org","@graph":[{"@type":"WebPage","@id":"https:\/\/institucional.ufrrj.br\/jardimbotanico\/objetivo\/","url":"https:\/\/institucional.ufrrj.br\/jardimbotanico\/objetivo\/","name":"Objetivo - Jardim Bot\u00e2nico da UFRRJ","isPartOf":{"@id":"https:\/\/institucional.ufrrj.br\/jardimbotanico\/#website"},"datePublished":"2016-07-29T14:00:55+00:00","dateModified":"2019-10-15T01:32:57+00:00","breadcrumb":{"@id":"https:\/\/institucional.ufrrj.br\/jardimbotanico\/objetivo\/#breadcrumb"},"inLanguage":"pt-BR","potentialAction":[{"@type":"ReadAction","target":["https:\/\/institucional.ufrrj.br\/jardimbotanico\/objetivo\/"]}]},{"@type":"BreadcrumbList","@id":"https:\/\/institucional.ufrrj.br\/jardimbotanico\/objetivo\/#breadcrumb","itemListElement":[{"@type":"ListItem","position":1,"name":"In\u00edcio","item":"https:\/\/institucional.ufrrj.br\/jardimbotanico\/"},{"@type":"ListItem","position":2,"name":"Objetivo"}]},{"@type":"WebSite","@id":"https:\/\/institucional.ufrrj.br\/jardimbotanico\/#website","url":"https:\/\/institucional.ufrrj.br\/jardimbotanico\/","name":"Jardim Bot\u00e2nico da UFRRJ","description":"Universidade Federal Rural do Rio de Janeiro - UFRRJ","potentialAction":[{"@type":"SearchAction","target":{"@type":"EntryPoint","urlTemplate":"https:\/\/institucional.ufrrj.br\/jardimbotanico\/?s={search_term_string}"},"query-input":{"@type":"PropertyValueSpecification","valueRequired":true,"valueName":"search_term_string"}}],"inLanguage":"pt-BR"}]}},"acf":[],"_links":{"self":[{"href":"https:\/\/institucional.ufrrj.br\/jardimbotanico\/wp-json\/wp\/v2\/pages\/19","targetHints":{"allow":["GET"]}}],"collection":[{"href":"https:\/\/institucional.ufrrj.br\/jardimbotanico\/wp-json\/wp\/v2\/pages"}],"about":[{"href":"https:\/\/institucional.ufrrj.br\/jardimbotanico\/wp-json\/wp\/v2\/types\/page"}],"author":[{"embeddable":true,"href":"https:\/\/institucional.ufrrj.br\/jardimbotanico\/wp-json\/wp\/v2\/users\/625"}],"replies":[{"embeddable":true,"href":"https:\/\/institucional.ufrrj.br\/jardimbotanico\/wp-json\/wp\/v2\/comments?post=19"}],"version-history":[{"count":4,"href":"https:\/\/institucional.ufrrj.br\/jardimbotanico\/wp-json\/wp\/v2\/pages\/19\/revisions"}],"predecessor-version":[{"id":86,"href":"https:\/\/institucional.ufrrj.br\/jardimbotanico\/wp-json\/wp\/v2\/pages\/19\/revisions\/86"}],"wp:attachment":[{"href":"https:\/\/institucional.ufrrj.br\/jardimbotanico\/wp-json\/wp\/v2\/media?parent=19"}],"curies":[{"name":"wp","href":"https:\/\/api.w.org\/{rel}","templated":true}]}}