{"id":100,"date":"2016-08-08T18:38:49","date_gmt":"2016-08-08T18:38:49","guid":{"rendered":"http:\/\/institucional.ufrrj.br\/jardimbotanico\/?page_id=100"},"modified":"2019-09-06T16:41:43","modified_gmt":"2019-09-06T16:41:43","slug":"historico","status":"publish","type":"page","link":"https:\/\/institucional.ufrrj.br\/jardimbotanico\/historico\/","title":{"rendered":"Hist\u00f3rico"},"content":{"rendered":"<p style=\"text-align: justify\">\u00a0 \u00a0 \u00a0 \u00a0 \u00a0 O Jardim Bot\u00e2nico\/UFRRJ foi fundado em 1980 e inicialmente institu\u00eddo como \u00d3rg\u00e3o do Instituto de Biologia (Atual Instituto de Ci\u00eancias Biol\u00f3gicas e da Sa\u00fade), para servir \u00e0s aulas e disciplinas oferecidas pelo Departamento de Bot\u00e2nica aos diversos cursos relacionados, bem como \u00e0\u00a0pesquisa. Posteriormente, passou \u00e0 administra\u00e7\u00e3o direta da Reitoria Universit\u00e1ria e ainda ao Decanato de Extens\u00e3o (Atualmente Pr\u00f3-Reitoria de Extens\u00e3o), estando atualmente subordinado a Pr\u00f3-Reitoria de Pesquisa e P\u00f3s-Gradua\u00e7\u00e3o desde o ano de 2005. Al\u00e9m da Educa\u00e7\u00e3o Ambiental, nesse \u00faltimo per\u00edodo as atividades de pesquisa passaram a ocupar cen\u00e1rio de destaque no Jardim Bot\u00e2nico\/UFRRJ, como apontam as leis federais e conven\u00e7\u00f5es e normas internacionais que tratam dos Jardins Bot\u00e2nicos.<\/p>\n<p style=\"text-align: justify\">\u00a0 \u00a0 Visando o cumprimento das metas assumidas internacionalmente, a legisla\u00e7\u00e3o brasileira estabeleceu as normas de funcionamento dos Jardins Bot\u00e2nicos nacionais, nas quais aqueles que almejam seu registro federal devem se enquadrar. Para sua comprova\u00e7\u00e3o, al\u00e9m de todos os documentos ligados a sua funda\u00e7\u00e3o, estrutura, administra\u00e7\u00e3o, funcionamento, miss\u00e3o, metas e todas as informa\u00e7\u00f5es relacionadas as diferentes cole\u00e7\u00f5es de plantas, devem ser comprovados. Dentre os in\u00fameros quesitos obrigat\u00f3rios, \u00e9 imperativo a comprova\u00e7\u00e3o de plantio de mudas de esp\u00e9cies nativas e do desenvolvimento de atividades de pesquisa e de educa\u00e7\u00e3o ambiental. O Registro oficial do Jardim Bot\u00e2nico da UFRRJ junto ao Minist\u00e9rio do Meio Ambiente na Categoria C foi finalmente obtido em 2012, aprovado sem pend\u00eancias, juntamente com outros jardins bot\u00e2nicos brasileiros.<\/p>\n","protected":false},"excerpt":{"rendered":"<p>\u00a0 \u00a0 \u00a0 \u00a0 \u00a0 O Jardim Bot\u00e2nico\/UFRRJ foi fundado em 1980 e inicialmente institu\u00eddo como \u00d3rg\u00e3o do Instituto de <a class=\"read-more\" href=\"https:\/\/institucional.ufrrj.br\/jardimbotanico\/historico\/ \" >&#8230; <span class=\"font-italic\">leia mais <i class=\"fas fa-angle-right\"><\/i><\/span><\/a><\/p>\n","protected":false},"author":625,"featured_media":0,"parent":0,"menu_order":0,"comment_status":"closed","ping_status":"closed","template":"","meta":{"_acf_changed":false,"footnotes":""},"class_list":["post-100","page","type-page","status-publish","hentry"],"yoast_head":"<!-- This site is optimized with the Yoast SEO plugin v27.2 - https:\/\/yoast.com\/product\/yoast-seo-wordpress\/ -->\n<title>Hist\u00f3rico - Jardim Bot\u00e2nico da UFRRJ<\/title>\n<meta name=\"robots\" content=\"index, follow, max-snippet:-1, max-image-preview:large, max-video-preview:-1\" \/>\n<link rel=\"canonical\" href=\"https:\/\/institucional.ufrrj.br\/jardimbotanico\/historico\/\" \/>\n<meta property=\"og:locale\" content=\"pt_BR\" \/>\n<meta property=\"og:type\" content=\"article\" \/>\n<meta property=\"og:title\" content=\"Hist\u00f3rico - Jardim Bot\u00e2nico da UFRRJ\" \/>\n<meta property=\"og:description\" content=\"\u00a0 \u00a0 \u00a0 \u00a0 \u00a0 O Jardim Bot\u00e2nico\/UFRRJ foi fundado em 1980 e inicialmente institu\u00eddo como \u00d3rg\u00e3o do Instituto de ... leia mais\" \/>\n<meta property=\"og:url\" content=\"https:\/\/institucional.ufrrj.br\/jardimbotanico\/historico\/\" \/>\n<meta property=\"og:site_name\" content=\"Jardim Bot\u00e2nico da UFRRJ\" \/>\n<meta property=\"article:modified_time\" content=\"2019-09-06T16:41:43+00:00\" \/>\n<meta name=\"twitter:card\" content=\"summary_large_image\" \/>\n<meta name=\"twitter:label1\" content=\"Est. tempo de leitura\" \/>\n\t<meta name=\"twitter:data1\" content=\"1 minuto\" \/>\n<script type=\"application\/ld+json\" class=\"yoast-schema-graph\">{\"@context\":\"https:\/\/schema.org\",\"@graph\":[{\"@type\":\"WebPage\",\"@id\":\"https:\/\/institucional.ufrrj.br\/jardimbotanico\/historico\/\",\"url\":\"https:\/\/institucional.ufrrj.br\/jardimbotanico\/historico\/\",\"name\":\"Hist\u00f3rico - Jardim Bot\u00e2nico da UFRRJ\",\"isPartOf\":{\"@id\":\"https:\/\/institucional.ufrrj.br\/jardimbotanico\/#website\"},\"datePublished\":\"2016-08-08T18:38:49+00:00\",\"dateModified\":\"2019-09-06T16:41:43+00:00\",\"breadcrumb\":{\"@id\":\"https:\/\/institucional.ufrrj.br\/jardimbotanico\/historico\/#breadcrumb\"},\"inLanguage\":\"pt-BR\",\"potentialAction\":[{\"@type\":\"ReadAction\",\"target\":[\"https:\/\/institucional.ufrrj.br\/jardimbotanico\/historico\/\"]}]},{\"@type\":\"BreadcrumbList\",\"@id\":\"https:\/\/institucional.ufrrj.br\/jardimbotanico\/historico\/#breadcrumb\",\"itemListElement\":[{\"@type\":\"ListItem\",\"position\":1,\"name\":\"In\u00edcio\",\"item\":\"https:\/\/institucional.ufrrj.br\/jardimbotanico\/\"},{\"@type\":\"ListItem\",\"position\":2,\"name\":\"Hist\u00f3rico\"}]},{\"@type\":\"WebSite\",\"@id\":\"https:\/\/institucional.ufrrj.br\/jardimbotanico\/#website\",\"url\":\"https:\/\/institucional.ufrrj.br\/jardimbotanico\/\",\"name\":\"Jardim Bot\u00e2nico da UFRRJ\",\"description\":\"Universidade Federal Rural do Rio de Janeiro - UFRRJ\",\"potentialAction\":[{\"@type\":\"SearchAction\",\"target\":{\"@type\":\"EntryPoint\",\"urlTemplate\":\"https:\/\/institucional.ufrrj.br\/jardimbotanico\/?s={search_term_string}\"},\"query-input\":{\"@type\":\"PropertyValueSpecification\",\"valueRequired\":true,\"valueName\":\"search_term_string\"}}],\"inLanguage\":\"pt-BR\"}]}<\/script>\n<!-- \/ Yoast SEO plugin. -->","yoast_head_json":{"title":"Hist\u00f3rico - Jardim Bot\u00e2nico da UFRRJ","robots":{"index":"index","follow":"follow","max-snippet":"max-snippet:-1","max-image-preview":"max-image-preview:large","max-video-preview":"max-video-preview:-1"},"canonical":"https:\/\/institucional.ufrrj.br\/jardimbotanico\/historico\/","og_locale":"pt_BR","og_type":"article","og_title":"Hist\u00f3rico - Jardim Bot\u00e2nico da UFRRJ","og_description":"\u00a0 \u00a0 \u00a0 \u00a0 \u00a0 O Jardim Bot\u00e2nico\/UFRRJ foi fundado em 1980 e inicialmente institu\u00eddo como \u00d3rg\u00e3o do Instituto de ... leia mais","og_url":"https:\/\/institucional.ufrrj.br\/jardimbotanico\/historico\/","og_site_name":"Jardim Bot\u00e2nico da UFRRJ","article_modified_time":"2019-09-06T16:41:43+00:00","twitter_card":"summary_large_image","twitter_misc":{"Est. tempo de leitura":"1 minuto"},"schema":{"@context":"https:\/\/schema.org","@graph":[{"@type":"WebPage","@id":"https:\/\/institucional.ufrrj.br\/jardimbotanico\/historico\/","url":"https:\/\/institucional.ufrrj.br\/jardimbotanico\/historico\/","name":"Hist\u00f3rico - Jardim Bot\u00e2nico da UFRRJ","isPartOf":{"@id":"https:\/\/institucional.ufrrj.br\/jardimbotanico\/#website"},"datePublished":"2016-08-08T18:38:49+00:00","dateModified":"2019-09-06T16:41:43+00:00","breadcrumb":{"@id":"https:\/\/institucional.ufrrj.br\/jardimbotanico\/historico\/#breadcrumb"},"inLanguage":"pt-BR","potentialAction":[{"@type":"ReadAction","target":["https:\/\/institucional.ufrrj.br\/jardimbotanico\/historico\/"]}]},{"@type":"BreadcrumbList","@id":"https:\/\/institucional.ufrrj.br\/jardimbotanico\/historico\/#breadcrumb","itemListElement":[{"@type":"ListItem","position":1,"name":"In\u00edcio","item":"https:\/\/institucional.ufrrj.br\/jardimbotanico\/"},{"@type":"ListItem","position":2,"name":"Hist\u00f3rico"}]},{"@type":"WebSite","@id":"https:\/\/institucional.ufrrj.br\/jardimbotanico\/#website","url":"https:\/\/institucional.ufrrj.br\/jardimbotanico\/","name":"Jardim Bot\u00e2nico da UFRRJ","description":"Universidade Federal Rural do Rio de Janeiro - UFRRJ","potentialAction":[{"@type":"SearchAction","target":{"@type":"EntryPoint","urlTemplate":"https:\/\/institucional.ufrrj.br\/jardimbotanico\/?s={search_term_string}"},"query-input":{"@type":"PropertyValueSpecification","valueRequired":true,"valueName":"search_term_string"}}],"inLanguage":"pt-BR"}]}},"acf":[],"_links":{"self":[{"href":"https:\/\/institucional.ufrrj.br\/jardimbotanico\/wp-json\/wp\/v2\/pages\/100","targetHints":{"allow":["GET"]}}],"collection":[{"href":"https:\/\/institucional.ufrrj.br\/jardimbotanico\/wp-json\/wp\/v2\/pages"}],"about":[{"href":"https:\/\/institucional.ufrrj.br\/jardimbotanico\/wp-json\/wp\/v2\/types\/page"}],"author":[{"embeddable":true,"href":"https:\/\/institucional.ufrrj.br\/jardimbotanico\/wp-json\/wp\/v2\/users\/625"}],"replies":[{"embeddable":true,"href":"https:\/\/institucional.ufrrj.br\/jardimbotanico\/wp-json\/wp\/v2\/comments?post=100"}],"version-history":[{"count":1,"href":"https:\/\/institucional.ufrrj.br\/jardimbotanico\/wp-json\/wp\/v2\/pages\/100\/revisions"}],"predecessor-version":[{"id":101,"href":"https:\/\/institucional.ufrrj.br\/jardimbotanico\/wp-json\/wp\/v2\/pages\/100\/revisions\/101"}],"wp:attachment":[{"href":"https:\/\/institucional.ufrrj.br\/jardimbotanico\/wp-json\/wp\/v2\/media?parent=100"}],"curies":[{"name":"wp","href":"https:\/\/api.w.org\/{rel}","templated":true}]}}