{"id":31,"date":"2019-06-24T10:39:38","date_gmt":"2019-06-24T13:39:38","guid":{"rendered":"http:\/\/institucional.ufrrj.br\/integridade\/?page_id=31"},"modified":"2022-09-14T11:27:14","modified_gmt":"2022-09-14T14:27:14","slug":"equipe","status":"publish","type":"page","link":"https:\/\/institucional.ufrrj.br\/integridade\/equipe\/","title":{"rendered":"Equipe"},"content":{"rendered":"<ul>\n<li><strong>Ana Beatriz Gon\u00e7alves Rosa Silva Paz &#8211; Coordenadora<\/strong><\/li>\n<\/ul>\n<p>Advogada. Assistente em Administra\u00e7\u00e3o lotada no N\u00facleo de Legisla\u00e7\u00e3o e Normas de Pessoal junto \u00e0 Pr\u00f3-Reitoria de Gest\u00e3o de Pessoas. Pesquisadora e Mestranda em direito na UNIRIO.<\/p>\n<p>&nbsp;<\/p>\n<ul>\n<li><strong>Isabela Dias Ferreira &#8211; Vice Coordenadora<\/strong><\/li>\n<\/ul>\n<p>Gestora P\u00fablica. Assistente em Administra\u00e7\u00e3o lotada na Coordena\u00e7\u00e3o de Aposentadorias e Pens\u00f5es. Mestranda na UFRRJ.<\/p>\n<p>&nbsp;<\/p>\n<ul>\n<li><strong>Hugo Neves Delgado<\/strong><\/li>\n<\/ul>\n<p>Administrador lotado na Pr\u00f3-Reitoria de Planejamento e Desenvolvimento Institucional.<\/p>\n<p>&nbsp;<\/p>\n<ul>\n<li><strong>Renata Lacerda Cosme de Oliveira<\/strong><\/li>\n<\/ul>\n<p>Advogada. Ouvidora.<\/p>\n<p>&nbsp;<\/p>\n<ul>\n<li><strong>C\u00e1tia Peixoto dos Santos<\/strong><\/li>\n<\/ul>\n<p>Assistente em Administra\u00e7\u00e3o. Comiss\u00e3o de \u00e9tica.<\/p>\n","protected":false},"excerpt":{"rendered":"<p>Ana Beatriz Gon\u00e7alves Rosa Silva Paz &#8211; Coordenadora Advogada. Assistente em Administra\u00e7\u00e3o lotada no N\u00facleo de Legisla\u00e7\u00e3o e Normas de <a class=\"read-more\" href=\"https:\/\/institucional.ufrrj.br\/integridade\/equipe\/ \" >&#8230; <span class=\"font-italic\">leia mais <i class=\"fas fa-angle-right\"><\/i><\/span><\/a><\/p>\n","protected":false},"author":634,"featured_media":0,"parent":0,"menu_order":0,"comment_status":"closed","ping_status":"closed","template":"","meta":{"footnotes":""},"class_list":["post-31","page","type-page","status-publish","hentry"],"yoast_head":"<!-- This site is optimized with the Yoast SEO plugin v27.2 - https:\/\/yoast.com\/product\/yoast-seo-wordpress\/ -->\n<title>Equipe - Integridade<\/title>\n<meta name=\"robots\" content=\"index, follow, max-snippet:-1, max-image-preview:large, max-video-preview:-1\" \/>\n<link rel=\"canonical\" href=\"https:\/\/institucional.ufrrj.br\/integridade\/equipe\/\" \/>\n<meta property=\"og:locale\" content=\"pt_BR\" \/>\n<meta property=\"og:type\" content=\"article\" \/>\n<meta property=\"og:title\" content=\"Equipe - Integridade\" \/>\n<meta property=\"og:description\" content=\"Ana Beatriz Gon\u00e7alves Rosa Silva Paz &#8211; Coordenadora Advogada. Assistente em Administra\u00e7\u00e3o lotada no N\u00facleo de Legisla\u00e7\u00e3o e Normas de ... leia mais\" \/>\n<meta property=\"og:url\" content=\"https:\/\/institucional.ufrrj.br\/integridade\/equipe\/\" \/>\n<meta property=\"og:site_name\" content=\"Integridade\" \/>\n<meta property=\"article:modified_time\" content=\"2022-09-14T14:27:14+00:00\" \/>\n<meta name=\"twitter:card\" content=\"summary_large_image\" \/>\n<meta name=\"twitter:label1\" content=\"Est. tempo de leitura\" \/>\n\t<meta name=\"twitter:data1\" content=\"1 minuto\" \/>\n<script type=\"application\/ld+json\" class=\"yoast-schema-graph\">{\"@context\":\"https:\/\/schema.org\",\"@graph\":[{\"@type\":\"WebPage\",\"@id\":\"https:\/\/institucional.ufrrj.br\/integridade\/equipe\/\",\"url\":\"https:\/\/institucional.ufrrj.br\/integridade\/equipe\/\",\"name\":\"Equipe - Integridade\",\"isPartOf\":{\"@id\":\"https:\/\/institucional.ufrrj.br\/integridade\/#website\"},\"datePublished\":\"2019-06-24T13:39:38+00:00\",\"dateModified\":\"2022-09-14T14:27:14+00:00\",\"breadcrumb\":{\"@id\":\"https:\/\/institucional.ufrrj.br\/integridade\/equipe\/#breadcrumb\"},\"inLanguage\":\"pt-BR\",\"potentialAction\":[{\"@type\":\"ReadAction\",\"target\":[\"https:\/\/institucional.ufrrj.br\/integridade\/equipe\/\"]}]},{\"@type\":\"BreadcrumbList\",\"@id\":\"https:\/\/institucional.ufrrj.br\/integridade\/equipe\/#breadcrumb\",\"itemListElement\":[{\"@type\":\"ListItem\",\"position\":1,\"name\":\"In\u00edcio\",\"item\":\"https:\/\/institucional.ufrrj.br\/integridade\/\"},{\"@type\":\"ListItem\",\"position\":2,\"name\":\"Equipe\"}]},{\"@type\":\"WebSite\",\"@id\":\"https:\/\/institucional.ufrrj.br\/integridade\/#website\",\"url\":\"https:\/\/institucional.ufrrj.br\/integridade\/\",\"name\":\"Integridade\",\"description\":\"S\u00f3 mais um site institucional.ufrrj.br\",\"potentialAction\":[{\"@type\":\"SearchAction\",\"target\":{\"@type\":\"EntryPoint\",\"urlTemplate\":\"https:\/\/institucional.ufrrj.br\/integridade\/?s={search_term_string}\"},\"query-input\":{\"@type\":\"PropertyValueSpecification\",\"valueRequired\":true,\"valueName\":\"search_term_string\"}}],\"inLanguage\":\"pt-BR\"}]}<\/script>\n<!-- \/ Yoast SEO plugin. -->","yoast_head_json":{"title":"Equipe - Integridade","robots":{"index":"index","follow":"follow","max-snippet":"max-snippet:-1","max-image-preview":"max-image-preview:large","max-video-preview":"max-video-preview:-1"},"canonical":"https:\/\/institucional.ufrrj.br\/integridade\/equipe\/","og_locale":"pt_BR","og_type":"article","og_title":"Equipe - Integridade","og_description":"Ana Beatriz Gon\u00e7alves Rosa Silva Paz &#8211; Coordenadora Advogada. Assistente em Administra\u00e7\u00e3o lotada no N\u00facleo de Legisla\u00e7\u00e3o e Normas de ... leia mais","og_url":"https:\/\/institucional.ufrrj.br\/integridade\/equipe\/","og_site_name":"Integridade","article_modified_time":"2022-09-14T14:27:14+00:00","twitter_card":"summary_large_image","twitter_misc":{"Est. tempo de leitura":"1 minuto"},"schema":{"@context":"https:\/\/schema.org","@graph":[{"@type":"WebPage","@id":"https:\/\/institucional.ufrrj.br\/integridade\/equipe\/","url":"https:\/\/institucional.ufrrj.br\/integridade\/equipe\/","name":"Equipe - Integridade","isPartOf":{"@id":"https:\/\/institucional.ufrrj.br\/integridade\/#website"},"datePublished":"2019-06-24T13:39:38+00:00","dateModified":"2022-09-14T14:27:14+00:00","breadcrumb":{"@id":"https:\/\/institucional.ufrrj.br\/integridade\/equipe\/#breadcrumb"},"inLanguage":"pt-BR","potentialAction":[{"@type":"ReadAction","target":["https:\/\/institucional.ufrrj.br\/integridade\/equipe\/"]}]},{"@type":"BreadcrumbList","@id":"https:\/\/institucional.ufrrj.br\/integridade\/equipe\/#breadcrumb","itemListElement":[{"@type":"ListItem","position":1,"name":"In\u00edcio","item":"https:\/\/institucional.ufrrj.br\/integridade\/"},{"@type":"ListItem","position":2,"name":"Equipe"}]},{"@type":"WebSite","@id":"https:\/\/institucional.ufrrj.br\/integridade\/#website","url":"https:\/\/institucional.ufrrj.br\/integridade\/","name":"Integridade","description":"S\u00f3 mais um site institucional.ufrrj.br","potentialAction":[{"@type":"SearchAction","target":{"@type":"EntryPoint","urlTemplate":"https:\/\/institucional.ufrrj.br\/integridade\/?s={search_term_string}"},"query-input":{"@type":"PropertyValueSpecification","valueRequired":true,"valueName":"search_term_string"}}],"inLanguage":"pt-BR"}]}},"_links":{"self":[{"href":"https:\/\/institucional.ufrrj.br\/integridade\/wp-json\/wp\/v2\/pages\/31","targetHints":{"allow":["GET"]}}],"collection":[{"href":"https:\/\/institucional.ufrrj.br\/integridade\/wp-json\/wp\/v2\/pages"}],"about":[{"href":"https:\/\/institucional.ufrrj.br\/integridade\/wp-json\/wp\/v2\/types\/page"}],"author":[{"embeddable":true,"href":"https:\/\/institucional.ufrrj.br\/integridade\/wp-json\/wp\/v2\/users\/634"}],"replies":[{"embeddable":true,"href":"https:\/\/institucional.ufrrj.br\/integridade\/wp-json\/wp\/v2\/comments?post=31"}],"version-history":[{"count":5,"href":"https:\/\/institucional.ufrrj.br\/integridade\/wp-json\/wp\/v2\/pages\/31\/revisions"}],"predecessor-version":[{"id":45,"href":"https:\/\/institucional.ufrrj.br\/integridade\/wp-json\/wp\/v2\/pages\/31\/revisions\/45"}],"wp:attachment":[{"href":"https:\/\/institucional.ufrrj.br\/integridade\/wp-json\/wp\/v2\/media?parent=31"}],"curies":[{"name":"wp","href":"https:\/\/api.w.org\/{rel}","templated":true}]}}