{"id":619,"date":"2023-07-06T15:21:29","date_gmt":"2023-07-06T18:21:29","guid":{"rendered":"https:\/\/institucional.ufrrj.br\/ineagro\/?page_id=619"},"modified":"2024-04-29T14:58:20","modified_gmt":"2024-04-29T17:58:20","slug":"empresas-graduadas","status":"publish","type":"page","link":"https:\/\/institucional.ufrrj.br\/ineagro\/empresas-graduadas\/","title":{"rendered":"Empresas Graduadas"},"content":{"rendered":"<h4><b>\u00a0 \u00a0 \u00a0 \u00a0 \u00a0 \u00a0<a href=\"https:\/\/institucional.ufrrj.br\/ineagro\/files\/2023\/06\/logo-agribio-e1687387269208.jpg\"><img loading=\"lazy\" decoding=\"async\" class=\"wp-image-653 aligncenter\" src=\"https:\/\/institucional.ufrrj.br\/ineagro\/files\/2023\/06\/logo-agribio-e1687387269208-300x152.jpg\" alt=\"\" width=\"161\" height=\"82\" srcset=\"https:\/\/institucional.ufrrj.br\/ineagro\/files\/2023\/06\/logo-agribio-e1687387269208-300x152.jpg 300w, https:\/\/institucional.ufrrj.br\/ineagro\/files\/2023\/06\/logo-agribio-e1687387269208.jpg 400w\" sizes=\"auto, (max-width: 161px) 100vw, 161px\" \/><\/a><\/b><\/h4>\n<p style=\"text-align: center\"><b>AGRIBIO DEFENSIVOS ALTERNATIVOS<\/b><\/p>\n<blockquote><p><span style=\"font-weight: 400\">Desenvolve produtos a base de micro-organismos e subst\u00e2ncias para o controle de pragas e doen\u00e7as de plantas, menos agressivos ao meio ambiente e ao homem. Presta servi\u00e7os para Institui\u00e7\u00f5es Ambientalistas.<\/span><\/p>\n<p>&nbsp;<\/p><\/blockquote>\n<p><a href=\"https:\/\/institucional.ufrrj.br\/ineagro\/files\/2023\/06\/logo-gomes-e-brito-e1687666232852.png\"><img loading=\"lazy\" decoding=\"async\" class=\" wp-image-665 aligncenter\" src=\"https:\/\/institucional.ufrrj.br\/ineagro\/files\/2023\/06\/logo-gomes-e-brito-e1687666232852.png\" alt=\"\" width=\"231\" height=\"93\" \/><\/a><\/p>\n<p style=\"text-align: center\"><strong>GOMES &amp; BRITO ENGENHARIA E CONSULTORIA LTDA<\/strong><\/p>\n<blockquote>\n<p style=\"text-align: left\">Atua como prestadora de servi\u00e7os nos ramos de engenharia ambiental, florestal, topografia e consultoria. Alguns servi\u00e7os oferecidos s\u00e3o: Licenciamento Ambiental (EIA \/RIMA e PRAD); Projetos Florestais (Projeto de Viveiros Florestais, Projetos de Recupera\u00e7\u00e3o de \u00c1reas Degradadas, Reflorestamento e Venda de Mudas de Esp\u00e9cies Nativas e Ex\u00f3ticas); Invent\u00e1rio e Manejo de Esp\u00e9cies Nativas e Ex\u00f3ticas; Cadastro Ambiental Rural (CAR); Medi\u00e7\u00e3o de Terrenos Urbanos e Rurais. Entre outros servi\u00e7os.<\/p>\n<p>&nbsp;<\/p><\/blockquote>\n<p><a href=\"https:\/\/institucional.ufrrj.br\/ineagro\/files\/2023\/06\/logo-VIVEIRO-GUAPURUVU-e1687390732607.png\"><img loading=\"lazy\" decoding=\"async\" class=\" wp-image-657 aligncenter\" src=\"https:\/\/institucional.ufrrj.br\/ineagro\/files\/2023\/06\/logo-VIVEIRO-GUAPURUVU-e1687390732607.png\" alt=\"\" width=\"250\" height=\"100\" \/><\/a><\/p>\n<p style=\"text-align: center\"><span style=\"font-weight: 400\"><strong>VIVEIRO GUAPURUVU<\/strong>\u00a0<\/span><\/p>\n<blockquote><p><span style=\"font-weight: 400\">Realiza a comercializa\u00e7\u00e3o de sementes e mudas de esp\u00e9cies florestais, elabora\u00e7\u00e3o e execu\u00e7\u00e3o de projetos de viveiros florestais e implanta\u00e7\u00e3o de povoamentos florestais de prote\u00e7\u00e3o e produ\u00e7\u00e3o. A empresa tamb\u00e9m realiza capacita\u00e7\u00e3o e treinamento em opera\u00e7\u00f5es silviculturais (coleta de sementes, produ\u00e7\u00e3o de mudas, implanta\u00e7\u00e3o e manejo de povoamentos florestais) e consultoria na \u00e1rea de silvicultura.<\/span><\/p>\n<p>&nbsp;<\/p>\n<p><a href=\"https:\/\/institucional.ufrrj.br\/ineagro\/files\/2023\/06\/logo-birosca-sem-gluten-e1687391238162.jpg\"><img loading=\"lazy\" decoding=\"async\" class=\" wp-image-659 aligncenter\" src=\"https:\/\/institucional.ufrrj.br\/ineagro\/files\/2023\/06\/logo-birosca-sem-gluten-e1687391238162.jpg\" alt=\"\" width=\"192\" height=\"142\" \/><\/a><\/p><\/blockquote>\n<p style=\"text-align: center\"><b>BIROSCA SEM GL\u00daTEN<\/b><\/p>\n<blockquote><p><span style=\"font-weight: 400\">A empresa \u00e9 produtora de alimentos sem gl\u00faten e desenvolve produtos como salgados, biscoito de polvilho e batata doce de polpa alaranjada, que foi premiado no COINE (Congresso Internacional de Nutri\u00e7\u00e3o Especializada).<\/span><\/p>\n<p>&nbsp;<\/p><\/blockquote>\n<blockquote><p><a href=\"https:\/\/institucional.ufrrj.br\/ineagro\/files\/2023\/06\/logo-hy-sustentavel.png\"><img loading=\"lazy\" decoding=\"async\" class=\"wp-image-664 aligncenter\" src=\"https:\/\/institucional.ufrrj.br\/ineagro\/files\/2023\/06\/logo-hy-sustentavel-300x273.png\" alt=\"\" width=\"174\" height=\"159\" srcset=\"https:\/\/institucional.ufrrj.br\/ineagro\/files\/2023\/06\/logo-hy-sustentavel-300x273.png 300w, https:\/\/institucional.ufrrj.br\/ineagro\/files\/2023\/06\/logo-hy-sustentavel.png 600w\" sizes=\"auto, (max-width: 174px) 100vw, 174px\" \/><\/a><\/p><\/blockquote>\n<p style=\"text-align: center\"><strong>HY SUSTENT\u00c1VEL LTDA<\/strong><\/p>\n<blockquote><p>Produzimos, instalamos e gerenciamos esta\u00e7\u00f5es de tratamento de res\u00edduos e efluentes em diversos tamanhos e para diferentes substratos.Transformamos res\u00edduos e efluentes em energia t\u00e9rmica, em reatores anaer\u00f3bios, e energia el\u00e9trica. Instalamos sua planta de energia el\u00e9trica da biomassa para Gera\u00e7\u00e3o Distribu\u00edda ou Autoconsumo. Propiciamos a imediata adequa\u00e7\u00e3o legal ambiental de empreendimentos de diversas categorias com nossos produtos e servi\u00e7os. Fabricamos a menor Esta\u00e7\u00e3o de Tratamento de Efluente Dom\u00e9stico do mercado.<\/p>\n<p><strong>Contato:<\/strong><\/p>\n<ul>\n<li>LinkedIn: https:\/\/www.linkedin.com\/company\/hy-sustent%C3%A1vel-ltda\/<\/li>\n<li>Facebook: https:\/\/www.facebook.com\/hybiodigestores\/<\/li>\n<\/ul>\n<p>&nbsp;<\/p><\/blockquote>\n<p>&nbsp;<\/p>\n<p><a href=\"https:\/\/institucional.ufrrj.br\/ineagro\/files\/2023\/06\/logo-casa-barbinotto-e1687666616969.png\"><img loading=\"lazy\" decoding=\"async\" class=\"size-full wp-image-666 aligncenter\" src=\"https:\/\/institucional.ufrrj.br\/ineagro\/files\/2023\/06\/logo-casa-barbinotto-e1687666616969.png\" alt=\"\" width=\"191\" height=\"138\" \/><\/a><\/p>\n<p style=\"text-align: center\"><strong>CASA BARBINOTTO<\/strong><\/p>\n<blockquote><p><span style=\"font-weight: 400\">Possui atividades na \u00e1rea de desenvolvimento de processos para a produ\u00e7\u00e3o de cacha\u00e7a de alambique, bem como sua comercializa\u00e7\u00e3o.<\/span><\/p>\n<p>Contato:<\/p>\n<ul>\n<li>Facebook: https:\/\/www.facebook.com\/barbinotto\/?locale=pt_B<\/li>\n<\/ul>\n<\/blockquote>\n<p>&nbsp;<\/p>\n<p>&nbsp;<\/p>\n<p style=\"text-align: center\"><strong>GEOMATA<\/strong><\/p>\n<blockquote><p><span style=\"font-weight: 400\">A empresa realiza invent\u00e1rio florestal, manejo florestal, EIA\/RIMA, podas, paisagismo, aplica\u00e7\u00e3o do SIG, levantamento topogr\u00e1fico e cartogr\u00e1fico, recupera\u00e7\u00e3o de \u00e1reas degradadas, manejo de bacias hidrogr\u00e1ficas, implanta\u00e7\u00e3o de sistema agro-florestal, apoio \u00e0 certifica\u00e7\u00e3o florestal, pesquisa, desenvolvimento e comercializa\u00e7\u00e3o de produtos florestais.<\/span><\/p>\n<p>&nbsp;<\/p>\n<p>&nbsp;<\/p><\/blockquote>\n<p><a href=\"https:\/\/institucional.ufrrj.br\/ineagro\/files\/2023\/06\/logo-holos-ambiente.jpg\"><img loading=\"lazy\" decoding=\"async\" class=\"size-medium wp-image-671 aligncenter\" src=\"https:\/\/institucional.ufrrj.br\/ineagro\/files\/2023\/06\/logo-holos-ambiente-300x104.jpg\" alt=\"\" width=\"300\" height=\"104\" srcset=\"https:\/\/institucional.ufrrj.br\/ineagro\/files\/2023\/06\/logo-holos-ambiente-300x104.jpg 300w, https:\/\/institucional.ufrrj.br\/ineagro\/files\/2023\/06\/logo-holos-ambiente.jpg 382w\" sizes=\"auto, (max-width: 300px) 100vw, 300px\" \/><\/a><\/p>\n<p style=\"text-align: center\"><strong>HOLOS AMBIENTE<\/strong><\/p>\n<blockquote><p><span style=\"font-weight: 400\">Empresa focada na realiza\u00e7\u00e3o de cursos de capacita\u00e7\u00e3o e qualifica\u00e7\u00e3o profissional adaptados \u00e0s condi\u00e7\u00f5es sociais, culturais e ambientais dos benefici\u00e1rios e atendendo \u00e0s necessidades das institui\u00e7\u00f5es contratantes. <\/span><\/p>\n<p>Contato:<\/p>\n<ul>\n<li>https:\/\/holosambiente.com.br\/<\/li>\n<\/ul>\n<\/blockquote>\n<p style=\"text-align: center\">\n","protected":false},"excerpt":{"rendered":"<p>\u00a0 \u00a0 \u00a0 \u00a0 \u00a0 \u00a0 AGRIBIO DEFENSIVOS ALTERNATIVOS Desenvolve produtos a base de micro-organismos e subst\u00e2ncias para o controle <a class=\"read-more\" href=\"https:\/\/institucional.ufrrj.br\/ineagro\/empresas-graduadas\/ \" >&#8230; <span class=\"font-italic\">leia mais <i class=\"fas fa-angle-right\"><\/i><\/span><\/a><\/p>\n","protected":false},"author":773,"featured_media":0,"parent":0,"menu_order":0,"comment_status":"closed","ping_status":"closed","template":"","meta":{"_acf_changed":false,"footnotes":""},"class_list":["post-619","page","type-page","status-publish","hentry"],"yoast_head":"<!-- This site is optimized with the Yoast SEO plugin v27.2 - https:\/\/yoast.com\/product\/yoast-seo-wordpress\/ -->\n<title>Empresas Graduadas - Ineagro<\/title>\n<meta name=\"robots\" content=\"index, follow, max-snippet:-1, max-image-preview:large, max-video-preview:-1\" \/>\n<link rel=\"canonical\" href=\"https:\/\/institucional.ufrrj.br\/ineagro\/empresas-graduadas\/\" \/>\n<meta property=\"og:locale\" content=\"pt_BR\" \/>\n<meta property=\"og:type\" content=\"article\" \/>\n<meta property=\"og:title\" content=\"Empresas Graduadas - Ineagro\" \/>\n<meta property=\"og:description\" content=\"\u00a0 \u00a0 \u00a0 \u00a0 \u00a0 \u00a0 AGRIBIO DEFENSIVOS ALTERNATIVOS Desenvolve produtos a base de micro-organismos e subst\u00e2ncias para o controle ... leia mais\" \/>\n<meta property=\"og:url\" content=\"https:\/\/institucional.ufrrj.br\/ineagro\/empresas-graduadas\/\" \/>\n<meta property=\"og:site_name\" content=\"Ineagro\" \/>\n<meta property=\"article:modified_time\" content=\"2024-04-29T17:58:20+00:00\" \/>\n<meta property=\"og:image\" content=\"https:\/\/institucional.ufrrj.br\/ineagro\/files\/2023\/06\/logo-agribio-e1687387269208.jpg\" \/>\n\t<meta property=\"og:image:width\" content=\"400\" \/>\n\t<meta property=\"og:image:height\" content=\"203\" \/>\n\t<meta property=\"og:image:type\" content=\"image\/jpeg\" \/>\n<meta name=\"twitter:card\" content=\"summary_large_image\" \/>\n<meta name=\"twitter:label1\" content=\"Est. tempo de leitura\" \/>\n\t<meta name=\"twitter:data1\" content=\"2 minutos\" \/>\n<script type=\"application\/ld+json\" class=\"yoast-schema-graph\">{\"@context\":\"https:\/\/schema.org\",\"@graph\":[{\"@type\":\"WebPage\",\"@id\":\"https:\/\/institucional.ufrrj.br\/ineagro\/empresas-graduadas\/\",\"url\":\"https:\/\/institucional.ufrrj.br\/ineagro\/empresas-graduadas\/\",\"name\":\"Empresas Graduadas - Ineagro\",\"isPartOf\":{\"@id\":\"https:\/\/institucional.ufrrj.br\/ineagro\/#website\"},\"primaryImageOfPage\":{\"@id\":\"https:\/\/institucional.ufrrj.br\/ineagro\/empresas-graduadas\/#primaryimage\"},\"image\":{\"@id\":\"https:\/\/institucional.ufrrj.br\/ineagro\/empresas-graduadas\/#primaryimage\"},\"thumbnailUrl\":\"https:\/\/institucional.ufrrj.br\/ineagro\/files\/2023\/06\/logo-agribio-e1687387269208-300x152.jpg\",\"datePublished\":\"2023-07-06T18:21:29+00:00\",\"dateModified\":\"2024-04-29T17:58:20+00:00\",\"breadcrumb\":{\"@id\":\"https:\/\/institucional.ufrrj.br\/ineagro\/empresas-graduadas\/#breadcrumb\"},\"inLanguage\":\"pt-BR\",\"potentialAction\":[{\"@type\":\"ReadAction\",\"target\":[\"https:\/\/institucional.ufrrj.br\/ineagro\/empresas-graduadas\/\"]}]},{\"@type\":\"ImageObject\",\"inLanguage\":\"pt-BR\",\"@id\":\"https:\/\/institucional.ufrrj.br\/ineagro\/empresas-graduadas\/#primaryimage\",\"url\":\"https:\/\/institucional.ufrrj.br\/ineagro\/files\/2023\/06\/logo-agribio-e1687387269208.jpg\",\"contentUrl\":\"https:\/\/institucional.ufrrj.br\/ineagro\/files\/2023\/06\/logo-agribio-e1687387269208.jpg\",\"width\":400,\"height\":203},{\"@type\":\"BreadcrumbList\",\"@id\":\"https:\/\/institucional.ufrrj.br\/ineagro\/empresas-graduadas\/#breadcrumb\",\"itemListElement\":[{\"@type\":\"ListItem\",\"position\":1,\"name\":\"In\u00edcio\",\"item\":\"https:\/\/institucional.ufrrj.br\/ineagro\/\"},{\"@type\":\"ListItem\",\"position\":2,\"name\":\"Empresas Graduadas\"}]},{\"@type\":\"WebSite\",\"@id\":\"https:\/\/institucional.ufrrj.br\/ineagro\/#website\",\"url\":\"https:\/\/institucional.ufrrj.br\/ineagro\/\",\"name\":\"Ineagro\",\"description\":\"Incubadora de Empresas de Base Tecnol\u00f3gica em Agroneg\u00f3cios\",\"potentialAction\":[{\"@type\":\"SearchAction\",\"target\":{\"@type\":\"EntryPoint\",\"urlTemplate\":\"https:\/\/institucional.ufrrj.br\/ineagro\/?s={search_term_string}\"},\"query-input\":{\"@type\":\"PropertyValueSpecification\",\"valueRequired\":true,\"valueName\":\"search_term_string\"}}],\"inLanguage\":\"pt-BR\"}]}<\/script>\n<!-- \/ Yoast SEO plugin. -->","yoast_head_json":{"title":"Empresas Graduadas - Ineagro","robots":{"index":"index","follow":"follow","max-snippet":"max-snippet:-1","max-image-preview":"max-image-preview:large","max-video-preview":"max-video-preview:-1"},"canonical":"https:\/\/institucional.ufrrj.br\/ineagro\/empresas-graduadas\/","og_locale":"pt_BR","og_type":"article","og_title":"Empresas Graduadas - Ineagro","og_description":"\u00a0 \u00a0 \u00a0 \u00a0 \u00a0 \u00a0 AGRIBIO DEFENSIVOS ALTERNATIVOS Desenvolve produtos a base de micro-organismos e subst\u00e2ncias para o controle ... leia mais","og_url":"https:\/\/institucional.ufrrj.br\/ineagro\/empresas-graduadas\/","og_site_name":"Ineagro","article_modified_time":"2024-04-29T17:58:20+00:00","og_image":[{"width":400,"height":203,"url":"https:\/\/institucional.ufrrj.br\/ineagro\/files\/2023\/06\/logo-agribio-e1687387269208.jpg","type":"image\/jpeg"}],"twitter_card":"summary_large_image","twitter_misc":{"Est. tempo de leitura":"2 minutos"},"schema":{"@context":"https:\/\/schema.org","@graph":[{"@type":"WebPage","@id":"https:\/\/institucional.ufrrj.br\/ineagro\/empresas-graduadas\/","url":"https:\/\/institucional.ufrrj.br\/ineagro\/empresas-graduadas\/","name":"Empresas Graduadas - Ineagro","isPartOf":{"@id":"https:\/\/institucional.ufrrj.br\/ineagro\/#website"},"primaryImageOfPage":{"@id":"https:\/\/institucional.ufrrj.br\/ineagro\/empresas-graduadas\/#primaryimage"},"image":{"@id":"https:\/\/institucional.ufrrj.br\/ineagro\/empresas-graduadas\/#primaryimage"},"thumbnailUrl":"https:\/\/institucional.ufrrj.br\/ineagro\/files\/2023\/06\/logo-agribio-e1687387269208-300x152.jpg","datePublished":"2023-07-06T18:21:29+00:00","dateModified":"2024-04-29T17:58:20+00:00","breadcrumb":{"@id":"https:\/\/institucional.ufrrj.br\/ineagro\/empresas-graduadas\/#breadcrumb"},"inLanguage":"pt-BR","potentialAction":[{"@type":"ReadAction","target":["https:\/\/institucional.ufrrj.br\/ineagro\/empresas-graduadas\/"]}]},{"@type":"ImageObject","inLanguage":"pt-BR","@id":"https:\/\/institucional.ufrrj.br\/ineagro\/empresas-graduadas\/#primaryimage","url":"https:\/\/institucional.ufrrj.br\/ineagro\/files\/2023\/06\/logo-agribio-e1687387269208.jpg","contentUrl":"https:\/\/institucional.ufrrj.br\/ineagro\/files\/2023\/06\/logo-agribio-e1687387269208.jpg","width":400,"height":203},{"@type":"BreadcrumbList","@id":"https:\/\/institucional.ufrrj.br\/ineagro\/empresas-graduadas\/#breadcrumb","itemListElement":[{"@type":"ListItem","position":1,"name":"In\u00edcio","item":"https:\/\/institucional.ufrrj.br\/ineagro\/"},{"@type":"ListItem","position":2,"name":"Empresas Graduadas"}]},{"@type":"WebSite","@id":"https:\/\/institucional.ufrrj.br\/ineagro\/#website","url":"https:\/\/institucional.ufrrj.br\/ineagro\/","name":"Ineagro","description":"Incubadora de Empresas de Base Tecnol\u00f3gica em Agroneg\u00f3cios","potentialAction":[{"@type":"SearchAction","target":{"@type":"EntryPoint","urlTemplate":"https:\/\/institucional.ufrrj.br\/ineagro\/?s={search_term_string}"},"query-input":{"@type":"PropertyValueSpecification","valueRequired":true,"valueName":"search_term_string"}}],"inLanguage":"pt-BR"}]}},"acf":[],"_links":{"self":[{"href":"https:\/\/institucional.ufrrj.br\/ineagro\/wp-json\/wp\/v2\/pages\/619","targetHints":{"allow":["GET"]}}],"collection":[{"href":"https:\/\/institucional.ufrrj.br\/ineagro\/wp-json\/wp\/v2\/pages"}],"about":[{"href":"https:\/\/institucional.ufrrj.br\/ineagro\/wp-json\/wp\/v2\/types\/page"}],"author":[{"embeddable":true,"href":"https:\/\/institucional.ufrrj.br\/ineagro\/wp-json\/wp\/v2\/users\/773"}],"replies":[{"embeddable":true,"href":"https:\/\/institucional.ufrrj.br\/ineagro\/wp-json\/wp\/v2\/comments?post=619"}],"version-history":[{"count":15,"href":"https:\/\/institucional.ufrrj.br\/ineagro\/wp-json\/wp\/v2\/pages\/619\/revisions"}],"predecessor-version":[{"id":701,"href":"https:\/\/institucional.ufrrj.br\/ineagro\/wp-json\/wp\/v2\/pages\/619\/revisions\/701"}],"wp:attachment":[{"href":"https:\/\/institucional.ufrrj.br\/ineagro\/wp-json\/wp\/v2\/media?parent=619"}],"curies":[{"name":"wp","href":"https:\/\/api.w.org\/{rel}","templated":true}]}}