{"id":19,"date":"2016-06-22T17:38:47","date_gmt":"2016-06-22T20:38:47","guid":{"rendered":"http:\/\/institucional.ufrrj.br\/ineagro2\/?page_id=19"},"modified":"2025-10-12T11:27:54","modified_gmt":"2025-10-12T14:27:54","slug":"selecao","status":"publish","type":"page","link":"https:\/\/institucional.ufrrj.br\/ineagro\/selecao\/","title":{"rendered":"Processo Seletivo"},"content":{"rendered":"<p class=\"txt_verde\"><span style=\"color: #008000\"><strong>APRESENTA\u00c7\u00c3O DE PROPOSTAS DE PROJETO E PLANO DE NEG\u00d3CIO (PN)<\/strong><\/span><\/p>\n<div style=\"height: 20px\"><\/div>\n<p class=\"txt_verde\"><span style=\"color: #008000\"><strong>Processo de Sele\u00e7\u00e3o<\/strong><\/span><\/p>\n<p style=\"text-align: justify\">O pr\u00e9-projeto poder\u00e1 ter como objetivo o desenvolvimento de uma nova linha de produtos, processos ou servi\u00e7os, por uma empresa estabelecida ou n\u00e3o no mercado que queira se consolidar, expandir e\/ou diversificar.<\/p>\n<p>&nbsp;<\/p>\n<p class=\"txt_verde\"><strong><span style=\"color: #008000\">Etapas do Processo Seletivo:<\/span><\/strong><\/p>\n<p>1 &#8211; Pr\u00e9 &#8211; projeto\/ Plano de neg\u00f3cios<br \/>\n2 &#8211; Avalia\u00e7\u00e3o<br \/>\n3 &#8211; Resultado preliminar<br \/>\n4 &#8211; Avalia\u00e7\u00e3o<br \/>\n5 &#8211; Apresenta\u00e7\u00e3o<br \/>\n6 &#8211; Resultado final<br \/>\n7 &#8211; Contrato<br \/>\n8 &#8211; Incuba\u00e7\u00e3o<\/p>\n<p><strong><span style=\"color: #3366ff\">Documentos edit\u00e1veis:<\/span><\/strong><\/p>\n<p><a href=\"https:\/\/institucional.ufrrj.br\/ineagro\/files\/2022\/11\/ANEXO-II-REQUERIMENTO-DE-INSCRICAO.docx\" target=\"_blank\" rel=\"noopener\">ANEXO II &#8211; REQUERIMENTO DE INSCRI\u00c7\u00c3O<\/a><\/p>\n<p><a href=\"https:\/\/institucional.ufrrj.br\/ineagro\/files\/2022\/11\/ANEXO-III-DECLARACAO.docx\" target=\"_blank\" rel=\"noopener\">ANEXO III &#8211; DECLARA\u00c7\u00c3O<\/a><\/p>\n<p><a href=\"https:\/\/institucional.ufrrj.br\/ineagro\/files\/2022\/11\/ANEXO-IV-PLANO-DE-TRABALHO-DA-PROPOSTA-DE-SOLUCAO-INOVADORA-PARA-INCUBACAO.docx\" target=\"_blank\" rel=\"noopener\">ANEXO IV &#8211; PLANO DE TRABALHO DA PROPOSTA DE SOLU\u00c7\u00c3O INOVADORA PARA INCUBA\u00c7\u00c3O<\/a><\/p>\n<p><a href=\"https:\/\/institucional.ufrrj.br\/ineagro\/files\/2022\/11\/ANEXO-V-PLANO-DE-NEGOCIOS-PARA-A-PROPOSTA-DE-SOLUCAO-INOVADORA.doc\" target=\"_blank\" rel=\"noopener\">ANEXO V &#8211; PLANO DE NEG\u00d3CIOS PARA A PROPOSTA DE SOLU\u00c7\u00c3O INOVADORA<\/a><\/p>\n<p>&nbsp;<\/p>\n<p><span style=\"color: #008000\"><strong>Processo de Sele\u00e7\u00e3o 2024\/2026<\/strong><\/span><\/p>\n<p><a href=\"https:\/\/institucional.ufrrj.br\/ineagro\/files\/2025\/10\/Edital_12-2024__INEAGRO_assinado.pdf\">Edital 13\/2024 &#8211; Sele\u00e7\u00e3o 2024\/2025<\/a><\/p>\n<p>&nbsp;<\/p>\n<p><span style=\"color: #008000\"><strong>Processo de Sele\u00e7\u00e3o 2023\/2024<\/strong><\/span><\/p>\n<p><a href=\"https:\/\/institucional.ufrrj.br\/ineagro\/files\/2023\/10\/Edital-12-2023-INEAGRO.pdf\" target=\"_blank\" rel=\"noopener\">Edital 12\/2023 &#8211; Sele\u00e7\u00e3o 2023\/2024<\/a><\/p>\n<p><a href=\"https:\/\/institucional.ufrrj.br\/ineagro\/files\/2024\/10\/Resultado-do-Edital-12-2023.pdf\" target=\"_blank\" rel=\"noopener\">Resultado do Edital 12\/2023<\/a><\/p>\n<p>&nbsp;<\/p>\n<p><span style=\"color: #008000\"><strong>Processo de Sele\u00e7\u00e3o 2022 (suspenso)<\/strong><\/span><\/p>\n<p><a href=\"https:\/\/institucional.ufrrj.br\/ineagro\/files\/2022\/12\/Retificacao-de-Edital-11-2022-INEAGRO.pdf\" target=\"_blank\" rel=\"noopener\">Retifica\u00e7\u00e3o Edital 11\/2022 &#8211; Sele\u00e7\u00e3o 2022<\/a><\/p>\n<p><a href=\"https:\/\/institucional.ufrrj.br\/ineagro\/files\/2022\/11\/Edital_11-2022_INEAGRO-assinado.pdf\" target=\"_blank\" rel=\"noopener\">Edital 11\/2022 &#8211; Sele\u00e7\u00e3o 2022<\/a><\/p>\n<p>&nbsp;<\/p>\n<p><span style=\"color: #008000\"><strong>Processo de Sele\u00e7\u00e3o 2021<\/strong><\/span><\/p>\n<p><a href=\"https:\/\/institucional.ufrrj.br\/ineagro\/files\/2021\/11\/Edital_10-2021_INEAGRO-Assinado-digitalmente-09-11-2021.pdf\" target=\"_blank\" rel=\"noopener noreferrer\">Edital 10\/2021 &#8211; Sele\u00e7\u00e3o 2021<\/a><\/p>\n<p><a href=\"https:\/\/institucional.ufrrj.br\/ineagro\/files\/2022\/02\/Resultado-do-Edital-10-2021.pdf\" target=\"_blank\" rel=\"noopener noreferrer\">Resultado do Edital 10\/2021<\/a><\/p>\n<p>&nbsp;<\/p>\n<p><span style=\"color: #008000\"><strong>Processo de Sele\u00e7\u00e3o 2020<\/strong><\/span><\/p>\n<p><a href=\"https:\/\/institucional.ufrrj.br\/ineagro\/files\/2020\/09\/Edital-09-2020-Ineagro-UFRRJ.pdf\" target=\"_blank\" rel=\"noopener noreferrer\">Edital 09\/2020 &#8211; Sele\u00e7\u00e3o 2020<\/a><\/p>\n<div style=\"height: 20px\"><a href=\"https:\/\/institucional.ufrrj.br\/ineagro\/files\/2021\/04\/Resultado-do-Edital-09-2020.pdf\">Resultado do Edital 09-2020<\/a><\/div>\n<p>&nbsp;<\/p>\n<p>&nbsp;<\/p>\n<div style=\"height: 20px\"><\/div>\n<p class=\"txt_verde\"><strong><span style=\"color: #008000\">INFORMA\u00c7\u00d5ES ADICIONAIS E LOCAIS PARA INSCRI\u00c7\u00c3O<\/span><\/strong><\/p>\n<p><strong>Sede no Instituto de Tecnologia, Ineagro\/UFRRJ<\/strong><br \/>\n<strong>Endere\u00e7o:<\/strong> BR 465, km 7, campus universit\u00e1rio, 23.897-160, Serop\u00e9dica-RJ<br \/>\n<strong>e-mail:<\/strong> ineagro@ufrrj.br<br \/>\n<strong>Equipe Gestora INEAGRO<\/strong><\/p>\n","protected":false},"excerpt":{"rendered":"<p>APRESENTA\u00c7\u00c3O DE PROPOSTAS DE PROJETO E PLANO DE NEG\u00d3CIO (PN) Processo de Sele\u00e7\u00e3o O pr\u00e9-projeto poder\u00e1 ter como objetivo o <a class=\"read-more\" href=\"https:\/\/institucional.ufrrj.br\/ineagro\/selecao\/ \" >&#8230; <span class=\"font-italic\">leia mais <i class=\"fas fa-angle-right\"><\/i><\/span><\/a><\/p>\n","protected":false},"author":634,"featured_media":0,"parent":0,"menu_order":0,"comment_status":"closed","ping_status":"closed","template":"","meta":{"_acf_changed":false,"footnotes":""},"class_list":["post-19","page","type-page","status-publish","hentry"],"yoast_head":"<!-- This site is optimized with the Yoast SEO plugin v27.2 - https:\/\/yoast.com\/product\/yoast-seo-wordpress\/ -->\n<title>Processo Seletivo - Ineagro<\/title>\n<meta name=\"robots\" content=\"index, follow, max-snippet:-1, max-image-preview:large, max-video-preview:-1\" \/>\n<link rel=\"canonical\" href=\"https:\/\/institucional.ufrrj.br\/ineagro\/selecao\/\" \/>\n<meta property=\"og:locale\" content=\"pt_BR\" \/>\n<meta property=\"og:type\" content=\"article\" \/>\n<meta property=\"og:title\" content=\"Processo Seletivo - Ineagro\" \/>\n<meta property=\"og:description\" content=\"APRESENTA\u00c7\u00c3O DE PROPOSTAS DE PROJETO E PLANO DE NEG\u00d3CIO (PN) Processo de Sele\u00e7\u00e3o O pr\u00e9-projeto poder\u00e1 ter como objetivo o ... leia mais\" \/>\n<meta property=\"og:url\" content=\"https:\/\/institucional.ufrrj.br\/ineagro\/selecao\/\" \/>\n<meta property=\"og:site_name\" content=\"Ineagro\" \/>\n<meta property=\"article:modified_time\" content=\"2025-10-12T14:27:54+00:00\" \/>\n<meta name=\"twitter:card\" content=\"summary_large_image\" \/>\n<meta name=\"twitter:label1\" content=\"Est. tempo de leitura\" \/>\n\t<meta name=\"twitter:data1\" content=\"2 minutos\" \/>\n<script type=\"application\/ld+json\" class=\"yoast-schema-graph\">{\"@context\":\"https:\/\/schema.org\",\"@graph\":[{\"@type\":\"WebPage\",\"@id\":\"https:\/\/institucional.ufrrj.br\/ineagro\/selecao\/\",\"url\":\"https:\/\/institucional.ufrrj.br\/ineagro\/selecao\/\",\"name\":\"Processo Seletivo - Ineagro\",\"isPartOf\":{\"@id\":\"https:\/\/institucional.ufrrj.br\/ineagro\/#website\"},\"datePublished\":\"2016-06-22T20:38:47+00:00\",\"dateModified\":\"2025-10-12T14:27:54+00:00\",\"breadcrumb\":{\"@id\":\"https:\/\/institucional.ufrrj.br\/ineagro\/selecao\/#breadcrumb\"},\"inLanguage\":\"pt-BR\",\"potentialAction\":[{\"@type\":\"ReadAction\",\"target\":[\"https:\/\/institucional.ufrrj.br\/ineagro\/selecao\/\"]}]},{\"@type\":\"BreadcrumbList\",\"@id\":\"https:\/\/institucional.ufrrj.br\/ineagro\/selecao\/#breadcrumb\",\"itemListElement\":[{\"@type\":\"ListItem\",\"position\":1,\"name\":\"In\u00edcio\",\"item\":\"https:\/\/institucional.ufrrj.br\/ineagro\/\"},{\"@type\":\"ListItem\",\"position\":2,\"name\":\"Processo Seletivo\"}]},{\"@type\":\"WebSite\",\"@id\":\"https:\/\/institucional.ufrrj.br\/ineagro\/#website\",\"url\":\"https:\/\/institucional.ufrrj.br\/ineagro\/\",\"name\":\"Ineagro\",\"description\":\"Incubadora de Empresas de Base Tecnol\u00f3gica em Agroneg\u00f3cios\",\"potentialAction\":[{\"@type\":\"SearchAction\",\"target\":{\"@type\":\"EntryPoint\",\"urlTemplate\":\"https:\/\/institucional.ufrrj.br\/ineagro\/?s={search_term_string}\"},\"query-input\":{\"@type\":\"PropertyValueSpecification\",\"valueRequired\":true,\"valueName\":\"search_term_string\"}}],\"inLanguage\":\"pt-BR\"}]}<\/script>\n<!-- \/ Yoast SEO plugin. -->","yoast_head_json":{"title":"Processo Seletivo - Ineagro","robots":{"index":"index","follow":"follow","max-snippet":"max-snippet:-1","max-image-preview":"max-image-preview:large","max-video-preview":"max-video-preview:-1"},"canonical":"https:\/\/institucional.ufrrj.br\/ineagro\/selecao\/","og_locale":"pt_BR","og_type":"article","og_title":"Processo Seletivo - Ineagro","og_description":"APRESENTA\u00c7\u00c3O DE PROPOSTAS DE PROJETO E PLANO DE NEG\u00d3CIO (PN) Processo de Sele\u00e7\u00e3o O pr\u00e9-projeto poder\u00e1 ter como objetivo o ... leia mais","og_url":"https:\/\/institucional.ufrrj.br\/ineagro\/selecao\/","og_site_name":"Ineagro","article_modified_time":"2025-10-12T14:27:54+00:00","twitter_card":"summary_large_image","twitter_misc":{"Est. tempo de leitura":"2 minutos"},"schema":{"@context":"https:\/\/schema.org","@graph":[{"@type":"WebPage","@id":"https:\/\/institucional.ufrrj.br\/ineagro\/selecao\/","url":"https:\/\/institucional.ufrrj.br\/ineagro\/selecao\/","name":"Processo Seletivo - Ineagro","isPartOf":{"@id":"https:\/\/institucional.ufrrj.br\/ineagro\/#website"},"datePublished":"2016-06-22T20:38:47+00:00","dateModified":"2025-10-12T14:27:54+00:00","breadcrumb":{"@id":"https:\/\/institucional.ufrrj.br\/ineagro\/selecao\/#breadcrumb"},"inLanguage":"pt-BR","potentialAction":[{"@type":"ReadAction","target":["https:\/\/institucional.ufrrj.br\/ineagro\/selecao\/"]}]},{"@type":"BreadcrumbList","@id":"https:\/\/institucional.ufrrj.br\/ineagro\/selecao\/#breadcrumb","itemListElement":[{"@type":"ListItem","position":1,"name":"In\u00edcio","item":"https:\/\/institucional.ufrrj.br\/ineagro\/"},{"@type":"ListItem","position":2,"name":"Processo Seletivo"}]},{"@type":"WebSite","@id":"https:\/\/institucional.ufrrj.br\/ineagro\/#website","url":"https:\/\/institucional.ufrrj.br\/ineagro\/","name":"Ineagro","description":"Incubadora de Empresas de Base Tecnol\u00f3gica em Agroneg\u00f3cios","potentialAction":[{"@type":"SearchAction","target":{"@type":"EntryPoint","urlTemplate":"https:\/\/institucional.ufrrj.br\/ineagro\/?s={search_term_string}"},"query-input":{"@type":"PropertyValueSpecification","valueRequired":true,"valueName":"search_term_string"}}],"inLanguage":"pt-BR"}]}},"acf":[],"_links":{"self":[{"href":"https:\/\/institucional.ufrrj.br\/ineagro\/wp-json\/wp\/v2\/pages\/19","targetHints":{"allow":["GET"]}}],"collection":[{"href":"https:\/\/institucional.ufrrj.br\/ineagro\/wp-json\/wp\/v2\/pages"}],"about":[{"href":"https:\/\/institucional.ufrrj.br\/ineagro\/wp-json\/wp\/v2\/types\/page"}],"author":[{"embeddable":true,"href":"https:\/\/institucional.ufrrj.br\/ineagro\/wp-json\/wp\/v2\/users\/634"}],"replies":[{"embeddable":true,"href":"https:\/\/institucional.ufrrj.br\/ineagro\/wp-json\/wp\/v2\/comments?post=19"}],"version-history":[{"count":2,"href":"https:\/\/institucional.ufrrj.br\/ineagro\/wp-json\/wp\/v2\/pages\/19\/revisions"}],"predecessor-version":[{"id":728,"href":"https:\/\/institucional.ufrrj.br\/ineagro\/wp-json\/wp\/v2\/pages\/19\/revisions\/728"}],"wp:attachment":[{"href":"https:\/\/institucional.ufrrj.br\/ineagro\/wp-json\/wp\/v2\/media?parent=19"}],"curies":[{"name":"wp","href":"https:\/\/api.w.org\/{rel}","templated":true}]}}