{"id":15,"date":"2016-06-22T17:37:43","date_gmt":"2016-06-22T17:37:43","guid":{"rendered":"http:\/\/institucional.ufrrj.br\/ineagro2\/?page_id=15"},"modified":"2017-02-22T18:28:36","modified_gmt":"2017-02-22T18:28:36","slug":"historico","status":"publish","type":"page","link":"https:\/\/institucional.ufrrj.br\/ineagro\/historico\/","title":{"rendered":"Historico"},"content":{"rendered":"<p style=\"text-align: justify\">O programa de Incubadora de empresas de Base Tecnol\u00f3gica em Agroneg\u00f3cios da UFRRJ teve em In\u00edcio no ano de 1998. Este teve as suas primeiras Empresas selecionadas pelo Conselho Diretor 29\/06\/1999.<br \/>\nA INEAGRO \u00e9 um projeto voltado para o est\u00edmulo \u00e0 cria\u00e7\u00e3o de novos empreendimentos com \u00eanfase nas \u00e1reas ligadas ao agroneg\u00f3cio e ao desenvolvimento regional.<\/p>\n<div style=\"height: 20px\"><\/div>\n<p style=\"text-align: justify\"><span style=\"color: #008000\">MISS\u00c3O<\/span><\/p>\n<p>Criar empresas de sucesso a partir da transforma\u00e7\u00e3o de ideias inovadoras em neg\u00f3cios, com credibilidade do mercado e comprometimento social, de forma sustent\u00e1vel, envolvendo a sociedade e a UFRRJ, construindo uma gera\u00e7\u00e3o de empresas s\u00f3lidas e assim contribuir para o crescimento do pa\u00eds.<\/p>\n<p style=\"text-align: justify\"><span style=\"color: #008000\">VIS\u00c3O<\/span><\/p>\n<p>Se estabelecer como incubadora geradora de neg\u00f3cios e agroneg\u00f3cios inovadores com impacto principalmente fluminense.<\/p>\n<p><span style=\"color: #008000\">VALORES<\/span><\/p>\n<p>Praticar o empreendedorismo sustentado em rela\u00e7\u00f5es profissionais compromissadas e \u00e9ticas, onde a objetividade e a transpar\u00eancia s\u00e3o pilares para a constru\u00e7\u00e3o de empresas e seus projetos inovadores e sustent\u00e1veis.<\/p>\n<div style=\"height: 20px\"><\/div>\n<p style=\"text-align: justify\"><span style=\"color: #008000\">OBJETIVOS<\/span><br \/>\n&#8211; Oferecer infra-estrutura compartilhada necess\u00e1ria ao desenvolvimento e manuten\u00e7\u00e3o das empresas em processo de incuba\u00e7\u00e3o;<br \/>\n&#8211; Incentivar a transforma\u00e7\u00e3o de resultados de pesquisa em novos empreendimentos, gerando renda e ampliando o mercado de trabalho;<br \/>\n&#8211; Promover a integra\u00e7\u00e3o da Universidade com o setor produtivo, possibilitando aos pesquisadores uma assist\u00eancia permanente \u00e0s novas empresas e aproximando os discentes das atividades de produ\u00e7\u00e3o;<br \/>\n&#8211; Aproximar a comunidade acad\u00eamica da UFRRJ, das empresas de Base Tecnol\u00f3gica, criando oportunidades para novos projetos de pesquisa, est\u00e1gios para os alunos de gradua\u00e7\u00e3o, assim como contribuir para sua coloca\u00e7\u00e3o profissional;<br \/>\n&#8211; Contribuir para o desenvolvimento da baixada Fluminense e do Vale do Para\u00edba com a incuba\u00e7\u00e3o de \u00e1reas tradicionais que impliquem em gera\u00e7\u00e3o de emprego e renda.<\/p>\n","protected":false},"excerpt":{"rendered":"<p>O programa de Incubadora de empresas de Base Tecnol\u00f3gica em Agroneg\u00f3cios da UFRRJ teve em In\u00edcio no ano de 1998. <a class=\"read-more\" href=\"https:\/\/institucional.ufrrj.br\/ineagro\/historico\/ \" >&#8230; <span class=\"font-italic\">leia mais <i class=\"fas fa-angle-right\"><\/i><\/span><\/a><\/p>\n","protected":false},"author":634,"featured_media":0,"parent":0,"menu_order":0,"comment_status":"closed","ping_status":"closed","template":"","meta":{"_acf_changed":false,"footnotes":""},"class_list":["post-15","page","type-page","status-publish","hentry"],"yoast_head":"<!-- This site is optimized with the Yoast SEO plugin v27.2 - https:\/\/yoast.com\/product\/yoast-seo-wordpress\/ -->\n<title>Historico - Ineagro<\/title>\n<meta name=\"robots\" content=\"index, follow, max-snippet:-1, max-image-preview:large, max-video-preview:-1\" \/>\n<link rel=\"canonical\" href=\"https:\/\/institucional.ufrrj.br\/ineagro\/historico\/\" \/>\n<meta property=\"og:locale\" content=\"pt_BR\" \/>\n<meta property=\"og:type\" content=\"article\" \/>\n<meta property=\"og:title\" content=\"Historico - Ineagro\" \/>\n<meta property=\"og:description\" content=\"O programa de Incubadora de empresas de Base Tecnol\u00f3gica em Agroneg\u00f3cios da UFRRJ teve em In\u00edcio no ano de 1998. ... leia mais\" \/>\n<meta property=\"og:url\" content=\"https:\/\/institucional.ufrrj.br\/ineagro\/historico\/\" \/>\n<meta property=\"og:site_name\" content=\"Ineagro\" \/>\n<meta property=\"article:modified_time\" content=\"2017-02-22T18:28:36+00:00\" \/>\n<meta name=\"twitter:card\" content=\"summary_large_image\" \/>\n<meta name=\"twitter:label1\" content=\"Est. tempo de leitura\" \/>\n\t<meta name=\"twitter:data1\" content=\"1 minuto\" \/>\n<script type=\"application\/ld+json\" class=\"yoast-schema-graph\">{\"@context\":\"https:\/\/schema.org\",\"@graph\":[{\"@type\":\"WebPage\",\"@id\":\"https:\/\/institucional.ufrrj.br\/ineagro\/historico\/\",\"url\":\"https:\/\/institucional.ufrrj.br\/ineagro\/historico\/\",\"name\":\"Historico - Ineagro\",\"isPartOf\":{\"@id\":\"https:\/\/institucional.ufrrj.br\/ineagro\/#website\"},\"datePublished\":\"2016-06-22T17:37:43+00:00\",\"dateModified\":\"2017-02-22T18:28:36+00:00\",\"breadcrumb\":{\"@id\":\"https:\/\/institucional.ufrrj.br\/ineagro\/historico\/#breadcrumb\"},\"inLanguage\":\"pt-BR\",\"potentialAction\":[{\"@type\":\"ReadAction\",\"target\":[\"https:\/\/institucional.ufrrj.br\/ineagro\/historico\/\"]}]},{\"@type\":\"BreadcrumbList\",\"@id\":\"https:\/\/institucional.ufrrj.br\/ineagro\/historico\/#breadcrumb\",\"itemListElement\":[{\"@type\":\"ListItem\",\"position\":1,\"name\":\"In\u00edcio\",\"item\":\"https:\/\/institucional.ufrrj.br\/ineagro\/\"},{\"@type\":\"ListItem\",\"position\":2,\"name\":\"Historico\"}]},{\"@type\":\"WebSite\",\"@id\":\"https:\/\/institucional.ufrrj.br\/ineagro\/#website\",\"url\":\"https:\/\/institucional.ufrrj.br\/ineagro\/\",\"name\":\"Ineagro\",\"description\":\"Incubadora de Empresas de Base Tecnol\u00f3gica em Agroneg\u00f3cios\",\"potentialAction\":[{\"@type\":\"SearchAction\",\"target\":{\"@type\":\"EntryPoint\",\"urlTemplate\":\"https:\/\/institucional.ufrrj.br\/ineagro\/?s={search_term_string}\"},\"query-input\":{\"@type\":\"PropertyValueSpecification\",\"valueRequired\":true,\"valueName\":\"search_term_string\"}}],\"inLanguage\":\"pt-BR\"}]}<\/script>\n<!-- \/ Yoast SEO plugin. -->","yoast_head_json":{"title":"Historico - Ineagro","robots":{"index":"index","follow":"follow","max-snippet":"max-snippet:-1","max-image-preview":"max-image-preview:large","max-video-preview":"max-video-preview:-1"},"canonical":"https:\/\/institucional.ufrrj.br\/ineagro\/historico\/","og_locale":"pt_BR","og_type":"article","og_title":"Historico - Ineagro","og_description":"O programa de Incubadora de empresas de Base Tecnol\u00f3gica em Agroneg\u00f3cios da UFRRJ teve em In\u00edcio no ano de 1998. ... leia mais","og_url":"https:\/\/institucional.ufrrj.br\/ineagro\/historico\/","og_site_name":"Ineagro","article_modified_time":"2017-02-22T18:28:36+00:00","twitter_card":"summary_large_image","twitter_misc":{"Est. tempo de leitura":"1 minuto"},"schema":{"@context":"https:\/\/schema.org","@graph":[{"@type":"WebPage","@id":"https:\/\/institucional.ufrrj.br\/ineagro\/historico\/","url":"https:\/\/institucional.ufrrj.br\/ineagro\/historico\/","name":"Historico - Ineagro","isPartOf":{"@id":"https:\/\/institucional.ufrrj.br\/ineagro\/#website"},"datePublished":"2016-06-22T17:37:43+00:00","dateModified":"2017-02-22T18:28:36+00:00","breadcrumb":{"@id":"https:\/\/institucional.ufrrj.br\/ineagro\/historico\/#breadcrumb"},"inLanguage":"pt-BR","potentialAction":[{"@type":"ReadAction","target":["https:\/\/institucional.ufrrj.br\/ineagro\/historico\/"]}]},{"@type":"BreadcrumbList","@id":"https:\/\/institucional.ufrrj.br\/ineagro\/historico\/#breadcrumb","itemListElement":[{"@type":"ListItem","position":1,"name":"In\u00edcio","item":"https:\/\/institucional.ufrrj.br\/ineagro\/"},{"@type":"ListItem","position":2,"name":"Historico"}]},{"@type":"WebSite","@id":"https:\/\/institucional.ufrrj.br\/ineagro\/#website","url":"https:\/\/institucional.ufrrj.br\/ineagro\/","name":"Ineagro","description":"Incubadora de Empresas de Base Tecnol\u00f3gica em Agroneg\u00f3cios","potentialAction":[{"@type":"SearchAction","target":{"@type":"EntryPoint","urlTemplate":"https:\/\/institucional.ufrrj.br\/ineagro\/?s={search_term_string}"},"query-input":{"@type":"PropertyValueSpecification","valueRequired":true,"valueName":"search_term_string"}}],"inLanguage":"pt-BR"}]}},"acf":[],"_links":{"self":[{"href":"https:\/\/institucional.ufrrj.br\/ineagro\/wp-json\/wp\/v2\/pages\/15","targetHints":{"allow":["GET"]}}],"collection":[{"href":"https:\/\/institucional.ufrrj.br\/ineagro\/wp-json\/wp\/v2\/pages"}],"about":[{"href":"https:\/\/institucional.ufrrj.br\/ineagro\/wp-json\/wp\/v2\/types\/page"}],"author":[{"embeddable":true,"href":"https:\/\/institucional.ufrrj.br\/ineagro\/wp-json\/wp\/v2\/users\/634"}],"replies":[{"embeddable":true,"href":"https:\/\/institucional.ufrrj.br\/ineagro\/wp-json\/wp\/v2\/comments?post=15"}],"version-history":[{"count":6,"href":"https:\/\/institucional.ufrrj.br\/ineagro\/wp-json\/wp\/v2\/pages\/15\/revisions"}],"predecessor-version":[{"id":190,"href":"https:\/\/institucional.ufrrj.br\/ineagro\/wp-json\/wp\/v2\/pages\/15\/revisions\/190"}],"wp:attachment":[{"href":"https:\/\/institucional.ufrrj.br\/ineagro\/wp-json\/wp\/v2\/media?parent=15"}],"curies":[{"name":"wp","href":"https:\/\/api.w.org\/{rel}","templated":true}]}}