{"id":127,"date":"2016-11-04T15:23:24","date_gmt":"2016-11-04T15:23:24","guid":{"rendered":"http:\/\/institucional.ufrrj.br\/ineagro2\/?page_id=127"},"modified":"2016-11-18T15:46:22","modified_gmt":"2016-11-18T15:46:22","slug":"duvidas-frequentes","status":"publish","type":"page","link":"https:\/\/institucional.ufrrj.br\/ineagro\/duvidas-frequentes\/","title":{"rendered":"D\u00favidas Frequentes"},"content":{"rendered":"<p style=\"text-align: justify\"><strong>O que \u00e9 uma incubadora?<\/strong><\/p>\n<p style=\"text-align: justify\">Uma incubadora \u00e9 uma entidade que tem por objetivo oferecer suporte a empreendedores para que eles possam desenvolver ideias inovadoras e transform\u00e1-las em empreendimentos de sucesso. Para isso, oferece infraestrutura, capacita\u00e7\u00e3o e suporte gerencial, orientando os empreendedores sobre aspectos administrativos, comerciais, financeiros e jur\u00eddicos, entre \u00a0outras quest\u00f5es essenciais ao desenvolvimento de uma empresa.<\/p>\n<p style=\"text-align: justify\">Existem diversos tipos de incubadoras, a INEAGRO\u00a0 \u00e9 de base tecnol\u00f3gica (abrigam empreendimentos que realizam uso de tecnologias).<\/p>\n<p style=\"text-align: justify\">De acordo com dados de um estudo realizado em 2011 pela Anprotec e pelo Minist\u00e9rio de Ci\u00eancia, Tecnologia e Inova\u00e7\u00e3o (MCTI), lan\u00e7ado em 2012, o Brasil tem 384 incubadoras em opera\u00e7\u00e3o, que abrigam 2.640 empresas, gerando 16.394 postos de trabalho. Essas incubadoras tamb\u00e9m j\u00e1 graduaram 2.509 empreendimentos, que hoje faturam R$ 4,1 bilh\u00f5es e empregam 29.205 pessoas.<\/p>\n<div style=\"height: 40px;text-align: justify\"><\/div>\n<p style=\"text-align: justify\"><strong>Que benef\u00edcios as incubadoras oferecem aos empreendedores?<\/strong><\/p>\n<p style=\"text-align: justify\">Ao oferecer suporte ao empreendedor, a incubadora possibilita que o seu empreendimento tenha mais chances de ser bem sucedido. Al\u00e9m de condi\u00e7\u00f5es favor\u00e1veis de infraestrutura e capacita\u00e7\u00e3o dos empreendedores, as empresas \u2013 pelo fato de estarem em um espa\u00e7o onde h\u00e1 v\u00e1rias empreendimentos inovadores do mesmo porte \u2013 contam com in\u00fameras conex\u00f5es, que favorecem o crescimento do neg\u00f3cio e o\u00a0acesso ao mercado.<\/p>\n<p style=\"text-align: justify\">No caso das empresas de base tecnol\u00f3gica, os empreendedores t\u00eam, ainda, oportunidade de acesso a universidades e institui\u00e7\u00f5es de Pesquisa e Desenvolvimento, com as quais muitas incubadoras mant\u00eam v\u00ednculo. Isso ajuda a reduzir custos e riscos do processo de inova\u00e7\u00e3o, pois permite o acesso a laborat\u00f3rios e equipamentos que exigiriam investimento elevado.<\/p>\n<p style=\"text-align: justify\"><strong>Como uma empresa pode ingressar em uma incubadora?<\/strong><\/p>\n<p style=\"text-align: justify\">O processo de entrada de um projeto ou empresa na INEAGRO \u00e9 feito atrav\u00e9s de edital p\u00fablico, ou seja, existe um per\u00edodo de inscri\u00e7\u00f5es pr\u00e9-determinado. O edital vigente pode ser encontrado <span style=\"text-decoration: underline\"><span style=\"color: #0000ff;text-decoration: underline\"><a style=\"color: #0000ff;text-decoration: underline\" href=\"https:\/\/institucional.ufrrj.br\/ineagro2\/files\/2016\/06\/Edital-2016.pdf\">aqui<\/a><\/span><\/span>. O processo de sele\u00e7\u00e3o tem como base a an\u00e1lise dos planos de neg\u00f3cios que ser\u00e3o julgados pela Coordena\u00e7\u00e3o e pelo Conselho Diretor da <strong>INEAGRO, <\/strong>baseado em crit\u00e9rios estabelecidos pelo edital.<\/p>\n<div style=\"height: 40px;text-align: justify\"><\/div>\n<p style=\"text-align: justify\"><strong>O que \u00e9 uma empresa incubada?<\/strong><\/p>\n<p style=\"text-align: justify\">\u00c9 um empreendimento que est\u00e1 passando pelo processo de incuba\u00e7\u00e3o, isto \u00e9, que est\u00e1 recebendo suporte de uma incubadora para o seu desenvolvimento. A empresa pode ser incubada residente (quando ocupa um espa\u00e7o dentro do pr\u00e9dio da incubadora) ou incubada n\u00e3o residente (caso em que tem sua pr\u00f3pria sede, mas recebe suporte da incubadora).<\/p>\n<p style=\"text-align: justify\">O tempo m\u00e9dio de incuba\u00e7\u00e3o de uma empresa \u00e9 de tr\u00eas anos. Esse prazo, no entanto, varia de acordo com as caracter\u00edsticas do empreendimento. Empresas da \u00e1rea de Tecnologia da Informa\u00e7\u00e3o e Comunica\u00e7\u00e3o tendem a ficar menos tempo incubadas do que empreendimentos do setor de Biotecnologia, por exemplo, j\u00e1 que trabalham com tecnologias que possuem um ciclo de desenvolvimento mais curto. O importante \u00e9 que o empreendimento, ao se graduar, esteja preparado para o mercado. Durante o processo de incuba\u00e7\u00e3o, as incubadoras realizam acompanhamentos peri\u00f3dicos para avaliar o n\u00edvel de desenvolvimento das empresas.<\/p>\n<div style=\"height: 40px;text-align: justify\"><\/div>\n<p style=\"text-align: justify\"><strong>O que \u00e9 uma empresa graduada?<\/strong><\/p>\n<p style=\"text-align: justify\">\u00c9 uma empresa que passou pelo processo de incuba\u00e7\u00e3o, ou seja, que recebeu suporte de uma incubadora e j\u00e1 possui compet\u00eancias suficientes para se desenvolver sozinha. A empresa, depois de graduada, pode continuar sendo associada \u00e0 incubadora, mas n\u00e3o pode mais residir no espa\u00e7o f\u00edsico da institui\u00e7\u00e3o.<\/p>\n<div style=\"height: 40px;text-align: justify\"><\/div>\n<p style=\"text-align: justify\"><strong>Existe algum custo para a incuba\u00e7\u00e3o?<\/strong><\/p>\n<p style=\"text-align: justify\">Sim. Para arcar com os gastos rotineiros, a <strong>INEAGRO <\/strong>subsistir\u00e1 na forma de \u201ccondom\u00ednio\u201d de empresas, em que todos os gastos com \u00e1gua, luz, telefone, expediente, inclusive com a contrata\u00e7\u00e3o de pessoal necess\u00e1rio \u00e0 infraestrutura e outros encargos ser\u00e3o rateados entre os empreendedores e as empresas em processo de incuba\u00e7\u00e3o.<\/p>\n","protected":false},"excerpt":{"rendered":"<p>O que \u00e9 uma incubadora? Uma incubadora \u00e9 uma entidade que tem por objetivo oferecer suporte a empreendedores para que <a class=\"read-more\" href=\"https:\/\/institucional.ufrrj.br\/ineagro\/duvidas-frequentes\/ \" >&#8230; <span class=\"font-italic\">leia mais <i class=\"fas fa-angle-right\"><\/i><\/span><\/a><\/p>\n","protected":false},"author":609,"featured_media":0,"parent":0,"menu_order":0,"comment_status":"closed","ping_status":"closed","template":"","meta":{"_acf_changed":false,"footnotes":""},"class_list":["post-127","page","type-page","status-publish","hentry"],"yoast_head":"<!-- This site is optimized with the Yoast SEO plugin v27.2 - https:\/\/yoast.com\/product\/yoast-seo-wordpress\/ -->\n<title>D\u00favidas Frequentes - Ineagro<\/title>\n<meta name=\"robots\" content=\"index, follow, max-snippet:-1, max-image-preview:large, max-video-preview:-1\" \/>\n<link rel=\"canonical\" href=\"https:\/\/institucional.ufrrj.br\/ineagro\/duvidas-frequentes\/\" \/>\n<meta property=\"og:locale\" content=\"pt_BR\" \/>\n<meta property=\"og:type\" content=\"article\" \/>\n<meta property=\"og:title\" content=\"D\u00favidas Frequentes - Ineagro\" \/>\n<meta property=\"og:description\" content=\"O que \u00e9 uma incubadora? Uma incubadora \u00e9 uma entidade que tem por objetivo oferecer suporte a empreendedores para que ... leia mais\" \/>\n<meta property=\"og:url\" content=\"https:\/\/institucional.ufrrj.br\/ineagro\/duvidas-frequentes\/\" \/>\n<meta property=\"og:site_name\" content=\"Ineagro\" \/>\n<meta property=\"article:modified_time\" content=\"2016-11-18T15:46:22+00:00\" \/>\n<meta name=\"twitter:card\" content=\"summary_large_image\" \/>\n<meta name=\"twitter:label1\" content=\"Est. tempo de leitura\" \/>\n\t<meta name=\"twitter:data1\" content=\"3 minutos\" \/>\n<script type=\"application\/ld+json\" class=\"yoast-schema-graph\">{\"@context\":\"https:\/\/schema.org\",\"@graph\":[{\"@type\":\"WebPage\",\"@id\":\"https:\/\/institucional.ufrrj.br\/ineagro\/duvidas-frequentes\/\",\"url\":\"https:\/\/institucional.ufrrj.br\/ineagro\/duvidas-frequentes\/\",\"name\":\"D\u00favidas Frequentes - Ineagro\",\"isPartOf\":{\"@id\":\"https:\/\/institucional.ufrrj.br\/ineagro\/#website\"},\"datePublished\":\"2016-11-04T15:23:24+00:00\",\"dateModified\":\"2016-11-18T15:46:22+00:00\",\"breadcrumb\":{\"@id\":\"https:\/\/institucional.ufrrj.br\/ineagro\/duvidas-frequentes\/#breadcrumb\"},\"inLanguage\":\"pt-BR\",\"potentialAction\":[{\"@type\":\"ReadAction\",\"target\":[\"https:\/\/institucional.ufrrj.br\/ineagro\/duvidas-frequentes\/\"]}]},{\"@type\":\"BreadcrumbList\",\"@id\":\"https:\/\/institucional.ufrrj.br\/ineagro\/duvidas-frequentes\/#breadcrumb\",\"itemListElement\":[{\"@type\":\"ListItem\",\"position\":1,\"name\":\"In\u00edcio\",\"item\":\"https:\/\/institucional.ufrrj.br\/ineagro\/\"},{\"@type\":\"ListItem\",\"position\":2,\"name\":\"D\u00favidas Frequentes\"}]},{\"@type\":\"WebSite\",\"@id\":\"https:\/\/institucional.ufrrj.br\/ineagro\/#website\",\"url\":\"https:\/\/institucional.ufrrj.br\/ineagro\/\",\"name\":\"Ineagro\",\"description\":\"Incubadora de Empresas de Base Tecnol\u00f3gica em Agroneg\u00f3cios\",\"potentialAction\":[{\"@type\":\"SearchAction\",\"target\":{\"@type\":\"EntryPoint\",\"urlTemplate\":\"https:\/\/institucional.ufrrj.br\/ineagro\/?s={search_term_string}\"},\"query-input\":{\"@type\":\"PropertyValueSpecification\",\"valueRequired\":true,\"valueName\":\"search_term_string\"}}],\"inLanguage\":\"pt-BR\"}]}<\/script>\n<!-- \/ Yoast SEO plugin. -->","yoast_head_json":{"title":"D\u00favidas Frequentes - Ineagro","robots":{"index":"index","follow":"follow","max-snippet":"max-snippet:-1","max-image-preview":"max-image-preview:large","max-video-preview":"max-video-preview:-1"},"canonical":"https:\/\/institucional.ufrrj.br\/ineagro\/duvidas-frequentes\/","og_locale":"pt_BR","og_type":"article","og_title":"D\u00favidas Frequentes - Ineagro","og_description":"O que \u00e9 uma incubadora? Uma incubadora \u00e9 uma entidade que tem por objetivo oferecer suporte a empreendedores para que ... leia mais","og_url":"https:\/\/institucional.ufrrj.br\/ineagro\/duvidas-frequentes\/","og_site_name":"Ineagro","article_modified_time":"2016-11-18T15:46:22+00:00","twitter_card":"summary_large_image","twitter_misc":{"Est. tempo de leitura":"3 minutos"},"schema":{"@context":"https:\/\/schema.org","@graph":[{"@type":"WebPage","@id":"https:\/\/institucional.ufrrj.br\/ineagro\/duvidas-frequentes\/","url":"https:\/\/institucional.ufrrj.br\/ineagro\/duvidas-frequentes\/","name":"D\u00favidas Frequentes - Ineagro","isPartOf":{"@id":"https:\/\/institucional.ufrrj.br\/ineagro\/#website"},"datePublished":"2016-11-04T15:23:24+00:00","dateModified":"2016-11-18T15:46:22+00:00","breadcrumb":{"@id":"https:\/\/institucional.ufrrj.br\/ineagro\/duvidas-frequentes\/#breadcrumb"},"inLanguage":"pt-BR","potentialAction":[{"@type":"ReadAction","target":["https:\/\/institucional.ufrrj.br\/ineagro\/duvidas-frequentes\/"]}]},{"@type":"BreadcrumbList","@id":"https:\/\/institucional.ufrrj.br\/ineagro\/duvidas-frequentes\/#breadcrumb","itemListElement":[{"@type":"ListItem","position":1,"name":"In\u00edcio","item":"https:\/\/institucional.ufrrj.br\/ineagro\/"},{"@type":"ListItem","position":2,"name":"D\u00favidas Frequentes"}]},{"@type":"WebSite","@id":"https:\/\/institucional.ufrrj.br\/ineagro\/#website","url":"https:\/\/institucional.ufrrj.br\/ineagro\/","name":"Ineagro","description":"Incubadora de Empresas de Base Tecnol\u00f3gica em Agroneg\u00f3cios","potentialAction":[{"@type":"SearchAction","target":{"@type":"EntryPoint","urlTemplate":"https:\/\/institucional.ufrrj.br\/ineagro\/?s={search_term_string}"},"query-input":{"@type":"PropertyValueSpecification","valueRequired":true,"valueName":"search_term_string"}}],"inLanguage":"pt-BR"}]}},"acf":[],"_links":{"self":[{"href":"https:\/\/institucional.ufrrj.br\/ineagro\/wp-json\/wp\/v2\/pages\/127","targetHints":{"allow":["GET"]}}],"collection":[{"href":"https:\/\/institucional.ufrrj.br\/ineagro\/wp-json\/wp\/v2\/pages"}],"about":[{"href":"https:\/\/institucional.ufrrj.br\/ineagro\/wp-json\/wp\/v2\/types\/page"}],"author":[{"embeddable":true,"href":"https:\/\/institucional.ufrrj.br\/ineagro\/wp-json\/wp\/v2\/users\/609"}],"replies":[{"embeddable":true,"href":"https:\/\/institucional.ufrrj.br\/ineagro\/wp-json\/wp\/v2\/comments?post=127"}],"version-history":[{"count":14,"href":"https:\/\/institucional.ufrrj.br\/ineagro\/wp-json\/wp\/v2\/pages\/127\/revisions"}],"predecessor-version":[{"id":181,"href":"https:\/\/institucional.ufrrj.br\/ineagro\/wp-json\/wp\/v2\/pages\/127\/revisions\/181"}],"wp:attachment":[{"href":"https:\/\/institucional.ufrrj.br\/ineagro\/wp-json\/wp\/v2\/media?parent=127"}],"curies":[{"name":"wp","href":"https:\/\/api.w.org\/{rel}","templated":true}]}}