{"id":69,"date":"2019-10-08T13:07:55","date_gmt":"2019-10-08T16:07:55","guid":{"rendered":"http:\/\/institucional.ufrrj.br\/guiadoestudante\/?page_id=69"},"modified":"2019-10-08T16:27:31","modified_gmt":"2019-10-08T19:27:31","slug":"programas-2","status":"publish","type":"page","link":"https:\/\/institucional.ufrrj.br\/guiadoestudante\/programas-2\/","title":{"rendered":"Programas"},"content":{"rendered":"<p><strong><a href=\"http:\/\/portal.ufrrj.br\/pro-reitoria-de-graduacao\/programas\/programa-de-educacao-tutorial-pet\/\" target=\"_blank\" rel=\"noopener noreferrer\">PET<\/a>:\u00a0<\/strong>Oprograma de Educa\u00e7\u00e3o Tutorial \u2013 PET \u00e9 desenvolvido por grupos de estudantes, com a tutoria de um docente.<br \/>\nOs grupos s\u00e3o orientados pelo princ\u00edpio da uni\u00e3o entre ensino, pesquisa e extens\u00e3o. As bolsas PET s\u00e3o fnanciadas pelo MEC, mediante sele\u00e7\u00e3o por edital. As sele\u00e7\u00f5es ocorrem conforme o calend\u00e1rio de cada projeto. A forma-<br \/>\n\u00e7\u00e3o de Grupos PET na UFRRJ tem representado uma conquista dos Cursos de Gradua\u00e7\u00e3o, re\ufb02etndo o compromisso deseus professores e estudantes com um processo de qualificado de forma\u00e7\u00e3o profissional, cientfca e cidad\u00e3. Atualmente,\u00a0<u>a Rural possui 14 grupos PET, distribu\u00eddos em seus tr\u00eas c\u00e2mpus.<\/u><\/p>\n<p><strong><a href=\"http:\/\/portal.ufrrj.br\/pro-reitoria-de-graduacao\/programas\/pibid-programa-institucional-de-bolsa-de-iniciacao-a-docencia\/\" target=\"_blank\" rel=\"noopener noreferrer\">PIBID<\/a>:\u00a0<\/strong>Com o objetivo de valorizar e incentivar a forma\u00e7\u00e3o dos estudantes das Licenciaturas, o Governo Federal instituiu o Programa de Bolsas de Incentivo \u00e0 Doc\u00eancia (Pibid). A Universidade tem atualmente\u00a0<u>533 bolsas<\/u>\u00a0para que estudantes de 14 cursos de gradua\u00e7\u00e3o desenvolvam atividades de ensino, pesquisa e extens\u00e3o em Escolas P\u00fablicas de Serop\u00e9dica, Nova Igua\u00e7u e Mesquita. A partir desse quantitativo de bolsas, o projeto prop\u00f5e, al\u00e9m da aproxima\u00e7\u00e3o f\u00edsica com a presen\u00e7a constante dos universit\u00e1rios no ambiente escolar, o envolvimento educacional e afetivo dos discentes da UFRRJ com as escolas parceiras.<\/p>\n<p><strong><a href=\"http:\/\/portal.ufrrj.br\/pro-reitoria-de-graduacao\/programas\/monitoria\/\" target=\"_blank\" rel=\"noopener noreferrer\">Monitoria<\/a>:\u00a0<\/strong>A monitoria oferece ao universit\u00e1rio um excelente espa\u00e7o de aprendizagem e viv\u00eancias acad\u00eamicas com o desenvolvimento de atividades did\u00e1tico-pedag\u00f3gicas e pr\u00e1ticas em disciplinas ou \u00e1reas de conhecimento sob a orienta\u00e7\u00e3o de um docente. A fun\u00e7\u00e3o do monitor de ensino s\u00f3 pode ser exercida por alunos que tenham cursado e obtido os cr\u00e9ditos da disciplina \u00e0 qual se destina a vaga com m\u00e9dia superior a sete. A monitoria pode ser remunerada ou volunt\u00e1ria, sendo que o monitor deve cumprir doze horas de atividades por semana, que n\u00e3o poder\u00e3o ser coincidentes com os hor\u00e1rios de aula das disciplinas em que esteja matriculado. A sele\u00e7\u00e3o de monitores \u00e9 feita mediante prova espec\u00edfica da disciplina, divulgada em Edital.<\/p>\n<p>Outros:\u00a0<a title=\"Mobilidade Estudantil\" href=\"http:\/\/portal.ufrrj.br\/pro-reitoria-de-graduacao\/programas\/programa-mobilidade-estudantil\/\">Mobilidade Estudantil; <\/a><a title=\"PARFOR\" href=\"http:\/\/portal.ufrrj.br\/pro-reitoria-de-graduacao\/programas\/plano-nacional-de-formacao-de-professores-da-educacao-basica\/\">Parfor<\/a>; <a title=\"PEC-G\" href=\"http:\/\/portal.ufrrj.br\/pro-reitoria-de-graduacao\/programas\/programa-de-estudante-de-convenio-de-graduacao\/\">Pec-G<\/a>; <a title=\"PROMISAES\" href=\"http:\/\/portal.ufrrj.br\/pro-reitoria-de-graduacao\/programas\/projeto-milton-santos-de-acesso-ao-ensino-superior\/\">Promisaes;<\/a> <a title=\"Resid\u00eancia Pedag\u00f3gica\" href=\"http:\/\/portal.ufrrj.br\/pro-reitoria-de-graduacao\/programas\/residencia-pedagogica\/\">Resid\u00eancia Pedag\u00f3gica;<\/a> e <a title=\"TUTORIA\" href=\"http:\/\/portal.ufrrj.br\/pro-reitoria-de-graduacao\/programas\/tutoria\/\">Tutoria.<\/a><\/p>\n<p><img loading=\"lazy\" decoding=\"async\" class=\"alignnone wp-image-49 size-full\" src=\"https:\/\/institucional.ufrrj.br\/guiadoestudante\/files\/2019\/09\/Programas.jpg\" alt=\"\" width=\"2119\" height=\"1414\" srcset=\"https:\/\/institucional.ufrrj.br\/guiadoestudante\/files\/2019\/09\/Programas.jpg 2119w, https:\/\/institucional.ufrrj.br\/guiadoestudante\/files\/2019\/09\/Programas-300x200.jpg 300w, https:\/\/institucional.ufrrj.br\/guiadoestudante\/files\/2019\/09\/Programas-768x512.jpg 768w, https:\/\/institucional.ufrrj.br\/guiadoestudante\/files\/2019\/09\/Programas-1024x683.jpg 1024w\" sizes=\"auto, (max-width: 2119px) 100vw, 2119px\" \/><\/p>\n","protected":false},"excerpt":{"rendered":"<p>PET:\u00a0Oprograma de Educa\u00e7\u00e3o Tutorial \u2013 PET \u00e9 desenvolvido por grupos de estudantes, com a tutoria de um docente. Os grupos <a class=\"read-more\" href=\"https:\/\/institucional.ufrrj.br\/guiadoestudante\/programas-2\/ \" >&#8230; <span class=\"font-italic\">leia mais <i class=\"fas fa-angle-right\"><\/i><\/span><\/a><\/p>\n","protected":false},"author":754,"featured_media":0,"parent":0,"menu_order":0,"comment_status":"closed","ping_status":"closed","template":"","meta":{"footnotes":""},"class_list":["post-69","page","type-page","status-publish","hentry"],"yoast_head":"<!-- This site is optimized with the Yoast SEO plugin v27.2 - https:\/\/yoast.com\/product\/yoast-seo-wordpress\/ -->\n<title>Programas - Guia do Estudante<\/title>\n<meta name=\"robots\" content=\"index, follow, max-snippet:-1, max-image-preview:large, max-video-preview:-1\" \/>\n<link rel=\"canonical\" href=\"https:\/\/institucional.ufrrj.br\/guiadoestudante\/programas-2\/\" \/>\n<meta property=\"og:locale\" content=\"pt_BR\" \/>\n<meta property=\"og:type\" content=\"article\" \/>\n<meta property=\"og:title\" content=\"Programas - Guia do Estudante\" \/>\n<meta property=\"og:description\" content=\"PET:\u00a0Oprograma de Educa\u00e7\u00e3o Tutorial \u2013 PET \u00e9 desenvolvido por grupos de estudantes, com a tutoria de um docente. Os grupos ... leia mais\" \/>\n<meta property=\"og:url\" content=\"https:\/\/institucional.ufrrj.br\/guiadoestudante\/programas-2\/\" \/>\n<meta property=\"og:site_name\" content=\"Guia do Estudante\" \/>\n<meta property=\"article:modified_time\" content=\"2019-10-08T19:27:31+00:00\" \/>\n<meta property=\"og:image\" content=\"http:\/\/institucional.ufrrj.br\/guiadoestudante\/files\/2019\/09\/Programas.jpg\" \/>\n<meta name=\"twitter:card\" content=\"summary_large_image\" \/>\n<meta name=\"twitter:label1\" content=\"Est. tempo de leitura\" \/>\n\t<meta name=\"twitter:data1\" content=\"2 minutos\" \/>\n<script type=\"application\/ld+json\" class=\"yoast-schema-graph\">{\"@context\":\"https:\/\/schema.org\",\"@graph\":[{\"@type\":\"WebPage\",\"@id\":\"https:\/\/institucional.ufrrj.br\/guiadoestudante\/programas-2\/\",\"url\":\"https:\/\/institucional.ufrrj.br\/guiadoestudante\/programas-2\/\",\"name\":\"Programas - Guia do Estudante\",\"isPartOf\":{\"@id\":\"https:\/\/institucional.ufrrj.br\/guiadoestudante\/#website\"},\"primaryImageOfPage\":{\"@id\":\"https:\/\/institucional.ufrrj.br\/guiadoestudante\/programas-2\/#primaryimage\"},\"image\":{\"@id\":\"https:\/\/institucional.ufrrj.br\/guiadoestudante\/programas-2\/#primaryimage\"},\"thumbnailUrl\":\"http:\/\/institucional.ufrrj.br\/guiadoestudante\/files\/2019\/09\/Programas.jpg\",\"datePublished\":\"2019-10-08T16:07:55+00:00\",\"dateModified\":\"2019-10-08T19:27:31+00:00\",\"breadcrumb\":{\"@id\":\"https:\/\/institucional.ufrrj.br\/guiadoestudante\/programas-2\/#breadcrumb\"},\"inLanguage\":\"pt-BR\",\"potentialAction\":[{\"@type\":\"ReadAction\",\"target\":[\"https:\/\/institucional.ufrrj.br\/guiadoestudante\/programas-2\/\"]}]},{\"@type\":\"ImageObject\",\"inLanguage\":\"pt-BR\",\"@id\":\"https:\/\/institucional.ufrrj.br\/guiadoestudante\/programas-2\/#primaryimage\",\"url\":\"http:\/\/institucional.ufrrj.br\/guiadoestudante\/files\/2019\/09\/Programas.jpg\",\"contentUrl\":\"http:\/\/institucional.ufrrj.br\/guiadoestudante\/files\/2019\/09\/Programas.jpg\"},{\"@type\":\"BreadcrumbList\",\"@id\":\"https:\/\/institucional.ufrrj.br\/guiadoestudante\/programas-2\/#breadcrumb\",\"itemListElement\":[{\"@type\":\"ListItem\",\"position\":1,\"name\":\"In\u00edcio\",\"item\":\"https:\/\/institucional.ufrrj.br\/guiadoestudante\/\"},{\"@type\":\"ListItem\",\"position\":2,\"name\":\"Programas\"}]},{\"@type\":\"WebSite\",\"@id\":\"https:\/\/institucional.ufrrj.br\/guiadoestudante\/#website\",\"url\":\"https:\/\/institucional.ufrrj.br\/guiadoestudante\/\",\"name\":\"Guia do Estudante\",\"description\":\"Universidade Federal Rural do Rio de Janeiro - UFRRJ\",\"potentialAction\":[{\"@type\":\"SearchAction\",\"target\":{\"@type\":\"EntryPoint\",\"urlTemplate\":\"https:\/\/institucional.ufrrj.br\/guiadoestudante\/?s={search_term_string}\"},\"query-input\":{\"@type\":\"PropertyValueSpecification\",\"valueRequired\":true,\"valueName\":\"search_term_string\"}}],\"inLanguage\":\"pt-BR\"}]}<\/script>\n<!-- \/ Yoast SEO plugin. -->","yoast_head_json":{"title":"Programas - Guia do Estudante","robots":{"index":"index","follow":"follow","max-snippet":"max-snippet:-1","max-image-preview":"max-image-preview:large","max-video-preview":"max-video-preview:-1"},"canonical":"https:\/\/institucional.ufrrj.br\/guiadoestudante\/programas-2\/","og_locale":"pt_BR","og_type":"article","og_title":"Programas - Guia do Estudante","og_description":"PET:\u00a0Oprograma de Educa\u00e7\u00e3o Tutorial \u2013 PET \u00e9 desenvolvido por grupos de estudantes, com a tutoria de um docente. Os grupos ... leia mais","og_url":"https:\/\/institucional.ufrrj.br\/guiadoestudante\/programas-2\/","og_site_name":"Guia do Estudante","article_modified_time":"2019-10-08T19:27:31+00:00","og_image":[{"url":"http:\/\/institucional.ufrrj.br\/guiadoestudante\/files\/2019\/09\/Programas.jpg","type":"","width":"","height":""}],"twitter_card":"summary_large_image","twitter_misc":{"Est. tempo de leitura":"2 minutos"},"schema":{"@context":"https:\/\/schema.org","@graph":[{"@type":"WebPage","@id":"https:\/\/institucional.ufrrj.br\/guiadoestudante\/programas-2\/","url":"https:\/\/institucional.ufrrj.br\/guiadoestudante\/programas-2\/","name":"Programas - Guia do Estudante","isPartOf":{"@id":"https:\/\/institucional.ufrrj.br\/guiadoestudante\/#website"},"primaryImageOfPage":{"@id":"https:\/\/institucional.ufrrj.br\/guiadoestudante\/programas-2\/#primaryimage"},"image":{"@id":"https:\/\/institucional.ufrrj.br\/guiadoestudante\/programas-2\/#primaryimage"},"thumbnailUrl":"http:\/\/institucional.ufrrj.br\/guiadoestudante\/files\/2019\/09\/Programas.jpg","datePublished":"2019-10-08T16:07:55+00:00","dateModified":"2019-10-08T19:27:31+00:00","breadcrumb":{"@id":"https:\/\/institucional.ufrrj.br\/guiadoestudante\/programas-2\/#breadcrumb"},"inLanguage":"pt-BR","potentialAction":[{"@type":"ReadAction","target":["https:\/\/institucional.ufrrj.br\/guiadoestudante\/programas-2\/"]}]},{"@type":"ImageObject","inLanguage":"pt-BR","@id":"https:\/\/institucional.ufrrj.br\/guiadoestudante\/programas-2\/#primaryimage","url":"http:\/\/institucional.ufrrj.br\/guiadoestudante\/files\/2019\/09\/Programas.jpg","contentUrl":"http:\/\/institucional.ufrrj.br\/guiadoestudante\/files\/2019\/09\/Programas.jpg"},{"@type":"BreadcrumbList","@id":"https:\/\/institucional.ufrrj.br\/guiadoestudante\/programas-2\/#breadcrumb","itemListElement":[{"@type":"ListItem","position":1,"name":"In\u00edcio","item":"https:\/\/institucional.ufrrj.br\/guiadoestudante\/"},{"@type":"ListItem","position":2,"name":"Programas"}]},{"@type":"WebSite","@id":"https:\/\/institucional.ufrrj.br\/guiadoestudante\/#website","url":"https:\/\/institucional.ufrrj.br\/guiadoestudante\/","name":"Guia do Estudante","description":"Universidade Federal Rural do Rio de Janeiro - UFRRJ","potentialAction":[{"@type":"SearchAction","target":{"@type":"EntryPoint","urlTemplate":"https:\/\/institucional.ufrrj.br\/guiadoestudante\/?s={search_term_string}"},"query-input":{"@type":"PropertyValueSpecification","valueRequired":true,"valueName":"search_term_string"}}],"inLanguage":"pt-BR"}]}},"_links":{"self":[{"href":"https:\/\/institucional.ufrrj.br\/guiadoestudante\/wp-json\/wp\/v2\/pages\/69","targetHints":{"allow":["GET"]}}],"collection":[{"href":"https:\/\/institucional.ufrrj.br\/guiadoestudante\/wp-json\/wp\/v2\/pages"}],"about":[{"href":"https:\/\/institucional.ufrrj.br\/guiadoestudante\/wp-json\/wp\/v2\/types\/page"}],"author":[{"embeddable":true,"href":"https:\/\/institucional.ufrrj.br\/guiadoestudante\/wp-json\/wp\/v2\/users\/754"}],"replies":[{"embeddable":true,"href":"https:\/\/institucional.ufrrj.br\/guiadoestudante\/wp-json\/wp\/v2\/comments?post=69"}],"version-history":[{"count":5,"href":"https:\/\/institucional.ufrrj.br\/guiadoestudante\/wp-json\/wp\/v2\/pages\/69\/revisions"}],"predecessor-version":[{"id":94,"href":"https:\/\/institucional.ufrrj.br\/guiadoestudante\/wp-json\/wp\/v2\/pages\/69\/revisions\/94"}],"wp:attachment":[{"href":"https:\/\/institucional.ufrrj.br\/guiadoestudante\/wp-json\/wp\/v2\/media?parent=69"}],"curies":[{"name":"wp","href":"https:\/\/api.w.org\/{rel}","templated":true}]}}