{"id":67,"date":"2019-10-08T13:07:13","date_gmt":"2019-10-08T16:07:13","guid":{"rendered":"http:\/\/institucional.ufrrj.br\/guiadoestudante\/?page_id=67"},"modified":"2019-10-08T14:12:43","modified_gmt":"2019-10-08T17:12:43","slug":"biblioteca-2","status":"publish","type":"page","link":"https:\/\/institucional.ufrrj.br\/guiadoestudante\/biblioteca-2\/","title":{"rendered":"Biblioteca"},"content":{"rendered":"<p>Para utilizar os servi\u00e7os oferecidos pela Biblioteca \u00e9 necess\u00e1rio realizar um cadastro. O interessado deve apresentar o formul\u00e1rio de inscri\u00e7\u00e3o preenchido, com a seguinte documenta\u00e7\u00e3o: comprovante de resid\u00eancia, carteira de estudante e uma foto recente 3\u00d74. Alguns institutos possuem bibliotecas setoriais, como o IM, ITR e ICHS, por exemplo. Al\u00e9m disso, a Rural tem uma <a href=\"http:\/\/institucional.ufrrj.br\/biblioteca\/\">biblioteca virtual<\/a> com 54 t\u00edtulos e 373 exemplares em e-book. O aluno pode acessar qualquer um dos livros digitais de dentro ou de fora da Universidade. J\u00e1 o empr\u00e9stimo de impressos poder\u00e1 ser feito por at\u00e9 sete dias corridos, sendo a quantidade limitada a duas unidades.<\/p>\n<p><img loading=\"lazy\" decoding=\"async\" class=\"alignnone wp-image-53 size-full\" src=\"https:\/\/institucional.ufrrj.br\/guiadoestudante\/files\/2019\/09\/Biblioteca.jpg\" alt=\"\" width=\"4384\" height=\"2923\" srcset=\"https:\/\/institucional.ufrrj.br\/guiadoestudante\/files\/2019\/09\/Biblioteca.jpg 4384w, https:\/\/institucional.ufrrj.br\/guiadoestudante\/files\/2019\/09\/Biblioteca-300x200.jpg 300w, https:\/\/institucional.ufrrj.br\/guiadoestudante\/files\/2019\/09\/Biblioteca-768x512.jpg 768w, https:\/\/institucional.ufrrj.br\/guiadoestudante\/files\/2019\/09\/Biblioteca-1024x683.jpg 1024w\" sizes=\"auto, (max-width: 4384px) 100vw, 4384px\" \/><\/p>\n","protected":false},"excerpt":{"rendered":"<p>Para utilizar os servi\u00e7os oferecidos pela Biblioteca \u00e9 necess\u00e1rio realizar um cadastro. O interessado deve apresentar o formul\u00e1rio de inscri\u00e7\u00e3o <a class=\"read-more\" href=\"https:\/\/institucional.ufrrj.br\/guiadoestudante\/biblioteca-2\/ \" >&#8230; <span class=\"font-italic\">leia mais <i class=\"fas fa-angle-right\"><\/i><\/span><\/a><\/p>\n","protected":false},"author":754,"featured_media":0,"parent":0,"menu_order":0,"comment_status":"closed","ping_status":"closed","template":"","meta":{"footnotes":""},"class_list":["post-67","page","type-page","status-publish","hentry"],"yoast_head":"<!-- This site is optimized with the Yoast SEO plugin v27.2 - https:\/\/yoast.com\/product\/yoast-seo-wordpress\/ -->\n<title>Biblioteca - Guia do Estudante<\/title>\n<meta name=\"robots\" content=\"index, follow, max-snippet:-1, max-image-preview:large, max-video-preview:-1\" \/>\n<link rel=\"canonical\" href=\"https:\/\/institucional.ufrrj.br\/guiadoestudante\/biblioteca-2\/\" \/>\n<meta property=\"og:locale\" content=\"pt_BR\" \/>\n<meta property=\"og:type\" content=\"article\" \/>\n<meta property=\"og:title\" content=\"Biblioteca - Guia do Estudante\" \/>\n<meta property=\"og:description\" content=\"Para utilizar os servi\u00e7os oferecidos pela Biblioteca \u00e9 necess\u00e1rio realizar um cadastro. O interessado deve apresentar o formul\u00e1rio de inscri\u00e7\u00e3o ... leia mais\" \/>\n<meta property=\"og:url\" content=\"https:\/\/institucional.ufrrj.br\/guiadoestudante\/biblioteca-2\/\" \/>\n<meta property=\"og:site_name\" content=\"Guia do Estudante\" \/>\n<meta property=\"article:modified_time\" content=\"2019-10-08T17:12:43+00:00\" \/>\n<meta property=\"og:image\" content=\"http:\/\/institucional.ufrrj.br\/guiadoestudante\/files\/2019\/09\/Biblioteca.jpg\" \/>\n<meta name=\"twitter:card\" content=\"summary_large_image\" \/>\n<meta name=\"twitter:label1\" content=\"Est. tempo de leitura\" \/>\n\t<meta name=\"twitter:data1\" content=\"1 minuto\" \/>\n<script type=\"application\/ld+json\" class=\"yoast-schema-graph\">{\"@context\":\"https:\/\/schema.org\",\"@graph\":[{\"@type\":\"WebPage\",\"@id\":\"https:\/\/institucional.ufrrj.br\/guiadoestudante\/biblioteca-2\/\",\"url\":\"https:\/\/institucional.ufrrj.br\/guiadoestudante\/biblioteca-2\/\",\"name\":\"Biblioteca - Guia do Estudante\",\"isPartOf\":{\"@id\":\"https:\/\/institucional.ufrrj.br\/guiadoestudante\/#website\"},\"primaryImageOfPage\":{\"@id\":\"https:\/\/institucional.ufrrj.br\/guiadoestudante\/biblioteca-2\/#primaryimage\"},\"image\":{\"@id\":\"https:\/\/institucional.ufrrj.br\/guiadoestudante\/biblioteca-2\/#primaryimage\"},\"thumbnailUrl\":\"http:\/\/institucional.ufrrj.br\/guiadoestudante\/files\/2019\/09\/Biblioteca.jpg\",\"datePublished\":\"2019-10-08T16:07:13+00:00\",\"dateModified\":\"2019-10-08T17:12:43+00:00\",\"breadcrumb\":{\"@id\":\"https:\/\/institucional.ufrrj.br\/guiadoestudante\/biblioteca-2\/#breadcrumb\"},\"inLanguage\":\"pt-BR\",\"potentialAction\":[{\"@type\":\"ReadAction\",\"target\":[\"https:\/\/institucional.ufrrj.br\/guiadoestudante\/biblioteca-2\/\"]}]},{\"@type\":\"ImageObject\",\"inLanguage\":\"pt-BR\",\"@id\":\"https:\/\/institucional.ufrrj.br\/guiadoestudante\/biblioteca-2\/#primaryimage\",\"url\":\"http:\/\/institucional.ufrrj.br\/guiadoestudante\/files\/2019\/09\/Biblioteca.jpg\",\"contentUrl\":\"http:\/\/institucional.ufrrj.br\/guiadoestudante\/files\/2019\/09\/Biblioteca.jpg\"},{\"@type\":\"BreadcrumbList\",\"@id\":\"https:\/\/institucional.ufrrj.br\/guiadoestudante\/biblioteca-2\/#breadcrumb\",\"itemListElement\":[{\"@type\":\"ListItem\",\"position\":1,\"name\":\"In\u00edcio\",\"item\":\"https:\/\/institucional.ufrrj.br\/guiadoestudante\/\"},{\"@type\":\"ListItem\",\"position\":2,\"name\":\"Biblioteca\"}]},{\"@type\":\"WebSite\",\"@id\":\"https:\/\/institucional.ufrrj.br\/guiadoestudante\/#website\",\"url\":\"https:\/\/institucional.ufrrj.br\/guiadoestudante\/\",\"name\":\"Guia do Estudante\",\"description\":\"Universidade Federal Rural do Rio de Janeiro - UFRRJ\",\"potentialAction\":[{\"@type\":\"SearchAction\",\"target\":{\"@type\":\"EntryPoint\",\"urlTemplate\":\"https:\/\/institucional.ufrrj.br\/guiadoestudante\/?s={search_term_string}\"},\"query-input\":{\"@type\":\"PropertyValueSpecification\",\"valueRequired\":true,\"valueName\":\"search_term_string\"}}],\"inLanguage\":\"pt-BR\"}]}<\/script>\n<!-- \/ Yoast SEO plugin. -->","yoast_head_json":{"title":"Biblioteca - Guia do Estudante","robots":{"index":"index","follow":"follow","max-snippet":"max-snippet:-1","max-image-preview":"max-image-preview:large","max-video-preview":"max-video-preview:-1"},"canonical":"https:\/\/institucional.ufrrj.br\/guiadoestudante\/biblioteca-2\/","og_locale":"pt_BR","og_type":"article","og_title":"Biblioteca - Guia do Estudante","og_description":"Para utilizar os servi\u00e7os oferecidos pela Biblioteca \u00e9 necess\u00e1rio realizar um cadastro. O interessado deve apresentar o formul\u00e1rio de inscri\u00e7\u00e3o ... leia mais","og_url":"https:\/\/institucional.ufrrj.br\/guiadoestudante\/biblioteca-2\/","og_site_name":"Guia do Estudante","article_modified_time":"2019-10-08T17:12:43+00:00","og_image":[{"url":"http:\/\/institucional.ufrrj.br\/guiadoestudante\/files\/2019\/09\/Biblioteca.jpg","type":"","width":"","height":""}],"twitter_card":"summary_large_image","twitter_misc":{"Est. tempo de leitura":"1 minuto"},"schema":{"@context":"https:\/\/schema.org","@graph":[{"@type":"WebPage","@id":"https:\/\/institucional.ufrrj.br\/guiadoestudante\/biblioteca-2\/","url":"https:\/\/institucional.ufrrj.br\/guiadoestudante\/biblioteca-2\/","name":"Biblioteca - Guia do Estudante","isPartOf":{"@id":"https:\/\/institucional.ufrrj.br\/guiadoestudante\/#website"},"primaryImageOfPage":{"@id":"https:\/\/institucional.ufrrj.br\/guiadoestudante\/biblioteca-2\/#primaryimage"},"image":{"@id":"https:\/\/institucional.ufrrj.br\/guiadoestudante\/biblioteca-2\/#primaryimage"},"thumbnailUrl":"http:\/\/institucional.ufrrj.br\/guiadoestudante\/files\/2019\/09\/Biblioteca.jpg","datePublished":"2019-10-08T16:07:13+00:00","dateModified":"2019-10-08T17:12:43+00:00","breadcrumb":{"@id":"https:\/\/institucional.ufrrj.br\/guiadoestudante\/biblioteca-2\/#breadcrumb"},"inLanguage":"pt-BR","potentialAction":[{"@type":"ReadAction","target":["https:\/\/institucional.ufrrj.br\/guiadoestudante\/biblioteca-2\/"]}]},{"@type":"ImageObject","inLanguage":"pt-BR","@id":"https:\/\/institucional.ufrrj.br\/guiadoestudante\/biblioteca-2\/#primaryimage","url":"http:\/\/institucional.ufrrj.br\/guiadoestudante\/files\/2019\/09\/Biblioteca.jpg","contentUrl":"http:\/\/institucional.ufrrj.br\/guiadoestudante\/files\/2019\/09\/Biblioteca.jpg"},{"@type":"BreadcrumbList","@id":"https:\/\/institucional.ufrrj.br\/guiadoestudante\/biblioteca-2\/#breadcrumb","itemListElement":[{"@type":"ListItem","position":1,"name":"In\u00edcio","item":"https:\/\/institucional.ufrrj.br\/guiadoestudante\/"},{"@type":"ListItem","position":2,"name":"Biblioteca"}]},{"@type":"WebSite","@id":"https:\/\/institucional.ufrrj.br\/guiadoestudante\/#website","url":"https:\/\/institucional.ufrrj.br\/guiadoestudante\/","name":"Guia do Estudante","description":"Universidade Federal Rural do Rio de Janeiro - UFRRJ","potentialAction":[{"@type":"SearchAction","target":{"@type":"EntryPoint","urlTemplate":"https:\/\/institucional.ufrrj.br\/guiadoestudante\/?s={search_term_string}"},"query-input":{"@type":"PropertyValueSpecification","valueRequired":true,"valueName":"search_term_string"}}],"inLanguage":"pt-BR"}]}},"_links":{"self":[{"href":"https:\/\/institucional.ufrrj.br\/guiadoestudante\/wp-json\/wp\/v2\/pages\/67","targetHints":{"allow":["GET"]}}],"collection":[{"href":"https:\/\/institucional.ufrrj.br\/guiadoestudante\/wp-json\/wp\/v2\/pages"}],"about":[{"href":"https:\/\/institucional.ufrrj.br\/guiadoestudante\/wp-json\/wp\/v2\/types\/page"}],"author":[{"embeddable":true,"href":"https:\/\/institucional.ufrrj.br\/guiadoestudante\/wp-json\/wp\/v2\/users\/754"}],"replies":[{"embeddable":true,"href":"https:\/\/institucional.ufrrj.br\/guiadoestudante\/wp-json\/wp\/v2\/comments?post=67"}],"version-history":[{"count":2,"href":"https:\/\/institucional.ufrrj.br\/guiadoestudante\/wp-json\/wp\/v2\/pages\/67\/revisions"}],"predecessor-version":[{"id":79,"href":"https:\/\/institucional.ufrrj.br\/guiadoestudante\/wp-json\/wp\/v2\/pages\/67\/revisions\/79"}],"wp:attachment":[{"href":"https:\/\/institucional.ufrrj.br\/guiadoestudante\/wp-json\/wp\/v2\/media?parent=67"}],"curies":[{"name":"wp","href":"https:\/\/api.w.org\/{rel}","templated":true}]}}