{"id":65,"date":"2019-10-08T13:06:23","date_gmt":"2019-10-08T16:06:23","guid":{"rendered":"http:\/\/institucional.ufrrj.br\/guiadoestudante\/?page_id=65"},"modified":"2019-10-08T14:14:37","modified_gmt":"2019-10-08T17:14:37","slug":"alojamento-2","status":"publish","type":"page","link":"https:\/\/institucional.ufrrj.br\/guiadoestudante\/alojamento-2\/","title":{"rendered":"Alojamento"},"content":{"rendered":"<p>A UFRRJ possui 12 pr\u00e9dios de Moradia Estudantil, sendo seis masculinos e seis femininos, nos quais, atualmente, residem cerca de 1.500 estudantes. Desse total, cerca de 800 s\u00e3o homens e 700 s\u00e3o mulheres. Todos os pr\u00e9dios da Resid\u00eancia Estudantil est\u00e3o no C\u00e2mpus Serop\u00e9dica. A sele\u00e7\u00e3o para a ocupa\u00e7\u00e3o das vagas dispon\u00edveis na Moradia Estudantil \u00e9 feita no in\u00edcio de cada semestre letivo, mediante a publica\u00e7\u00e3o de edital no site da Pr\u00f3-Reitoria de Assuntos Estudantis (Proaes). Nele, est\u00e3o discriminados o cronograma com as datas do processo seletivo e a listagem de todos os documentos exigidos no ato da sua inscri\u00e7\u00e3o.<\/p>\n<p><img loading=\"lazy\" decoding=\"async\" class=\"alignnone wp-image-52 size-full\" src=\"https:\/\/institucional.ufrrj.br\/guiadoestudante\/files\/2019\/09\/Alojamento.jpg\" alt=\"\" width=\"4608\" height=\"3072\" srcset=\"https:\/\/institucional.ufrrj.br\/guiadoestudante\/files\/2019\/09\/Alojamento.jpg 4608w, https:\/\/institucional.ufrrj.br\/guiadoestudante\/files\/2019\/09\/Alojamento-300x200.jpg 300w, https:\/\/institucional.ufrrj.br\/guiadoestudante\/files\/2019\/09\/Alojamento-768x512.jpg 768w, https:\/\/institucional.ufrrj.br\/guiadoestudante\/files\/2019\/09\/Alojamento-1024x683.jpg 1024w\" sizes=\"auto, (max-width: 4608px) 100vw, 4608px\" \/><\/p>\n","protected":false},"excerpt":{"rendered":"<p>A UFRRJ possui 12 pr\u00e9dios de Moradia Estudantil, sendo seis masculinos e seis femininos, nos quais, atualmente, residem cerca de <a class=\"read-more\" href=\"https:\/\/institucional.ufrrj.br\/guiadoestudante\/alojamento-2\/ \" >&#8230; <span class=\"font-italic\">leia mais <i class=\"fas fa-angle-right\"><\/i><\/span><\/a><\/p>\n","protected":false},"author":754,"featured_media":0,"parent":0,"menu_order":0,"comment_status":"closed","ping_status":"closed","template":"","meta":{"footnotes":""},"class_list":["post-65","page","type-page","status-publish","hentry"],"yoast_head":"<!-- This site is optimized with the Yoast SEO plugin v27.2 - https:\/\/yoast.com\/product\/yoast-seo-wordpress\/ -->\n<title>Alojamento - Guia do Estudante<\/title>\n<meta name=\"robots\" content=\"index, follow, max-snippet:-1, max-image-preview:large, max-video-preview:-1\" \/>\n<link rel=\"canonical\" href=\"https:\/\/institucional.ufrrj.br\/guiadoestudante\/alojamento-2\/\" \/>\n<meta property=\"og:locale\" content=\"pt_BR\" \/>\n<meta property=\"og:type\" content=\"article\" \/>\n<meta property=\"og:title\" content=\"Alojamento - Guia do Estudante\" \/>\n<meta property=\"og:description\" content=\"A UFRRJ possui 12 pr\u00e9dios de Moradia Estudantil, sendo seis masculinos e seis femininos, nos quais, atualmente, residem cerca de ... leia mais\" \/>\n<meta property=\"og:url\" content=\"https:\/\/institucional.ufrrj.br\/guiadoestudante\/alojamento-2\/\" \/>\n<meta property=\"og:site_name\" content=\"Guia do Estudante\" \/>\n<meta property=\"article:modified_time\" content=\"2019-10-08T17:14:37+00:00\" \/>\n<meta property=\"og:image\" content=\"http:\/\/institucional.ufrrj.br\/guiadoestudante\/files\/2019\/09\/Alojamento.jpg\" \/>\n<meta name=\"twitter:card\" content=\"summary_large_image\" \/>\n<meta name=\"twitter:label1\" content=\"Est. tempo de leitura\" \/>\n\t<meta name=\"twitter:data1\" content=\"1 minuto\" \/>\n<script type=\"application\/ld+json\" class=\"yoast-schema-graph\">{\"@context\":\"https:\/\/schema.org\",\"@graph\":[{\"@type\":\"WebPage\",\"@id\":\"https:\/\/institucional.ufrrj.br\/guiadoestudante\/alojamento-2\/\",\"url\":\"https:\/\/institucional.ufrrj.br\/guiadoestudante\/alojamento-2\/\",\"name\":\"Alojamento - Guia do Estudante\",\"isPartOf\":{\"@id\":\"https:\/\/institucional.ufrrj.br\/guiadoestudante\/#website\"},\"primaryImageOfPage\":{\"@id\":\"https:\/\/institucional.ufrrj.br\/guiadoestudante\/alojamento-2\/#primaryimage\"},\"image\":{\"@id\":\"https:\/\/institucional.ufrrj.br\/guiadoestudante\/alojamento-2\/#primaryimage\"},\"thumbnailUrl\":\"http:\/\/institucional.ufrrj.br\/guiadoestudante\/files\/2019\/09\/Alojamento.jpg\",\"datePublished\":\"2019-10-08T16:06:23+00:00\",\"dateModified\":\"2019-10-08T17:14:37+00:00\",\"breadcrumb\":{\"@id\":\"https:\/\/institucional.ufrrj.br\/guiadoestudante\/alojamento-2\/#breadcrumb\"},\"inLanguage\":\"pt-BR\",\"potentialAction\":[{\"@type\":\"ReadAction\",\"target\":[\"https:\/\/institucional.ufrrj.br\/guiadoestudante\/alojamento-2\/\"]}]},{\"@type\":\"ImageObject\",\"inLanguage\":\"pt-BR\",\"@id\":\"https:\/\/institucional.ufrrj.br\/guiadoestudante\/alojamento-2\/#primaryimage\",\"url\":\"http:\/\/institucional.ufrrj.br\/guiadoestudante\/files\/2019\/09\/Alojamento.jpg\",\"contentUrl\":\"http:\/\/institucional.ufrrj.br\/guiadoestudante\/files\/2019\/09\/Alojamento.jpg\"},{\"@type\":\"BreadcrumbList\",\"@id\":\"https:\/\/institucional.ufrrj.br\/guiadoestudante\/alojamento-2\/#breadcrumb\",\"itemListElement\":[{\"@type\":\"ListItem\",\"position\":1,\"name\":\"In\u00edcio\",\"item\":\"https:\/\/institucional.ufrrj.br\/guiadoestudante\/\"},{\"@type\":\"ListItem\",\"position\":2,\"name\":\"Alojamento\"}]},{\"@type\":\"WebSite\",\"@id\":\"https:\/\/institucional.ufrrj.br\/guiadoestudante\/#website\",\"url\":\"https:\/\/institucional.ufrrj.br\/guiadoestudante\/\",\"name\":\"Guia do Estudante\",\"description\":\"Universidade Federal Rural do Rio de Janeiro - UFRRJ\",\"potentialAction\":[{\"@type\":\"SearchAction\",\"target\":{\"@type\":\"EntryPoint\",\"urlTemplate\":\"https:\/\/institucional.ufrrj.br\/guiadoestudante\/?s={search_term_string}\"},\"query-input\":{\"@type\":\"PropertyValueSpecification\",\"valueRequired\":true,\"valueName\":\"search_term_string\"}}],\"inLanguage\":\"pt-BR\"}]}<\/script>\n<!-- \/ Yoast SEO plugin. -->","yoast_head_json":{"title":"Alojamento - Guia do Estudante","robots":{"index":"index","follow":"follow","max-snippet":"max-snippet:-1","max-image-preview":"max-image-preview:large","max-video-preview":"max-video-preview:-1"},"canonical":"https:\/\/institucional.ufrrj.br\/guiadoestudante\/alojamento-2\/","og_locale":"pt_BR","og_type":"article","og_title":"Alojamento - Guia do Estudante","og_description":"A UFRRJ possui 12 pr\u00e9dios de Moradia Estudantil, sendo seis masculinos e seis femininos, nos quais, atualmente, residem cerca de ... leia mais","og_url":"https:\/\/institucional.ufrrj.br\/guiadoestudante\/alojamento-2\/","og_site_name":"Guia do Estudante","article_modified_time":"2019-10-08T17:14:37+00:00","og_image":[{"url":"http:\/\/institucional.ufrrj.br\/guiadoestudante\/files\/2019\/09\/Alojamento.jpg","type":"","width":"","height":""}],"twitter_card":"summary_large_image","twitter_misc":{"Est. tempo de leitura":"1 minuto"},"schema":{"@context":"https:\/\/schema.org","@graph":[{"@type":"WebPage","@id":"https:\/\/institucional.ufrrj.br\/guiadoestudante\/alojamento-2\/","url":"https:\/\/institucional.ufrrj.br\/guiadoestudante\/alojamento-2\/","name":"Alojamento - Guia do Estudante","isPartOf":{"@id":"https:\/\/institucional.ufrrj.br\/guiadoestudante\/#website"},"primaryImageOfPage":{"@id":"https:\/\/institucional.ufrrj.br\/guiadoestudante\/alojamento-2\/#primaryimage"},"image":{"@id":"https:\/\/institucional.ufrrj.br\/guiadoestudante\/alojamento-2\/#primaryimage"},"thumbnailUrl":"http:\/\/institucional.ufrrj.br\/guiadoestudante\/files\/2019\/09\/Alojamento.jpg","datePublished":"2019-10-08T16:06:23+00:00","dateModified":"2019-10-08T17:14:37+00:00","breadcrumb":{"@id":"https:\/\/institucional.ufrrj.br\/guiadoestudante\/alojamento-2\/#breadcrumb"},"inLanguage":"pt-BR","potentialAction":[{"@type":"ReadAction","target":["https:\/\/institucional.ufrrj.br\/guiadoestudante\/alojamento-2\/"]}]},{"@type":"ImageObject","inLanguage":"pt-BR","@id":"https:\/\/institucional.ufrrj.br\/guiadoestudante\/alojamento-2\/#primaryimage","url":"http:\/\/institucional.ufrrj.br\/guiadoestudante\/files\/2019\/09\/Alojamento.jpg","contentUrl":"http:\/\/institucional.ufrrj.br\/guiadoestudante\/files\/2019\/09\/Alojamento.jpg"},{"@type":"BreadcrumbList","@id":"https:\/\/institucional.ufrrj.br\/guiadoestudante\/alojamento-2\/#breadcrumb","itemListElement":[{"@type":"ListItem","position":1,"name":"In\u00edcio","item":"https:\/\/institucional.ufrrj.br\/guiadoestudante\/"},{"@type":"ListItem","position":2,"name":"Alojamento"}]},{"@type":"WebSite","@id":"https:\/\/institucional.ufrrj.br\/guiadoestudante\/#website","url":"https:\/\/institucional.ufrrj.br\/guiadoestudante\/","name":"Guia do Estudante","description":"Universidade Federal Rural do Rio de Janeiro - UFRRJ","potentialAction":[{"@type":"SearchAction","target":{"@type":"EntryPoint","urlTemplate":"https:\/\/institucional.ufrrj.br\/guiadoestudante\/?s={search_term_string}"},"query-input":{"@type":"PropertyValueSpecification","valueRequired":true,"valueName":"search_term_string"}}],"inLanguage":"pt-BR"}]}},"_links":{"self":[{"href":"https:\/\/institucional.ufrrj.br\/guiadoestudante\/wp-json\/wp\/v2\/pages\/65","targetHints":{"allow":["GET"]}}],"collection":[{"href":"https:\/\/institucional.ufrrj.br\/guiadoestudante\/wp-json\/wp\/v2\/pages"}],"about":[{"href":"https:\/\/institucional.ufrrj.br\/guiadoestudante\/wp-json\/wp\/v2\/types\/page"}],"author":[{"embeddable":true,"href":"https:\/\/institucional.ufrrj.br\/guiadoestudante\/wp-json\/wp\/v2\/users\/754"}],"replies":[{"embeddable":true,"href":"https:\/\/institucional.ufrrj.br\/guiadoestudante\/wp-json\/wp\/v2\/comments?post=65"}],"version-history":[{"count":2,"href":"https:\/\/institucional.ufrrj.br\/guiadoestudante\/wp-json\/wp\/v2\/pages\/65\/revisions"}],"predecessor-version":[{"id":81,"href":"https:\/\/institucional.ufrrj.br\/guiadoestudante\/wp-json\/wp\/v2\/pages\/65\/revisions\/81"}],"wp:attachment":[{"href":"https:\/\/institucional.ufrrj.br\/guiadoestudante\/wp-json\/wp\/v2\/media?parent=65"}],"curies":[{"name":"wp","href":"https:\/\/api.w.org\/{rel}","templated":true}]}}