{"id":63,"date":"2019-10-08T13:05:52","date_gmt":"2019-10-08T16:05:52","guid":{"rendered":"http:\/\/institucional.ufrrj.br\/guiadoestudante\/?page_id=63"},"modified":"2019-10-08T14:13:42","modified_gmt":"2019-10-08T17:13:42","slug":"bandejao-2","status":"publish","type":"page","link":"https:\/\/institucional.ufrrj.br\/guiadoestudante\/bandejao-2\/","title":{"rendered":"Bandej\u00e3o"},"content":{"rendered":"<p>O Restaurante Universit\u00e1rio (RU) \u00e9 o famoso \u201cbandej\u00e3o\u201d. Nele estudantes dos c\u00e2mpus Serop\u00e9dica e Nova Igua\u00e7u podem tomar caf\u00e9 da manh\u00e3, almo\u00e7ar e jantar. Para acessar o RU, o aluno deve possuir um ticket, espec\u00edfico para cada tipo de refei\u00e7\u00e3o, e a carteirinha estudantil. Na sede, atualmente,\u00a0<u>cerca de 4.500 (quatro mil e quinhentas) refei\u00e7\u00f5es<\/u>\u00a0s\u00e3o distribu\u00eddas por dia, nas modalidades de desjejum (caf\u00e9 da manh\u00e3), almo\u00e7o e jantar. J\u00e1 o bandej\u00e3o do c\u00e2mpus Nova Igua\u00e7u tem capacidade para fornecer\u00a0<u>at\u00e9 1.000 (mil) refei\u00e7\u00f5es di\u00e1rias<\/u>. A venda de tickets acontece na sala 35, do Pavilh\u00e3o Central, em Serop\u00e9dica, de 8h \u00e0s 15h. J\u00e1 em Nova Igua\u00e7u, os estudantes devem comprar seus tickets na sala 310, do Bloco Administrativo, no hor\u00e1rio de 10 \u00e0s 18h30. O valor unit\u00e1rio \u00e9 de R$ 0,70 para caf\u00e9 da manh\u00e3 e R$ 1,45 para almo\u00e7o ou jantar.<\/p>\n<p><img loading=\"lazy\" decoding=\"async\" class=\"alignnone wp-image-51 size-full\" src=\"https:\/\/institucional.ufrrj.br\/guiadoestudante\/files\/2019\/09\/Bandej\u00e3o.jpg\" alt=\"\" width=\"1600\" height=\"1071\" srcset=\"https:\/\/institucional.ufrrj.br\/guiadoestudante\/files\/2019\/09\/Bandej\u00e3o.jpg 1600w, https:\/\/institucional.ufrrj.br\/guiadoestudante\/files\/2019\/09\/Bandej\u00e3o-300x201.jpg 300w, https:\/\/institucional.ufrrj.br\/guiadoestudante\/files\/2019\/09\/Bandej\u00e3o-768x514.jpg 768w, https:\/\/institucional.ufrrj.br\/guiadoestudante\/files\/2019\/09\/Bandej\u00e3o-1024x685.jpg 1024w\" sizes=\"auto, (max-width: 1600px) 100vw, 1600px\" \/><\/p>\n","protected":false},"excerpt":{"rendered":"<p>O Restaurante Universit\u00e1rio (RU) \u00e9 o famoso \u201cbandej\u00e3o\u201d. Nele estudantes dos c\u00e2mpus Serop\u00e9dica e Nova Igua\u00e7u podem tomar caf\u00e9 da <a class=\"read-more\" href=\"https:\/\/institucional.ufrrj.br\/guiadoestudante\/bandejao-2\/ \" >&#8230; <span class=\"font-italic\">leia mais <i class=\"fas fa-angle-right\"><\/i><\/span><\/a><\/p>\n","protected":false},"author":754,"featured_media":0,"parent":0,"menu_order":0,"comment_status":"closed","ping_status":"closed","template":"","meta":{"footnotes":""},"class_list":["post-63","page","type-page","status-publish","hentry"],"yoast_head":"<!-- This site is optimized with the Yoast SEO plugin v27.2 - https:\/\/yoast.com\/product\/yoast-seo-wordpress\/ -->\n<title>Bandej\u00e3o - Guia do Estudante<\/title>\n<meta name=\"robots\" content=\"index, follow, max-snippet:-1, max-image-preview:large, max-video-preview:-1\" \/>\n<link rel=\"canonical\" href=\"https:\/\/institucional.ufrrj.br\/guiadoestudante\/bandejao-2\/\" \/>\n<meta property=\"og:locale\" content=\"pt_BR\" \/>\n<meta property=\"og:type\" content=\"article\" \/>\n<meta property=\"og:title\" content=\"Bandej\u00e3o - Guia do Estudante\" \/>\n<meta property=\"og:description\" content=\"O Restaurante Universit\u00e1rio (RU) \u00e9 o famoso \u201cbandej\u00e3o\u201d. Nele estudantes dos c\u00e2mpus Serop\u00e9dica e Nova Igua\u00e7u podem tomar caf\u00e9 da ... leia mais\" \/>\n<meta property=\"og:url\" content=\"https:\/\/institucional.ufrrj.br\/guiadoestudante\/bandejao-2\/\" \/>\n<meta property=\"og:site_name\" content=\"Guia do Estudante\" \/>\n<meta property=\"article:modified_time\" content=\"2019-10-08T17:13:42+00:00\" \/>\n<meta name=\"twitter:card\" content=\"summary_large_image\" \/>\n<meta name=\"twitter:label1\" content=\"Est. tempo de leitura\" \/>\n\t<meta name=\"twitter:data1\" content=\"1 minuto\" \/>\n<script type=\"application\/ld+json\" class=\"yoast-schema-graph\">{\"@context\":\"https:\/\/schema.org\",\"@graph\":[{\"@type\":\"WebPage\",\"@id\":\"https:\/\/institucional.ufrrj.br\/guiadoestudante\/bandejao-2\/\",\"url\":\"https:\/\/institucional.ufrrj.br\/guiadoestudante\/bandejao-2\/\",\"name\":\"Bandej\u00e3o - Guia do Estudante\",\"isPartOf\":{\"@id\":\"https:\/\/institucional.ufrrj.br\/guiadoestudante\/#website\"},\"datePublished\":\"2019-10-08T16:05:52+00:00\",\"dateModified\":\"2019-10-08T17:13:42+00:00\",\"breadcrumb\":{\"@id\":\"https:\/\/institucional.ufrrj.br\/guiadoestudante\/bandejao-2\/#breadcrumb\"},\"inLanguage\":\"pt-BR\",\"potentialAction\":[{\"@type\":\"ReadAction\",\"target\":[\"https:\/\/institucional.ufrrj.br\/guiadoestudante\/bandejao-2\/\"]}]},{\"@type\":\"BreadcrumbList\",\"@id\":\"https:\/\/institucional.ufrrj.br\/guiadoestudante\/bandejao-2\/#breadcrumb\",\"itemListElement\":[{\"@type\":\"ListItem\",\"position\":1,\"name\":\"In\u00edcio\",\"item\":\"https:\/\/institucional.ufrrj.br\/guiadoestudante\/\"},{\"@type\":\"ListItem\",\"position\":2,\"name\":\"Bandej\u00e3o\"}]},{\"@type\":\"WebSite\",\"@id\":\"https:\/\/institucional.ufrrj.br\/guiadoestudante\/#website\",\"url\":\"https:\/\/institucional.ufrrj.br\/guiadoestudante\/\",\"name\":\"Guia do Estudante\",\"description\":\"Universidade Federal Rural do Rio de Janeiro - UFRRJ\",\"potentialAction\":[{\"@type\":\"SearchAction\",\"target\":{\"@type\":\"EntryPoint\",\"urlTemplate\":\"https:\/\/institucional.ufrrj.br\/guiadoestudante\/?s={search_term_string}\"},\"query-input\":{\"@type\":\"PropertyValueSpecification\",\"valueRequired\":true,\"valueName\":\"search_term_string\"}}],\"inLanguage\":\"pt-BR\"}]}<\/script>\n<!-- \/ Yoast SEO plugin. -->","yoast_head_json":{"title":"Bandej\u00e3o - Guia do Estudante","robots":{"index":"index","follow":"follow","max-snippet":"max-snippet:-1","max-image-preview":"max-image-preview:large","max-video-preview":"max-video-preview:-1"},"canonical":"https:\/\/institucional.ufrrj.br\/guiadoestudante\/bandejao-2\/","og_locale":"pt_BR","og_type":"article","og_title":"Bandej\u00e3o - Guia do Estudante","og_description":"O Restaurante Universit\u00e1rio (RU) \u00e9 o famoso \u201cbandej\u00e3o\u201d. Nele estudantes dos c\u00e2mpus Serop\u00e9dica e Nova Igua\u00e7u podem tomar caf\u00e9 da ... leia mais","og_url":"https:\/\/institucional.ufrrj.br\/guiadoestudante\/bandejao-2\/","og_site_name":"Guia do Estudante","article_modified_time":"2019-10-08T17:13:42+00:00","twitter_card":"summary_large_image","twitter_misc":{"Est. tempo de leitura":"1 minuto"},"schema":{"@context":"https:\/\/schema.org","@graph":[{"@type":"WebPage","@id":"https:\/\/institucional.ufrrj.br\/guiadoestudante\/bandejao-2\/","url":"https:\/\/institucional.ufrrj.br\/guiadoestudante\/bandejao-2\/","name":"Bandej\u00e3o - Guia do Estudante","isPartOf":{"@id":"https:\/\/institucional.ufrrj.br\/guiadoestudante\/#website"},"datePublished":"2019-10-08T16:05:52+00:00","dateModified":"2019-10-08T17:13:42+00:00","breadcrumb":{"@id":"https:\/\/institucional.ufrrj.br\/guiadoestudante\/bandejao-2\/#breadcrumb"},"inLanguage":"pt-BR","potentialAction":[{"@type":"ReadAction","target":["https:\/\/institucional.ufrrj.br\/guiadoestudante\/bandejao-2\/"]}]},{"@type":"BreadcrumbList","@id":"https:\/\/institucional.ufrrj.br\/guiadoestudante\/bandejao-2\/#breadcrumb","itemListElement":[{"@type":"ListItem","position":1,"name":"In\u00edcio","item":"https:\/\/institucional.ufrrj.br\/guiadoestudante\/"},{"@type":"ListItem","position":2,"name":"Bandej\u00e3o"}]},{"@type":"WebSite","@id":"https:\/\/institucional.ufrrj.br\/guiadoestudante\/#website","url":"https:\/\/institucional.ufrrj.br\/guiadoestudante\/","name":"Guia do Estudante","description":"Universidade Federal Rural do Rio de Janeiro - UFRRJ","potentialAction":[{"@type":"SearchAction","target":{"@type":"EntryPoint","urlTemplate":"https:\/\/institucional.ufrrj.br\/guiadoestudante\/?s={search_term_string}"},"query-input":{"@type":"PropertyValueSpecification","valueRequired":true,"valueName":"search_term_string"}}],"inLanguage":"pt-BR"}]}},"_links":{"self":[{"href":"https:\/\/institucional.ufrrj.br\/guiadoestudante\/wp-json\/wp\/v2\/pages\/63","targetHints":{"allow":["GET"]}}],"collection":[{"href":"https:\/\/institucional.ufrrj.br\/guiadoestudante\/wp-json\/wp\/v2\/pages"}],"about":[{"href":"https:\/\/institucional.ufrrj.br\/guiadoestudante\/wp-json\/wp\/v2\/types\/page"}],"author":[{"embeddable":true,"href":"https:\/\/institucional.ufrrj.br\/guiadoestudante\/wp-json\/wp\/v2\/users\/754"}],"replies":[{"embeddable":true,"href":"https:\/\/institucional.ufrrj.br\/guiadoestudante\/wp-json\/wp\/v2\/comments?post=63"}],"version-history":[{"count":2,"href":"https:\/\/institucional.ufrrj.br\/guiadoestudante\/wp-json\/wp\/v2\/pages\/63\/revisions"}],"predecessor-version":[{"id":80,"href":"https:\/\/institucional.ufrrj.br\/guiadoestudante\/wp-json\/wp\/v2\/pages\/63\/revisions\/80"}],"wp:attachment":[{"href":"https:\/\/institucional.ufrrj.br\/guiadoestudante\/wp-json\/wp\/v2\/media?parent=63"}],"curies":[{"name":"wp","href":"https:\/\/api.w.org\/{rel}","templated":true}]}}