{"id":61,"date":"2019-10-08T13:05:11","date_gmt":"2019-10-08T16:05:11","guid":{"rendered":"http:\/\/institucional.ufrrj.br\/guiadoestudante\/?page_id=61"},"modified":"2019-10-08T14:09:05","modified_gmt":"2019-10-08T17:09:05","slug":"transporte-universitario-2","status":"publish","type":"page","link":"https:\/\/institucional.ufrrj.br\/guiadoestudante\/transporte-universitario-2\/","title":{"rendered":"Transporte Universit\u00e1rio"},"content":{"rendered":"<p>Com o objetivo de facilitar a locomo\u00e7\u00e3o dos estudantes no C\u00e2mpus Serop\u00e9dica, a Universidade Federal Rural do Rio de Janeiro (UFRRJ) possui <strong>\u00f4nibus que circulam em diversos hor\u00e1rios<\/strong>. Os circulares passam por todos os institutos da sede. Em hor\u00e1rios espec\u00edficos, as viagens s\u00e3o estendidas at\u00e9 o centro de Serop\u00e9dica, principalmente no in\u00edcio da manh\u00e3 e no fim da noite.<\/p>\n<p><img loading=\"lazy\" decoding=\"async\" class=\"alignnone wp-image-75 size-full\" src=\"https:\/\/institucional.ufrrj.br\/guiadoestudante\/files\/2019\/10\/Transporte-Universit\u00e1rio-Fantasminha.jpeg\" alt=\"\" width=\"900\" height=\"900\" srcset=\"https:\/\/institucional.ufrrj.br\/guiadoestudante\/files\/2019\/10\/Transporte-Universit\u00e1rio-Fantasminha.jpeg 900w, https:\/\/institucional.ufrrj.br\/guiadoestudante\/files\/2019\/10\/Transporte-Universit\u00e1rio-Fantasminha-150x150.jpeg 150w, https:\/\/institucional.ufrrj.br\/guiadoestudante\/files\/2019\/10\/Transporte-Universit\u00e1rio-Fantasminha-300x300.jpeg 300w, https:\/\/institucional.ufrrj.br\/guiadoestudante\/files\/2019\/10\/Transporte-Universit\u00e1rio-Fantasminha-768x768.jpeg 768w, https:\/\/institucional.ufrrj.br\/guiadoestudante\/files\/2019\/10\/Transporte-Universit\u00e1rio-Fantasminha-75x75.jpeg 75w, https:\/\/institucional.ufrrj.br\/guiadoestudante\/files\/2019\/10\/Transporte-Universit\u00e1rio-Fantasminha-100x100.jpeg 100w\" sizes=\"auto, (max-width: 900px) 100vw, 900px\" \/><\/p>\n","protected":false},"excerpt":{"rendered":"<p>Com o objetivo de facilitar a locomo\u00e7\u00e3o dos estudantes no C\u00e2mpus Serop\u00e9dica, a Universidade Federal Rural do Rio de Janeiro <a class=\"read-more\" href=\"https:\/\/institucional.ufrrj.br\/guiadoestudante\/transporte-universitario-2\/ \" >&#8230; <span class=\"font-italic\">leia mais <i class=\"fas fa-angle-right\"><\/i><\/span><\/a><\/p>\n","protected":false},"author":754,"featured_media":0,"parent":0,"menu_order":0,"comment_status":"closed","ping_status":"closed","template":"","meta":{"footnotes":""},"class_list":["post-61","page","type-page","status-publish","hentry"],"yoast_head":"<!-- This site is optimized with the Yoast SEO plugin v27.2 - https:\/\/yoast.com\/product\/yoast-seo-wordpress\/ -->\n<title>Transporte Universit\u00e1rio - Guia do Estudante<\/title>\n<meta name=\"robots\" content=\"index, follow, max-snippet:-1, max-image-preview:large, max-video-preview:-1\" \/>\n<link rel=\"canonical\" href=\"https:\/\/institucional.ufrrj.br\/guiadoestudante\/transporte-universitario-2\/\" \/>\n<meta property=\"og:locale\" content=\"pt_BR\" \/>\n<meta property=\"og:type\" content=\"article\" \/>\n<meta property=\"og:title\" content=\"Transporte Universit\u00e1rio - Guia do Estudante\" \/>\n<meta property=\"og:description\" content=\"Com o objetivo de facilitar a locomo\u00e7\u00e3o dos estudantes no C\u00e2mpus Serop\u00e9dica, a Universidade Federal Rural do Rio de Janeiro ... leia mais\" \/>\n<meta property=\"og:url\" content=\"https:\/\/institucional.ufrrj.br\/guiadoestudante\/transporte-universitario-2\/\" \/>\n<meta property=\"og:site_name\" content=\"Guia do Estudante\" \/>\n<meta property=\"article:modified_time\" content=\"2019-10-08T17:09:05+00:00\" \/>\n<meta name=\"twitter:card\" content=\"summary_large_image\" \/>\n<script type=\"application\/ld+json\" class=\"yoast-schema-graph\">{\"@context\":\"https:\/\/schema.org\",\"@graph\":[{\"@type\":\"WebPage\",\"@id\":\"https:\/\/institucional.ufrrj.br\/guiadoestudante\/transporte-universitario-2\/\",\"url\":\"https:\/\/institucional.ufrrj.br\/guiadoestudante\/transporte-universitario-2\/\",\"name\":\"Transporte Universit\u00e1rio - Guia do Estudante\",\"isPartOf\":{\"@id\":\"https:\/\/institucional.ufrrj.br\/guiadoestudante\/#website\"},\"datePublished\":\"2019-10-08T16:05:11+00:00\",\"dateModified\":\"2019-10-08T17:09:05+00:00\",\"breadcrumb\":{\"@id\":\"https:\/\/institucional.ufrrj.br\/guiadoestudante\/transporte-universitario-2\/#breadcrumb\"},\"inLanguage\":\"pt-BR\",\"potentialAction\":[{\"@type\":\"ReadAction\",\"target\":[\"https:\/\/institucional.ufrrj.br\/guiadoestudante\/transporte-universitario-2\/\"]}]},{\"@type\":\"BreadcrumbList\",\"@id\":\"https:\/\/institucional.ufrrj.br\/guiadoestudante\/transporte-universitario-2\/#breadcrumb\",\"itemListElement\":[{\"@type\":\"ListItem\",\"position\":1,\"name\":\"In\u00edcio\",\"item\":\"https:\/\/institucional.ufrrj.br\/guiadoestudante\/\"},{\"@type\":\"ListItem\",\"position\":2,\"name\":\"Transporte Universit\u00e1rio\"}]},{\"@type\":\"WebSite\",\"@id\":\"https:\/\/institucional.ufrrj.br\/guiadoestudante\/#website\",\"url\":\"https:\/\/institucional.ufrrj.br\/guiadoestudante\/\",\"name\":\"Guia do Estudante\",\"description\":\"Universidade Federal Rural do Rio de Janeiro - UFRRJ\",\"potentialAction\":[{\"@type\":\"SearchAction\",\"target\":{\"@type\":\"EntryPoint\",\"urlTemplate\":\"https:\/\/institucional.ufrrj.br\/guiadoestudante\/?s={search_term_string}\"},\"query-input\":{\"@type\":\"PropertyValueSpecification\",\"valueRequired\":true,\"valueName\":\"search_term_string\"}}],\"inLanguage\":\"pt-BR\"}]}<\/script>\n<!-- \/ Yoast SEO plugin. -->","yoast_head_json":{"title":"Transporte Universit\u00e1rio - Guia do Estudante","robots":{"index":"index","follow":"follow","max-snippet":"max-snippet:-1","max-image-preview":"max-image-preview:large","max-video-preview":"max-video-preview:-1"},"canonical":"https:\/\/institucional.ufrrj.br\/guiadoestudante\/transporte-universitario-2\/","og_locale":"pt_BR","og_type":"article","og_title":"Transporte Universit\u00e1rio - Guia do Estudante","og_description":"Com o objetivo de facilitar a locomo\u00e7\u00e3o dos estudantes no C\u00e2mpus Serop\u00e9dica, a Universidade Federal Rural do Rio de Janeiro ... leia mais","og_url":"https:\/\/institucional.ufrrj.br\/guiadoestudante\/transporte-universitario-2\/","og_site_name":"Guia do Estudante","article_modified_time":"2019-10-08T17:09:05+00:00","twitter_card":"summary_large_image","schema":{"@context":"https:\/\/schema.org","@graph":[{"@type":"WebPage","@id":"https:\/\/institucional.ufrrj.br\/guiadoestudante\/transporte-universitario-2\/","url":"https:\/\/institucional.ufrrj.br\/guiadoestudante\/transporte-universitario-2\/","name":"Transporte Universit\u00e1rio - Guia do Estudante","isPartOf":{"@id":"https:\/\/institucional.ufrrj.br\/guiadoestudante\/#website"},"datePublished":"2019-10-08T16:05:11+00:00","dateModified":"2019-10-08T17:09:05+00:00","breadcrumb":{"@id":"https:\/\/institucional.ufrrj.br\/guiadoestudante\/transporte-universitario-2\/#breadcrumb"},"inLanguage":"pt-BR","potentialAction":[{"@type":"ReadAction","target":["https:\/\/institucional.ufrrj.br\/guiadoestudante\/transporte-universitario-2\/"]}]},{"@type":"BreadcrumbList","@id":"https:\/\/institucional.ufrrj.br\/guiadoestudante\/transporte-universitario-2\/#breadcrumb","itemListElement":[{"@type":"ListItem","position":1,"name":"In\u00edcio","item":"https:\/\/institucional.ufrrj.br\/guiadoestudante\/"},{"@type":"ListItem","position":2,"name":"Transporte Universit\u00e1rio"}]},{"@type":"WebSite","@id":"https:\/\/institucional.ufrrj.br\/guiadoestudante\/#website","url":"https:\/\/institucional.ufrrj.br\/guiadoestudante\/","name":"Guia do Estudante","description":"Universidade Federal Rural do Rio de Janeiro - UFRRJ","potentialAction":[{"@type":"SearchAction","target":{"@type":"EntryPoint","urlTemplate":"https:\/\/institucional.ufrrj.br\/guiadoestudante\/?s={search_term_string}"},"query-input":{"@type":"PropertyValueSpecification","valueRequired":true,"valueName":"search_term_string"}}],"inLanguage":"pt-BR"}]}},"_links":{"self":[{"href":"https:\/\/institucional.ufrrj.br\/guiadoestudante\/wp-json\/wp\/v2\/pages\/61","targetHints":{"allow":["GET"]}}],"collection":[{"href":"https:\/\/institucional.ufrrj.br\/guiadoestudante\/wp-json\/wp\/v2\/pages"}],"about":[{"href":"https:\/\/institucional.ufrrj.br\/guiadoestudante\/wp-json\/wp\/v2\/types\/page"}],"author":[{"embeddable":true,"href":"https:\/\/institucional.ufrrj.br\/guiadoestudante\/wp-json\/wp\/v2\/users\/754"}],"replies":[{"embeddable":true,"href":"https:\/\/institucional.ufrrj.br\/guiadoestudante\/wp-json\/wp\/v2\/comments?post=61"}],"version-history":[{"count":5,"href":"https:\/\/institucional.ufrrj.br\/guiadoestudante\/wp-json\/wp\/v2\/pages\/61\/revisions"}],"predecessor-version":[{"id":77,"href":"https:\/\/institucional.ufrrj.br\/guiadoestudante\/wp-json\/wp\/v2\/pages\/61\/revisions\/77"}],"wp:attachment":[{"href":"https:\/\/institucional.ufrrj.br\/guiadoestudante\/wp-json\/wp\/v2\/media?parent=61"}],"curies":[{"name":"wp","href":"https:\/\/api.w.org\/{rel}","templated":true}]}}