{"id":21,"date":"2019-09-11T14:36:41","date_gmt":"2019-09-11T17:36:41","guid":{"rendered":"http:\/\/institucional.ufrrj.br\/guiadoestudante\/?page_id=21"},"modified":"2019-10-08T16:18:42","modified_gmt":"2019-10-08T19:18:42","slug":"conheca-o-sigaa","status":"publish","type":"page","link":"https:\/\/institucional.ufrrj.br\/guiadoestudante\/conheca-o-sigaa\/","title":{"rendered":"Conhe\u00e7a o SIGAA"},"content":{"rendered":"<p>O\u00a0<a href=\"http:\/\/sigaa.ufrrj.br\/\" target=\"_blank\" rel=\"noopener noreferrer\">Sistema Integrado de Gest\u00e3o de Atividades Acad\u00eamicas (SIGAA)<\/a>\u00a0\u00e9 o espa\u00e7o para gerenciamento de disciplinas e de todas as informa\u00e7\u00f5es relativas \u00e0 vida acad\u00eamica do aluno. O SIGAA agrupa todas as informa\u00e7\u00f5es de ensino, pesquisa e extens\u00e3o (participa\u00e7\u00f5es em monitorias, projetos de extens\u00e3o e bolsas de inicia\u00e7\u00e3o cient\u00edfica).<\/p>\n<p>Com o SIGAA muitas informa\u00e7\u00f5es, declara\u00e7\u00f5es e atestados, relativos ao acompanhamento acad\u00eamico podem ser obtidos atrav\u00e9s da internet, e o deslocamento at\u00e9 \u00e0 Universidade n\u00e3o \u00e9 mais necess\u00e1rio para este fim. Com o SIGAA os processos internos da UFRRJ t\u00eam mais transpar\u00eancia, diminui\u00e7\u00e3o no uso de papeis, al\u00e9m de integra\u00e7\u00e3o dos sistemas e informa\u00e7\u00f5es. Com o SIGAA voc\u00ea pode avaliar as aulas individualmente, e ao final do per\u00edodo letivo realizar a avalia\u00e7\u00e3o da disciplina de uma forma mais efetiva. Tais informa\u00e7\u00f5es ser\u00e3o vitais para o combate da reten\u00e7\u00e3o e da evas\u00e3o escolar.<\/p>\n<p>O SIGAA permite a cria\u00e7\u00e3o de \u201cturmas virtuais\u201d onde docente e discentes ter\u00e3o uma comunica\u00e7\u00e3o mais fluida, clara e abrangente. Dados dos planos de aula, cronograma letivo, material de apoio, lan\u00e7amento de frequ\u00eancias e notas poder\u00e3o ser facilmente acessados.<\/p>\n<p><strong>Como acessar<\/strong><\/p>\n<p>Alunos e ex-alunos podem acessar o novo sistema acad\u00eamico da UFRRJ. Para isso, \u00e9 necess\u00e1ria a realiza\u00e7\u00e3o de um\u00a0<a href=\"http:\/\/portal.ufrrj.br\/autocadastro-sigaa-etapas-e-cuidados-necessarios\/\" target=\"_blank\" rel=\"noopener noreferrer\">autocadastro no Sistema Integrado de Gest\u00e3o de Atividades Acad\u00eamicas (SIGAA)<\/a>.<\/p>\n<p>Nesse procedimento ser\u00e1 preciso incluir dados como matr\u00edcula, ano\/semestre inicial e informa\u00e7\u00f5es de identifica\u00e7\u00e3o civil. Ao fim do autocadastro, o aluno (ou ex-aluno) ter\u00e1 um nome de usu\u00e1rio e uma senha de acesso ao SIGAA.<\/p>\n<p><strong>SIGAA pelo Brasil<\/strong><\/p>\n<p>No \u00faltimo levantamento realizado pela Superintend\u00eancia de Inform\u00e1tica UFRN, em outubro de 2018, o m\u00f3dulo do SIGAA j\u00e1 estava implantado em 18 institui\u00e7\u00f5es educacionais em todo o Brasil e, em processo de implanta\u00e7\u00e3o, em 30 universidades e 8 institutos federais.<\/p>\n<p><img loading=\"lazy\" decoding=\"async\" class=\"alignnone wp-image-86 size-full\" src=\"https:\/\/institucional.ufrrj.br\/guiadoestudante\/files\/2019\/10\/Matr\u00edcula-Passo-a-passo-1.png\" alt=\"\" width=\"980\" height=\"583\" srcset=\"https:\/\/institucional.ufrrj.br\/guiadoestudante\/files\/2019\/10\/Matr\u00edcula-Passo-a-passo-1.png 980w, https:\/\/institucional.ufrrj.br\/guiadoestudante\/files\/2019\/10\/Matr\u00edcula-Passo-a-passo-1-300x178.png 300w, https:\/\/institucional.ufrrj.br\/guiadoestudante\/files\/2019\/10\/Matr\u00edcula-Passo-a-passo-1-768x457.png 768w\" sizes=\"auto, (max-width: 980px) 100vw, 980px\" \/><\/p>\n","protected":false},"excerpt":{"rendered":"<p>O\u00a0Sistema Integrado de Gest\u00e3o de Atividades Acad\u00eamicas (SIGAA)\u00a0\u00e9 o espa\u00e7o para gerenciamento de disciplinas e de todas as informa\u00e7\u00f5es relativas <a class=\"read-more\" href=\"https:\/\/institucional.ufrrj.br\/guiadoestudante\/conheca-o-sigaa\/ \" >&#8230; <span class=\"font-italic\">leia mais <i class=\"fas fa-angle-right\"><\/i><\/span><\/a><\/p>\n","protected":false},"author":754,"featured_media":0,"parent":0,"menu_order":0,"comment_status":"closed","ping_status":"closed","template":"","meta":{"footnotes":""},"class_list":["post-21","page","type-page","status-publish","hentry"],"yoast_head":"<!-- This site is optimized with the Yoast SEO plugin v27.2 - https:\/\/yoast.com\/product\/yoast-seo-wordpress\/ -->\n<title>Conhe\u00e7a o SIGAA - Guia do Estudante<\/title>\n<meta name=\"robots\" content=\"index, follow, max-snippet:-1, max-image-preview:large, max-video-preview:-1\" \/>\n<link rel=\"canonical\" href=\"https:\/\/institucional.ufrrj.br\/guiadoestudante\/conheca-o-sigaa\/\" \/>\n<meta property=\"og:locale\" content=\"pt_BR\" \/>\n<meta property=\"og:type\" content=\"article\" \/>\n<meta property=\"og:title\" content=\"Conhe\u00e7a o SIGAA - Guia do Estudante\" \/>\n<meta property=\"og:description\" content=\"O\u00a0Sistema Integrado de Gest\u00e3o de Atividades Acad\u00eamicas (SIGAA)\u00a0\u00e9 o espa\u00e7o para gerenciamento de disciplinas e de todas as informa\u00e7\u00f5es relativas ... leia mais\" \/>\n<meta property=\"og:url\" content=\"https:\/\/institucional.ufrrj.br\/guiadoestudante\/conheca-o-sigaa\/\" \/>\n<meta property=\"og:site_name\" content=\"Guia do Estudante\" \/>\n<meta property=\"article:modified_time\" content=\"2019-10-08T19:18:42+00:00\" \/>\n<meta name=\"twitter:card\" content=\"summary_large_image\" \/>\n<meta name=\"twitter:label1\" content=\"Est. tempo de leitura\" \/>\n\t<meta name=\"twitter:data1\" content=\"2 minutos\" \/>\n<script type=\"application\/ld+json\" class=\"yoast-schema-graph\">{\"@context\":\"https:\/\/schema.org\",\"@graph\":[{\"@type\":\"WebPage\",\"@id\":\"https:\/\/institucional.ufrrj.br\/guiadoestudante\/conheca-o-sigaa\/\",\"url\":\"https:\/\/institucional.ufrrj.br\/guiadoestudante\/conheca-o-sigaa\/\",\"name\":\"Conhe\u00e7a o SIGAA - Guia do Estudante\",\"isPartOf\":{\"@id\":\"https:\/\/institucional.ufrrj.br\/guiadoestudante\/#website\"},\"datePublished\":\"2019-09-11T17:36:41+00:00\",\"dateModified\":\"2019-10-08T19:18:42+00:00\",\"breadcrumb\":{\"@id\":\"https:\/\/institucional.ufrrj.br\/guiadoestudante\/conheca-o-sigaa\/#breadcrumb\"},\"inLanguage\":\"pt-BR\",\"potentialAction\":[{\"@type\":\"ReadAction\",\"target\":[\"https:\/\/institucional.ufrrj.br\/guiadoestudante\/conheca-o-sigaa\/\"]}]},{\"@type\":\"BreadcrumbList\",\"@id\":\"https:\/\/institucional.ufrrj.br\/guiadoestudante\/conheca-o-sigaa\/#breadcrumb\",\"itemListElement\":[{\"@type\":\"ListItem\",\"position\":1,\"name\":\"In\u00edcio\",\"item\":\"https:\/\/institucional.ufrrj.br\/guiadoestudante\/\"},{\"@type\":\"ListItem\",\"position\":2,\"name\":\"Conhe\u00e7a o SIGAA\"}]},{\"@type\":\"WebSite\",\"@id\":\"https:\/\/institucional.ufrrj.br\/guiadoestudante\/#website\",\"url\":\"https:\/\/institucional.ufrrj.br\/guiadoestudante\/\",\"name\":\"Guia do Estudante\",\"description\":\"Universidade Federal Rural do Rio de Janeiro - UFRRJ\",\"potentialAction\":[{\"@type\":\"SearchAction\",\"target\":{\"@type\":\"EntryPoint\",\"urlTemplate\":\"https:\/\/institucional.ufrrj.br\/guiadoestudante\/?s={search_term_string}\"},\"query-input\":{\"@type\":\"PropertyValueSpecification\",\"valueRequired\":true,\"valueName\":\"search_term_string\"}}],\"inLanguage\":\"pt-BR\"}]}<\/script>\n<!-- \/ Yoast SEO plugin. -->","yoast_head_json":{"title":"Conhe\u00e7a o SIGAA - Guia do Estudante","robots":{"index":"index","follow":"follow","max-snippet":"max-snippet:-1","max-image-preview":"max-image-preview:large","max-video-preview":"max-video-preview:-1"},"canonical":"https:\/\/institucional.ufrrj.br\/guiadoestudante\/conheca-o-sigaa\/","og_locale":"pt_BR","og_type":"article","og_title":"Conhe\u00e7a o SIGAA - Guia do Estudante","og_description":"O\u00a0Sistema Integrado de Gest\u00e3o de Atividades Acad\u00eamicas (SIGAA)\u00a0\u00e9 o espa\u00e7o para gerenciamento de disciplinas e de todas as informa\u00e7\u00f5es relativas ... leia mais","og_url":"https:\/\/institucional.ufrrj.br\/guiadoestudante\/conheca-o-sigaa\/","og_site_name":"Guia do Estudante","article_modified_time":"2019-10-08T19:18:42+00:00","twitter_card":"summary_large_image","twitter_misc":{"Est. tempo de leitura":"2 minutos"},"schema":{"@context":"https:\/\/schema.org","@graph":[{"@type":"WebPage","@id":"https:\/\/institucional.ufrrj.br\/guiadoestudante\/conheca-o-sigaa\/","url":"https:\/\/institucional.ufrrj.br\/guiadoestudante\/conheca-o-sigaa\/","name":"Conhe\u00e7a o SIGAA - Guia do Estudante","isPartOf":{"@id":"https:\/\/institucional.ufrrj.br\/guiadoestudante\/#website"},"datePublished":"2019-09-11T17:36:41+00:00","dateModified":"2019-10-08T19:18:42+00:00","breadcrumb":{"@id":"https:\/\/institucional.ufrrj.br\/guiadoestudante\/conheca-o-sigaa\/#breadcrumb"},"inLanguage":"pt-BR","potentialAction":[{"@type":"ReadAction","target":["https:\/\/institucional.ufrrj.br\/guiadoestudante\/conheca-o-sigaa\/"]}]},{"@type":"BreadcrumbList","@id":"https:\/\/institucional.ufrrj.br\/guiadoestudante\/conheca-o-sigaa\/#breadcrumb","itemListElement":[{"@type":"ListItem","position":1,"name":"In\u00edcio","item":"https:\/\/institucional.ufrrj.br\/guiadoestudante\/"},{"@type":"ListItem","position":2,"name":"Conhe\u00e7a o SIGAA"}]},{"@type":"WebSite","@id":"https:\/\/institucional.ufrrj.br\/guiadoestudante\/#website","url":"https:\/\/institucional.ufrrj.br\/guiadoestudante\/","name":"Guia do Estudante","description":"Universidade Federal Rural do Rio de Janeiro - UFRRJ","potentialAction":[{"@type":"SearchAction","target":{"@type":"EntryPoint","urlTemplate":"https:\/\/institucional.ufrrj.br\/guiadoestudante\/?s={search_term_string}"},"query-input":{"@type":"PropertyValueSpecification","valueRequired":true,"valueName":"search_term_string"}}],"inLanguage":"pt-BR"}]}},"_links":{"self":[{"href":"https:\/\/institucional.ufrrj.br\/guiadoestudante\/wp-json\/wp\/v2\/pages\/21","targetHints":{"allow":["GET"]}}],"collection":[{"href":"https:\/\/institucional.ufrrj.br\/guiadoestudante\/wp-json\/wp\/v2\/pages"}],"about":[{"href":"https:\/\/institucional.ufrrj.br\/guiadoestudante\/wp-json\/wp\/v2\/types\/page"}],"author":[{"embeddable":true,"href":"https:\/\/institucional.ufrrj.br\/guiadoestudante\/wp-json\/wp\/v2\/users\/754"}],"replies":[{"embeddable":true,"href":"https:\/\/institucional.ufrrj.br\/guiadoestudante\/wp-json\/wp\/v2\/comments?post=21"}],"version-history":[{"count":3,"href":"https:\/\/institucional.ufrrj.br\/guiadoestudante\/wp-json\/wp\/v2\/pages\/21\/revisions"}],"predecessor-version":[{"id":88,"href":"https:\/\/institucional.ufrrj.br\/guiadoestudante\/wp-json\/wp\/v2\/pages\/21\/revisions\/88"}],"wp:attachment":[{"href":"https:\/\/institucional.ufrrj.br\/guiadoestudante\/wp-json\/wp\/v2\/media?parent=21"}],"curies":[{"name":"wp","href":"https:\/\/api.w.org\/{rel}","templated":true}]}}