{"id":17,"date":"2019-09-11T14:36:05","date_gmt":"2019-09-11T17:36:05","guid":{"rendered":"http:\/\/institucional.ufrrj.br\/guiadoestudante\/?page_id=17"},"modified":"2019-12-27T10:33:14","modified_gmt":"2019-12-27T13:33:14","slug":"conheca-a-prograd","status":"publish","type":"page","link":"https:\/\/institucional.ufrrj.br\/guiadoestudante\/conheca-a-prograd\/","title":{"rendered":"Conhe\u00e7a a Prograd"},"content":{"rendered":"<p>A <a href=\"http:\/\/portal.ufrrj.br\/pro-reitoria-de-graduacao\/\" target=\"_blank\" rel=\"noopener noreferrer\">Pr\u00f3-Reitoria de Gradua\u00e7\u00e3o (Prograd)<\/a> \u00e9 a respons\u00e1vel por propor, supervisionar e coordenar todas as atividades relativas ao ensino de gradua\u00e7\u00e3o, como por exemplo: garantir o acesso aos cursos de gradua\u00e7\u00e3o ofertados pela Rural, realizar o controle acad\u00eamico da Institui\u00e7\u00e3o e a manuten\u00e7\u00e3o dos programas acad\u00eamicos. \u00c9 ainda fun\u00e7\u00e3o da Prograd avaliar a qualidade do ensino de Gradua\u00e7\u00e3o na Rural, propor e debater sobre acordos ou conv\u00eanios acad\u00eamicos.<\/p>\n<p>O acompanhamento da vida acad\u00eamica do estudante da gradua\u00e7\u00e3o, desde sua matr\u00edcula at\u00e9 o registro de seu diploma, \u00e9 feito pela Prograd. Setores como: Departamento de Assuntos Acad\u00eamicos e Registro Geral (DAARG); Divis\u00e3o de Registros Acad\u00eamicos (DRA); Divis\u00e3o de Registros e Expedi\u00e7\u00e3o de Diploma (DRED); a Divis\u00e3o de Acompanhamento e Avalia\u00e7\u00e3o de Cursos de Gradua\u00e7\u00e3o (DAACG); <a href=\"http:\/\/institucional.ufrrj.br\/dest\/\" target=\"_blank\" rel=\"noopener noreferrer\">Divis\u00e3o de Est\u00e1gios (Dest)<\/a>; e a Divis\u00e3o de Programas Acad\u00eamicos de Gradua\u00e7\u00e3o (DPAG); trabalham em conjunto a fim de propor a\u00e7\u00f5es e solu\u00e7\u00f5es de forma a garantir o desenvolvimento dos cursos de gradua\u00e7\u00e3o.<\/p>\n<p>Em Serop\u00e9dica, a Prograd est\u00e1 localizada na sala 96, do Pavilh\u00e3o Central. O atendimento pode ser realizado atrav\u00e9s dos telefones (21) 2682-1112 \/ 2682-2910 \/ 2682-2911. E-mail para: <a href=\"mailto:secretariaprograd@ufrrj.br\" target=\"_blank\" rel=\"noopener noreferrer\">secretariaprograd@ufrrj.br<\/a>.<\/p>\n<p><img loading=\"lazy\" decoding=\"async\" class=\"alignnone wp-image-143 size-full\" src=\"https:\/\/institucional.ufrrj.br\/guiadoestudante\/files\/2019\/12\/Organograma-Prograd.png\" alt=\"\" width=\"800\" height=\"723\" srcset=\"https:\/\/institucional.ufrrj.br\/guiadoestudante\/files\/2019\/12\/Organograma-Prograd.png 800w, https:\/\/institucional.ufrrj.br\/guiadoestudante\/files\/2019\/12\/Organograma-Prograd-300x271.png 300w, https:\/\/institucional.ufrrj.br\/guiadoestudante\/files\/2019\/12\/Organograma-Prograd-768x694.png 768w\" sizes=\"auto, (max-width: 800px) 100vw, 800px\" \/><\/p>\n","protected":false},"excerpt":{"rendered":"<p>A Pr\u00f3-Reitoria de Gradua\u00e7\u00e3o (Prograd) \u00e9 a respons\u00e1vel por propor, supervisionar e coordenar todas as atividades relativas ao ensino de <a class=\"read-more\" href=\"https:\/\/institucional.ufrrj.br\/guiadoestudante\/conheca-a-prograd\/ \" >&#8230; <span class=\"font-italic\">leia mais <i class=\"fas fa-angle-right\"><\/i><\/span><\/a><\/p>\n","protected":false},"author":754,"featured_media":0,"parent":0,"menu_order":0,"comment_status":"closed","ping_status":"closed","template":"","meta":{"footnotes":""},"class_list":["post-17","page","type-page","status-publish","hentry"],"yoast_head":"<!-- This site is optimized with the Yoast SEO plugin v27.2 - https:\/\/yoast.com\/product\/yoast-seo-wordpress\/ -->\n<title>Conhe\u00e7a a Prograd - Guia do Estudante<\/title>\n<meta name=\"robots\" content=\"index, follow, max-snippet:-1, max-image-preview:large, max-video-preview:-1\" \/>\n<link rel=\"canonical\" href=\"https:\/\/institucional.ufrrj.br\/guiadoestudante\/conheca-a-prograd\/\" \/>\n<meta property=\"og:locale\" content=\"pt_BR\" \/>\n<meta property=\"og:type\" content=\"article\" \/>\n<meta property=\"og:title\" content=\"Conhe\u00e7a a Prograd - Guia do Estudante\" \/>\n<meta property=\"og:description\" content=\"A Pr\u00f3-Reitoria de Gradua\u00e7\u00e3o (Prograd) \u00e9 a respons\u00e1vel por propor, supervisionar e coordenar todas as atividades relativas ao ensino de ... leia mais\" \/>\n<meta property=\"og:url\" content=\"https:\/\/institucional.ufrrj.br\/guiadoestudante\/conheca-a-prograd\/\" \/>\n<meta property=\"og:site_name\" content=\"Guia do Estudante\" \/>\n<meta property=\"article:modified_time\" content=\"2019-12-27T13:33:14+00:00\" \/>\n<meta property=\"og:image\" content=\"http:\/\/institucional.ufrrj.br\/guiadoestudante\/files\/2019\/12\/Organograma-Prograd.png\" \/>\n<meta name=\"twitter:card\" content=\"summary_large_image\" \/>\n<meta name=\"twitter:label1\" content=\"Est. tempo de leitura\" \/>\n\t<meta name=\"twitter:data1\" content=\"1 minuto\" \/>\n<script type=\"application\/ld+json\" class=\"yoast-schema-graph\">{\"@context\":\"https:\/\/schema.org\",\"@graph\":[{\"@type\":\"WebPage\",\"@id\":\"https:\/\/institucional.ufrrj.br\/guiadoestudante\/conheca-a-prograd\/\",\"url\":\"https:\/\/institucional.ufrrj.br\/guiadoestudante\/conheca-a-prograd\/\",\"name\":\"Conhe\u00e7a a Prograd - Guia do Estudante\",\"isPartOf\":{\"@id\":\"https:\/\/institucional.ufrrj.br\/guiadoestudante\/#website\"},\"primaryImageOfPage\":{\"@id\":\"https:\/\/institucional.ufrrj.br\/guiadoestudante\/conheca-a-prograd\/#primaryimage\"},\"image\":{\"@id\":\"https:\/\/institucional.ufrrj.br\/guiadoestudante\/conheca-a-prograd\/#primaryimage\"},\"thumbnailUrl\":\"http:\/\/institucional.ufrrj.br\/guiadoestudante\/files\/2019\/12\/Organograma-Prograd.png\",\"datePublished\":\"2019-09-11T17:36:05+00:00\",\"dateModified\":\"2019-12-27T13:33:14+00:00\",\"breadcrumb\":{\"@id\":\"https:\/\/institucional.ufrrj.br\/guiadoestudante\/conheca-a-prograd\/#breadcrumb\"},\"inLanguage\":\"pt-BR\",\"potentialAction\":[{\"@type\":\"ReadAction\",\"target\":[\"https:\/\/institucional.ufrrj.br\/guiadoestudante\/conheca-a-prograd\/\"]}]},{\"@type\":\"ImageObject\",\"inLanguage\":\"pt-BR\",\"@id\":\"https:\/\/institucional.ufrrj.br\/guiadoestudante\/conheca-a-prograd\/#primaryimage\",\"url\":\"http:\/\/institucional.ufrrj.br\/guiadoestudante\/files\/2019\/12\/Organograma-Prograd.png\",\"contentUrl\":\"http:\/\/institucional.ufrrj.br\/guiadoestudante\/files\/2019\/12\/Organograma-Prograd.png\"},{\"@type\":\"BreadcrumbList\",\"@id\":\"https:\/\/institucional.ufrrj.br\/guiadoestudante\/conheca-a-prograd\/#breadcrumb\",\"itemListElement\":[{\"@type\":\"ListItem\",\"position\":1,\"name\":\"In\u00edcio\",\"item\":\"https:\/\/institucional.ufrrj.br\/guiadoestudante\/\"},{\"@type\":\"ListItem\",\"position\":2,\"name\":\"Conhe\u00e7a a Prograd\"}]},{\"@type\":\"WebSite\",\"@id\":\"https:\/\/institucional.ufrrj.br\/guiadoestudante\/#website\",\"url\":\"https:\/\/institucional.ufrrj.br\/guiadoestudante\/\",\"name\":\"Guia do Estudante\",\"description\":\"Universidade Federal Rural do Rio de Janeiro - UFRRJ\",\"potentialAction\":[{\"@type\":\"SearchAction\",\"target\":{\"@type\":\"EntryPoint\",\"urlTemplate\":\"https:\/\/institucional.ufrrj.br\/guiadoestudante\/?s={search_term_string}\"},\"query-input\":{\"@type\":\"PropertyValueSpecification\",\"valueRequired\":true,\"valueName\":\"search_term_string\"}}],\"inLanguage\":\"pt-BR\"}]}<\/script>\n<!-- \/ Yoast SEO plugin. -->","yoast_head_json":{"title":"Conhe\u00e7a a Prograd - Guia do Estudante","robots":{"index":"index","follow":"follow","max-snippet":"max-snippet:-1","max-image-preview":"max-image-preview:large","max-video-preview":"max-video-preview:-1"},"canonical":"https:\/\/institucional.ufrrj.br\/guiadoestudante\/conheca-a-prograd\/","og_locale":"pt_BR","og_type":"article","og_title":"Conhe\u00e7a a Prograd - Guia do Estudante","og_description":"A Pr\u00f3-Reitoria de Gradua\u00e7\u00e3o (Prograd) \u00e9 a respons\u00e1vel por propor, supervisionar e coordenar todas as atividades relativas ao ensino de ... leia mais","og_url":"https:\/\/institucional.ufrrj.br\/guiadoestudante\/conheca-a-prograd\/","og_site_name":"Guia do Estudante","article_modified_time":"2019-12-27T13:33:14+00:00","og_image":[{"url":"http:\/\/institucional.ufrrj.br\/guiadoestudante\/files\/2019\/12\/Organograma-Prograd.png","type":"","width":"","height":""}],"twitter_card":"summary_large_image","twitter_misc":{"Est. tempo de leitura":"1 minuto"},"schema":{"@context":"https:\/\/schema.org","@graph":[{"@type":"WebPage","@id":"https:\/\/institucional.ufrrj.br\/guiadoestudante\/conheca-a-prograd\/","url":"https:\/\/institucional.ufrrj.br\/guiadoestudante\/conheca-a-prograd\/","name":"Conhe\u00e7a a Prograd - Guia do Estudante","isPartOf":{"@id":"https:\/\/institucional.ufrrj.br\/guiadoestudante\/#website"},"primaryImageOfPage":{"@id":"https:\/\/institucional.ufrrj.br\/guiadoestudante\/conheca-a-prograd\/#primaryimage"},"image":{"@id":"https:\/\/institucional.ufrrj.br\/guiadoestudante\/conheca-a-prograd\/#primaryimage"},"thumbnailUrl":"http:\/\/institucional.ufrrj.br\/guiadoestudante\/files\/2019\/12\/Organograma-Prograd.png","datePublished":"2019-09-11T17:36:05+00:00","dateModified":"2019-12-27T13:33:14+00:00","breadcrumb":{"@id":"https:\/\/institucional.ufrrj.br\/guiadoestudante\/conheca-a-prograd\/#breadcrumb"},"inLanguage":"pt-BR","potentialAction":[{"@type":"ReadAction","target":["https:\/\/institucional.ufrrj.br\/guiadoestudante\/conheca-a-prograd\/"]}]},{"@type":"ImageObject","inLanguage":"pt-BR","@id":"https:\/\/institucional.ufrrj.br\/guiadoestudante\/conheca-a-prograd\/#primaryimage","url":"http:\/\/institucional.ufrrj.br\/guiadoestudante\/files\/2019\/12\/Organograma-Prograd.png","contentUrl":"http:\/\/institucional.ufrrj.br\/guiadoestudante\/files\/2019\/12\/Organograma-Prograd.png"},{"@type":"BreadcrumbList","@id":"https:\/\/institucional.ufrrj.br\/guiadoestudante\/conheca-a-prograd\/#breadcrumb","itemListElement":[{"@type":"ListItem","position":1,"name":"In\u00edcio","item":"https:\/\/institucional.ufrrj.br\/guiadoestudante\/"},{"@type":"ListItem","position":2,"name":"Conhe\u00e7a a Prograd"}]},{"@type":"WebSite","@id":"https:\/\/institucional.ufrrj.br\/guiadoestudante\/#website","url":"https:\/\/institucional.ufrrj.br\/guiadoestudante\/","name":"Guia do Estudante","description":"Universidade Federal Rural do Rio de Janeiro - UFRRJ","potentialAction":[{"@type":"SearchAction","target":{"@type":"EntryPoint","urlTemplate":"https:\/\/institucional.ufrrj.br\/guiadoestudante\/?s={search_term_string}"},"query-input":{"@type":"PropertyValueSpecification","valueRequired":true,"valueName":"search_term_string"}}],"inLanguage":"pt-BR"}]}},"_links":{"self":[{"href":"https:\/\/institucional.ufrrj.br\/guiadoestudante\/wp-json\/wp\/v2\/pages\/17","targetHints":{"allow":["GET"]}}],"collection":[{"href":"https:\/\/institucional.ufrrj.br\/guiadoestudante\/wp-json\/wp\/v2\/pages"}],"about":[{"href":"https:\/\/institucional.ufrrj.br\/guiadoestudante\/wp-json\/wp\/v2\/types\/page"}],"author":[{"embeddable":true,"href":"https:\/\/institucional.ufrrj.br\/guiadoestudante\/wp-json\/wp\/v2\/users\/754"}],"replies":[{"embeddable":true,"href":"https:\/\/institucional.ufrrj.br\/guiadoestudante\/wp-json\/wp\/v2\/comments?post=17"}],"version-history":[{"count":17,"href":"https:\/\/institucional.ufrrj.br\/guiadoestudante\/wp-json\/wp\/v2\/pages\/17\/revisions"}],"predecessor-version":[{"id":155,"href":"https:\/\/institucional.ufrrj.br\/guiadoestudante\/wp-json\/wp\/v2\/pages\/17\/revisions\/155"}],"wp:attachment":[{"href":"https:\/\/institucional.ufrrj.br\/guiadoestudante\/wp-json\/wp\/v2\/media?parent=17"}],"curies":[{"name":"wp","href":"https:\/\/api.w.org\/{rel}","templated":true}]}}