{"id":883,"date":"2019-07-01T11:30:06","date_gmt":"2019-07-01T14:30:06","guid":{"rendered":"http:\/\/institucional.ufrrj.br\/fazendinha\/?page_id=883"},"modified":"2019-08-27T12:38:01","modified_gmt":"2019-08-27T15:38:01","slug":"livro-de-visitas-2","status":"publish","type":"page","link":"https:\/\/institucional.ufrrj.br\/fazendinha\/livro-de-visitas-2\/","title":{"rendered":"Livro de visitas"},"content":{"rendered":"<p><strong>02 de Julho de 2019<\/strong> &#8211; Alunos do do Programa de P\u00f3s Gradua\u00e7\u00e3o em Agricultura Org\u00e2nica (PPGAO) do Instituto Federal do Espirito Santo participam de semana acad\u00eamica na Fazendinha Agroecol\u00f3gica<\/p>\n<p><strong>02 de Julho de 2019<\/strong> &#8211; Curso de hortas dom\u00e9sticas ofertado pela EMATER &#8211; Nova Igua\u00e7u \u00e9 realizado na Fazendinha Agroecol\u00f3gica<\/p>\n<p>Aluno Japon\u00eas realizando interc\u00e2mbio na Fazendinha Agroecol\u00f3gica<\/p>\n<p><strong>18 de Junho de 2019<\/strong> &#8211; Representantes do Polo Tecnol\u00f3gico do Mar visitam a Fazendinha Agroecol\u00f3gica<\/p>\n<p><strong>13 de Junho de 2019<\/strong> &#8211; Alunos do curso T\u00e9cnico em Agroecologia do Col\u00e9gio T\u00e9cnico CTUR visitam a Fazendinha Agroecol\u00f3gica<\/p>\n<p><strong>13 de Junho de 2019<\/strong> &#8211; Alunos do curso T\u00e9cnico em Agroecologia do Col\u00e9gio T\u00e9cnico CTUR visitam a Fazendinha Agroecol\u00f3gica<\/p>\n<p><strong>12 de Junho de 2019<\/strong> &#8211; Alunos do Programa de P\u00f3s Gradua\u00e7\u00e3o em Agricultura Org\u00e2nica (PPGAO) da UFRRJ realizam atividade na Fazendinha Agroecol\u00f3gica<\/p>\n<p><strong>12 de Junho de 2019<\/strong> &#8211; Alunos do curso de Engenharia florestal da UFRRJ visitam a Fazendinha Agroecol\u00f3gica<\/p>\n<p><strong>07 de Junho de 2019<\/strong> &#8211; Alunos do curso de T\u00e9cnicos em Agropecu\u00e1ria do Instituto Federal Pinheral &#8211; UFRRJ visitam a Fazendinha Agroecol\u00f3gica<\/p>\n<p><strong>06 de Junho de 2019<\/strong> &#8211; Alunos do curso de Engenharia agr\u00edcola da Universidade Fedaral Fluminense visitam a Fazendinha Agroecol\u00f3gica<\/p>\n<p><strong>24 de Maio de 2019<\/strong> &#8211; Alunos do curso T\u00e9cnico em Agroecologia do Col\u00e9gio T\u00e9cnico CTUR visitam a Fazendinha Agroecol\u00f3gica<\/p>\n<p><strong>24 de Maio de 2019<\/strong> &#8211; Alunos do curso de Engenharia Agron\u00f4mica da UFRRJ visitam a Fazendinha Agroecol\u00f3gica<\/p>\n<p><strong>22 de Maio de 2019<\/strong> &#8211; Alunos do curso de Engenharia Agron\u00f4mica e Engenharia Florestal da UFRRJ visitam a Fazendinha Agroecol\u00f3gica<\/p>\n<p><strong>21 de Maio de 2019<\/strong> &#8211; Alunos do\u00a0curso T\u00e9cnico em Agroecologia do Col\u00e9gio T\u00e9cnico CTUR visitam a Fazendinha Agroecol\u00f3gica<\/p>\n<p><strong>13 de Maio de 2019<\/strong> &#8211; <a href=\"https:\/\/institucional.ufrrj.br\/fazendinha\/?p=676&amp;preview=true\" target=\"_blank\" rel=\"noopener noreferrer\">Conhecendo a agroecologia. Alunos do curso de Geografia da UFRRJ campus Nova Igua\u00e7u visitam a Fazendinha Agroecol\u00f3gica<\/a><\/p>\n<p><strong>13 de Maio de 2019<\/strong> &#8211; Presidente da EMBRAPA visita a Fazendinha Agroecol\u00f3gica<\/p>\n<p><strong>08 e 09 de Maio de 2019<\/strong> &#8211; <a href=\"https:\/\/institucional.ufrrj.br\/fazendinha\/?p=674&amp;preview=true\" target=\"_blank\" rel=\"noopener noreferrer\">Alunos das turmas 13, 14, 15 do curso T\u00e9cnico em Agroecologia do Col\u00e9gio T\u00e9cnico CTUR visitam a Fazendinha Agroecol\u00f3gica<\/a><\/p>\n<p><strong>07 de Maio de 2019<\/strong> &#8211; <a href=\"https:\/\/institucional.ufrrj.br\/fazendinha\/?p=679&amp;preview=true\" target=\"_blank\" rel=\"noopener noreferrer\">Alunos do curso de Engenharia Agron\u00f4mica da UFRRJ visitam a Fazendinha Agroecol\u00f3gica<\/a><\/p>\n<p><strong>06 de Maio de 2019<\/strong> &#8211; <a href=\"https:\/\/institucional.ufrrj.br\/fazendinha\/?p=672&amp;preview=true\" target=\"_blank\" rel=\"noopener noreferrer\">Alunos do curso de Licenciatura em Educa\u00e7\u00e3o do Campo da UFRRJ visitam a Fazendinha Agroecol\u00f3gica<\/a><\/p>\n<p><strong>23 de Abril de 2019<\/strong> &#8211; <a href=\"https:\/\/institucional.ufrrj.br\/fazendinha\/?p=664&amp;preview=true\" target=\"_blank\" rel=\"noopener noreferrer\">T\u00e9cnico senegalenses em Miss\u00e3o de Agroecologia visitam a Fazendinha Agroecol\u00f3gica<\/a><\/p>\n<p><strong>16 de Abril de 2019<\/strong> &#8211; <a href=\"https:\/\/institucional.ufrrj.br\/fazendinha\/?p=661&amp;preview=true\" target=\"_blank\" rel=\"noopener noreferrer\">Alunos do curso de Licenciatura em Educa\u00e7\u00e3o do Campo da UFRRJ visitam a Fazendinha Agroecol\u00f3gica<\/a><\/p>\n<p><strong>28 de Mar\u00e7o de 2019<\/strong> &#8211; Alunos do curso de Engenharia Agron\u00f4mica da UFRRJ visitam a Fazendinha Agroecol\u00f3gica<\/p>\n","protected":false},"excerpt":{"rendered":"<p>02 de Julho de 2019 &#8211; Alunos do do Programa de P\u00f3s Gradua\u00e7\u00e3o em Agricultura Org\u00e2nica (PPGAO) do Instituto Federal <a class=\"read-more\" href=\"https:\/\/institucional.ufrrj.br\/fazendinha\/livro-de-visitas-2\/ \" >&#8230; <span class=\"font-italic\">leia mais <i class=\"fas fa-angle-right\"><\/i><\/span><\/a><\/p>\n","protected":false},"author":743,"featured_media":0,"parent":0,"menu_order":0,"comment_status":"closed","ping_status":"closed","template":"","meta":{"_acf_changed":false,"footnotes":""},"class_list":["post-883","page","type-page","status-publish","hentry"],"yoast_head":"<!-- This site is optimized with the Yoast SEO plugin v27.2 - https:\/\/yoast.com\/product\/yoast-seo-wordpress\/ -->\n<title>Livro de visitas - Fazendinha<\/title>\n<meta name=\"robots\" content=\"index, follow, max-snippet:-1, max-image-preview:large, max-video-preview:-1\" \/>\n<link rel=\"canonical\" href=\"https:\/\/institucional.ufrrj.br\/fazendinha\/livro-de-visitas-2\/\" \/>\n<meta property=\"og:locale\" content=\"pt_BR\" \/>\n<meta property=\"og:type\" content=\"article\" \/>\n<meta property=\"og:title\" content=\"Livro de visitas - Fazendinha\" \/>\n<meta property=\"og:description\" content=\"02 de Julho de 2019 &#8211; Alunos do do Programa de P\u00f3s Gradua\u00e7\u00e3o em Agricultura Org\u00e2nica (PPGAO) do Instituto Federal ... leia mais\" \/>\n<meta property=\"og:url\" content=\"https:\/\/institucional.ufrrj.br\/fazendinha\/livro-de-visitas-2\/\" \/>\n<meta property=\"og:site_name\" content=\"Fazendinha\" \/>\n<meta property=\"article:modified_time\" content=\"2019-08-27T15:38:01+00:00\" \/>\n<meta name=\"twitter:card\" content=\"summary_large_image\" \/>\n<meta name=\"twitter:label1\" content=\"Est. tempo de leitura\" \/>\n\t<meta name=\"twitter:data1\" content=\"2 minutos\" \/>\n<script type=\"application\/ld+json\" class=\"yoast-schema-graph\">{\"@context\":\"https:\/\/schema.org\",\"@graph\":[{\"@type\":\"WebPage\",\"@id\":\"https:\/\/institucional.ufrrj.br\/fazendinha\/livro-de-visitas-2\/\",\"url\":\"https:\/\/institucional.ufrrj.br\/fazendinha\/livro-de-visitas-2\/\",\"name\":\"Livro de visitas - Fazendinha\",\"isPartOf\":{\"@id\":\"https:\/\/institucional.ufrrj.br\/fazendinha\/#website\"},\"datePublished\":\"2019-07-01T14:30:06+00:00\",\"dateModified\":\"2019-08-27T15:38:01+00:00\",\"breadcrumb\":{\"@id\":\"https:\/\/institucional.ufrrj.br\/fazendinha\/livro-de-visitas-2\/#breadcrumb\"},\"inLanguage\":\"pt-BR\",\"potentialAction\":[{\"@type\":\"ReadAction\",\"target\":[\"https:\/\/institucional.ufrrj.br\/fazendinha\/livro-de-visitas-2\/\"]}]},{\"@type\":\"BreadcrumbList\",\"@id\":\"https:\/\/institucional.ufrrj.br\/fazendinha\/livro-de-visitas-2\/#breadcrumb\",\"itemListElement\":[{\"@type\":\"ListItem\",\"position\":1,\"name\":\"In\u00edcio\",\"item\":\"https:\/\/institucional.ufrrj.br\/fazendinha\/\"},{\"@type\":\"ListItem\",\"position\":2,\"name\":\"Livro de visitas\"}]},{\"@type\":\"WebSite\",\"@id\":\"https:\/\/institucional.ufrrj.br\/fazendinha\/#website\",\"url\":\"https:\/\/institucional.ufrrj.br\/fazendinha\/\",\"name\":\"Fazendinha\",\"description\":\"S\u00f3 mais um site institucional.ufrrj.br\",\"potentialAction\":[{\"@type\":\"SearchAction\",\"target\":{\"@type\":\"EntryPoint\",\"urlTemplate\":\"https:\/\/institucional.ufrrj.br\/fazendinha\/?s={search_term_string}\"},\"query-input\":{\"@type\":\"PropertyValueSpecification\",\"valueRequired\":true,\"valueName\":\"search_term_string\"}}],\"inLanguage\":\"pt-BR\"}]}<\/script>\n<!-- \/ Yoast SEO plugin. -->","yoast_head_json":{"title":"Livro de visitas - Fazendinha","robots":{"index":"index","follow":"follow","max-snippet":"max-snippet:-1","max-image-preview":"max-image-preview:large","max-video-preview":"max-video-preview:-1"},"canonical":"https:\/\/institucional.ufrrj.br\/fazendinha\/livro-de-visitas-2\/","og_locale":"pt_BR","og_type":"article","og_title":"Livro de visitas - Fazendinha","og_description":"02 de Julho de 2019 &#8211; Alunos do do Programa de P\u00f3s Gradua\u00e7\u00e3o em Agricultura Org\u00e2nica (PPGAO) do Instituto Federal ... leia mais","og_url":"https:\/\/institucional.ufrrj.br\/fazendinha\/livro-de-visitas-2\/","og_site_name":"Fazendinha","article_modified_time":"2019-08-27T15:38:01+00:00","twitter_card":"summary_large_image","twitter_misc":{"Est. tempo de leitura":"2 minutos"},"schema":{"@context":"https:\/\/schema.org","@graph":[{"@type":"WebPage","@id":"https:\/\/institucional.ufrrj.br\/fazendinha\/livro-de-visitas-2\/","url":"https:\/\/institucional.ufrrj.br\/fazendinha\/livro-de-visitas-2\/","name":"Livro de visitas - Fazendinha","isPartOf":{"@id":"https:\/\/institucional.ufrrj.br\/fazendinha\/#website"},"datePublished":"2019-07-01T14:30:06+00:00","dateModified":"2019-08-27T15:38:01+00:00","breadcrumb":{"@id":"https:\/\/institucional.ufrrj.br\/fazendinha\/livro-de-visitas-2\/#breadcrumb"},"inLanguage":"pt-BR","potentialAction":[{"@type":"ReadAction","target":["https:\/\/institucional.ufrrj.br\/fazendinha\/livro-de-visitas-2\/"]}]},{"@type":"BreadcrumbList","@id":"https:\/\/institucional.ufrrj.br\/fazendinha\/livro-de-visitas-2\/#breadcrumb","itemListElement":[{"@type":"ListItem","position":1,"name":"In\u00edcio","item":"https:\/\/institucional.ufrrj.br\/fazendinha\/"},{"@type":"ListItem","position":2,"name":"Livro de visitas"}]},{"@type":"WebSite","@id":"https:\/\/institucional.ufrrj.br\/fazendinha\/#website","url":"https:\/\/institucional.ufrrj.br\/fazendinha\/","name":"Fazendinha","description":"S\u00f3 mais um site institucional.ufrrj.br","potentialAction":[{"@type":"SearchAction","target":{"@type":"EntryPoint","urlTemplate":"https:\/\/institucional.ufrrj.br\/fazendinha\/?s={search_term_string}"},"query-input":{"@type":"PropertyValueSpecification","valueRequired":true,"valueName":"search_term_string"}}],"inLanguage":"pt-BR"}]}},"acf":[],"_links":{"self":[{"href":"https:\/\/institucional.ufrrj.br\/fazendinha\/wp-json\/wp\/v2\/pages\/883","targetHints":{"allow":["GET"]}}],"collection":[{"href":"https:\/\/institucional.ufrrj.br\/fazendinha\/wp-json\/wp\/v2\/pages"}],"about":[{"href":"https:\/\/institucional.ufrrj.br\/fazendinha\/wp-json\/wp\/v2\/types\/page"}],"author":[{"embeddable":true,"href":"https:\/\/institucional.ufrrj.br\/fazendinha\/wp-json\/wp\/v2\/users\/743"}],"replies":[{"embeddable":true,"href":"https:\/\/institucional.ufrrj.br\/fazendinha\/wp-json\/wp\/v2\/comments?post=883"}],"version-history":[{"count":6,"href":"https:\/\/institucional.ufrrj.br\/fazendinha\/wp-json\/wp\/v2\/pages\/883\/revisions"}],"predecessor-version":[{"id":1056,"href":"https:\/\/institucional.ufrrj.br\/fazendinha\/wp-json\/wp\/v2\/pages\/883\/revisions\/1056"}],"wp:attachment":[{"href":"https:\/\/institucional.ufrrj.br\/fazendinha\/wp-json\/wp\/v2\/media?parent=883"}],"curies":[{"name":"wp","href":"https:\/\/api.w.org\/{rel}","templated":true}]}}