{"id":842,"date":"2019-06-30T17:57:36","date_gmt":"2019-06-30T20:57:36","guid":{"rendered":"http:\/\/institucional.ufrrj.br\/fazendinha\/?page_id=842"},"modified":"2019-07-15T15:23:42","modified_gmt":"2019-07-15T18:23:42","slug":"galeria-de-videos","status":"publish","type":"page","link":"https:\/\/institucional.ufrrj.br\/fazendinha\/galeria-de-videos\/","title":{"rendered":"Galeria de v\u00eddeos"},"content":{"rendered":"<p><img loading=\"lazy\" decoding=\"async\" class=\"size-thumbnail wp-image-840 alignleft\" src=\"https:\/\/institucional.ufrrj.br\/fazendinha\/files\/2019\/06\/BEm-estar-150x150.jpg\" alt=\"\" width=\"150\" height=\"150\" srcset=\"https:\/\/institucional.ufrrj.br\/fazendinha\/files\/2019\/06\/BEm-estar-150x150.jpg 150w, https:\/\/institucional.ufrrj.br\/fazendinha\/files\/2019\/06\/BEm-estar-75x75.jpg 75w, https:\/\/institucional.ufrrj.br\/fazendinha\/files\/2019\/06\/BEm-estar-100x100.jpg 100w\" sizes=\"auto, (max-width: 150px) 100vw, 150px\" \/><\/p>\n<p>&nbsp;<\/p>\n<p><a href=\"https:\/\/institucional.ufrrj.br\/fazendinha\/wp-admin\/post.php?post=838&amp;action=edit\" target=\"_blank\" rel=\"noopener noreferrer\">Programa &#8220;Como ser\u00e1?&#8221; da rede Globo transmite reportagem da Fazendinha Agroecol\u00f3gica: Hoje \u00e9 dia de horta: x\u00f4, praga!<\/a><\/p>\n<p>&nbsp;<\/p>\n<p>&nbsp;<\/p>\n<p>&nbsp;<\/p>\n<p><img loading=\"lazy\" decoding=\"async\" class=\"size-thumbnail wp-image-552 alignleft\" src=\"https:\/\/institucional.ufrrj.br\/fazendinha\/files\/2019\/05\/Embrapa-1-150x150.jpg\" alt=\"\" width=\"150\" height=\"150\" srcset=\"https:\/\/institucional.ufrrj.br\/fazendinha\/files\/2019\/05\/Embrapa-1-150x150.jpg 150w, https:\/\/institucional.ufrrj.br\/fazendinha\/files\/2019\/05\/Embrapa-1-75x75.jpg 75w, https:\/\/institucional.ufrrj.br\/fazendinha\/files\/2019\/05\/Embrapa-1-100x100.jpg 100w, https:\/\/institucional.ufrrj.br\/fazendinha\/files\/2019\/05\/Embrapa-1-184x184.jpg 184w\" sizes=\"auto, (max-width: 150px) 100vw, 150px\" \/><\/p>\n<p>&nbsp;<\/p>\n<p><a href=\"https:\/\/institucional.ufrrj.br\/fazendinha\/wp-admin\/post.php?post=736&amp;action=edit\" target=\"_blank\" rel=\"noopener noreferrer\">Site da Embrapa Agrobiologia relata sobre os 25 anos de hist\u00f3ria da Fazendinha Agroecol\u00f3gica Km 47.<\/a><\/p>\n<p>&nbsp;<\/p>\n<p>&nbsp;<\/p>\n<p>&nbsp;<\/p>\n<p><img loading=\"lazy\" decoding=\"async\" class=\"size-thumbnail wp-image-731 alignleft\" src=\"https:\/\/institucional.ufrrj.br\/fazendinha\/files\/2019\/06\/video-4-150x150.jpg\" alt=\"\" width=\"150\" height=\"150\" srcset=\"https:\/\/institucional.ufrrj.br\/fazendinha\/files\/2019\/06\/video-4-150x150.jpg 150w, https:\/\/institucional.ufrrj.br\/fazendinha\/files\/2019\/06\/video-4-75x75.jpg 75w, https:\/\/institucional.ufrrj.br\/fazendinha\/files\/2019\/06\/video-4-100x100.jpg 100w\" sizes=\"auto, (max-width: 150px) 100vw, 150px\" \/><\/p>\n<p>&nbsp;<\/p>\n<p><a href=\"https:\/\/institucional.ufrrj.br\/fazendinha\/wp-admin\/post.php?post=730&amp;action=edit\" target=\"_blank\" rel=\"noopener noreferrer\">Globo Rural transmite reportagem da Fazendinha Agroecol\u00f3gica: Pesquisadores do RJ investem e ganham espa\u00e7o com os org\u00e2nicos<\/a><\/p>\n<p>&nbsp;<\/p>\n<p>&nbsp;<\/p>\n<p>&nbsp;<\/p>\n<p><img loading=\"lazy\" decoding=\"async\" class=\"size-thumbnail wp-image-431 alignleft\" src=\"https:\/\/institucional.ufrrj.br\/fazendinha\/files\/2019\/05\/logo-150x129.jpg\" alt=\"\" width=\"150\" height=\"129\" \/><\/p>\n<p>&nbsp;<\/p>\n<p><a href=\"https:\/\/institucional.ufrrj.br\/fazendinha\/wp-admin\/post.php?post=728&amp;action=edit\" target=\"_blank\" rel=\"noopener noreferrer\">Entrevista com os pesquisadores Raul de Lucena Duarte Ribeiro e Dejair Lopes de Almeida fundadores da Fazendinha Agroecol\u00f3gica: 25 anos Semeando e cultivando uma bela aventura.<\/a><\/p>\n<p>&nbsp;<\/p>\n<p>&nbsp;<\/p>\n<p>&nbsp;<\/p>\n<p><img loading=\"lazy\" decoding=\"async\" class=\"size-thumbnail wp-image-727 alignleft\" src=\"https:\/\/institucional.ufrrj.br\/fazendinha\/files\/2019\/06\/video-3-1-150x150.jpg\" alt=\"\" width=\"150\" height=\"150\" srcset=\"https:\/\/institucional.ufrrj.br\/fazendinha\/files\/2019\/06\/video-3-1-150x150.jpg 150w, https:\/\/institucional.ufrrj.br\/fazendinha\/files\/2019\/06\/video-3-1-75x75.jpg 75w, https:\/\/institucional.ufrrj.br\/fazendinha\/files\/2019\/06\/video-3-1-100x100.jpg 100w\" sizes=\"auto, (max-width: 150px) 100vw, 150px\" \/><\/p>\n<p>&nbsp;<\/p>\n<p><a href=\"https:\/\/institucional.ufrrj.br\/fazendinha\/wp-admin\/post.php?post=724&amp;action=edit\" target=\"_blank\" rel=\"noopener noreferrer\">Trailer estendido produzido pelo N\u00facleo Interdisciplinar de Agroecologia da UFRRJ, do dia de visita e Interc\u00e2mbio de experi\u00eancias dos assentados da reforma agr\u00e1ria da regi\u00e3o Sul-Fluminense e Metropolitana do Rio de Janeiro, \u00e0 Fazendinha Agroecol\u00f3gica.<\/a><\/p>\n<p>&nbsp;<\/p>\n<p>&nbsp;<\/p>\n<p>&nbsp;<\/p>\n<p><img loading=\"lazy\" decoding=\"async\" class=\"size-thumbnail wp-image-722 alignleft\" src=\"https:\/\/institucional.ufrrj.br\/fazendinha\/files\/2019\/06\/video-2-150x150.jpg\" alt=\"\" width=\"150\" height=\"150\" srcset=\"https:\/\/institucional.ufrrj.br\/fazendinha\/files\/2019\/06\/video-2-150x150.jpg 150w, https:\/\/institucional.ufrrj.br\/fazendinha\/files\/2019\/06\/video-2-75x75.jpg 75w, https:\/\/institucional.ufrrj.br\/fazendinha\/files\/2019\/06\/video-2-100x100.jpg 100w\" sizes=\"auto, (max-width: 150px) 100vw, 150px\" \/><\/p>\n<p>&nbsp;<\/p>\n<p><a href=\"https:\/\/institucional.ufrrj.br\/fazendinha\/wp-admin\/post.php?post=721&amp;action=edit\" target=\"_blank\" rel=\"noopener noreferrer\">Programa &#8220;Dia de Campo na TV&#8221; da Embrapa Informa\u00e7\u00e3o Tecnol\u00f3gica e Embrapa Agrobiologia transmite reportagem da Fazendinha agroecol\u00f3gica: 20 anos produzindo sustentabilidade.<\/a><\/p>\n<p>&nbsp;<\/p>\n<p>&nbsp;<\/p>\n<p>&nbsp;<\/p>\n<p><img loading=\"lazy\" decoding=\"async\" class=\"size-thumbnail wp-image-720 alignleft\" src=\"https:\/\/institucional.ufrrj.br\/fazendinha\/files\/2019\/06\/video-1-150x150.jpg\" alt=\"\" width=\"150\" height=\"150\" \/><\/p>\n<p>&nbsp;<\/p>\n<p><a href=\"https:\/\/institucional.ufrrj.br\/fazendinha\/wp-admin\/post.php?post=718&amp;action=edit\" target=\"_blank\" rel=\"noopener noreferrer\">Entrevista com os idealizadores e fundadores Djair Lopes de Almeida e Raul de Lucena, do espa\u00e7o que hoje se mostra como refer\u00eancia nacional e internacional em Agricultura Org\u00e2nica: a Fazendinha Agroecol\u00f3gica Km 47: 20 anos da Fazendinha Agroecol\u00f3gica, um sonho concretizado.<\/a><\/p>\n","protected":false},"excerpt":{"rendered":"<p>&nbsp; Programa &#8220;Como ser\u00e1?&#8221; da rede Globo transmite reportagem da Fazendinha Agroecol\u00f3gica: Hoje \u00e9 dia de horta: x\u00f4, praga! &nbsp; <a class=\"read-more\" href=\"https:\/\/institucional.ufrrj.br\/fazendinha\/galeria-de-videos\/ \" >&#8230; <span class=\"font-italic\">leia mais <i class=\"fas fa-angle-right\"><\/i><\/span><\/a><\/p>\n","protected":false},"author":743,"featured_media":0,"parent":0,"menu_order":0,"comment_status":"closed","ping_status":"closed","template":"","meta":{"_acf_changed":false,"footnotes":""},"class_list":["post-842","page","type-page","status-publish","hentry"],"yoast_head":"<!-- This site is optimized with the Yoast SEO plugin v27.2 - https:\/\/yoast.com\/product\/yoast-seo-wordpress\/ -->\n<title>Galeria de v\u00eddeos - Fazendinha<\/title>\n<meta name=\"robots\" content=\"index, follow, max-snippet:-1, max-image-preview:large, max-video-preview:-1\" \/>\n<link rel=\"canonical\" href=\"https:\/\/institucional.ufrrj.br\/fazendinha\/galeria-de-videos\/\" \/>\n<meta property=\"og:locale\" content=\"pt_BR\" \/>\n<meta property=\"og:type\" content=\"article\" \/>\n<meta property=\"og:title\" content=\"Galeria de v\u00eddeos - Fazendinha\" \/>\n<meta property=\"og:description\" content=\"&nbsp; Programa &#8220;Como ser\u00e1?&#8221; da rede Globo transmite reportagem da Fazendinha Agroecol\u00f3gica: Hoje \u00e9 dia de horta: x\u00f4, praga! &nbsp; ... leia mais\" \/>\n<meta property=\"og:url\" content=\"https:\/\/institucional.ufrrj.br\/fazendinha\/galeria-de-videos\/\" \/>\n<meta property=\"og:site_name\" content=\"Fazendinha\" \/>\n<meta property=\"article:modified_time\" content=\"2019-07-15T18:23:42+00:00\" \/>\n<meta property=\"og:image\" content=\"http:\/\/institucional.ufrrj.br\/fazendinha\/files\/2019\/06\/BEm-estar-150x150.jpg\" \/>\n<meta name=\"twitter:card\" content=\"summary_large_image\" \/>\n<meta name=\"twitter:label1\" content=\"Est. tempo de leitura\" \/>\n\t<meta name=\"twitter:data1\" content=\"1 minuto\" \/>\n<script type=\"application\/ld+json\" class=\"yoast-schema-graph\">{\"@context\":\"https:\/\/schema.org\",\"@graph\":[{\"@type\":\"WebPage\",\"@id\":\"https:\/\/institucional.ufrrj.br\/fazendinha\/galeria-de-videos\/\",\"url\":\"https:\/\/institucional.ufrrj.br\/fazendinha\/galeria-de-videos\/\",\"name\":\"Galeria de v\u00eddeos - Fazendinha\",\"isPartOf\":{\"@id\":\"https:\/\/institucional.ufrrj.br\/fazendinha\/#website\"},\"primaryImageOfPage\":{\"@id\":\"https:\/\/institucional.ufrrj.br\/fazendinha\/galeria-de-videos\/#primaryimage\"},\"image\":{\"@id\":\"https:\/\/institucional.ufrrj.br\/fazendinha\/galeria-de-videos\/#primaryimage\"},\"thumbnailUrl\":\"http:\/\/institucional.ufrrj.br\/fazendinha\/files\/2019\/06\/BEm-estar-150x150.jpg\",\"datePublished\":\"2019-06-30T20:57:36+00:00\",\"dateModified\":\"2019-07-15T18:23:42+00:00\",\"breadcrumb\":{\"@id\":\"https:\/\/institucional.ufrrj.br\/fazendinha\/galeria-de-videos\/#breadcrumb\"},\"inLanguage\":\"pt-BR\",\"potentialAction\":[{\"@type\":\"ReadAction\",\"target\":[\"https:\/\/institucional.ufrrj.br\/fazendinha\/galeria-de-videos\/\"]}]},{\"@type\":\"ImageObject\",\"inLanguage\":\"pt-BR\",\"@id\":\"https:\/\/institucional.ufrrj.br\/fazendinha\/galeria-de-videos\/#primaryimage\",\"url\":\"http:\/\/institucional.ufrrj.br\/fazendinha\/files\/2019\/06\/BEm-estar-150x150.jpg\",\"contentUrl\":\"http:\/\/institucional.ufrrj.br\/fazendinha\/files\/2019\/06\/BEm-estar-150x150.jpg\"},{\"@type\":\"BreadcrumbList\",\"@id\":\"https:\/\/institucional.ufrrj.br\/fazendinha\/galeria-de-videos\/#breadcrumb\",\"itemListElement\":[{\"@type\":\"ListItem\",\"position\":1,\"name\":\"In\u00edcio\",\"item\":\"https:\/\/institucional.ufrrj.br\/fazendinha\/\"},{\"@type\":\"ListItem\",\"position\":2,\"name\":\"Galeria de v\u00eddeos\"}]},{\"@type\":\"WebSite\",\"@id\":\"https:\/\/institucional.ufrrj.br\/fazendinha\/#website\",\"url\":\"https:\/\/institucional.ufrrj.br\/fazendinha\/\",\"name\":\"Fazendinha\",\"description\":\"S\u00f3 mais um site institucional.ufrrj.br\",\"potentialAction\":[{\"@type\":\"SearchAction\",\"target\":{\"@type\":\"EntryPoint\",\"urlTemplate\":\"https:\/\/institucional.ufrrj.br\/fazendinha\/?s={search_term_string}\"},\"query-input\":{\"@type\":\"PropertyValueSpecification\",\"valueRequired\":true,\"valueName\":\"search_term_string\"}}],\"inLanguage\":\"pt-BR\"}]}<\/script>\n<!-- \/ Yoast SEO plugin. -->","yoast_head_json":{"title":"Galeria de v\u00eddeos - Fazendinha","robots":{"index":"index","follow":"follow","max-snippet":"max-snippet:-1","max-image-preview":"max-image-preview:large","max-video-preview":"max-video-preview:-1"},"canonical":"https:\/\/institucional.ufrrj.br\/fazendinha\/galeria-de-videos\/","og_locale":"pt_BR","og_type":"article","og_title":"Galeria de v\u00eddeos - Fazendinha","og_description":"&nbsp; Programa &#8220;Como ser\u00e1?&#8221; da rede Globo transmite reportagem da Fazendinha Agroecol\u00f3gica: Hoje \u00e9 dia de horta: x\u00f4, praga! &nbsp; ... leia mais","og_url":"https:\/\/institucional.ufrrj.br\/fazendinha\/galeria-de-videos\/","og_site_name":"Fazendinha","article_modified_time":"2019-07-15T18:23:42+00:00","og_image":[{"url":"http:\/\/institucional.ufrrj.br\/fazendinha\/files\/2019\/06\/BEm-estar-150x150.jpg","type":"","width":"","height":""}],"twitter_card":"summary_large_image","twitter_misc":{"Est. tempo de leitura":"1 minuto"},"schema":{"@context":"https:\/\/schema.org","@graph":[{"@type":"WebPage","@id":"https:\/\/institucional.ufrrj.br\/fazendinha\/galeria-de-videos\/","url":"https:\/\/institucional.ufrrj.br\/fazendinha\/galeria-de-videos\/","name":"Galeria de v\u00eddeos - Fazendinha","isPartOf":{"@id":"https:\/\/institucional.ufrrj.br\/fazendinha\/#website"},"primaryImageOfPage":{"@id":"https:\/\/institucional.ufrrj.br\/fazendinha\/galeria-de-videos\/#primaryimage"},"image":{"@id":"https:\/\/institucional.ufrrj.br\/fazendinha\/galeria-de-videos\/#primaryimage"},"thumbnailUrl":"http:\/\/institucional.ufrrj.br\/fazendinha\/files\/2019\/06\/BEm-estar-150x150.jpg","datePublished":"2019-06-30T20:57:36+00:00","dateModified":"2019-07-15T18:23:42+00:00","breadcrumb":{"@id":"https:\/\/institucional.ufrrj.br\/fazendinha\/galeria-de-videos\/#breadcrumb"},"inLanguage":"pt-BR","potentialAction":[{"@type":"ReadAction","target":["https:\/\/institucional.ufrrj.br\/fazendinha\/galeria-de-videos\/"]}]},{"@type":"ImageObject","inLanguage":"pt-BR","@id":"https:\/\/institucional.ufrrj.br\/fazendinha\/galeria-de-videos\/#primaryimage","url":"http:\/\/institucional.ufrrj.br\/fazendinha\/files\/2019\/06\/BEm-estar-150x150.jpg","contentUrl":"http:\/\/institucional.ufrrj.br\/fazendinha\/files\/2019\/06\/BEm-estar-150x150.jpg"},{"@type":"BreadcrumbList","@id":"https:\/\/institucional.ufrrj.br\/fazendinha\/galeria-de-videos\/#breadcrumb","itemListElement":[{"@type":"ListItem","position":1,"name":"In\u00edcio","item":"https:\/\/institucional.ufrrj.br\/fazendinha\/"},{"@type":"ListItem","position":2,"name":"Galeria de v\u00eddeos"}]},{"@type":"WebSite","@id":"https:\/\/institucional.ufrrj.br\/fazendinha\/#website","url":"https:\/\/institucional.ufrrj.br\/fazendinha\/","name":"Fazendinha","description":"S\u00f3 mais um site institucional.ufrrj.br","potentialAction":[{"@type":"SearchAction","target":{"@type":"EntryPoint","urlTemplate":"https:\/\/institucional.ufrrj.br\/fazendinha\/?s={search_term_string}"},"query-input":{"@type":"PropertyValueSpecification","valueRequired":true,"valueName":"search_term_string"}}],"inLanguage":"pt-BR"}]}},"acf":[],"_links":{"self":[{"href":"https:\/\/institucional.ufrrj.br\/fazendinha\/wp-json\/wp\/v2\/pages\/842","targetHints":{"allow":["GET"]}}],"collection":[{"href":"https:\/\/institucional.ufrrj.br\/fazendinha\/wp-json\/wp\/v2\/pages"}],"about":[{"href":"https:\/\/institucional.ufrrj.br\/fazendinha\/wp-json\/wp\/v2\/types\/page"}],"author":[{"embeddable":true,"href":"https:\/\/institucional.ufrrj.br\/fazendinha\/wp-json\/wp\/v2\/users\/743"}],"replies":[{"embeddable":true,"href":"https:\/\/institucional.ufrrj.br\/fazendinha\/wp-json\/wp\/v2\/comments?post=842"}],"version-history":[{"count":8,"href":"https:\/\/institucional.ufrrj.br\/fazendinha\/wp-json\/wp\/v2\/pages\/842\/revisions"}],"predecessor-version":[{"id":938,"href":"https:\/\/institucional.ufrrj.br\/fazendinha\/wp-json\/wp\/v2\/pages\/842\/revisions\/938"}],"wp:attachment":[{"href":"https:\/\/institucional.ufrrj.br\/fazendinha\/wp-json\/wp\/v2\/media?parent=842"}],"curies":[{"name":"wp","href":"https:\/\/api.w.org\/{rel}","templated":true}]}}