{"id":56,"date":"2018-10-03T09:26:52","date_gmt":"2018-10-03T12:26:52","guid":{"rendered":"http:\/\/institucional.ufrrj.br\/fazendinha\/?page_id=56"},"modified":"2018-10-03T09:27:10","modified_gmt":"2018-10-03T12:27:10","slug":"formulario-de-intencao-de-porojetos","status":"publish","type":"page","link":"https:\/\/institucional.ufrrj.br\/fazendinha\/formulario-de-intencao-de-porojetos\/","title":{"rendered":"Formul\u00e1rio de inten\u00e7\u00e3o de projetos"},"content":{"rendered":"\n                <div class='gf_browser_gecko gform_wrapper' id='gform_wrapper_3' ><form method='post' enctype='multipart\/form-data'  id='gform_3'  action='\/fazendinha\/wp-json\/wp\/v2\/pages\/56'>\n                        <div class='gform_heading'>\n                            <h3 class='gform_title'>Este Formul\u00e1rio destina-se professores\/pesquisadores interessados em desenvolver projetos de pesquisas na Fazendinha Agroecol\u00f3gica Km 47<\/h3>\n                            <span class='gform_description'>Preencha todos os campos e clique em enviar. D\u00favidas ser\u00e3o esclarecidas mediante contato pelo email: fazendinhaagroecologica47@ufrrj.br<\/span>\n                        <\/div>\n                        <div class='gform_body'><ul id='gform_fields_3' class='gform_fields top_label form_sublabel_below description_below'><li id='field_3_1'  class='gfield field_sublabel_below field_description_below gfield_visibility_visible' ><label class='gfield_label' for='input_3_1' >Lider do projeto\/ Institui\u00e7\u00e3o<\/label><div class='ginput_container ginput_container_text'><input name='input_1' id='input_3_1' type='text' value='' class='medium'      aria-invalid=\"false\" \/><\/div><\/li><li id='field_3_2'  class='gfield field_sublabel_below field_description_below gfield_visibility_visible' ><label class='gfield_label' for='input_3_2' >E-mail<\/label><div class='ginput_container ginput_container_email'>\n                            <input name='input_2' id='input_3_2' type='text' value='' class='medium'     aria-invalid=\"false\" \/>\n                        <\/div><\/li><li id='field_3_3'  class='gfield field_sublabel_below field_description_below gfield_visibility_visible' ><label class='gfield_label' for='input_3_3' >Telefone<\/label><div class='ginput_container ginput_container_text'><input name='input_3' id='input_3_3' type='text' value='' class='medium'      aria-invalid=\"false\" \/><\/div><\/li><li id='field_3_5'  class='gfield field_sublabel_below field_description_below gfield_visibility_visible' ><label class='gfield_label'  >Nome \/ Institui\u00e7\u00e3o \/ Tipo de participa\u00e7\u00e3o<\/label><style type=\"text\/css\">\n\n\t\t\t\t\t\tbody .ginput_container_list table.gfield_list tbody tr td.gfield_list_icons {\n\t\t\t\t\t\t\tvertical-align: middle !important;\n\t\t\t\t\t\t}\n\n\t\t\t\t\t\tbody .ginput_container_list table.gfield_list tbody tr td.gfield_list_icons img {\n\t\t\t\t\t\t\tbackground-color: transparent !important;\n\t\t\t\t\t\t\tbackground-position: 0 0;\n\t\t\t\t\t\t\tbackground-size: 16px 16px !important;\n\t\t\t\t\t\t\tbackground-repeat: no-repeat;\n\t\t\t\t\t\t\tborder: none !important;\n\t\t\t\t\t\t\twidth: 16px !important;\n\t\t\t\t\t\t\theight: 16px !important;\n\t\t\t\t\t\t\topacity: 0.5;\n\t\t\t\t\t\t\ttransition: opacity .5s ease-out;\n\t\t\t\t\t\t    -moz-transition: opacity .5s ease-out;\n\t\t\t\t\t\t    -webkit-transition: opacity .5s ease-out;\n\t\t\t\t\t\t    -o-transition: opacity .5s ease-out;\n\t\t\t\t\t\t}\n\n\t\t\t\t\t\tbody .ginput_container_list table.gfield_list tbody tr td.gfield_list_icons a:hover img {\n\t\t\t\t\t\t\topacity: 1.0;\n\t\t\t\t\t\t}\n\n\t\t\t\t\t\t<\/style><div class='ginput_container ginput_container_list ginput_list'><table class='gfield_list gfield_list_container'><colgroup><col id='gfield_list_5_col1' class='gfield_list_col_odd' \/><col id='gfield_list_5_col2' class='gfield_list_col_even' \/><\/colgroup><tbody><tr class='gfield_list_row_odd gfield_list_group'><td class='gfield_list_cell gfield_list_5_cell1' ><input aria-label='Nome \/ Institui\u00e7\u00e3o \/ Tipo de participa\u00e7\u00e3o' type='text' name='input_5[]' value=''  \/><\/td><td class='gfield_list_icons'>   <a href='javascript:void(0);' class='add_list_item ' aria-label='Adicionar outra linha' onclick='gformAddListItem(this, 0)' onkeypress='gformAddListItem(this, 0)'><img src='https:\/\/institucional.ufrrj.br\/fazendinha\/wp-content\/plugins\/gravityforms\/images\/list-add.svg' alt='' title='Adicionar linha' \/><\/a>   <a href='javascript:void(0);' class='delete_list_item' aria-label='Remover esta linha' onclick='gformDeleteListItem(this, 0)' onkeypress='gformDeleteListItem(this, 0)' style=\"visibility:hidden;\"><img src='https:\/\/institucional.ufrrj.br\/fazendinha\/wp-content\/plugins\/gravityforms\/images\/list-remove.svg' alt='' title='Remover esta linha' \/><\/a><\/td><\/tr><\/tbody><\/table><\/div><\/li><li id='field_3_6'  class='gfield field_sublabel_below field_description_below gfield_visibility_visible' ><label class='gfield_label' for='input_3_6' >Edital \/ Ag\u00eancia de fomento<\/label><div class='ginput_container ginput_container_text'><input name='input_6' id='input_3_6' type='text' value='' class='medium'      aria-invalid=\"false\" \/><\/div><\/li><li id='field_3_7'  class='gfield field_sublabel_below field_description_below gfield_visibility_visible' ><label class='gfield_label' for='input_3_7' >T\u00edtulo do projeto<\/label><div class='ginput_container ginput_container_text'><input name='input_7' id='input_3_7' type='text' value='' class='medium'      aria-invalid=\"false\" \/><\/div><\/li><li id='field_3_8'  class='gfield field_sublabel_below field_description_below gfield_visibility_visible' ><label class='gfield_label' for='input_3_8' >Data final para envio da proposta<\/label><div class='ginput_container ginput_container_date'>\n                            <input name='input_8' id='input_3_8' type='text' value='' class='datepicker medium mdy datepicker_no_icon'    aria-describedby='input_3_8_date_format' \/>\n                            <span id='input_3_8_date_format' class='screen-reader-text'>Formato de dataMM barra DD barra YY<\/span>\n                        <\/div>\n                        <input type='hidden' id='gforms_calendar_icon_input_3_8' class='gform_hidden' value='https:\/\/institucional.ufrrj.br\/fazendinha\/wp-content\/plugins\/gravityforms\/images\/calendar.png'\/><\/li><li id='field_3_9'  class='gfield field_sublabel_below field_description_below gfield_visibility_visible' ><label class='gfield_label' for='input_3_9' >Data de in\u00edcio do projeto<\/label><div class='ginput_container ginput_container_date'>\n                            <input name='input_9' id='input_3_9' type='text' value='' class='datepicker medium mdy datepicker_no_icon'    aria-describedby='input_3_9_date_format' \/>\n                            <span id='input_3_9_date_format' class='screen-reader-text'>Formato de dataMM barra DD barra YY<\/span>\n                        <\/div>\n                        <input type='hidden' id='gforms_calendar_icon_input_3_9' class='gform_hidden' value='https:\/\/institucional.ufrrj.br\/fazendinha\/wp-content\/plugins\/gravityforms\/images\/calendar.png'\/><\/li><li id='field_3_10'  class='gfield field_sublabel_below field_description_below gfield_visibility_visible' ><label class='gfield_label' for='input_3_10' >Data final do projeto<\/label><div class='ginput_container ginput_container_date'>\n                            <input name='input_10' id='input_3_10' type='text' value='' class='datepicker medium mdy datepicker_no_icon'    aria-describedby='input_3_10_date_format' \/>\n                            <span id='input_3_10_date_format' class='screen-reader-text'>Formato de dataMM barra DD barra YY<\/span>\n                        <\/div>\n                        <input type='hidden' id='gforms_calendar_icon_input_3_10' class='gform_hidden' value='https:\/\/institucional.ufrrj.br\/fazendinha\/wp-content\/plugins\/gravityforms\/images\/calendar.png'\/><\/li><li id='field_3_11'  class='gfield field_sublabel_below field_description_below gfield_visibility_visible' ><label class='gfield_label' for='input_3_11' >Objetivo geral do projeto:<\/label><div class='ginput_container ginput_container_textarea'><textarea name='input_11' id='input_3_11' class='textarea medium'      aria-invalid=\"false\"   rows='10' cols='50'><\/textarea><\/div><\/li><li id='field_3_12'  class='gfield field_sublabel_below field_description_below gfield_visibility_visible' ><label class='gfield_label' for='input_3_12' >Objetivo espec\u00edficos do projeto:<\/label><div class='ginput_container ginput_container_textarea'><textarea name='input_12' id='input_3_12' class='textarea medium'      aria-invalid=\"false\"   rows='10' cols='50'><\/textarea><\/div><\/li><li id='field_3_13'  class='gfield field_sublabel_below field_description_below gfield_visibility_visible' ><label class='gfield_label' for='input_3_13' >Metodologia a ser utilizada no projeto:<\/label><div class='ginput_container ginput_container_textarea'><textarea name='input_13' id='input_3_13' class='textarea medium'      aria-invalid=\"false\"   rows='10' cols='50'><\/textarea><\/div><\/li>\n                            <\/ul><\/div>\n        <div class='gform_footer top_label'> <input type='submit' id='gform_submit_button_3' class='gform_button button' value='Enviar'  onclick='if(window[\"gf_submitting_3\"]){return false;}  window[\"gf_submitting_3\"]=true;  ' onkeypress='if( event.keyCode == 13 ){ if(window[\"gf_submitting_3\"]){return false;} window[\"gf_submitting_3\"]=true;  jQuery(\"#gform_3\").trigger(\"submit\",[true]); }' \/> \n            <input type='hidden' class='gform_hidden' name='is_submit_3' value='1' \/>\n            <input type='hidden' class='gform_hidden' name='gform_submit' value='3' \/>\n            \n            <input type='hidden' class='gform_hidden' name='gform_unique_id' value='' \/>\n            <input type='hidden' class='gform_hidden' name='state_3' value='WyJbXSIsIjczYTU4ZTRjYmFlZGYzYTE1NzI1MWIxZjZjODYzNjFlIl0=' \/>\n            <input type='hidden' class='gform_hidden' name='gform_target_page_number_3' id='gform_target_page_number_3' value='0' \/>\n            <input type='hidden' class='gform_hidden' name='gform_source_page_number_3' id='gform_source_page_number_3' value='1' \/>\n            <input type='hidden' name='gform_field_values' value='' \/>\n            \n        <\/div>\n                        <\/form>\n                        <\/div><script type='text\/javascript'> jQuery(document).bind('gform_post_render', function(event, formId, currentPage){if(formId == 3) {} } );jQuery(document).bind('gform_post_conditional_logic', function(event, formId, fields, isInit){} );<\/script><script type='text\/javascript'> jQuery(document).ready(function(){jQuery(document).trigger('gform_post_render', [3, 1]) } ); <\/script>\n","protected":false},"excerpt":{"rendered":"","protected":false},"author":634,"featured_media":0,"parent":0,"menu_order":0,"comment_status":"closed","ping_status":"closed","template":"","meta":{"_acf_changed":false,"footnotes":""},"class_list":["post-56","page","type-page","status-publish","hentry"],"yoast_head":"<!-- This site is optimized with the Yoast SEO plugin v27.2 - https:\/\/yoast.com\/product\/yoast-seo-wordpress\/ -->\n<title>Formul\u00e1rio de inten\u00e7\u00e3o de projetos - Fazendinha<\/title>\n<meta name=\"robots\" content=\"index, follow, max-snippet:-1, max-image-preview:large, max-video-preview:-1\" \/>\n<link rel=\"canonical\" href=\"https:\/\/institucional.ufrrj.br\/fazendinha\/formulario-de-intencao-de-porojetos\/\" \/>\n<meta property=\"og:locale\" content=\"pt_BR\" \/>\n<meta property=\"og:type\" content=\"article\" \/>\n<meta property=\"og:title\" content=\"Formul\u00e1rio de inten\u00e7\u00e3o de projetos - Fazendinha\" \/>\n<meta property=\"og:url\" content=\"https:\/\/institucional.ufrrj.br\/fazendinha\/formulario-de-intencao-de-porojetos\/\" \/>\n<meta property=\"og:site_name\" content=\"Fazendinha\" \/>\n<meta property=\"article:modified_time\" content=\"2018-10-03T12:27:10+00:00\" \/>\n<meta name=\"twitter:card\" content=\"summary_large_image\" \/>\n<script type=\"application\/ld+json\" class=\"yoast-schema-graph\">{\"@context\":\"https:\/\/schema.org\",\"@graph\":[{\"@type\":\"WebPage\",\"@id\":\"https:\/\/institucional.ufrrj.br\/fazendinha\/formulario-de-intencao-de-porojetos\/\",\"url\":\"https:\/\/institucional.ufrrj.br\/fazendinha\/formulario-de-intencao-de-porojetos\/\",\"name\":\"Formul\u00e1rio de inten\u00e7\u00e3o de projetos - Fazendinha\",\"isPartOf\":{\"@id\":\"https:\/\/institucional.ufrrj.br\/fazendinha\/#website\"},\"datePublished\":\"2018-10-03T12:26:52+00:00\",\"dateModified\":\"2018-10-03T12:27:10+00:00\",\"breadcrumb\":{\"@id\":\"https:\/\/institucional.ufrrj.br\/fazendinha\/formulario-de-intencao-de-porojetos\/#breadcrumb\"},\"inLanguage\":\"pt-BR\",\"potentialAction\":[{\"@type\":\"ReadAction\",\"target\":[\"https:\/\/institucional.ufrrj.br\/fazendinha\/formulario-de-intencao-de-porojetos\/\"]}]},{\"@type\":\"BreadcrumbList\",\"@id\":\"https:\/\/institucional.ufrrj.br\/fazendinha\/formulario-de-intencao-de-porojetos\/#breadcrumb\",\"itemListElement\":[{\"@type\":\"ListItem\",\"position\":1,\"name\":\"In\u00edcio\",\"item\":\"https:\/\/institucional.ufrrj.br\/fazendinha\/\"},{\"@type\":\"ListItem\",\"position\":2,\"name\":\"Formul\u00e1rio de inten\u00e7\u00e3o de projetos\"}]},{\"@type\":\"WebSite\",\"@id\":\"https:\/\/institucional.ufrrj.br\/fazendinha\/#website\",\"url\":\"https:\/\/institucional.ufrrj.br\/fazendinha\/\",\"name\":\"Fazendinha\",\"description\":\"S\u00f3 mais um site institucional.ufrrj.br\",\"potentialAction\":[{\"@type\":\"SearchAction\",\"target\":{\"@type\":\"EntryPoint\",\"urlTemplate\":\"https:\/\/institucional.ufrrj.br\/fazendinha\/?s={search_term_string}\"},\"query-input\":{\"@type\":\"PropertyValueSpecification\",\"valueRequired\":true,\"valueName\":\"search_term_string\"}}],\"inLanguage\":\"pt-BR\"}]}<\/script>\n<!-- \/ Yoast SEO plugin. -->","yoast_head_json":{"title":"Formul\u00e1rio de inten\u00e7\u00e3o de projetos - Fazendinha","robots":{"index":"index","follow":"follow","max-snippet":"max-snippet:-1","max-image-preview":"max-image-preview:large","max-video-preview":"max-video-preview:-1"},"canonical":"https:\/\/institucional.ufrrj.br\/fazendinha\/formulario-de-intencao-de-porojetos\/","og_locale":"pt_BR","og_type":"article","og_title":"Formul\u00e1rio de inten\u00e7\u00e3o de projetos - Fazendinha","og_url":"https:\/\/institucional.ufrrj.br\/fazendinha\/formulario-de-intencao-de-porojetos\/","og_site_name":"Fazendinha","article_modified_time":"2018-10-03T12:27:10+00:00","twitter_card":"summary_large_image","schema":{"@context":"https:\/\/schema.org","@graph":[{"@type":"WebPage","@id":"https:\/\/institucional.ufrrj.br\/fazendinha\/formulario-de-intencao-de-porojetos\/","url":"https:\/\/institucional.ufrrj.br\/fazendinha\/formulario-de-intencao-de-porojetos\/","name":"Formul\u00e1rio de inten\u00e7\u00e3o de projetos - Fazendinha","isPartOf":{"@id":"https:\/\/institucional.ufrrj.br\/fazendinha\/#website"},"datePublished":"2018-10-03T12:26:52+00:00","dateModified":"2018-10-03T12:27:10+00:00","breadcrumb":{"@id":"https:\/\/institucional.ufrrj.br\/fazendinha\/formulario-de-intencao-de-porojetos\/#breadcrumb"},"inLanguage":"pt-BR","potentialAction":[{"@type":"ReadAction","target":["https:\/\/institucional.ufrrj.br\/fazendinha\/formulario-de-intencao-de-porojetos\/"]}]},{"@type":"BreadcrumbList","@id":"https:\/\/institucional.ufrrj.br\/fazendinha\/formulario-de-intencao-de-porojetos\/#breadcrumb","itemListElement":[{"@type":"ListItem","position":1,"name":"In\u00edcio","item":"https:\/\/institucional.ufrrj.br\/fazendinha\/"},{"@type":"ListItem","position":2,"name":"Formul\u00e1rio de inten\u00e7\u00e3o de projetos"}]},{"@type":"WebSite","@id":"https:\/\/institucional.ufrrj.br\/fazendinha\/#website","url":"https:\/\/institucional.ufrrj.br\/fazendinha\/","name":"Fazendinha","description":"S\u00f3 mais um site institucional.ufrrj.br","potentialAction":[{"@type":"SearchAction","target":{"@type":"EntryPoint","urlTemplate":"https:\/\/institucional.ufrrj.br\/fazendinha\/?s={search_term_string}"},"query-input":{"@type":"PropertyValueSpecification","valueRequired":true,"valueName":"search_term_string"}}],"inLanguage":"pt-BR"}]}},"acf":[],"_links":{"self":[{"href":"https:\/\/institucional.ufrrj.br\/fazendinha\/wp-json\/wp\/v2\/pages\/56","targetHints":{"allow":["GET"]}}],"collection":[{"href":"https:\/\/institucional.ufrrj.br\/fazendinha\/wp-json\/wp\/v2\/pages"}],"about":[{"href":"https:\/\/institucional.ufrrj.br\/fazendinha\/wp-json\/wp\/v2\/types\/page"}],"author":[{"embeddable":true,"href":"https:\/\/institucional.ufrrj.br\/fazendinha\/wp-json\/wp\/v2\/users\/634"}],"replies":[{"embeddable":true,"href":"https:\/\/institucional.ufrrj.br\/fazendinha\/wp-json\/wp\/v2\/comments?post=56"}],"version-history":[{"count":2,"href":"https:\/\/institucional.ufrrj.br\/fazendinha\/wp-json\/wp\/v2\/pages\/56\/revisions"}],"predecessor-version":[{"id":58,"href":"https:\/\/institucional.ufrrj.br\/fazendinha\/wp-json\/wp\/v2\/pages\/56\/revisions\/58"}],"wp:attachment":[{"href":"https:\/\/institucional.ufrrj.br\/fazendinha\/wp-json\/wp\/v2\/media?parent=56"}],"curies":[{"name":"wp","href":"https:\/\/api.w.org\/{rel}","templated":true}]}}