{"id":49,"date":"2018-09-19T09:32:34","date_gmt":"2018-09-19T12:32:34","guid":{"rendered":"http:\/\/institucional.ufrrj.br\/fazendinha\/?page_id=49"},"modified":"2018-09-19T09:32:34","modified_gmt":"2018-09-19T12:32:34","slug":"formulario-de-agendamento","status":"publish","type":"page","link":"https:\/\/institucional.ufrrj.br\/fazendinha\/formulario-de-agendamento\/","title":{"rendered":"Formul\u00e1rio de Agendamento"},"content":{"rendered":"\n                <div class='gf_browser_gecko gform_wrapper' id='gform_wrapper_1' style='display:none'><form method='post' enctype='multipart\/form-data'  id='gform_1'  action='\/fazendinha\/wp-json\/wp\/v2\/pages\/49'>\n                        <div class='gform_heading'>\n                            <h3 class='gform_title'>Para o agendamento de aulas, visitas t\u00e9cnicas, capacita\u00e7\u00e3o e oficinas na Fazendinha Agroecol\u00f3gica Km 47<\/h3>\n                            <span class='gform_description'>Preencha todos os campos do Formul\u00e1rio e clique em enviar. D\u00favidas ser\u00e3o esclarecidas mediante contato pelo email: fazendinhaagroecologica47@ufrrj.br<\/span>\n                        <\/div>\n                        <div class='gform_body'><ul id='gform_fields_1' class='gform_fields top_label form_sublabel_below description_below'><li id='field_1_13'  class='gfield gfield_contains_required field_sublabel_below field_description_below gfield_visibility_visible' ><label class='gfield_label' for='input_1_13' >Pessoa respons\u00e1vel, fun\u00e7\u00e3o e Institui\u00e7\u00e3o:<span class='gfield_required'>*<\/span><\/label><div class='ginput_container ginput_container_textarea'><textarea name='input_13' id='input_1_13' class='textarea small'     aria-required=\"true\" aria-invalid=\"false\"   rows='10' cols='50'><\/textarea><\/div><\/li><li id='field_1_15'  class='gfield gfield_contains_required field_sublabel_below field_description_below gfield_visibility_visible' ><label class='gfield_label' for='input_1_15' >E-mail<span class='gfield_required'>*<\/span><\/label><div class='ginput_container ginput_container_email'>\n                            <input name='input_15' id='input_1_15' type='text' value='' class='medium'    aria-required=\"true\" aria-invalid=\"false\" \/>\n                        <\/div><\/li><li id='field_1_16'  class='gfield field_sublabel_below field_description_below gfield_visibility_visible' ><label class='gfield_label' for='input_1_16' >Telefone 1<\/label><div class='ginput_container ginput_container_phone'><input name='input_16' id='input_1_16' type='text' value='' class='medium'    aria-invalid=\"false\"  \/><\/div><\/li><li id='field_1_17'  class='gfield field_sublabel_below field_description_below gfield_visibility_visible' ><label class='gfield_label' for='input_1_17' >Telefone 2<\/label><div class='ginput_container ginput_container_phone'><input name='input_17' id='input_1_17' type='text' value='' class='medium'    aria-invalid=\"false\"  \/><\/div><\/li><li id='field_1_1'  class='gfield gfield_contains_required field_sublabel_below field_description_below gfield_visibility_visible' ><label class='gfield_label'  >Tipo de atividade<span class='gfield_required'>*<\/span><\/label><div class='ginput_container ginput_container_radio'><ul class='gfield_radio' id='input_1_1'><li class='gchoice_1_1_0'><input name='input_1' type='radio' value='Visita t\u00e9cnica'  id='choice_1_1_0'    \/><label for='choice_1_1_0' id='label_1_1_0'>Visita t\u00e9cnica<\/label><\/li><li class='gchoice_1_1_1'><input name='input_1' type='radio' value='Viv\u00eancia'  id='choice_1_1_1'    \/><label for='choice_1_1_1' id='label_1_1_1'>Viv\u00eancia<\/label><\/li><li class='gchoice_1_1_2'><input name='input_1' type='radio' value='Capacita\u00e7\u00e3o'  id='choice_1_1_2'    \/><label for='choice_1_1_2' id='label_1_1_2'>Capacita\u00e7\u00e3o<\/label><\/li><li class='gchoice_1_1_3'><input name='input_1' type='radio' value='Aula'  id='choice_1_1_3'    \/><label for='choice_1_1_3' id='label_1_1_3'>Aula<\/label><\/li><li class='gchoice_1_1_4'><input name='input_1' type='radio' value='gf_other_choice'  id='choice_1_1_4'   onfocus=\"jQuery(this).next('input').focus();\" \/><input id='input_1_1_other' name='input_1_other' type='text' value='Outros' aria-label='Outros' onfocus='jQuery(this).prev(\"input\")[0].click(); if(jQuery(this).val() == \"Outros\") { jQuery(this).val(\"\"); }' onblur='if(jQuery(this).val().replace(\" \", \"\") == \"\") { jQuery(this).val(\"Outros\"); }'   \/><\/li><\/ul><\/div><\/li><li id='field_1_20'  class='gfield gfield_contains_required field_sublabel_below field_description_below gfield_visibility_visible' ><label class='gfield_label' for='input_1_20' >Descri\u00e7\u00e3o da atividade:<span class='gfield_required'>*<\/span><\/label><div class='ginput_container ginput_container_textarea'><textarea name='input_20' id='input_1_20' class='textarea medium'     aria-required=\"true\" aria-invalid=\"false\"   rows='10' cols='50'><\/textarea><\/div><\/li><li id='field_1_18'  class='gfield gfield_contains_required field_sublabel_below field_description_below gfield_visibility_visible' ><label class='gfield_label' for='input_1_18' >Data<span class='gfield_required'>*<\/span><\/label><div class='ginput_container ginput_container_date'>\n                            <input name='input_18' id='input_1_18' type='text' value='' class='datepicker medium mdy datepicker_no_icon'    aria-describedby='input_1_18_date_format' \/>\n                            <span id='input_1_18_date_format' class='screen-reader-text'>Formato de dataMM barra DD barra YY<\/span>\n                        <\/div>\n                        <input type='hidden' id='gforms_calendar_icon_input_1_18' class='gform_hidden' value='https:\/\/institucional.ufrrj.br\/fazendinha\/wp-content\/plugins\/gravityforms\/images\/calendar.png'\/><\/li><li id='field_1_19'  class='gfield gfield_contains_required field_sublabel_below field_description_below gfield_visibility_visible' ><label class='gfield_label gfield_label_before_complex'  >Hora<span class='gfield_required'>*<\/span><\/label><div class='clear-multi'>\n                        <div class='gfield_time_hour ginput_container ginput_container_time' id='input_1_19'>\n                            <input type='text' maxlength='2' name='input_19[]' id='input_1_19_1' value=''    \/> <i>:<\/i>\n                            <label for='input_1_19_1' >HH<\/label>\n                        <\/div>\n                        <div class='gfield_time_minute ginput_container ginput_container_time'>\n                            <input type='text' maxlength='2' name='input_19[]' id='input_1_19_2' value=''    \/>\n                            <label for='input_1_19_2' >MM<\/label>\n                        <\/div>\n                        <div class='gfield_time_ampm ginput_container ginput_container_time' >\n                                \n                                <select name='input_19[]' id='input_1_19_3'   aria-label='AM\/PM'>\n                                    <option value='am' >AM<\/option>\n                                    <option value='pm' >PM<\/option>\n                                <\/select>\n                           <\/div>\n                    <\/div><\/li><li id='field_1_12'  class='gfield gfield_contains_required field_sublabel_below field_description_below gfield_visibility_visible' ><label class='gfield_label'  >Ser\u00e1 necess\u00e1rio guia para a atividade?<span class='gfield_required'>*<\/span><\/label><div class='ginput_container ginput_container_radio'><ul class='gfield_radio' id='input_1_12'><li class='gchoice_1_12_0'><input name='input_12' type='radio' value='Sim'  id='choice_1_12_0'    \/><label for='choice_1_12_0' id='label_1_12_0'>Sim<\/label><\/li><li class='gchoice_1_12_1'><input name='input_12' type='radio' value='N\u00e3o'  id='choice_1_12_1'    \/><label for='choice_1_12_1' id='label_1_12_1'>N\u00e3o<\/label><\/li><\/ul><\/div><\/li><li id='field_1_5'  class='gfield field_sublabel_below field_description_below gfield_visibility_visible' ><label class='gfield_label' for='input_1_5' >N\u00famero de agricultores<\/label><div class='ginput_container ginput_container_number'><input name='input_5' id='input_1_5' type='text'    value='' class='small'      aria-invalid=\"false\" \/><\/div><\/li><li id='field_1_6'  class='gfield field_sublabel_below field_description_below gfield_visibility_visible' ><label class='gfield_label' for='input_1_6' >N\u00famero de t\u00e9cnicos\/extensionistas<\/label><div class='ginput_container ginput_container_number'><input name='input_6' id='input_1_6' type='text'    value='' class='small'      aria-invalid=\"false\" \/><\/div><\/li><li id='field_1_7'  class='gfield field_sublabel_below field_description_below gfield_visibility_visible' ><label class='gfield_label' for='input_1_7' >N\u00famero de professores<\/label><div class='ginput_container ginput_container_number'><input name='input_7' id='input_1_7' type='text'    value='' class='small'      aria-invalid=\"false\" \/><\/div><\/li><li id='field_1_22'  class='gfield field_sublabel_below field_description_below gfield_visibility_visible' ><label class='gfield_label' for='input_1_22' >N\u00famero de estudantes ensino fundamental<\/label><div class='ginput_container ginput_container_number'><input name='input_22' id='input_1_22' type='text'    value='' class='small'      aria-invalid=\"false\" \/><\/div><\/li><li id='field_1_23'  class='gfield field_sublabel_below field_description_below gfield_visibility_visible' ><label class='gfield_label' for='input_1_23' >N\u00famero de estudantes ensino m\u00e9dio<\/label><div class='ginput_container ginput_container_number'><input name='input_23' id='input_1_23' type='text'    value='' class='small'      aria-invalid=\"false\" \/><\/div><\/li><li id='field_1_24'  class='gfield field_sublabel_below field_description_below gfield_visibility_visible' ><label class='gfield_label' for='input_1_24' >N\u00famero de estudantes ensino superior<\/label><div class='ginput_container ginput_container_number'><input name='input_24' id='input_1_24' type='text'    value='' class='small'      aria-invalid=\"false\" \/><\/div><\/li><li id='field_1_25'  class='gfield field_sublabel_below field_description_below gfield_visibility_visible' ><label class='gfield_label' for='input_1_25' >N\u00famero de estudantes de p\u00f3s-gradua\u00e7\u00e3o<\/label><div class='ginput_container ginput_container_number'><input name='input_25' id='input_1_25' type='text'    value='' class='small'      aria-invalid=\"false\" \/><\/div><\/li><li id='field_1_26'  class='gfield field_sublabel_below field_description_below gfield_visibility_visible' ><label class='gfield_label' for='input_1_26' >Outros<\/label><div class='ginput_container ginput_container_number'><input name='input_26' id='input_1_26' type='text'    value='' class='small'      aria-invalid=\"false\" \/><\/div><\/li>\n                            <\/ul><\/div>\n        <div class='gform_footer top_label'> <input type='submit' id='gform_submit_button_1' class='gform_button button' value='Enviar'  onclick='if(window[\"gf_submitting_1\"]){return false;}  window[\"gf_submitting_1\"]=true;  ' onkeypress='if( event.keyCode == 13 ){ if(window[\"gf_submitting_1\"]){return false;} window[\"gf_submitting_1\"]=true;  jQuery(\"#gform_1\").trigger(\"submit\",[true]); }' \/> \n            <input type='hidden' class='gform_hidden' name='is_submit_1' value='1' \/>\n            <input type='hidden' class='gform_hidden' name='gform_submit' value='1' \/>\n            \n            <input type='hidden' class='gform_hidden' name='gform_unique_id' value='' \/>\n            <input type='hidden' class='gform_hidden' name='state_1' value='WyJbXSIsIjczYTU4ZTRjYmFlZGYzYTE1NzI1MWIxZjZjODYzNjFlIl0=' \/>\n            <input type='hidden' class='gform_hidden' name='gform_target_page_number_1' id='gform_target_page_number_1' value='0' \/>\n            <input type='hidden' class='gform_hidden' name='gform_source_page_number_1' id='gform_source_page_number_1' value='1' \/>\n            <input type='hidden' name='gform_field_values' value='' \/>\n            \n        <\/div>\n                        <\/form>\n                        <\/div><script type='text\/javascript'> jQuery(document).bind('gform_post_render', function(event, formId, currentPage){if(formId == 1) {gf_global[\"number_formats\"][1] = {\"13\":{\"price\":false,\"value\":false},\"15\":{\"price\":false,\"value\":false},\"16\":{\"price\":false,\"value\":false},\"17\":{\"price\":false,\"value\":false},\"1\":{\"price\":false,\"value\":false},\"20\":{\"price\":false,\"value\":false},\"18\":{\"price\":false,\"value\":false},\"19\":{\"price\":false,\"value\":false},\"12\":{\"price\":false,\"value\":false},\"5\":{\"price\":false,\"value\":\"decimal_dot\"},\"6\":{\"price\":false,\"value\":\"decimal_dot\"},\"7\":{\"price\":false,\"value\":\"decimal_dot\"},\"22\":{\"price\":false,\"value\":\"decimal_dot\"},\"23\":{\"price\":false,\"value\":\"decimal_dot\"},\"24\":{\"price\":false,\"value\":\"decimal_dot\"},\"25\":{\"price\":false,\"value\":\"decimal_dot\"},\"26\":{\"price\":false,\"value\":\"decimal_dot\"}};if(window['jQuery']){if(!window['gf_form_conditional_logic'])window['gf_form_conditional_logic'] = new Array();window['gf_form_conditional_logic'][1] = { logic: { 1: {\"field\":{\"actionType\":\"show\",\"logicType\":\"all\",\"rules\":[{\"fieldId\":\"5\",\"operator\":\"is\",\"value\":\"\"}]},\"nextButton\":null,\"section\":null} }, dependents: { 1: [1] }, animation: 0, defaults: {\"19\":{\"19.1\":\"\",\"19.2\":\"\",\"19.3\":\"\"}}, fields: {\"13\":[],\"15\":[],\"16\":[],\"17\":[],\"1\":[],\"20\":[],\"18\":[],\"19\":[],\"12\":[],\"5\":[1],\"6\":[],\"7\":[],\"22\":[],\"23\":[],\"24\":[],\"25\":[],\"26\":[]} }; if(!window['gf_number_format'])window['gf_number_format'] = 'decimal_comma';jQuery(document).ready(function(){gf_apply_rules(1, [1], true);jQuery('#gform_wrapper_1').show();jQuery(document).trigger('gform_post_conditional_logic', [1, null, true]);} );} } } );jQuery(document).bind('gform_post_conditional_logic', function(event, formId, fields, isInit){} );<\/script><script type='text\/javascript'> jQuery(document).ready(function(){jQuery(document).trigger('gform_post_render', [1, 1]) } ); <\/script>\n","protected":false},"excerpt":{"rendered":"","protected":false},"author":634,"featured_media":0,"parent":0,"menu_order":0,"comment_status":"closed","ping_status":"closed","template":"","meta":{"_acf_changed":false,"footnotes":""},"class_list":["post-49","page","type-page","status-publish","hentry"],"yoast_head":"<!-- This site is optimized with the Yoast SEO plugin v27.2 - https:\/\/yoast.com\/product\/yoast-seo-wordpress\/ -->\n<title>Formul\u00e1rio de Agendamento - Fazendinha<\/title>\n<meta name=\"robots\" content=\"index, follow, max-snippet:-1, max-image-preview:large, max-video-preview:-1\" \/>\n<link rel=\"canonical\" href=\"https:\/\/institucional.ufrrj.br\/fazendinha\/formulario-de-agendamento\/\" \/>\n<meta property=\"og:locale\" content=\"pt_BR\" \/>\n<meta property=\"og:type\" content=\"article\" \/>\n<meta property=\"og:title\" content=\"Formul\u00e1rio de Agendamento - Fazendinha\" \/>\n<meta property=\"og:url\" content=\"https:\/\/institucional.ufrrj.br\/fazendinha\/formulario-de-agendamento\/\" \/>\n<meta property=\"og:site_name\" content=\"Fazendinha\" \/>\n<meta name=\"twitter:card\" content=\"summary_large_image\" \/>\n<script type=\"application\/ld+json\" class=\"yoast-schema-graph\">{\"@context\":\"https:\/\/schema.org\",\"@graph\":[{\"@type\":\"WebPage\",\"@id\":\"https:\/\/institucional.ufrrj.br\/fazendinha\/formulario-de-agendamento\/\",\"url\":\"https:\/\/institucional.ufrrj.br\/fazendinha\/formulario-de-agendamento\/\",\"name\":\"Formul\u00e1rio de Agendamento - Fazendinha\",\"isPartOf\":{\"@id\":\"https:\/\/institucional.ufrrj.br\/fazendinha\/#website\"},\"datePublished\":\"2018-09-19T12:32:34+00:00\",\"breadcrumb\":{\"@id\":\"https:\/\/institucional.ufrrj.br\/fazendinha\/formulario-de-agendamento\/#breadcrumb\"},\"inLanguage\":\"pt-BR\",\"potentialAction\":[{\"@type\":\"ReadAction\",\"target\":[\"https:\/\/institucional.ufrrj.br\/fazendinha\/formulario-de-agendamento\/\"]}]},{\"@type\":\"BreadcrumbList\",\"@id\":\"https:\/\/institucional.ufrrj.br\/fazendinha\/formulario-de-agendamento\/#breadcrumb\",\"itemListElement\":[{\"@type\":\"ListItem\",\"position\":1,\"name\":\"In\u00edcio\",\"item\":\"https:\/\/institucional.ufrrj.br\/fazendinha\/\"},{\"@type\":\"ListItem\",\"position\":2,\"name\":\"Formul\u00e1rio de Agendamento\"}]},{\"@type\":\"WebSite\",\"@id\":\"https:\/\/institucional.ufrrj.br\/fazendinha\/#website\",\"url\":\"https:\/\/institucional.ufrrj.br\/fazendinha\/\",\"name\":\"Fazendinha\",\"description\":\"S\u00f3 mais um site institucional.ufrrj.br\",\"potentialAction\":[{\"@type\":\"SearchAction\",\"target\":{\"@type\":\"EntryPoint\",\"urlTemplate\":\"https:\/\/institucional.ufrrj.br\/fazendinha\/?s={search_term_string}\"},\"query-input\":{\"@type\":\"PropertyValueSpecification\",\"valueRequired\":true,\"valueName\":\"search_term_string\"}}],\"inLanguage\":\"pt-BR\"}]}<\/script>\n<!-- \/ Yoast SEO plugin. -->","yoast_head_json":{"title":"Formul\u00e1rio de Agendamento - Fazendinha","robots":{"index":"index","follow":"follow","max-snippet":"max-snippet:-1","max-image-preview":"max-image-preview:large","max-video-preview":"max-video-preview:-1"},"canonical":"https:\/\/institucional.ufrrj.br\/fazendinha\/formulario-de-agendamento\/","og_locale":"pt_BR","og_type":"article","og_title":"Formul\u00e1rio de Agendamento - Fazendinha","og_url":"https:\/\/institucional.ufrrj.br\/fazendinha\/formulario-de-agendamento\/","og_site_name":"Fazendinha","twitter_card":"summary_large_image","schema":{"@context":"https:\/\/schema.org","@graph":[{"@type":"WebPage","@id":"https:\/\/institucional.ufrrj.br\/fazendinha\/formulario-de-agendamento\/","url":"https:\/\/institucional.ufrrj.br\/fazendinha\/formulario-de-agendamento\/","name":"Formul\u00e1rio de Agendamento - Fazendinha","isPartOf":{"@id":"https:\/\/institucional.ufrrj.br\/fazendinha\/#website"},"datePublished":"2018-09-19T12:32:34+00:00","breadcrumb":{"@id":"https:\/\/institucional.ufrrj.br\/fazendinha\/formulario-de-agendamento\/#breadcrumb"},"inLanguage":"pt-BR","potentialAction":[{"@type":"ReadAction","target":["https:\/\/institucional.ufrrj.br\/fazendinha\/formulario-de-agendamento\/"]}]},{"@type":"BreadcrumbList","@id":"https:\/\/institucional.ufrrj.br\/fazendinha\/formulario-de-agendamento\/#breadcrumb","itemListElement":[{"@type":"ListItem","position":1,"name":"In\u00edcio","item":"https:\/\/institucional.ufrrj.br\/fazendinha\/"},{"@type":"ListItem","position":2,"name":"Formul\u00e1rio de Agendamento"}]},{"@type":"WebSite","@id":"https:\/\/institucional.ufrrj.br\/fazendinha\/#website","url":"https:\/\/institucional.ufrrj.br\/fazendinha\/","name":"Fazendinha","description":"S\u00f3 mais um site institucional.ufrrj.br","potentialAction":[{"@type":"SearchAction","target":{"@type":"EntryPoint","urlTemplate":"https:\/\/institucional.ufrrj.br\/fazendinha\/?s={search_term_string}"},"query-input":{"@type":"PropertyValueSpecification","valueRequired":true,"valueName":"search_term_string"}}],"inLanguage":"pt-BR"}]}},"acf":[],"_links":{"self":[{"href":"https:\/\/institucional.ufrrj.br\/fazendinha\/wp-json\/wp\/v2\/pages\/49","targetHints":{"allow":["GET"]}}],"collection":[{"href":"https:\/\/institucional.ufrrj.br\/fazendinha\/wp-json\/wp\/v2\/pages"}],"about":[{"href":"https:\/\/institucional.ufrrj.br\/fazendinha\/wp-json\/wp\/v2\/types\/page"}],"author":[{"embeddable":true,"href":"https:\/\/institucional.ufrrj.br\/fazendinha\/wp-json\/wp\/v2\/users\/634"}],"replies":[{"embeddable":true,"href":"https:\/\/institucional.ufrrj.br\/fazendinha\/wp-json\/wp\/v2\/comments?post=49"}],"version-history":[{"count":1,"href":"https:\/\/institucional.ufrrj.br\/fazendinha\/wp-json\/wp\/v2\/pages\/49\/revisions"}],"predecessor-version":[{"id":50,"href":"https:\/\/institucional.ufrrj.br\/fazendinha\/wp-json\/wp\/v2\/pages\/49\/revisions\/50"}],"wp:attachment":[{"href":"https:\/\/institucional.ufrrj.br\/fazendinha\/wp-json\/wp\/v2\/media?parent=49"}],"curies":[{"name":"wp","href":"https:\/\/api.w.org\/{rel}","templated":true}]}}