{"id":42,"date":"2018-09-14T11:09:21","date_gmt":"2018-09-14T14:09:21","guid":{"rendered":"http:\/\/institucional.ufrrj.br\/fazendinha\/?page_id=42"},"modified":"2019-11-21T20:10:40","modified_gmt":"2019-11-21T23:10:40","slug":"sobre","status":"publish","type":"page","link":"https:\/\/institucional.ufrrj.br\/fazendinha\/sobre\/","title":{"rendered":"Agroecossistema"},"content":{"rendered":"<p>A Fazendinha Agroecol\u00f3gica Km 47 foi concebida com base no enfoque sist\u00eamico. Um sistema \u00e9 uma totalidade integrada, formada por um conjunto de partes relacionadas e interdependentes, a partir das quais emergem propriedades integradas. O enfoque sist\u00eamico \u00e9 uma forma de conceber um objeto complexo.<\/p>\n<p>Como todo sistema vivo, a Fazendinha \u00e9 aberta ao constante fluxo de mat\u00e9ria e energia e todos os seus componentes est\u00e3o interligados num padr\u00e3o de rede de rela\u00e7\u00f5es complexas e n\u00e3o lineares. Suas partes s\u00e3o:<\/p>\n<ul>\n<li><a href=\"https:\/\/institucional.ufrrj.br\/fazendinha\/producao-de-hortalicas-e-frutas\/\" target=\"_blank\" rel=\"noopener noreferrer\">M\u00f3dulo de produ\u00e7\u00e3o intensiva de hortali\u00e7as org\u00e2nicas<\/a><\/li>\n<li><a href=\"https:\/\/institucional.ufrrj.br\/fazendinha\/sistema-de-producao-de-mudas\/\" target=\"_blank\" rel=\"noopener noreferrer\">Produ\u00e7\u00e3o de mudas<\/a><\/li>\n<li><a href=\"https:\/\/institucional.ufrrj.br\/fazendinha\/sistema-ecologico-de-pecuaria-leiteira-organica-com-terapia-homeopatica\/\" target=\"_blank\" rel=\"noopener noreferrer\">Pecu\u00e1ria leiteira<\/a><\/li>\n<li>Avicultura de postura<\/li>\n<li>Glebas de produ\u00e7\u00e3o de hortali\u00e7as-fruto, ra\u00edzes e fruticultura<\/li>\n<li><a href=\"https:\/\/institucional.ufrrj.br\/fazendinha\/sistema-agroflorestal\/\" target=\"_blank\" rel=\"noopener noreferrer\">Sistemas Agroflorestais (SAF): SAF caf\u00e9, Al\u00e9ias e SAF diversificados<\/a><\/li>\n<li><a href=\"https:\/\/institucional.ufrrj.br\/fazendinha\/fragmentos-de-mata-e-corredores-ecologicos\/\" target=\"_blank\" rel=\"noopener noreferrer\">Fragmentos de mata e corredor ecol\u00f3gico<\/a><\/li>\n<\/ul>\n<p>Cada parte tem uma estrutura pr\u00f3pria, mas o funcionamento \u00e9 interdependente.<\/p>\n<p>Do funcionamento integrado, emergem na Fazendinha, as propriedades dos sistemas de produ\u00e7\u00e3o agropecu\u00e1rios mais sustent\u00e1veis, podendo citar a reduzida entrada de insumos externos; servi\u00e7os ecossist\u00eamicos que favorecem o controle biol\u00f3gico, mutualismos, fixa\u00e7\u00e3o biol\u00f3gica de nitrog\u00eanio, ciclagem interna de nutrientes, conserva\u00e7\u00e3o do solo e da \u00e1gua; produ\u00e7\u00e3o com diversidade, estabilidade e redu\u00e7\u00e3o de risco.<\/p>\n<p>Professores(as) e pesquisadores (as) interessados (as) em desenvolver estudos cient\u00edficos na Fazendinha podem apresentar propostas ao Comit\u00ea Gestor Interinstitucional por meio de <a href=\"https:\/\/institucional.ufrrj.br\/fazendinha\/formulario-de-intencao-de-porojetos\/\" target=\"_blank\" rel=\"noopener noreferrer\">Formul\u00e1rio de inten\u00e7\u00e3o de projetos.<\/a><\/p>\n<h4 style=\"text-align: center\"><\/h4>\n","protected":false},"excerpt":{"rendered":"<p>A Fazendinha Agroecol\u00f3gica Km 47 foi concebida com base no enfoque sist\u00eamico. Um sistema \u00e9 uma totalidade integrada, formada por <a class=\"read-more\" href=\"https:\/\/institucional.ufrrj.br\/fazendinha\/sobre\/ \" >&#8230; <span class=\"font-italic\">leia mais <i class=\"fas fa-angle-right\"><\/i><\/span><\/a><\/p>\n","protected":false},"author":634,"featured_media":0,"parent":0,"menu_order":0,"comment_status":"closed","ping_status":"closed","template":"","meta":{"_acf_changed":false,"footnotes":""},"class_list":["post-42","page","type-page","status-publish","hentry"],"yoast_head":"<!-- This site is optimized with the Yoast SEO plugin v27.2 - https:\/\/yoast.com\/product\/yoast-seo-wordpress\/ -->\n<title>Agroecossistema - Fazendinha<\/title>\n<meta name=\"robots\" content=\"index, follow, max-snippet:-1, max-image-preview:large, max-video-preview:-1\" \/>\n<link rel=\"canonical\" href=\"https:\/\/institucional.ufrrj.br\/fazendinha\/sobre\/\" \/>\n<meta property=\"og:locale\" content=\"pt_BR\" \/>\n<meta property=\"og:type\" content=\"article\" \/>\n<meta property=\"og:title\" content=\"Agroecossistema - Fazendinha\" \/>\n<meta property=\"og:description\" content=\"A Fazendinha Agroecol\u00f3gica Km 47 foi concebida com base no enfoque sist\u00eamico. Um sistema \u00e9 uma totalidade integrada, formada por ... leia mais\" \/>\n<meta property=\"og:url\" content=\"https:\/\/institucional.ufrrj.br\/fazendinha\/sobre\/\" \/>\n<meta property=\"og:site_name\" content=\"Fazendinha\" \/>\n<meta property=\"article:modified_time\" content=\"2019-11-21T23:10:40+00:00\" \/>\n<meta name=\"twitter:card\" content=\"summary_large_image\" \/>\n<meta name=\"twitter:label1\" content=\"Est. tempo de leitura\" \/>\n\t<meta name=\"twitter:data1\" content=\"1 minuto\" \/>\n<script type=\"application\/ld+json\" class=\"yoast-schema-graph\">{\"@context\":\"https:\/\/schema.org\",\"@graph\":[{\"@type\":\"WebPage\",\"@id\":\"https:\/\/institucional.ufrrj.br\/fazendinha\/sobre\/\",\"url\":\"https:\/\/institucional.ufrrj.br\/fazendinha\/sobre\/\",\"name\":\"Agroecossistema - Fazendinha\",\"isPartOf\":{\"@id\":\"https:\/\/institucional.ufrrj.br\/fazendinha\/#website\"},\"datePublished\":\"2018-09-14T14:09:21+00:00\",\"dateModified\":\"2019-11-21T23:10:40+00:00\",\"breadcrumb\":{\"@id\":\"https:\/\/institucional.ufrrj.br\/fazendinha\/sobre\/#breadcrumb\"},\"inLanguage\":\"pt-BR\",\"potentialAction\":[{\"@type\":\"ReadAction\",\"target\":[\"https:\/\/institucional.ufrrj.br\/fazendinha\/sobre\/\"]}]},{\"@type\":\"BreadcrumbList\",\"@id\":\"https:\/\/institucional.ufrrj.br\/fazendinha\/sobre\/#breadcrumb\",\"itemListElement\":[{\"@type\":\"ListItem\",\"position\":1,\"name\":\"In\u00edcio\",\"item\":\"https:\/\/institucional.ufrrj.br\/fazendinha\/\"},{\"@type\":\"ListItem\",\"position\":2,\"name\":\"Agroecossistema\"}]},{\"@type\":\"WebSite\",\"@id\":\"https:\/\/institucional.ufrrj.br\/fazendinha\/#website\",\"url\":\"https:\/\/institucional.ufrrj.br\/fazendinha\/\",\"name\":\"Fazendinha\",\"description\":\"S\u00f3 mais um site institucional.ufrrj.br\",\"potentialAction\":[{\"@type\":\"SearchAction\",\"target\":{\"@type\":\"EntryPoint\",\"urlTemplate\":\"https:\/\/institucional.ufrrj.br\/fazendinha\/?s={search_term_string}\"},\"query-input\":{\"@type\":\"PropertyValueSpecification\",\"valueRequired\":true,\"valueName\":\"search_term_string\"}}],\"inLanguage\":\"pt-BR\"}]}<\/script>\n<!-- \/ Yoast SEO plugin. -->","yoast_head_json":{"title":"Agroecossistema - Fazendinha","robots":{"index":"index","follow":"follow","max-snippet":"max-snippet:-1","max-image-preview":"max-image-preview:large","max-video-preview":"max-video-preview:-1"},"canonical":"https:\/\/institucional.ufrrj.br\/fazendinha\/sobre\/","og_locale":"pt_BR","og_type":"article","og_title":"Agroecossistema - Fazendinha","og_description":"A Fazendinha Agroecol\u00f3gica Km 47 foi concebida com base no enfoque sist\u00eamico. Um sistema \u00e9 uma totalidade integrada, formada por ... leia mais","og_url":"https:\/\/institucional.ufrrj.br\/fazendinha\/sobre\/","og_site_name":"Fazendinha","article_modified_time":"2019-11-21T23:10:40+00:00","twitter_card":"summary_large_image","twitter_misc":{"Est. tempo de leitura":"1 minuto"},"schema":{"@context":"https:\/\/schema.org","@graph":[{"@type":"WebPage","@id":"https:\/\/institucional.ufrrj.br\/fazendinha\/sobre\/","url":"https:\/\/institucional.ufrrj.br\/fazendinha\/sobre\/","name":"Agroecossistema - Fazendinha","isPartOf":{"@id":"https:\/\/institucional.ufrrj.br\/fazendinha\/#website"},"datePublished":"2018-09-14T14:09:21+00:00","dateModified":"2019-11-21T23:10:40+00:00","breadcrumb":{"@id":"https:\/\/institucional.ufrrj.br\/fazendinha\/sobre\/#breadcrumb"},"inLanguage":"pt-BR","potentialAction":[{"@type":"ReadAction","target":["https:\/\/institucional.ufrrj.br\/fazendinha\/sobre\/"]}]},{"@type":"BreadcrumbList","@id":"https:\/\/institucional.ufrrj.br\/fazendinha\/sobre\/#breadcrumb","itemListElement":[{"@type":"ListItem","position":1,"name":"In\u00edcio","item":"https:\/\/institucional.ufrrj.br\/fazendinha\/"},{"@type":"ListItem","position":2,"name":"Agroecossistema"}]},{"@type":"WebSite","@id":"https:\/\/institucional.ufrrj.br\/fazendinha\/#website","url":"https:\/\/institucional.ufrrj.br\/fazendinha\/","name":"Fazendinha","description":"S\u00f3 mais um site institucional.ufrrj.br","potentialAction":[{"@type":"SearchAction","target":{"@type":"EntryPoint","urlTemplate":"https:\/\/institucional.ufrrj.br\/fazendinha\/?s={search_term_string}"},"query-input":{"@type":"PropertyValueSpecification","valueRequired":true,"valueName":"search_term_string"}}],"inLanguage":"pt-BR"}]}},"acf":[],"_links":{"self":[{"href":"https:\/\/institucional.ufrrj.br\/fazendinha\/wp-json\/wp\/v2\/pages\/42","targetHints":{"allow":["GET"]}}],"collection":[{"href":"https:\/\/institucional.ufrrj.br\/fazendinha\/wp-json\/wp\/v2\/pages"}],"about":[{"href":"https:\/\/institucional.ufrrj.br\/fazendinha\/wp-json\/wp\/v2\/types\/page"}],"author":[{"embeddable":true,"href":"https:\/\/institucional.ufrrj.br\/fazendinha\/wp-json\/wp\/v2\/users\/634"}],"replies":[{"embeddable":true,"href":"https:\/\/institucional.ufrrj.br\/fazendinha\/wp-json\/wp\/v2\/comments?post=42"}],"version-history":[{"count":91,"href":"https:\/\/institucional.ufrrj.br\/fazendinha\/wp-json\/wp\/v2\/pages\/42\/revisions"}],"predecessor-version":[{"id":1679,"href":"https:\/\/institucional.ufrrj.br\/fazendinha\/wp-json\/wp\/v2\/pages\/42\/revisions\/1679"}],"wp:attachment":[{"href":"https:\/\/institucional.ufrrj.br\/fazendinha\/wp-json\/wp\/v2\/media?parent=42"}],"curies":[{"name":"wp","href":"https:\/\/api.w.org\/{rel}","templated":true}]}}