{"id":199,"date":"2019-04-12T15:49:59","date_gmt":"2019-04-12T18:49:59","guid":{"rendered":"http:\/\/institucional.ufrrj.br\/fazendinha\/?page_id=199"},"modified":"2022-05-30T12:05:39","modified_gmt":"2022-05-30T15:05:39","slug":"comite-gestor","status":"publish","type":"page","link":"https:\/\/institucional.ufrrj.br\/fazendinha\/comite-gestor\/","title":{"rendered":"Comit\u00ea Gestor"},"content":{"rendered":"<h5>A gest\u00e3o da Fazendinha Agroecol\u00f3gica \u00e9 realizada por meio do Comit\u00ea Gestor Interinstitucional, formado pelo CTUR, Embrapa Agrobiologia, Pesagro-Rio e UFRRJ. Atualmente, integram o Comit\u00ea Gestor:<\/h5>\n<p>&nbsp;<\/p>\n<h3><img loading=\"lazy\" decoding=\"async\" class=\"alignleft wp-image-1462 \" src=\"https:\/\/institucional.ufrrj.br\/fazendinha\/files\/2019\/11\/anelise-150x150.png\" alt=\"\" width=\"233\" height=\"232\" srcset=\"https:\/\/institucional.ufrrj.br\/fazendinha\/files\/2019\/11\/anelise-150x150.png 150w, https:\/\/institucional.ufrrj.br\/fazendinha\/files\/2019\/11\/anelise-75x75.png 75w, https:\/\/institucional.ufrrj.br\/fazendinha\/files\/2019\/11\/anelise-100x100.png 100w\" sizes=\"auto, (max-width: 233px) 100vw, 233px\" \/><\/h3>\n<h3><\/h3>\n<h3>Anelise Dias<\/h3>\n<p>UFRRJ<\/p>\n<p>Instituto de Agronomia\/ Departamento de Fitotecnia<\/p>\n<p>anelise.dias@gmail.com<\/p>\n<p><a href=\"http:\/\/buscatextual.cnpq.br\/buscatextual\/visualizacv.do?id=K4739853E1\" target=\"_blank\" rel=\"noopener noreferrer\">Curr\u00edculo Lattes<\/a><\/p>\n<p>&nbsp;<\/p>\n<p>&nbsp;<\/p>\n<p><img loading=\"lazy\" decoding=\"async\" class=\" wp-image-1726 alignleft\" src=\"https:\/\/institucional.ufrrj.br\/fazendinha\/files\/2020\/01\/prof-andre-lattes-135x150.jpg\" alt=\"\" width=\"230\" height=\"256\" \/><\/p>\n<p>&nbsp;<\/p>\n<h3 style=\"text-align: left\">Andr\u00e9 Morais Moura<\/h3>\n<p>UFRRJ<\/p>\n<p>Departamento de Produ\u00e7\u00e3o Animal<\/p>\n<p>amoraismoura@yahoo.com.br<\/p>\n<p><a href=\"http:\/\/lattes.cnpq.br\/1609072485563792\" target=\"_blank\" rel=\"noopener noreferrer\">Curr\u00edculo Lattes<\/a><\/p>\n<p>&nbsp;<\/p>\n<p>&nbsp;<\/p>\n<p>&nbsp;<\/p>\n<h3 style=\"text-align: left\"><img loading=\"lazy\" decoding=\"async\" class=\"wp-image-1463 alignleft\" src=\"https:\/\/institucional.ufrrj.br\/fazendinha\/files\/2019\/11\/jose-guilherme-e1574084462967-300x239.png\" alt=\"\" width=\"246\" height=\"195\" srcset=\"https:\/\/institucional.ufrrj.br\/fazendinha\/files\/2019\/11\/jose-guilherme-e1574084462967-300x239.png 300w, https:\/\/institucional.ufrrj.br\/fazendinha\/files\/2019\/11\/jose-guilherme-e1574084462967.png 595w\" sizes=\"auto, (max-width: 246px) 100vw, 246px\" \/><\/h3>\n<h3 style=\"text-align: left\">Jos\u00e9 Guilherme Marinho Guerra<\/h3>\n<p style=\"text-align: left\">Embrapa Agrobiologia<\/p>\n<p style=\"text-align: left\">guilherme.guerra@embrapa.br<\/p>\n<p style=\"text-align: left\"><a href=\"http:\/\/buscatextual.cnpq.br\/buscatextual\/visualizacv.do?id=K4784806T6\" target=\"_blank\" rel=\"noopener noreferrer\">Curr\u00edculo Lattes<\/a><\/p>\n<p>&nbsp;<\/p>\n<p>&nbsp;<\/p>\n<p>&nbsp;<\/p>\n<h3 style=\"text-align: right\"><img loading=\"lazy\" decoding=\"async\" class=\"wp-image-1497 alignleft\" src=\"https:\/\/institucional.ufrrj.br\/fazendinha\/files\/2019\/11\/ednaldo-preto-e-branco.png\" alt=\"\" width=\"241\" height=\"239\" srcset=\"https:\/\/institucional.ufrrj.br\/fazendinha\/files\/2019\/11\/ednaldo-preto-e-branco.png 276w, https:\/\/institucional.ufrrj.br\/fazendinha\/files\/2019\/11\/ednaldo-preto-e-branco-150x150.png 150w, https:\/\/institucional.ufrrj.br\/fazendinha\/files\/2019\/11\/ednaldo-preto-e-branco-75x75.png 75w, https:\/\/institucional.ufrrj.br\/fazendinha\/files\/2019\/11\/ednaldo-preto-e-branco-100x100.png 100w\" sizes=\"auto, (max-width: 241px) 100vw, 241px\" \/><\/h3>\n<h3 style=\"text-align: right\"><\/h3>\n<h3 style=\"text-align: left\">Ednaldo da Silva Ara\u00fajo<\/h3>\n<p style=\"text-align: left\">Embrapa Agrobiologia<\/p>\n<p style=\"text-align: left\">ednaldo.ara\u00fajo@embrapa.com<\/p>\n<p style=\"text-align: left\"><a href=\"http:\/\/buscatextual.cnpq.br\/buscatextual\/visualizacv.do?id=K4766834P0\" target=\"_blank\" rel=\"noopener noreferrer\">Curr\u00edculo Lattes<\/a><\/p>\n<p>&nbsp;<\/p>\n<p>&nbsp;<\/p>\n<p>&nbsp;<\/p>\n<h3><img loading=\"lazy\" decoding=\"async\" class=\"alignleft wp-image-1498\" src=\"https:\/\/institucional.ufrrj.br\/fazendinha\/files\/2019\/11\/luiz-preto-e-branco-218x300.png\" alt=\"\" width=\"228\" height=\"313\" srcset=\"https:\/\/institucional.ufrrj.br\/fazendinha\/files\/2019\/11\/luiz-preto-e-branco-218x300.png 218w, https:\/\/institucional.ufrrj.br\/fazendinha\/files\/2019\/11\/luiz-preto-e-branco.png 484w\" sizes=\"auto, (max-width: 228px) 100vw, 228px\" \/><\/h3>\n<h3><\/h3>\n<h3><\/h3>\n<h3>Luiz Augusto de Aguiar<\/h3>\n<p style=\"text-align: left\">Pesagro &#8211; RJ<\/p>\n<p style=\"text-align: left\">laaguiar86@gmail.com<\/p>\n<p style=\"text-align: left\"><a href=\"http:\/\/buscatextual.cnpq.br\/buscatextual\/visualizacv.do?id=K4786813H5\" target=\"_blank\" rel=\"noopener noreferrer\">Curr\u00edculo Lattes<\/a><\/p>\n<h3><\/h3>\n<p>&nbsp;<\/p>\n<p>&nbsp;<\/p>\n<p>&nbsp;<\/p>\n<p>&nbsp;<\/p>\n<p>&nbsp;<\/p>\n<p><img loading=\"lazy\" decoding=\"async\" class=\"wp-image-1501 alignleft\" src=\"https:\/\/institucional.ufrrj.br\/fazendinha\/files\/2019\/11\/maria-do-carmo-preto-e-branco.png\" alt=\"\" width=\"234\" height=\"256\" \/><\/p>\n<h3><\/h3>\n<h3><\/h3>\n<h3>Maria do Carmo Araujo Fernandes<\/h3>\n<p>Pesagro &#8211; RJ<\/p>\n<p>araujofernandes@gmail.com<\/p>\n<p><a href=\"http:\/\/buscatextual.cnpq.br\/buscatextual\/visualizacv.do?id=K4788103P6\" target=\"_blank\" rel=\"noopener noreferrer\">Curr\u00edculo Lattes<\/a><\/p>\n<p>&nbsp;<\/p>\n<p>&nbsp;<\/p>\n<p>&nbsp;<\/p>\n<h3 style=\"text-align: left\"><img loading=\"lazy\" decoding=\"async\" class=\"wp-image-1500 alignleft\" src=\"https:\/\/institucional.ufrrj.br\/fazendinha\/files\/2019\/11\/estrella-preto-e-branco.png\" alt=\"\" width=\"239\" height=\"253\" \/><\/h3>\n<h3><\/h3>\n<h3><\/h3>\n<h3>Luiz Carlos\u00a0Estrella\u00a0Sarmento<\/h3>\n<p>Col\u00e9gio T\u00e9cnico da UFRRJ<\/p>\n<p>estrella.sarmento@globo.com<\/p>\n<p><a href=\"http:\/\/lattes.cnpq.br\/7698805052576453\" target=\"_blank\" rel=\"noopener noreferrer\">Curr\u00edculo Lattes<\/a><\/p>\n<p>&nbsp;<\/p>\n<p>&nbsp;<\/p>\n<p>&nbsp;<\/p>\n<p><img loading=\"lazy\" decoding=\"async\" class=\"alignleft wp-image-1724 \" src=\"https:\/\/institucional.ufrrj.br\/fazendinha\/files\/2020\/01\/WhatsApp-Image-2019-12-16-at-22.48.13-e1579110763745-300x270.jpeg\" alt=\"\" width=\"248\" height=\"223\" srcset=\"https:\/\/institucional.ufrrj.br\/fazendinha\/files\/2020\/01\/WhatsApp-Image-2019-12-16-at-22.48.13-e1579110763745-300x270.jpeg 300w, https:\/\/institucional.ufrrj.br\/fazendinha\/files\/2020\/01\/WhatsApp-Image-2019-12-16-at-22.48.13-e1579110763745-768x690.jpeg 768w, https:\/\/institucional.ufrrj.br\/fazendinha\/files\/2020\/01\/WhatsApp-Image-2019-12-16-at-22.48.13-e1579110763745.jpeg 801w\" sizes=\"auto, (max-width: 248px) 100vw, 248px\" \/><\/p>\n<p>&nbsp;<\/p>\n<h3>Robledo Mendes da Silva<\/h3>\n<p>Col\u00e9gio T\u00e9cnico da UFRRJ<\/p>\n<p>robledomendes@gmail.com<\/p>\n<p><a href=\"http:\/\/lattes.cnpq.br\/7006676386465424\" target=\"_blank\" rel=\"noopener noreferrer\">Curr\u00edculo Lattes<\/a><\/p>\n<p>&nbsp;<\/p>\n<p>&nbsp;<\/p>\n<p>&nbsp;<\/p>\n<h3>Editores do site<\/h3>\n<h3>Anelise Dias<\/h3>\n<h3><a href=\"https:\/\/institucional.ufrrj.br\/fazendinha\/files\/2022\/05\/Foto-e1653922941791.jpeg\"><img loading=\"lazy\" decoding=\"async\" class=\"alignleft wp-image-1954 size-medium\" src=\"https:\/\/institucional.ufrrj.br\/fazendinha\/files\/2022\/05\/Foto-e1653923126868-269x300.jpeg\" alt=\"\" width=\"269\" height=\"300\" srcset=\"https:\/\/institucional.ufrrj.br\/fazendinha\/files\/2022\/05\/Foto-e1653923126868-269x300.jpeg 269w, https:\/\/institucional.ufrrj.br\/fazendinha\/files\/2022\/05\/Foto-e1653923126868.jpeg 621w\" sizes=\"auto, (max-width: 269px) 100vw, 269px\" \/><\/a><\/h3>\n<h3><\/h3>\n<h3>Larissa Combat Vital<\/h3>\n<p>Residente em Agronomia &#8211; UFRRJ \/ Fazendinha Agroecol\u00f3gica Km 47<\/p>\n<p>larissa_vital@ufrrj.br<\/p>\n<p>&nbsp;<\/p>\n","protected":false},"excerpt":{"rendered":"<p>A gest\u00e3o da Fazendinha Agroecol\u00f3gica \u00e9 realizada por meio do Comit\u00ea Gestor Interinstitucional, formado pelo CTUR, Embrapa Agrobiologia, Pesagro-Rio e <a class=\"read-more\" href=\"https:\/\/institucional.ufrrj.br\/fazendinha\/comite-gestor\/ \" >&#8230; <span class=\"font-italic\">leia mais <i class=\"fas fa-angle-right\"><\/i><\/span><\/a><\/p>\n","protected":false},"author":743,"featured_media":0,"parent":0,"menu_order":0,"comment_status":"closed","ping_status":"closed","template":"","meta":{"_acf_changed":false,"footnotes":""},"class_list":["post-199","page","type-page","status-publish","hentry"],"yoast_head":"<!-- This site is optimized with the Yoast SEO plugin v27.2 - https:\/\/yoast.com\/product\/yoast-seo-wordpress\/ -->\n<title>Comit\u00ea Gestor - Fazendinha<\/title>\n<meta name=\"robots\" content=\"index, follow, max-snippet:-1, max-image-preview:large, max-video-preview:-1\" \/>\n<link rel=\"canonical\" href=\"https:\/\/institucional.ufrrj.br\/fazendinha\/comite-gestor\/\" \/>\n<meta property=\"og:locale\" content=\"pt_BR\" \/>\n<meta property=\"og:type\" content=\"article\" \/>\n<meta property=\"og:title\" content=\"Comit\u00ea Gestor - Fazendinha\" \/>\n<meta property=\"og:description\" content=\"A gest\u00e3o da Fazendinha Agroecol\u00f3gica \u00e9 realizada por meio do Comit\u00ea Gestor Interinstitucional, formado pelo CTUR, Embrapa Agrobiologia, Pesagro-Rio e ... leia mais\" \/>\n<meta property=\"og:url\" content=\"https:\/\/institucional.ufrrj.br\/fazendinha\/comite-gestor\/\" \/>\n<meta property=\"og:site_name\" content=\"Fazendinha\" \/>\n<meta property=\"article:modified_time\" content=\"2022-05-30T15:05:39+00:00\" \/>\n<meta property=\"og:image\" content=\"http:\/\/institucional.ufrrj.br\/fazendinha\/files\/2019\/11\/anelise-150x150.png\" \/>\n<meta name=\"twitter:card\" content=\"summary_large_image\" \/>\n<meta name=\"twitter:label1\" content=\"Est. tempo de leitura\" \/>\n\t<meta name=\"twitter:data1\" content=\"1 minuto\" \/>\n<script type=\"application\/ld+json\" class=\"yoast-schema-graph\">{\"@context\":\"https:\/\/schema.org\",\"@graph\":[{\"@type\":\"WebPage\",\"@id\":\"https:\/\/institucional.ufrrj.br\/fazendinha\/comite-gestor\/\",\"url\":\"https:\/\/institucional.ufrrj.br\/fazendinha\/comite-gestor\/\",\"name\":\"Comit\u00ea Gestor - Fazendinha\",\"isPartOf\":{\"@id\":\"https:\/\/institucional.ufrrj.br\/fazendinha\/#website\"},\"primaryImageOfPage\":{\"@id\":\"https:\/\/institucional.ufrrj.br\/fazendinha\/comite-gestor\/#primaryimage\"},\"image\":{\"@id\":\"https:\/\/institucional.ufrrj.br\/fazendinha\/comite-gestor\/#primaryimage\"},\"thumbnailUrl\":\"http:\/\/institucional.ufrrj.br\/fazendinha\/files\/2019\/11\/anelise-150x150.png\",\"datePublished\":\"2019-04-12T18:49:59+00:00\",\"dateModified\":\"2022-05-30T15:05:39+00:00\",\"breadcrumb\":{\"@id\":\"https:\/\/institucional.ufrrj.br\/fazendinha\/comite-gestor\/#breadcrumb\"},\"inLanguage\":\"pt-BR\",\"potentialAction\":[{\"@type\":\"ReadAction\",\"target\":[\"https:\/\/institucional.ufrrj.br\/fazendinha\/comite-gestor\/\"]}]},{\"@type\":\"ImageObject\",\"inLanguage\":\"pt-BR\",\"@id\":\"https:\/\/institucional.ufrrj.br\/fazendinha\/comite-gestor\/#primaryimage\",\"url\":\"http:\/\/institucional.ufrrj.br\/fazendinha\/files\/2019\/11\/anelise-150x150.png\",\"contentUrl\":\"http:\/\/institucional.ufrrj.br\/fazendinha\/files\/2019\/11\/anelise-150x150.png\"},{\"@type\":\"BreadcrumbList\",\"@id\":\"https:\/\/institucional.ufrrj.br\/fazendinha\/comite-gestor\/#breadcrumb\",\"itemListElement\":[{\"@type\":\"ListItem\",\"position\":1,\"name\":\"In\u00edcio\",\"item\":\"https:\/\/institucional.ufrrj.br\/fazendinha\/\"},{\"@type\":\"ListItem\",\"position\":2,\"name\":\"Comit\u00ea Gestor\"}]},{\"@type\":\"WebSite\",\"@id\":\"https:\/\/institucional.ufrrj.br\/fazendinha\/#website\",\"url\":\"https:\/\/institucional.ufrrj.br\/fazendinha\/\",\"name\":\"Fazendinha\",\"description\":\"S\u00f3 mais um site institucional.ufrrj.br\",\"potentialAction\":[{\"@type\":\"SearchAction\",\"target\":{\"@type\":\"EntryPoint\",\"urlTemplate\":\"https:\/\/institucional.ufrrj.br\/fazendinha\/?s={search_term_string}\"},\"query-input\":{\"@type\":\"PropertyValueSpecification\",\"valueRequired\":true,\"valueName\":\"search_term_string\"}}],\"inLanguage\":\"pt-BR\"}]}<\/script>\n<!-- \/ Yoast SEO plugin. -->","yoast_head_json":{"title":"Comit\u00ea Gestor - Fazendinha","robots":{"index":"index","follow":"follow","max-snippet":"max-snippet:-1","max-image-preview":"max-image-preview:large","max-video-preview":"max-video-preview:-1"},"canonical":"https:\/\/institucional.ufrrj.br\/fazendinha\/comite-gestor\/","og_locale":"pt_BR","og_type":"article","og_title":"Comit\u00ea Gestor - Fazendinha","og_description":"A gest\u00e3o da Fazendinha Agroecol\u00f3gica \u00e9 realizada por meio do Comit\u00ea Gestor Interinstitucional, formado pelo CTUR, Embrapa Agrobiologia, Pesagro-Rio e ... leia mais","og_url":"https:\/\/institucional.ufrrj.br\/fazendinha\/comite-gestor\/","og_site_name":"Fazendinha","article_modified_time":"2022-05-30T15:05:39+00:00","og_image":[{"url":"http:\/\/institucional.ufrrj.br\/fazendinha\/files\/2019\/11\/anelise-150x150.png","type":"","width":"","height":""}],"twitter_card":"summary_large_image","twitter_misc":{"Est. tempo de leitura":"1 minuto"},"schema":{"@context":"https:\/\/schema.org","@graph":[{"@type":"WebPage","@id":"https:\/\/institucional.ufrrj.br\/fazendinha\/comite-gestor\/","url":"https:\/\/institucional.ufrrj.br\/fazendinha\/comite-gestor\/","name":"Comit\u00ea Gestor - Fazendinha","isPartOf":{"@id":"https:\/\/institucional.ufrrj.br\/fazendinha\/#website"},"primaryImageOfPage":{"@id":"https:\/\/institucional.ufrrj.br\/fazendinha\/comite-gestor\/#primaryimage"},"image":{"@id":"https:\/\/institucional.ufrrj.br\/fazendinha\/comite-gestor\/#primaryimage"},"thumbnailUrl":"http:\/\/institucional.ufrrj.br\/fazendinha\/files\/2019\/11\/anelise-150x150.png","datePublished":"2019-04-12T18:49:59+00:00","dateModified":"2022-05-30T15:05:39+00:00","breadcrumb":{"@id":"https:\/\/institucional.ufrrj.br\/fazendinha\/comite-gestor\/#breadcrumb"},"inLanguage":"pt-BR","potentialAction":[{"@type":"ReadAction","target":["https:\/\/institucional.ufrrj.br\/fazendinha\/comite-gestor\/"]}]},{"@type":"ImageObject","inLanguage":"pt-BR","@id":"https:\/\/institucional.ufrrj.br\/fazendinha\/comite-gestor\/#primaryimage","url":"http:\/\/institucional.ufrrj.br\/fazendinha\/files\/2019\/11\/anelise-150x150.png","contentUrl":"http:\/\/institucional.ufrrj.br\/fazendinha\/files\/2019\/11\/anelise-150x150.png"},{"@type":"BreadcrumbList","@id":"https:\/\/institucional.ufrrj.br\/fazendinha\/comite-gestor\/#breadcrumb","itemListElement":[{"@type":"ListItem","position":1,"name":"In\u00edcio","item":"https:\/\/institucional.ufrrj.br\/fazendinha\/"},{"@type":"ListItem","position":2,"name":"Comit\u00ea Gestor"}]},{"@type":"WebSite","@id":"https:\/\/institucional.ufrrj.br\/fazendinha\/#website","url":"https:\/\/institucional.ufrrj.br\/fazendinha\/","name":"Fazendinha","description":"S\u00f3 mais um site institucional.ufrrj.br","potentialAction":[{"@type":"SearchAction","target":{"@type":"EntryPoint","urlTemplate":"https:\/\/institucional.ufrrj.br\/fazendinha\/?s={search_term_string}"},"query-input":{"@type":"PropertyValueSpecification","valueRequired":true,"valueName":"search_term_string"}}],"inLanguage":"pt-BR"}]}},"acf":[],"_links":{"self":[{"href":"https:\/\/institucional.ufrrj.br\/fazendinha\/wp-json\/wp\/v2\/pages\/199","targetHints":{"allow":["GET"]}}],"collection":[{"href":"https:\/\/institucional.ufrrj.br\/fazendinha\/wp-json\/wp\/v2\/pages"}],"about":[{"href":"https:\/\/institucional.ufrrj.br\/fazendinha\/wp-json\/wp\/v2\/types\/page"}],"author":[{"embeddable":true,"href":"https:\/\/institucional.ufrrj.br\/fazendinha\/wp-json\/wp\/v2\/users\/743"}],"replies":[{"embeddable":true,"href":"https:\/\/institucional.ufrrj.br\/fazendinha\/wp-json\/wp\/v2\/comments?post=199"}],"version-history":[{"count":75,"href":"https:\/\/institucional.ufrrj.br\/fazendinha\/wp-json\/wp\/v2\/pages\/199\/revisions"}],"predecessor-version":[{"id":1956,"href":"https:\/\/institucional.ufrrj.br\/fazendinha\/wp-json\/wp\/v2\/pages\/199\/revisions\/1956"}],"wp:attachment":[{"href":"https:\/\/institucional.ufrrj.br\/fazendinha\/wp-json\/wp\/v2\/media?parent=199"}],"curies":[{"name":"wp","href":"https:\/\/api.w.org\/{rel}","templated":true}]}}