{"id":192,"date":"2019-04-12T15:42:21","date_gmt":"2019-04-12T18:42:21","guid":{"rendered":"http:\/\/institucional.ufrrj.br\/fazendinha\/?page_id=192"},"modified":"2023-04-03T08:40:03","modified_gmt":"2023-04-03T11:40:03","slug":"historia","status":"publish","type":"page","link":"https:\/\/institucional.ufrrj.br\/fazendinha\/historia\/","title":{"rendered":"Hist\u00f3rico"},"content":{"rendered":"<p><img loading=\"lazy\" decoding=\"async\" class=\"aligncenter wp-image-539 size-full\" src=\"https:\/\/institucional.ufrrj.br\/fazendinha\/files\/2019\/05\/foto-fazendinha.jpg\" alt=\"\" width=\"1075\" height=\"523\" srcset=\"https:\/\/institucional.ufrrj.br\/fazendinha\/files\/2019\/05\/foto-fazendinha.jpg 1075w, https:\/\/institucional.ufrrj.br\/fazendinha\/files\/2019\/05\/foto-fazendinha-300x146.jpg 300w, https:\/\/institucional.ufrrj.br\/fazendinha\/files\/2019\/05\/foto-fazendinha-768x374.jpg 768w, https:\/\/institucional.ufrrj.br\/fazendinha\/files\/2019\/05\/foto-fazendinha-1024x498.jpg 1024w\" sizes=\"auto, (max-width: 1075px) 100vw, 1075px\" \/><\/p>\n<p style=\"text-align: justify\">Os termos agroecologia e agricultura org\u00e2nica eram pouco utilizados no in\u00edcio da d\u00e9cada de 1990. No Brasil, a preocupa\u00e7\u00e3o com a produ\u00e7\u00e3o de alimentos em bases ecol\u00f3gicas come\u00e7ava a ganhar aten\u00e7\u00e3o atrav\u00e9s do movimento conhecido como agricultura alternativa.<\/p>\n<p style=\"text-align: justify\">Nesse contexto, em 1993, pesquisadores e professores se reuniram para desenvolver o Sistema Integrado de Produ\u00e7\u00e3o Agroecol\u00f3gica, mais conhecido como \u201cFazendinha Agroecol\u00f3gica Km 47\u201d.<\/p>\n<p class=\"x_MsoNormal\" style=\"text-align: justify\">A Fazendinha foi concebida como um espa\u00e7o de ensino, pesquisa e capacita\u00e7\u00e3o para o exerc\u00edcio da agroecologia e da agricultura org\u00e2nica em bases cient\u00edficas, com base no enfoque sist\u00eamico e na parceria interinstitucional.<\/p>\n<p class=\"x_MsoNormal\" style=\"text-align: justify\">Desse modo, desenhou-se um sistema que incorporou v\u00e1rios componentes com fun\u00e7\u00f5es complementares e interdependentes, a come\u00e7ar pela harmonia da paisagem com introdu\u00e7\u00e3o das \u00e1rvores, bem como pela diversidade funcional e a integra\u00e7\u00e3o lavoura e pecu\u00e1ria.<\/p>\n<p style=\"text-align: justify\">A parceria interinstitucional \u00e9 hoje formada pelo <a href=\"http:\/\/r1.ufrrj.br\/ctur\/\" target=\"_blank\" rel=\"noopener noreferrer\">Col\u00e9gio T\u00e9cnico da UFRRJ (CTUR)<\/a>,\u00a0 <a href=\"https:\/\/www.embrapa.br\/agrobiologia\" target=\"_blank\" rel=\"noopener noreferrer\">Empresa Brasileira de Pesquisa Agropecu\u00e1ria \u2013 Embrapa Agrobiologia,<\/a>\u00a0 <a href=\"http:\/\/www.pesagro.rj.gov.br\/\" target=\"_blank\" rel=\"noopener noreferrer\">Empresa de Pesquisa Agropecu\u00e1ria do Estado do Rio de Janeiro (PESAGRO-RIO)<\/a>\u00a0e a <a href=\"http:\/\/portal.ufrrj.br\/\" target=\"_blank\" rel=\"noopener noreferrer\">Universidade Federal Rural do Rio de Janeiro (UFRRJ)<\/a><\/p>\n<p style=\"text-align: justify\">De acordo com os princ\u00edpios da agroecologia, a Fazendinha foi estruturada para permitir a explora\u00e7\u00e3o racional das potencialidades locais, priorizando a sustentabilidade do agroecossistema atrav\u00e9s da diversifica\u00e7\u00e3o produtiva, consolidando-se como um modelo apropriado para unidades de produ\u00e7\u00e3o familiares no Estado do Rio de Janeiro.<\/p>\n<p><iframe loading=\"lazy\" title=\"Fazendinha Agroecol\u00f3gida Km 47, Serop\u00e9dica - RJ\" width=\"500\" height=\"281\" src=\"https:\/\/www.youtube.com\/embed\/5zwH1SVPyvI?feature=oembed\" frameborder=\"0\" allow=\"accelerometer; autoplay; clipboard-write; encrypted-media; gyroscope; picture-in-picture; web-share\" referrerpolicy=\"strict-origin-when-cross-origin\" allowfullscreen><\/iframe><\/p>\n<hr \/>\n<p>&nbsp;<\/p>\n<h2 style=\"text-align: center\">Estrat\u00e9gias<\/h2>\n<p><img loading=\"lazy\" decoding=\"async\" class=\"aligncenter wp-image-541 size-full\" src=\"https:\/\/institucional.ufrrj.br\/fazendinha\/files\/2019\/05\/Fazendinha-Agroecol\u00f3gica-foto-de-Ana-Lucia-Ferreira_2013-06-18-16a.JPG.jpg\" alt=\"\" width=\"448\" height=\"299\" srcset=\"https:\/\/institucional.ufrrj.br\/fazendinha\/files\/2019\/05\/Fazendinha-Agroecol\u00f3gica-foto-de-Ana-Lucia-Ferreira_2013-06-18-16a.JPG.jpg 448w, https:\/\/institucional.ufrrj.br\/fazendinha\/files\/2019\/05\/Fazendinha-Agroecol\u00f3gica-foto-de-Ana-Lucia-Ferreira_2013-06-18-16a.JPG-300x200.jpg 300w\" sizes=\"auto, (max-width: 448px) 100vw, 448px\" \/><\/p>\n<p>&nbsp;<\/p>\n<p style=\"text-align: justify\">Na Fazendinha Agroecol\u00f3gica Km 47, busca-se:<\/p>\n<p style=\"text-align: justify\">\u2022 otimizar a fixa\u00e7\u00e3o biol\u00f3gica de nitrog\u00eanio pela utiliza\u00e7\u00e3o de leguminosas e diversifica\u00e7\u00e3o de culturas;<br \/>\n\u2022 usar recursos locais sempre que poss\u00edvel;<br \/>\n\u2022 maximizar a reciclagem de nutrientes essenciais \u00e0s culturas e minimizar suas perdas<br \/>\n\u2022 manter o equil\u00edbrio nutricional das plantas;<br \/>\n\u2022 utilizar cobertura de solo;<br \/>\n\u2022 manter popula\u00e7\u00f5es de fitoparasitas e plantas espont\u00e2neas em n\u00edveis toler\u00e1veis;<br \/>\n\u2022 intensificar a utiliza\u00e7\u00e3o de esp\u00e9cies arb\u00f3reas no sistema de produ\u00e7\u00e3o org\u00e2nica;<br \/>\n\u2022 integrar a produ\u00e7\u00e3o animal \u00e0 produ\u00e7\u00e3o vegetal;<br \/>\n\u2022 estabelecer pr\u00e1ticas de manejo alternativo de bovinos e de aves;<\/p>\n<hr \/>\n<h3 style=\"text-align: center\"><strong>Premia\u00e7\u00f5es<\/strong><\/h3>\n<p><a href=\"https:\/\/institucional.ufrrj.br\/fazendinha\/files\/2023\/04\/trofeu_seriema.png\"><img loading=\"lazy\" decoding=\"async\" class=\"aligncenter wp-image-2000\" src=\"https:\/\/institucional.ufrrj.br\/fazendinha\/files\/2023\/04\/trofeu_seriema-300x223.png\" alt=\"\" width=\"278\" height=\"207\" srcset=\"https:\/\/institucional.ufrrj.br\/fazendinha\/files\/2023\/04\/trofeu_seriema-300x223.png 300w, https:\/\/institucional.ufrrj.br\/fazendinha\/files\/2023\/04\/trofeu_seriema.png 666w\" sizes=\"auto, (max-width: 278px) 100vw, 278px\" \/><\/a><\/p>\n<p>A Fazendinha recebeu o pr\u00eamio CREA de Meio Ambiente em 2022 na modalidade &#8220;Sociedade Sustent\u00e1vel&#8221;. O Trof\u00e9u Seriema reconhece o m\u00e9rito de a\u00e7\u00f5es que se destacaram pela excel\u00eancia de suas contribui\u00e7\u00f5es na preserva\u00e7\u00e3o, recupera\u00e7\u00e3o, defesa e conserva\u00e7\u00e3o do meio ambiente, na melhoria da qualidade de vida, estimulando a consci\u00eancia socioambiental para a constru\u00e7\u00e3o de uma sociedade mais justa, pr\u00f3spera e sustent\u00e1vel.<\/p>\n<p><a href=\"https:\/\/institucional.ufrrj.br\/fazendinha\/2023\/04\/03\/fazendinha-agroecologica-km-47-conquista-o-trofeu-seriema\/\">Pr\u00eamio CREA de Meio Ambiente 2022<\/a><\/p>\n<hr \/>\n<p><img loading=\"lazy\" decoding=\"async\" class=\"aligncenter wp-image-1909 size-full\" src=\"https:\/\/institucional.ufrrj.br\/fazendinha\/files\/2021\/12\/crearj1-278x197.png\" alt=\"\" width=\"278\" height=\"197\" \/><\/p>\n<p style=\"text-align: justify\">A Fazendinha recebeu o pr\u00eamio <a href=\"http:\/\/portal.ufrrj.br\/fazendinha-recebe-premio-crea-rj-de-meio-ambiente-2018\/\" target=\"_blank\" rel=\"noopener noreferrer\"><strong>Crea-RJ de Meio Ambiente em 2018<\/strong><\/a><span id=\"E308\" class=\"qowt-font5-Tahoma\"> em reconhecimento \u00e0 sua contribui\u00e7\u00e3o para o desenvolvimento de tecnologias, forma\u00e7\u00e3o de recursos humanos e dissemina\u00e7\u00e3o da agroecologia e da produ\u00e7\u00e3o org\u00e2nica no Pa\u00eds.\u00a0<\/span><span id=\"E309\" class=\"qowt-font5-Tahoma\"><\/span><\/p>\n<p style=\"text-align: justify\"><a href=\"http:\/\/portal.ufrrj.br\/fazendinha-recebe-premio-crea-rj-de-meio-ambiente-2018\/\" target=\"_blank\" rel=\"noopener noreferrer\">PR\u00caMIO CREA-RJ 2018<\/a><\/p>\n<hr \/>\n<p>&nbsp;<\/p>\n<div id=\"attachment_367\" style=\"width: 310px\" class=\"wp-caption aligncenter\"><a href=\"https:\/\/novoportal.crea-rj.org.br\/premiojohanna\/\" target=\"_blank\" rel=\"noopener noreferrer\"><img loading=\"lazy\" decoding=\"async\" aria-describedby=\"caption-attachment-367\" class=\"wp-image-367 size-medium\" src=\"https:\/\/institucional.ufrrj.br\/fazendinha\/files\/2019\/04\/premia\u00e7\u00e3o-johanna-e1556200538254-300x225.jpg\" alt=\"\" width=\"300\" height=\"225\" srcset=\"https:\/\/institucional.ufrrj.br\/fazendinha\/files\/2019\/04\/premia\u00e7\u00e3o-johanna-e1556200538254-300x225.jpg 300w, https:\/\/institucional.ufrrj.br\/fazendinha\/files\/2019\/04\/premia\u00e7\u00e3o-johanna-e1556200538254.jpg 630w\" sizes=\"auto, (max-width: 300px) 100vw, 300px\" \/><\/a><p id=\"caption-attachment-367\" class=\"wp-caption-text\">Premia\u00e7\u00e3o: Crea-RJ Johanna D\u00f6bereiner em 2016<\/p><\/div>\n<p style=\"text-align: justify\">A solenidade de entrega do pr\u00eamio\u00a0 <a href=\"https:\/\/novoportal.crea-rj.org.br\/premiojohanna\/\" target=\"_blank\" rel=\"noopener noreferrer\"><strong>Crea-RJ Johanna D\u00f6bereiner em 2016<\/strong><\/a>, foi promovida da C\u00e2mara Especializada de Agronomia, no dia 11 de outubro de 2016. \u00a0O evento ocorreu na Universidade Federal Rural do Rio de Janeiro (UFRRJ). Nessa solenida, al\u00e9m da Fazendinha,\u00a0 agraciou-se o engenheiro agr\u00f4nomo e professor em\u00e9rito da UFRRJ, Manlio Silvestre Fernandes.<\/p>\n<p style=\"text-align: justify\">O objetivo do pr\u00eamio Johanna D\u00f6bereiner \u00e9 homenagear profissionais, institui\u00e7\u00f5es e entidades que tenham se distinguido por suas posi\u00e7\u00f5es, a\u00e7\u00f5es, trabalhos, estudos e projetos na \u00e1rea da agronomia. Trata-se, tamb\u00e9m, de uma homenagem \u00e0 cientista Johanna D\u00f6bereiner, que fez de sua vida um constante desafio em favor da produ\u00e7\u00e3o e distribui\u00e7\u00e3o de alimentos, do desenvolvimento de uma agricultura sustent\u00e1vel e do equil\u00edbrio do meio ambiente.<\/p>\n<p style=\"text-align: justify\"><a href=\"https:\/\/novoportal.crea-rj.org.br\/premiojohanna\/\" target=\"_blank\" rel=\"noopener noreferrer\">PR\u00caMIO CREA-RJ 2016<\/a><\/p>\n<hr \/>\n<div id=\"attachment_362\" style=\"width: 265px\" class=\"wp-caption aligncenter\"><a href=\"http:\/\/www.premiovonmartius.com.br\/\" target=\"_blank\" rel=\"noopener noreferrer\"><img loading=\"lazy\" decoding=\"async\" aria-describedby=\"caption-attachment-362\" class=\"wp-image-362 size-medium\" src=\"https:\/\/institucional.ufrrj.br\/fazendinha\/files\/2019\/04\/Von-Martius-de-Sustentabilidade-em-2004-255x300.jpg\" alt=\"\" width=\"255\" height=\"300\" srcset=\"https:\/\/institucional.ufrrj.br\/fazendinha\/files\/2019\/04\/Von-Martius-de-Sustentabilidade-em-2004-255x300.jpg 255w, https:\/\/institucional.ufrrj.br\/fazendinha\/files\/2019\/04\/Von-Martius-de-Sustentabilidade-em-2004-768x905.jpg 768w, https:\/\/institucional.ufrrj.br\/fazendinha\/files\/2019\/04\/Von-Martius-de-Sustentabilidade-em-2004.jpg 810w\" sizes=\"auto, (max-width: 255px) 100vw, 255px\" \/><\/a><p id=\"caption-attachment-362\" class=\"wp-caption-text\">Premia\u00e7\u00e3o: Von Martius de Sustentabilidade em 2004<\/p><\/div>\n<p style=\"text-align: justify\">A Fazendinha foi agraciada com o pr\u00eamio <a href=\"http:\/\/www.premiovonmartius.com.br\/\" target=\"_blank\" rel=\"noopener noreferrer\"><strong>Von Martius de Sustentabilidade em 2004<\/strong> categoria Tecnologia.\u00a0<\/a>Esse reconhecimento se deve \u00e0 contribui\u00e7\u00e3o da Fazendinha para a promo\u00e7\u00e3o do desenvolvimento socioecon\u00f4mico e cultural, alinhado ao conceito de sustentabilidade.<\/p>\n<p style=\"text-align: justify\"><a href=\"http:\/\/www.premiovonmartius.com.br\/\" target=\"_blank\" rel=\"noopener noreferrer\">PR\u00caMIO VON MARTIUS 2004<\/a><\/p>\n<p style=\"text-align: justify\">\n","protected":false},"excerpt":{"rendered":"<p>Os termos agroecologia e agricultura org\u00e2nica eram pouco utilizados no in\u00edcio da d\u00e9cada de 1990. No Brasil, a preocupa\u00e7\u00e3o com <a class=\"read-more\" href=\"https:\/\/institucional.ufrrj.br\/fazendinha\/historia\/ \" >&#8230; <span class=\"font-italic\">leia mais <i class=\"fas fa-angle-right\"><\/i><\/span><\/a><\/p>\n","protected":false},"author":743,"featured_media":0,"parent":0,"menu_order":0,"comment_status":"closed","ping_status":"closed","template":"","meta":{"_acf_changed":false,"footnotes":""},"class_list":["post-192","page","type-page","status-publish","hentry"],"yoast_head":"<!-- This site is optimized with the Yoast SEO plugin v27.2 - https:\/\/yoast.com\/product\/yoast-seo-wordpress\/ -->\n<title>Hist\u00f3rico - Fazendinha<\/title>\n<meta name=\"robots\" content=\"index, follow, max-snippet:-1, max-image-preview:large, max-video-preview:-1\" \/>\n<link rel=\"canonical\" href=\"https:\/\/institucional.ufrrj.br\/fazendinha\/historia\/\" \/>\n<meta property=\"og:locale\" content=\"pt_BR\" \/>\n<meta property=\"og:type\" content=\"article\" \/>\n<meta property=\"og:title\" content=\"Hist\u00f3rico - Fazendinha\" \/>\n<meta property=\"og:description\" content=\"Os termos agroecologia e agricultura org\u00e2nica eram pouco utilizados no in\u00edcio da d\u00e9cada de 1990. No Brasil, a preocupa\u00e7\u00e3o com ... leia mais\" \/>\n<meta property=\"og:url\" content=\"https:\/\/institucional.ufrrj.br\/fazendinha\/historia\/\" \/>\n<meta property=\"og:site_name\" content=\"Fazendinha\" \/>\n<meta property=\"article:modified_time\" content=\"2023-04-03T11:40:03+00:00\" \/>\n<meta property=\"og:image\" content=\"http:\/\/institucional.ufrrj.br\/fazendinha\/files\/2019\/05\/foto-fazendinha.jpg\" \/>\n<meta name=\"twitter:card\" content=\"summary_large_image\" \/>\n<meta name=\"twitter:label1\" content=\"Est. tempo de leitura\" \/>\n\t<meta name=\"twitter:data1\" content=\"3 minutos\" \/>\n<script type=\"application\/ld+json\" class=\"yoast-schema-graph\">{\"@context\":\"https:\/\/schema.org\",\"@graph\":[{\"@type\":\"WebPage\",\"@id\":\"https:\/\/institucional.ufrrj.br\/fazendinha\/historia\/\",\"url\":\"https:\/\/institucional.ufrrj.br\/fazendinha\/historia\/\",\"name\":\"Hist\u00f3rico - Fazendinha\",\"isPartOf\":{\"@id\":\"https:\/\/institucional.ufrrj.br\/fazendinha\/#website\"},\"primaryImageOfPage\":{\"@id\":\"https:\/\/institucional.ufrrj.br\/fazendinha\/historia\/#primaryimage\"},\"image\":{\"@id\":\"https:\/\/institucional.ufrrj.br\/fazendinha\/historia\/#primaryimage\"},\"thumbnailUrl\":\"http:\/\/institucional.ufrrj.br\/fazendinha\/files\/2019\/05\/foto-fazendinha.jpg\",\"datePublished\":\"2019-04-12T18:42:21+00:00\",\"dateModified\":\"2023-04-03T11:40:03+00:00\",\"breadcrumb\":{\"@id\":\"https:\/\/institucional.ufrrj.br\/fazendinha\/historia\/#breadcrumb\"},\"inLanguage\":\"pt-BR\",\"potentialAction\":[{\"@type\":\"ReadAction\",\"target\":[\"https:\/\/institucional.ufrrj.br\/fazendinha\/historia\/\"]}]},{\"@type\":\"ImageObject\",\"inLanguage\":\"pt-BR\",\"@id\":\"https:\/\/institucional.ufrrj.br\/fazendinha\/historia\/#primaryimage\",\"url\":\"http:\/\/institucional.ufrrj.br\/fazendinha\/files\/2019\/05\/foto-fazendinha.jpg\",\"contentUrl\":\"http:\/\/institucional.ufrrj.br\/fazendinha\/files\/2019\/05\/foto-fazendinha.jpg\"},{\"@type\":\"BreadcrumbList\",\"@id\":\"https:\/\/institucional.ufrrj.br\/fazendinha\/historia\/#breadcrumb\",\"itemListElement\":[{\"@type\":\"ListItem\",\"position\":1,\"name\":\"In\u00edcio\",\"item\":\"https:\/\/institucional.ufrrj.br\/fazendinha\/\"},{\"@type\":\"ListItem\",\"position\":2,\"name\":\"Hist\u00f3rico\"}]},{\"@type\":\"WebSite\",\"@id\":\"https:\/\/institucional.ufrrj.br\/fazendinha\/#website\",\"url\":\"https:\/\/institucional.ufrrj.br\/fazendinha\/\",\"name\":\"Fazendinha\",\"description\":\"S\u00f3 mais um site institucional.ufrrj.br\",\"potentialAction\":[{\"@type\":\"SearchAction\",\"target\":{\"@type\":\"EntryPoint\",\"urlTemplate\":\"https:\/\/institucional.ufrrj.br\/fazendinha\/?s={search_term_string}\"},\"query-input\":{\"@type\":\"PropertyValueSpecification\",\"valueRequired\":true,\"valueName\":\"search_term_string\"}}],\"inLanguage\":\"pt-BR\"}]}<\/script>\n<!-- \/ Yoast SEO plugin. -->","yoast_head_json":{"title":"Hist\u00f3rico - Fazendinha","robots":{"index":"index","follow":"follow","max-snippet":"max-snippet:-1","max-image-preview":"max-image-preview:large","max-video-preview":"max-video-preview:-1"},"canonical":"https:\/\/institucional.ufrrj.br\/fazendinha\/historia\/","og_locale":"pt_BR","og_type":"article","og_title":"Hist\u00f3rico - Fazendinha","og_description":"Os termos agroecologia e agricultura org\u00e2nica eram pouco utilizados no in\u00edcio da d\u00e9cada de 1990. No Brasil, a preocupa\u00e7\u00e3o com ... leia mais","og_url":"https:\/\/institucional.ufrrj.br\/fazendinha\/historia\/","og_site_name":"Fazendinha","article_modified_time":"2023-04-03T11:40:03+00:00","og_image":[{"url":"http:\/\/institucional.ufrrj.br\/fazendinha\/files\/2019\/05\/foto-fazendinha.jpg","type":"","width":"","height":""}],"twitter_card":"summary_large_image","twitter_misc":{"Est. tempo de leitura":"3 minutos"},"schema":{"@context":"https:\/\/schema.org","@graph":[{"@type":"WebPage","@id":"https:\/\/institucional.ufrrj.br\/fazendinha\/historia\/","url":"https:\/\/institucional.ufrrj.br\/fazendinha\/historia\/","name":"Hist\u00f3rico - Fazendinha","isPartOf":{"@id":"https:\/\/institucional.ufrrj.br\/fazendinha\/#website"},"primaryImageOfPage":{"@id":"https:\/\/institucional.ufrrj.br\/fazendinha\/historia\/#primaryimage"},"image":{"@id":"https:\/\/institucional.ufrrj.br\/fazendinha\/historia\/#primaryimage"},"thumbnailUrl":"http:\/\/institucional.ufrrj.br\/fazendinha\/files\/2019\/05\/foto-fazendinha.jpg","datePublished":"2019-04-12T18:42:21+00:00","dateModified":"2023-04-03T11:40:03+00:00","breadcrumb":{"@id":"https:\/\/institucional.ufrrj.br\/fazendinha\/historia\/#breadcrumb"},"inLanguage":"pt-BR","potentialAction":[{"@type":"ReadAction","target":["https:\/\/institucional.ufrrj.br\/fazendinha\/historia\/"]}]},{"@type":"ImageObject","inLanguage":"pt-BR","@id":"https:\/\/institucional.ufrrj.br\/fazendinha\/historia\/#primaryimage","url":"http:\/\/institucional.ufrrj.br\/fazendinha\/files\/2019\/05\/foto-fazendinha.jpg","contentUrl":"http:\/\/institucional.ufrrj.br\/fazendinha\/files\/2019\/05\/foto-fazendinha.jpg"},{"@type":"BreadcrumbList","@id":"https:\/\/institucional.ufrrj.br\/fazendinha\/historia\/#breadcrumb","itemListElement":[{"@type":"ListItem","position":1,"name":"In\u00edcio","item":"https:\/\/institucional.ufrrj.br\/fazendinha\/"},{"@type":"ListItem","position":2,"name":"Hist\u00f3rico"}]},{"@type":"WebSite","@id":"https:\/\/institucional.ufrrj.br\/fazendinha\/#website","url":"https:\/\/institucional.ufrrj.br\/fazendinha\/","name":"Fazendinha","description":"S\u00f3 mais um site institucional.ufrrj.br","potentialAction":[{"@type":"SearchAction","target":{"@type":"EntryPoint","urlTemplate":"https:\/\/institucional.ufrrj.br\/fazendinha\/?s={search_term_string}"},"query-input":{"@type":"PropertyValueSpecification","valueRequired":true,"valueName":"search_term_string"}}],"inLanguage":"pt-BR"}]}},"acf":[],"_links":{"self":[{"href":"https:\/\/institucional.ufrrj.br\/fazendinha\/wp-json\/wp\/v2\/pages\/192","targetHints":{"allow":["GET"]}}],"collection":[{"href":"https:\/\/institucional.ufrrj.br\/fazendinha\/wp-json\/wp\/v2\/pages"}],"about":[{"href":"https:\/\/institucional.ufrrj.br\/fazendinha\/wp-json\/wp\/v2\/types\/page"}],"author":[{"embeddable":true,"href":"https:\/\/institucional.ufrrj.br\/fazendinha\/wp-json\/wp\/v2\/users\/743"}],"replies":[{"embeddable":true,"href":"https:\/\/institucional.ufrrj.br\/fazendinha\/wp-json\/wp\/v2\/comments?post=192"}],"version-history":[{"count":40,"href":"https:\/\/institucional.ufrrj.br\/fazendinha\/wp-json\/wp\/v2\/pages\/192\/revisions"}],"predecessor-version":[{"id":2002,"href":"https:\/\/institucional.ufrrj.br\/fazendinha\/wp-json\/wp\/v2\/pages\/192\/revisions\/2002"}],"wp:attachment":[{"href":"https:\/\/institucional.ufrrj.br\/fazendinha\/wp-json\/wp\/v2\/media?parent=192"}],"curies":[{"name":"wp","href":"https:\/\/api.w.org\/{rel}","templated":true}]}}