{"id":1919,"date":"2021-12-28T20:19:58","date_gmt":"2021-12-28T23:19:58","guid":{"rendered":"http:\/\/institucional.ufrrj.br\/fazendinha\/?page_id=1919"},"modified":"2023-04-18T08:25:54","modified_gmt":"2023-04-18T11:25:54","slug":"mapas","status":"publish","type":"page","link":"https:\/\/institucional.ufrrj.br\/fazendinha\/mapas\/","title":{"rendered":"Mapas"},"content":{"rendered":"<p>&nbsp;<\/p>\n<p style=\"text-align: justify\">\u00a0 \u00a0 \u00a0 \u00a0 \u00a0 \u00a0 Concebida como um espa\u00e7o de ensino, pesquisa e extens\u00e3o, a Fazendinha Agroecol\u00f3gica Km 47, parceria entre as institui\u00e7\u00f5es CTUR, Embrapa Agrobiologia, Pesagro-Rio e UFRRJ, prioriza estender as rela\u00e7\u00f5es entre os diferentes componentes de um sistema de produ\u00e7\u00e3o, de forma a proporcionar o exerc\u00edcio da agroecologia e do manejo org\u00e2nico em bases cient\u00edficas. Dessa forma, o conhecimento do territ\u00f3rio no qual suas atividades s\u00e3o desenvolvidas torna-se fundamental para a orienta\u00e7\u00e3o de pesquisas e projetos que contribuam para o estabelecimento de agroecossistemas sustent\u00e1veis.<\/p>\n<p style=\"text-align: justify\">\u00a0 \u00a0 \u00a0 \u00a0 \u00a0 \u00a0Gra\u00e7as a uma\u00a0 parceria entre a ConSIG e a UFRRJ, a Fazendinha Agroecol\u00f3gica Km 47, foi mapeada por drone\u00a0 com o objetivo de elaborar o ortomosaico para servir de base cartogr\u00e1fica aos projetos de pesquisas realizados no ano de 2020. Foram utilizados tamb\u00e9m receptores GNSS para conferir maior precis\u00e3o atrav\u00e9s da dispers\u00e3o de pontos de controle pela \u00e1rea sobrevoada.<\/p>\n<p style=\"text-align: justify\">\u00a0 \u00a0 \u00a0 \u00a0 \u00a0 \u00a0O trabalho de mapeamento foi realizado pela empresa ConSIG Solu\u00e7\u00f5es Ambientais, uma empresa de consultoria em Sistemas de Informa\u00e7\u00f5es Geogr\u00e1ficas, que busca viabilizar a regulariza\u00e7\u00e3o de im\u00f3veis e a adequa\u00e7\u00e3o deles \u00e0s necessidades ambientais seguindo a l\u00f3gica da sustentabilidade. Esse trabalho \u00e9 realizado atrav\u00e9s da produ\u00e7\u00e3o de dados cartogr\u00e1ficos, provenientes dos levantamentos de campo realizados por profissionais qualificados, que englobam o m\u00e1ximo de informa\u00e7\u00f5es para melhor representa\u00e7\u00e3o da realidade do ambiente mapeado, tanto em rela\u00e7\u00e3o aos aspectos naturais quanto aos que tangem as rela\u00e7\u00f5es de produ\u00e7\u00e3o.<\/p>\n<p style=\"text-align: justify\">\u00a0 \u00a0 \u00a0 \u00a0 \u00a0 \u00a0Atrav\u00e9s do extensionismo rural, com enfoque agroecol\u00f3gico, a empresa tem como miss\u00e3o possibilitar o acesso dos produtores \u00e0 tecnologia de ponta, contribuindo de forma participativa para a resolu\u00e7\u00e3o de conflitos agr\u00e1rios e para a melhoria da qualidade das rela\u00e7\u00f5es sociais, ambientais e econ\u00f4micas dos agroecossistemas.<\/p>\n<p style=\"text-align: justify\">\u00a0 \u00a0 \u00a0 \u00a0 \u00a0 \u00a0A UFRRJ e a ConSIG Solu\u00e7\u00f5es Ambientais refor\u00e7am a import\u00e2ncia da colabora\u00e7\u00e3o entre os setores p\u00fablico e privado, por meio da produ\u00e7\u00e3o de conhecimento cient\u00edfico e a\u00e7\u00f5es inovadoras, e acreditam que ela \u00e9 capaz de quebrar paradigmas e solucionar problemas que comprometem a seguran\u00e7a alimentar e o meio ambiente.<\/p>\n<p style=\"text-align: justify\">\u00a0 \u00a0 \u00a0 \u00a0 \u00a0 Confira abaixo o trabalho de georreferenciamento feito na Fazendinha Agroecol\u00f3gica Km 47:<\/p>\n<p>&nbsp;<\/p>\n<p><a href=\"https:\/\/drive.google.com\/file\/d\/1l2a0WgNRHzhpeXVpTkkoIOdcp6noOcO0\/view\"><img loading=\"lazy\" decoding=\"async\" class=\"aligncenter wp-image-1922 size-medium\" src=\"https:\/\/institucional.ufrrj.br\/fazendinha\/files\/2021\/12\/ortomosaico-300x206.jpg\" alt=\"\" width=\"300\" height=\"206\" srcset=\"https:\/\/institucional.ufrrj.br\/fazendinha\/files\/2021\/12\/ortomosaico-300x206.jpg 300w, https:\/\/institucional.ufrrj.br\/fazendinha\/files\/2021\/12\/ortomosaico-768x527.jpg 768w, https:\/\/institucional.ufrrj.br\/fazendinha\/files\/2021\/12\/ortomosaico-1024x703.jpg 1024w, https:\/\/institucional.ufrrj.br\/fazendinha\/files\/2021\/12\/ortomosaico.jpg 1060w\" sizes=\"auto, (max-width: 300px) 100vw, 300px\" \/><\/a><\/p>\n<p><a href=\"https:\/\/institucional.ufrrj.br\/fazendinha\/files\/2023\/04\/Fazenda_agroecologica_Embrapa_km47.jpeg\" target=\"_blank\" rel=\"file:\/\/\/C:\/Users\/Usu%C3%A1rio\/Documents\/SITE%20-%20SIPA\/Fazendinha\/Imagens\/Fazenda_agroecologica_Embrapa_km47.pdf noopener\"><img loading=\"lazy\" decoding=\"async\" class=\"aligncenter wp-image-2008 size-medium\" src=\"https:\/\/institucional.ufrrj.br\/fazendinha\/files\/2023\/04\/Fazenda_agroecologica_Embrapa_km47-300x212.jpeg\" alt=\"\" width=\"300\" height=\"212\" srcset=\"https:\/\/institucional.ufrrj.br\/fazendinha\/files\/2023\/04\/Fazenda_agroecologica_Embrapa_km47-300x212.jpeg 300w, https:\/\/institucional.ufrrj.br\/fazendinha\/files\/2023\/04\/Fazenda_agroecologica_Embrapa_km47-1024x724.jpeg 1024w, https:\/\/institucional.ufrrj.br\/fazendinha\/files\/2023\/04\/Fazenda_agroecologica_Embrapa_km47-768x543.jpeg 768w, https:\/\/institucional.ufrrj.br\/fazendinha\/files\/2023\/04\/Fazenda_agroecologica_Embrapa_km47-1536x1086.jpeg 1536w, https:\/\/institucional.ufrrj.br\/fazendinha\/files\/2023\/04\/Fazenda_agroecologica_Embrapa_km47.jpeg 2000w\" sizes=\"auto, (max-width: 300px) 100vw, 300px\" \/><\/a><\/p>\n<p>&nbsp;<\/p>\n<p>&nbsp;<\/p>\n","protected":false},"excerpt":{"rendered":"<p>&nbsp; \u00a0 \u00a0 \u00a0 \u00a0 \u00a0 \u00a0 Concebida como um espa\u00e7o de ensino, pesquisa e extens\u00e3o, a Fazendinha Agroecol\u00f3gica Km <a class=\"read-more\" href=\"https:\/\/institucional.ufrrj.br\/fazendinha\/mapas\/ \" >&#8230; <span class=\"font-italic\">leia mais <i class=\"fas fa-angle-right\"><\/i><\/span><\/a><\/p>\n","protected":false},"author":804,"featured_media":0,"parent":0,"menu_order":0,"comment_status":"closed","ping_status":"closed","template":"","meta":{"_acf_changed":false,"footnotes":""},"class_list":["post-1919","page","type-page","status-publish","hentry"],"yoast_head":"<!-- This site is optimized with the Yoast SEO plugin v27.2 - https:\/\/yoast.com\/product\/yoast-seo-wordpress\/ -->\n<title>Mapas - Fazendinha<\/title>\n<meta name=\"robots\" content=\"index, follow, max-snippet:-1, max-image-preview:large, max-video-preview:-1\" \/>\n<link rel=\"canonical\" href=\"https:\/\/institucional.ufrrj.br\/fazendinha\/mapas\/\" \/>\n<meta property=\"og:locale\" content=\"pt_BR\" \/>\n<meta property=\"og:type\" content=\"article\" \/>\n<meta property=\"og:title\" content=\"Mapas - Fazendinha\" \/>\n<meta property=\"og:description\" content=\"&nbsp; \u00a0 \u00a0 \u00a0 \u00a0 \u00a0 \u00a0 Concebida como um espa\u00e7o de ensino, pesquisa e extens\u00e3o, a Fazendinha Agroecol\u00f3gica Km ... leia mais\" \/>\n<meta property=\"og:url\" content=\"https:\/\/institucional.ufrrj.br\/fazendinha\/mapas\/\" \/>\n<meta property=\"og:site_name\" content=\"Fazendinha\" \/>\n<meta property=\"article:modified_time\" content=\"2023-04-18T11:25:54+00:00\" \/>\n<meta property=\"og:image\" content=\"http:\/\/institucional.ufrrj.br\/fazendinha\/files\/2021\/12\/ortomosaico-300x206.jpg\" \/>\n<meta name=\"twitter:card\" content=\"summary_large_image\" \/>\n<meta name=\"twitter:label1\" content=\"Est. tempo de leitura\" \/>\n\t<meta name=\"twitter:data1\" content=\"2 minutos\" \/>\n<script type=\"application\/ld+json\" class=\"yoast-schema-graph\">{\"@context\":\"https:\/\/schema.org\",\"@graph\":[{\"@type\":\"WebPage\",\"@id\":\"https:\/\/institucional.ufrrj.br\/fazendinha\/mapas\/\",\"url\":\"https:\/\/institucional.ufrrj.br\/fazendinha\/mapas\/\",\"name\":\"Mapas - Fazendinha\",\"isPartOf\":{\"@id\":\"https:\/\/institucional.ufrrj.br\/fazendinha\/#website\"},\"primaryImageOfPage\":{\"@id\":\"https:\/\/institucional.ufrrj.br\/fazendinha\/mapas\/#primaryimage\"},\"image\":{\"@id\":\"https:\/\/institucional.ufrrj.br\/fazendinha\/mapas\/#primaryimage\"},\"thumbnailUrl\":\"http:\/\/institucional.ufrrj.br\/fazendinha\/files\/2021\/12\/ortomosaico-300x206.jpg\",\"datePublished\":\"2021-12-28T23:19:58+00:00\",\"dateModified\":\"2023-04-18T11:25:54+00:00\",\"breadcrumb\":{\"@id\":\"https:\/\/institucional.ufrrj.br\/fazendinha\/mapas\/#breadcrumb\"},\"inLanguage\":\"pt-BR\",\"potentialAction\":[{\"@type\":\"ReadAction\",\"target\":[\"https:\/\/institucional.ufrrj.br\/fazendinha\/mapas\/\"]}]},{\"@type\":\"ImageObject\",\"inLanguage\":\"pt-BR\",\"@id\":\"https:\/\/institucional.ufrrj.br\/fazendinha\/mapas\/#primaryimage\",\"url\":\"http:\/\/institucional.ufrrj.br\/fazendinha\/files\/2021\/12\/ortomosaico-300x206.jpg\",\"contentUrl\":\"http:\/\/institucional.ufrrj.br\/fazendinha\/files\/2021\/12\/ortomosaico-300x206.jpg\"},{\"@type\":\"BreadcrumbList\",\"@id\":\"https:\/\/institucional.ufrrj.br\/fazendinha\/mapas\/#breadcrumb\",\"itemListElement\":[{\"@type\":\"ListItem\",\"position\":1,\"name\":\"In\u00edcio\",\"item\":\"https:\/\/institucional.ufrrj.br\/fazendinha\/\"},{\"@type\":\"ListItem\",\"position\":2,\"name\":\"Mapas\"}]},{\"@type\":\"WebSite\",\"@id\":\"https:\/\/institucional.ufrrj.br\/fazendinha\/#website\",\"url\":\"https:\/\/institucional.ufrrj.br\/fazendinha\/\",\"name\":\"Fazendinha\",\"description\":\"S\u00f3 mais um site institucional.ufrrj.br\",\"potentialAction\":[{\"@type\":\"SearchAction\",\"target\":{\"@type\":\"EntryPoint\",\"urlTemplate\":\"https:\/\/institucional.ufrrj.br\/fazendinha\/?s={search_term_string}\"},\"query-input\":{\"@type\":\"PropertyValueSpecification\",\"valueRequired\":true,\"valueName\":\"search_term_string\"}}],\"inLanguage\":\"pt-BR\"}]}<\/script>\n<!-- \/ Yoast SEO plugin. -->","yoast_head_json":{"title":"Mapas - Fazendinha","robots":{"index":"index","follow":"follow","max-snippet":"max-snippet:-1","max-image-preview":"max-image-preview:large","max-video-preview":"max-video-preview:-1"},"canonical":"https:\/\/institucional.ufrrj.br\/fazendinha\/mapas\/","og_locale":"pt_BR","og_type":"article","og_title":"Mapas - Fazendinha","og_description":"&nbsp; \u00a0 \u00a0 \u00a0 \u00a0 \u00a0 \u00a0 Concebida como um espa\u00e7o de ensino, pesquisa e extens\u00e3o, a Fazendinha Agroecol\u00f3gica Km ... leia mais","og_url":"https:\/\/institucional.ufrrj.br\/fazendinha\/mapas\/","og_site_name":"Fazendinha","article_modified_time":"2023-04-18T11:25:54+00:00","og_image":[{"url":"http:\/\/institucional.ufrrj.br\/fazendinha\/files\/2021\/12\/ortomosaico-300x206.jpg","type":"","width":"","height":""}],"twitter_card":"summary_large_image","twitter_misc":{"Est. tempo de leitura":"2 minutos"},"schema":{"@context":"https:\/\/schema.org","@graph":[{"@type":"WebPage","@id":"https:\/\/institucional.ufrrj.br\/fazendinha\/mapas\/","url":"https:\/\/institucional.ufrrj.br\/fazendinha\/mapas\/","name":"Mapas - Fazendinha","isPartOf":{"@id":"https:\/\/institucional.ufrrj.br\/fazendinha\/#website"},"primaryImageOfPage":{"@id":"https:\/\/institucional.ufrrj.br\/fazendinha\/mapas\/#primaryimage"},"image":{"@id":"https:\/\/institucional.ufrrj.br\/fazendinha\/mapas\/#primaryimage"},"thumbnailUrl":"http:\/\/institucional.ufrrj.br\/fazendinha\/files\/2021\/12\/ortomosaico-300x206.jpg","datePublished":"2021-12-28T23:19:58+00:00","dateModified":"2023-04-18T11:25:54+00:00","breadcrumb":{"@id":"https:\/\/institucional.ufrrj.br\/fazendinha\/mapas\/#breadcrumb"},"inLanguage":"pt-BR","potentialAction":[{"@type":"ReadAction","target":["https:\/\/institucional.ufrrj.br\/fazendinha\/mapas\/"]}]},{"@type":"ImageObject","inLanguage":"pt-BR","@id":"https:\/\/institucional.ufrrj.br\/fazendinha\/mapas\/#primaryimage","url":"http:\/\/institucional.ufrrj.br\/fazendinha\/files\/2021\/12\/ortomosaico-300x206.jpg","contentUrl":"http:\/\/institucional.ufrrj.br\/fazendinha\/files\/2021\/12\/ortomosaico-300x206.jpg"},{"@type":"BreadcrumbList","@id":"https:\/\/institucional.ufrrj.br\/fazendinha\/mapas\/#breadcrumb","itemListElement":[{"@type":"ListItem","position":1,"name":"In\u00edcio","item":"https:\/\/institucional.ufrrj.br\/fazendinha\/"},{"@type":"ListItem","position":2,"name":"Mapas"}]},{"@type":"WebSite","@id":"https:\/\/institucional.ufrrj.br\/fazendinha\/#website","url":"https:\/\/institucional.ufrrj.br\/fazendinha\/","name":"Fazendinha","description":"S\u00f3 mais um site institucional.ufrrj.br","potentialAction":[{"@type":"SearchAction","target":{"@type":"EntryPoint","urlTemplate":"https:\/\/institucional.ufrrj.br\/fazendinha\/?s={search_term_string}"},"query-input":{"@type":"PropertyValueSpecification","valueRequired":true,"valueName":"search_term_string"}}],"inLanguage":"pt-BR"}]}},"acf":[],"_links":{"self":[{"href":"https:\/\/institucional.ufrrj.br\/fazendinha\/wp-json\/wp\/v2\/pages\/1919","targetHints":{"allow":["GET"]}}],"collection":[{"href":"https:\/\/institucional.ufrrj.br\/fazendinha\/wp-json\/wp\/v2\/pages"}],"about":[{"href":"https:\/\/institucional.ufrrj.br\/fazendinha\/wp-json\/wp\/v2\/types\/page"}],"author":[{"embeddable":true,"href":"https:\/\/institucional.ufrrj.br\/fazendinha\/wp-json\/wp\/v2\/users\/804"}],"replies":[{"embeddable":true,"href":"https:\/\/institucional.ufrrj.br\/fazendinha\/wp-json\/wp\/v2\/comments?post=1919"}],"version-history":[{"count":10,"href":"https:\/\/institucional.ufrrj.br\/fazendinha\/wp-json\/wp\/v2\/pages\/1919\/revisions"}],"predecessor-version":[{"id":2012,"href":"https:\/\/institucional.ufrrj.br\/fazendinha\/wp-json\/wp\/v2\/pages\/1919\/revisions\/2012"}],"wp:attachment":[{"href":"https:\/\/institucional.ufrrj.br\/fazendinha\/wp-json\/wp\/v2\/media?parent=1919"}],"curies":[{"name":"wp","href":"https:\/\/api.w.org\/{rel}","templated":true}]}}