{"id":1833,"date":"2020-04-17T15:43:06","date_gmt":"2020-04-17T18:43:06","guid":{"rendered":"http:\/\/institucional.ufrrj.br\/fazendinha\/?page_id=1833"},"modified":"2020-04-17T16:11:08","modified_gmt":"2020-04-17T19:11:08","slug":"monografia-do-curso-de-engenharia-floretal-no-sipa","status":"publish","type":"page","link":"https:\/\/institucional.ufrrj.br\/fazendinha\/monografia-do-curso-de-engenharia-floretal-no-sipa\/","title":{"rendered":"Monografia do curso de Engenharia Floretal no SIPA"},"content":{"rendered":"<p>Ao longo de mais de 25 anos, a Fazendinha vem propiciando a forma\u00e7\u00e3o de recursos humanos e o desenvolvimento de Disserta\u00e7\u00f5es, monografias e Teses dos Programas de Gradua\u00e7\u00e3o e P\u00f3s-Gradua\u00e7\u00e3o da UFRRJ com as institui\u00e7\u00f5es parceiras.<\/p>\n<p>Todas as monografias do curso de Engenharia Florestal desenvolvidas podem ser visualizadas no <a href=\"http:\/\/institutos.ufrrj.br\/if\/monografias\/\" target=\"_blank\" rel=\"noopener noreferrer\">Site do Instituto Floresta.<\/a><\/p>\n<p><img loading=\"lazy\" decoding=\"async\" class=\"aligncenter size-full wp-image-1835\" src=\"https:\/\/institucional.ufrrj.br\/fazendinha\/files\/2020\/04\/Instituto-Floresta.jpg\" alt=\"\" width=\"194\" height=\"93\" \/><\/p>\n<p>Lima, Dayane Oliveira. <strong><a href=\"http:\/\/repositorio.im.ufrrj.br:8080\/jspui\/handle\/1235813\/3030\" target=\"_blank\" rel=\"noopener noreferrer\">Padr\u00e3o espacial de esp\u00e9cies florestais e sua rela\u00e7\u00e3o com fatores ed\u00e1ficos em sistema agroflorestal.<\/a><\/strong> 5-Nov-2015. Gradua\u00e7\u00e3o em Engenharia Florestal. UNIVERSIDADE FEDERAL RURAL DO RIO DE JANEIRO, Serop\u00e9dica.<\/p>\n<p>Silva, Camila Santos da. <strong><a href=\"http:\/\/repositorio.im.ufrrj.br:8080\/jspui\/handle\/1235813\/3021\" target=\"_blank\" rel=\"noopener noreferrer\">Compara\u00e7\u00e3o de modelos espaciais na distribui\u00e7\u00e3o de ra\u00edzes finas em fun\u00e7\u00e3o do teor de argila total em um sistema agroflorestal.<\/a><\/strong> 30-Nov-2015. Gradua\u00e7\u00e3o em Engenharia Florestal. UNIVERSIDADE FEDERAL RURAL DO RIO DE JANEIRO, Serop\u00e9dica.<\/p>\n<p>Silva, Jardel Costa. <strong><a href=\"http:\/\/repositorio.im.ufrrj.br:8080\/jspui\/handle\/1235813\/3015\" target=\"_blank\" rel=\"noopener noreferrer\">Avalia\u00e7\u00e3o de diferentes doses de condicionadores de solos, em condi\u00e7\u00f5es de Rizotron, sobre a cultura do milho.<\/a><\/strong> 30-Nov-2015. Gradua\u00e7\u00e3o em Engenharia Florestal. UNIVERSIDADE FEDERAL RURAL DO RIO DE JANEIRO, Serop\u00e9dica.<\/p>\n<p>Vale, \u00darsula das Neves Catharino. <strong><a href=\"http:\/\/repositorio.im.ufrrj.br:8080\/jspui\/handle\/1235813\/2990\" target=\"_blank\" rel=\"noopener noreferrer\">Unidades de conserva\u00e7\u00e3o e agroecologia: um encontro de oportunidades.<\/a><\/strong> 3-Jul-2015. Gradua\u00e7\u00e3o em Engenharia Florestal. UNIVERSIDADE FEDERAL RURAL DO RIO DE JANEIRO, Serop\u00e9dica.<\/p>\n<p>Albuquerque, Daniel Lins de. <strong><a href=\"http:\/\/repositorio.im.ufrrj.br:8080\/jspui\/handle\/1235813\/2808\" target=\"_blank\" rel=\"noopener noreferrer\">Censo florestal e fitossocial do corredor agroflorestal da Fazendinha Agroecol\u00f3gica do Km 47.<\/a><\/strong> 03\/07\/2014. Gradua\u00e7\u00e3o em Engenharia Florestal. UNIVERSIDADE FEDERAL RURAL DO RIO DE JANEIRO, Serop\u00e9dica.<\/p>\n<p>Peres, Andr\u00e9 Krykhtine. <strong><a href=\"http:\/\/repositorio.im.ufrrj.br:8080\/jspui\/handle\/1235813\/2803\" target=\"_blank\" rel=\"noopener noreferrer\">Caracteriza\u00e7\u00e3o de um sistema agroflorestal multiestratificado<\/a><\/strong>. 26-Jun-2014. Gradua\u00e7\u00e3o em Engenharia Florestal. UNIVERSIDADE FEDERAL RURAL DO RIO DE JANEIRO, Serop\u00e9dica.<\/p>\n<p>Krainovic, Pedro Medrado. <strong><a href=\"http:\/\/repositorio.im.ufrrj.br:8080\/jspui\/handle\/1235813\/2794\" target=\"_blank\" rel=\"noopener noreferrer\">Taxa de decomposi\u00e7\u00e3o de quatro esp\u00e9cies utilizadas para aduba\u00e7\u00e3o verde em sistemas agroflorestais.<\/a><\/strong> 15-Dez-2008. Gradua\u00e7\u00e3o em Engenharia Florestal. UNIVERSIDADE FEDERAL RURAL DO RIO DE JANEIRO, Serop\u00e9dica.<\/p>\n<p>Sant\u00b4Anna, Elisa Teodoro. <strong><a href=\"http:\/\/repositorio.im.ufrrj.br:8080\/jspui\/handle\/1235813\/2703\" target=\"_blank\" rel=\"noopener noreferrer\">Constru\u00e7\u00e3o de um centro de visitantes na Embrapa Fazendinha-Agroecol\u00f3gica utilizando materiais alternativos.<\/a><\/strong> Fev-2008. Gradua\u00e7\u00e3o em Engenharia Florestal. UNIVERSIDADE FEDERAL RURAL DO RIO DE JANEIRO, Serop\u00e9dica.<\/p>\n<p>Vieira, Andr\u00e9 Lu\u00eds Macedo. <strong><a href=\"http:\/\/repositorio.im.ufrrj.br:8080\/jspui\/handle\/1235813\/1599\" target=\"_blank\" rel=\"noopener noreferrer\">Potencial econ\u00f4mico-ecol\u00f3gico de sistemas agroflorestais para conex\u00e3o de fragmentos da Mata Atl\u00e2ntica.<\/a><\/strong> 16-Ago-2007. Gradua\u00e7\u00e3o em Engenharia Florestal. UNIVERSIDADE FEDERAL RURAL DO RIO DE JANEIRO, Serop\u00e9dica.<\/p>\n<p>N\u00f3brega, Pedro de Oliveira. <strong><a href=\"http:\/\/repositorio.im.ufrrj.br:8080\/jspui\/handle\/1235813\/1283\" target=\"_blank\" rel=\"noopener noreferrer\">Implanta\u00e7\u00e3o, manejo e aporte de nutrientes em agrofloresta em um sistema org\u00e2nico de produ\u00e7\u00e3o.<\/a><\/strong> Mar-2006. Gradua\u00e7\u00e3o em Engenharia Florestal. UNIVERSIDADE FEDERAL RURAL DO RIO DE JANEIRO, Serop\u00e9dica.<\/p>\n<p>&nbsp;<\/p>\n","protected":false},"excerpt":{"rendered":"<p>Ao longo de mais de 25 anos, a Fazendinha vem propiciando a forma\u00e7\u00e3o de recursos humanos e o desenvolvimento de <a class=\"read-more\" href=\"https:\/\/institucional.ufrrj.br\/fazendinha\/monografia-do-curso-de-engenharia-floretal-no-sipa\/ \" >&#8230; <span class=\"font-italic\">leia mais <i class=\"fas fa-angle-right\"><\/i><\/span><\/a><\/p>\n","protected":false},"author":743,"featured_media":0,"parent":0,"menu_order":0,"comment_status":"closed","ping_status":"closed","template":"","meta":{"_acf_changed":false,"footnotes":""},"class_list":["post-1833","page","type-page","status-publish","hentry"],"yoast_head":"<!-- This site is optimized with the Yoast SEO plugin v27.2 - https:\/\/yoast.com\/product\/yoast-seo-wordpress\/ -->\n<title>Monografia do curso de Engenharia Floretal no SIPA - Fazendinha<\/title>\n<meta name=\"robots\" content=\"index, follow, max-snippet:-1, max-image-preview:large, max-video-preview:-1\" \/>\n<link rel=\"canonical\" href=\"https:\/\/institucional.ufrrj.br\/fazendinha\/monografia-do-curso-de-engenharia-floretal-no-sipa\/\" \/>\n<meta property=\"og:locale\" content=\"pt_BR\" \/>\n<meta property=\"og:type\" content=\"article\" \/>\n<meta property=\"og:title\" content=\"Monografia do curso de Engenharia Floretal no SIPA - Fazendinha\" \/>\n<meta property=\"og:description\" content=\"Ao longo de mais de 25 anos, a Fazendinha vem propiciando a forma\u00e7\u00e3o de recursos humanos e o desenvolvimento de ... leia mais\" \/>\n<meta property=\"og:url\" content=\"https:\/\/institucional.ufrrj.br\/fazendinha\/monografia-do-curso-de-engenharia-floretal-no-sipa\/\" \/>\n<meta property=\"og:site_name\" content=\"Fazendinha\" \/>\n<meta property=\"article:modified_time\" content=\"2020-04-17T19:11:08+00:00\" \/>\n<meta property=\"og:image\" content=\"http:\/\/institucional.ufrrj.br\/fazendinha\/files\/2020\/04\/Instituto-Floresta.jpg\" \/>\n<meta name=\"twitter:card\" content=\"summary_large_image\" \/>\n<meta name=\"twitter:label1\" content=\"Est. tempo de leitura\" \/>\n\t<meta name=\"twitter:data1\" content=\"2 minutos\" \/>\n<script type=\"application\/ld+json\" class=\"yoast-schema-graph\">{\"@context\":\"https:\/\/schema.org\",\"@graph\":[{\"@type\":\"WebPage\",\"@id\":\"https:\/\/institucional.ufrrj.br\/fazendinha\/monografia-do-curso-de-engenharia-floretal-no-sipa\/\",\"url\":\"https:\/\/institucional.ufrrj.br\/fazendinha\/monografia-do-curso-de-engenharia-floretal-no-sipa\/\",\"name\":\"Monografia do curso de Engenharia Floretal no SIPA - Fazendinha\",\"isPartOf\":{\"@id\":\"https:\/\/institucional.ufrrj.br\/fazendinha\/#website\"},\"primaryImageOfPage\":{\"@id\":\"https:\/\/institucional.ufrrj.br\/fazendinha\/monografia-do-curso-de-engenharia-floretal-no-sipa\/#primaryimage\"},\"image\":{\"@id\":\"https:\/\/institucional.ufrrj.br\/fazendinha\/monografia-do-curso-de-engenharia-floretal-no-sipa\/#primaryimage\"},\"thumbnailUrl\":\"http:\/\/institucional.ufrrj.br\/fazendinha\/files\/2020\/04\/Instituto-Floresta.jpg\",\"datePublished\":\"2020-04-17T18:43:06+00:00\",\"dateModified\":\"2020-04-17T19:11:08+00:00\",\"breadcrumb\":{\"@id\":\"https:\/\/institucional.ufrrj.br\/fazendinha\/monografia-do-curso-de-engenharia-floretal-no-sipa\/#breadcrumb\"},\"inLanguage\":\"pt-BR\",\"potentialAction\":[{\"@type\":\"ReadAction\",\"target\":[\"https:\/\/institucional.ufrrj.br\/fazendinha\/monografia-do-curso-de-engenharia-floretal-no-sipa\/\"]}]},{\"@type\":\"ImageObject\",\"inLanguage\":\"pt-BR\",\"@id\":\"https:\/\/institucional.ufrrj.br\/fazendinha\/monografia-do-curso-de-engenharia-floretal-no-sipa\/#primaryimage\",\"url\":\"http:\/\/institucional.ufrrj.br\/fazendinha\/files\/2020\/04\/Instituto-Floresta.jpg\",\"contentUrl\":\"http:\/\/institucional.ufrrj.br\/fazendinha\/files\/2020\/04\/Instituto-Floresta.jpg\"},{\"@type\":\"BreadcrumbList\",\"@id\":\"https:\/\/institucional.ufrrj.br\/fazendinha\/monografia-do-curso-de-engenharia-floretal-no-sipa\/#breadcrumb\",\"itemListElement\":[{\"@type\":\"ListItem\",\"position\":1,\"name\":\"In\u00edcio\",\"item\":\"https:\/\/institucional.ufrrj.br\/fazendinha\/\"},{\"@type\":\"ListItem\",\"position\":2,\"name\":\"Monografia do curso de Engenharia Floretal no SIPA\"}]},{\"@type\":\"WebSite\",\"@id\":\"https:\/\/institucional.ufrrj.br\/fazendinha\/#website\",\"url\":\"https:\/\/institucional.ufrrj.br\/fazendinha\/\",\"name\":\"Fazendinha\",\"description\":\"S\u00f3 mais um site institucional.ufrrj.br\",\"potentialAction\":[{\"@type\":\"SearchAction\",\"target\":{\"@type\":\"EntryPoint\",\"urlTemplate\":\"https:\/\/institucional.ufrrj.br\/fazendinha\/?s={search_term_string}\"},\"query-input\":{\"@type\":\"PropertyValueSpecification\",\"valueRequired\":true,\"valueName\":\"search_term_string\"}}],\"inLanguage\":\"pt-BR\"}]}<\/script>\n<!-- \/ Yoast SEO plugin. -->","yoast_head_json":{"title":"Monografia do curso de Engenharia Floretal no SIPA - Fazendinha","robots":{"index":"index","follow":"follow","max-snippet":"max-snippet:-1","max-image-preview":"max-image-preview:large","max-video-preview":"max-video-preview:-1"},"canonical":"https:\/\/institucional.ufrrj.br\/fazendinha\/monografia-do-curso-de-engenharia-floretal-no-sipa\/","og_locale":"pt_BR","og_type":"article","og_title":"Monografia do curso de Engenharia Floretal no SIPA - Fazendinha","og_description":"Ao longo de mais de 25 anos, a Fazendinha vem propiciando a forma\u00e7\u00e3o de recursos humanos e o desenvolvimento de ... leia mais","og_url":"https:\/\/institucional.ufrrj.br\/fazendinha\/monografia-do-curso-de-engenharia-floretal-no-sipa\/","og_site_name":"Fazendinha","article_modified_time":"2020-04-17T19:11:08+00:00","og_image":[{"url":"http:\/\/institucional.ufrrj.br\/fazendinha\/files\/2020\/04\/Instituto-Floresta.jpg","type":"","width":"","height":""}],"twitter_card":"summary_large_image","twitter_misc":{"Est. tempo de leitura":"2 minutos"},"schema":{"@context":"https:\/\/schema.org","@graph":[{"@type":"WebPage","@id":"https:\/\/institucional.ufrrj.br\/fazendinha\/monografia-do-curso-de-engenharia-floretal-no-sipa\/","url":"https:\/\/institucional.ufrrj.br\/fazendinha\/monografia-do-curso-de-engenharia-floretal-no-sipa\/","name":"Monografia do curso de Engenharia Floretal no SIPA - Fazendinha","isPartOf":{"@id":"https:\/\/institucional.ufrrj.br\/fazendinha\/#website"},"primaryImageOfPage":{"@id":"https:\/\/institucional.ufrrj.br\/fazendinha\/monografia-do-curso-de-engenharia-floretal-no-sipa\/#primaryimage"},"image":{"@id":"https:\/\/institucional.ufrrj.br\/fazendinha\/monografia-do-curso-de-engenharia-floretal-no-sipa\/#primaryimage"},"thumbnailUrl":"http:\/\/institucional.ufrrj.br\/fazendinha\/files\/2020\/04\/Instituto-Floresta.jpg","datePublished":"2020-04-17T18:43:06+00:00","dateModified":"2020-04-17T19:11:08+00:00","breadcrumb":{"@id":"https:\/\/institucional.ufrrj.br\/fazendinha\/monografia-do-curso-de-engenharia-floretal-no-sipa\/#breadcrumb"},"inLanguage":"pt-BR","potentialAction":[{"@type":"ReadAction","target":["https:\/\/institucional.ufrrj.br\/fazendinha\/monografia-do-curso-de-engenharia-floretal-no-sipa\/"]}]},{"@type":"ImageObject","inLanguage":"pt-BR","@id":"https:\/\/institucional.ufrrj.br\/fazendinha\/monografia-do-curso-de-engenharia-floretal-no-sipa\/#primaryimage","url":"http:\/\/institucional.ufrrj.br\/fazendinha\/files\/2020\/04\/Instituto-Floresta.jpg","contentUrl":"http:\/\/institucional.ufrrj.br\/fazendinha\/files\/2020\/04\/Instituto-Floresta.jpg"},{"@type":"BreadcrumbList","@id":"https:\/\/institucional.ufrrj.br\/fazendinha\/monografia-do-curso-de-engenharia-floretal-no-sipa\/#breadcrumb","itemListElement":[{"@type":"ListItem","position":1,"name":"In\u00edcio","item":"https:\/\/institucional.ufrrj.br\/fazendinha\/"},{"@type":"ListItem","position":2,"name":"Monografia do curso de Engenharia Floretal no SIPA"}]},{"@type":"WebSite","@id":"https:\/\/institucional.ufrrj.br\/fazendinha\/#website","url":"https:\/\/institucional.ufrrj.br\/fazendinha\/","name":"Fazendinha","description":"S\u00f3 mais um site institucional.ufrrj.br","potentialAction":[{"@type":"SearchAction","target":{"@type":"EntryPoint","urlTemplate":"https:\/\/institucional.ufrrj.br\/fazendinha\/?s={search_term_string}"},"query-input":{"@type":"PropertyValueSpecification","valueRequired":true,"valueName":"search_term_string"}}],"inLanguage":"pt-BR"}]}},"acf":[],"_links":{"self":[{"href":"https:\/\/institucional.ufrrj.br\/fazendinha\/wp-json\/wp\/v2\/pages\/1833","targetHints":{"allow":["GET"]}}],"collection":[{"href":"https:\/\/institucional.ufrrj.br\/fazendinha\/wp-json\/wp\/v2\/pages"}],"about":[{"href":"https:\/\/institucional.ufrrj.br\/fazendinha\/wp-json\/wp\/v2\/types\/page"}],"author":[{"embeddable":true,"href":"https:\/\/institucional.ufrrj.br\/fazendinha\/wp-json\/wp\/v2\/users\/743"}],"replies":[{"embeddable":true,"href":"https:\/\/institucional.ufrrj.br\/fazendinha\/wp-json\/wp\/v2\/comments?post=1833"}],"version-history":[{"count":3,"href":"https:\/\/institucional.ufrrj.br\/fazendinha\/wp-json\/wp\/v2\/pages\/1833\/revisions"}],"predecessor-version":[{"id":1841,"href":"https:\/\/institucional.ufrrj.br\/fazendinha\/wp-json\/wp\/v2\/pages\/1833\/revisions\/1841"}],"wp:attachment":[{"href":"https:\/\/institucional.ufrrj.br\/fazendinha\/wp-json\/wp\/v2\/media?parent=1833"}],"curies":[{"name":"wp","href":"https:\/\/api.w.org\/{rel}","templated":true}]}}