{"id":1821,"date":"2020-04-17T15:10:52","date_gmt":"2020-04-17T18:10:52","guid":{"rendered":"http:\/\/institucional.ufrrj.br\/fazendinha\/?page_id=1821"},"modified":"2020-04-17T15:11:54","modified_gmt":"2020-04-17T18:11:54","slug":"1821-2","status":"publish","type":"page","link":"https:\/\/institucional.ufrrj.br\/fazendinha\/1821-2\/","title":{"rendered":"Teses e Disserta\u00e7\u00f5es do Programa de P\u00f3s-Gradua\u00e7\u00e3o em Desenvolvimento, Sociedade e Agricultura no SIPA"},"content":{"rendered":"<p>Ao longo de mais de 25 anos, a Fazendinha vem propiciando a forma\u00e7\u00e3o de recursos humanos e o desenvolvimento de Disserta\u00e7\u00f5es e Teses dos Programas de P\u00f3s-Gradua\u00e7\u00e3o da UFRRJ com as institui\u00e7\u00f5es parceiras.<\/p>\n<p>Todas as teses e disserta\u00e7\u00f5es do Programa de P\u00f3s-Gradua\u00e7\u00e3o em Desenvolvimento, Sociedade e Agricultura desenvolvidas podem ser visualizadas no <a href=\"https:\/\/sigaa.ufrrj.br\/sigaa\/public\/programa\/defesas.jsf?lc=pt_BR&amp;id=7384\" target=\"_blank\" rel=\"noopener noreferrer\">Site do CPDA.<\/a><\/p>\n<p><img loading=\"lazy\" decoding=\"async\" class=\"aligncenter size-full wp-image-1820\" src=\"https:\/\/institucional.ufrrj.br\/fazendinha\/files\/2020\/04\/logo_cpda_2.png\" alt=\"\" width=\"197\" height=\"110\" \/><\/p>\n<p>Frade, Carmen Oliveira. <strong><a href=\"https:\/\/core.ac.uk\/download\/pdf\/19558016.pdf\" target=\"_blank\" rel=\"noopener noreferrer\">A constru\u00e7\u00e3o de um espa\u00e7o para pensar e praticar a Agroecologia na UFRRJ e seus arredores.<\/a><\/strong> 31\/05\/2000. Mestrado no Programa de P\u00f3s-Gradua\u00e7\u00e3o em Desenvolvimento, Sociedade e Agricultura. UNIVERSIDADE FEDERAL RURAL DO RIO DE JANEIRO, Serop\u00e9dica.<\/p>\n","protected":false},"excerpt":{"rendered":"<p>Ao longo de mais de 25 anos, a Fazendinha vem propiciando a forma\u00e7\u00e3o de recursos humanos e o desenvolvimento de <a class=\"read-more\" href=\"https:\/\/institucional.ufrrj.br\/fazendinha\/1821-2\/ \" >&#8230; <span class=\"font-italic\">leia mais <i class=\"fas fa-angle-right\"><\/i><\/span><\/a><\/p>\n","protected":false},"author":743,"featured_media":0,"parent":0,"menu_order":0,"comment_status":"closed","ping_status":"closed","template":"","meta":{"_acf_changed":false,"footnotes":""},"class_list":["post-1821","page","type-page","status-publish","hentry"],"yoast_head":"<!-- This site is optimized with the Yoast SEO plugin v27.2 - https:\/\/yoast.com\/product\/yoast-seo-wordpress\/ -->\n<title>Teses e Disserta\u00e7\u00f5es do Programa de P\u00f3s-Gradua\u00e7\u00e3o em Desenvolvimento, Sociedade e Agricultura no SIPA - Fazendinha<\/title>\n<meta name=\"robots\" content=\"index, follow, max-snippet:-1, max-image-preview:large, max-video-preview:-1\" \/>\n<link rel=\"canonical\" href=\"https:\/\/institucional.ufrrj.br\/fazendinha\/1821-2\/\" \/>\n<meta property=\"og:locale\" content=\"pt_BR\" \/>\n<meta property=\"og:type\" content=\"article\" \/>\n<meta property=\"og:title\" content=\"Teses e Disserta\u00e7\u00f5es do Programa de P\u00f3s-Gradua\u00e7\u00e3o em Desenvolvimento, Sociedade e Agricultura no SIPA - Fazendinha\" \/>\n<meta property=\"og:description\" content=\"Ao longo de mais de 25 anos, a Fazendinha vem propiciando a forma\u00e7\u00e3o de recursos humanos e o desenvolvimento de ... leia mais\" \/>\n<meta property=\"og:url\" content=\"https:\/\/institucional.ufrrj.br\/fazendinha\/1821-2\/\" \/>\n<meta property=\"og:site_name\" content=\"Fazendinha\" \/>\n<meta property=\"article:modified_time\" content=\"2020-04-17T18:11:54+00:00\" \/>\n<meta property=\"og:image\" content=\"http:\/\/institucional.ufrrj.br\/fazendinha\/files\/2020\/04\/logo_cpda_2.png\" \/>\n<meta name=\"twitter:card\" content=\"summary_large_image\" \/>\n<meta name=\"twitter:label1\" content=\"Est. tempo de leitura\" \/>\n\t<meta name=\"twitter:data1\" content=\"1 minuto\" \/>\n<script type=\"application\/ld+json\" class=\"yoast-schema-graph\">{\"@context\":\"https:\/\/schema.org\",\"@graph\":[{\"@type\":\"WebPage\",\"@id\":\"https:\/\/institucional.ufrrj.br\/fazendinha\/1821-2\/\",\"url\":\"https:\/\/institucional.ufrrj.br\/fazendinha\/1821-2\/\",\"name\":\"Teses e Disserta\u00e7\u00f5es do Programa de P\u00f3s-Gradua\u00e7\u00e3o em Desenvolvimento, Sociedade e Agricultura no SIPA - Fazendinha\",\"isPartOf\":{\"@id\":\"https:\/\/institucional.ufrrj.br\/fazendinha\/#website\"},\"primaryImageOfPage\":{\"@id\":\"https:\/\/institucional.ufrrj.br\/fazendinha\/1821-2\/#primaryimage\"},\"image\":{\"@id\":\"https:\/\/institucional.ufrrj.br\/fazendinha\/1821-2\/#primaryimage\"},\"thumbnailUrl\":\"http:\/\/institucional.ufrrj.br\/fazendinha\/files\/2020\/04\/logo_cpda_2.png\",\"datePublished\":\"2020-04-17T18:10:52+00:00\",\"dateModified\":\"2020-04-17T18:11:54+00:00\",\"breadcrumb\":{\"@id\":\"https:\/\/institucional.ufrrj.br\/fazendinha\/1821-2\/#breadcrumb\"},\"inLanguage\":\"pt-BR\",\"potentialAction\":[{\"@type\":\"ReadAction\",\"target\":[\"https:\/\/institucional.ufrrj.br\/fazendinha\/1821-2\/\"]}]},{\"@type\":\"ImageObject\",\"inLanguage\":\"pt-BR\",\"@id\":\"https:\/\/institucional.ufrrj.br\/fazendinha\/1821-2\/#primaryimage\",\"url\":\"http:\/\/institucional.ufrrj.br\/fazendinha\/files\/2020\/04\/logo_cpda_2.png\",\"contentUrl\":\"http:\/\/institucional.ufrrj.br\/fazendinha\/files\/2020\/04\/logo_cpda_2.png\"},{\"@type\":\"BreadcrumbList\",\"@id\":\"https:\/\/institucional.ufrrj.br\/fazendinha\/1821-2\/#breadcrumb\",\"itemListElement\":[{\"@type\":\"ListItem\",\"position\":1,\"name\":\"In\u00edcio\",\"item\":\"https:\/\/institucional.ufrrj.br\/fazendinha\/\"},{\"@type\":\"ListItem\",\"position\":2,\"name\":\"Teses e Disserta\u00e7\u00f5es do Programa de P\u00f3s-Gradua\u00e7\u00e3o em Desenvolvimento, Sociedade e Agricultura no SIPA\"}]},{\"@type\":\"WebSite\",\"@id\":\"https:\/\/institucional.ufrrj.br\/fazendinha\/#website\",\"url\":\"https:\/\/institucional.ufrrj.br\/fazendinha\/\",\"name\":\"Fazendinha\",\"description\":\"S\u00f3 mais um site institucional.ufrrj.br\",\"potentialAction\":[{\"@type\":\"SearchAction\",\"target\":{\"@type\":\"EntryPoint\",\"urlTemplate\":\"https:\/\/institucional.ufrrj.br\/fazendinha\/?s={search_term_string}\"},\"query-input\":{\"@type\":\"PropertyValueSpecification\",\"valueRequired\":true,\"valueName\":\"search_term_string\"}}],\"inLanguage\":\"pt-BR\"}]}<\/script>\n<!-- \/ Yoast SEO plugin. -->","yoast_head_json":{"title":"Teses e Disserta\u00e7\u00f5es do Programa de P\u00f3s-Gradua\u00e7\u00e3o em Desenvolvimento, Sociedade e Agricultura no SIPA - Fazendinha","robots":{"index":"index","follow":"follow","max-snippet":"max-snippet:-1","max-image-preview":"max-image-preview:large","max-video-preview":"max-video-preview:-1"},"canonical":"https:\/\/institucional.ufrrj.br\/fazendinha\/1821-2\/","og_locale":"pt_BR","og_type":"article","og_title":"Teses e Disserta\u00e7\u00f5es do Programa de P\u00f3s-Gradua\u00e7\u00e3o em Desenvolvimento, Sociedade e Agricultura no SIPA - Fazendinha","og_description":"Ao longo de mais de 25 anos, a Fazendinha vem propiciando a forma\u00e7\u00e3o de recursos humanos e o desenvolvimento de ... leia mais","og_url":"https:\/\/institucional.ufrrj.br\/fazendinha\/1821-2\/","og_site_name":"Fazendinha","article_modified_time":"2020-04-17T18:11:54+00:00","og_image":[{"url":"http:\/\/institucional.ufrrj.br\/fazendinha\/files\/2020\/04\/logo_cpda_2.png","type":"","width":"","height":""}],"twitter_card":"summary_large_image","twitter_misc":{"Est. tempo de leitura":"1 minuto"},"schema":{"@context":"https:\/\/schema.org","@graph":[{"@type":"WebPage","@id":"https:\/\/institucional.ufrrj.br\/fazendinha\/1821-2\/","url":"https:\/\/institucional.ufrrj.br\/fazendinha\/1821-2\/","name":"Teses e Disserta\u00e7\u00f5es do Programa de P\u00f3s-Gradua\u00e7\u00e3o em Desenvolvimento, Sociedade e Agricultura no SIPA - Fazendinha","isPartOf":{"@id":"https:\/\/institucional.ufrrj.br\/fazendinha\/#website"},"primaryImageOfPage":{"@id":"https:\/\/institucional.ufrrj.br\/fazendinha\/1821-2\/#primaryimage"},"image":{"@id":"https:\/\/institucional.ufrrj.br\/fazendinha\/1821-2\/#primaryimage"},"thumbnailUrl":"http:\/\/institucional.ufrrj.br\/fazendinha\/files\/2020\/04\/logo_cpda_2.png","datePublished":"2020-04-17T18:10:52+00:00","dateModified":"2020-04-17T18:11:54+00:00","breadcrumb":{"@id":"https:\/\/institucional.ufrrj.br\/fazendinha\/1821-2\/#breadcrumb"},"inLanguage":"pt-BR","potentialAction":[{"@type":"ReadAction","target":["https:\/\/institucional.ufrrj.br\/fazendinha\/1821-2\/"]}]},{"@type":"ImageObject","inLanguage":"pt-BR","@id":"https:\/\/institucional.ufrrj.br\/fazendinha\/1821-2\/#primaryimage","url":"http:\/\/institucional.ufrrj.br\/fazendinha\/files\/2020\/04\/logo_cpda_2.png","contentUrl":"http:\/\/institucional.ufrrj.br\/fazendinha\/files\/2020\/04\/logo_cpda_2.png"},{"@type":"BreadcrumbList","@id":"https:\/\/institucional.ufrrj.br\/fazendinha\/1821-2\/#breadcrumb","itemListElement":[{"@type":"ListItem","position":1,"name":"In\u00edcio","item":"https:\/\/institucional.ufrrj.br\/fazendinha\/"},{"@type":"ListItem","position":2,"name":"Teses e Disserta\u00e7\u00f5es do Programa de P\u00f3s-Gradua\u00e7\u00e3o em Desenvolvimento, Sociedade e Agricultura no SIPA"}]},{"@type":"WebSite","@id":"https:\/\/institucional.ufrrj.br\/fazendinha\/#website","url":"https:\/\/institucional.ufrrj.br\/fazendinha\/","name":"Fazendinha","description":"S\u00f3 mais um site institucional.ufrrj.br","potentialAction":[{"@type":"SearchAction","target":{"@type":"EntryPoint","urlTemplate":"https:\/\/institucional.ufrrj.br\/fazendinha\/?s={search_term_string}"},"query-input":{"@type":"PropertyValueSpecification","valueRequired":true,"valueName":"search_term_string"}}],"inLanguage":"pt-BR"}]}},"acf":[],"_links":{"self":[{"href":"https:\/\/institucional.ufrrj.br\/fazendinha\/wp-json\/wp\/v2\/pages\/1821","targetHints":{"allow":["GET"]}}],"collection":[{"href":"https:\/\/institucional.ufrrj.br\/fazendinha\/wp-json\/wp\/v2\/pages"}],"about":[{"href":"https:\/\/institucional.ufrrj.br\/fazendinha\/wp-json\/wp\/v2\/types\/page"}],"author":[{"embeddable":true,"href":"https:\/\/institucional.ufrrj.br\/fazendinha\/wp-json\/wp\/v2\/users\/743"}],"replies":[{"embeddable":true,"href":"https:\/\/institucional.ufrrj.br\/fazendinha\/wp-json\/wp\/v2\/comments?post=1821"}],"version-history":[{"count":2,"href":"https:\/\/institucional.ufrrj.br\/fazendinha\/wp-json\/wp\/v2\/pages\/1821\/revisions"}],"predecessor-version":[{"id":1823,"href":"https:\/\/institucional.ufrrj.br\/fazendinha\/wp-json\/wp\/v2\/pages\/1821\/revisions\/1823"}],"wp:attachment":[{"href":"https:\/\/institucional.ufrrj.br\/fazendinha\/wp-json\/wp\/v2\/media?parent=1821"}],"curies":[{"name":"wp","href":"https:\/\/api.w.org\/{rel}","templated":true}]}}