{"id":1773,"date":"2020-04-15T15:40:28","date_gmt":"2020-04-15T18:40:28","guid":{"rendered":"http:\/\/institucional.ufrrj.br\/fazendinha\/?page_id=1773"},"modified":"2023-08-14T11:56:49","modified_gmt":"2023-08-14T14:56:49","slug":"teses-e-dissertacoes-2","status":"publish","type":"page","link":"https:\/\/institucional.ufrrj.br\/fazendinha\/teses-e-dissertacoes-2\/","title":{"rendered":"Teses e Disserta\u00e7\u00f5es"},"content":{"rendered":"<p>Ao longo de mais de 25 anos, a Fazendinha vem propiciando a forma\u00e7\u00e3o de recursos humanos e o desenvolvimento de Disserta\u00e7\u00f5es e Teses dos Programas de P\u00f3s-Gradua\u00e7\u00e3o da UFRRJ com as institui\u00e7\u00f5es parceiras.<\/p>\n<p>Para visualiza\u00e7\u00e3o das Teses e Disserta\u00e7\u00f5es clique no \u00edcone do Programa de P\u00f3s-Gradua\u00e7\u00e3o.<\/p>\n<p><a href=\"https:\/\/institucional.ufrrj.br\/fazendinha\/teses-e-dissertacoes-do-programa-de-pos-graduacao-em-agricultura-organica-no-sipa\/\"><img loading=\"lazy\" decoding=\"async\" class=\"aligncenter wp-image-2030 size-medium\" src=\"https:\/\/institucional.ufrrj.br\/fazendinha\/files\/2019\/08\/logovertical-300x209.png\" alt=\"\" width=\"300\" height=\"209\" \/><\/a><\/p>\n<p><a href=\"https:\/\/institucional.ufrrj.br\/fazendinha\/?page_id=1761&amp;preview=true\" target=\"_blank\" rel=\"noopener noreferrer\"><img loading=\"lazy\" decoding=\"async\" class=\"size-medium wp-image-1775 aligncenter\" src=\"https:\/\/institucional.ufrrj.br\/fazendinha\/files\/2020\/04\/cropped-CABE\u00c7ALHO-300x66.jpg\" alt=\"\" width=\"300\" height=\"66\" srcset=\"https:\/\/institucional.ufrrj.br\/fazendinha\/files\/2020\/04\/cropped-CABE\u00c7ALHO-300x66.jpg 300w, https:\/\/institucional.ufrrj.br\/fazendinha\/files\/2020\/04\/cropped-CABE\u00c7ALHO.jpg 500w\" sizes=\"auto, (max-width: 300px) 100vw, 300px\" \/><\/a><\/p>\n<p>&nbsp;<\/p>\n<p><a href=\"https:\/\/institucional.ufrrj.br\/fazendinha\/?page_id=1771&amp;preview=true\" target=\"_blank\" rel=\"noopener noreferrer\"><img loading=\"lazy\" decoding=\"async\" class=\"aligncenter size-medium wp-image-1780\" src=\"https:\/\/institucional.ufrrj.br\/fazendinha\/files\/2020\/04\/Fitotecnia-300x66.jpg\" alt=\"\" width=\"300\" height=\"66\" srcset=\"https:\/\/institucional.ufrrj.br\/fazendinha\/files\/2020\/04\/Fitotecnia-300x66.jpg 300w, https:\/\/institucional.ufrrj.br\/fazendinha\/files\/2020\/04\/Fitotecnia-365x81.jpg 365w, https:\/\/institucional.ufrrj.br\/fazendinha\/files\/2020\/04\/Fitotecnia.jpg 366w\" sizes=\"auto, (max-width: 300px) 100vw, 300px\" \/><\/a><\/p>\n<p>&nbsp;<\/p>\n<p><a href=\"https:\/\/institucional.ufrrj.br\/fazendinha\/?page_id=1767&amp;preview=true\" target=\"_blank\" rel=\"noopener noreferrer\"><img loading=\"lazy\" decoding=\"async\" class=\"aligncenter size-medium wp-image-1776\" src=\"https:\/\/institucional.ufrrj.br\/fazendinha\/files\/2020\/04\/PPGCTA-300x88.jpg\" alt=\"\" width=\"300\" height=\"88\" srcset=\"https:\/\/institucional.ufrrj.br\/fazendinha\/files\/2020\/04\/PPGCTA-300x88.jpg 300w, https:\/\/institucional.ufrrj.br\/fazendinha\/files\/2020\/04\/PPGCTA-365x108.jpg 365w, https:\/\/institucional.ufrrj.br\/fazendinha\/files\/2020\/04\/PPGCTA.jpg 368w\" sizes=\"auto, (max-width: 300px) 100vw, 300px\" \/><\/a><\/p>\n<p>&nbsp;<\/p>\n<p><a href=\"https:\/\/institucional.ufrrj.br\/fazendinha\/?page_id=1763&amp;preview=true\" target=\"_blank\" rel=\"noopener noreferrer\"><img loading=\"lazy\" decoding=\"async\" class=\"aligncenter size-medium wp-image-1777\" src=\"https:\/\/institucional.ufrrj.br\/fazendinha\/files\/2020\/04\/PGEAAmB-300x97.jpg\" alt=\"\" width=\"300\" height=\"97\" srcset=\"https:\/\/institucional.ufrrj.br\/fazendinha\/files\/2020\/04\/PGEAAmB-300x97.jpg 300w, https:\/\/institucional.ufrrj.br\/fazendinha\/files\/2020\/04\/PGEAAmB.jpg 471w\" sizes=\"auto, (max-width: 300px) 100vw, 300px\" \/><\/a><\/p>\n<p>&nbsp;<\/p>\n<p><a href=\"https:\/\/institucional.ufrrj.br\/fazendinha\/teses-e-dissertacoes-do-mestrado-em-fitossanidade-e-biotecnologia-aplicada-no-sipa\/\" target=\"_blank\" rel=\"noopener noreferrer\"><img loading=\"lazy\" decoding=\"async\" class=\"aligncenter wp-image-1779\" src=\"https:\/\/institucional.ufrrj.br\/fazendinha\/files\/2020\/04\/PPFBA-300x33.jpg\" alt=\"\" width=\"582\" height=\"64\" srcset=\"https:\/\/institucional.ufrrj.br\/fazendinha\/files\/2020\/04\/PPFBA-300x33.jpg 300w, https:\/\/institucional.ufrrj.br\/fazendinha\/files\/2020\/04\/PPFBA.jpg 716w\" sizes=\"auto, (max-width: 582px) 100vw, 582px\" \/><\/a><\/p>\n<p><a href=\"https:\/\/institucional.ufrrj.br\/fazendinha\/1814-2\/\" target=\"_blank\" rel=\"noopener noreferrer\"><img loading=\"lazy\" decoding=\"async\" class=\"aligncenter size-medium wp-image-1815\" src=\"https:\/\/institucional.ufrrj.br\/fazendinha\/files\/2020\/04\/ppgctia-300x66.png\" alt=\"\" width=\"300\" height=\"66\" srcset=\"https:\/\/institucional.ufrrj.br\/fazendinha\/files\/2020\/04\/ppgctia-300x66.png 300w, https:\/\/institucional.ufrrj.br\/fazendinha\/files\/2020\/04\/ppgctia.png 500w\" sizes=\"auto, (max-width: 300px) 100vw, 300px\" \/><\/a><\/p>\n<p><a href=\"https:\/\/institucional.ufrrj.br\/fazendinha\/1821-2\/\" target=\"_blank\" rel=\"noopener noreferrer\"><img loading=\"lazy\" decoding=\"async\" class=\"aligncenter size-full wp-image-1820\" src=\"https:\/\/institucional.ufrrj.br\/fazendinha\/files\/2020\/04\/logo_cpda_2.png\" alt=\"\" width=\"197\" height=\"110\" \/><\/a><\/p>\n<p><a href=\"https:\/\/institucional.ufrrj.br\/fazendinha\/teses-e-dissertacoes-do-programa-de-pos-graduacao-em-educacao-agricola-no-sipa\/\" target=\"_blank\" rel=\"noopener noreferrer\"><img loading=\"lazy\" decoding=\"async\" class=\"aligncenter size-full wp-image-1825\" src=\"https:\/\/institucional.ufrrj.br\/fazendinha\/files\/2020\/04\/PPGEA.jpg\" alt=\"\" width=\"274\" height=\"75\" \/><\/a><\/p>\n<p>&nbsp;<\/p>\n<p><a href=\"https:\/\/institucional.ufrrj.br\/fazendinha\/teses-e-dissertacoes-do-programa-de-pos-graduacao-em-desenvolvimento-territorial-e-politicas-publicas-no-sipa\/\" target=\"_blank\" rel=\"noopener noreferrer\"><img loading=\"lazy\" decoding=\"async\" class=\"aligncenter wp-image-1829\" src=\"https:\/\/institucional.ufrrj.br\/fazendinha\/files\/2020\/04\/PPGDT-300x41.jpg\" alt=\"\" width=\"395\" height=\"54\" srcset=\"https:\/\/institucional.ufrrj.br\/fazendinha\/files\/2020\/04\/PPGDT-300x41.jpg 300w, https:\/\/institucional.ufrrj.br\/fazendinha\/files\/2020\/04\/PPGDT.jpg 587w\" sizes=\"auto, (max-width: 395px) 100vw, 395px\" \/><\/a><\/p>\n<p>&nbsp;<\/p>\n<p><a href=\"https:\/\/institucional.ufrrj.br\/fazendinha\/monografia-do-curso-de-engenharia-floretal-no-sipa\/\" target=\"_blank\" rel=\"noopener noreferrer\"><img loading=\"lazy\" decoding=\"async\" class=\"aligncenter size-full wp-image-1835\" src=\"https:\/\/institucional.ufrrj.br\/fazendinha\/files\/2020\/04\/Instituto-Floresta.jpg\" alt=\"\" width=\"194\" height=\"93\" \/><\/a><\/p>\n<p>Apoio:<\/p>\n<p><a href=\"https:\/\/www.periodicos.capes.gov.br\/\" target=\"_blank\" rel=\"noopener noreferrer\"><img loading=\"lazy\" decoding=\"async\" class=\"size-full wp-image-15 alignleft\" src=\"https:\/\/institucional.ufrrj.br\/fazendinha\/files\/2018\/09\/566372capes-1-1.jpg\" alt=\"\" width=\"136\" height=\"60\" \/><\/a><\/p>\n<p>&nbsp;<\/p>\n<p><a href=\"https:\/\/www.periodicos.capes.gov.br\/\" target=\"_blank\" rel=\"noopener noreferrer\">CAPES (Coordena\u00e7\u00e3o de Aperfei\u00e7oamento de Pessoal de N\u00edvel Superior).<\/a><\/p>\n<p>&nbsp;<\/p>\n<p><a href=\"http:\/\/www.faperj.br\/\" target=\"_blank\" rel=\"noopener noreferrer\"><img loading=\"lazy\" decoding=\"async\" class=\"size-full wp-image-11 alignleft\" src=\"https:\/\/institucional.ufrrj.br\/fazendinha\/files\/2018\/09\/faperj.jpg\" alt=\"\" width=\"136\" height=\"57\" \/><\/a><\/p>\n<p>&nbsp;<\/p>\n<p><a href=\"http:\/\/www.faperj.br\/\" target=\"_blank\" rel=\"noopener noreferrer\"><em>Funda\u00e7\u00e3o de Amparo \u00e0 Pesquisa do Estado do Rio de Janeiro<\/em>\u00a0\u2013\u00a0<em>FAPERJ<\/em>.<\/a><\/p>\n<p>&nbsp;<\/p>\n<p>&nbsp;<\/p>\n<p><a href=\"http:\/\/www.cnpq.br\/\" target=\"_blank\" rel=\"noopener noreferrer\"><img loading=\"lazy\" decoding=\"async\" class=\"size-full wp-image-10 alignleft\" src=\"https:\/\/institucional.ufrrj.br\/fazendinha\/files\/2018\/09\/cnpq2.png\" alt=\"\" width=\"120\" height=\"49\" \/><\/a><\/p>\n<p><a href=\"http:\/\/www.cnpq.br\/\" target=\"_blank\" rel=\"noopener noreferrer\">Conselho Nacional de Desenvolvimento Cient\u00edfico e Tecnol\u00f3gico.<\/a><\/p>\n","protected":false},"excerpt":{"rendered":"<p>Ao longo de mais de 25 anos, a Fazendinha vem propiciando a forma\u00e7\u00e3o de recursos humanos e o desenvolvimento de <a class=\"read-more\" href=\"https:\/\/institucional.ufrrj.br\/fazendinha\/teses-e-dissertacoes-2\/ \" >&#8230; <span class=\"font-italic\">leia mais <i class=\"fas fa-angle-right\"><\/i><\/span><\/a><\/p>\n","protected":false},"author":743,"featured_media":0,"parent":0,"menu_order":0,"comment_status":"closed","ping_status":"closed","template":"","meta":{"_acf_changed":false,"footnotes":""},"class_list":["post-1773","page","type-page","status-publish","hentry"],"yoast_head":"<!-- This site is optimized with the Yoast SEO plugin v27.2 - https:\/\/yoast.com\/product\/yoast-seo-wordpress\/ -->\n<title>Teses e Disserta\u00e7\u00f5es - Fazendinha<\/title>\n<meta name=\"robots\" content=\"index, follow, max-snippet:-1, max-image-preview:large, max-video-preview:-1\" \/>\n<link rel=\"canonical\" href=\"https:\/\/institucional.ufrrj.br\/fazendinha\/teses-e-dissertacoes-2\/\" \/>\n<meta property=\"og:locale\" content=\"pt_BR\" \/>\n<meta property=\"og:type\" content=\"article\" \/>\n<meta property=\"og:title\" content=\"Teses e Disserta\u00e7\u00f5es - Fazendinha\" \/>\n<meta property=\"og:description\" content=\"Ao longo de mais de 25 anos, a Fazendinha vem propiciando a forma\u00e7\u00e3o de recursos humanos e o desenvolvimento de ... leia mais\" \/>\n<meta property=\"og:url\" content=\"https:\/\/institucional.ufrrj.br\/fazendinha\/teses-e-dissertacoes-2\/\" \/>\n<meta property=\"og:site_name\" content=\"Fazendinha\" \/>\n<meta property=\"article:modified_time\" content=\"2023-08-14T14:56:49+00:00\" \/>\n<meta property=\"og:image\" content=\"https:\/\/institucional.ufrrj.br\/fazendinha\/files\/2019\/08\/logovertical-e1688566269251.png\" \/>\n\t<meta property=\"og:image:width\" content=\"160\" \/>\n\t<meta property=\"og:image:height\" content=\"111\" \/>\n\t<meta property=\"og:image:type\" content=\"image\/png\" \/>\n<meta name=\"twitter:card\" content=\"summary_large_image\" \/>\n<script type=\"application\/ld+json\" class=\"yoast-schema-graph\">{\"@context\":\"https:\/\/schema.org\",\"@graph\":[{\"@type\":\"WebPage\",\"@id\":\"https:\/\/institucional.ufrrj.br\/fazendinha\/teses-e-dissertacoes-2\/\",\"url\":\"https:\/\/institucional.ufrrj.br\/fazendinha\/teses-e-dissertacoes-2\/\",\"name\":\"Teses e Disserta\u00e7\u00f5es - Fazendinha\",\"isPartOf\":{\"@id\":\"https:\/\/institucional.ufrrj.br\/fazendinha\/#website\"},\"primaryImageOfPage\":{\"@id\":\"https:\/\/institucional.ufrrj.br\/fazendinha\/teses-e-dissertacoes-2\/#primaryimage\"},\"image\":{\"@id\":\"https:\/\/institucional.ufrrj.br\/fazendinha\/teses-e-dissertacoes-2\/#primaryimage\"},\"thumbnailUrl\":\"https:\/\/institucional.ufrrj.br\/fazendinha\/files\/2019\/08\/logovertical-300x209.png\",\"datePublished\":\"2020-04-15T18:40:28+00:00\",\"dateModified\":\"2023-08-14T14:56:49+00:00\",\"breadcrumb\":{\"@id\":\"https:\/\/institucional.ufrrj.br\/fazendinha\/teses-e-dissertacoes-2\/#breadcrumb\"},\"inLanguage\":\"pt-BR\",\"potentialAction\":[{\"@type\":\"ReadAction\",\"target\":[\"https:\/\/institucional.ufrrj.br\/fazendinha\/teses-e-dissertacoes-2\/\"]}]},{\"@type\":\"ImageObject\",\"inLanguage\":\"pt-BR\",\"@id\":\"https:\/\/institucional.ufrrj.br\/fazendinha\/teses-e-dissertacoes-2\/#primaryimage\",\"url\":\"https:\/\/institucional.ufrrj.br\/fazendinha\/files\/2019\/08\/logovertical-e1688566269251.png\",\"contentUrl\":\"https:\/\/institucional.ufrrj.br\/fazendinha\/files\/2019\/08\/logovertical-e1688566269251.png\",\"width\":160,\"height\":111},{\"@type\":\"BreadcrumbList\",\"@id\":\"https:\/\/institucional.ufrrj.br\/fazendinha\/teses-e-dissertacoes-2\/#breadcrumb\",\"itemListElement\":[{\"@type\":\"ListItem\",\"position\":1,\"name\":\"In\u00edcio\",\"item\":\"https:\/\/institucional.ufrrj.br\/fazendinha\/\"},{\"@type\":\"ListItem\",\"position\":2,\"name\":\"Teses e Disserta\u00e7\u00f5es\"}]},{\"@type\":\"WebSite\",\"@id\":\"https:\/\/institucional.ufrrj.br\/fazendinha\/#website\",\"url\":\"https:\/\/institucional.ufrrj.br\/fazendinha\/\",\"name\":\"Fazendinha\",\"description\":\"S\u00f3 mais um site institucional.ufrrj.br\",\"potentialAction\":[{\"@type\":\"SearchAction\",\"target\":{\"@type\":\"EntryPoint\",\"urlTemplate\":\"https:\/\/institucional.ufrrj.br\/fazendinha\/?s={search_term_string}\"},\"query-input\":{\"@type\":\"PropertyValueSpecification\",\"valueRequired\":true,\"valueName\":\"search_term_string\"}}],\"inLanguage\":\"pt-BR\"}]}<\/script>\n<!-- \/ Yoast SEO plugin. -->","yoast_head_json":{"title":"Teses e Disserta\u00e7\u00f5es - Fazendinha","robots":{"index":"index","follow":"follow","max-snippet":"max-snippet:-1","max-image-preview":"max-image-preview:large","max-video-preview":"max-video-preview:-1"},"canonical":"https:\/\/institucional.ufrrj.br\/fazendinha\/teses-e-dissertacoes-2\/","og_locale":"pt_BR","og_type":"article","og_title":"Teses e Disserta\u00e7\u00f5es - Fazendinha","og_description":"Ao longo de mais de 25 anos, a Fazendinha vem propiciando a forma\u00e7\u00e3o de recursos humanos e o desenvolvimento de ... leia mais","og_url":"https:\/\/institucional.ufrrj.br\/fazendinha\/teses-e-dissertacoes-2\/","og_site_name":"Fazendinha","article_modified_time":"2023-08-14T14:56:49+00:00","og_image":[{"width":160,"height":111,"url":"https:\/\/institucional.ufrrj.br\/fazendinha\/files\/2019\/08\/logovertical-e1688566269251.png","type":"image\/png"}],"twitter_card":"summary_large_image","schema":{"@context":"https:\/\/schema.org","@graph":[{"@type":"WebPage","@id":"https:\/\/institucional.ufrrj.br\/fazendinha\/teses-e-dissertacoes-2\/","url":"https:\/\/institucional.ufrrj.br\/fazendinha\/teses-e-dissertacoes-2\/","name":"Teses e Disserta\u00e7\u00f5es - Fazendinha","isPartOf":{"@id":"https:\/\/institucional.ufrrj.br\/fazendinha\/#website"},"primaryImageOfPage":{"@id":"https:\/\/institucional.ufrrj.br\/fazendinha\/teses-e-dissertacoes-2\/#primaryimage"},"image":{"@id":"https:\/\/institucional.ufrrj.br\/fazendinha\/teses-e-dissertacoes-2\/#primaryimage"},"thumbnailUrl":"https:\/\/institucional.ufrrj.br\/fazendinha\/files\/2019\/08\/logovertical-300x209.png","datePublished":"2020-04-15T18:40:28+00:00","dateModified":"2023-08-14T14:56:49+00:00","breadcrumb":{"@id":"https:\/\/institucional.ufrrj.br\/fazendinha\/teses-e-dissertacoes-2\/#breadcrumb"},"inLanguage":"pt-BR","potentialAction":[{"@type":"ReadAction","target":["https:\/\/institucional.ufrrj.br\/fazendinha\/teses-e-dissertacoes-2\/"]}]},{"@type":"ImageObject","inLanguage":"pt-BR","@id":"https:\/\/institucional.ufrrj.br\/fazendinha\/teses-e-dissertacoes-2\/#primaryimage","url":"https:\/\/institucional.ufrrj.br\/fazendinha\/files\/2019\/08\/logovertical-e1688566269251.png","contentUrl":"https:\/\/institucional.ufrrj.br\/fazendinha\/files\/2019\/08\/logovertical-e1688566269251.png","width":160,"height":111},{"@type":"BreadcrumbList","@id":"https:\/\/institucional.ufrrj.br\/fazendinha\/teses-e-dissertacoes-2\/#breadcrumb","itemListElement":[{"@type":"ListItem","position":1,"name":"In\u00edcio","item":"https:\/\/institucional.ufrrj.br\/fazendinha\/"},{"@type":"ListItem","position":2,"name":"Teses e Disserta\u00e7\u00f5es"}]},{"@type":"WebSite","@id":"https:\/\/institucional.ufrrj.br\/fazendinha\/#website","url":"https:\/\/institucional.ufrrj.br\/fazendinha\/","name":"Fazendinha","description":"S\u00f3 mais um site institucional.ufrrj.br","potentialAction":[{"@type":"SearchAction","target":{"@type":"EntryPoint","urlTemplate":"https:\/\/institucional.ufrrj.br\/fazendinha\/?s={search_term_string}"},"query-input":{"@type":"PropertyValueSpecification","valueRequired":true,"valueName":"search_term_string"}}],"inLanguage":"pt-BR"}]}},"acf":[],"_links":{"self":[{"href":"https:\/\/institucional.ufrrj.br\/fazendinha\/wp-json\/wp\/v2\/pages\/1773","targetHints":{"allow":["GET"]}}],"collection":[{"href":"https:\/\/institucional.ufrrj.br\/fazendinha\/wp-json\/wp\/v2\/pages"}],"about":[{"href":"https:\/\/institucional.ufrrj.br\/fazendinha\/wp-json\/wp\/v2\/types\/page"}],"author":[{"embeddable":true,"href":"https:\/\/institucional.ufrrj.br\/fazendinha\/wp-json\/wp\/v2\/users\/743"}],"replies":[{"embeddable":true,"href":"https:\/\/institucional.ufrrj.br\/fazendinha\/wp-json\/wp\/v2\/comments?post=1773"}],"version-history":[{"count":13,"href":"https:\/\/institucional.ufrrj.br\/fazendinha\/wp-json\/wp\/v2\/pages\/1773\/revisions"}],"predecessor-version":[{"id":2046,"href":"https:\/\/institucional.ufrrj.br\/fazendinha\/wp-json\/wp\/v2\/pages\/1773\/revisions\/2046"}],"wp:attachment":[{"href":"https:\/\/institucional.ufrrj.br\/fazendinha\/wp-json\/wp\/v2\/media?parent=1773"}],"curies":[{"name":"wp","href":"https:\/\/api.w.org\/{rel}","templated":true}]}}