{"id":1771,"date":"2020-04-15T15:44:15","date_gmt":"2020-04-15T18:44:15","guid":{"rendered":"http:\/\/institucional.ufrrj.br\/fazendinha\/?page_id=1771"},"modified":"2020-04-17T14:10:05","modified_gmt":"2020-04-17T17:10:05","slug":"teses-e-dissertacoes-do-programa-de-pos-graduacao-em-fitotecnia-no-sipa","status":"publish","type":"page","link":"https:\/\/institucional.ufrrj.br\/fazendinha\/teses-e-dissertacoes-do-programa-de-pos-graduacao-em-fitotecnia-no-sipa\/","title":{"rendered":"Teses e Disserta\u00e7\u00f5es do Programa de P\u00f3s-Gradua\u00e7\u00e3o em Fitotecnia no SIPA"},"content":{"rendered":"<p>Ao longo de mais de 25 anos, a Fazendinha vem propiciando a forma\u00e7\u00e3o de recursos humanos e o desenvolvimento de Disserta\u00e7\u00f5es e Teses dos Programas de P\u00f3s-Gradua\u00e7\u00e3o da UFRRJ com as institui\u00e7\u00f5es parceiras.<\/p>\n<p>Todas as teses e disserta\u00e7\u00f5es do Programa de P\u00f3s-Gradua\u00e7\u00e3o em Fitotecnia desenvolvidas podem ser visualizadas no <a href=\"http:\/\/cursos.ufrrj.br\/posgraduacao\/ppgf\/\" target=\"_blank\" rel=\"noopener noreferrer\">Site do Programa de P\u00f3s-Gradua\u00e7\u00e3o em Fitotecnia.<\/a><\/p>\n<p><img loading=\"lazy\" decoding=\"async\" class=\"aligncenter size-medium wp-image-1780\" src=\"https:\/\/institucional.ufrrj.br\/fazendinha\/files\/2020\/04\/Fitotecnia-300x66.jpg\" alt=\"\" width=\"300\" height=\"66\" srcset=\"https:\/\/institucional.ufrrj.br\/fazendinha\/files\/2020\/04\/Fitotecnia-300x66.jpg 300w, https:\/\/institucional.ufrrj.br\/fazendinha\/files\/2020\/04\/Fitotecnia-365x81.jpg 365w, https:\/\/institucional.ufrrj.br\/fazendinha\/files\/2020\/04\/Fitotecnia.jpg 366w\" sizes=\"auto, (max-width: 300px) 100vw, 300px\" \/><\/p>\n<p>CRUVINEL, F\u00e1bio Ferreira.\u00a0<a href=\"https:\/\/tede.ufrrj.br\/jspui\/handle\/jspui\/2202\" target=\"_blank\" rel=\"noopener noreferrer\"><strong>Estudos do uso da citocinina BAP e do gongocomposto na estaquia da Pitaieira (Hylocereus undatus).<\/strong><\/a> 21\/02\/2017. Programa de P\u00f3s-Gradua\u00e7\u00e3o em Fitotecnia. UNIVERSIDADE FEDERAL RURAL DO RIO DE JANEIRO, Serop\u00e9dica.<\/p>\n<p>FORTUNA, GABRIEL C\u00c1SSIA.\u00a0<a href=\"https:\/\/tede.ufrrj.br\/jspui\/handle\/jspui\/2226\" target=\"_blank\" rel=\"noopener noreferrer\"><strong>Custos monet\u00e1rios do quiabeiro org\u00e2nico em fun\u00e7\u00e3o de l\u00e2minas de irriga\u00e7\u00e3o automatizada, \u00e9pocas de cultivo e bombeamento solar fotovoltaico.<\/strong><\/a> 21\/02\/2017. Programa de P\u00f3s-Gradua\u00e7\u00e3o em Fitotecnia. UNIVERSIDADE FEDERAL RURAL DO RIO DE JANEIRO, Serop\u00e9dica.<\/p>\n<p>VALENCA, LOUISE SIMOES PINHO DE.\u00a0<strong>Produ\u00e7\u00e3o de tomate italiano org\u00e2nico sob doses crescentes de termofosfato e torta de mamona.<\/strong>\u2018 11\/10\/2017 35 f. Mestrado em FITOTECNIA Institui\u00e7\u00e3o de Ensino: UNIVERSIDADE FEDERAL RURAL DO RIO DE JANEIRO, Serop\u00e9dica.<\/p>\n<p>PINTO, Tatiana de Oliveira.\u00a0<a href=\"https:\/\/tede.ufrrj.br\/jspui\/handle\/jspui\/1525\" target=\"_blank\" rel=\"noopener noreferrer\"><strong>Potencialidades do vermicomposto, de seu res\u00edduo s\u00f3lido (da extra\u00e7\u00e3o de subst\u00e2ncias h\u00famicas), do biochar e de humina para o uso na remedia\u00e7\u00e3o de solo contaminado com c\u00e1dmio.<\/strong>\u00a0<\/a>29\/02\/2016. UNIVERSIDADE FEDERAL RURAL DO RIO DE JANEIRO, Serop\u00e9dica.<\/p>\n<p>MELLO, GABRIEL ALVES BOTELHO DE.\u00a0<a href=\"https:\/\/tede.ufrrj.br\/jspui\/handle\/jspui\/1519\" target=\"_blank\" rel=\"noopener noreferrer\"><strong>Cultivo org\u00e2nico da cebola, submetido \u00e0 aduba\u00e7\u00e3o org\u00e2nica e l\u00e2minas de irriga\u00e7\u00e3o aplicadas automaticamente<\/strong><\/a>\u2018 29\/09\/2015 53 f. Mestrado em FITOTECNIA Institui\u00e7\u00e3o de Ensino: UNIVERSIDADE FEDERAL RURAL DO RIO DE JANEIRO, Serop\u00e9dica.<\/p>\n<p>LANA, LEANDRO DE OLIVEIRA.\u00a0<strong>Produ\u00e7\u00e3o de minimilho org\u00e2nico em plantio consorciado com feij\u00e3o-de-porco, concomitantemente \u00e0 produ\u00e7\u00e3o de biomassa para aduba\u00e7\u00e3o verde<\/strong>.\u2019 25\/03\/2014 500 f. Mestrado em FITOTECNIA Institui\u00e7\u00e3o de Ensino: UNIVERSIDADE FEDERAL RURAL DO RIO DE JANEIRO, Serop\u00e9dica.<\/p>\n<p>Silva, Mara Alexandre da. <strong><a class=\"author\" href=\"https:\/\/tede.ufrrj.br\/jspui\/browse?type=author&amp;value=Silva%2C+Mara+Alexandre+da\">Influ\u00eancia da densidade de semeadura do feijoeiro comum na incid\u00eancia de plantas espont\u00e2neas em sistema org\u00e2nico de produ\u00e7\u00e3o. <\/a><\/strong>2014. Mestrado em FITOTECNIA Institui\u00e7\u00e3o de Ensino: UNIVERSIDADE FEDERAL RURAL DO RIO DE JANEIRO, Serop\u00e9dica.<\/p>\n<p>GONCALVES, FABIOLA VIEIRA.\u00a0<a href=\"https:\/\/tede.ufrrj.br\/jspui\/handle\/jspui\/2530\" target=\"_blank\" rel=\"noopener noreferrer\"><strong>Manejo da irriga\u00e7\u00e3o com Irrig\u00e1s\u00ae, tanque Classe A e um sistema autom\u00e1tico de baixo custo no cultivo org\u00e2nico de alface<\/strong><\/a>.\u2019 19\/02\/2013 58 f. Mestrado em FITOTECNIA Institui\u00e7\u00e3o de Ensino: UNIVERSIDADE FEDERAL RURAL DO RIO DE JANEIRO, Serop\u00e9dica.<\/p>\n<p>JUNIOR, MURILO GONCALVES.\u00a0<a href=\"https:\/\/tede.ufrrj.br\/jspui\/handle\/jspui\/1997\" target=\"_blank\" rel=\"noopener noreferrer\"><strong>Avalia\u00e7\u00e3o agron\u00f4mica de leguminosas arbustivas utilizadas para aduba\u00e7\u00e3o verde nas condi\u00e7\u00f5es da baixada fluminense<\/strong><\/a>\u2018 24\/07\/2013 80 f. Mestrado em FITOTECNIA Institui\u00e7\u00e3o de Ensino: UNIVERSIDADE FEDERAL RURAL DO RIO DE JANEIRO, Serop\u00e9dica.<\/p>\n<p>LIXA, ALICE TEODORIO.\u00a0<a href=\"https:\/\/tede.ufrrj.br\/jspui\/handle\/jspui\/2474\" target=\"_blank\" rel=\"noopener noreferrer\"><strong>Bioecologia de Joaninhas Predadoras em Sistema Org\u00e2nico Diversificado e Efeitos de Defensivos Alternativos sobre Coleomegilla maculata (Coleoptera: Coccinellidae) em Laborat\u00f3rio<\/strong><\/a>\u2018 22\/02\/2013 96 f. Doutorado em FITOTECNIA Institui\u00e7\u00e3o de Ensino: UNIVERSIDADE FEDERAL RURAL DO RIO DE JANEIRO, Serop\u00e9dica.<\/p>\n<p>NETO, DIONIZIO HONORIO DE OLIVEIRA.\u00a0<strong>Otimiza\u00e7\u00e3o do uso da \u00e1gua e produtividade da cenouta (Daucus carota) sob coberturas mortas no solo, em sistema agroecol\u00f3gico de produ\u00e7\u00e3o<\/strong>\u2018 16\/10\/2013 76 f. Doutorado em FITOTECNIA Institui\u00e7\u00e3o de Ensino: UNIVERSIDADE FEDERAL RURAL DO RIO DE JANEIRO, Serop\u00e9dica.<\/p>\n<p>SALMI, ALEXANDRE PORTO.\u00a0<a href=\"https:\/\/tede.ufrrj.br\/jspui\/handle\/jspui\/1600\" target=\"_blank\" rel=\"noopener noreferrer\"><strong>Utiliza\u00e7\u00e3o de Flemingia macrophylla como adubo verde na produ\u00e7\u00e3o org\u00e2nica de hortali\u00e7as em sistema de al\u00e9ias<\/strong><\/a>\u2018 01\/08\/2012 86 f. Doutorado em FITOTECNIA Institui\u00e7\u00e3o de Ensino: UNIVERSIDADE FEDERAL RURAL DO RIO DE JANEIRO, Serop\u00e9dica.<\/p>\n<p>OLIVEIRA, EVA ADRIANA GON\u00c7ALVES DE.\u00a0<a href=\"http:\/\/cursos.ufrrj.br\/posgraduacao\/ppgf\/files\/2013\/08\/Disserta%C3%A7%C3%A3o-PPGF-Eva-Adriana-Gon%C3%A7alves-de-Oliveira.pdf\" target=\"_blank\" rel=\"noopener noreferrer\"><strong>Desenvolvimento de substratos org\u00e2nicos, com base na vermicompostagem, para produ\u00e7\u00e3o de mudas de hortali\u00e7as em cultivo protegido<\/strong><\/a>\u2018 01\/02\/2011 65 f. Mestrado em FITOTECNIA Institui\u00e7\u00e3o de Ensino: UNIVERSIDADE FEDERAL RURAL DO RIO DE JANEIRO, Serop\u00e9dica.<\/p>\n<p>SILVA, EDMILSON EVANGELISTA DA.<a href=\"http:\/\/cursos.ufrrj.br\/posgraduacao\/ppgf\/files\/2013\/08\/Tese-PPGF-Edmilson-Evangelista-da-Silva.pdf\" target=\"_blank\" rel=\"noopener noreferrer\">\u00a0<strong>Cultivo org\u00e2nico de Taro e impacto do manejo fitot\u00e9cnico na qualidade do solo na regi\u00e3o de Paty do Alferes<\/strong><\/a>\u2018 01\/03\/2010 121 f. Doutorado em FITOTECNIA Institui\u00e7\u00e3o de Ensino: UNIVERSIDADE FEDERAL RURAL DO RIO DE JANEIRO, Serop\u00e9dica.<\/p>\n<p>RODRIGUES, JOS\u00c9 RICARDO.\u00a0<a href=\"https:\/\/tede.ufrrj.br\/jspui\/handle\/jspui\/1147\" target=\"_blank\" rel=\"noopener noreferrer\"><strong>Cultivo org\u00e2nico da batata inglesa (Solanum tuberosum, L.) na Regi\u00e3o Metropolitana do Estado do Rio de Janeiro<\/strong><\/a>\u2018 01\/03\/2009 80 f. Doutorado em FITOTECNIA Institui\u00e7\u00e3o de Ensino: UNIVERSIDADE FEDERAL RURAL DO RIO DE JANEIRO, Serop\u00e9dica.<\/p>\n<p>GUEDES, REJANE ESCRIVANI.\u00a0<a href=\"https:\/\/tede.ufrrj.br\/jspui\/handle\/tede\/553\" target=\"_blank\" rel=\"noopener noreferrer\"><strong>Bases para o cultivo org\u00e2nico de feij\u00e3o-caupi [Vigna unguiculata L. (Walp.)] no estado do Rio de Janeiro<\/strong><\/a>\u2018 01\/03\/2008 75 f. Doutorado em FITOTECNIA Institui\u00e7\u00e3o de Ensino: UNIVERSIDADE FEDERAL RURAL DO RIO DE JANEIRO, Serop\u00e9dica.<\/p>\n<p>DIAS, J.E.\u00a0<a href=\"https:\/\/tede.ufrrj.br\/jspui\/handle\/tede\/549\" target=\"_blank\" rel=\"noopener noreferrer\"><strong>Monitoramento do uso da terra e dos n\u00edveis de nutrientes do solo no Sistema Integrado de Produ\u00e7\u00e3o Agroecol\u00f3gica utilizando geoprocessamento<\/strong><\/a><strong>\u2018\u00a0<\/strong>01\/05\/2007 89 f. Doutorado em FITOTECNIA Institui\u00e7\u00e3o de Ensino: UNIVERSIDADE FEDERAL RURAL DO RIO DE JANEIRO, Serop\u00e9dica.<\/p>\n<p>LIMA, M\u00c1RCIO EMANOEL DE.\u00a0<a href=\"http:\/\/www.ufrrj.br\/institutos\/it\/deng\/daniel\/Downloads\/Material\/Teses%20Orientadas\/Dissertacao%20Marcio.pdf\" target=\"_blank\" rel=\"noopener noreferrer\"><strong>Avalia\u00e7\u00e3o do desempenho da cultura da alface (Lactuca sativa) cultivada em sistema org\u00e2nico de produ\u00e7\u00e3o, sob diferentes l\u00e2minas de irriga\u00e7\u00e3o e coberturas do solo<\/strong><\/a>\u2018 01\/02\/2007 77 f. Mestrado em FITOTECNIA Institui\u00e7\u00e3o de Ensino: UNIVERSIDADE FEDERAL RURAL DO RIO DE JANEIRO, Serop\u00e9dica.<\/p>\n<p>MARTELLETO, LUIZ AUR\u00c9LIO PERES.\u00a0<a href=\"https:\/\/tede.ufrrj.br\/jspui\/handle\/tede\/548\" target=\"_blank\" rel=\"noopener noreferrer\"><strong>Desenvolvimento do ciclo e desempenho agron\u00f4mico do mamoeiro sob cultivo org\u00e2nico em ambiente protegido<\/strong><\/a>\u2018 01\/01\/2007 192 f. Doutorado em FITOTECNIA Institui\u00e7\u00e3o de Ensino: UNIVERSIDADE FEDERAL RURAL DO RIO DE JANEIRO, Serop\u00e9dica.<\/p>\n<p>DEVIDE, A.C.P.<a href=\"https:\/\/tede.ufrrj.br\/jspui\/handle\/tede\/505\" target=\"_blank\" rel=\"noopener noreferrer\"><strong>\u00a0Sistema org\u00e2nico de produ\u00e7\u00e3o de mandioca consorciada com milho e caupi<\/strong><\/a>.\u2019 01\/04\/2006 85 f. Mestrado em FITOTECNIA Institui\u00e7\u00e3o de Ensino: UNIVERSIDADE FEDERAL RURAL DO RIO DE JANEIRO, Serop\u00e9dica.<\/p>\n<p>FERREIRA, E.P.B.\u00a0<a href=\"https:\/\/tede.ufrrj.br\/jspui\/handle\/tede\/541\" target=\"_blank\" rel=\"noopener noreferrer\"><strong>Avalia\u00e7\u00e3o dos perfis de rDNA de comunidades bacterianas do solo associadas a plantas cultivadas em diferentes condi\u00e7\u00f5es de manejo<\/strong><\/a>.\u2019 01\/02\/2006 81 f. Doutorado em FITOTECNIA Institui\u00e7\u00e3o de Ensino: UNIVERSIDADE FEDERAL RURAL DO RIO DE JANEIRO, Serop\u00e9dica.<\/p>\n<p>PEREIRA, JO\u00c3O BATISTA ALVES.\u00a0<a href=\"http:\/\/www.ufrrj.br\/institutos\/it\/deng\/daniel\/Downloads\/Material\/Teses%20Orientadas\/TESE%20Joao%20Batista.pdf\" target=\"_blank\" rel=\"noopener noreferrer\"><strong>Avalia\u00e7\u00e3o do crescimento, necessidade h\u00eddrica e efici\u00eancia no uso da \u00e1gua pela cultura do piment\u00e3o (Capsicum annuum. L), sob manejo org\u00e2nico nos sistemas de plantio com preparo do solo e direto \u2013 Serop\u00e9dica, RJ.<\/strong><\/a>\u2018 01\/02\/2006 108 f. Mestrado em FITOTECNIA Institui\u00e7\u00e3o de Ensino: UNIVERSIDADE FEDERAL RURAL DO RIO DE JANEIRO, Serop\u00e9dica.<\/p>\n<p>ROCHA, RICARDO EIRAS MOREIRA Da.\u00a0<strong>Uso de Sistema Geogr\u00e1fico de Informa\u00e7\u00e3o para Monitoramento e Avalia\u00e7\u00e3o da Fertilidade do Solo no Sistema Integrado de Produ\u00e7\u00e3o Agroecol\u00f3gia (SIPA)<\/strong>\u2018 01\/02\/2004 222 f. Doutorado em FITOTECNIA Institui\u00e7\u00e3o de Ensino: UNIVERSIDADE FEDERAL RURAL DO RIO DE JANEIRO, Serop\u00e9dica.<\/p>\n<p>PAULA, PATR\u00cdCIA DINIZ DE.\u00a0<a href=\"http:\/\/www.pesagro.rj.gov.br\/vol2n1r05.html\" target=\"_blank\" rel=\"noopener noreferrer\"><strong>Desempenho de cultivares de cebola (Allium cepa L.) sob o manejo org\u00e2nico no Estado do Rio de Janeiro<\/strong>.<\/a>\u2018 01\/02\/2003 59 f. Mestrado em FITOTECNIA Institui\u00e7\u00e3o de Ensino: UNIVERSIDADE FEDERAL RURAL DO RIO DE JANEIRO, Serop\u00e9dica.<\/p>\n<p>FONSECA, MONICA CRISTINA CARDOSO DA.\u00a0<strong>Diversidade de Pseudomonas ssp. fluorescentes no Sistema Integrado de Produ\u00e7\u00e3o Agroecol\u00f3gica (SIPA), Serop\u00e9dica-RJ<\/strong>.\u2019 01\/04\/2003 98 f. Doutorado em FITOTECNIA Institui\u00e7\u00e3o de Ensino: UNIVERSIDADE FEDERAL RURAL DO RIO DE JANEIRO, Serop\u00e9dica.<\/p>\n<p>GUEDES, REJANE ESCRIVANI.\u00a0<a href=\"http:\/\/www.infoteca.cnptia.embrapa.br\/infoteca\/handle\/doc\/629578\" target=\"_blank\" rel=\"noopener noreferrer\"><strong>Manejo org\u00e2nico de cultivares arbustivas de feij\u00e3o-de-vagem no Estado do Rio de Janeiro<\/strong>.<\/a>\u2018 01\/02\/2003 79 f. Mestrado em FITOTECNIA Institui\u00e7\u00e3o de Ensino: UNIVERSIDADE FEDERAL RURAL DO RIO DE JANEIRO, Serop\u00e9dica.<\/p>\n<p>SOUZA, JOS\u00c9 PAULO DE.\u00a0<strong>Estudo das intera\u00e7\u00f5es interespec\u00edficas em cons\u00f3rcios de oler\u00edcolas, sob sistema org\u00e2nico.<\/strong>\u2018 01\/08\/2003 137 f. Doutorado em FITOTECNIA Institui\u00e7\u00e3o de Ensino: UNIVERSIDADE FEDERAL RURAL DO RIO DE JANEIRO, Serop\u00e9dica.<\/p>\n<p>SILVA, VIN\u00cdCIUS VIT\u00d3I.\u00a0<a href=\"https:\/\/tede.ufrrj.br\/jspui\/handle\/tede\/527\" target=\"_blank\" rel=\"noopener noreferrer\"><strong>Efeito do pr\u00e9-cultivo de adubos verdes na produ\u00e7\u00e3o org\u00e2nica de br\u00f3colos (Brassica oleracea L. var. italica) em sistema de plantio direto<\/strong><\/a>.\u2019 01\/03\/2002 54 f. Mestrado em FITOTECNIA Institui\u00e7\u00e3o de Ensino: UNIVERSIDADE FEDERAL RURAL DO RIO DE JANEIRO, Serop\u00e9dica.<\/p>\n<p>OLIVEIRA, FABIO LUIZ DE.\u00a0<strong><a href=\"http:\/\/orgprints.org\/24882\/1\/Oliveira_Manejo.pdf\" target=\"_blank\" rel=\"noopener noreferrer\">Bases para o manejo org\u00e2nico da cultura do repolho (Brassica oleracea var. capitata, cv. Asturs) na baixada metropolitana do estado do Rio de Janeiro<\/a>.<\/strong>\u2018 01\/02\/2001 87 f. Mestrado em FITOTECNIA Institui\u00e7\u00e3o de Ensino: UNIVERSIDADE FEDERAL RURAL DO RIO DE JANEIRO, Serop\u00e9dica.<\/p>\n<p>FRANCH, CRISTINA MARIA DE CASTRO.\u00a0<strong>Sistema org\u00e2nico para produ\u00e7\u00e3o de beterraba (Beta vulgaris L.)<\/strong>.\u2019 01\/12\/1999 106 f. Mestrado em FITOTECNIA Institui\u00e7\u00e3o de Ensino: UNIVERSIDADE FEDERAL RURAL DO RIO DE JANEIRO, Serop\u00e9dica.<\/p>\n<p>SUDO, AILENA. <strong>Viabilidade agron\u00f4mica de cons\u00f3rcios de oler\u00edcolas sob manejo org\u00e2nico<\/strong>\u2018 01\/10\/1998 100 f. Mestrado em FITOTECNIA Institui\u00e7\u00e3o de Ensino: UNIVERSIDADE FEDERAL RURAL DO RIO DE JANEIRO, Serop\u00e9dica.<\/p>\n<p>&nbsp;<\/p>\n<p>Apoio:<\/p>\n<p><a href=\"https:\/\/www.periodicos.capes.gov.br\/\" target=\"_blank\" rel=\"noopener noreferrer\"><img loading=\"lazy\" decoding=\"async\" class=\"size-full wp-image-15 alignleft\" src=\"https:\/\/institucional.ufrrj.br\/fazendinha\/files\/2018\/09\/566372capes-1-1.jpg\" alt=\"\" width=\"136\" height=\"60\" \/><\/a><\/p>\n<p>&nbsp;<\/p>\n<p><a href=\"https:\/\/www.periodicos.capes.gov.br\/\" target=\"_blank\" rel=\"noopener noreferrer\">CAPES (Coordena\u00e7\u00e3o de Aperfei\u00e7oamento de Pessoal de N\u00edvel Superior).<\/a><\/p>\n<p>&nbsp;<\/p>\n<p><a href=\"http:\/\/www.faperj.br\/\" target=\"_blank\" rel=\"noopener noreferrer\"><img loading=\"lazy\" decoding=\"async\" class=\"size-full wp-image-11 alignleft\" src=\"https:\/\/institucional.ufrrj.br\/fazendinha\/files\/2018\/09\/faperj.jpg\" alt=\"\" width=\"136\" height=\"57\" \/><\/a><\/p>\n<p>&nbsp;<\/p>\n<p><a href=\"http:\/\/www.faperj.br\/\" target=\"_blank\" rel=\"noopener noreferrer\"><em>Funda\u00e7\u00e3o de Amparo \u00e0 Pesquisa do Estado do Rio de Janeiro<\/em>\u00a0\u2013\u00a0<em>FAPERJ<\/em>.<\/a><\/p>\n<p>&nbsp;<\/p>\n<p>&nbsp;<\/p>\n<p><a href=\"http:\/\/www.cnpq.br\/\" target=\"_blank\" rel=\"noopener noreferrer\"><img loading=\"lazy\" decoding=\"async\" class=\"size-full wp-image-10 alignleft\" src=\"https:\/\/institucional.ufrrj.br\/fazendinha\/files\/2018\/09\/cnpq2.png\" alt=\"\" width=\"120\" height=\"49\" \/><\/a><\/p>\n<p><a href=\"http:\/\/www.cnpq.br\/\" target=\"_blank\" rel=\"noopener noreferrer\">Conselho Nacional de Desenvolvimento Cient\u00edfico e Tecnol\u00f3gico.<\/a><\/p>\n","protected":false},"excerpt":{"rendered":"<p>Ao longo de mais de 25 anos, a Fazendinha vem propiciando a forma\u00e7\u00e3o de recursos humanos e o desenvolvimento de <a class=\"read-more\" href=\"https:\/\/institucional.ufrrj.br\/fazendinha\/teses-e-dissertacoes-do-programa-de-pos-graduacao-em-fitotecnia-no-sipa\/ \" >&#8230; <span class=\"font-italic\">leia mais <i class=\"fas fa-angle-right\"><\/i><\/span><\/a><\/p>\n","protected":false},"author":743,"featured_media":0,"parent":0,"menu_order":0,"comment_status":"closed","ping_status":"closed","template":"","meta":{"_acf_changed":false,"footnotes":""},"class_list":["post-1771","page","type-page","status-publish","hentry"],"yoast_head":"<!-- This site is optimized with the Yoast SEO plugin v27.2 - https:\/\/yoast.com\/product\/yoast-seo-wordpress\/ -->\n<title>Teses e Disserta\u00e7\u00f5es do Programa de P\u00f3s-Gradua\u00e7\u00e3o em Fitotecnia no SIPA - Fazendinha<\/title>\n<meta name=\"robots\" content=\"index, follow, max-snippet:-1, max-image-preview:large, max-video-preview:-1\" \/>\n<link rel=\"canonical\" href=\"https:\/\/institucional.ufrrj.br\/fazendinha\/teses-e-dissertacoes-do-programa-de-pos-graduacao-em-fitotecnia-no-sipa\/\" \/>\n<meta property=\"og:locale\" content=\"pt_BR\" \/>\n<meta property=\"og:type\" content=\"article\" \/>\n<meta property=\"og:title\" content=\"Teses e Disserta\u00e7\u00f5es do Programa de P\u00f3s-Gradua\u00e7\u00e3o em Fitotecnia no SIPA - Fazendinha\" \/>\n<meta property=\"og:description\" content=\"Ao longo de mais de 25 anos, a Fazendinha vem propiciando a forma\u00e7\u00e3o de recursos humanos e o desenvolvimento de ... leia mais\" \/>\n<meta property=\"og:url\" content=\"https:\/\/institucional.ufrrj.br\/fazendinha\/teses-e-dissertacoes-do-programa-de-pos-graduacao-em-fitotecnia-no-sipa\/\" \/>\n<meta property=\"og:site_name\" content=\"Fazendinha\" \/>\n<meta property=\"article:modified_time\" content=\"2020-04-17T17:10:05+00:00\" \/>\n<meta property=\"og:image\" content=\"http:\/\/institucional.ufrrj.br\/fazendinha\/files\/2020\/04\/Fitotecnia-300x66.jpg\" \/>\n<meta name=\"twitter:card\" content=\"summary_large_image\" \/>\n<meta name=\"twitter:label1\" content=\"Est. tempo de leitura\" \/>\n\t<meta name=\"twitter:data1\" content=\"7 minutos\" \/>\n<script type=\"application\/ld+json\" class=\"yoast-schema-graph\">{\"@context\":\"https:\/\/schema.org\",\"@graph\":[{\"@type\":\"WebPage\",\"@id\":\"https:\/\/institucional.ufrrj.br\/fazendinha\/teses-e-dissertacoes-do-programa-de-pos-graduacao-em-fitotecnia-no-sipa\/\",\"url\":\"https:\/\/institucional.ufrrj.br\/fazendinha\/teses-e-dissertacoes-do-programa-de-pos-graduacao-em-fitotecnia-no-sipa\/\",\"name\":\"Teses e Disserta\u00e7\u00f5es do Programa de P\u00f3s-Gradua\u00e7\u00e3o em Fitotecnia no SIPA - Fazendinha\",\"isPartOf\":{\"@id\":\"https:\/\/institucional.ufrrj.br\/fazendinha\/#website\"},\"primaryImageOfPage\":{\"@id\":\"https:\/\/institucional.ufrrj.br\/fazendinha\/teses-e-dissertacoes-do-programa-de-pos-graduacao-em-fitotecnia-no-sipa\/#primaryimage\"},\"image\":{\"@id\":\"https:\/\/institucional.ufrrj.br\/fazendinha\/teses-e-dissertacoes-do-programa-de-pos-graduacao-em-fitotecnia-no-sipa\/#primaryimage\"},\"thumbnailUrl\":\"http:\/\/institucional.ufrrj.br\/fazendinha\/files\/2020\/04\/Fitotecnia-300x66.jpg\",\"datePublished\":\"2020-04-15T18:44:15+00:00\",\"dateModified\":\"2020-04-17T17:10:05+00:00\",\"breadcrumb\":{\"@id\":\"https:\/\/institucional.ufrrj.br\/fazendinha\/teses-e-dissertacoes-do-programa-de-pos-graduacao-em-fitotecnia-no-sipa\/#breadcrumb\"},\"inLanguage\":\"pt-BR\",\"potentialAction\":[{\"@type\":\"ReadAction\",\"target\":[\"https:\/\/institucional.ufrrj.br\/fazendinha\/teses-e-dissertacoes-do-programa-de-pos-graduacao-em-fitotecnia-no-sipa\/\"]}]},{\"@type\":\"ImageObject\",\"inLanguage\":\"pt-BR\",\"@id\":\"https:\/\/institucional.ufrrj.br\/fazendinha\/teses-e-dissertacoes-do-programa-de-pos-graduacao-em-fitotecnia-no-sipa\/#primaryimage\",\"url\":\"http:\/\/institucional.ufrrj.br\/fazendinha\/files\/2020\/04\/Fitotecnia-300x66.jpg\",\"contentUrl\":\"http:\/\/institucional.ufrrj.br\/fazendinha\/files\/2020\/04\/Fitotecnia-300x66.jpg\"},{\"@type\":\"BreadcrumbList\",\"@id\":\"https:\/\/institucional.ufrrj.br\/fazendinha\/teses-e-dissertacoes-do-programa-de-pos-graduacao-em-fitotecnia-no-sipa\/#breadcrumb\",\"itemListElement\":[{\"@type\":\"ListItem\",\"position\":1,\"name\":\"In\u00edcio\",\"item\":\"https:\/\/institucional.ufrrj.br\/fazendinha\/\"},{\"@type\":\"ListItem\",\"position\":2,\"name\":\"Teses e Disserta\u00e7\u00f5es do Programa de P\u00f3s-Gradua\u00e7\u00e3o em Fitotecnia no SIPA\"}]},{\"@type\":\"WebSite\",\"@id\":\"https:\/\/institucional.ufrrj.br\/fazendinha\/#website\",\"url\":\"https:\/\/institucional.ufrrj.br\/fazendinha\/\",\"name\":\"Fazendinha\",\"description\":\"S\u00f3 mais um site institucional.ufrrj.br\",\"potentialAction\":[{\"@type\":\"SearchAction\",\"target\":{\"@type\":\"EntryPoint\",\"urlTemplate\":\"https:\/\/institucional.ufrrj.br\/fazendinha\/?s={search_term_string}\"},\"query-input\":{\"@type\":\"PropertyValueSpecification\",\"valueRequired\":true,\"valueName\":\"search_term_string\"}}],\"inLanguage\":\"pt-BR\"}]}<\/script>\n<!-- \/ Yoast SEO plugin. -->","yoast_head_json":{"title":"Teses e Disserta\u00e7\u00f5es do Programa de P\u00f3s-Gradua\u00e7\u00e3o em Fitotecnia no SIPA - Fazendinha","robots":{"index":"index","follow":"follow","max-snippet":"max-snippet:-1","max-image-preview":"max-image-preview:large","max-video-preview":"max-video-preview:-1"},"canonical":"https:\/\/institucional.ufrrj.br\/fazendinha\/teses-e-dissertacoes-do-programa-de-pos-graduacao-em-fitotecnia-no-sipa\/","og_locale":"pt_BR","og_type":"article","og_title":"Teses e Disserta\u00e7\u00f5es do Programa de P\u00f3s-Gradua\u00e7\u00e3o em Fitotecnia no SIPA - Fazendinha","og_description":"Ao longo de mais de 25 anos, a Fazendinha vem propiciando a forma\u00e7\u00e3o de recursos humanos e o desenvolvimento de ... leia mais","og_url":"https:\/\/institucional.ufrrj.br\/fazendinha\/teses-e-dissertacoes-do-programa-de-pos-graduacao-em-fitotecnia-no-sipa\/","og_site_name":"Fazendinha","article_modified_time":"2020-04-17T17:10:05+00:00","og_image":[{"url":"http:\/\/institucional.ufrrj.br\/fazendinha\/files\/2020\/04\/Fitotecnia-300x66.jpg","type":"","width":"","height":""}],"twitter_card":"summary_large_image","twitter_misc":{"Est. tempo de leitura":"7 minutos"},"schema":{"@context":"https:\/\/schema.org","@graph":[{"@type":"WebPage","@id":"https:\/\/institucional.ufrrj.br\/fazendinha\/teses-e-dissertacoes-do-programa-de-pos-graduacao-em-fitotecnia-no-sipa\/","url":"https:\/\/institucional.ufrrj.br\/fazendinha\/teses-e-dissertacoes-do-programa-de-pos-graduacao-em-fitotecnia-no-sipa\/","name":"Teses e Disserta\u00e7\u00f5es do Programa de P\u00f3s-Gradua\u00e7\u00e3o em Fitotecnia no SIPA - Fazendinha","isPartOf":{"@id":"https:\/\/institucional.ufrrj.br\/fazendinha\/#website"},"primaryImageOfPage":{"@id":"https:\/\/institucional.ufrrj.br\/fazendinha\/teses-e-dissertacoes-do-programa-de-pos-graduacao-em-fitotecnia-no-sipa\/#primaryimage"},"image":{"@id":"https:\/\/institucional.ufrrj.br\/fazendinha\/teses-e-dissertacoes-do-programa-de-pos-graduacao-em-fitotecnia-no-sipa\/#primaryimage"},"thumbnailUrl":"http:\/\/institucional.ufrrj.br\/fazendinha\/files\/2020\/04\/Fitotecnia-300x66.jpg","datePublished":"2020-04-15T18:44:15+00:00","dateModified":"2020-04-17T17:10:05+00:00","breadcrumb":{"@id":"https:\/\/institucional.ufrrj.br\/fazendinha\/teses-e-dissertacoes-do-programa-de-pos-graduacao-em-fitotecnia-no-sipa\/#breadcrumb"},"inLanguage":"pt-BR","potentialAction":[{"@type":"ReadAction","target":["https:\/\/institucional.ufrrj.br\/fazendinha\/teses-e-dissertacoes-do-programa-de-pos-graduacao-em-fitotecnia-no-sipa\/"]}]},{"@type":"ImageObject","inLanguage":"pt-BR","@id":"https:\/\/institucional.ufrrj.br\/fazendinha\/teses-e-dissertacoes-do-programa-de-pos-graduacao-em-fitotecnia-no-sipa\/#primaryimage","url":"http:\/\/institucional.ufrrj.br\/fazendinha\/files\/2020\/04\/Fitotecnia-300x66.jpg","contentUrl":"http:\/\/institucional.ufrrj.br\/fazendinha\/files\/2020\/04\/Fitotecnia-300x66.jpg"},{"@type":"BreadcrumbList","@id":"https:\/\/institucional.ufrrj.br\/fazendinha\/teses-e-dissertacoes-do-programa-de-pos-graduacao-em-fitotecnia-no-sipa\/#breadcrumb","itemListElement":[{"@type":"ListItem","position":1,"name":"In\u00edcio","item":"https:\/\/institucional.ufrrj.br\/fazendinha\/"},{"@type":"ListItem","position":2,"name":"Teses e Disserta\u00e7\u00f5es do Programa de P\u00f3s-Gradua\u00e7\u00e3o em Fitotecnia no SIPA"}]},{"@type":"WebSite","@id":"https:\/\/institucional.ufrrj.br\/fazendinha\/#website","url":"https:\/\/institucional.ufrrj.br\/fazendinha\/","name":"Fazendinha","description":"S\u00f3 mais um site institucional.ufrrj.br","potentialAction":[{"@type":"SearchAction","target":{"@type":"EntryPoint","urlTemplate":"https:\/\/institucional.ufrrj.br\/fazendinha\/?s={search_term_string}"},"query-input":{"@type":"PropertyValueSpecification","valueRequired":true,"valueName":"search_term_string"}}],"inLanguage":"pt-BR"}]}},"acf":[],"_links":{"self":[{"href":"https:\/\/institucional.ufrrj.br\/fazendinha\/wp-json\/wp\/v2\/pages\/1771","targetHints":{"allow":["GET"]}}],"collection":[{"href":"https:\/\/institucional.ufrrj.br\/fazendinha\/wp-json\/wp\/v2\/pages"}],"about":[{"href":"https:\/\/institucional.ufrrj.br\/fazendinha\/wp-json\/wp\/v2\/types\/page"}],"author":[{"embeddable":true,"href":"https:\/\/institucional.ufrrj.br\/fazendinha\/wp-json\/wp\/v2\/users\/743"}],"replies":[{"embeddable":true,"href":"https:\/\/institucional.ufrrj.br\/fazendinha\/wp-json\/wp\/v2\/comments?post=1771"}],"version-history":[{"count":5,"href":"https:\/\/institucional.ufrrj.br\/fazendinha\/wp-json\/wp\/v2\/pages\/1771\/revisions"}],"predecessor-version":[{"id":1808,"href":"https:\/\/institucional.ufrrj.br\/fazendinha\/wp-json\/wp\/v2\/pages\/1771\/revisions\/1808"}],"wp:attachment":[{"href":"https:\/\/institucional.ufrrj.br\/fazendinha\/wp-json\/wp\/v2\/media?parent=1771"}],"curies":[{"name":"wp","href":"https:\/\/api.w.org\/{rel}","templated":true}]}}