{"id":1765,"date":"2020-04-15T15:38:30","date_gmt":"2020-04-15T18:38:30","guid":{"rendered":"http:\/\/institucional.ufrrj.br\/fazendinha\/?page_id=1765"},"modified":"2020-04-17T14:31:36","modified_gmt":"2020-04-17T17:31:36","slug":"teses-e-dissertacoes-do-mestrado-em-fitossanidade-e-biotecnologia-aplicada-no-sipa","status":"publish","type":"page","link":"https:\/\/institucional.ufrrj.br\/fazendinha\/teses-e-dissertacoes-do-mestrado-em-fitossanidade-e-biotecnologia-aplicada-no-sipa\/","title":{"rendered":"Teses e Disserta\u00e7\u00f5es do Mestrado em Fitossanidade e Biotecnologia Aplicada no SIPA"},"content":{"rendered":"<p>Ao longo de mais de 25 anos, a Fazendinha vem propiciando a forma\u00e7\u00e3o de recursos humanos e o desenvolvimento de Disserta\u00e7\u00f5es e Teses dos Programas de P\u00f3s-Gradua\u00e7\u00e3o da UFRRJ com as institui\u00e7\u00f5es parceiras.<\/p>\n<p>Todas as teses e disserta\u00e7\u00f5es do Programa de P\u00f3s-Gradua\u00e7\u00e3o em Fitossanidade e Biotecnologia Aplicada desenvolvidas podem ser visualizadas no <a href=\"http:\/\/cursos.ufrrj.br\/posgraduacao\/ppgfba\/\" target=\"_blank\" rel=\"noopener noreferrer\">Site do PPGFBA.<\/a><\/p>\n<p><img loading=\"lazy\" decoding=\"async\" class=\"aligncenter  wp-image-1779\" src=\"https:\/\/institucional.ufrrj.br\/fazendinha\/files\/2020\/04\/PPFBA-300x33.jpg\" alt=\"\" width=\"436\" height=\"48\" srcset=\"https:\/\/institucional.ufrrj.br\/fazendinha\/files\/2020\/04\/PPFBA-300x33.jpg 300w, https:\/\/institucional.ufrrj.br\/fazendinha\/files\/2020\/04\/PPFBA.jpg 716w\" sizes=\"auto, (max-width: 436px) 100vw, 436px\" \/><\/p>\n<p>Pinto, Tatiana de Oliveira. <a href=\"https:\/\/tede.ufrrj.br\/jspui\/handle\/jspui\/1525\" target=\"_blank\" rel=\"noopener noreferrer\">Potencialidade do vermicomposto, de seu res\u00edduo s\u00f3lido (da extra\u00e7\u00e3o de subst\u00e2nicas h\u00famicas), do biochar e de humina para o uso na remedia\u00e7\u00e3o de solo contaminado com c\u00e1dmio.<\/a> 01\/02\/2016. Programa de P\u00f3s-Gradua\u00e7\u00e3o em Fitossanidade e Biotecnologia Aplicada. UNIVERSIDADE FEDERAL RURAL DO RIO DE JANEIRO, Serop\u00e9dica.<\/p>\n<p>SANTOS, Tamires Medeiros dos.\u00a0<a href=\"https:\/\/tede.ufrrj.br\/jspui\/handle\/jspui\/1322\" target=\"_blank\" rel=\"noopener noreferrer\"><strong>Din\u00e2mica populacional da entomofauna deterioradora associada a tr\u00eas ambientes no Sistema Integrado de Produ\u00e7\u00e3o Agroecol\u00f3gica (SIPA) em Serop\u00e9dica, RJ.<\/strong><\/a> 01\/03\/2016. Programa de P\u00f3s-Gradua\u00e7\u00e3o em Fitossanidade e Biotecnologia Aplicada. UNIVERSIDADE FEDERAL RURAL DO RIO DE JANEIRO, Serop\u00e9dica.<\/p>\n<p>BELTRAO, F.L.S. <a href=\"https:\/\/tede.ufrrj.br\/jspui\/handle\/jspui\/1682\" target=\"_blank\" rel=\"noopener noreferrer\"><strong>Ocorr\u00eancia e Prefer\u00eancia Alimentar de T\u00e9rmitas (Insecta: Isoptera) Associados a Esp\u00e9cies Florestais Ex\u00f3ticas em Condi\u00e7\u00f5es Naturais de Serop\u00e9dica, RJ<\/strong><\/a>. \u00a001\/08\/2012 55 f. Programa de P\u00f3s-Gradua\u00e7\u00e3o em Fitossanidade e Biotecnologia Aplicada. UNIVERSIDADE FEDERAL RURAL DO RIO DE JANEIRO, Serop\u00e9dica.<\/p>\n<p>Lixa, Alice Teodorio. <strong><a href=\"http:\/\/cursos.ufrrj.br\/posgraduacao\/ppgfba\/files\/2015\/04\/2008AliceTeodorioLixa.pdf\" target=\"_blank\" rel=\"noopener noreferrer\">Coccinellidae (Coleoptera) usando plantas arom\u00e1ticas como s\u00edtio de sobreviv\u00eancia e reprodu\u00e7\u00e3o em sistema agroecol\u00f3gico, e aspectos biol\u00f3gicos em condi\u00e7\u00f5es de laborat\u00f3rio.<\/a><\/strong> 25\/06\/2008. Programa de P\u00f3s-Gradua\u00e7\u00e3o em Fitossanidade e Biotecnologia Aplicada. UNIVERSIDADE FEDERAL RURAL DO RIO DE JANEIRO, Serop\u00e9dica.<\/p>\n<p>&nbsp;<\/p>\n<p>Apoio:<\/p>\n<p><a href=\"https:\/\/www.periodicos.capes.gov.br\/\" target=\"_blank\" rel=\"noopener noreferrer\"><img loading=\"lazy\" decoding=\"async\" class=\"size-full wp-image-15 alignleft\" src=\"https:\/\/institucional.ufrrj.br\/fazendinha\/files\/2018\/09\/566372capes-1-1.jpg\" alt=\"\" width=\"136\" height=\"60\" \/><\/a><\/p>\n<p>&nbsp;<\/p>\n<p><a href=\"https:\/\/www.periodicos.capes.gov.br\/\" target=\"_blank\" rel=\"noopener noreferrer\">CAPES (Coordena\u00e7\u00e3o de Aperfei\u00e7oamento de Pessoal de N\u00edvel Superior).<\/a><\/p>\n<p>&nbsp;<\/p>\n<p><a href=\"http:\/\/www.faperj.br\/\" target=\"_blank\" rel=\"noopener noreferrer\"><img loading=\"lazy\" decoding=\"async\" class=\"size-full wp-image-11 alignleft\" src=\"https:\/\/institucional.ufrrj.br\/fazendinha\/files\/2018\/09\/faperj.jpg\" alt=\"\" width=\"136\" height=\"57\" \/><\/a><\/p>\n<p>&nbsp;<\/p>\n<p><a href=\"http:\/\/www.faperj.br\/\" target=\"_blank\" rel=\"noopener noreferrer\"><em>Funda\u00e7\u00e3o de Amparo \u00e0 Pesquisa do Estado do Rio de Janeiro<\/em>\u00a0\u2013\u00a0<em>FAPERJ<\/em>.<\/a><\/p>\n<p>&nbsp;<\/p>\n<p>&nbsp;<\/p>\n<p><a href=\"http:\/\/www.cnpq.br\/\" target=\"_blank\" rel=\"noopener noreferrer\"><img loading=\"lazy\" decoding=\"async\" class=\"size-full wp-image-10 alignleft\" src=\"https:\/\/institucional.ufrrj.br\/fazendinha\/files\/2018\/09\/cnpq2.png\" alt=\"\" width=\"120\" height=\"49\" \/><\/a><\/p>\n<p><a href=\"http:\/\/www.cnpq.br\/\" target=\"_blank\" rel=\"noopener noreferrer\">Conselho Nacional de Desenvolvimento Cient\u00edfico e Tecnol\u00f3gico.<\/a><\/p>\n","protected":false},"excerpt":{"rendered":"<p>Ao longo de mais de 25 anos, a Fazendinha vem propiciando a forma\u00e7\u00e3o de recursos humanos e o desenvolvimento de <a class=\"read-more\" href=\"https:\/\/institucional.ufrrj.br\/fazendinha\/teses-e-dissertacoes-do-mestrado-em-fitossanidade-e-biotecnologia-aplicada-no-sipa\/ \" >&#8230; <span class=\"font-italic\">leia mais <i class=\"fas fa-angle-right\"><\/i><\/span><\/a><\/p>\n","protected":false},"author":743,"featured_media":0,"parent":0,"menu_order":0,"comment_status":"closed","ping_status":"closed","template":"","meta":{"_acf_changed":false,"footnotes":""},"class_list":["post-1765","page","type-page","status-publish","hentry"],"yoast_head":"<!-- This site is optimized with the Yoast SEO plugin v27.2 - https:\/\/yoast.com\/product\/yoast-seo-wordpress\/ -->\n<title>Teses e Disserta\u00e7\u00f5es do Mestrado em Fitossanidade e Biotecnologia Aplicada no SIPA - Fazendinha<\/title>\n<meta name=\"robots\" content=\"index, follow, max-snippet:-1, max-image-preview:large, max-video-preview:-1\" \/>\n<link rel=\"canonical\" href=\"https:\/\/institucional.ufrrj.br\/fazendinha\/teses-e-dissertacoes-do-mestrado-em-fitossanidade-e-biotecnologia-aplicada-no-sipa\/\" \/>\n<meta property=\"og:locale\" content=\"pt_BR\" \/>\n<meta property=\"og:type\" content=\"article\" \/>\n<meta property=\"og:title\" content=\"Teses e Disserta\u00e7\u00f5es do Mestrado em Fitossanidade e Biotecnologia Aplicada no SIPA - Fazendinha\" \/>\n<meta property=\"og:description\" content=\"Ao longo de mais de 25 anos, a Fazendinha vem propiciando a forma\u00e7\u00e3o de recursos humanos e o desenvolvimento de ... leia mais\" \/>\n<meta property=\"og:url\" content=\"https:\/\/institucional.ufrrj.br\/fazendinha\/teses-e-dissertacoes-do-mestrado-em-fitossanidade-e-biotecnologia-aplicada-no-sipa\/\" \/>\n<meta property=\"og:site_name\" content=\"Fazendinha\" \/>\n<meta property=\"article:modified_time\" content=\"2020-04-17T17:31:36+00:00\" \/>\n<meta property=\"og:image\" content=\"http:\/\/institucional.ufrrj.br\/fazendinha\/files\/2020\/04\/PPFBA-300x33.jpg\" \/>\n<meta name=\"twitter:card\" content=\"summary_large_image\" \/>\n<meta name=\"twitter:label1\" content=\"Est. tempo de leitura\" \/>\n\t<meta name=\"twitter:data1\" content=\"2 minutos\" \/>\n<script type=\"application\/ld+json\" class=\"yoast-schema-graph\">{\"@context\":\"https:\/\/schema.org\",\"@graph\":[{\"@type\":\"WebPage\",\"@id\":\"https:\/\/institucional.ufrrj.br\/fazendinha\/teses-e-dissertacoes-do-mestrado-em-fitossanidade-e-biotecnologia-aplicada-no-sipa\/\",\"url\":\"https:\/\/institucional.ufrrj.br\/fazendinha\/teses-e-dissertacoes-do-mestrado-em-fitossanidade-e-biotecnologia-aplicada-no-sipa\/\",\"name\":\"Teses e Disserta\u00e7\u00f5es do Mestrado em Fitossanidade e Biotecnologia Aplicada no SIPA - Fazendinha\",\"isPartOf\":{\"@id\":\"https:\/\/institucional.ufrrj.br\/fazendinha\/#website\"},\"primaryImageOfPage\":{\"@id\":\"https:\/\/institucional.ufrrj.br\/fazendinha\/teses-e-dissertacoes-do-mestrado-em-fitossanidade-e-biotecnologia-aplicada-no-sipa\/#primaryimage\"},\"image\":{\"@id\":\"https:\/\/institucional.ufrrj.br\/fazendinha\/teses-e-dissertacoes-do-mestrado-em-fitossanidade-e-biotecnologia-aplicada-no-sipa\/#primaryimage\"},\"thumbnailUrl\":\"http:\/\/institucional.ufrrj.br\/fazendinha\/files\/2020\/04\/PPFBA-300x33.jpg\",\"datePublished\":\"2020-04-15T18:38:30+00:00\",\"dateModified\":\"2020-04-17T17:31:36+00:00\",\"breadcrumb\":{\"@id\":\"https:\/\/institucional.ufrrj.br\/fazendinha\/teses-e-dissertacoes-do-mestrado-em-fitossanidade-e-biotecnologia-aplicada-no-sipa\/#breadcrumb\"},\"inLanguage\":\"pt-BR\",\"potentialAction\":[{\"@type\":\"ReadAction\",\"target\":[\"https:\/\/institucional.ufrrj.br\/fazendinha\/teses-e-dissertacoes-do-mestrado-em-fitossanidade-e-biotecnologia-aplicada-no-sipa\/\"]}]},{\"@type\":\"ImageObject\",\"inLanguage\":\"pt-BR\",\"@id\":\"https:\/\/institucional.ufrrj.br\/fazendinha\/teses-e-dissertacoes-do-mestrado-em-fitossanidade-e-biotecnologia-aplicada-no-sipa\/#primaryimage\",\"url\":\"http:\/\/institucional.ufrrj.br\/fazendinha\/files\/2020\/04\/PPFBA-300x33.jpg\",\"contentUrl\":\"http:\/\/institucional.ufrrj.br\/fazendinha\/files\/2020\/04\/PPFBA-300x33.jpg\"},{\"@type\":\"BreadcrumbList\",\"@id\":\"https:\/\/institucional.ufrrj.br\/fazendinha\/teses-e-dissertacoes-do-mestrado-em-fitossanidade-e-biotecnologia-aplicada-no-sipa\/#breadcrumb\",\"itemListElement\":[{\"@type\":\"ListItem\",\"position\":1,\"name\":\"In\u00edcio\",\"item\":\"https:\/\/institucional.ufrrj.br\/fazendinha\/\"},{\"@type\":\"ListItem\",\"position\":2,\"name\":\"Teses e Disserta\u00e7\u00f5es do Mestrado em Fitossanidade e Biotecnologia Aplicada no SIPA\"}]},{\"@type\":\"WebSite\",\"@id\":\"https:\/\/institucional.ufrrj.br\/fazendinha\/#website\",\"url\":\"https:\/\/institucional.ufrrj.br\/fazendinha\/\",\"name\":\"Fazendinha\",\"description\":\"S\u00f3 mais um site institucional.ufrrj.br\",\"potentialAction\":[{\"@type\":\"SearchAction\",\"target\":{\"@type\":\"EntryPoint\",\"urlTemplate\":\"https:\/\/institucional.ufrrj.br\/fazendinha\/?s={search_term_string}\"},\"query-input\":{\"@type\":\"PropertyValueSpecification\",\"valueRequired\":true,\"valueName\":\"search_term_string\"}}],\"inLanguage\":\"pt-BR\"}]}<\/script>\n<!-- \/ Yoast SEO plugin. -->","yoast_head_json":{"title":"Teses e Disserta\u00e7\u00f5es do Mestrado em Fitossanidade e Biotecnologia Aplicada no SIPA - Fazendinha","robots":{"index":"index","follow":"follow","max-snippet":"max-snippet:-1","max-image-preview":"max-image-preview:large","max-video-preview":"max-video-preview:-1"},"canonical":"https:\/\/institucional.ufrrj.br\/fazendinha\/teses-e-dissertacoes-do-mestrado-em-fitossanidade-e-biotecnologia-aplicada-no-sipa\/","og_locale":"pt_BR","og_type":"article","og_title":"Teses e Disserta\u00e7\u00f5es do Mestrado em Fitossanidade e Biotecnologia Aplicada no SIPA - Fazendinha","og_description":"Ao longo de mais de 25 anos, a Fazendinha vem propiciando a forma\u00e7\u00e3o de recursos humanos e o desenvolvimento de ... leia mais","og_url":"https:\/\/institucional.ufrrj.br\/fazendinha\/teses-e-dissertacoes-do-mestrado-em-fitossanidade-e-biotecnologia-aplicada-no-sipa\/","og_site_name":"Fazendinha","article_modified_time":"2020-04-17T17:31:36+00:00","og_image":[{"url":"http:\/\/institucional.ufrrj.br\/fazendinha\/files\/2020\/04\/PPFBA-300x33.jpg","type":"","width":"","height":""}],"twitter_card":"summary_large_image","twitter_misc":{"Est. tempo de leitura":"2 minutos"},"schema":{"@context":"https:\/\/schema.org","@graph":[{"@type":"WebPage","@id":"https:\/\/institucional.ufrrj.br\/fazendinha\/teses-e-dissertacoes-do-mestrado-em-fitossanidade-e-biotecnologia-aplicada-no-sipa\/","url":"https:\/\/institucional.ufrrj.br\/fazendinha\/teses-e-dissertacoes-do-mestrado-em-fitossanidade-e-biotecnologia-aplicada-no-sipa\/","name":"Teses e Disserta\u00e7\u00f5es do Mestrado em Fitossanidade e Biotecnologia Aplicada no SIPA - Fazendinha","isPartOf":{"@id":"https:\/\/institucional.ufrrj.br\/fazendinha\/#website"},"primaryImageOfPage":{"@id":"https:\/\/institucional.ufrrj.br\/fazendinha\/teses-e-dissertacoes-do-mestrado-em-fitossanidade-e-biotecnologia-aplicada-no-sipa\/#primaryimage"},"image":{"@id":"https:\/\/institucional.ufrrj.br\/fazendinha\/teses-e-dissertacoes-do-mestrado-em-fitossanidade-e-biotecnologia-aplicada-no-sipa\/#primaryimage"},"thumbnailUrl":"http:\/\/institucional.ufrrj.br\/fazendinha\/files\/2020\/04\/PPFBA-300x33.jpg","datePublished":"2020-04-15T18:38:30+00:00","dateModified":"2020-04-17T17:31:36+00:00","breadcrumb":{"@id":"https:\/\/institucional.ufrrj.br\/fazendinha\/teses-e-dissertacoes-do-mestrado-em-fitossanidade-e-biotecnologia-aplicada-no-sipa\/#breadcrumb"},"inLanguage":"pt-BR","potentialAction":[{"@type":"ReadAction","target":["https:\/\/institucional.ufrrj.br\/fazendinha\/teses-e-dissertacoes-do-mestrado-em-fitossanidade-e-biotecnologia-aplicada-no-sipa\/"]}]},{"@type":"ImageObject","inLanguage":"pt-BR","@id":"https:\/\/institucional.ufrrj.br\/fazendinha\/teses-e-dissertacoes-do-mestrado-em-fitossanidade-e-biotecnologia-aplicada-no-sipa\/#primaryimage","url":"http:\/\/institucional.ufrrj.br\/fazendinha\/files\/2020\/04\/PPFBA-300x33.jpg","contentUrl":"http:\/\/institucional.ufrrj.br\/fazendinha\/files\/2020\/04\/PPFBA-300x33.jpg"},{"@type":"BreadcrumbList","@id":"https:\/\/institucional.ufrrj.br\/fazendinha\/teses-e-dissertacoes-do-mestrado-em-fitossanidade-e-biotecnologia-aplicada-no-sipa\/#breadcrumb","itemListElement":[{"@type":"ListItem","position":1,"name":"In\u00edcio","item":"https:\/\/institucional.ufrrj.br\/fazendinha\/"},{"@type":"ListItem","position":2,"name":"Teses e Disserta\u00e7\u00f5es do Mestrado em Fitossanidade e Biotecnologia Aplicada no SIPA"}]},{"@type":"WebSite","@id":"https:\/\/institucional.ufrrj.br\/fazendinha\/#website","url":"https:\/\/institucional.ufrrj.br\/fazendinha\/","name":"Fazendinha","description":"S\u00f3 mais um site institucional.ufrrj.br","potentialAction":[{"@type":"SearchAction","target":{"@type":"EntryPoint","urlTemplate":"https:\/\/institucional.ufrrj.br\/fazendinha\/?s={search_term_string}"},"query-input":{"@type":"PropertyValueSpecification","valueRequired":true,"valueName":"search_term_string"}}],"inLanguage":"pt-BR"}]}},"acf":[],"_links":{"self":[{"href":"https:\/\/institucional.ufrrj.br\/fazendinha\/wp-json\/wp\/v2\/pages\/1765","targetHints":{"allow":["GET"]}}],"collection":[{"href":"https:\/\/institucional.ufrrj.br\/fazendinha\/wp-json\/wp\/v2\/pages"}],"about":[{"href":"https:\/\/institucional.ufrrj.br\/fazendinha\/wp-json\/wp\/v2\/types\/page"}],"author":[{"embeddable":true,"href":"https:\/\/institucional.ufrrj.br\/fazendinha\/wp-json\/wp\/v2\/users\/743"}],"replies":[{"embeddable":true,"href":"https:\/\/institucional.ufrrj.br\/fazendinha\/wp-json\/wp\/v2\/comments?post=1765"}],"version-history":[{"count":6,"href":"https:\/\/institucional.ufrrj.br\/fazendinha\/wp-json\/wp\/v2\/pages\/1765\/revisions"}],"predecessor-version":[{"id":1813,"href":"https:\/\/institucional.ufrrj.br\/fazendinha\/wp-json\/wp\/v2\/pages\/1765\/revisions\/1813"}],"wp:attachment":[{"href":"https:\/\/institucional.ufrrj.br\/fazendinha\/wp-json\/wp\/v2\/media?parent=1765"}],"curies":[{"name":"wp","href":"https:\/\/api.w.org\/{rel}","templated":true}]}}