{"id":1761,"date":"2020-04-15T15:41:24","date_gmt":"2020-04-15T18:41:24","guid":{"rendered":"http:\/\/institucional.ufrrj.br\/fazendinha\/?page_id=1761"},"modified":"2020-04-17T14:19:42","modified_gmt":"2020-04-17T17:19:42","slug":"teses-e-dissertacoes-do-programa-de-pos-graduacao-em-agronomia-e-ciencia-do-solo-no-sipa","status":"publish","type":"page","link":"https:\/\/institucional.ufrrj.br\/fazendinha\/teses-e-dissertacoes-do-programa-de-pos-graduacao-em-agronomia-e-ciencia-do-solo-no-sipa\/","title":{"rendered":"Teses e Disserta\u00e7\u00f5es do Programa de P\u00f3s-Gradua\u00e7\u00e3o em Agronomia e Ci\u00eancia do Solo no SIPA"},"content":{"rendered":"<p>Ao longo de mais de 25 anos, a Fazendinha vem propiciando a forma\u00e7\u00e3o de recursos humanos e o desenvolvimento de Disserta\u00e7\u00f5es e Teses dos Programas de P\u00f3s-Gradua\u00e7\u00e3o da UFRRJ com as institui\u00e7\u00f5es parceiras.<\/p>\n<p>Todas as teses e disserta\u00e7\u00f5es do Programa de P\u00f3s-Gradua\u00e7\u00e3o em Agronomia desenvolvidas podem ser visualizadas no <a href=\"http:\/\/cursos.ufrrj.br\/posgraduacao\/cpgacs\/\" target=\"_blank\" rel=\"noopener noreferrer\">Site do PPGA-CS.<\/a><\/p>\n<p><img loading=\"lazy\" decoding=\"async\" class=\"aligncenter size-medium wp-image-1775\" src=\"https:\/\/institucional.ufrrj.br\/fazendinha\/files\/2020\/04\/cropped-CABE\u00c7ALHO-300x66.jpg\" alt=\"\" width=\"300\" height=\"66\" srcset=\"https:\/\/institucional.ufrrj.br\/fazendinha\/files\/2020\/04\/cropped-CABE\u00c7ALHO-300x66.jpg 300w, https:\/\/institucional.ufrrj.br\/fazendinha\/files\/2020\/04\/cropped-CABE\u00c7ALHO.jpg 500w\" sizes=\"auto, (max-width: 300px) 100vw, 300px\" \/><\/p>\n<p>ANTUNES, Luiz Fernando de Sousa.\u00a0<a href=\"https:\/\/tede.ufrrj.br\/jspui\/handle\/jspui\/2347\" target=\"_blank\" rel=\"noopener noreferrer\"><strong>Produ\u00e7\u00e3o de gongocompostos e sua utiliza\u00e7\u00e3o como substrato para produ\u00e7\u00e3o de mudas de alface.<\/strong><\/a> 15\/02\/2017. Programa de P\u00f3s-Gradua\u00e7\u00e3o em Agronomia e Ci\u00eancia do Solo. UNIVERSIDADE FEDERAL RURAL DO RIO DE JANEIRO, Serop\u00e9dica.<\/p>\n<p>Fors, Rosalba Ortega. <strong><a href=\"https:\/\/tede.ufrrj.br\/jspui\/handle\/jspui\/2302\" target=\"_blank\" rel=\"noopener noreferrer\">Identifica\u00e7\u00e3o, quantifica\u00e7\u00e3o e inocula\u00e7\u00e3o de fungos micorr\u00edzicos arbusculares no sistema de produ\u00e7\u00e3o de cana-de-a\u00e7\u00facar.<\/a><\/strong> 18\/02\/2016. Mestrado em AGRONOMIA (CI\u00caNCIAS DO SOLO). UNIVERSIDADE FEDERAL RURAL DO RIO DE JANEIRO, Serop\u00e9dica.<\/p>\n<p>GOMES, ERNANE TARCISIO MARTINS.\u00a0<a href=\"https:\/\/tede.ufrrj.br\/jspui\/handle\/jspui\/2098\" target=\"_blank\" rel=\"noopener noreferrer\"><strong>Caracteriza\u00e7\u00e3o Qu\u00edmica e Estrutural de \u00c1cidos H\u00famicos em Solos de Tr\u00eas Sistemas de Manejo da Fazendinha Agroecol\u00f3gica de Serop\u00e9dica, Rio de Janeiro<\/strong><\/a>\u2018 17\/08\/2016 46 f. Mestrado em AGRONOMIA (CI\u00caNCIAS DO SOLO). UNIVERSIDADE FEDERAL RURAL DO RIO DE JANEIRO, Serop\u00e9dica.<\/p>\n<p>MATA, MARIA GABRIELA FERREIRA DA.\u00a0<a href=\"http:\/\/www.ia.ufrrj.br\/cpacs\/arquivos\/teses_dissert\/318_(ME-2012)_Maria_Gabriela_Ferreira_da_Mata.pdf\" target=\"_blank\" rel=\"noopener noreferrer\"><strong>Um Modelo Experimental para Avaliar a Qualidade do Solo e a Viabilidade T\u00e9cnica e Econ\u00f4mica de um Sistema de Produ\u00e7\u00e3o Org\u00e2nica Intensiva de Hortali\u00e7as<\/strong><\/a>\u2018 31\/08\/2016 83 f. Doutorado em AGRONOMIA (CI\u00caNCIAS DO SOLO). UNIVERSIDADE FEDERAL RURAL DO RIO DE JANEIRO, Serop\u00e9dica.<\/p>\n<p>PIAN, LIVIA BISCHOF.\u00a0<a href=\"https:\/\/sucupira.capes.gov.br\/sucupira\/public\/consultas\/coleta\/trabalhoConclusao\/viewTrabalhoConclusao.xhtml?popup=true&amp;id_trabalho=2221609\" target=\"_blank\" rel=\"noopener noreferrer\"><strong>MAT\u00c9RIA ORG\u00c2NICA E FUNGOS MICORR\u00cdZICOS ARBUSCULARES EM UM M\u00d3DULO EXPERIMENTAL DE PRODU\u00c7\u00c3O ORG\u00c2NICA INTENSIVA DE HORTALI\u00c7AS<\/strong><\/a>\u2018 23\/02\/2015 63 f. Mestrado em AGRONOMIA (CI\u00caNCIAS DO SOLO). UNIVERSIDADE FEDERAL RURAL DO RIO DE JANEIRO, Serop\u00e9dica.<\/p>\n<p>BATISTA, S.C.O.\u00a0<a href=\"http:\/\/www.ia.ufrrj.br\/cpacs\/arquivos\/teses_dissert\/322_(ME-2012)_Selma_Cristina_de_Oliveira_Batista.pdf\" target=\"_blank\" rel=\"noopener noreferrer\"><strong>Estudo t\u00e9cnico e econ\u00f4mico de um dispositivo visando \u00e0 automa\u00e7\u00e3o de sistemas de irriga\u00e7\u00e3o a partir do monitoramento da umidade do solo<\/strong>.<\/a> 01\/02\/2012 65 f. Mestrado em AGRONOMIA (CI\u00caNCIAS DO SOLO). UNIVERSIDADE FEDERAL RURAL DO RIO DE JANEIRO, Serop\u00e9dica.<\/p>\n<p>MATA, MARIA GABRIELA FERREIRA DA. <a href=\"http:\/\/www.ia.ufrrj.br\/cpacs\/arquivos\/teses_dissert\/318_(ME-2012)_Maria_Gabriela_Ferreira_da_Mata.pdf\" target=\"_blank\" rel=\"noopener noreferrer\"><strong>Qualidade do solo e Avalia\u00e7\u00e3o microecon\u00f4mica de um m\u00f3dulo Experimental de Produ\u00e7\u00e3o org\u00e2nica Intensiva de hortali\u00e7as.<\/strong><\/a> 10\/08\/2012. Mestrado em AGRONOMIA (CI\u00caNCIAS DO SOLO). UNIVERSIDADE FEDERAL RURAL DO RIO DE JANEIRO, Serop\u00e9dica.<\/p>\n<p>LIMA, ANDR\u00c9A APARECIDA DE.\u00a0<a href=\"https:\/\/tede.ufrrj.br\/jspui\/handle\/tede\/281\" target=\"_blank\" rel=\"noopener noreferrer\"><strong>Caracteriza\u00e7\u00e3o e Sele\u00e7\u00e3o de Riz\u00f3bios de Mucuna<\/strong><\/a>.\u2019 01\/03\/2009 78 f. Mestrado em AGRONOMIA (CI\u00caNCIAS DO SOLO). UNIVERSIDADE FEDERAL RURAL DO RIO DE JANEIRO, Serop\u00e9dica.<\/p>\n<p>XAVIER, GUSTAVO RIBEIRO.\u00a0<strong>Comunidade Bacteriana do Solo Associada a Oler\u00edcolas Cultivadas em Sistema Integrado de Produ\u00e7\u00e3o Agr\u00edcola Caracterizada por Meio de An\u00e1lise de DNA Total\u2019\u00a0<\/strong>01\/09\/2003 98 f. Doutorado em AGRONOMIA (CI\u00caNCIAS DO SOLO). UNIVERSIDADE FEDERAL RURAL DO RIO DE JANEIRO, Serop\u00e9dica.<\/p>\n<p>FIGUEIRA, ADRIANA FRAN\u00c7A.\u00a0<strong>Din\u00e2mica da Popula\u00e7\u00e3o de Nemat\u00f3ides em Quatro Ecossistemas de uma Unidade de Produ\u00e7\u00e3o Agroecol\u00f3gica.<\/strong>\u2018 01\/02\/2002 62 f. Mestrado em AGRONOMIA (CI\u00caNCIAS DO SOLO). UNIVERSIDADE FEDERAL RURAL DO RIO DE JANEIRO, Serop\u00e9dica.<\/p>\n<p>&nbsp;<\/p>\n<p>Apoio:<\/p>\n<p><a href=\"https:\/\/www.periodicos.capes.gov.br\/\" target=\"_blank\" rel=\"noopener noreferrer\"><img loading=\"lazy\" decoding=\"async\" class=\"size-full wp-image-15 alignleft\" src=\"https:\/\/institucional.ufrrj.br\/fazendinha\/files\/2018\/09\/566372capes-1-1.jpg\" alt=\"\" width=\"136\" height=\"60\" \/><\/a><\/p>\n<p>&nbsp;<\/p>\n<p><a href=\"https:\/\/www.periodicos.capes.gov.br\/\" target=\"_blank\" rel=\"noopener noreferrer\">CAPES (Coordena\u00e7\u00e3o de Aperfei\u00e7oamento de Pessoal de N\u00edvel Superior).<\/a><\/p>\n<p>&nbsp;<\/p>\n<p><a href=\"http:\/\/www.faperj.br\/\" target=\"_blank\" rel=\"noopener noreferrer\"><img loading=\"lazy\" decoding=\"async\" class=\"size-full wp-image-11 alignleft\" src=\"https:\/\/institucional.ufrrj.br\/fazendinha\/files\/2018\/09\/faperj.jpg\" alt=\"\" width=\"136\" height=\"57\" \/><\/a><\/p>\n<p>&nbsp;<\/p>\n<p><a href=\"http:\/\/www.faperj.br\/\" target=\"_blank\" rel=\"noopener noreferrer\"><em>Funda\u00e7\u00e3o de Amparo \u00e0 Pesquisa do Estado do Rio de Janeiro<\/em>\u00a0\u2013\u00a0<em>FAPERJ<\/em>.<\/a><\/p>\n<p>&nbsp;<\/p>\n<p>&nbsp;<\/p>\n<p><a href=\"http:\/\/www.cnpq.br\/\" target=\"_blank\" rel=\"noopener noreferrer\"><img loading=\"lazy\" decoding=\"async\" class=\"size-full wp-image-10 alignleft\" src=\"https:\/\/institucional.ufrrj.br\/fazendinha\/files\/2018\/09\/cnpq2.png\" alt=\"\" width=\"120\" height=\"49\" \/><\/a><\/p>\n<p><a href=\"http:\/\/www.cnpq.br\/\" target=\"_blank\" rel=\"noopener noreferrer\">Conselho Nacional de Desenvolvimento Cient\u00edfico e Tecnol\u00f3gico.<\/a><\/p>\n","protected":false},"excerpt":{"rendered":"<p>Ao longo de mais de 25 anos, a Fazendinha vem propiciando a forma\u00e7\u00e3o de recursos humanos e o desenvolvimento de <a class=\"read-more\" href=\"https:\/\/institucional.ufrrj.br\/fazendinha\/teses-e-dissertacoes-do-programa-de-pos-graduacao-em-agronomia-e-ciencia-do-solo-no-sipa\/ \" >&#8230; <span class=\"font-italic\">leia mais <i class=\"fas fa-angle-right\"><\/i><\/span><\/a><\/p>\n","protected":false},"author":743,"featured_media":0,"parent":0,"menu_order":0,"comment_status":"closed","ping_status":"closed","template":"","meta":{"_acf_changed":false,"footnotes":""},"class_list":["post-1761","page","type-page","status-publish","hentry"],"yoast_head":"<!-- This site is optimized with the Yoast SEO plugin v27.2 - https:\/\/yoast.com\/product\/yoast-seo-wordpress\/ -->\n<title>Teses e Disserta\u00e7\u00f5es do Programa de P\u00f3s-Gradua\u00e7\u00e3o em Agronomia e Ci\u00eancia do Solo no SIPA - Fazendinha<\/title>\n<meta name=\"robots\" content=\"index, follow, max-snippet:-1, max-image-preview:large, max-video-preview:-1\" \/>\n<link rel=\"canonical\" href=\"https:\/\/institucional.ufrrj.br\/fazendinha\/teses-e-dissertacoes-do-programa-de-pos-graduacao-em-agronomia-e-ciencia-do-solo-no-sipa\/\" \/>\n<meta property=\"og:locale\" content=\"pt_BR\" \/>\n<meta property=\"og:type\" content=\"article\" \/>\n<meta property=\"og:title\" content=\"Teses e Disserta\u00e7\u00f5es do Programa de P\u00f3s-Gradua\u00e7\u00e3o em Agronomia e Ci\u00eancia do Solo no SIPA - Fazendinha\" \/>\n<meta property=\"og:description\" content=\"Ao longo de mais de 25 anos, a Fazendinha vem propiciando a forma\u00e7\u00e3o de recursos humanos e o desenvolvimento de ... leia mais\" \/>\n<meta property=\"og:url\" content=\"https:\/\/institucional.ufrrj.br\/fazendinha\/teses-e-dissertacoes-do-programa-de-pos-graduacao-em-agronomia-e-ciencia-do-solo-no-sipa\/\" \/>\n<meta property=\"og:site_name\" content=\"Fazendinha\" \/>\n<meta property=\"article:modified_time\" content=\"2020-04-17T17:19:42+00:00\" \/>\n<meta property=\"og:image\" content=\"http:\/\/institucional.ufrrj.br\/fazendinha\/files\/2018\/09\/566372capes-1-1.jpg\" \/>\n<meta name=\"twitter:card\" content=\"summary_large_image\" \/>\n<meta name=\"twitter:label1\" content=\"Est. tempo de leitura\" \/>\n\t<meta name=\"twitter:data1\" content=\"3 minutos\" \/>\n<script type=\"application\/ld+json\" class=\"yoast-schema-graph\">{\"@context\":\"https:\/\/schema.org\",\"@graph\":[{\"@type\":\"WebPage\",\"@id\":\"https:\/\/institucional.ufrrj.br\/fazendinha\/teses-e-dissertacoes-do-programa-de-pos-graduacao-em-agronomia-e-ciencia-do-solo-no-sipa\/\",\"url\":\"https:\/\/institucional.ufrrj.br\/fazendinha\/teses-e-dissertacoes-do-programa-de-pos-graduacao-em-agronomia-e-ciencia-do-solo-no-sipa\/\",\"name\":\"Teses e Disserta\u00e7\u00f5es do Programa de P\u00f3s-Gradua\u00e7\u00e3o em Agronomia e Ci\u00eancia do Solo no SIPA - Fazendinha\",\"isPartOf\":{\"@id\":\"https:\/\/institucional.ufrrj.br\/fazendinha\/#website\"},\"primaryImageOfPage\":{\"@id\":\"https:\/\/institucional.ufrrj.br\/fazendinha\/teses-e-dissertacoes-do-programa-de-pos-graduacao-em-agronomia-e-ciencia-do-solo-no-sipa\/#primaryimage\"},\"image\":{\"@id\":\"https:\/\/institucional.ufrrj.br\/fazendinha\/teses-e-dissertacoes-do-programa-de-pos-graduacao-em-agronomia-e-ciencia-do-solo-no-sipa\/#primaryimage\"},\"thumbnailUrl\":\"http:\/\/institucional.ufrrj.br\/fazendinha\/files\/2018\/09\/566372capes-1-1.jpg\",\"datePublished\":\"2020-04-15T18:41:24+00:00\",\"dateModified\":\"2020-04-17T17:19:42+00:00\",\"breadcrumb\":{\"@id\":\"https:\/\/institucional.ufrrj.br\/fazendinha\/teses-e-dissertacoes-do-programa-de-pos-graduacao-em-agronomia-e-ciencia-do-solo-no-sipa\/#breadcrumb\"},\"inLanguage\":\"pt-BR\",\"potentialAction\":[{\"@type\":\"ReadAction\",\"target\":[\"https:\/\/institucional.ufrrj.br\/fazendinha\/teses-e-dissertacoes-do-programa-de-pos-graduacao-em-agronomia-e-ciencia-do-solo-no-sipa\/\"]}]},{\"@type\":\"ImageObject\",\"inLanguage\":\"pt-BR\",\"@id\":\"https:\/\/institucional.ufrrj.br\/fazendinha\/teses-e-dissertacoes-do-programa-de-pos-graduacao-em-agronomia-e-ciencia-do-solo-no-sipa\/#primaryimage\",\"url\":\"http:\/\/institucional.ufrrj.br\/fazendinha\/files\/2018\/09\/566372capes-1-1.jpg\",\"contentUrl\":\"http:\/\/institucional.ufrrj.br\/fazendinha\/files\/2018\/09\/566372capes-1-1.jpg\"},{\"@type\":\"BreadcrumbList\",\"@id\":\"https:\/\/institucional.ufrrj.br\/fazendinha\/teses-e-dissertacoes-do-programa-de-pos-graduacao-em-agronomia-e-ciencia-do-solo-no-sipa\/#breadcrumb\",\"itemListElement\":[{\"@type\":\"ListItem\",\"position\":1,\"name\":\"In\u00edcio\",\"item\":\"https:\/\/institucional.ufrrj.br\/fazendinha\/\"},{\"@type\":\"ListItem\",\"position\":2,\"name\":\"Teses e Disserta\u00e7\u00f5es do Programa de P\u00f3s-Gradua\u00e7\u00e3o em Agronomia e Ci\u00eancia do Solo no SIPA\"}]},{\"@type\":\"WebSite\",\"@id\":\"https:\/\/institucional.ufrrj.br\/fazendinha\/#website\",\"url\":\"https:\/\/institucional.ufrrj.br\/fazendinha\/\",\"name\":\"Fazendinha\",\"description\":\"S\u00f3 mais um site institucional.ufrrj.br\",\"potentialAction\":[{\"@type\":\"SearchAction\",\"target\":{\"@type\":\"EntryPoint\",\"urlTemplate\":\"https:\/\/institucional.ufrrj.br\/fazendinha\/?s={search_term_string}\"},\"query-input\":{\"@type\":\"PropertyValueSpecification\",\"valueRequired\":true,\"valueName\":\"search_term_string\"}}],\"inLanguage\":\"pt-BR\"}]}<\/script>\n<!-- \/ Yoast SEO plugin. -->","yoast_head_json":{"title":"Teses e Disserta\u00e7\u00f5es do Programa de P\u00f3s-Gradua\u00e7\u00e3o em Agronomia e Ci\u00eancia do Solo no SIPA - Fazendinha","robots":{"index":"index","follow":"follow","max-snippet":"max-snippet:-1","max-image-preview":"max-image-preview:large","max-video-preview":"max-video-preview:-1"},"canonical":"https:\/\/institucional.ufrrj.br\/fazendinha\/teses-e-dissertacoes-do-programa-de-pos-graduacao-em-agronomia-e-ciencia-do-solo-no-sipa\/","og_locale":"pt_BR","og_type":"article","og_title":"Teses e Disserta\u00e7\u00f5es do Programa de P\u00f3s-Gradua\u00e7\u00e3o em Agronomia e Ci\u00eancia do Solo no SIPA - Fazendinha","og_description":"Ao longo de mais de 25 anos, a Fazendinha vem propiciando a forma\u00e7\u00e3o de recursos humanos e o desenvolvimento de ... leia mais","og_url":"https:\/\/institucional.ufrrj.br\/fazendinha\/teses-e-dissertacoes-do-programa-de-pos-graduacao-em-agronomia-e-ciencia-do-solo-no-sipa\/","og_site_name":"Fazendinha","article_modified_time":"2020-04-17T17:19:42+00:00","og_image":[{"url":"http:\/\/institucional.ufrrj.br\/fazendinha\/files\/2018\/09\/566372capes-1-1.jpg","type":"","width":"","height":""}],"twitter_card":"summary_large_image","twitter_misc":{"Est. tempo de leitura":"3 minutos"},"schema":{"@context":"https:\/\/schema.org","@graph":[{"@type":"WebPage","@id":"https:\/\/institucional.ufrrj.br\/fazendinha\/teses-e-dissertacoes-do-programa-de-pos-graduacao-em-agronomia-e-ciencia-do-solo-no-sipa\/","url":"https:\/\/institucional.ufrrj.br\/fazendinha\/teses-e-dissertacoes-do-programa-de-pos-graduacao-em-agronomia-e-ciencia-do-solo-no-sipa\/","name":"Teses e Disserta\u00e7\u00f5es do Programa de P\u00f3s-Gradua\u00e7\u00e3o em Agronomia e Ci\u00eancia do Solo no SIPA - Fazendinha","isPartOf":{"@id":"https:\/\/institucional.ufrrj.br\/fazendinha\/#website"},"primaryImageOfPage":{"@id":"https:\/\/institucional.ufrrj.br\/fazendinha\/teses-e-dissertacoes-do-programa-de-pos-graduacao-em-agronomia-e-ciencia-do-solo-no-sipa\/#primaryimage"},"image":{"@id":"https:\/\/institucional.ufrrj.br\/fazendinha\/teses-e-dissertacoes-do-programa-de-pos-graduacao-em-agronomia-e-ciencia-do-solo-no-sipa\/#primaryimage"},"thumbnailUrl":"http:\/\/institucional.ufrrj.br\/fazendinha\/files\/2018\/09\/566372capes-1-1.jpg","datePublished":"2020-04-15T18:41:24+00:00","dateModified":"2020-04-17T17:19:42+00:00","breadcrumb":{"@id":"https:\/\/institucional.ufrrj.br\/fazendinha\/teses-e-dissertacoes-do-programa-de-pos-graduacao-em-agronomia-e-ciencia-do-solo-no-sipa\/#breadcrumb"},"inLanguage":"pt-BR","potentialAction":[{"@type":"ReadAction","target":["https:\/\/institucional.ufrrj.br\/fazendinha\/teses-e-dissertacoes-do-programa-de-pos-graduacao-em-agronomia-e-ciencia-do-solo-no-sipa\/"]}]},{"@type":"ImageObject","inLanguage":"pt-BR","@id":"https:\/\/institucional.ufrrj.br\/fazendinha\/teses-e-dissertacoes-do-programa-de-pos-graduacao-em-agronomia-e-ciencia-do-solo-no-sipa\/#primaryimage","url":"http:\/\/institucional.ufrrj.br\/fazendinha\/files\/2018\/09\/566372capes-1-1.jpg","contentUrl":"http:\/\/institucional.ufrrj.br\/fazendinha\/files\/2018\/09\/566372capes-1-1.jpg"},{"@type":"BreadcrumbList","@id":"https:\/\/institucional.ufrrj.br\/fazendinha\/teses-e-dissertacoes-do-programa-de-pos-graduacao-em-agronomia-e-ciencia-do-solo-no-sipa\/#breadcrumb","itemListElement":[{"@type":"ListItem","position":1,"name":"In\u00edcio","item":"https:\/\/institucional.ufrrj.br\/fazendinha\/"},{"@type":"ListItem","position":2,"name":"Teses e Disserta\u00e7\u00f5es do Programa de P\u00f3s-Gradua\u00e7\u00e3o em Agronomia e Ci\u00eancia do Solo no SIPA"}]},{"@type":"WebSite","@id":"https:\/\/institucional.ufrrj.br\/fazendinha\/#website","url":"https:\/\/institucional.ufrrj.br\/fazendinha\/","name":"Fazendinha","description":"S\u00f3 mais um site institucional.ufrrj.br","potentialAction":[{"@type":"SearchAction","target":{"@type":"EntryPoint","urlTemplate":"https:\/\/institucional.ufrrj.br\/fazendinha\/?s={search_term_string}"},"query-input":{"@type":"PropertyValueSpecification","valueRequired":true,"valueName":"search_term_string"}}],"inLanguage":"pt-BR"}]}},"acf":[],"_links":{"self":[{"href":"https:\/\/institucional.ufrrj.br\/fazendinha\/wp-json\/wp\/v2\/pages\/1761","targetHints":{"allow":["GET"]}}],"collection":[{"href":"https:\/\/institucional.ufrrj.br\/fazendinha\/wp-json\/wp\/v2\/pages"}],"about":[{"href":"https:\/\/institucional.ufrrj.br\/fazendinha\/wp-json\/wp\/v2\/types\/page"}],"author":[{"embeddable":true,"href":"https:\/\/institucional.ufrrj.br\/fazendinha\/wp-json\/wp\/v2\/users\/743"}],"replies":[{"embeddable":true,"href":"https:\/\/institucional.ufrrj.br\/fazendinha\/wp-json\/wp\/v2\/comments?post=1761"}],"version-history":[{"count":5,"href":"https:\/\/institucional.ufrrj.br\/fazendinha\/wp-json\/wp\/v2\/pages\/1761\/revisions"}],"predecessor-version":[{"id":1789,"href":"https:\/\/institucional.ufrrj.br\/fazendinha\/wp-json\/wp\/v2\/pages\/1761\/revisions\/1789"}],"wp:attachment":[{"href":"https:\/\/institucional.ufrrj.br\/fazendinha\/wp-json\/wp\/v2\/media?parent=1761"}],"curies":[{"name":"wp","href":"https:\/\/api.w.org\/{rel}","templated":true}]}}