{"id":131,"date":"2019-04-10T16:33:55","date_gmt":"2019-04-10T19:33:55","guid":{"rendered":"http:\/\/institucional.ufrrj.br\/fazendinha\/?page_id=131"},"modified":"2019-11-19T20:21:41","modified_gmt":"2019-11-19T23:21:41","slug":"extensao","status":"publish","type":"page","link":"https:\/\/institucional.ufrrj.br\/fazendinha\/extensao\/","title":{"rendered":"Extens\u00e3o"},"content":{"rendered":"<div id=\"attachment_579\" style=\"width: 3394px\" class=\"wp-caption aligncenter\"><img loading=\"lazy\" decoding=\"async\" aria-describedby=\"caption-attachment-579\" class=\"wp-image-579 size-full\" src=\"https:\/\/institucional.ufrrj.br\/fazendinha\/files\/2019\/05\/extens\u00e3o.JPG.jpg\" alt=\"\" width=\"3384\" height=\"2538\" srcset=\"https:\/\/institucional.ufrrj.br\/fazendinha\/files\/2019\/05\/extens\u00e3o.JPG.jpg 3384w, https:\/\/institucional.ufrrj.br\/fazendinha\/files\/2019\/05\/extens\u00e3o.JPG-300x225.jpg 300w, https:\/\/institucional.ufrrj.br\/fazendinha\/files\/2019\/05\/extens\u00e3o.JPG-768x576.jpg 768w, https:\/\/institucional.ufrrj.br\/fazendinha\/files\/2019\/05\/extens\u00e3o.JPG-1024x768.jpg 1024w\" sizes=\"auto, (max-width: 3384px) 100vw, 3384px\" \/><p id=\"caption-attachment-579\" class=\"wp-caption-text\">Agricultores\/pesquisadores no m\u00f3dulo de produ\u00e7\u00e3o intensiva de hortali\u00e7as org\u00e2nicas na Fazendinha Agroecol\u00f3gica Km 47.<\/p><\/div>\n<p class=\"x_MsoNormal\">As a\u00e7\u00f5es de extens\u00e3o realizadas na Fazendinha s\u00e3o parte integrante de atividades de investiga\u00e7\u00e3o e de ensino do Col\u00e9gio T\u00e9cnico e dos Cursos de Gradua\u00e7\u00e3o e de P\u00f3s-Gradua\u00e7\u00e3o da UFRRJ com as institui\u00e7\u00f5es parceiras. A partir da integra\u00e7\u00e3o do saber com o fazer de agricultores, t\u00e9cnicos, estudantes, professores e pesquisadores, emerge uma rede de conhecimentos necess\u00e1ria \u00e0 vida acad\u00eamica e \u00e0 transforma\u00e7\u00e3o social.<\/p>\n<p class=\"x_MsoNormal\">Quest\u00f5es do nosso tempo incluem a necessidade de produzir alimentos em bases agroecol\u00f3gicas para garantir o direito humano \u00e0 soberania e \u00e0 seguran\u00e7a alimentar e nutricional, combater a pobreza rural, valorizar e \u00a0visibilizar a agricultura familiar e promover equidade e resili\u00eancia.<\/p>\n<p class=\"x_MsoNormal\">Nesse sentido, a Fazendinha ap\u00f3ia diversas iniciativas integradas aos agricultores e agricultoras locais, seus coletivos e entidades representativas, tais como a <a href=\"http:\/\/abiorj.org\/\" target=\"_blank\" rel=\"noopener noreferrer\">Associa\u00e7\u00e3o de Agricultores Biol\u00f3gicos do Estado do Rio de Janeiro (ABIO)<\/a>; o <a href=\"http:\/\/institucional.ufrrj.br\/agroecologia\/\" target=\"_blank\" rel=\"noopener noreferrer\">Programa de Extens\u00e3o Universit\u00e1ria \u201cFortalecimento da Agricultura Familiar\u201d da UFRRJ<\/a>; a Rede Estadual de Sementes Agroecol\u00f3gicas, o <a href=\"http:\/\/cursos.ufrrj.br\/grad\/agronomia\/gae-grupo-agroecologico\/\" target=\"_blank\" rel=\"noopener noreferrer\">Grupo de Agricultura Ecol\u00f3gica da Rural &#8211; GAE<\/a>, a <a href=\"https:\/\/agroecologiaemrede.org.br\/experiencias.php?experiencia=624\" target=\"_blank\" rel=\"noopener noreferrer\">Escolinha de Agroecologia de Nova Igua\u00e7u<\/a>, dentre tantas outras.<\/p>\n<p class=\"x_MsoNormal\">S\u00e3o socializados os resultados de pesquisas\u00a0em diversas a\u00e7\u00f5es, incluindo interc\u00e2mbios, cursos, oficinas, rodas de conversas, reuni\u00f5es t\u00e9cnicas, pesquisas participativas e viv\u00eancias.<\/p>\n<p>As atividades s\u00e3o realizadas com acompanhamento de um profissional que atua na Fazendinha e podem ser agendadas por meio do preenchimento do <a href=\"https:\/\/institucional.ufrrj.br\/fazendinha\/formulario-de-agendamento\/\" target=\"_blank\" rel=\"noopener noreferrer\">Formul\u00e1rio de Agendamento.<\/a><\/p>\n<p style=\"text-align: right\">\n","protected":false},"excerpt":{"rendered":"<p>As a\u00e7\u00f5es de extens\u00e3o realizadas na Fazendinha s\u00e3o parte integrante de atividades de investiga\u00e7\u00e3o e de ensino do Col\u00e9gio T\u00e9cnico <a class=\"read-more\" href=\"https:\/\/institucional.ufrrj.br\/fazendinha\/extensao\/ \" >&#8230; <span class=\"font-italic\">leia mais <i class=\"fas fa-angle-right\"><\/i><\/span><\/a><\/p>\n","protected":false},"author":743,"featured_media":0,"parent":0,"menu_order":0,"comment_status":"closed","ping_status":"closed","template":"","meta":{"_acf_changed":false,"footnotes":""},"class_list":["post-131","page","type-page","status-publish","hentry"],"yoast_head":"<!-- This site is optimized with the Yoast SEO plugin v27.2 - https:\/\/yoast.com\/product\/yoast-seo-wordpress\/ -->\n<title>Extens\u00e3o - Fazendinha<\/title>\n<meta name=\"robots\" content=\"index, follow, max-snippet:-1, max-image-preview:large, max-video-preview:-1\" \/>\n<link rel=\"canonical\" href=\"https:\/\/institucional.ufrrj.br\/fazendinha\/extensao\/\" \/>\n<meta property=\"og:locale\" content=\"pt_BR\" \/>\n<meta property=\"og:type\" content=\"article\" \/>\n<meta property=\"og:title\" content=\"Extens\u00e3o - Fazendinha\" \/>\n<meta property=\"og:description\" content=\"As a\u00e7\u00f5es de extens\u00e3o realizadas na Fazendinha s\u00e3o parte integrante de atividades de investiga\u00e7\u00e3o e de ensino do Col\u00e9gio T\u00e9cnico ... leia mais\" \/>\n<meta property=\"og:url\" content=\"https:\/\/institucional.ufrrj.br\/fazendinha\/extensao\/\" \/>\n<meta property=\"og:site_name\" content=\"Fazendinha\" \/>\n<meta property=\"article:modified_time\" content=\"2019-11-19T23:21:41+00:00\" \/>\n<meta name=\"twitter:card\" content=\"summary_large_image\" \/>\n<meta name=\"twitter:label1\" content=\"Est. tempo de leitura\" \/>\n\t<meta name=\"twitter:data1\" content=\"1 minuto\" \/>\n<script type=\"application\/ld+json\" class=\"yoast-schema-graph\">{\"@context\":\"https:\/\/schema.org\",\"@graph\":[{\"@type\":\"WebPage\",\"@id\":\"https:\/\/institucional.ufrrj.br\/fazendinha\/extensao\/\",\"url\":\"https:\/\/institucional.ufrrj.br\/fazendinha\/extensao\/\",\"name\":\"Extens\u00e3o - Fazendinha\",\"isPartOf\":{\"@id\":\"https:\/\/institucional.ufrrj.br\/fazendinha\/#website\"},\"datePublished\":\"2019-04-10T19:33:55+00:00\",\"dateModified\":\"2019-11-19T23:21:41+00:00\",\"breadcrumb\":{\"@id\":\"https:\/\/institucional.ufrrj.br\/fazendinha\/extensao\/#breadcrumb\"},\"inLanguage\":\"pt-BR\",\"potentialAction\":[{\"@type\":\"ReadAction\",\"target\":[\"https:\/\/institucional.ufrrj.br\/fazendinha\/extensao\/\"]}]},{\"@type\":\"BreadcrumbList\",\"@id\":\"https:\/\/institucional.ufrrj.br\/fazendinha\/extensao\/#breadcrumb\",\"itemListElement\":[{\"@type\":\"ListItem\",\"position\":1,\"name\":\"In\u00edcio\",\"item\":\"https:\/\/institucional.ufrrj.br\/fazendinha\/\"},{\"@type\":\"ListItem\",\"position\":2,\"name\":\"Extens\u00e3o\"}]},{\"@type\":\"WebSite\",\"@id\":\"https:\/\/institucional.ufrrj.br\/fazendinha\/#website\",\"url\":\"https:\/\/institucional.ufrrj.br\/fazendinha\/\",\"name\":\"Fazendinha\",\"description\":\"S\u00f3 mais um site institucional.ufrrj.br\",\"potentialAction\":[{\"@type\":\"SearchAction\",\"target\":{\"@type\":\"EntryPoint\",\"urlTemplate\":\"https:\/\/institucional.ufrrj.br\/fazendinha\/?s={search_term_string}\"},\"query-input\":{\"@type\":\"PropertyValueSpecification\",\"valueRequired\":true,\"valueName\":\"search_term_string\"}}],\"inLanguage\":\"pt-BR\"}]}<\/script>\n<!-- \/ Yoast SEO plugin. -->","yoast_head_json":{"title":"Extens\u00e3o - Fazendinha","robots":{"index":"index","follow":"follow","max-snippet":"max-snippet:-1","max-image-preview":"max-image-preview:large","max-video-preview":"max-video-preview:-1"},"canonical":"https:\/\/institucional.ufrrj.br\/fazendinha\/extensao\/","og_locale":"pt_BR","og_type":"article","og_title":"Extens\u00e3o - Fazendinha","og_description":"As a\u00e7\u00f5es de extens\u00e3o realizadas na Fazendinha s\u00e3o parte integrante de atividades de investiga\u00e7\u00e3o e de ensino do Col\u00e9gio T\u00e9cnico ... leia mais","og_url":"https:\/\/institucional.ufrrj.br\/fazendinha\/extensao\/","og_site_name":"Fazendinha","article_modified_time":"2019-11-19T23:21:41+00:00","twitter_card":"summary_large_image","twitter_misc":{"Est. tempo de leitura":"1 minuto"},"schema":{"@context":"https:\/\/schema.org","@graph":[{"@type":"WebPage","@id":"https:\/\/institucional.ufrrj.br\/fazendinha\/extensao\/","url":"https:\/\/institucional.ufrrj.br\/fazendinha\/extensao\/","name":"Extens\u00e3o - Fazendinha","isPartOf":{"@id":"https:\/\/institucional.ufrrj.br\/fazendinha\/#website"},"datePublished":"2019-04-10T19:33:55+00:00","dateModified":"2019-11-19T23:21:41+00:00","breadcrumb":{"@id":"https:\/\/institucional.ufrrj.br\/fazendinha\/extensao\/#breadcrumb"},"inLanguage":"pt-BR","potentialAction":[{"@type":"ReadAction","target":["https:\/\/institucional.ufrrj.br\/fazendinha\/extensao\/"]}]},{"@type":"BreadcrumbList","@id":"https:\/\/institucional.ufrrj.br\/fazendinha\/extensao\/#breadcrumb","itemListElement":[{"@type":"ListItem","position":1,"name":"In\u00edcio","item":"https:\/\/institucional.ufrrj.br\/fazendinha\/"},{"@type":"ListItem","position":2,"name":"Extens\u00e3o"}]},{"@type":"WebSite","@id":"https:\/\/institucional.ufrrj.br\/fazendinha\/#website","url":"https:\/\/institucional.ufrrj.br\/fazendinha\/","name":"Fazendinha","description":"S\u00f3 mais um site institucional.ufrrj.br","potentialAction":[{"@type":"SearchAction","target":{"@type":"EntryPoint","urlTemplate":"https:\/\/institucional.ufrrj.br\/fazendinha\/?s={search_term_string}"},"query-input":{"@type":"PropertyValueSpecification","valueRequired":true,"valueName":"search_term_string"}}],"inLanguage":"pt-BR"}]}},"acf":[],"_links":{"self":[{"href":"https:\/\/institucional.ufrrj.br\/fazendinha\/wp-json\/wp\/v2\/pages\/131","targetHints":{"allow":["GET"]}}],"collection":[{"href":"https:\/\/institucional.ufrrj.br\/fazendinha\/wp-json\/wp\/v2\/pages"}],"about":[{"href":"https:\/\/institucional.ufrrj.br\/fazendinha\/wp-json\/wp\/v2\/types\/page"}],"author":[{"embeddable":true,"href":"https:\/\/institucional.ufrrj.br\/fazendinha\/wp-json\/wp\/v2\/users\/743"}],"replies":[{"embeddable":true,"href":"https:\/\/institucional.ufrrj.br\/fazendinha\/wp-json\/wp\/v2\/comments?post=131"}],"version-history":[{"count":18,"href":"https:\/\/institucional.ufrrj.br\/fazendinha\/wp-json\/wp\/v2\/pages\/131\/revisions"}],"predecessor-version":[{"id":1637,"href":"https:\/\/institucional.ufrrj.br\/fazendinha\/wp-json\/wp\/v2\/pages\/131\/revisions\/1637"}],"wp:attachment":[{"href":"https:\/\/institucional.ufrrj.br\/fazendinha\/wp-json\/wp\/v2\/media?parent=131"}],"curies":[{"name":"wp","href":"https:\/\/api.w.org\/{rel}","templated":true}]}}