{"id":129,"date":"2019-04-10T16:33:50","date_gmt":"2019-04-10T19:33:50","guid":{"rendered":"http:\/\/institucional.ufrrj.br\/fazendinha\/?page_id=129"},"modified":"2019-11-19T19:58:42","modified_gmt":"2019-11-19T22:58:42","slug":"ensino","status":"publish","type":"page","link":"https:\/\/institucional.ufrrj.br\/fazendinha\/ensino\/","title":{"rendered":"Ensino"},"content":{"rendered":"<p>A Fazendinha \u00e9 considerada uma sala de aula te\u00f3rica e pr\u00e1tica para as disciplinas de Cursos T\u00e9cnicos do CTUR, da gradua\u00e7\u00e3o e da p\u00f3s-gradua\u00e7\u00e3o\u00a0 da UFRRJ, mas tamb\u00e9m sendo utilizada por outras institui\u00e7\u00f5es do Pa\u00eds e do exterior. As aulas s\u00e3o conduzidas pelos professores, com ou sem acompanhamento, podendo ser agendadas atrav\u00e9s do site, preenchendo o <a href=\"https:\/\/institucional.ufrrj.br\/fazendinha\/formulario-de-agendamento\/\" target=\"_blank\" rel=\"noopener noreferrer\">Formul\u00e1rio de Agendamento<\/a>.<\/p>\n<p>&nbsp;<\/p>\n<p style=\"text-align: left\">O Centro de Forma\u00e7\u00e3o em Agroecologia e Agricultura Org\u00e2nica (CFAAO) \u00a0\u00e9 um espa\u00e7o que abriga sala de aula, audit\u00f3rio e uma maquete da Fazendinha, na qual \u00e9 poss\u00edvel visualizar a \u00e1rea total de aproximadamente 70 hectares, dividida em produ\u00e7\u00e3o vegetal, animal,\u00a0 \u00e1rea de mata e corredor ecol\u00f3gico.<\/p>\n<div class=\"mceTemp\"><\/div>\n<div class=\"mceTemp\"><\/div>\n<div id=\"attachment_1466\" style=\"width: 703px\" class=\"wp-caption aligncenter\"><img loading=\"lazy\" decoding=\"async\" aria-describedby=\"caption-attachment-1466\" class=\"wp-image-1466\" src=\"https:\/\/institucional.ufrrj.br\/fazendinha\/files\/2019\/11\/cfaao-300x159.jpg\" alt=\"\" width=\"693\" height=\"368\" srcset=\"https:\/\/institucional.ufrrj.br\/fazendinha\/files\/2019\/11\/cfaao-300x159.jpg 300w, https:\/\/institucional.ufrrj.br\/fazendinha\/files\/2019\/11\/cfaao.jpg 458w\" sizes=\"auto, (max-width: 693px) 100vw, 693px\" \/><p id=\"caption-attachment-1466\" class=\"wp-caption-text\">Centro de Forma\u00e7\u00e3o em Agroecologia e Agricultura Org\u00e2nica (CFAAO) na Fazendinha Agroecol\u00f3gica km 47 (Foto: Ant\u00f4nio C.S. Abboud)<\/p><\/div>\n<p>Na Fazendinha, a inser\u00e7\u00e3o dos alunos dos Col\u00e9gio T\u00e9cnico da UFRRJ (CTUR) possibilita o exerc\u00edcio da agroecologia, promovendo maior grau de entendimento sobre sustentabilidade dos sistemas agroalimentares, incluindo seguran\u00e7a alimentar e conserva\u00e7\u00e3o do meio ambiente.<\/p>\n<p>Para sensibilizar os alunos durante a visita, unem-se teoria e pr\u00e1tica, promovendo a educa\u00e7\u00e3o pela agroecologia, proporcionando contato com a terra, conhecimento dos ciclos biogeoqu\u00edmicos, aduba\u00e7\u00e3o org\u00e2nica, produ\u00e7\u00e3o de substratos, semeadura, plantio de hortas, tratos culturais e finalmente a colheita.<\/p>\n<p>A reflex\u00e3o sobre a sa\u00fade promovida pelo consumo de alimentos saud\u00e1veis, diversificados, livre de contaminantes e localmente produzidos \u00e9 promovida no decorrer das atividades da viv\u00eancia, destacando a import\u00e2ncia da agricultura em bases agroecol\u00f3gicas.<\/p>\n<p>O <a href=\"http:\/\/r1.ufrrj.br\/ctur\/\" target=\"_blank\" rel=\"noopener noreferrer\">\u00a0CTUR<\/a> oferece o <a href=\"http:\/\/r1.ufrrj.br\/ctur\/curso-tecnico-em-agroecologia\/\" target=\"_blank\" rel=\"noopener noreferrer\">Curso T\u00e9cnico em Agroecologia<\/a> para alunos de toda regi\u00e3o e tem por objetivo formar profissionais para atuar em sistemas de produ\u00e7\u00e3o em agropecu\u00e1ria, extrativismo de base agroecol\u00f3gica e t\u00e9cnicas de sistemas org\u00e2nicos. O curso \u00e9 oferecido de forma integrada ou em concomit\u00e2ncia externa.<\/p>\n<p>&nbsp;<\/p>\n<div id=\"attachment_574\" style=\"width: 650px\" class=\"wp-caption aligncenter\"><img loading=\"lazy\" decoding=\"async\" aria-describedby=\"caption-attachment-574\" class=\"wp-image-574 size-full\" src=\"https:\/\/institucional.ufrrj.br\/fazendinha\/files\/2019\/05\/article-1.jpg\" alt=\"\" width=\"640\" height=\"426\" srcset=\"https:\/\/institucional.ufrrj.br\/fazendinha\/files\/2019\/05\/article-1.jpg 640w, https:\/\/institucional.ufrrj.br\/fazendinha\/files\/2019\/05\/article-1-300x200.jpg 300w\" sizes=\"auto, (max-width: 640px) 100vw, 640px\" \/><p id=\"caption-attachment-574\" class=\"wp-caption-text\">Alunos do ensino fundamental e pesquisadores em volta da maquete da Fazendinha Agroecol\u00f3gica<\/p><\/div>\n<p>&nbsp;<\/p>\n<hr \/>\n<p><img loading=\"lazy\" decoding=\"async\" class=\"wp-image-1467 alignleft\" src=\"https:\/\/institucional.ufrrj.br\/fazendinha\/files\/2019\/11\/ppgao-236x300.png\" alt=\"\" width=\"272\" height=\"346\" \/><\/p>\n<p>&nbsp;<\/p>\n<p>A experi\u00eancia da\u00a0Fazendinha motivou a cria\u00e7\u00e3o em 2010, do <a href=\"http:\/\/cursos.ufrrj.br\/posgraduacao\/ppgao\/\" target=\"_blank\" rel=\"noopener noreferrer\">Programa de P\u00f3s Gradua\u00e7\u00e3o em Agricultura Org\u00e2nica<\/a> (PPGAO), com sede no CFAAO, que oferece o Curso de Mestrado Profissional em Agricultura Org\u00e2nica (Parceria <a href=\"http:\/\/portal.ufrrj.br\/\">UFRRJ<\/a>, <a href=\"http:\/\/www.pesagro.rj.gov.br\/\">Pesagro-Rio<\/a> e <a href=\"https:\/\/www.embrapa.br\/agrobiologia\">Embrapa Agrobiologia<\/a>).<\/p>\n<p>Optou-se pela modalidade profissional do Curso de Mestrado, com vistas a atender a demanda por cursos de forma\u00e7\u00e3o e aperfei\u00e7oamento para profissionais que atuam em agricultura org\u00e2nica nos setores p\u00fablicos, privado e organiza\u00e7\u00f5es n\u00e3o governamentais, em atividades de ensino, de pesquisa, de extens\u00e3o, produ\u00e7\u00e3o, consultoria t\u00e9cnica e\/ou de gest\u00e3o.<\/p>\n<p>Al\u00e9m do PPGAO, professores e estudantes de v\u00e1rios Programas da UFRRJ, desenvolvem atividades acad\u00eamicas na Fazendinha, destacando-se a P\u00f3s-Gradua\u00e7\u00e3o em Agronomia &#8211; <a href=\"http:\/\/cursos.ufrrj.br\/posgraduacao\/cpgacs\/\" target=\"_blank\" rel=\"noopener noreferrer\">Ci\u00eancias do Solo (CPGACS)<\/a>, <a href=\"http:\/\/cursos.ufrrj.br\/posgraduacao\/ppgf\/\" target=\"_blank\" rel=\"noopener noreferrer\">Fitotecnia (PPGF<\/a>), <a href=\"http:\/\/r1.ufrrj.br\/wp\/ppgcta\/\" target=\"_blank\" rel=\"noopener noreferrer\">Ci\u00eancia e Tecnologia de Alimentos (PPCTA)<\/a> e <a href=\"http:\/\/r1.ufrrj.br\/wp\/ppgcaf\/category\/corpo-docente\/permanente\/\" target=\"_blank\" rel=\"noopener noreferrer\">Ci\u00eancias Ambientais e Florestais (PPGCAF)<\/a><\/p>\n<p>&nbsp;<\/p>\n<p>&nbsp;<\/p>\n<p style=\"text-align: right\"><a href=\"http:\/\/cursos.ufrrj.br\/posgraduacao\/?page_id=248\" target=\"_blank\" rel=\"noopener noreferrer\">Clique aqui e saiba mais sobre os Cursos de P\u00f3s-Gradua\u00e7\u00e3o da UFRRJ.<\/a><\/p>\n<p>&nbsp;<\/p>\n","protected":false},"excerpt":{"rendered":"<p>A Fazendinha \u00e9 considerada uma sala de aula te\u00f3rica e pr\u00e1tica para as disciplinas de Cursos T\u00e9cnicos do CTUR, da <a class=\"read-more\" href=\"https:\/\/institucional.ufrrj.br\/fazendinha\/ensino\/ \" >&#8230; <span class=\"font-italic\">leia mais <i class=\"fas fa-angle-right\"><\/i><\/span><\/a><\/p>\n","protected":false},"author":743,"featured_media":0,"parent":0,"menu_order":0,"comment_status":"closed","ping_status":"closed","template":"","meta":{"_acf_changed":false,"footnotes":""},"class_list":["post-129","page","type-page","status-publish","hentry"],"yoast_head":"<!-- This site is optimized with the Yoast SEO plugin v27.2 - https:\/\/yoast.com\/product\/yoast-seo-wordpress\/ -->\n<title>Ensino - Fazendinha<\/title>\n<meta name=\"robots\" content=\"index, follow, max-snippet:-1, max-image-preview:large, max-video-preview:-1\" \/>\n<link rel=\"canonical\" href=\"https:\/\/institucional.ufrrj.br\/fazendinha\/ensino\/\" \/>\n<meta property=\"og:locale\" content=\"pt_BR\" \/>\n<meta property=\"og:type\" content=\"article\" \/>\n<meta property=\"og:title\" content=\"Ensino - Fazendinha\" \/>\n<meta property=\"og:description\" content=\"A Fazendinha \u00e9 considerada uma sala de aula te\u00f3rica e pr\u00e1tica para as disciplinas de Cursos T\u00e9cnicos do CTUR, da ... leia mais\" \/>\n<meta property=\"og:url\" content=\"https:\/\/institucional.ufrrj.br\/fazendinha\/ensino\/\" \/>\n<meta property=\"og:site_name\" content=\"Fazendinha\" \/>\n<meta property=\"article:modified_time\" content=\"2019-11-19T22:58:42+00:00\" \/>\n<meta property=\"og:image\" content=\"http:\/\/institucional.ufrrj.br\/fazendinha\/files\/2019\/11\/cfaao-300x159.jpg\" \/>\n<meta name=\"twitter:card\" content=\"summary_large_image\" \/>\n<meta name=\"twitter:label1\" content=\"Est. tempo de leitura\" \/>\n\t<meta name=\"twitter:data1\" content=\"3 minutos\" \/>\n<script type=\"application\/ld+json\" class=\"yoast-schema-graph\">{\"@context\":\"https:\/\/schema.org\",\"@graph\":[{\"@type\":\"WebPage\",\"@id\":\"https:\/\/institucional.ufrrj.br\/fazendinha\/ensino\/\",\"url\":\"https:\/\/institucional.ufrrj.br\/fazendinha\/ensino\/\",\"name\":\"Ensino - Fazendinha\",\"isPartOf\":{\"@id\":\"https:\/\/institucional.ufrrj.br\/fazendinha\/#website\"},\"primaryImageOfPage\":{\"@id\":\"https:\/\/institucional.ufrrj.br\/fazendinha\/ensino\/#primaryimage\"},\"image\":{\"@id\":\"https:\/\/institucional.ufrrj.br\/fazendinha\/ensino\/#primaryimage\"},\"thumbnailUrl\":\"http:\/\/institucional.ufrrj.br\/fazendinha\/files\/2019\/11\/cfaao-300x159.jpg\",\"datePublished\":\"2019-04-10T19:33:50+00:00\",\"dateModified\":\"2019-11-19T22:58:42+00:00\",\"breadcrumb\":{\"@id\":\"https:\/\/institucional.ufrrj.br\/fazendinha\/ensino\/#breadcrumb\"},\"inLanguage\":\"pt-BR\",\"potentialAction\":[{\"@type\":\"ReadAction\",\"target\":[\"https:\/\/institucional.ufrrj.br\/fazendinha\/ensino\/\"]}]},{\"@type\":\"ImageObject\",\"inLanguage\":\"pt-BR\",\"@id\":\"https:\/\/institucional.ufrrj.br\/fazendinha\/ensino\/#primaryimage\",\"url\":\"http:\/\/institucional.ufrrj.br\/fazendinha\/files\/2019\/11\/cfaao-300x159.jpg\",\"contentUrl\":\"http:\/\/institucional.ufrrj.br\/fazendinha\/files\/2019\/11\/cfaao-300x159.jpg\"},{\"@type\":\"BreadcrumbList\",\"@id\":\"https:\/\/institucional.ufrrj.br\/fazendinha\/ensino\/#breadcrumb\",\"itemListElement\":[{\"@type\":\"ListItem\",\"position\":1,\"name\":\"In\u00edcio\",\"item\":\"https:\/\/institucional.ufrrj.br\/fazendinha\/\"},{\"@type\":\"ListItem\",\"position\":2,\"name\":\"Ensino\"}]},{\"@type\":\"WebSite\",\"@id\":\"https:\/\/institucional.ufrrj.br\/fazendinha\/#website\",\"url\":\"https:\/\/institucional.ufrrj.br\/fazendinha\/\",\"name\":\"Fazendinha\",\"description\":\"S\u00f3 mais um site institucional.ufrrj.br\",\"potentialAction\":[{\"@type\":\"SearchAction\",\"target\":{\"@type\":\"EntryPoint\",\"urlTemplate\":\"https:\/\/institucional.ufrrj.br\/fazendinha\/?s={search_term_string}\"},\"query-input\":{\"@type\":\"PropertyValueSpecification\",\"valueRequired\":true,\"valueName\":\"search_term_string\"}}],\"inLanguage\":\"pt-BR\"}]}<\/script>\n<!-- \/ Yoast SEO plugin. -->","yoast_head_json":{"title":"Ensino - Fazendinha","robots":{"index":"index","follow":"follow","max-snippet":"max-snippet:-1","max-image-preview":"max-image-preview:large","max-video-preview":"max-video-preview:-1"},"canonical":"https:\/\/institucional.ufrrj.br\/fazendinha\/ensino\/","og_locale":"pt_BR","og_type":"article","og_title":"Ensino - Fazendinha","og_description":"A Fazendinha \u00e9 considerada uma sala de aula te\u00f3rica e pr\u00e1tica para as disciplinas de Cursos T\u00e9cnicos do CTUR, da ... leia mais","og_url":"https:\/\/institucional.ufrrj.br\/fazendinha\/ensino\/","og_site_name":"Fazendinha","article_modified_time":"2019-11-19T22:58:42+00:00","og_image":[{"url":"http:\/\/institucional.ufrrj.br\/fazendinha\/files\/2019\/11\/cfaao-300x159.jpg","type":"","width":"","height":""}],"twitter_card":"summary_large_image","twitter_misc":{"Est. tempo de leitura":"3 minutos"},"schema":{"@context":"https:\/\/schema.org","@graph":[{"@type":"WebPage","@id":"https:\/\/institucional.ufrrj.br\/fazendinha\/ensino\/","url":"https:\/\/institucional.ufrrj.br\/fazendinha\/ensino\/","name":"Ensino - Fazendinha","isPartOf":{"@id":"https:\/\/institucional.ufrrj.br\/fazendinha\/#website"},"primaryImageOfPage":{"@id":"https:\/\/institucional.ufrrj.br\/fazendinha\/ensino\/#primaryimage"},"image":{"@id":"https:\/\/institucional.ufrrj.br\/fazendinha\/ensino\/#primaryimage"},"thumbnailUrl":"http:\/\/institucional.ufrrj.br\/fazendinha\/files\/2019\/11\/cfaao-300x159.jpg","datePublished":"2019-04-10T19:33:50+00:00","dateModified":"2019-11-19T22:58:42+00:00","breadcrumb":{"@id":"https:\/\/institucional.ufrrj.br\/fazendinha\/ensino\/#breadcrumb"},"inLanguage":"pt-BR","potentialAction":[{"@type":"ReadAction","target":["https:\/\/institucional.ufrrj.br\/fazendinha\/ensino\/"]}]},{"@type":"ImageObject","inLanguage":"pt-BR","@id":"https:\/\/institucional.ufrrj.br\/fazendinha\/ensino\/#primaryimage","url":"http:\/\/institucional.ufrrj.br\/fazendinha\/files\/2019\/11\/cfaao-300x159.jpg","contentUrl":"http:\/\/institucional.ufrrj.br\/fazendinha\/files\/2019\/11\/cfaao-300x159.jpg"},{"@type":"BreadcrumbList","@id":"https:\/\/institucional.ufrrj.br\/fazendinha\/ensino\/#breadcrumb","itemListElement":[{"@type":"ListItem","position":1,"name":"In\u00edcio","item":"https:\/\/institucional.ufrrj.br\/fazendinha\/"},{"@type":"ListItem","position":2,"name":"Ensino"}]},{"@type":"WebSite","@id":"https:\/\/institucional.ufrrj.br\/fazendinha\/#website","url":"https:\/\/institucional.ufrrj.br\/fazendinha\/","name":"Fazendinha","description":"S\u00f3 mais um site institucional.ufrrj.br","potentialAction":[{"@type":"SearchAction","target":{"@type":"EntryPoint","urlTemplate":"https:\/\/institucional.ufrrj.br\/fazendinha\/?s={search_term_string}"},"query-input":{"@type":"PropertyValueSpecification","valueRequired":true,"valueName":"search_term_string"}}],"inLanguage":"pt-BR"}]}},"acf":[],"_links":{"self":[{"href":"https:\/\/institucional.ufrrj.br\/fazendinha\/wp-json\/wp\/v2\/pages\/129","targetHints":{"allow":["GET"]}}],"collection":[{"href":"https:\/\/institucional.ufrrj.br\/fazendinha\/wp-json\/wp\/v2\/pages"}],"about":[{"href":"https:\/\/institucional.ufrrj.br\/fazendinha\/wp-json\/wp\/v2\/types\/page"}],"author":[{"embeddable":true,"href":"https:\/\/institucional.ufrrj.br\/fazendinha\/wp-json\/wp\/v2\/users\/743"}],"replies":[{"embeddable":true,"href":"https:\/\/institucional.ufrrj.br\/fazendinha\/wp-json\/wp\/v2\/comments?post=129"}],"version-history":[{"count":37,"href":"https:\/\/institucional.ufrrj.br\/fazendinha\/wp-json\/wp\/v2\/pages\/129\/revisions"}],"predecessor-version":[{"id":1630,"href":"https:\/\/institucional.ufrrj.br\/fazendinha\/wp-json\/wp\/v2\/pages\/129\/revisions\/1630"}],"wp:attachment":[{"href":"https:\/\/institucional.ufrrj.br\/fazendinha\/wp-json\/wp\/v2\/media?parent=129"}],"curies":[{"name":"wp","href":"https:\/\/api.w.org\/{rel}","templated":true}]}}