{"id":1118,"date":"2019-09-06T21:01:13","date_gmt":"2019-09-07T00:01:13","guid":{"rendered":"http:\/\/institucional.ufrrj.br\/fazendinha\/?page_id=1118"},"modified":"2019-11-21T20:54:23","modified_gmt":"2019-11-21T23:54:23","slug":"sistema-agroflorestal","status":"publish","type":"page","link":"https:\/\/institucional.ufrrj.br\/fazendinha\/sistema-agroflorestal\/","title":{"rendered":"Sistema Agroflorestal"},"content":{"rendered":"<div id=\"attachment_618\" style=\"width: 4618px\" class=\"wp-caption aligncenter\"><img loading=\"lazy\" decoding=\"async\" aria-describedby=\"caption-attachment-618\" class=\"wp-image-618 size-full\" src=\"https:\/\/institucional.ufrrj.br\/fazendinha\/files\/2019\/05\/DSC_0752.jpg\" alt=\"\" width=\"4608\" height=\"3072\" srcset=\"https:\/\/institucional.ufrrj.br\/fazendinha\/files\/2019\/05\/DSC_0752.jpg 4608w, https:\/\/institucional.ufrrj.br\/fazendinha\/files\/2019\/05\/DSC_0752-300x200.jpg 300w, https:\/\/institucional.ufrrj.br\/fazendinha\/files\/2019\/05\/DSC_0752-768x512.jpg 768w, https:\/\/institucional.ufrrj.br\/fazendinha\/files\/2019\/05\/DSC_0752-1024x683.jpg 1024w\" sizes=\"auto, (max-width: 4608px) 100vw, 4608px\" \/><p id=\"caption-attachment-618\" class=\"wp-caption-text\">Cons\u00f3rcio de caf\u00e9 conilon e leguminosa gliric\u00eddia na Fazendinha Agroecol\u00f3gica Km 47.<\/p><\/div>\n<p>O cafeeiro Conilon (<em>Coffea canephora<\/em>) pode ser cultivado em sistemas agroflorestais com n\u00edveis de sombreamento variando de 20% a 40%. Dentre os benef\u00edcios provenientes da associa\u00e7\u00e3o do cafeeiro com a <em>Gliricidia sepium<\/em>, destacam-se o aumento da longevidade da cultura e a melhoria das condi\u00e7\u00f5es de solo, com o aumento do teor de mat\u00e9ria org\u00e2nica, da ciclagem de nutrientes e da infiltra\u00e7\u00e3o de \u00e1gua e a redu\u00e7\u00e3o da compacta\u00e7\u00e3o do solo e da eros\u00e3o.<\/p>\n<p>Ocorre tamb\u00e9m a melhoria das condi\u00e7\u00f5es clim\u00e1ticas, bem como a diminui\u00e7\u00e3o da demanda nutricional, permitindo colheitas em solos de fertilidade mais baixa. Sistemas diversificados s\u00e3o mais protegidos contra pragas, doen\u00e7as, ventos e geadas.<\/p>\n<p>Outras vantagens do cultivo arborizado s\u00e3o a redu\u00e7\u00e3o da necessidade de capinas e o amadurecimento mais lento do fruto, resultando na produ\u00e7\u00e3o de gr\u00e3os maiores e mais uniformes, o que muitas vezes caracteriza produtos de melhor qualidade e valor de mercado.<\/p>\n<p style=\"text-align: right\"><a href=\"https:\/\/www.embrapa.br\/agrobiologia\/busca-de-solucoes-tecnologicas\/-\/produto-servico\/37\/sistema-organico-de-producao-de-cafe\" target=\"_blank\" rel=\"noopener noreferrer\">Clique aqui e saiba mais.<\/a><\/p>\n<hr \/>\n<div id=\"attachment_511\" style=\"width: 1034px\" class=\"wp-caption aligncenter\"><img loading=\"lazy\" decoding=\"async\" aria-describedby=\"caption-attachment-511\" class=\"wp-image-511 size-large\" src=\"https:\/\/institucional.ufrrj.br\/fazendinha\/files\/2019\/05\/DSC_0700-1024x683.jpg\" alt=\"\" width=\"1024\" height=\"683\" srcset=\"https:\/\/institucional.ufrrj.br\/fazendinha\/files\/2019\/05\/DSC_0700-1024x683.jpg 1024w, https:\/\/institucional.ufrrj.br\/fazendinha\/files\/2019\/05\/DSC_0700-300x200.jpg 300w, https:\/\/institucional.ufrrj.br\/fazendinha\/files\/2019\/05\/DSC_0700-768x512.jpg 768w\" sizes=\"auto, (max-width: 1024px) 100vw, 1024px\" \/><p id=\"caption-attachment-511\" class=\"wp-caption-text\">Cultivo em al\u00e9ias na Fazendinha Agroecol\u00f3gica Km 47.<\/p><\/div>\n<p>O cultivo em al\u00e9ias consiste na associa\u00e7\u00e3o de \u00e1rvores e\/ou arbustos, geralmente fixadores de N2 (leguminosa <em>Glir\u00eddia sepium<\/em>), intercalados em faixas com culturas anuais (ab\u00f3bora, amendoim, batata doce, cunh\u00e3 (feij\u00e3o borboleta), etc. As \u00e1rvores ou arbustos s\u00e3o podados periodicamente para utiliza\u00e7\u00e3o dos caules e das folhas como cobertura vegetal, para promover melhorias na fertilidade do solo, e\/ou ser utilizados como forragem de alta qualidade para alimenta\u00e7\u00e3o dos bovinos.<\/p>\n<p style=\"text-align: right\"><a href=\"https:\/\/pfb.cnpf.embrapa.br\/pfb\/index.php\/pfb\/article\/view\/450\/307\" target=\"_blank\" rel=\"noopener noreferrer\">Clique aqui e saiba mais.<\/a><\/p>\n<hr \/>\n<div id=\"attachment_1335\" style=\"width: 886px\" class=\"wp-caption aligncenter\"><img loading=\"lazy\" decoding=\"async\" aria-describedby=\"caption-attachment-1335\" class=\"wp-image-1335 size-full\" src=\"https:\/\/institucional.ufrrj.br\/fazendinha\/files\/2019\/10\/IMG_20190725_105027711.jpg\" alt=\"\" width=\"876\" height=\"657\" srcset=\"https:\/\/institucional.ufrrj.br\/fazendinha\/files\/2019\/10\/IMG_20190725_105027711.jpg 876w, https:\/\/institucional.ufrrj.br\/fazendinha\/files\/2019\/10\/IMG_20190725_105027711-300x225.jpg 300w, https:\/\/institucional.ufrrj.br\/fazendinha\/files\/2019\/10\/IMG_20190725_105027711-768x576.jpg 768w\" sizes=\"auto, (max-width: 876px) 100vw, 876px\" \/><p id=\"caption-attachment-1335\" class=\"wp-caption-text\">Horta &#8211; Floresta na Fazendinha Agroecol\u00f3gica Km 47.<\/p><\/div>\n<p>Sistemas agroflorestais &#8211; ou SAFs &#8211; s\u00e3o modelos de produ\u00e7\u00e3o que associam \u00e1rvores com culturas agr\u00edcolas e, \u00e0s vezes, tamb\u00e9m com animais, de maneira simult\u00e2nea ou sequencial. Na Fazendinha, alguns modelos t\u00eam sido testados, desde os mais simples, como o cultivo em aleias, at\u00e9 os mais complexos, como o sistema agroflorestal regenerativo e an\u00e1logo (Safra), no qual s\u00e3o plantadas mais de 50 esp\u00e9cies por hectare.<\/p>\n<p>No cultivo em aleias s\u00e3o plantadas \u00e1rvores em fileiras, com espa\u00e7amento entre as linhas de cinco a seis metros, onde s\u00e3o cultivadas diferentes esp\u00e9cies agr\u00edcolas. J\u00e1 o Safra \u00e9 utilizado na Fazendinha para fazer a interliga\u00e7\u00e3o de fragmentos florestais, amortizando os custos do reflorestamento com esp\u00e9cies nativas da Mata Atl\u00e2ntica a partir do cultivo concomitante de aipim, feij\u00e3o, abacaxi, banana, esp\u00e9cies frut\u00edferas e madeireiras.<\/p>\n<p style=\"text-align: right\"><a href=\"http:\/\/seer.sct.embrapa.br\/index.php\/pab\/article\/view\/481\" target=\"_blank\" rel=\"noopener noreferrer\">Clique aqui e saiba mais.<\/a><\/p>\n<hr \/>\n<p><img loading=\"lazy\" decoding=\"async\" class=\"aligncenter wp-image-508 size-large\" src=\"https:\/\/institucional.ufrrj.br\/fazendinha\/files\/2019\/05\/DSC_0754-1024x683.jpg\" alt=\"\" width=\"1024\" height=\"683\" srcset=\"https:\/\/institucional.ufrrj.br\/fazendinha\/files\/2019\/05\/DSC_0754-1024x683.jpg 1024w, https:\/\/institucional.ufrrj.br\/fazendinha\/files\/2019\/05\/DSC_0754-300x200.jpg 300w, https:\/\/institucional.ufrrj.br\/fazendinha\/files\/2019\/05\/DSC_0754-768x512.jpg 768w\" sizes=\"auto, (max-width: 1024px) 100vw, 1024px\" \/><\/p>\n<p>As flores s\u00e3o plantas arom\u00e1ticas e atrativas de inimigos naturais, estes s\u00e3o respons\u00e1veis pela manuten\u00e7\u00e3o de um ecossistema predando insetos fit\u00f3fagos (que se alimentam de plantas). Dentre os insetos predadores, que, tanto na fase adulta como na fase larval, s\u00e3o predadores de pulg\u00f5es, cochonilhas, psil\u00eddeos, \u00e1caros, etc.,<\/p>\n<p>As flores s\u00e3o essenciais ao sistema pois complementam a dieta alimentar com p\u00f3len e n\u00e9ctar dos predadores. Al\u00e9m de realizar o papel de atra\u00e7\u00e3o e manuten\u00e7\u00e3o do ecossistema, as flores embelezam o ambiente. O conjunto de estrat\u00e9gias de cultivo que leva em considera\u00e7\u00e3o o padr\u00e3o de trocas existentes entre as \u00e1reas produtivas e naturais, de forma a garantir a sustentabilidade do sistema.<\/p>\n<p>O uso da diversifica\u00e7\u00e3o de esp\u00e9cies nos espa\u00e7os de cultivo \u00e9 uma t\u00e9cnica que criam \u00e1reas de abrigo para inimigos naturais e amenizam o microclima dos agroecossistemas, permitindo que diversas esp\u00e9cies de animais silvestres saiam dos fragmentos de vegeta\u00e7\u00e3o nativa que habitam e, atrav\u00e9s do sistema produtivo, alcancem outros fragmentos.<\/p>\n<p>O manejo da paisagem a partir da rota\u00e7\u00e3o de culturas e da presen\u00e7a de \u00e1rvores na propriedade \u00e9 um dos fatores de sucesso da Fazendinha, tanto do ponto de vista econ\u00f4mico como do aspecto ecol\u00f3gico. A diversidade gen\u00e9tica dessas popula\u00e7\u00f5es e sua busca por novas \u00e1reas de sobreviv\u00eancia, proporciona um habitat ecol\u00f3gico e sustent\u00e1vel.<\/p>\n<p style=\"text-align: right\"><a href=\"http:\/\/orgprints.org\/24202\/1\/Resende_Comunidade.pdf\" target=\"_blank\" rel=\"noopener noreferrer\">Clique aqui e saiba mais.<\/a><\/p>\n<hr \/>\n<p><img loading=\"lazy\" decoding=\"async\" class=\"aligncenter wp-image-514 size-full\" src=\"https:\/\/institucional.ufrrj.br\/fazendinha\/files\/2019\/05\/araruta.jpg\" alt=\"\" width=\"336\" height=\"336\" srcset=\"https:\/\/institucional.ufrrj.br\/fazendinha\/files\/2019\/05\/araruta.jpg 336w, https:\/\/institucional.ufrrj.br\/fazendinha\/files\/2019\/05\/araruta-150x150.jpg 150w, https:\/\/institucional.ufrrj.br\/fazendinha\/files\/2019\/05\/araruta-300x300.jpg 300w, https:\/\/institucional.ufrrj.br\/fazendinha\/files\/2019\/05\/araruta-75x75.jpg 75w, https:\/\/institucional.ufrrj.br\/fazendinha\/files\/2019\/05\/araruta-100x100.jpg 100w\" sizes=\"auto, (max-width: 336px) 100vw, 336px\" \/><\/p>\n<p>O resgate e a preserva\u00e7\u00e3o da araruta (<em>Marantha arundinacea<\/em>), uma\u00a0esp\u00e9cie nativa das florestas tropicais brasileiras, \u00e9 um dos servi\u00e7os desenvolvidos\u00a0na Fazendinha. Do rizoma da araruta extrai-se um amido leve e de alta digestibilidade &#8211; o chamado polvilho de araruta, cuja comercializa\u00e7\u00e3o foi praticamente abandonada pela ind\u00fastria,\u00a0devido ao plantio escasso da planta.<\/p>\n<p>A cultura \u00e9 altamente eficiente\u00a0no uso dos recursos naturais, com\u00a0produtividade em torno de 20 toneladas de rizoma por hectare em solos de baix\u00edssima fertilidade e sem adi\u00e7\u00e3o de insumos. Por ser propagada vegetativamente por meio do plantio dos rizomas, a araruta depende do replantio constante. A recomenda\u00e7\u00e3o do polvilho de araruta para pessoas com restri\u00e7\u00f5es a\u00a0gl\u00faten despertou interesse pela cultura.<\/p>\n<p><img loading=\"lazy\" decoding=\"async\" class=\"aligncenter size-medium wp-image-787\" src=\"https:\/\/institucional.ufrrj.br\/fazendinha\/files\/2019\/06\/IMG_20190514_150136561-225x300.jpg\" alt=\"\" width=\"225\" height=\"300\" srcset=\"https:\/\/institucional.ufrrj.br\/fazendinha\/files\/2019\/06\/IMG_20190514_150136561-225x300.jpg 225w, https:\/\/institucional.ufrrj.br\/fazendinha\/files\/2019\/06\/IMG_20190514_150136561-768x1024.jpg 768w\" sizes=\"auto, (max-width: 225px) 100vw, 225px\" \/><\/p>\n<p>A Fazendinha mant\u00e9m um banco ativo de materiais coletados no Brasil, orienta o plantio e estimula a troca de materiais com as pessoas interessadas, al\u00e9m de manter uma publica\u00e7\u00e3o que resgata a culin\u00e1ria tradicional e os antigos sabores.<\/p>\n<p style=\"text-align: right\"><a href=\"https:\/\/www.embrapa.br\/busca-de-publicacoes\/-\/publicacao\/625391\/araruta-resgate-de-um-cultivo-tradicional\" target=\"_blank\" rel=\"noopener noreferrer\">Clique aqui e saiba mais.<\/a><\/p>\n<p>&nbsp;<\/p>\n","protected":false},"excerpt":{"rendered":"<p>O cafeeiro Conilon (Coffea canephora) pode ser cultivado em sistemas agroflorestais com n\u00edveis de sombreamento variando de 20% a 40%. <a class=\"read-more\" href=\"https:\/\/institucional.ufrrj.br\/fazendinha\/sistema-agroflorestal\/ \" >&#8230; <span class=\"font-italic\">leia mais <i class=\"fas fa-angle-right\"><\/i><\/span><\/a><\/p>\n","protected":false},"author":743,"featured_media":0,"parent":0,"menu_order":0,"comment_status":"closed","ping_status":"closed","template":"","meta":{"_acf_changed":false,"footnotes":""},"class_list":["post-1118","page","type-page","status-publish","hentry"],"yoast_head":"<!-- This site is optimized with the Yoast SEO plugin v27.2 - https:\/\/yoast.com\/product\/yoast-seo-wordpress\/ -->\n<title>Sistema Agroflorestal - Fazendinha<\/title>\n<meta name=\"robots\" content=\"index, follow, max-snippet:-1, max-image-preview:large, max-video-preview:-1\" \/>\n<link rel=\"canonical\" href=\"https:\/\/institucional.ufrrj.br\/fazendinha\/sistema-agroflorestal\/\" \/>\n<meta property=\"og:locale\" content=\"pt_BR\" \/>\n<meta property=\"og:type\" content=\"article\" \/>\n<meta property=\"og:title\" content=\"Sistema Agroflorestal - Fazendinha\" \/>\n<meta property=\"og:description\" content=\"O cafeeiro Conilon (Coffea canephora) pode ser cultivado em sistemas agroflorestais com n\u00edveis de sombreamento variando de 20% a 40%. ... leia mais\" \/>\n<meta property=\"og:url\" content=\"https:\/\/institucional.ufrrj.br\/fazendinha\/sistema-agroflorestal\/\" \/>\n<meta property=\"og:site_name\" content=\"Fazendinha\" \/>\n<meta property=\"article:modified_time\" content=\"2019-11-21T23:54:23+00:00\" \/>\n<meta property=\"og:image\" content=\"http:\/\/institucional.ufrrj.br\/fazendinha\/files\/2019\/05\/DSC_0752.jpg\" \/>\n<meta name=\"twitter:card\" content=\"summary_large_image\" \/>\n<meta name=\"twitter:label1\" content=\"Est. tempo de leitura\" \/>\n\t<meta name=\"twitter:data1\" content=\"4 minutos\" \/>\n<script type=\"application\/ld+json\" class=\"yoast-schema-graph\">{\"@context\":\"https:\/\/schema.org\",\"@graph\":[{\"@type\":\"WebPage\",\"@id\":\"https:\/\/institucional.ufrrj.br\/fazendinha\/sistema-agroflorestal\/\",\"url\":\"https:\/\/institucional.ufrrj.br\/fazendinha\/sistema-agroflorestal\/\",\"name\":\"Sistema Agroflorestal - Fazendinha\",\"isPartOf\":{\"@id\":\"https:\/\/institucional.ufrrj.br\/fazendinha\/#website\"},\"primaryImageOfPage\":{\"@id\":\"https:\/\/institucional.ufrrj.br\/fazendinha\/sistema-agroflorestal\/#primaryimage\"},\"image\":{\"@id\":\"https:\/\/institucional.ufrrj.br\/fazendinha\/sistema-agroflorestal\/#primaryimage\"},\"thumbnailUrl\":\"http:\/\/institucional.ufrrj.br\/fazendinha\/files\/2019\/05\/DSC_0752.jpg\",\"datePublished\":\"2019-09-07T00:01:13+00:00\",\"dateModified\":\"2019-11-21T23:54:23+00:00\",\"breadcrumb\":{\"@id\":\"https:\/\/institucional.ufrrj.br\/fazendinha\/sistema-agroflorestal\/#breadcrumb\"},\"inLanguage\":\"pt-BR\",\"potentialAction\":[{\"@type\":\"ReadAction\",\"target\":[\"https:\/\/institucional.ufrrj.br\/fazendinha\/sistema-agroflorestal\/\"]}]},{\"@type\":\"ImageObject\",\"inLanguage\":\"pt-BR\",\"@id\":\"https:\/\/institucional.ufrrj.br\/fazendinha\/sistema-agroflorestal\/#primaryimage\",\"url\":\"http:\/\/institucional.ufrrj.br\/fazendinha\/files\/2019\/05\/DSC_0752.jpg\",\"contentUrl\":\"http:\/\/institucional.ufrrj.br\/fazendinha\/files\/2019\/05\/DSC_0752.jpg\"},{\"@type\":\"BreadcrumbList\",\"@id\":\"https:\/\/institucional.ufrrj.br\/fazendinha\/sistema-agroflorestal\/#breadcrumb\",\"itemListElement\":[{\"@type\":\"ListItem\",\"position\":1,\"name\":\"In\u00edcio\",\"item\":\"https:\/\/institucional.ufrrj.br\/fazendinha\/\"},{\"@type\":\"ListItem\",\"position\":2,\"name\":\"Sistema Agroflorestal\"}]},{\"@type\":\"WebSite\",\"@id\":\"https:\/\/institucional.ufrrj.br\/fazendinha\/#website\",\"url\":\"https:\/\/institucional.ufrrj.br\/fazendinha\/\",\"name\":\"Fazendinha\",\"description\":\"S\u00f3 mais um site institucional.ufrrj.br\",\"potentialAction\":[{\"@type\":\"SearchAction\",\"target\":{\"@type\":\"EntryPoint\",\"urlTemplate\":\"https:\/\/institucional.ufrrj.br\/fazendinha\/?s={search_term_string}\"},\"query-input\":{\"@type\":\"PropertyValueSpecification\",\"valueRequired\":true,\"valueName\":\"search_term_string\"}}],\"inLanguage\":\"pt-BR\"}]}<\/script>\n<!-- \/ Yoast SEO plugin. -->","yoast_head_json":{"title":"Sistema Agroflorestal - Fazendinha","robots":{"index":"index","follow":"follow","max-snippet":"max-snippet:-1","max-image-preview":"max-image-preview:large","max-video-preview":"max-video-preview:-1"},"canonical":"https:\/\/institucional.ufrrj.br\/fazendinha\/sistema-agroflorestal\/","og_locale":"pt_BR","og_type":"article","og_title":"Sistema Agroflorestal - Fazendinha","og_description":"O cafeeiro Conilon (Coffea canephora) pode ser cultivado em sistemas agroflorestais com n\u00edveis de sombreamento variando de 20% a 40%. ... leia mais","og_url":"https:\/\/institucional.ufrrj.br\/fazendinha\/sistema-agroflorestal\/","og_site_name":"Fazendinha","article_modified_time":"2019-11-21T23:54:23+00:00","og_image":[{"url":"http:\/\/institucional.ufrrj.br\/fazendinha\/files\/2019\/05\/DSC_0752.jpg","type":"","width":"","height":""}],"twitter_card":"summary_large_image","twitter_misc":{"Est. tempo de leitura":"4 minutos"},"schema":{"@context":"https:\/\/schema.org","@graph":[{"@type":"WebPage","@id":"https:\/\/institucional.ufrrj.br\/fazendinha\/sistema-agroflorestal\/","url":"https:\/\/institucional.ufrrj.br\/fazendinha\/sistema-agroflorestal\/","name":"Sistema Agroflorestal - Fazendinha","isPartOf":{"@id":"https:\/\/institucional.ufrrj.br\/fazendinha\/#website"},"primaryImageOfPage":{"@id":"https:\/\/institucional.ufrrj.br\/fazendinha\/sistema-agroflorestal\/#primaryimage"},"image":{"@id":"https:\/\/institucional.ufrrj.br\/fazendinha\/sistema-agroflorestal\/#primaryimage"},"thumbnailUrl":"http:\/\/institucional.ufrrj.br\/fazendinha\/files\/2019\/05\/DSC_0752.jpg","datePublished":"2019-09-07T00:01:13+00:00","dateModified":"2019-11-21T23:54:23+00:00","breadcrumb":{"@id":"https:\/\/institucional.ufrrj.br\/fazendinha\/sistema-agroflorestal\/#breadcrumb"},"inLanguage":"pt-BR","potentialAction":[{"@type":"ReadAction","target":["https:\/\/institucional.ufrrj.br\/fazendinha\/sistema-agroflorestal\/"]}]},{"@type":"ImageObject","inLanguage":"pt-BR","@id":"https:\/\/institucional.ufrrj.br\/fazendinha\/sistema-agroflorestal\/#primaryimage","url":"http:\/\/institucional.ufrrj.br\/fazendinha\/files\/2019\/05\/DSC_0752.jpg","contentUrl":"http:\/\/institucional.ufrrj.br\/fazendinha\/files\/2019\/05\/DSC_0752.jpg"},{"@type":"BreadcrumbList","@id":"https:\/\/institucional.ufrrj.br\/fazendinha\/sistema-agroflorestal\/#breadcrumb","itemListElement":[{"@type":"ListItem","position":1,"name":"In\u00edcio","item":"https:\/\/institucional.ufrrj.br\/fazendinha\/"},{"@type":"ListItem","position":2,"name":"Sistema Agroflorestal"}]},{"@type":"WebSite","@id":"https:\/\/institucional.ufrrj.br\/fazendinha\/#website","url":"https:\/\/institucional.ufrrj.br\/fazendinha\/","name":"Fazendinha","description":"S\u00f3 mais um site institucional.ufrrj.br","potentialAction":[{"@type":"SearchAction","target":{"@type":"EntryPoint","urlTemplate":"https:\/\/institucional.ufrrj.br\/fazendinha\/?s={search_term_string}"},"query-input":{"@type":"PropertyValueSpecification","valueRequired":true,"valueName":"search_term_string"}}],"inLanguage":"pt-BR"}]}},"acf":[],"_links":{"self":[{"href":"https:\/\/institucional.ufrrj.br\/fazendinha\/wp-json\/wp\/v2\/pages\/1118","targetHints":{"allow":["GET"]}}],"collection":[{"href":"https:\/\/institucional.ufrrj.br\/fazendinha\/wp-json\/wp\/v2\/pages"}],"about":[{"href":"https:\/\/institucional.ufrrj.br\/fazendinha\/wp-json\/wp\/v2\/types\/page"}],"author":[{"embeddable":true,"href":"https:\/\/institucional.ufrrj.br\/fazendinha\/wp-json\/wp\/v2\/users\/743"}],"replies":[{"embeddable":true,"href":"https:\/\/institucional.ufrrj.br\/fazendinha\/wp-json\/wp\/v2\/comments?post=1118"}],"version-history":[{"count":7,"href":"https:\/\/institucional.ufrrj.br\/fazendinha\/wp-json\/wp\/v2\/pages\/1118\/revisions"}],"predecessor-version":[{"id":1681,"href":"https:\/\/institucional.ufrrj.br\/fazendinha\/wp-json\/wp\/v2\/pages\/1118\/revisions\/1681"}],"wp:attachment":[{"href":"https:\/\/institucional.ufrrj.br\/fazendinha\/wp-json\/wp\/v2\/media?parent=1118"}],"curies":[{"name":"wp","href":"https:\/\/api.w.org\/{rel}","templated":true}]}}