{"id":1114,"date":"2019-09-06T20:51:55","date_gmt":"2019-09-06T23:51:55","guid":{"rendered":"http:\/\/institucional.ufrrj.br\/fazendinha\/?page_id=1114"},"modified":"2019-11-19T20:06:00","modified_gmt":"2019-11-19T23:06:00","slug":"sistema-de-producao-de-mudas","status":"publish","type":"page","link":"https:\/\/institucional.ufrrj.br\/fazendinha\/sistema-de-producao-de-mudas\/","title":{"rendered":"Sistema de Produ\u00e7\u00e3o de Mudas"},"content":{"rendered":"<div id=\"attachment_498\" style=\"width: 1034px\" class=\"wp-caption aligncenter\"><img loading=\"lazy\" decoding=\"async\" aria-describedby=\"caption-attachment-498\" class=\"wp-image-498 size-large\" src=\"https:\/\/institucional.ufrrj.br\/fazendinha\/files\/2019\/05\/MG_5747-1024x683.jpg\" alt=\"\" width=\"1024\" height=\"683\" srcset=\"https:\/\/institucional.ufrrj.br\/fazendinha\/files\/2019\/05\/MG_5747-1024x683.jpg 1024w, https:\/\/institucional.ufrrj.br\/fazendinha\/files\/2019\/05\/MG_5747-300x200.jpg 300w, https:\/\/institucional.ufrrj.br\/fazendinha\/files\/2019\/05\/MG_5747-768x512.jpg 768w\" sizes=\"auto, (max-width: 1024px) 100vw, 1024px\" \/><p id=\"caption-attachment-498\" class=\"wp-caption-text\">Produ\u00e7\u00e3o de mudas de hortali\u00e7as na casa de vegeta\u00e7\u00e3o na Fazendinha Agroecol\u00f3gica Km 47.<\/p><\/div>\n<p>Na Fazendinha, s\u00e3o produzidas anualmente cerca de 150 mil mudas de hortali\u00e7as, a partir do uso de tecnologias adaptadas \u00e0 realidade da agricultura org\u00e2nica. A estufa utilizada \u00e9 de um <a href=\"http:\/\/www.pesagro.rj.gov.br\/downloads\/publicacao\/EstufaBaixoCusto.pdf\" target=\"_blank\" rel=\"noopener noreferrer\">modelo de baixo custo<\/a>, simples e eficiente, desenvolvido pela Pesagro-Rio para atender agricultores familiares.<\/p>\n<p>O substrato \u00e9 desenvolvido na pr\u00f3pria Fazendinha, constituindo-se em uma alternativa adequada e de custo reduzido na composi\u00e7\u00e3o de substratos para mudas org\u00e2nicas. Os ingrediente utilizados s\u00e3o h\u00famus de minhoca (84-85%), obtido da vermicompostagem do <a href=\"https:\/\/institucional.ufrrj.br\/fazendinha\/sistema-ecologico-de-pecuaria-leiteira-organica-com-terapia-homeopatica\/\" target=\"_blank\" rel=\"noopener noreferrer\">esterco de curral<\/a>,\u00a0 fino de carv\u00e3o (15%) e torta de manona (1 a 2%).<\/p>\n<p>&nbsp;<\/p>\n<p style=\"text-align: right\"><a href=\"https:\/\/tede.ufrrj.br\/jspui\/handle\/jspui\/2705\" target=\"_blank\" rel=\"noopener noreferrer\">Clique aqui e saiba mais.<\/a><\/p>\n<hr \/>\n<div id=\"attachment_482\" style=\"width: 310px\" class=\"wp-caption aligncenter\"><img loading=\"lazy\" decoding=\"async\" aria-describedby=\"caption-attachment-482\" class=\"wp-image-482 size-full\" src=\"https:\/\/institucional.ufrrj.br\/fazendinha\/files\/2019\/05\/article.jpg\" alt=\"\" width=\"300\" height=\"217\" \/><p id=\"caption-attachment-482\" class=\"wp-caption-text\">Vermecompostagem na Fazendinha Agroecol\u00f3gica Km 47.<\/p><\/div>\n<p>A minhocultura ou vermicompostagem \u00e9 o processo de reciclagem de res\u00edduos org\u00e2nicos por meio da cria\u00e7\u00e3o de minhocas, sendo uma importante alternativa para resolver os problemas dos dejetos org\u00e2nicos da bovinocultura.<\/p>\n<p>O h\u00famus de minhoca \u00e9 um excelente fertilizante org\u00e2nico e pode ser utilizado como mat\u00e9ria-prima para a obten\u00e7\u00e3o de substratos para mudas. A produ\u00e7\u00e3o do adubo resulta no desenvolvimento de diversas t\u00e9cnicas e estruturas para o sucesso da cria\u00e7\u00e3o das minhocas.<\/p>\n<p style=\"text-align: right\"><a href=\"https:\/\/tede.ufrrj.br\/jspui\/handle\/jspui\/2705\" target=\"_blank\" rel=\"noopener noreferrer\">Clique aqui e saiba mais.<\/a><\/p>\n<hr \/>\n<div id=\"attachment_485\" style=\"width: 346px\" class=\"wp-caption aligncenter\"><img loading=\"lazy\" decoding=\"async\" aria-describedby=\"caption-attachment-485\" class=\"wp-image-485 size-full\" src=\"https:\/\/institucional.ufrrj.br\/fazendinha\/files\/2019\/05\/gongocompostagem.jpg\" alt=\"\" width=\"336\" height=\"336\" srcset=\"https:\/\/institucional.ufrrj.br\/fazendinha\/files\/2019\/05\/gongocompostagem.jpg 336w, https:\/\/institucional.ufrrj.br\/fazendinha\/files\/2019\/05\/gongocompostagem-150x150.jpg 150w, https:\/\/institucional.ufrrj.br\/fazendinha\/files\/2019\/05\/gongocompostagem-300x300.jpg 300w, https:\/\/institucional.ufrrj.br\/fazendinha\/files\/2019\/05\/gongocompostagem-75x75.jpg 75w, https:\/\/institucional.ufrrj.br\/fazendinha\/files\/2019\/05\/gongocompostagem-100x100.jpg 100w\" sizes=\"auto, (max-width: 336px) 100vw, 336px\" \/><p id=\"caption-attachment-485\" class=\"wp-caption-text\">Gongocompostagem na Fazendinha Agroecol\u00f3gica Km 47.<\/p><\/div>\n<p>A gongocompostagem \u00e9 mais uma possibilidade de compostagem de res\u00edduos org\u00e2nicos de origem vegetal usados na composi\u00e7\u00e3o de substratos. Gongolos da esp\u00e9cie <em>Trigoniulus corallinus <\/em>&#8211; tamb\u00e9m conhecidos como piolhos-de-cobra, pequenos invertebrados que possuem sistema bocal triturador, sendo capazes de se alimentar de materiais fibrosos como palhada de bananeira, baga\u00e7o de cana-de-a\u00e7\u00facar e grama seca.<\/p>\n<p>O composto org\u00e2nico gerado d\u00e1 origem, em cerca de 90 dias, a um substrato para produ\u00e7\u00e3o de mudas rico em nutrientes. Al\u00e9m disso, esses organismos s\u00e3o facilmente encontrados nas propriedades rurais e seu manejo \u00e9 muito semelhante ao das minhocas.<\/p>\n<p style=\"text-align: right\"><a href=\"http:\/\/www.scielo.br\/pdf\/cr\/v46n5\/1678-4596-cr-0103_8478cr20150714.pdf\" target=\"_blank\" rel=\"noopener noreferrer\">Clique aqui e saiba mais.<\/a><\/p>\n<h3><\/h3>\n","protected":false},"excerpt":{"rendered":"<p>Na Fazendinha, s\u00e3o produzidas anualmente cerca de 150 mil mudas de hortali\u00e7as, a partir do uso de tecnologias adaptadas \u00e0 <a class=\"read-more\" href=\"https:\/\/institucional.ufrrj.br\/fazendinha\/sistema-de-producao-de-mudas\/ \" >&#8230; <span class=\"font-italic\">leia mais <i class=\"fas fa-angle-right\"><\/i><\/span><\/a><\/p>\n","protected":false},"author":743,"featured_media":0,"parent":0,"menu_order":0,"comment_status":"closed","ping_status":"closed","template":"","meta":{"_acf_changed":false,"footnotes":""},"class_list":["post-1114","page","type-page","status-publish","hentry"],"yoast_head":"<!-- This site is optimized with the Yoast SEO plugin v27.2 - https:\/\/yoast.com\/product\/yoast-seo-wordpress\/ -->\n<title>Sistema de Produ\u00e7\u00e3o de Mudas - Fazendinha<\/title>\n<meta name=\"robots\" content=\"index, follow, max-snippet:-1, max-image-preview:large, max-video-preview:-1\" \/>\n<link rel=\"canonical\" href=\"https:\/\/institucional.ufrrj.br\/fazendinha\/sistema-de-producao-de-mudas\/\" \/>\n<meta property=\"og:locale\" content=\"pt_BR\" \/>\n<meta property=\"og:type\" content=\"article\" \/>\n<meta property=\"og:title\" content=\"Sistema de Produ\u00e7\u00e3o de Mudas - Fazendinha\" \/>\n<meta property=\"og:description\" content=\"Na Fazendinha, s\u00e3o produzidas anualmente cerca de 150 mil mudas de hortali\u00e7as, a partir do uso de tecnologias adaptadas \u00e0 ... leia mais\" \/>\n<meta property=\"og:url\" content=\"https:\/\/institucional.ufrrj.br\/fazendinha\/sistema-de-producao-de-mudas\/\" \/>\n<meta property=\"og:site_name\" content=\"Fazendinha\" \/>\n<meta property=\"article:modified_time\" content=\"2019-11-19T23:06:00+00:00\" \/>\n<meta property=\"og:image\" content=\"http:\/\/institucional.ufrrj.br\/fazendinha\/files\/2019\/05\/MG_5747-1024x683.jpg\" \/>\n<meta name=\"twitter:card\" content=\"summary_large_image\" \/>\n<meta name=\"twitter:label1\" content=\"Est. tempo de leitura\" \/>\n\t<meta name=\"twitter:data1\" content=\"2 minutos\" \/>\n<script type=\"application\/ld+json\" class=\"yoast-schema-graph\">{\"@context\":\"https:\/\/schema.org\",\"@graph\":[{\"@type\":\"WebPage\",\"@id\":\"https:\/\/institucional.ufrrj.br\/fazendinha\/sistema-de-producao-de-mudas\/\",\"url\":\"https:\/\/institucional.ufrrj.br\/fazendinha\/sistema-de-producao-de-mudas\/\",\"name\":\"Sistema de Produ\u00e7\u00e3o de Mudas - Fazendinha\",\"isPartOf\":{\"@id\":\"https:\/\/institucional.ufrrj.br\/fazendinha\/#website\"},\"primaryImageOfPage\":{\"@id\":\"https:\/\/institucional.ufrrj.br\/fazendinha\/sistema-de-producao-de-mudas\/#primaryimage\"},\"image\":{\"@id\":\"https:\/\/institucional.ufrrj.br\/fazendinha\/sistema-de-producao-de-mudas\/#primaryimage\"},\"thumbnailUrl\":\"http:\/\/institucional.ufrrj.br\/fazendinha\/files\/2019\/05\/MG_5747-1024x683.jpg\",\"datePublished\":\"2019-09-06T23:51:55+00:00\",\"dateModified\":\"2019-11-19T23:06:00+00:00\",\"breadcrumb\":{\"@id\":\"https:\/\/institucional.ufrrj.br\/fazendinha\/sistema-de-producao-de-mudas\/#breadcrumb\"},\"inLanguage\":\"pt-BR\",\"potentialAction\":[{\"@type\":\"ReadAction\",\"target\":[\"https:\/\/institucional.ufrrj.br\/fazendinha\/sistema-de-producao-de-mudas\/\"]}]},{\"@type\":\"ImageObject\",\"inLanguage\":\"pt-BR\",\"@id\":\"https:\/\/institucional.ufrrj.br\/fazendinha\/sistema-de-producao-de-mudas\/#primaryimage\",\"url\":\"http:\/\/institucional.ufrrj.br\/fazendinha\/files\/2019\/05\/MG_5747-1024x683.jpg\",\"contentUrl\":\"http:\/\/institucional.ufrrj.br\/fazendinha\/files\/2019\/05\/MG_5747-1024x683.jpg\"},{\"@type\":\"BreadcrumbList\",\"@id\":\"https:\/\/institucional.ufrrj.br\/fazendinha\/sistema-de-producao-de-mudas\/#breadcrumb\",\"itemListElement\":[{\"@type\":\"ListItem\",\"position\":1,\"name\":\"In\u00edcio\",\"item\":\"https:\/\/institucional.ufrrj.br\/fazendinha\/\"},{\"@type\":\"ListItem\",\"position\":2,\"name\":\"Sistema de Produ\u00e7\u00e3o de Mudas\"}]},{\"@type\":\"WebSite\",\"@id\":\"https:\/\/institucional.ufrrj.br\/fazendinha\/#website\",\"url\":\"https:\/\/institucional.ufrrj.br\/fazendinha\/\",\"name\":\"Fazendinha\",\"description\":\"S\u00f3 mais um site institucional.ufrrj.br\",\"potentialAction\":[{\"@type\":\"SearchAction\",\"target\":{\"@type\":\"EntryPoint\",\"urlTemplate\":\"https:\/\/institucional.ufrrj.br\/fazendinha\/?s={search_term_string}\"},\"query-input\":{\"@type\":\"PropertyValueSpecification\",\"valueRequired\":true,\"valueName\":\"search_term_string\"}}],\"inLanguage\":\"pt-BR\"}]}<\/script>\n<!-- \/ Yoast SEO plugin. -->","yoast_head_json":{"title":"Sistema de Produ\u00e7\u00e3o de Mudas - Fazendinha","robots":{"index":"index","follow":"follow","max-snippet":"max-snippet:-1","max-image-preview":"max-image-preview:large","max-video-preview":"max-video-preview:-1"},"canonical":"https:\/\/institucional.ufrrj.br\/fazendinha\/sistema-de-producao-de-mudas\/","og_locale":"pt_BR","og_type":"article","og_title":"Sistema de Produ\u00e7\u00e3o de Mudas - Fazendinha","og_description":"Na Fazendinha, s\u00e3o produzidas anualmente cerca de 150 mil mudas de hortali\u00e7as, a partir do uso de tecnologias adaptadas \u00e0 ... leia mais","og_url":"https:\/\/institucional.ufrrj.br\/fazendinha\/sistema-de-producao-de-mudas\/","og_site_name":"Fazendinha","article_modified_time":"2019-11-19T23:06:00+00:00","og_image":[{"url":"http:\/\/institucional.ufrrj.br\/fazendinha\/files\/2019\/05\/MG_5747-1024x683.jpg","type":"","width":"","height":""}],"twitter_card":"summary_large_image","twitter_misc":{"Est. tempo de leitura":"2 minutos"},"schema":{"@context":"https:\/\/schema.org","@graph":[{"@type":"WebPage","@id":"https:\/\/institucional.ufrrj.br\/fazendinha\/sistema-de-producao-de-mudas\/","url":"https:\/\/institucional.ufrrj.br\/fazendinha\/sistema-de-producao-de-mudas\/","name":"Sistema de Produ\u00e7\u00e3o de Mudas - Fazendinha","isPartOf":{"@id":"https:\/\/institucional.ufrrj.br\/fazendinha\/#website"},"primaryImageOfPage":{"@id":"https:\/\/institucional.ufrrj.br\/fazendinha\/sistema-de-producao-de-mudas\/#primaryimage"},"image":{"@id":"https:\/\/institucional.ufrrj.br\/fazendinha\/sistema-de-producao-de-mudas\/#primaryimage"},"thumbnailUrl":"http:\/\/institucional.ufrrj.br\/fazendinha\/files\/2019\/05\/MG_5747-1024x683.jpg","datePublished":"2019-09-06T23:51:55+00:00","dateModified":"2019-11-19T23:06:00+00:00","breadcrumb":{"@id":"https:\/\/institucional.ufrrj.br\/fazendinha\/sistema-de-producao-de-mudas\/#breadcrumb"},"inLanguage":"pt-BR","potentialAction":[{"@type":"ReadAction","target":["https:\/\/institucional.ufrrj.br\/fazendinha\/sistema-de-producao-de-mudas\/"]}]},{"@type":"ImageObject","inLanguage":"pt-BR","@id":"https:\/\/institucional.ufrrj.br\/fazendinha\/sistema-de-producao-de-mudas\/#primaryimage","url":"http:\/\/institucional.ufrrj.br\/fazendinha\/files\/2019\/05\/MG_5747-1024x683.jpg","contentUrl":"http:\/\/institucional.ufrrj.br\/fazendinha\/files\/2019\/05\/MG_5747-1024x683.jpg"},{"@type":"BreadcrumbList","@id":"https:\/\/institucional.ufrrj.br\/fazendinha\/sistema-de-producao-de-mudas\/#breadcrumb","itemListElement":[{"@type":"ListItem","position":1,"name":"In\u00edcio","item":"https:\/\/institucional.ufrrj.br\/fazendinha\/"},{"@type":"ListItem","position":2,"name":"Sistema de Produ\u00e7\u00e3o de Mudas"}]},{"@type":"WebSite","@id":"https:\/\/institucional.ufrrj.br\/fazendinha\/#website","url":"https:\/\/institucional.ufrrj.br\/fazendinha\/","name":"Fazendinha","description":"S\u00f3 mais um site institucional.ufrrj.br","potentialAction":[{"@type":"SearchAction","target":{"@type":"EntryPoint","urlTemplate":"https:\/\/institucional.ufrrj.br\/fazendinha\/?s={search_term_string}"},"query-input":{"@type":"PropertyValueSpecification","valueRequired":true,"valueName":"search_term_string"}}],"inLanguage":"pt-BR"}]}},"acf":[],"_links":{"self":[{"href":"https:\/\/institucional.ufrrj.br\/fazendinha\/wp-json\/wp\/v2\/pages\/1114","targetHints":{"allow":["GET"]}}],"collection":[{"href":"https:\/\/institucional.ufrrj.br\/fazendinha\/wp-json\/wp\/v2\/pages"}],"about":[{"href":"https:\/\/institucional.ufrrj.br\/fazendinha\/wp-json\/wp\/v2\/types\/page"}],"author":[{"embeddable":true,"href":"https:\/\/institucional.ufrrj.br\/fazendinha\/wp-json\/wp\/v2\/users\/743"}],"replies":[{"embeddable":true,"href":"https:\/\/institucional.ufrrj.br\/fazendinha\/wp-json\/wp\/v2\/comments?post=1114"}],"version-history":[{"count":10,"href":"https:\/\/institucional.ufrrj.br\/fazendinha\/wp-json\/wp\/v2\/pages\/1114\/revisions"}],"predecessor-version":[{"id":1632,"href":"https:\/\/institucional.ufrrj.br\/fazendinha\/wp-json\/wp\/v2\/pages\/1114\/revisions\/1632"}],"wp:attachment":[{"href":"https:\/\/institucional.ufrrj.br\/fazendinha\/wp-json\/wp\/v2\/media?parent=1114"}],"curies":[{"name":"wp","href":"https:\/\/api.w.org\/{rel}","templated":true}]}}