{"id":1111,"date":"2019-09-06T19:30:12","date_gmt":"2019-09-06T22:30:12","guid":{"rendered":"http:\/\/institucional.ufrrj.br\/fazendinha\/?page_id=1111"},"modified":"2019-11-19T20:13:13","modified_gmt":"2019-11-19T23:13:13","slug":"sistema-ecologico-de-pecuaria-leiteira-organica-com-terapia-homeopatica","status":"publish","type":"page","link":"https:\/\/institucional.ufrrj.br\/fazendinha\/sistema-ecologico-de-pecuaria-leiteira-organica-com-terapia-homeopatica\/","title":{"rendered":"Pecu\u00e1ria leiteira org\u00e2nica com terapia homeop\u00e1tica"},"content":{"rendered":"<div id=\"attachment_471\" style=\"width: 4618px\" class=\"wp-caption aligncenter\"><img loading=\"lazy\" decoding=\"async\" aria-describedby=\"caption-attachment-471\" class=\"wp-image-471 size-full\" src=\"https:\/\/institucional.ufrrj.br\/fazendinha\/files\/2019\/05\/Embrapa-Agrobiologia-Foto-Gustavo-Porpino-108.JPG.jpg\" alt=\"\" width=\"4608\" height=\"3072\" srcset=\"https:\/\/institucional.ufrrj.br\/fazendinha\/files\/2019\/05\/Embrapa-Agrobiologia-Foto-Gustavo-Porpino-108.JPG.jpg 4608w, https:\/\/institucional.ufrrj.br\/fazendinha\/files\/2019\/05\/Embrapa-Agrobiologia-Foto-Gustavo-Porpino-108.JPG-300x200.jpg 300w, https:\/\/institucional.ufrrj.br\/fazendinha\/files\/2019\/05\/Embrapa-Agrobiologia-Foto-Gustavo-Porpino-108.JPG-768x512.jpg 768w, https:\/\/institucional.ufrrj.br\/fazendinha\/files\/2019\/05\/Embrapa-Agrobiologia-Foto-Gustavo-Porpino-108.JPG-1024x683.jpg 1024w\" sizes=\"auto, (max-width: 4608px) 100vw, 4608px\" \/><p id=\"caption-attachment-471\" class=\"wp-caption-text\">Bovinocultura leiteira na Fazendinha Agroecol\u00f3gica Km 47.<\/p><\/div>\n<p>Um dos pilares da Fazendinha \u00e9 a integra\u00e7\u00e3o entre produ\u00e7\u00e3o animal e vegetal, visando \u00e0 otimiza\u00e7\u00e3o de recursos locais. Na condu\u00e7\u00e3o da pecu\u00e1ria leiteira , utilizam-se conhecimentos sobre comportamento animal e estrat\u00e9gias de manejo racional para assegurar o bem-estar dos animais, gerar ganhos na produ\u00e7\u00e3o e na qualidade do leite.<\/p>\n<p>A produ\u00e7\u00e3o leiteira \u00e9 livre de contaminantes e o esterco sem res\u00edduos \u00e9 usado para produ\u00e7\u00e3o de substrato para mudas. O sistema de manejo sanit\u00e1rio \u00e9 baseado no controle estrat\u00e9gico de parasitas e na terapia homeop\u00e1tica.<\/p>\n<p style=\"text-align: right\"><a href=\"https:\/\/sucupira.capes.gov.br\/sucupira\/public\/consultas\/coleta\/trabalhoConclusao\/viewTrabalhoConclusao.xhtml?popup=true&amp;id_trabalho=4936430\" target=\"_blank\" rel=\"noopener noreferrer\">Clique aqui e saiba mais.<\/a><\/p>\n<hr \/>\n<div id=\"attachment_599\" style=\"width: 4642px\" class=\"wp-caption aligncenter\"><img loading=\"lazy\" decoding=\"async\" aria-describedby=\"caption-attachment-599\" class=\"wp-image-599 size-full\" src=\"https:\/\/institucional.ufrrj.br\/fazendinha\/files\/2019\/05\/IMG_20190508_154503552_HDR.jpg\" alt=\"\" width=\"4632\" height=\"3474\" srcset=\"https:\/\/institucional.ufrrj.br\/fazendinha\/files\/2019\/05\/IMG_20190508_154503552_HDR.jpg 4632w, https:\/\/institucional.ufrrj.br\/fazendinha\/files\/2019\/05\/IMG_20190508_154503552_HDR-300x225.jpg 300w, https:\/\/institucional.ufrrj.br\/fazendinha\/files\/2019\/05\/IMG_20190508_154503552_HDR-768x576.jpg 768w, https:\/\/institucional.ufrrj.br\/fazendinha\/files\/2019\/05\/IMG_20190508_154503552_HDR-1024x768.jpg 1024w\" sizes=\"auto, (max-width: 4632px) 100vw, 4632px\" \/><p id=\"caption-attachment-599\" class=\"wp-caption-text\">Esta\u00e7\u00e3o de tratamento de \u00e1gua residu\u00e1ria da bovinocultura na Fazendinha Agroecol\u00f3gica Km 47.<\/p><\/div>\n<p>O aproveitamento de \u00e1guas de limpeza do curral da Fazendinha gera um fertilizante l\u00edquido de alta qualidade, sendo utilizado na ferti-irriga\u00e7\u00e3o de culturas anuais.<\/p>\n<p>Antes do uso, esse efluente passa por tratamento com o Sistema de Alagado Constru\u00eddo (SAC) no qual, macr\u00f3fitas aqu\u00e1ticas comp\u00f5em o sistema substrato-planta-microrganismos-radia\u00e7\u00e3o solar, funcionando como reator para depura\u00e7\u00e3o\u00a0 dos res\u00edduos.<\/p>\n<p>Al\u00e9m de demonstrar efici\u00eancia na remo\u00e7\u00e3o de poluentes, contribuindo para a reciclagem de res\u00edduos e conserva\u00e7\u00e3o dos corpos h\u00eddricos, o SAC \u00e9 uma estrutura de f\u00e1cil opera\u00e7\u00e3o, baixo custo e manuten\u00e7\u00e3o.<\/p>\n<p style=\"text-align: right\"><a href=\"http:\/\/eventos.ufrrj.br\/raic\/files\/2016\/06\/2786-9987-1-SM.pdf\" target=\"_blank\" rel=\"noopener noreferrer\">Clique aqui e saiba mais.<\/a><\/p>\n<hr \/>\n<div id=\"attachment_482\" style=\"width: 310px\" class=\"wp-caption aligncenter\"><img loading=\"lazy\" decoding=\"async\" aria-describedby=\"caption-attachment-482\" class=\"wp-image-482 size-full\" src=\"https:\/\/institucional.ufrrj.br\/fazendinha\/files\/2019\/05\/article.jpg\" alt=\"\" width=\"300\" height=\"217\" \/><p id=\"caption-attachment-482\" class=\"wp-caption-text\">Vermecompostagem na Fazendinha Agroecol\u00f3gica Km 47.<\/p><\/div>\n<p>Na Fazendinha, o esterco bovino \u00e9 aproveitado para a produ\u00e7\u00e3o de vermicomposto (h\u00famus de minhoca), obtido por meio da vermicompostagem, processo no qual a reciclagem de res\u00edduos org\u00e2nicos \u00e9 feita por minhocas.\u00a0O vermicomposto \u00e9 um excelente fertilizante e condicionador de solo, sendo usado na Fazendinha como mat\u00e9ria-prima para a confec\u00e7\u00e3o de substrato para a <a href=\"https:\/\/institucional.ufrrj.br\/fazendinha\/sistema-de-producao-de-mudas\/\" target=\"_blank\" rel=\"noopener noreferrer\">produ\u00e7\u00e3o de mudas<\/a>.<\/p>\n<hr \/>\n<div id=\"attachment_653\" style=\"width: 4642px\" class=\"wp-caption aligncenter\"><img loading=\"lazy\" decoding=\"async\" aria-describedby=\"caption-attachment-653\" class=\"wp-image-653 size-full\" src=\"https:\/\/institucional.ufrrj.br\/fazendinha\/files\/2019\/05\/IMG_20190514_151350846.jpg\" alt=\"\" width=\"4632\" height=\"3474\" srcset=\"https:\/\/institucional.ufrrj.br\/fazendinha\/files\/2019\/05\/IMG_20190514_151350846.jpg 4632w, https:\/\/institucional.ufrrj.br\/fazendinha\/files\/2019\/05\/IMG_20190514_151350846-300x225.jpg 300w, https:\/\/institucional.ufrrj.br\/fazendinha\/files\/2019\/05\/IMG_20190514_151350846-768x576.jpg 768w, https:\/\/institucional.ufrrj.br\/fazendinha\/files\/2019\/05\/IMG_20190514_151350846-1024x768.jpg 1024w\" sizes=\"auto, (max-width: 4632px) 100vw, 4632px\" \/><p id=\"caption-attachment-653\" class=\"wp-caption-text\">Utiliza\u00e7\u00e3o da Gliric\u00eddia como mour\u00e3o vivo na Fazendinha Agroecol\u00f3gica Km 47.<\/p><\/div>\n<p>O conceito do moir\u00e3o vivo baseia-se na l\u00f3gica da n\u00e3o derrubada de \u00e1rvores nativas para a constru\u00e7\u00e3o de cercas, mas de seu plantio na linha divis\u00f3ria da \u00e1rea que se quer isolar para, a partir da\u00ed, esticar-se o arame. Algumas esp\u00e9cies, como o mulungu (<em>Erytrina spp<\/em>) e a gliric\u00eddia (<em>Gliricidia sepium<\/em>), podem ser utilizadas para esse fim.<\/p>\n<p>Ambas possuem boa porcentagem de brota\u00e7\u00e3o a partir de estacas, sem a necessidade de adi\u00e7\u00e3o de reguladores de crescimento, podendo receber o arame para fazer o isolamento da \u00e1rea aos dois anos ap\u00f3s o plantio. Essa tecnologia exige planejamento por parte do agricultor, mas possui vantagens como baixo custo e maior durabilidade, al\u00e9m de um efeito paisag\u00edstico bel\u00edssimo.<\/p>\n<p>A propaga\u00e7\u00e3o do moir\u00e3o vivo se d\u00e1 por semente ou por estaquia, entretanto, devido \u00e0 disponibilidade de sementes, a propaga\u00e7\u00e3o clonal torna-se mais vi\u00e1vel.<\/p>\n<p style=\"text-align: right\"><a href=\"https:\/\/www.embrapa.br\/busca-de-noticias\/-\/noticia\/18022382\/uso-de-moirao-vivo-para-construcao-de-cercas-ecologicas\" target=\"_blank\" rel=\"noopener noreferrer\">Clique aqui e saiba mais.<\/a><\/p>\n","protected":false},"excerpt":{"rendered":"<p>Um dos pilares da Fazendinha \u00e9 a integra\u00e7\u00e3o entre produ\u00e7\u00e3o animal e vegetal, visando \u00e0 otimiza\u00e7\u00e3o de recursos locais. Na <a class=\"read-more\" href=\"https:\/\/institucional.ufrrj.br\/fazendinha\/sistema-ecologico-de-pecuaria-leiteira-organica-com-terapia-homeopatica\/ \" >&#8230; <span class=\"font-italic\">leia mais <i class=\"fas fa-angle-right\"><\/i><\/span><\/a><\/p>\n","protected":false},"author":743,"featured_media":0,"parent":0,"menu_order":0,"comment_status":"closed","ping_status":"closed","template":"","meta":{"_acf_changed":false,"footnotes":""},"class_list":["post-1111","page","type-page","status-publish","hentry"],"yoast_head":"<!-- This site is optimized with the Yoast SEO plugin v27.2 - https:\/\/yoast.com\/product\/yoast-seo-wordpress\/ -->\n<title>Pecu\u00e1ria leiteira org\u00e2nica com terapia homeop\u00e1tica - Fazendinha<\/title>\n<meta name=\"robots\" content=\"index, follow, max-snippet:-1, max-image-preview:large, max-video-preview:-1\" \/>\n<link rel=\"canonical\" href=\"https:\/\/institucional.ufrrj.br\/fazendinha\/sistema-ecologico-de-pecuaria-leiteira-organica-com-terapia-homeopatica\/\" \/>\n<meta property=\"og:locale\" content=\"pt_BR\" \/>\n<meta property=\"og:type\" content=\"article\" \/>\n<meta property=\"og:title\" content=\"Pecu\u00e1ria leiteira org\u00e2nica com terapia homeop\u00e1tica - Fazendinha\" \/>\n<meta property=\"og:description\" content=\"Um dos pilares da Fazendinha \u00e9 a integra\u00e7\u00e3o entre produ\u00e7\u00e3o animal e vegetal, visando \u00e0 otimiza\u00e7\u00e3o de recursos locais. Na ... leia mais\" \/>\n<meta property=\"og:url\" content=\"https:\/\/institucional.ufrrj.br\/fazendinha\/sistema-ecologico-de-pecuaria-leiteira-organica-com-terapia-homeopatica\/\" \/>\n<meta property=\"og:site_name\" content=\"Fazendinha\" \/>\n<meta property=\"article:modified_time\" content=\"2019-11-19T23:13:13+00:00\" \/>\n<meta property=\"og:image\" content=\"http:\/\/institucional.ufrrj.br\/fazendinha\/files\/2019\/05\/Embrapa-Agrobiologia-Foto-Gustavo-Porpino-108.JPG.jpg\" \/>\n<meta name=\"twitter:card\" content=\"summary_large_image\" \/>\n<meta name=\"twitter:label1\" content=\"Est. tempo de leitura\" \/>\n\t<meta name=\"twitter:data1\" content=\"2 minutos\" \/>\n<script type=\"application\/ld+json\" class=\"yoast-schema-graph\">{\"@context\":\"https:\/\/schema.org\",\"@graph\":[{\"@type\":\"WebPage\",\"@id\":\"https:\/\/institucional.ufrrj.br\/fazendinha\/sistema-ecologico-de-pecuaria-leiteira-organica-com-terapia-homeopatica\/\",\"url\":\"https:\/\/institucional.ufrrj.br\/fazendinha\/sistema-ecologico-de-pecuaria-leiteira-organica-com-terapia-homeopatica\/\",\"name\":\"Pecu\u00e1ria leiteira org\u00e2nica com terapia homeop\u00e1tica - Fazendinha\",\"isPartOf\":{\"@id\":\"https:\/\/institucional.ufrrj.br\/fazendinha\/#website\"},\"primaryImageOfPage\":{\"@id\":\"https:\/\/institucional.ufrrj.br\/fazendinha\/sistema-ecologico-de-pecuaria-leiteira-organica-com-terapia-homeopatica\/#primaryimage\"},\"image\":{\"@id\":\"https:\/\/institucional.ufrrj.br\/fazendinha\/sistema-ecologico-de-pecuaria-leiteira-organica-com-terapia-homeopatica\/#primaryimage\"},\"thumbnailUrl\":\"http:\/\/institucional.ufrrj.br\/fazendinha\/files\/2019\/05\/Embrapa-Agrobiologia-Foto-Gustavo-Porpino-108.JPG.jpg\",\"datePublished\":\"2019-09-06T22:30:12+00:00\",\"dateModified\":\"2019-11-19T23:13:13+00:00\",\"breadcrumb\":{\"@id\":\"https:\/\/institucional.ufrrj.br\/fazendinha\/sistema-ecologico-de-pecuaria-leiteira-organica-com-terapia-homeopatica\/#breadcrumb\"},\"inLanguage\":\"pt-BR\",\"potentialAction\":[{\"@type\":\"ReadAction\",\"target\":[\"https:\/\/institucional.ufrrj.br\/fazendinha\/sistema-ecologico-de-pecuaria-leiteira-organica-com-terapia-homeopatica\/\"]}]},{\"@type\":\"ImageObject\",\"inLanguage\":\"pt-BR\",\"@id\":\"https:\/\/institucional.ufrrj.br\/fazendinha\/sistema-ecologico-de-pecuaria-leiteira-organica-com-terapia-homeopatica\/#primaryimage\",\"url\":\"http:\/\/institucional.ufrrj.br\/fazendinha\/files\/2019\/05\/Embrapa-Agrobiologia-Foto-Gustavo-Porpino-108.JPG.jpg\",\"contentUrl\":\"http:\/\/institucional.ufrrj.br\/fazendinha\/files\/2019\/05\/Embrapa-Agrobiologia-Foto-Gustavo-Porpino-108.JPG.jpg\"},{\"@type\":\"BreadcrumbList\",\"@id\":\"https:\/\/institucional.ufrrj.br\/fazendinha\/sistema-ecologico-de-pecuaria-leiteira-organica-com-terapia-homeopatica\/#breadcrumb\",\"itemListElement\":[{\"@type\":\"ListItem\",\"position\":1,\"name\":\"In\u00edcio\",\"item\":\"https:\/\/institucional.ufrrj.br\/fazendinha\/\"},{\"@type\":\"ListItem\",\"position\":2,\"name\":\"Pecu\u00e1ria leiteira org\u00e2nica com terapia homeop\u00e1tica\"}]},{\"@type\":\"WebSite\",\"@id\":\"https:\/\/institucional.ufrrj.br\/fazendinha\/#website\",\"url\":\"https:\/\/institucional.ufrrj.br\/fazendinha\/\",\"name\":\"Fazendinha\",\"description\":\"S\u00f3 mais um site institucional.ufrrj.br\",\"potentialAction\":[{\"@type\":\"SearchAction\",\"target\":{\"@type\":\"EntryPoint\",\"urlTemplate\":\"https:\/\/institucional.ufrrj.br\/fazendinha\/?s={search_term_string}\"},\"query-input\":{\"@type\":\"PropertyValueSpecification\",\"valueRequired\":true,\"valueName\":\"search_term_string\"}}],\"inLanguage\":\"pt-BR\"}]}<\/script>\n<!-- \/ Yoast SEO plugin. -->","yoast_head_json":{"title":"Pecu\u00e1ria leiteira org\u00e2nica com terapia homeop\u00e1tica - Fazendinha","robots":{"index":"index","follow":"follow","max-snippet":"max-snippet:-1","max-image-preview":"max-image-preview:large","max-video-preview":"max-video-preview:-1"},"canonical":"https:\/\/institucional.ufrrj.br\/fazendinha\/sistema-ecologico-de-pecuaria-leiteira-organica-com-terapia-homeopatica\/","og_locale":"pt_BR","og_type":"article","og_title":"Pecu\u00e1ria leiteira org\u00e2nica com terapia homeop\u00e1tica - Fazendinha","og_description":"Um dos pilares da Fazendinha \u00e9 a integra\u00e7\u00e3o entre produ\u00e7\u00e3o animal e vegetal, visando \u00e0 otimiza\u00e7\u00e3o de recursos locais. Na ... leia mais","og_url":"https:\/\/institucional.ufrrj.br\/fazendinha\/sistema-ecologico-de-pecuaria-leiteira-organica-com-terapia-homeopatica\/","og_site_name":"Fazendinha","article_modified_time":"2019-11-19T23:13:13+00:00","og_image":[{"url":"http:\/\/institucional.ufrrj.br\/fazendinha\/files\/2019\/05\/Embrapa-Agrobiologia-Foto-Gustavo-Porpino-108.JPG.jpg","type":"","width":"","height":""}],"twitter_card":"summary_large_image","twitter_misc":{"Est. tempo de leitura":"2 minutos"},"schema":{"@context":"https:\/\/schema.org","@graph":[{"@type":"WebPage","@id":"https:\/\/institucional.ufrrj.br\/fazendinha\/sistema-ecologico-de-pecuaria-leiteira-organica-com-terapia-homeopatica\/","url":"https:\/\/institucional.ufrrj.br\/fazendinha\/sistema-ecologico-de-pecuaria-leiteira-organica-com-terapia-homeopatica\/","name":"Pecu\u00e1ria leiteira org\u00e2nica com terapia homeop\u00e1tica - Fazendinha","isPartOf":{"@id":"https:\/\/institucional.ufrrj.br\/fazendinha\/#website"},"primaryImageOfPage":{"@id":"https:\/\/institucional.ufrrj.br\/fazendinha\/sistema-ecologico-de-pecuaria-leiteira-organica-com-terapia-homeopatica\/#primaryimage"},"image":{"@id":"https:\/\/institucional.ufrrj.br\/fazendinha\/sistema-ecologico-de-pecuaria-leiteira-organica-com-terapia-homeopatica\/#primaryimage"},"thumbnailUrl":"http:\/\/institucional.ufrrj.br\/fazendinha\/files\/2019\/05\/Embrapa-Agrobiologia-Foto-Gustavo-Porpino-108.JPG.jpg","datePublished":"2019-09-06T22:30:12+00:00","dateModified":"2019-11-19T23:13:13+00:00","breadcrumb":{"@id":"https:\/\/institucional.ufrrj.br\/fazendinha\/sistema-ecologico-de-pecuaria-leiteira-organica-com-terapia-homeopatica\/#breadcrumb"},"inLanguage":"pt-BR","potentialAction":[{"@type":"ReadAction","target":["https:\/\/institucional.ufrrj.br\/fazendinha\/sistema-ecologico-de-pecuaria-leiteira-organica-com-terapia-homeopatica\/"]}]},{"@type":"ImageObject","inLanguage":"pt-BR","@id":"https:\/\/institucional.ufrrj.br\/fazendinha\/sistema-ecologico-de-pecuaria-leiteira-organica-com-terapia-homeopatica\/#primaryimage","url":"http:\/\/institucional.ufrrj.br\/fazendinha\/files\/2019\/05\/Embrapa-Agrobiologia-Foto-Gustavo-Porpino-108.JPG.jpg","contentUrl":"http:\/\/institucional.ufrrj.br\/fazendinha\/files\/2019\/05\/Embrapa-Agrobiologia-Foto-Gustavo-Porpino-108.JPG.jpg"},{"@type":"BreadcrumbList","@id":"https:\/\/institucional.ufrrj.br\/fazendinha\/sistema-ecologico-de-pecuaria-leiteira-organica-com-terapia-homeopatica\/#breadcrumb","itemListElement":[{"@type":"ListItem","position":1,"name":"In\u00edcio","item":"https:\/\/institucional.ufrrj.br\/fazendinha\/"},{"@type":"ListItem","position":2,"name":"Pecu\u00e1ria leiteira org\u00e2nica com terapia homeop\u00e1tica"}]},{"@type":"WebSite","@id":"https:\/\/institucional.ufrrj.br\/fazendinha\/#website","url":"https:\/\/institucional.ufrrj.br\/fazendinha\/","name":"Fazendinha","description":"S\u00f3 mais um site institucional.ufrrj.br","potentialAction":[{"@type":"SearchAction","target":{"@type":"EntryPoint","urlTemplate":"https:\/\/institucional.ufrrj.br\/fazendinha\/?s={search_term_string}"},"query-input":{"@type":"PropertyValueSpecification","valueRequired":true,"valueName":"search_term_string"}}],"inLanguage":"pt-BR"}]}},"acf":[],"_links":{"self":[{"href":"https:\/\/institucional.ufrrj.br\/fazendinha\/wp-json\/wp\/v2\/pages\/1111","targetHints":{"allow":["GET"]}}],"collection":[{"href":"https:\/\/institucional.ufrrj.br\/fazendinha\/wp-json\/wp\/v2\/pages"}],"about":[{"href":"https:\/\/institucional.ufrrj.br\/fazendinha\/wp-json\/wp\/v2\/types\/page"}],"author":[{"embeddable":true,"href":"https:\/\/institucional.ufrrj.br\/fazendinha\/wp-json\/wp\/v2\/users\/743"}],"replies":[{"embeddable":true,"href":"https:\/\/institucional.ufrrj.br\/fazendinha\/wp-json\/wp\/v2\/comments?post=1111"}],"version-history":[{"count":13,"href":"https:\/\/institucional.ufrrj.br\/fazendinha\/wp-json\/wp\/v2\/pages\/1111\/revisions"}],"predecessor-version":[{"id":1633,"href":"https:\/\/institucional.ufrrj.br\/fazendinha\/wp-json\/wp\/v2\/pages\/1111\/revisions\/1633"}],"wp:attachment":[{"href":"https:\/\/institucional.ufrrj.br\/fazendinha\/wp-json\/wp\/v2\/media?parent=1111"}],"curies":[{"name":"wp","href":"https:\/\/api.w.org\/{rel}","templated":true}]}}