{"id":876,"date":"2020-05-19T11:07:08","date_gmt":"2020-05-19T14:07:08","guid":{"rendered":"http:\/\/institucional.ufrrj.br\/eext\/?page_id=876"},"modified":"2025-06-18T14:57:32","modified_gmt":"2025-06-18T17:57:32","slug":"quem-somos","status":"publish","type":"page","link":"https:\/\/institucional.ufrrj.br\/eext\/quem-somos\/","title":{"rendered":"Quem Somos"},"content":{"rendered":"\n<div id=\"pl-876\" class=\"panel-layout\">\n<div id=\"pg-876-0\" class=\"panel-grid panel-no-style\" data-style=\"{&quot;background_image_attachment&quot;:false,&quot;background_display&quot;:&quot;tile&quot;,&quot;cell_alignment&quot;:&quot;flex-start&quot;}\" data-ratio=\"1\" data-ratio-direction=\"right\">\n<div id=\"pgc-876-0-0\" class=\"panel-grid-cell\" data-weight=\"1\">\n<div id=\"panel-876-0-0-0\" class=\"so-panel widget widget_media_image panel-first-child panel-last-child\" data-index=\"0\" data-style=\"{&quot;background_image_attachment&quot;:false,&quot;background_display&quot;:&quot;tile&quot;}\"><\/div>\n<\/div>\n<div data-index=\"0\" data-style=\"{&quot;background_image_attachment&quot;:false,&quot;background_display&quot;:&quot;tile&quot;}\">&nbsp;<\/div>\n<\/div>\n<div id=\"pg-876-1\" class=\"panel-grid panel-no-style\" data-style=\"{&quot;background_image_attachment&quot;:false,&quot;background_display&quot;:&quot;tile&quot;,&quot;cell_alignment&quot;:&quot;flex-start&quot;}\" data-ratio=\"1\" data-ratio-direction=\"right\">\n<div id=\"pgc-876-1-0\" class=\"panel-grid-cell\" data-weight=\"1\">\n<div id=\"panel-876-1-0-0\" class=\"so-panel widget widget_text panel-first-child panel-last-child\" data-index=\"1\" data-style=\"{&quot;background_image_attachment&quot;:false,&quot;background_display&quot;:&quot;tile&quot;}\">\n<h3 class=\"widget-title\">Escola de Extens\u00e3o<\/h3>\n<figure><img loading=\"lazy\" decoding=\"async\" class=\"alignnone wp-image-883 \" src=\"https:\/\/institucional.ufrrj.br\/eext\/files\/2020\/05\/montagem_pag_quem_somos_v2-300x137.jpg\" alt=\"\" width=\"834\" height=\"381\" srcset=\"https:\/\/institucional.ufrrj.br\/eext\/files\/2020\/05\/montagem_pag_quem_somos_v2-300x137.jpg 300w, https:\/\/institucional.ufrrj.br\/eext\/files\/2020\/05\/montagem_pag_quem_somos_v2-768x350.jpg 768w, https:\/\/institucional.ufrrj.br\/eext\/files\/2020\/05\/montagem_pag_quem_somos_v2.jpg 800w\" sizes=\"auto, (max-width: 834px) 100vw, 834px\" \/><\/figure><p><\/p>\n<div class=\"textwidget\">\n<p>Criada atrav\u00e9s da Resolu\u00e7\u00e3o n\u00ba 01, de 17\/04\/2019, \u00e9 um \u00f3rg\u00e3o complementar da Universidade Federal Rural do Rio de Janeiro, subordinada \u00e0 Pr\u00f3-reitora de Extens\u00e3o.<\/p>\n<p>Seu objetivo principal \u00e9 estimular o oferecimento de cursos de extens\u00e3o, os quais compreendem atividades de ensino acad\u00eamico, t\u00e9cnico, cultural ou art\u00edstico, n\u00e3o pertencentes ao \u00e2mbito regulamentar das atividades regulares de ensino de gradua\u00e7\u00e3o no \u00e2mbito da PROGRAD, e p\u00f3s-gradua\u00e7\u00e3o&nbsp;<em>latu sensu<\/em> no \u00e2mbito da PROPPG, na UFRRJ, ampliando desta forma a transfer\u00eancia de conhecimentos dispon\u00edveis na Universidade para a Comunidade.<\/p>\n<\/div>\n<\/div>\n<\/div>\n<\/div>\n<\/div>\n\n\n\n<p><\/p>\n\n\n\n<p><\/p>\n\n\n\n<p class=\" eplus-wrapper\"><strong>Regulamento da Escola de Extens\u00e3o da Pr\u00f3-reitoria de Extens\u00e3o da UFRRJ<\/strong><\/p>\n\n\n\n<p><\/p>\n\n\n\n<p><\/p>\n\n\n\n<p class=\" eplus-wrapper\"><a href=\"https:\/\/institucional.ufrrj.br\/eext\/files\/2023\/05\/merged-a-Resolucao-1-2019_Delib-90_regulamento-da-escola-de-extensao.pdf\" target=\"_blank\" rel=\"noopener\">Resolu\u00e7\u00e3o N\u00ba 01 de 2019 da PROEXT e Delibera\u00e7\u00e3o N\u00ba 90 de 2019 do CEPE<\/a><br><\/p>\n<!-- \/wp:post-content -->\n\n<!-- wp:paragraph {\"className\":\" eplus-wrapper\"} -->\n<p class=\" eplus-wrapper\"><strong>Regimento do funcionamento administrativo da Escola de Extens\u00e3o da Pr\u00f3-reitoria de Extens\u00e3o<\/strong><\/p>\n<!-- \/wp:paragraph -->\n\n<!-- wp:paragraph {\"className\":\" eplus-wrapper\"} -->\n<p class=\" eplus-wrapper\"><a href=\"https:\/\/institucional.ufrrj.br\/eext\/files\/2023\/05\/Delib-81-CONSU-2019-resolucao-02-2019.pdf\" target=\"_blank\" rel=\"noopener\">Delibera\u00e7\u00e3o N\u00ba 81 de 2019 do CONSU e Resolu\u00e7\u00e3o N\u00ba 05 de 2019 da Proext&nbsp;<\/a><\/p>\n<!-- \/wp:paragraph -->\n\n<!-- wp:paragraph {\"className\":\" eplus-wrapper\"} -->\n<p class=\" eplus-wrapper\"><strong>Normas para defini\u00e7\u00e3o e classifica\u00e7\u00e3o das A\u00e7\u00f5es e de Produtos Extensionistas na UFRRJ<\/strong><\/p>\n<!-- \/wp:paragraph -->\n\n<!-- wp:paragraph {\"className\":\" eplus-wrapper\"} -->\n<p class=\" eplus-wrapper\"><a href=\"https:\/\/institucional.ufrrj.br\/eext\/files\/2023\/05\/merged-b-Resolucao-1-2020_Delib-152_acoes-e-produtos-extensionistas.pdf\" target=\"_blank\" rel=\"noopener\">Resolu\u00e7\u00e3o N\u00ba 01 de 2020 da Proext e Delibera\u00e7\u00e3o N\u00ba 152 de 2020 do CEPE<\/a><\/p>\n<!-- \/wp:paragraph -->\n\n<!-- wp:paragraph {\"className\":\" eplus-wrapper\"} -->\n<p class=\" eplus-wrapper\"><strong>Regulamento geral dos cursos de P\u00f3s-gradua\u00e7\u00e3o Lato sensu \u2013 Especializa\u00e7\u00e3o da Escola de Extens\u00e3o<\/strong><\/p>\n<!-- \/wp:paragraph -->\n\n<!-- wp:paragraph {\"className\":\" eplus-wrapper\"} -->\n<p class=\" eplus-wrapper\"><a href=\"https:\/\/institucional.ufrrj.br\/eext\/files\/2023\/05\/Delib-75-CEPE-2019-resolucao-02-2019.pdf\" target=\"_blank\" rel=\"noopener\">Delibera\u00e7\u00e3o N\u00ba 75 de 2019 do CEPE e Resolu\u00e7\u00e3o N\u00ba 02 de 2019 da Proext<\/a><\/p>\n<!-- \/wp:paragraph -->\n\n<!-- wp:paragraph -->\n<p>Ser\u00e3o, oportunamente, oferecidos cursos designados como:<\/p>\n<!-- \/wp:paragraph -->\n\n<!-- wp:paragraph -->\n<p><strong>a) Cursos de Treinamento<\/strong> \u2013 de 30 horas a 59 horas<br>Curso com objetivo de treinar em atividades profissionais espec\u00edficas.<\/p>\n<!-- \/wp:paragraph -->\n\n<!-- wp:paragraph -->\n<p><strong>b) Cursos de Capacita\u00e7\u00e3o<\/strong> \u2013 de 60 horas a 89 horas<br>Objetiva a forma\u00e7\u00e3o inicial socializando conhecimentos sistematizados e divulgando t\u00e9cnicas dentro de uma \u00e1rea de conhecimento espec\u00edfico ou de atua\u00e7\u00e3o profissional, com vistas ao aprimoramento do desempenho profissional.<\/p>\n<!-- \/wp:paragraph -->\n\n<!-- wp:paragraph -->\n<p><strong>c) Cursos de Atualiza\u00e7\u00e3o<\/strong> \u2013 90 horas a 179 horas<br>Objetiva a forma\u00e7\u00e3o continuada do profissional em sua \u00e1rea de atua\u00e7\u00e3o atrav\u00e9s da amplia\u00e7\u00e3o de conhecimento, habilidades ou t\u00e9cnicas.<\/p>\n<!-- \/wp:paragraph -->\n\n<!-- wp:paragraph -->\n<p><strong>d) Cursos de Aperfei\u00e7oamento<\/strong> \u2013 carga hor\u00e1ria m\u00ednima de 180 horas. Destinados a graduados de cursos superiores para atualizar e melhorar conhecimentos e t\u00e9cnicas de trabalho, mas tamb\u00e9m para outros segmentos de n\u00edvel m\u00e9dio, t\u00e9cnico e profissional que visem complementar forma\u00e7\u00e3o ou habilidades em temas espec\u00edficos, com carga hor\u00e1ria m\u00ednima de 180 horas; est\u00e3o inclu\u00eddos nessa categoria os cursos voltados para o exerc\u00edcio profissional (qualifica\u00e7\u00e3o).<\/p>\n<!-- \/wp:paragraph -->\n\n<!-- wp:paragraph -->\n<p><strong>e) Cursos de Especializa\u00e7\u00e3o<\/strong> \u2013 carga hor\u00e1ria m\u00ednima de 360 horas. Destinados a graduados de cursos superiores; os cursos de Especializa\u00e7\u00e3o prepararam especialistas em setores restritos das atividades acad\u00eamicas e profissionais.<\/p>\n<!-- \/wp:paragraph -->\n\n<!-- wp:html -->\n<div id=\"pg-876-2\" class=\"panel-grid panel-no-style\" data-style=\"{&quot;background_image_attachment&quot;:false,&quot;background_display&quot;:&quot;tile&quot;,&quot;cell_alignment&quot;:&quot;flex-start&quot;}\" data-ratio=\"1\" data-ratio-direction=\"right\">\n<div id=\"pgc-876-2-0\" class=\"panel-grid-cell\" data-weight=\"1\">\n<div id=\"panel-876-2-0-0\" class=\"so-panel widget widget_media_image panel-first-child panel-last-child\" data-index=\"2\" data-style=\"{&quot;background_image_attachment&quot;:false,&quot;background_display&quot;:&quot;tile&quot;}\"><\/div>\n<\/div>\n<\/div>\n<!-- \/wp:html -->\n\n<!-- wp:html -->\n<figure class=\" wp-block-image size-full eplus-wrapper\"><\/figure>\n<!-- \/wp:html -->","protected":false},"excerpt":{"rendered":"<p>&nbsp; Escola de Extens\u00e3o Criada atrav\u00e9s da Resolu\u00e7\u00e3o n\u00ba 01, de 17\/04\/2019, \u00e9 um \u00f3rg\u00e3o complementar da Universidade Federal Rural <a class=\"read-more\" href=\"https:\/\/institucional.ufrrj.br\/eext\/quem-somos\/ \" >&#8230; <span class=\"font-italic\">leia mais <i class=\"fas fa-angle-right\"><\/i><\/span><\/a><\/p>\n","protected":false},"author":707,"featured_media":0,"parent":0,"menu_order":0,"comment_status":"closed","ping_status":"closed","template":"","meta":{"_acf_changed":false,"footnotes":""},"class_list":["post-876","page","type-page","status-publish","hentry"],"yoast_head":"<!-- This site is optimized with the Yoast SEO plugin v27.2 - https:\/\/yoast.com\/product\/yoast-seo-wordpress\/ -->\n<title>Quem Somos - Escola de Extens\u00e3o<\/title>\n<meta name=\"robots\" content=\"index, follow, max-snippet:-1, max-image-preview:large, max-video-preview:-1\" \/>\n<link rel=\"canonical\" href=\"https:\/\/institucional.ufrrj.br\/eext\/quem-somos\/\" \/>\n<meta property=\"og:locale\" content=\"pt_BR\" \/>\n<meta property=\"og:type\" content=\"article\" \/>\n<meta property=\"og:title\" content=\"Quem Somos - Escola de Extens\u00e3o\" \/>\n<meta property=\"og:description\" content=\"&nbsp; Escola de Extens\u00e3o Criada atrav\u00e9s da Resolu\u00e7\u00e3o n\u00ba 01, de 17\/04\/2019, \u00e9 um \u00f3rg\u00e3o complementar da Universidade Federal Rural ... leia mais\" \/>\n<meta property=\"og:url\" content=\"https:\/\/institucional.ufrrj.br\/eext\/quem-somos\/\" \/>\n<meta property=\"og:site_name\" content=\"Escola de Extens\u00e3o\" \/>\n<meta property=\"article:modified_time\" content=\"2025-06-18T17:57:32+00:00\" \/>\n<meta property=\"og:image\" content=\"https:\/\/institucional.ufrrj.br\/eext\/files\/2020\/05\/montagem_pag_quem_somos_v2.jpg\" \/>\n\t<meta property=\"og:image:width\" content=\"800\" \/>\n\t<meta property=\"og:image:height\" content=\"365\" \/>\n\t<meta property=\"og:image:type\" content=\"image\/jpeg\" \/>\n<meta name=\"twitter:card\" content=\"summary_large_image\" \/>\n<meta name=\"twitter:label1\" content=\"Est. tempo de leitura\" \/>\n\t<meta name=\"twitter:data1\" content=\"2 minutos\" \/>\n<script type=\"application\/ld+json\" class=\"yoast-schema-graph\">{\"@context\":\"https:\/\/schema.org\",\"@graph\":[{\"@type\":\"WebPage\",\"@id\":\"https:\/\/institucional.ufrrj.br\/eext\/quem-somos\/\",\"url\":\"https:\/\/institucional.ufrrj.br\/eext\/quem-somos\/\",\"name\":\"Quem Somos - Escola de Extens\u00e3o\",\"isPartOf\":{\"@id\":\"https:\/\/institucional.ufrrj.br\/eext\/#website\"},\"primaryImageOfPage\":{\"@id\":\"https:\/\/institucional.ufrrj.br\/eext\/quem-somos\/#primaryimage\"},\"image\":{\"@id\":\"https:\/\/institucional.ufrrj.br\/eext\/quem-somos\/#primaryimage\"},\"thumbnailUrl\":\"https:\/\/institucional.ufrrj.br\/eext\/files\/2020\/05\/montagem_pag_quem_somos_v2-300x137.jpg\",\"datePublished\":\"2020-05-19T14:07:08+00:00\",\"dateModified\":\"2025-06-18T17:57:32+00:00\",\"breadcrumb\":{\"@id\":\"https:\/\/institucional.ufrrj.br\/eext\/quem-somos\/#breadcrumb\"},\"inLanguage\":\"pt-BR\",\"potentialAction\":[{\"@type\":\"ReadAction\",\"target\":[\"https:\/\/institucional.ufrrj.br\/eext\/quem-somos\/\"]}]},{\"@type\":\"ImageObject\",\"inLanguage\":\"pt-BR\",\"@id\":\"https:\/\/institucional.ufrrj.br\/eext\/quem-somos\/#primaryimage\",\"url\":\"https:\/\/institucional.ufrrj.br\/eext\/files\/2020\/05\/montagem_pag_quem_somos_v2.jpg\",\"contentUrl\":\"https:\/\/institucional.ufrrj.br\/eext\/files\/2020\/05\/montagem_pag_quem_somos_v2.jpg\",\"width\":800,\"height\":365},{\"@type\":\"BreadcrumbList\",\"@id\":\"https:\/\/institucional.ufrrj.br\/eext\/quem-somos\/#breadcrumb\",\"itemListElement\":[{\"@type\":\"ListItem\",\"position\":1,\"name\":\"In\u00edcio\",\"item\":\"https:\/\/institucional.ufrrj.br\/eext\/\"},{\"@type\":\"ListItem\",\"position\":2,\"name\":\"Quem Somos\"}]},{\"@type\":\"WebSite\",\"@id\":\"https:\/\/institucional.ufrrj.br\/eext\/#website\",\"url\":\"https:\/\/institucional.ufrrj.br\/eext\/\",\"name\":\"Escola de Extens\u00e3o\",\"description\":\"S\u00f3 mais um site institucional.ufrrj.br\",\"potentialAction\":[{\"@type\":\"SearchAction\",\"target\":{\"@type\":\"EntryPoint\",\"urlTemplate\":\"https:\/\/institucional.ufrrj.br\/eext\/?s={search_term_string}\"},\"query-input\":{\"@type\":\"PropertyValueSpecification\",\"valueRequired\":true,\"valueName\":\"search_term_string\"}}],\"inLanguage\":\"pt-BR\"}]}<\/script>\n<!-- \/ Yoast SEO plugin. -->","yoast_head_json":{"title":"Quem Somos - Escola de Extens\u00e3o","robots":{"index":"index","follow":"follow","max-snippet":"max-snippet:-1","max-image-preview":"max-image-preview:large","max-video-preview":"max-video-preview:-1"},"canonical":"https:\/\/institucional.ufrrj.br\/eext\/quem-somos\/","og_locale":"pt_BR","og_type":"article","og_title":"Quem Somos - Escola de Extens\u00e3o","og_description":"&nbsp; Escola de Extens\u00e3o Criada atrav\u00e9s da Resolu\u00e7\u00e3o n\u00ba 01, de 17\/04\/2019, \u00e9 um \u00f3rg\u00e3o complementar da Universidade Federal Rural ... leia mais","og_url":"https:\/\/institucional.ufrrj.br\/eext\/quem-somos\/","og_site_name":"Escola de Extens\u00e3o","article_modified_time":"2025-06-18T17:57:32+00:00","og_image":[{"width":800,"height":365,"url":"https:\/\/institucional.ufrrj.br\/eext\/files\/2020\/05\/montagem_pag_quem_somos_v2.jpg","type":"image\/jpeg"}],"twitter_card":"summary_large_image","twitter_misc":{"Est. tempo de leitura":"2 minutos"},"schema":{"@context":"https:\/\/schema.org","@graph":[{"@type":"WebPage","@id":"https:\/\/institucional.ufrrj.br\/eext\/quem-somos\/","url":"https:\/\/institucional.ufrrj.br\/eext\/quem-somos\/","name":"Quem Somos - Escola de Extens\u00e3o","isPartOf":{"@id":"https:\/\/institucional.ufrrj.br\/eext\/#website"},"primaryImageOfPage":{"@id":"https:\/\/institucional.ufrrj.br\/eext\/quem-somos\/#primaryimage"},"image":{"@id":"https:\/\/institucional.ufrrj.br\/eext\/quem-somos\/#primaryimage"},"thumbnailUrl":"https:\/\/institucional.ufrrj.br\/eext\/files\/2020\/05\/montagem_pag_quem_somos_v2-300x137.jpg","datePublished":"2020-05-19T14:07:08+00:00","dateModified":"2025-06-18T17:57:32+00:00","breadcrumb":{"@id":"https:\/\/institucional.ufrrj.br\/eext\/quem-somos\/#breadcrumb"},"inLanguage":"pt-BR","potentialAction":[{"@type":"ReadAction","target":["https:\/\/institucional.ufrrj.br\/eext\/quem-somos\/"]}]},{"@type":"ImageObject","inLanguage":"pt-BR","@id":"https:\/\/institucional.ufrrj.br\/eext\/quem-somos\/#primaryimage","url":"https:\/\/institucional.ufrrj.br\/eext\/files\/2020\/05\/montagem_pag_quem_somos_v2.jpg","contentUrl":"https:\/\/institucional.ufrrj.br\/eext\/files\/2020\/05\/montagem_pag_quem_somos_v2.jpg","width":800,"height":365},{"@type":"BreadcrumbList","@id":"https:\/\/institucional.ufrrj.br\/eext\/quem-somos\/#breadcrumb","itemListElement":[{"@type":"ListItem","position":1,"name":"In\u00edcio","item":"https:\/\/institucional.ufrrj.br\/eext\/"},{"@type":"ListItem","position":2,"name":"Quem Somos"}]},{"@type":"WebSite","@id":"https:\/\/institucional.ufrrj.br\/eext\/#website","url":"https:\/\/institucional.ufrrj.br\/eext\/","name":"Escola de Extens\u00e3o","description":"S\u00f3 mais um site institucional.ufrrj.br","potentialAction":[{"@type":"SearchAction","target":{"@type":"EntryPoint","urlTemplate":"https:\/\/institucional.ufrrj.br\/eext\/?s={search_term_string}"},"query-input":{"@type":"PropertyValueSpecification","valueRequired":true,"valueName":"search_term_string"}}],"inLanguage":"pt-BR"}]}},"acf":[],"_links":{"self":[{"href":"https:\/\/institucional.ufrrj.br\/eext\/wp-json\/wp\/v2\/pages\/876","targetHints":{"allow":["GET"]}}],"collection":[{"href":"https:\/\/institucional.ufrrj.br\/eext\/wp-json\/wp\/v2\/pages"}],"about":[{"href":"https:\/\/institucional.ufrrj.br\/eext\/wp-json\/wp\/v2\/types\/page"}],"author":[{"embeddable":true,"href":"https:\/\/institucional.ufrrj.br\/eext\/wp-json\/wp\/v2\/users\/707"}],"replies":[{"embeddable":true,"href":"https:\/\/institucional.ufrrj.br\/eext\/wp-json\/wp\/v2\/comments?post=876"}],"version-history":[{"count":25,"href":"https:\/\/institucional.ufrrj.br\/eext\/wp-json\/wp\/v2\/pages\/876\/revisions"}],"predecessor-version":[{"id":6406,"href":"https:\/\/institucional.ufrrj.br\/eext\/wp-json\/wp\/v2\/pages\/876\/revisions\/6406"}],"wp:attachment":[{"href":"https:\/\/institucional.ufrrj.br\/eext\/wp-json\/wp\/v2\/media?parent=876"}],"curies":[{"name":"wp","href":"https:\/\/api.w.org\/{rel}","templated":true}]}}