{"id":3852,"date":"2022-03-18T02:35:30","date_gmt":"2022-03-18T05:35:30","guid":{"rendered":"http:\/\/institucional.ufrrj.br\/eext\/?page_id=3852"},"modified":"2022-12-28T09:44:15","modified_gmt":"2022-12-28T12:44:15","slug":"download","status":"publish","type":"page","link":"https:\/\/institucional.ufrrj.br\/eext\/download\/","title":{"rendered":"Download"},"content":{"rendered":"<p>Aqui voc\u00ea encontra arquivos edit\u00e1veis para facilitar o preenchimento dos anexos solicitados nos editais espec\u00edficos da Proext.\u00a0Este documento ser\u00e1 aceito nas submiss\u00f5es dos cursos de extens\u00e3o oferecidos pela Escola de Extens\u00e3o e nos demais editais de fluxo cont\u00ednuo da Proext.<\/p>\n<p>N\u00e3o se esque\u00e7a de colocar os seus dados e marcar o edital espec\u00edfico de submiss\u00e3o, tanto no termo de viabilidade e Execu\u00e7\u00e3o Geral abaixo, quanto no SIGAA, na hora de submeter o projeto ou curso. D\u00favidas, enviar um e-mail para eext@ufrrj.br .<\/p>\n<h3>Documentos e Anexos<\/h3>\n<p><a href=\"https:\/\/institucional.ufrrj.br\/eext\/files\/2022\/12\/Termo-de-Viabilidade-de-Execucao.docx\" target=\"_blank\" rel=\"noopener\">Termo de Viabilidade de Execu\u00e7\u00e3o (docx)<\/a><\/p>\n<p><a href=\"https:\/\/institucional.ufrrj.br\/eext\/files\/2022\/06\/Dados-complementares-a-proposta-anexo-I-edital-2-2022-fluxo-continuo-1.docx\" target=\"_blank\" rel=\"noopener noreferrer\">Dados Complementares \u00e0 Proposta (docx)<\/a><\/p>\n","protected":false},"excerpt":{"rendered":"<p>Aqui voc\u00ea encontra arquivos edit\u00e1veis para facilitar o preenchimento dos anexos solicitados nos editais espec\u00edficos da Proext.\u00a0Este documento ser\u00e1 aceito <a class=\"read-more\" href=\"https:\/\/institucional.ufrrj.br\/eext\/download\/ \" >&#8230; <span class=\"font-italic\">leia mais <i class=\"fas fa-angle-right\"><\/i><\/span><\/a><\/p>\n","protected":false},"author":790,"featured_media":0,"parent":0,"menu_order":0,"comment_status":"closed","ping_status":"closed","template":"","meta":{"_acf_changed":false,"footnotes":""},"class_list":["post-3852","page","type-page","status-publish","hentry"],"yoast_head":"<!-- This site is optimized with the Yoast SEO plugin v27.2 - https:\/\/yoast.com\/product\/yoast-seo-wordpress\/ -->\n<title>Download - Escola de Extens\u00e3o<\/title>\n<meta name=\"robots\" content=\"index, follow, max-snippet:-1, max-image-preview:large, max-video-preview:-1\" \/>\n<link rel=\"canonical\" href=\"https:\/\/institucional.ufrrj.br\/eext\/download\/\" \/>\n<meta property=\"og:locale\" content=\"pt_BR\" \/>\n<meta property=\"og:type\" content=\"article\" \/>\n<meta property=\"og:title\" content=\"Download - Escola de Extens\u00e3o\" \/>\n<meta property=\"og:description\" content=\"Aqui voc\u00ea encontra arquivos edit\u00e1veis para facilitar o preenchimento dos anexos solicitados nos editais espec\u00edficos da Proext.\u00a0Este documento ser\u00e1 aceito ... leia mais\" \/>\n<meta property=\"og:url\" content=\"https:\/\/institucional.ufrrj.br\/eext\/download\/\" \/>\n<meta property=\"og:site_name\" content=\"Escola de Extens\u00e3o\" \/>\n<meta property=\"article:modified_time\" content=\"2022-12-28T12:44:15+00:00\" \/>\n<meta name=\"twitter:card\" content=\"summary_large_image\" \/>\n<meta name=\"twitter:label1\" content=\"Est. tempo de leitura\" \/>\n\t<meta name=\"twitter:data1\" content=\"1 minuto\" \/>\n<script type=\"application\/ld+json\" class=\"yoast-schema-graph\">{\"@context\":\"https:\/\/schema.org\",\"@graph\":[{\"@type\":\"WebPage\",\"@id\":\"https:\/\/institucional.ufrrj.br\/eext\/download\/\",\"url\":\"https:\/\/institucional.ufrrj.br\/eext\/download\/\",\"name\":\"Download - Escola de Extens\u00e3o\",\"isPartOf\":{\"@id\":\"https:\/\/institucional.ufrrj.br\/eext\/#website\"},\"datePublished\":\"2022-03-18T05:35:30+00:00\",\"dateModified\":\"2022-12-28T12:44:15+00:00\",\"breadcrumb\":{\"@id\":\"https:\/\/institucional.ufrrj.br\/eext\/download\/#breadcrumb\"},\"inLanguage\":\"pt-BR\",\"potentialAction\":[{\"@type\":\"ReadAction\",\"target\":[\"https:\/\/institucional.ufrrj.br\/eext\/download\/\"]}]},{\"@type\":\"BreadcrumbList\",\"@id\":\"https:\/\/institucional.ufrrj.br\/eext\/download\/#breadcrumb\",\"itemListElement\":[{\"@type\":\"ListItem\",\"position\":1,\"name\":\"In\u00edcio\",\"item\":\"https:\/\/institucional.ufrrj.br\/eext\/\"},{\"@type\":\"ListItem\",\"position\":2,\"name\":\"Download\"}]},{\"@type\":\"WebSite\",\"@id\":\"https:\/\/institucional.ufrrj.br\/eext\/#website\",\"url\":\"https:\/\/institucional.ufrrj.br\/eext\/\",\"name\":\"Escola de Extens\u00e3o\",\"description\":\"S\u00f3 mais um site institucional.ufrrj.br\",\"potentialAction\":[{\"@type\":\"SearchAction\",\"target\":{\"@type\":\"EntryPoint\",\"urlTemplate\":\"https:\/\/institucional.ufrrj.br\/eext\/?s={search_term_string}\"},\"query-input\":{\"@type\":\"PropertyValueSpecification\",\"valueRequired\":true,\"valueName\":\"search_term_string\"}}],\"inLanguage\":\"pt-BR\"}]}<\/script>\n<!-- \/ Yoast SEO plugin. -->","yoast_head_json":{"title":"Download - Escola de Extens\u00e3o","robots":{"index":"index","follow":"follow","max-snippet":"max-snippet:-1","max-image-preview":"max-image-preview:large","max-video-preview":"max-video-preview:-1"},"canonical":"https:\/\/institucional.ufrrj.br\/eext\/download\/","og_locale":"pt_BR","og_type":"article","og_title":"Download - Escola de Extens\u00e3o","og_description":"Aqui voc\u00ea encontra arquivos edit\u00e1veis para facilitar o preenchimento dos anexos solicitados nos editais espec\u00edficos da Proext.\u00a0Este documento ser\u00e1 aceito ... leia mais","og_url":"https:\/\/institucional.ufrrj.br\/eext\/download\/","og_site_name":"Escola de Extens\u00e3o","article_modified_time":"2022-12-28T12:44:15+00:00","twitter_card":"summary_large_image","twitter_misc":{"Est. tempo de leitura":"1 minuto"},"schema":{"@context":"https:\/\/schema.org","@graph":[{"@type":"WebPage","@id":"https:\/\/institucional.ufrrj.br\/eext\/download\/","url":"https:\/\/institucional.ufrrj.br\/eext\/download\/","name":"Download - Escola de Extens\u00e3o","isPartOf":{"@id":"https:\/\/institucional.ufrrj.br\/eext\/#website"},"datePublished":"2022-03-18T05:35:30+00:00","dateModified":"2022-12-28T12:44:15+00:00","breadcrumb":{"@id":"https:\/\/institucional.ufrrj.br\/eext\/download\/#breadcrumb"},"inLanguage":"pt-BR","potentialAction":[{"@type":"ReadAction","target":["https:\/\/institucional.ufrrj.br\/eext\/download\/"]}]},{"@type":"BreadcrumbList","@id":"https:\/\/institucional.ufrrj.br\/eext\/download\/#breadcrumb","itemListElement":[{"@type":"ListItem","position":1,"name":"In\u00edcio","item":"https:\/\/institucional.ufrrj.br\/eext\/"},{"@type":"ListItem","position":2,"name":"Download"}]},{"@type":"WebSite","@id":"https:\/\/institucional.ufrrj.br\/eext\/#website","url":"https:\/\/institucional.ufrrj.br\/eext\/","name":"Escola de Extens\u00e3o","description":"S\u00f3 mais um site institucional.ufrrj.br","potentialAction":[{"@type":"SearchAction","target":{"@type":"EntryPoint","urlTemplate":"https:\/\/institucional.ufrrj.br\/eext\/?s={search_term_string}"},"query-input":{"@type":"PropertyValueSpecification","valueRequired":true,"valueName":"search_term_string"}}],"inLanguage":"pt-BR"}]}},"acf":[],"_links":{"self":[{"href":"https:\/\/institucional.ufrrj.br\/eext\/wp-json\/wp\/v2\/pages\/3852","targetHints":{"allow":["GET"]}}],"collection":[{"href":"https:\/\/institucional.ufrrj.br\/eext\/wp-json\/wp\/v2\/pages"}],"about":[{"href":"https:\/\/institucional.ufrrj.br\/eext\/wp-json\/wp\/v2\/types\/page"}],"author":[{"embeddable":true,"href":"https:\/\/institucional.ufrrj.br\/eext\/wp-json\/wp\/v2\/users\/790"}],"replies":[{"embeddable":true,"href":"https:\/\/institucional.ufrrj.br\/eext\/wp-json\/wp\/v2\/comments?post=3852"}],"version-history":[{"count":14,"href":"https:\/\/institucional.ufrrj.br\/eext\/wp-json\/wp\/v2\/pages\/3852\/revisions"}],"predecessor-version":[{"id":4843,"href":"https:\/\/institucional.ufrrj.br\/eext\/wp-json\/wp\/v2\/pages\/3852\/revisions\/4843"}],"wp:attachment":[{"href":"https:\/\/institucional.ufrrj.br\/eext\/wp-json\/wp\/v2\/media?parent=3852"}],"curies":[{"name":"wp","href":"https:\/\/api.w.org\/{rel}","templated":true}]}}