{"id":3311,"date":"2021-12-29T12:27:25","date_gmt":"2021-12-29T15:27:25","guid":{"rendered":"http:\/\/institucional.ufrrj.br\/eext\/?page_id=3311"},"modified":"2025-04-10T11:47:34","modified_gmt":"2025-04-10T14:47:34","slug":"lato-sensu","status":"publish","type":"page","link":"https:\/\/institucional.ufrrj.br\/eext\/lato-sensu\/","title":{"rendered":"Cursos Lato Sensu e Resid\u00eancia Profissional"},"content":{"rendered":"<div id=\"pl-3311\"  class=\"panel-layout\" ><div id=\"pg-3311-0\"  class=\"panel-grid panel-no-style\" ><div id=\"pgc-3311-0-0\"  class=\"panel-grid-cell\" ><div id=\"panel-3311-0-0-0\" class=\"so-panel widget widget_media_image panel-first-child\" data-index=\"0\" ><img loading=\"lazy\" decoding=\"async\" width=\"800\" height=\"400\" src=\"https:\/\/institucional.ufrrj.br\/eext\/files\/2022\/05\/educacao-no-campo_insc_encerradas.jpg\" class=\"image wp-image-4157  attachment-full size-full\" alt=\"\" style=\"max-width: 100%; height: auto;\" srcset=\"https:\/\/institucional.ufrrj.br\/eext\/files\/2022\/05\/educacao-no-campo_insc_encerradas.jpg 800w, https:\/\/institucional.ufrrj.br\/eext\/files\/2022\/05\/educacao-no-campo_insc_encerradas-300x150.jpg 300w, https:\/\/institucional.ufrrj.br\/eext\/files\/2022\/05\/educacao-no-campo_insc_encerradas-768x384.jpg 768w\" sizes=\"auto, (max-width: 800px) 100vw, 800px\" \/><\/div><div id=\"panel-3311-0-0-1\" class=\"so-panel widget widget_text panel-last-child\" data-index=\"1\" ><h3 class=\"widget-title\">Educa\u00e7\u00e3o no Campo<\/h3>\t\t\t<div class=\"textwidget\"><p><strong>DEPART\u00ba EDUC. DO CAMPO, MOV. SOCIAIS E DIVERSIDADE<\/strong><\/p>\n<p>CURSO: <strong>EDUCA\u00c7\u00c3O DO CAMPO\/DeptECMSD<\/strong><\/p>\n<p>EDITAL: <strong>Sele\u00e7\u00e3o de candidatos \u00e0s vagas do curso de Especializa\u00e7\u00e3o em Educa\u00e7\u00e3o do Campo<\/strong><\/p>\n<p>N\u00cdVEL: <strong>Lato Sensu<\/strong><\/p>\n<p>PER\u00cdODO DE INSCRI\u00c7\u00c3O: <strong>de 27\/12\/2021 a 04\/03\/2022<\/strong><\/p>\n<p>LINK PARA INFORMA\u00c7\u00d5ES E INSCRI\u00c7\u00c3O:<br \/>\n<a href=\"https:\/\/sigaa.ufrrj.br\/sigaa\/public\/processo_seletivo\/lista.jsf?aba=p-processo&amp;nivel=L\" target=\"_blank\" rel=\"noopener\"><strong>Inscreva-se aqui<\/strong><\/a><br \/>\n<span style=\"color: #ff0000;font-size: 12px\">(Aten\u00e7\u00e3o, s\u00f3 ser\u00e1 poss\u00edvel se inscrever no curso dentro do per\u00edodo de inscri\u00e7\u00e3o indicado)\u00a0<\/span><\/p>\n<\/div>\n\t\t<\/div><\/div><div id=\"pgc-3311-0-1\"  class=\"panel-grid-cell\" ><div id=\"panel-3311-0-1-0\" class=\"so-panel widget widget_media_image panel-first-child\" data-index=\"2\" ><img loading=\"lazy\" decoding=\"async\" width=\"800\" height=\"400\" src=\"https:\/\/institucional.ufrrj.br\/eext\/files\/2022\/05\/educacao-especial_insc_encerradas.jpg\" class=\"image wp-image-4156  attachment-full size-full\" alt=\"\" style=\"max-width: 100%; height: auto;\" srcset=\"https:\/\/institucional.ufrrj.br\/eext\/files\/2022\/05\/educacao-especial_insc_encerradas.jpg 800w, https:\/\/institucional.ufrrj.br\/eext\/files\/2022\/05\/educacao-especial_insc_encerradas-300x150.jpg 300w, https:\/\/institucional.ufrrj.br\/eext\/files\/2022\/05\/educacao-especial_insc_encerradas-768x384.jpg 768w\" sizes=\"auto, (max-width: 800px) 100vw, 800px\" \/><\/div><div id=\"panel-3311-0-1-1\" class=\"so-panel widget widget_text panel-last-child\" data-index=\"3\" ><h3 class=\"widget-title\">Especializa\u00e7\u00e3o em Educa\u00e7\u00e3o Especial e Inova\u00e7\u00e3o Tecnol\u00f3gica<\/h3>\t\t\t<div class=\"textwidget\"><p>Sele\u00e7\u00e3o de estudantes para o Curso de Especializa\u00e7\u00e3o em Educa\u00e7\u00e3o Especial e Inova\u00e7\u00e3o Tecnol\u00f3gica, lato sensu promovido numa parceria da Escola de Extens\u00e3o da UFRRJ com a Secretaria de Ci\u00eancia e Tecnologia do Rio de Janeiro (SECTI) e a Funda\u00e7\u00e3o Centro de Ci\u00eancias e Educa\u00e7\u00e3o Superior a Dist\u00e2ncia do Estado do Rio de Janeiro (Funda\u00e7\u00e3o CECIERJ).<\/p>\n<p><strong>P\u00fablico-alvo:<\/strong> Profissionais da Educa\u00e7\u00e3o B\u00e1sica e profissionais que atuam em setores de apoio \u00e0 inclus\u00e3o e acessibilidade na Educa\u00e7\u00e3o Superior.<\/p>\n<p><strong>Vagas:<\/strong> 1500<\/p>\n<p><strong>Carga-hor\u00e1ria:<\/strong> 420 horas<\/p>\n<p><strong>Modalidade:<\/strong> Semi-presencial com atendimento nos polos.<\/p>\n<p><strong>CRONOGRAMA<\/strong><\/p>\n<p>\u2022 Lan\u00e7amento do edital: 23 de fevereiro de 2022<br \/>\n\u2022 Inscri\u00e7\u00f5es: 28 de fevereiro de 2022 a 19 de mar\u00e7o de 2022<br \/>\n\u2022 Homologa\u00e7\u00e3o das inscri\u00e7\u00f5es: 28 de mar\u00e7o<br \/>\n\u2022 Recursos: 29 de mar\u00e7o<br \/>\n\u2022 Resultado dos Recursos: 31 de mar\u00e7o<br \/>\n\u2022 Sele\u00e7\u00e3o: 1 de abril a 18 de abril<br \/>\n\u2022 Divulga\u00e7\u00e3o dos resultados: 19 de abril<br \/>\n\u2022 Recursos: 20 de abril<br \/>\n\u2022 Resultado final: 22 de abril<br \/>\n\u2022 In\u00edcio do Curso: 6 de maio de 2022<br \/>\n\u2022 Fim do Curso: 01 de Setembro de 2023<\/p>\n<p>LINK PARA INFORMA\u00c7\u00d5ES E INSCRI\u00c7\u00c3O:<br \/>\n<a href=\"https:\/\/sigaa.ufrrj.br\/sigaa\/public\/processo_seletivo\/lista.jsf?nivel=L&amp;aba=p-lato\" target=\"_blank\" rel=\"noopener\"><strong>Inscreva-se aqui <\/strong><\/a><br \/>\n<span style=\"color: #ff0000;font-size: 12px\">(Aten\u00e7\u00e3o, s\u00f3 ser\u00e1 poss\u00edvel se inscrever no curso dentro do per\u00edodo de inscri\u00e7\u00e3o indicado)\u00a0<\/span><\/p>\n<\/div>\n\t\t<\/div><\/div><div id=\"pgc-3311-0-2\"  class=\"panel-grid-cell\" ><div id=\"panel-3311-0-2-0\" class=\"so-panel widget widget_media_image panel-first-child\" data-index=\"4\" ><img loading=\"lazy\" decoding=\"async\" width=\"800\" height=\"400\" src=\"https:\/\/institucional.ufrrj.br\/eext\/files\/2022\/05\/imagem-curso-arborizacao_v2_insc_encerradas.jpg\" class=\"image wp-image-4158  attachment-full size-full\" alt=\"\" style=\"max-width: 100%; height: auto;\" srcset=\"https:\/\/institucional.ufrrj.br\/eext\/files\/2022\/05\/imagem-curso-arborizacao_v2_insc_encerradas.jpg 800w, https:\/\/institucional.ufrrj.br\/eext\/files\/2022\/05\/imagem-curso-arborizacao_v2_insc_encerradas-300x150.jpg 300w, https:\/\/institucional.ufrrj.br\/eext\/files\/2022\/05\/imagem-curso-arborizacao_v2_insc_encerradas-768x384.jpg 768w\" sizes=\"auto, (max-width: 800px) 100vw, 800px\" \/><\/div><div id=\"panel-3311-0-2-1\" class=\"so-panel widget widget_text panel-last-child\" data-index=\"5\" ><h3 class=\"widget-title\">Curso de P\u00f3s-gradua\u00e7\u00e3o Lato sensu em Arboriza\u00e7\u00e3o Urbana (II Turma)<\/h3>\t\t\t<div class=\"textwidget\"><p>O Curso de P\u00f3s-gradua\u00e7\u00e3o em Arboriza\u00e7\u00e3o Urbana (PGAU) criado em 2020 pela delibera\u00e7\u00e3o N\u00ba 157\/2020 de 28 de setembro de 2020, do Conselho Universit\u00e1rio da Universidade Federal Rural do Rio de Janeiro, tem como objetivo principal formar m\u00e3o de obra qualificada para atender as demandas do setor p\u00fablico e privado, capacitando os discentes para planejar, implantar, avaliar e manejar a arboriza\u00e7\u00e3o urbana.<\/p>\n<p><strong>P\u00fablico alvo<\/strong>: Poder\u00e3o se inscrever, candidatos portadores de diplomas de curso de gradua\u00e7\u00e3o nas \u00e1reas de ci\u00eancias agr\u00e1rias, biol\u00f3gicas, ambientais, exatas e afins.<\/p>\n<p><strong>Inscri\u00e7\u00f5es<\/strong>: 14\/03 a 24\/04\/2022<\/p>\n<p><strong>Carga hor\u00e1ria<\/strong>: 375 horas + Monografia<\/p>\n<p><strong>N\u00famero de vagas<\/strong>: 75 vagas (Cada turma s\u00f3 poder\u00e1 ter at\u00e9 40 alunos)<\/p>\n<p><strong>Per\u00edodo de Sele\u00e7\u00e3o<\/strong>: 25\/04 a 29\/04\/2022<\/p>\n<p><strong>Per\u00edodo do curso<\/strong>: maio\/2022 a abril\/2024 (18 meses regulares + 06 meses de prorroga\u00e7\u00e3o)<\/p>\n<p><strong>Modalidade<\/strong>: Semipresencial. As aulas das disciplinas te\u00f3ricas ser\u00e3o realizadas por videoconfer\u00eancia.<\/p>\n<p>LINK PARA INFORMA\u00c7\u00d5ES E INSCRI\u00c7\u00c3O:<br \/>\n<a href=\"https:\/\/sigaa.ufrrj.br\/sigaa\/public\/processo_seletivo\/lista.jsf?aba=p-processo&amp;nivel=L\" target=\"_blank\" rel=\"noopener\"><strong>Inscreva-se aqui <\/strong><\/a><br \/>\n<span style=\"color: #ff0000;font-size: 12px\">(Aten\u00e7\u00e3o, s\u00f3 ser\u00e1 poss\u00edvel se inscrever no curso dentro do per\u00edodo de inscri\u00e7\u00e3o indicado)\u00a0<\/span><\/p>\n<\/div>\n\t\t<\/div><\/div><\/div><\/div>","protected":false},"excerpt":{"rendered":"<p>DEPART\u00ba EDUC. DO CAMPO, MOV. SOCIAIS E DIVERSIDADE CURSO: EDUCA\u00c7\u00c3O DO CAMPO\/DeptECMSD EDITAL: Sele\u00e7\u00e3o de candidatos \u00e0s vagas do curso <a class=\"read-more\" href=\"https:\/\/institucional.ufrrj.br\/eext\/lato-sensu\/ \" >&#8230; <span class=\"font-italic\">leia mais <i class=\"fas fa-angle-right\"><\/i><\/span><\/a><\/p>\n","protected":false},"author":790,"featured_media":0,"parent":0,"menu_order":0,"comment_status":"closed","ping_status":"closed","template":"","meta":{"_acf_changed":false,"footnotes":""},"class_list":["post-3311","page","type-page","status-publish","hentry"],"yoast_head":"<!-- This site is optimized with the Yoast SEO plugin v27.2 - https:\/\/yoast.com\/product\/yoast-seo-wordpress\/ -->\n<title>Cursos Lato Sensu e Resid\u00eancia Profissional - Escola de Extens\u00e3o<\/title>\n<meta name=\"robots\" content=\"index, follow, max-snippet:-1, max-image-preview:large, max-video-preview:-1\" \/>\n<link rel=\"canonical\" href=\"https:\/\/institucional.ufrrj.br\/eext\/lato-sensu\/\" \/>\n<meta property=\"og:locale\" content=\"pt_BR\" \/>\n<meta property=\"og:type\" content=\"article\" \/>\n<meta property=\"og:title\" content=\"Cursos Lato Sensu e Resid\u00eancia Profissional - Escola de Extens\u00e3o\" \/>\n<meta property=\"og:description\" content=\"DEPART\u00ba EDUC. DO CAMPO, MOV. SOCIAIS E DIVERSIDADE CURSO: EDUCA\u00c7\u00c3O DO CAMPO\/DeptECMSD EDITAL: Sele\u00e7\u00e3o de candidatos \u00e0s vagas do curso ... leia mais\" \/>\n<meta property=\"og:url\" content=\"https:\/\/institucional.ufrrj.br\/eext\/lato-sensu\/\" \/>\n<meta property=\"og:site_name\" content=\"Escola de Extens\u00e3o\" \/>\n<meta property=\"article:modified_time\" content=\"2025-04-10T14:47:34+00:00\" \/>\n<meta name=\"twitter:card\" content=\"summary_large_image\" \/>\n<meta name=\"twitter:label1\" content=\"Est. tempo de leitura\" \/>\n\t<meta name=\"twitter:data1\" content=\"2 minutos\" \/>\n<script type=\"application\/ld+json\" class=\"yoast-schema-graph\">{\"@context\":\"https:\/\/schema.org\",\"@graph\":[{\"@type\":\"WebPage\",\"@id\":\"https:\/\/institucional.ufrrj.br\/eext\/lato-sensu\/\",\"url\":\"https:\/\/institucional.ufrrj.br\/eext\/lato-sensu\/\",\"name\":\"Cursos Lato Sensu e Resid\u00eancia Profissional - Escola de Extens\u00e3o\",\"isPartOf\":{\"@id\":\"https:\/\/institucional.ufrrj.br\/eext\/#website\"},\"datePublished\":\"2021-12-29T15:27:25+00:00\",\"dateModified\":\"2025-04-10T14:47:34+00:00\",\"breadcrumb\":{\"@id\":\"https:\/\/institucional.ufrrj.br\/eext\/lato-sensu\/#breadcrumb\"},\"inLanguage\":\"pt-BR\",\"potentialAction\":[{\"@type\":\"ReadAction\",\"target\":[\"https:\/\/institucional.ufrrj.br\/eext\/lato-sensu\/\"]}]},{\"@type\":\"BreadcrumbList\",\"@id\":\"https:\/\/institucional.ufrrj.br\/eext\/lato-sensu\/#breadcrumb\",\"itemListElement\":[{\"@type\":\"ListItem\",\"position\":1,\"name\":\"In\u00edcio\",\"item\":\"https:\/\/institucional.ufrrj.br\/eext\/\"},{\"@type\":\"ListItem\",\"position\":2,\"name\":\"Cursos Lato Sensu e Resid\u00eancia Profissional\"}]},{\"@type\":\"WebSite\",\"@id\":\"https:\/\/institucional.ufrrj.br\/eext\/#website\",\"url\":\"https:\/\/institucional.ufrrj.br\/eext\/\",\"name\":\"Escola de Extens\u00e3o\",\"description\":\"S\u00f3 mais um site institucional.ufrrj.br\",\"potentialAction\":[{\"@type\":\"SearchAction\",\"target\":{\"@type\":\"EntryPoint\",\"urlTemplate\":\"https:\/\/institucional.ufrrj.br\/eext\/?s={search_term_string}\"},\"query-input\":{\"@type\":\"PropertyValueSpecification\",\"valueRequired\":true,\"valueName\":\"search_term_string\"}}],\"inLanguage\":\"pt-BR\"}]}<\/script>\n<!-- \/ Yoast SEO plugin. -->","yoast_head_json":{"title":"Cursos Lato Sensu e Resid\u00eancia Profissional - Escola de Extens\u00e3o","robots":{"index":"index","follow":"follow","max-snippet":"max-snippet:-1","max-image-preview":"max-image-preview:large","max-video-preview":"max-video-preview:-1"},"canonical":"https:\/\/institucional.ufrrj.br\/eext\/lato-sensu\/","og_locale":"pt_BR","og_type":"article","og_title":"Cursos Lato Sensu e Resid\u00eancia Profissional - Escola de Extens\u00e3o","og_description":"DEPART\u00ba EDUC. DO CAMPO, MOV. SOCIAIS E DIVERSIDADE CURSO: EDUCA\u00c7\u00c3O DO CAMPO\/DeptECMSD EDITAL: Sele\u00e7\u00e3o de candidatos \u00e0s vagas do curso ... leia mais","og_url":"https:\/\/institucional.ufrrj.br\/eext\/lato-sensu\/","og_site_name":"Escola de Extens\u00e3o","article_modified_time":"2025-04-10T14:47:34+00:00","twitter_card":"summary_large_image","twitter_misc":{"Est. tempo de leitura":"2 minutos"},"schema":{"@context":"https:\/\/schema.org","@graph":[{"@type":"WebPage","@id":"https:\/\/institucional.ufrrj.br\/eext\/lato-sensu\/","url":"https:\/\/institucional.ufrrj.br\/eext\/lato-sensu\/","name":"Cursos Lato Sensu e Resid\u00eancia Profissional - Escola de Extens\u00e3o","isPartOf":{"@id":"https:\/\/institucional.ufrrj.br\/eext\/#website"},"datePublished":"2021-12-29T15:27:25+00:00","dateModified":"2025-04-10T14:47:34+00:00","breadcrumb":{"@id":"https:\/\/institucional.ufrrj.br\/eext\/lato-sensu\/#breadcrumb"},"inLanguage":"pt-BR","potentialAction":[{"@type":"ReadAction","target":["https:\/\/institucional.ufrrj.br\/eext\/lato-sensu\/"]}]},{"@type":"BreadcrumbList","@id":"https:\/\/institucional.ufrrj.br\/eext\/lato-sensu\/#breadcrumb","itemListElement":[{"@type":"ListItem","position":1,"name":"In\u00edcio","item":"https:\/\/institucional.ufrrj.br\/eext\/"},{"@type":"ListItem","position":2,"name":"Cursos Lato Sensu e Resid\u00eancia Profissional"}]},{"@type":"WebSite","@id":"https:\/\/institucional.ufrrj.br\/eext\/#website","url":"https:\/\/institucional.ufrrj.br\/eext\/","name":"Escola de Extens\u00e3o","description":"S\u00f3 mais um site institucional.ufrrj.br","potentialAction":[{"@type":"SearchAction","target":{"@type":"EntryPoint","urlTemplate":"https:\/\/institucional.ufrrj.br\/eext\/?s={search_term_string}"},"query-input":{"@type":"PropertyValueSpecification","valueRequired":true,"valueName":"search_term_string"}}],"inLanguage":"pt-BR"}]}},"acf":[],"_links":{"self":[{"href":"https:\/\/institucional.ufrrj.br\/eext\/wp-json\/wp\/v2\/pages\/3311","targetHints":{"allow":["GET"]}}],"collection":[{"href":"https:\/\/institucional.ufrrj.br\/eext\/wp-json\/wp\/v2\/pages"}],"about":[{"href":"https:\/\/institucional.ufrrj.br\/eext\/wp-json\/wp\/v2\/types\/page"}],"author":[{"embeddable":true,"href":"https:\/\/institucional.ufrrj.br\/eext\/wp-json\/wp\/v2\/users\/790"}],"replies":[{"embeddable":true,"href":"https:\/\/institucional.ufrrj.br\/eext\/wp-json\/wp\/v2\/comments?post=3311"}],"version-history":[{"count":44,"href":"https:\/\/institucional.ufrrj.br\/eext\/wp-json\/wp\/v2\/pages\/3311\/revisions"}],"predecessor-version":[{"id":6124,"href":"https:\/\/institucional.ufrrj.br\/eext\/wp-json\/wp\/v2\/pages\/3311\/revisions\/6124"}],"wp:attachment":[{"href":"https:\/\/institucional.ufrrj.br\/eext\/wp-json\/wp\/v2\/media?parent=3311"}],"curies":[{"name":"wp","href":"https:\/\/api.w.org\/{rel}","templated":true}]}}