{"id":1846,"date":"2020-10-26T15:37:37","date_gmt":"2020-10-26T18:37:37","guid":{"rendered":"http:\/\/institucional.ufrrj.br\/eext\/?page_id=1846"},"modified":"2023-09-12T13:56:14","modified_gmt":"2023-09-12T16:56:14","slug":"informacoes-importantes-alunos","status":"publish","type":"page","link":"https:\/\/institucional.ufrrj.br\/eext\/informacoes-importantes-alunos\/","title":{"rendered":"Informa\u00e7\u00f5es Importantes: Alunos"},"content":{"rendered":"<h4><span style=\"color: #1e90ff\">Quem pode participar?<\/span><\/h4>\n<p>Qualquer pessoa pode participar dos cursos de extens\u00e3o oferecidos pela Escola de Extens\u00e3o (Eext), desde que se enquadre no perfil do p\u00fablico-alvo (interno e externo), exigido para cada curso. Ent\u00e3o, antes de fazer sua inscri\u00e7\u00e3o, verifique o p\u00fablico-alvo exigido para o curso de seu interesse.<\/p>\n<h4><span style=\"color: #1e90ff\">Inscri\u00e7\u00e3o<\/span><\/h4>\n<p>Os interessados dever\u00e3o acessar a\u00a0<a href=\"https:\/\/institucional.ufrrj.br\/eext\/cursos\/\" target=\"_blank\" rel=\"noopener\">p\u00e1gina de cursos da Eext<\/a>\u00a0e clicar no link do curso desejado, que ir\u00e1 direcionar para o SIGAA. As inscri\u00e7\u00f5es ser\u00e3o feitas exclusivamente no SIGAA.<\/p>\n<p>Para tirar as d\u00favidas de cadastro, fa\u00e7a o download do <a href=\"https:\/\/institucional.ufrrj.br\/eext\/files\/2023\/09\/Tutorial_de_Extensao_Atualizado.pdf\" target=\"_blank\" rel=\"noreferrer noopener\">Tutorial para Inscri\u00e7\u00e3o em Cursos de Extens\u00e3o (*.pdf)<\/a>\u00a0e acompanhe o passo a passo.<\/p>\n<p>As vagas s\u00e3o limitadas e o per\u00edodo de inscri\u00e7\u00e3o vai das 00h do primeiro dia de inscri\u00e7\u00e3o at\u00e9 as 00h do \u00faltimo dia, ou enquanto houver vaga.<\/p>\n<h4><span style=\"color: #1e90ff\">Aulas<\/span><\/h4>\n<p>Os cursos de extens\u00e3o, oferecidos pela Eext, poder\u00e3o ser nas modalidades a dist\u00e2ncia, semipresencial ou presencial. O acesso \u00e0s aulas ser\u00e1 na plataforma a ser informada pelo professor respons\u00e1vel.<\/p>\n<h4><span style=\"color: #1e90ff\">Certificados<\/span><\/h4>\n<p>Os certificados ser\u00e3o liberados, no sistema, pelo menos 30 dias ap\u00f3s o t\u00e9rmino do curso. Apenas os inscritos no curso de extens\u00e3o, via <a href=\"https:\/\/www.gov.br\/\" target=\"_blank\" rel=\"noopener\">gov.br<\/a>, e que atingirem a m\u00e9dia de frequ\u00eancia, estipulada pelo coordenador do curso, poder\u00e3o emitir seu pr\u00f3prio certificado. Para tanto, basta acessar sua p\u00e1gina de aluno (<a href=\"https:\/\/sigaa.ufrrj.br\/sigaa\/public\/servicos_digitais\/extensao\/loginCursosEventosExtensao.jsf\" target=\"_blank\" rel=\"noopener\">https:\/\/sigaa.ufrrj.br\/sigaa\/public\/servicos_digitais\/extensao\/loginCursosEventosExtensao.jsf<\/a>) e clicar em \u201cemitir certificado\u201d.<\/p>\n<p><strong>Caso possua outras d\u00favidas, acesse as perguntas mais frequentes (FAQ) <a href=\"https:\/\/institucional.ufrrj.br\/eext\/faq-alunos\/\" target=\"_blank\" rel=\"noopener\">aqui<\/a>.<\/strong><\/p>\n","protected":false},"excerpt":{"rendered":"<p>Quem pode participar? Qualquer pessoa pode participar dos cursos de extens\u00e3o oferecidos pela Escola de Extens\u00e3o (Eext), desde que se <a class=\"read-more\" href=\"https:\/\/institucional.ufrrj.br\/eext\/informacoes-importantes-alunos\/ \" >&#8230; <span class=\"font-italic\">leia mais <i class=\"fas fa-angle-right\"><\/i><\/span><\/a><\/p>\n","protected":false},"author":772,"featured_media":0,"parent":0,"menu_order":0,"comment_status":"closed","ping_status":"closed","template":"","meta":{"_acf_changed":false,"footnotes":""},"class_list":["post-1846","page","type-page","status-publish","hentry"],"yoast_head":"<!-- This site is optimized with the Yoast SEO plugin v27.2 - https:\/\/yoast.com\/product\/yoast-seo-wordpress\/ -->\n<title>Informa\u00e7\u00f5es Importantes: Alunos - Escola de Extens\u00e3o<\/title>\n<meta name=\"robots\" content=\"index, follow, max-snippet:-1, max-image-preview:large, max-video-preview:-1\" \/>\n<link rel=\"canonical\" href=\"https:\/\/institucional.ufrrj.br\/eext\/informacoes-importantes-alunos\/\" \/>\n<meta property=\"og:locale\" content=\"pt_BR\" \/>\n<meta property=\"og:type\" content=\"article\" \/>\n<meta property=\"og:title\" content=\"Informa\u00e7\u00f5es Importantes: Alunos - Escola de Extens\u00e3o\" \/>\n<meta property=\"og:description\" content=\"Quem pode participar? Qualquer pessoa pode participar dos cursos de extens\u00e3o oferecidos pela Escola de Extens\u00e3o (Eext), desde que se ... leia mais\" \/>\n<meta property=\"og:url\" content=\"https:\/\/institucional.ufrrj.br\/eext\/informacoes-importantes-alunos\/\" \/>\n<meta property=\"og:site_name\" content=\"Escola de Extens\u00e3o\" \/>\n<meta property=\"article:modified_time\" content=\"2023-09-12T16:56:14+00:00\" \/>\n<meta name=\"twitter:card\" content=\"summary_large_image\" \/>\n<meta name=\"twitter:label1\" content=\"Est. tempo de leitura\" \/>\n\t<meta name=\"twitter:data1\" content=\"1 minuto\" \/>\n<script type=\"application\/ld+json\" class=\"yoast-schema-graph\">{\"@context\":\"https:\/\/schema.org\",\"@graph\":[{\"@type\":\"WebPage\",\"@id\":\"https:\/\/institucional.ufrrj.br\/eext\/informacoes-importantes-alunos\/\",\"url\":\"https:\/\/institucional.ufrrj.br\/eext\/informacoes-importantes-alunos\/\",\"name\":\"Informa\u00e7\u00f5es Importantes: Alunos - Escola de Extens\u00e3o\",\"isPartOf\":{\"@id\":\"https:\/\/institucional.ufrrj.br\/eext\/#website\"},\"datePublished\":\"2020-10-26T18:37:37+00:00\",\"dateModified\":\"2023-09-12T16:56:14+00:00\",\"breadcrumb\":{\"@id\":\"https:\/\/institucional.ufrrj.br\/eext\/informacoes-importantes-alunos\/#breadcrumb\"},\"inLanguage\":\"pt-BR\",\"potentialAction\":[{\"@type\":\"ReadAction\",\"target\":[\"https:\/\/institucional.ufrrj.br\/eext\/informacoes-importantes-alunos\/\"]}]},{\"@type\":\"BreadcrumbList\",\"@id\":\"https:\/\/institucional.ufrrj.br\/eext\/informacoes-importantes-alunos\/#breadcrumb\",\"itemListElement\":[{\"@type\":\"ListItem\",\"position\":1,\"name\":\"In\u00edcio\",\"item\":\"https:\/\/institucional.ufrrj.br\/eext\/\"},{\"@type\":\"ListItem\",\"position\":2,\"name\":\"Informa\u00e7\u00f5es Importantes: Alunos\"}]},{\"@type\":\"WebSite\",\"@id\":\"https:\/\/institucional.ufrrj.br\/eext\/#website\",\"url\":\"https:\/\/institucional.ufrrj.br\/eext\/\",\"name\":\"Escola de Extens\u00e3o\",\"description\":\"S\u00f3 mais um site institucional.ufrrj.br\",\"potentialAction\":[{\"@type\":\"SearchAction\",\"target\":{\"@type\":\"EntryPoint\",\"urlTemplate\":\"https:\/\/institucional.ufrrj.br\/eext\/?s={search_term_string}\"},\"query-input\":{\"@type\":\"PropertyValueSpecification\",\"valueRequired\":true,\"valueName\":\"search_term_string\"}}],\"inLanguage\":\"pt-BR\"}]}<\/script>\n<!-- \/ Yoast SEO plugin. -->","yoast_head_json":{"title":"Informa\u00e7\u00f5es Importantes: Alunos - Escola de Extens\u00e3o","robots":{"index":"index","follow":"follow","max-snippet":"max-snippet:-1","max-image-preview":"max-image-preview:large","max-video-preview":"max-video-preview:-1"},"canonical":"https:\/\/institucional.ufrrj.br\/eext\/informacoes-importantes-alunos\/","og_locale":"pt_BR","og_type":"article","og_title":"Informa\u00e7\u00f5es Importantes: Alunos - Escola de Extens\u00e3o","og_description":"Quem pode participar? Qualquer pessoa pode participar dos cursos de extens\u00e3o oferecidos pela Escola de Extens\u00e3o (Eext), desde que se ... leia mais","og_url":"https:\/\/institucional.ufrrj.br\/eext\/informacoes-importantes-alunos\/","og_site_name":"Escola de Extens\u00e3o","article_modified_time":"2023-09-12T16:56:14+00:00","twitter_card":"summary_large_image","twitter_misc":{"Est. tempo de leitura":"1 minuto"},"schema":{"@context":"https:\/\/schema.org","@graph":[{"@type":"WebPage","@id":"https:\/\/institucional.ufrrj.br\/eext\/informacoes-importantes-alunos\/","url":"https:\/\/institucional.ufrrj.br\/eext\/informacoes-importantes-alunos\/","name":"Informa\u00e7\u00f5es Importantes: Alunos - Escola de Extens\u00e3o","isPartOf":{"@id":"https:\/\/institucional.ufrrj.br\/eext\/#website"},"datePublished":"2020-10-26T18:37:37+00:00","dateModified":"2023-09-12T16:56:14+00:00","breadcrumb":{"@id":"https:\/\/institucional.ufrrj.br\/eext\/informacoes-importantes-alunos\/#breadcrumb"},"inLanguage":"pt-BR","potentialAction":[{"@type":"ReadAction","target":["https:\/\/institucional.ufrrj.br\/eext\/informacoes-importantes-alunos\/"]}]},{"@type":"BreadcrumbList","@id":"https:\/\/institucional.ufrrj.br\/eext\/informacoes-importantes-alunos\/#breadcrumb","itemListElement":[{"@type":"ListItem","position":1,"name":"In\u00edcio","item":"https:\/\/institucional.ufrrj.br\/eext\/"},{"@type":"ListItem","position":2,"name":"Informa\u00e7\u00f5es Importantes: Alunos"}]},{"@type":"WebSite","@id":"https:\/\/institucional.ufrrj.br\/eext\/#website","url":"https:\/\/institucional.ufrrj.br\/eext\/","name":"Escola de Extens\u00e3o","description":"S\u00f3 mais um site institucional.ufrrj.br","potentialAction":[{"@type":"SearchAction","target":{"@type":"EntryPoint","urlTemplate":"https:\/\/institucional.ufrrj.br\/eext\/?s={search_term_string}"},"query-input":{"@type":"PropertyValueSpecification","valueRequired":true,"valueName":"search_term_string"}}],"inLanguage":"pt-BR"}]}},"acf":[],"_links":{"self":[{"href":"https:\/\/institucional.ufrrj.br\/eext\/wp-json\/wp\/v2\/pages\/1846","targetHints":{"allow":["GET"]}}],"collection":[{"href":"https:\/\/institucional.ufrrj.br\/eext\/wp-json\/wp\/v2\/pages"}],"about":[{"href":"https:\/\/institucional.ufrrj.br\/eext\/wp-json\/wp\/v2\/types\/page"}],"author":[{"embeddable":true,"href":"https:\/\/institucional.ufrrj.br\/eext\/wp-json\/wp\/v2\/users\/772"}],"replies":[{"embeddable":true,"href":"https:\/\/institucional.ufrrj.br\/eext\/wp-json\/wp\/v2\/comments?post=1846"}],"version-history":[{"count":12,"href":"https:\/\/institucional.ufrrj.br\/eext\/wp-json\/wp\/v2\/pages\/1846\/revisions"}],"predecessor-version":[{"id":5434,"href":"https:\/\/institucional.ufrrj.br\/eext\/wp-json\/wp\/v2\/pages\/1846\/revisions\/5434"}],"wp:attachment":[{"href":"https:\/\/institucional.ufrrj.br\/eext\/wp-json\/wp\/v2\/media?parent=1846"}],"curies":[{"name":"wp","href":"https:\/\/api.w.org\/{rel}","templated":true}]}}