{"id":1824,"date":"2022-12-28T09:50:57","date_gmt":"2022-12-28T12:50:57","guid":{"rendered":"http:\/\/institucional.ufrrj.br\/eext\/?page_id=1824"},"modified":"2026-03-18T16:43:50","modified_gmt":"2026-03-18T19:43:50","slug":"editais","status":"publish","type":"page","link":"https:\/\/institucional.ufrrj.br\/eext\/editais\/","title":{"rendered":"Editais"},"content":{"rendered":"\n<h3 class=\"wp-block-heading eplus-wrapper\"><span style=\"color: #004388\">Editais Vigentes<\/span><\/h3>\n\n\n\n<p class=\"eplus-wrapper\"><a href=\"https:\/\/institucional.ufrrj.br\/eext\/files\/2026\/03\/Edital-01-2026-EEXT-submissao-de-propostas-de-cursos-de-extensao-CH-30h-NOVO-1.pdf\" target=\"_blank\" rel=\"noreferrer noopener\"><strong>Nova Edital de fluxo cont\u00ednuo 2026 &#8211; Escola de Extens\u00e3o (EExt) &#8211; PROEXT\/UFRRJ- Submiss\u00e3o de propostas de Cursos Institucionais de Extens\u00e3o, com CARGA HOR\u00c1RIA M\u00cdNIMA DE 30HORAS+<\/strong><\/a><\/p>\n\n\n\n<p class=\"eplus-wrapper\"><a href=\"https:\/\/institucional.ufrrj.br\/eext\/files\/2024\/08\/Edital-no-02-2024-Lato-Sensu-Eext.pdf\" target=\"_blank\" rel=\"noreferrer noopener\"><strong>Edital N\u00ba 02\/2024- Escola de Extens\u00e3o &#8211; PROEXT\/UFRRJ &#8211; Submiss\u00e3o de propostas de Cursos de P\u00f3s-gradua\u00e7\u00e3o Lato Sensu \u2013 Especializa\u00e7\u00e3o de car\u00e1ter eventual da Escola de Extens\u00e3o<\/strong> <\/a><\/p>\n\n\n\n<div style=\"height:20px\" aria-hidden=\"true\" class=\"wp-block-spacer eplus-wrapper\"><\/div>\n\n\n\n<h3 class=\"wp-block-heading eplus-wrapper\"><span style=\"color: #004388\">Editais Anteriores<\/span><\/h3>\n\n\n\n<p><a href=\"https:\/\/institucional.ufrrj.br\/eext\/files\/2025\/06\/Edital-01-2024-EEXT-submissao-de-propostas-de-cursos-de-extensao-CH-30h-Retificado.pdf\" target=\"_blank\" rel=\"noreferrer noopener\"><strong>\u2022 Edital N\u00ba 01\/2024 &#8211; Escola de Extens\u00e3o &#8211; PROEXT\/UFRRJ &#8211; Submiss\u00e3o de propostas de Cursos Institucionais de Extens\u00e3o, com carga hor\u00e1ria m\u00ednima de 30 horas<\/strong> &#8211; ( <strong>RETIFICADO<\/strong> dia 18\/06\/2025 conforme a Resolu\u00e7\u00e3o n\u00ba 05, de 14 de novembro de 2019).<\/a><\/p>\n\n\n\n<p class=\"eplus-wrapper\"><a href=\"https:\/\/institucional.ufrrj.br\/eext\/files\/2024\/01\/Edital-01-2024-EEXT-submissao-de-propostas-de-cursos-de-extensao-CH-6h.pdf\" target=\"_blank\" rel=\"noreferrer noopener\"><strong>\u2022 Edital N\u00ba 01\/2024 &#8211; Escola de Extens\u00e3o &#8211; PROEXT\/UFRRJ &#8211; Submiss\u00e3o de propostas de Cursos Institucionais de Extens\u00e3o, com carga hor\u00e1ria m\u00ednima de 6 horas<\/strong><\/a><\/p>\n\n\n\n<p class=\"eplus-wrapper\"><a rel=\"noreferrer noopener\" href=\"https:\/\/institucional.ufrrj.br\/eext\/files\/2022\/12\/Edital-Eext-Fluxo-Continuo-I-2023-edital.pdf\" target=\"_blank\"><strong>\u2022 Edital N\u00ba 01\/2023 &#8211; Escola de Extens\u00e3o &#8211; PROEXT\/UFRRJ &#8211; Submiss\u00e3o de propostas de<br>Cursos Institucionais de Extens\u00e3o, com carga hor\u00e1ria m\u00ednima de 20 horas<\/strong><\/a><\/p>\n\n\n\n<p class=\"eplus-wrapper\">\u2022 <a rel=\"noreferrer noopener\" href=\"https:\/\/institucional.ufrrj.br\/eext\/files\/2024\/05\/Edital-lato-sensu-Eext-publicado.pdf\" target=\"_blank\"><strong>Edital N\u00ba 03\/2022- Escola de Extens\u00e3o &#8211; PROEXT\/UFRRJ &#8211; Submiss\u00e3o de propostas de Cursos de P\u00f3s-gradua\u00e7\u00e3o Lato Sensu \u2013 Especializa\u00e7\u00e3o de car\u00e1ter eventual da Escola de Extens\u00e3o<\/strong><\/a><\/p>\n\n\n\n<p class=\"eplus-wrapper\"><a rel=\"noreferrer noopener\" href=\"https:\/\/institucional.ufrrj.br\/eext\/files\/2022\/07\/220602Edital-Eext-Fluxo-Continuo-II-2022-edital.docx.pdf\" target=\"_blank\">\u2022 <strong>Edital N\u00ba 02\/2022 &#8211; Escola de Extens\u00e3o &#8211; PROEXT\/UFRRJ &#8211; Submiss\u00e3o de propostas de Cursos Institucionais de Extens\u00e3o, com carga hor\u00e1ria m\u00ednima de 20 horas<\/strong><\/a><\/p>\n\n\n\n<p class=\"eplus-wrapper\">\u2022 <strong><a rel=\"noreferrer noopener\" href=\"https:\/\/institucional.ufrrj.br\/eext\/files\/2022\/05\/Edital-I-Eext-Fluxo-Continuo-2022-retificacao.pdf\" data-type=\"URL\" data-id=\"https:\/\/institucional.ufrrj.br\/eext\/files\/2022\/05\/Edital-I-Eext-Fluxo-Continuo-2022-retificacao.pdf\" target=\"_blank\">Retifica\u00e7\u00e3o do Edital N\u00ba 01\/2022 &#8211; Escola de Extens\u00e3o &#8211; PROEXT\/UFRRJ &#8211; Submiss\u00e3o de propostas de Cursos Institucionais de Extens\u00e3o, com carga hor\u00e1ria m\u00ednima de 20 horas<\/a><\/strong> <\/p>\n\n\n\n<p class=\"eplus-wrapper\">\u2022 <strong><a rel=\"noreferrer noopener\" aria-label=\"\u2022 Edital N\u00ba 01\/2022 - Escola de Extens\u00e3o - PROEXT\/UFRRJ - Submiss\u00e3o de propostas de Cursos Institucionais de Extens\u00e3o, com carga hor\u00e1ria m\u00ednima de 20 horas (abre numa nova aba)\" href=\"https:\/\/institucional.ufrrj.br\/eext\/files\/2021\/12\/Minuta-Edital-Eext-Fluxo-Continuo-n1-2022.pdf\" target=\"_blank\">Edital N\u00ba 01\/2022 &#8211; Escola de Extens\u00e3o &#8211; PROEXT\/UFRRJ &#8211; Submiss\u00e3o de propostas de Cursos Institucionais de Extens\u00e3o, com carga hor\u00e1ria m\u00ednima de 20 horas<\/a><\/strong><\/p>\n\n\n\n<p class=\"eplus-wrapper\"><strong><a href=\"https:\/\/institucional.ufrrj.br\/eext\/files\/2021\/08\/Edital_Escola_de_Extensao_n2_2021-publicado.pdf\" target=\"_blank\" rel=\"noopener noreferrer\">\u2022 Edital N\u00ba 02\/2021 &#8211; Escola de Extens\u00e3o &#8211; PROEXT\/UFRRJ &#8211; Submiss\u00e3o de propostas de Cursos Institucionais de Extens\u00e3o, com carga hor\u00e1ria m\u00ednima de 30 horas<\/a><\/strong><\/p>\n\n\n\n<p class=\"eplus-wrapper\"><a href=\"https:\/\/institucional.ufrrj.br\/eext\/files\/2021\/05\/Edital-PPESCE-Retificado.pdf\" target=\"_blank\" rel=\"noopener noreferrer\"><strong>\u2022 Edital n\u00ba 01\/2021 \u2013 EEXT\/PROEXT\/PROPPG \u2013 Programa de Populariza\u00e7\u00e3o da Pesquisa Atrav\u00e9s de Cursos de Extens\u00e3o &#8211; PPESCE<\/strong><\/a><\/p>\n\n\n\n<p class=\"eplus-wrapper\"><strong><a href=\"https:\/\/institucional.ufrrj.br\/eext\/files\/2020\/12\/Minuta-Edital-Eext-Fluxo-Continuo-2021-versao-final-para-publicacao-1.pdf\" target=\"_blank\" rel=\"noopener noreferrer\">\u2022 Edital n. 01\/2021 \u2013 EEXT\/PROEXT\/UFRRJ \u2013 Submiss\u00e3o de Propostas de Cursos Institucionais de Extens\u00e3o&nbsp;<\/a><\/strong><\/p>\n\n\n\n<p class=\"eplus-wrapper\"><strong><a href=\"https:\/\/institucional.ufrrj.br\/eext\/files\/2020\/07\/EditaL-Eext-Fluxo-Continuo_FINAL-PUBLICADO-2-21-07-20.pdf\" target=\"_blank\" rel=\"noopener noreferrer\">\u2022 Edital n. 01\/2020 \u2013 EEXT\/PROEXT\/UFRRJ \u2013 Submiss\u00e3o de Propostas de Cursos Institucionais de Extens\u00e3o<\/a><\/strong><\/p>\n\n\n\n<p class=\"eplus-wrapper\"><strong><a href=\"https:\/\/institucional.ufrrj.br\/eext\/files\/2020\/10\/Chamada-P\u00fablica-para-registro-de-atividades-vers\u00e3o-FINAL-CORRIGIDA-1.pdf\" target=\"_blank\" rel=\"noopener noreferrer\">\u2022 CHAMADA P\u00daBLICA DE INSCRI\u00c7\u00c3O DE ATIVIDADES ACAD\u00caMICAS, CULTURAIS E ART\u00cdSTICAS NA PLATAFORMA \u201cCENTRAL EXTENSIONISTA DE DADOS\u201d- CED<\/a><\/strong><\/p>\n","protected":false},"excerpt":{"rendered":"<p>Editais Vigentes Nova Edital de fluxo cont\u00ednuo 2026 &#8211; Escola de Extens\u00e3o (EExt) &#8211; PROEXT\/UFRRJ- Submiss\u00e3o de propostas de Cursos <a class=\"read-more\" href=\"https:\/\/institucional.ufrrj.br\/eext\/editais\/ \" >&#8230; <span class=\"font-italic\">leia mais <i class=\"fas fa-angle-right\"><\/i><\/span><\/a><\/p>\n","protected":false},"author":771,"featured_media":0,"parent":0,"menu_order":0,"comment_status":"closed","ping_status":"closed","template":"","meta":{"_acf_changed":false,"footnotes":""},"class_list":["post-1824","page","type-page","status-publish","hentry"],"yoast_head":"<!-- This site is optimized with the Yoast SEO plugin v27.2 - https:\/\/yoast.com\/product\/yoast-seo-wordpress\/ -->\n<title>Editais - Escola de Extens\u00e3o<\/title>\n<meta name=\"robots\" content=\"index, follow, max-snippet:-1, max-image-preview:large, max-video-preview:-1\" \/>\n<link rel=\"canonical\" href=\"https:\/\/institucional.ufrrj.br\/eext\/editais\/\" \/>\n<meta property=\"og:locale\" content=\"pt_BR\" \/>\n<meta property=\"og:type\" content=\"article\" \/>\n<meta property=\"og:title\" content=\"Editais - Escola de Extens\u00e3o\" \/>\n<meta property=\"og:description\" content=\"Editais Vigentes Nova Edital de fluxo cont\u00ednuo 2026 &#8211; Escola de Extens\u00e3o (EExt) &#8211; PROEXT\/UFRRJ- Submiss\u00e3o de propostas de Cursos ... leia mais\" \/>\n<meta property=\"og:url\" content=\"https:\/\/institucional.ufrrj.br\/eext\/editais\/\" \/>\n<meta property=\"og:site_name\" content=\"Escola de Extens\u00e3o\" \/>\n<meta property=\"article:modified_time\" content=\"2026-03-18T19:43:50+00:00\" \/>\n<meta name=\"twitter:card\" content=\"summary_large_image\" \/>\n<meta name=\"twitter:label1\" content=\"Est. tempo de leitura\" \/>\n\t<meta name=\"twitter:data1\" content=\"2 minutos\" \/>\n<script type=\"application\/ld+json\" class=\"yoast-schema-graph\">{\"@context\":\"https:\/\/schema.org\",\"@graph\":[{\"@type\":\"WebPage\",\"@id\":\"https:\/\/institucional.ufrrj.br\/eext\/editais\/\",\"url\":\"https:\/\/institucional.ufrrj.br\/eext\/editais\/\",\"name\":\"Editais - Escola de Extens\u00e3o\",\"isPartOf\":{\"@id\":\"https:\/\/institucional.ufrrj.br\/eext\/#website\"},\"datePublished\":\"2022-12-28T12:50:57+00:00\",\"dateModified\":\"2026-03-18T19:43:50+00:00\",\"breadcrumb\":{\"@id\":\"https:\/\/institucional.ufrrj.br\/eext\/editais\/#breadcrumb\"},\"inLanguage\":\"pt-BR\",\"potentialAction\":[{\"@type\":\"ReadAction\",\"target\":[\"https:\/\/institucional.ufrrj.br\/eext\/editais\/\"]}]},{\"@type\":\"BreadcrumbList\",\"@id\":\"https:\/\/institucional.ufrrj.br\/eext\/editais\/#breadcrumb\",\"itemListElement\":[{\"@type\":\"ListItem\",\"position\":1,\"name\":\"In\u00edcio\",\"item\":\"https:\/\/institucional.ufrrj.br\/eext\/\"},{\"@type\":\"ListItem\",\"position\":2,\"name\":\"Editais\"}]},{\"@type\":\"WebSite\",\"@id\":\"https:\/\/institucional.ufrrj.br\/eext\/#website\",\"url\":\"https:\/\/institucional.ufrrj.br\/eext\/\",\"name\":\"Escola de Extens\u00e3o\",\"description\":\"S\u00f3 mais um site institucional.ufrrj.br\",\"potentialAction\":[{\"@type\":\"SearchAction\",\"target\":{\"@type\":\"EntryPoint\",\"urlTemplate\":\"https:\/\/institucional.ufrrj.br\/eext\/?s={search_term_string}\"},\"query-input\":{\"@type\":\"PropertyValueSpecification\",\"valueRequired\":true,\"valueName\":\"search_term_string\"}}],\"inLanguage\":\"pt-BR\"}]}<\/script>\n<!-- \/ Yoast SEO plugin. -->","yoast_head_json":{"title":"Editais - Escola de Extens\u00e3o","robots":{"index":"index","follow":"follow","max-snippet":"max-snippet:-1","max-image-preview":"max-image-preview:large","max-video-preview":"max-video-preview:-1"},"canonical":"https:\/\/institucional.ufrrj.br\/eext\/editais\/","og_locale":"pt_BR","og_type":"article","og_title":"Editais - Escola de Extens\u00e3o","og_description":"Editais Vigentes Nova Edital de fluxo cont\u00ednuo 2026 &#8211; Escola de Extens\u00e3o (EExt) &#8211; PROEXT\/UFRRJ- Submiss\u00e3o de propostas de Cursos ... leia mais","og_url":"https:\/\/institucional.ufrrj.br\/eext\/editais\/","og_site_name":"Escola de Extens\u00e3o","article_modified_time":"2026-03-18T19:43:50+00:00","twitter_card":"summary_large_image","twitter_misc":{"Est. tempo de leitura":"2 minutos"},"schema":{"@context":"https:\/\/schema.org","@graph":[{"@type":"WebPage","@id":"https:\/\/institucional.ufrrj.br\/eext\/editais\/","url":"https:\/\/institucional.ufrrj.br\/eext\/editais\/","name":"Editais - Escola de Extens\u00e3o","isPartOf":{"@id":"https:\/\/institucional.ufrrj.br\/eext\/#website"},"datePublished":"2022-12-28T12:50:57+00:00","dateModified":"2026-03-18T19:43:50+00:00","breadcrumb":{"@id":"https:\/\/institucional.ufrrj.br\/eext\/editais\/#breadcrumb"},"inLanguage":"pt-BR","potentialAction":[{"@type":"ReadAction","target":["https:\/\/institucional.ufrrj.br\/eext\/editais\/"]}]},{"@type":"BreadcrumbList","@id":"https:\/\/institucional.ufrrj.br\/eext\/editais\/#breadcrumb","itemListElement":[{"@type":"ListItem","position":1,"name":"In\u00edcio","item":"https:\/\/institucional.ufrrj.br\/eext\/"},{"@type":"ListItem","position":2,"name":"Editais"}]},{"@type":"WebSite","@id":"https:\/\/institucional.ufrrj.br\/eext\/#website","url":"https:\/\/institucional.ufrrj.br\/eext\/","name":"Escola de Extens\u00e3o","description":"S\u00f3 mais um site institucional.ufrrj.br","potentialAction":[{"@type":"SearchAction","target":{"@type":"EntryPoint","urlTemplate":"https:\/\/institucional.ufrrj.br\/eext\/?s={search_term_string}"},"query-input":{"@type":"PropertyValueSpecification","valueRequired":true,"valueName":"search_term_string"}}],"inLanguage":"pt-BR"}]}},"acf":[],"_links":{"self":[{"href":"https:\/\/institucional.ufrrj.br\/eext\/wp-json\/wp\/v2\/pages\/1824","targetHints":{"allow":["GET"]}}],"collection":[{"href":"https:\/\/institucional.ufrrj.br\/eext\/wp-json\/wp\/v2\/pages"}],"about":[{"href":"https:\/\/institucional.ufrrj.br\/eext\/wp-json\/wp\/v2\/types\/page"}],"author":[{"embeddable":true,"href":"https:\/\/institucional.ufrrj.br\/eext\/wp-json\/wp\/v2\/users\/771"}],"replies":[{"embeddable":true,"href":"https:\/\/institucional.ufrrj.br\/eext\/wp-json\/wp\/v2\/comments?post=1824"}],"version-history":[{"count":2,"href":"https:\/\/institucional.ufrrj.br\/eext\/wp-json\/wp\/v2\/pages\/1824\/revisions"}],"predecessor-version":[{"id":6596,"href":"https:\/\/institucional.ufrrj.br\/eext\/wp-json\/wp\/v2\/pages\/1824\/revisions\/6596"}],"wp:attachment":[{"href":"https:\/\/institucional.ufrrj.br\/eext\/wp-json\/wp\/v2\/media?parent=1824"}],"curies":[{"name":"wp","href":"https:\/\/api.w.org\/{rel}","templated":true}]}}