{"id":1712,"date":"2020-09-24T23:55:35","date_gmt":"2020-09-25T02:55:35","guid":{"rendered":"http:\/\/institucional.ufrrj.br\/eext\/?page_id=1712"},"modified":"2024-07-04T14:01:05","modified_gmt":"2024-07-04T17:01:05","slug":"tutoriais-servidores-2","status":"publish","type":"page","link":"https:\/\/institucional.ufrrj.br\/eext\/tutoriais-servidores-2\/","title":{"rendered":"Tutoriais"},"content":{"rendered":"<div id=\"pl-1712\"  class=\"panel-layout\" ><div id=\"pg-1712-0\"  class=\"panel-grid panel-no-style\" ><div id=\"pgc-1712-0-0\"  class=\"panel-grid-cell\" ><div id=\"panel-1712-0-0-0\" class=\"so-panel widget widget_text panel-first-child panel-last-child\" data-index=\"0\" >\t\t\t<div class=\"textwidget\"><p>Para auxiliar o cadastro das propostas de <strong>cursos de extens\u00e3o<\/strong> e de <strong>cursos de p\u00f3s-gradua\u00e7\u00e3o Lato Sensu<\/strong>, fizemos tutoriais (links abaixo) com o passo-a-passo de todo o processo. Acesse e tire suas d\u00favidas.<\/p>\n<\/div>\n\t\t<\/div><\/div><\/div><div id=\"pg-1712-1\"  class=\"panel-grid panel-no-style\" ><div id=\"pgc-1712-1-0\"  class=\"panel-grid-cell\" ><div id=\"panel-1712-1-0-0\" class=\"so-panel widget widget_text panel-first-child panel-last-child\" data-index=\"1\" >\t\t\t<div class=\"textwidget\"><p><a href=\"https:\/\/institucional.ufrrj.br\/eext\/files\/2024\/05\/Tutorial_lato_sensu_Final-1.pdf\" target=\"_blank\" rel=\"noopener noreferrer\"><strong><span style=\"color: #000080\">Tutorial PDF | Submiss\u00e3o e Gerenciamento de Cursos Lato Sensu (*.pdf)<\/span><\/strong><\/a><\/p>\n<p><a href=\"https:\/\/institucional.ufrrj.br\/eext\/files\/2024\/05\/Tutorial_lato_sensu_Final-1.pdf\" target=\"_blank\" rel=\"noopener\"><img loading=\"lazy\" decoding=\"async\" class=\"alignnone wp-image-4727 size-full\" src=\"https:\/\/institucional.ufrrj.br\/eext\/files\/2022\/09\/card.png\" alt=\"\" width=\"300\" height=\"164\" \/><\/a><\/p>\n<\/div>\n\t\t<\/div><\/div><\/div><div id=\"pg-1712-2\"  class=\"panel-grid panel-no-style\" ><div id=\"pgc-1712-2-0\"  class=\"panel-grid-cell\" ><div id=\"panel-1712-2-0-0\" class=\"so-panel widget widget_text panel-first-child panel-last-child\" data-index=\"2\" >\t\t\t<div class=\"textwidget\"><p><a href=\"https:\/\/institucional.ufrrj.br\/eext\/files\/2022\/10\/Tutorial_Submissao_Cursos_Eext_Out_22.pdf\" target=\"_blank\" rel=\"noopener noreferrer\"><strong><span style=\"color: #000080\">Tutorial PDF | Submiss\u00e3o e Gerenciamento de Cursos de Extens\u00e3o (*.pdf)<\/span><\/strong><\/a><\/p>\n<p><a href=\"https:\/\/institucional.ufrrj.br\/eext\/files\/2022\/10\/Tutorial_Submissao_Cursos_Eext_Out_22.pdf\" target=\"_blank\" rel=\"noopener noreferrer\"><strong><span style=\"color: #000080\"><img loading=\"lazy\" decoding=\"async\" class=\"alignnone wp-image-1955 size-medium\" src=\"https:\/\/institucional.ufrrj.br\/eext\/files\/2020\/11\/miniaturaPDF-300x164.jpg\" alt=\"\" width=\"300\" height=\"164\" srcset=\"https:\/\/institucional.ufrrj.br\/eext\/files\/2020\/11\/miniaturaPDF-300x164.jpg 300w, https:\/\/institucional.ufrrj.br\/eext\/files\/2020\/11\/miniaturaPDF.jpg 503w\" sizes=\"auto, (max-width: 300px) 100vw, 300px\" \/><\/span><\/strong><\/a><\/p>\n<\/div>\n\t\t<\/div><\/div><\/div><div id=\"pg-1712-3\"  class=\"panel-grid panel-no-style\" ><div id=\"pgc-1712-3-0\"  class=\"panel-grid-cell\" ><div id=\"panel-1712-3-0-0\" class=\"so-panel widget widget_text panel-first-child panel-last-child\" data-index=\"3\" >\t\t\t<div class=\"textwidget\"><p><a href=\"https:\/\/www.youtube.com\/watch?v=Ej9Hgh68hZE\" target=\"_blank\" rel=\"noopener noreferrer\"><strong><span style=\"color: #000080\">Tutorial V\u00eddeo 1 | Submiss\u00e3o de Cursos de Extens\u00e3o<\/span><\/strong><\/a><\/p>\n<p><iframe title=\"V\u00eddeo 1 | Submetendo Cursos de Extens\u00e3o\" src=\"https:\/\/www.youtube.com\/embed\/Ej9Hgh68hZE?feature=oembed\" frameborder=\"0\" allow=\"accelerometer; autoplay; clipboard-write; encrypted-media; gyroscope; picture-in-picture; web-share\" referrerpolicy=\"strict-origin-when-cross-origin\" allowfullscreen><\/iframe><\/p>\n<\/div>\n\t\t<\/div><\/div><\/div><div id=\"pg-1712-4\"  class=\"panel-grid panel-no-style\" ><div id=\"pgc-1712-4-0\"  class=\"panel-grid-cell\" ><div id=\"panel-1712-4-0-0\" class=\"so-panel widget widget_text panel-first-child panel-last-child\" data-index=\"4\" >\t\t\t<div class=\"textwidget\"><p><a href=\"https:\/\/youtu.be\/Q2ICVcjPWiw\" target=\"_blank\" rel=\"noopener noreferrer\"><strong><span style=\"color: #000080\">Tutorial V\u00eddeo 2 | Gerenciamento de Cursos de Extens\u00e3o<\/span><\/strong><\/a><\/p>\n<p><iframe title=\"V\u00eddeo 2 | Gerenciando Cursos de Extens\u00e3o\" src=\"https:\/\/www.youtube.com\/embed\/Q2ICVcjPWiw?feature=oembed\" frameborder=\"0\" allow=\"accelerometer; autoplay; clipboard-write; encrypted-media; gyroscope; picture-in-picture; web-share\" referrerpolicy=\"strict-origin-when-cross-origin\" allowfullscreen><\/iframe><\/p>\n<\/div>\n\t\t<\/div><\/div><\/div><\/div>","protected":false},"excerpt":{"rendered":"<p>Para auxiliar o cadastro das propostas de cursos de extens\u00e3o e de cursos de p\u00f3s-gradua\u00e7\u00e3o Lato Sensu, fizemos tutoriais (links <a class=\"read-more\" href=\"https:\/\/institucional.ufrrj.br\/eext\/tutoriais-servidores-2\/ \" >&#8230; <span class=\"font-italic\">leia mais <i class=\"fas fa-angle-right\"><\/i><\/span><\/a><\/p>\n","protected":false},"author":772,"featured_media":0,"parent":0,"menu_order":0,"comment_status":"closed","ping_status":"closed","template":"","meta":{"_acf_changed":false,"footnotes":""},"class_list":["post-1712","page","type-page","status-publish","hentry"],"yoast_head":"<!-- This site is optimized with the Yoast SEO plugin v27.2 - https:\/\/yoast.com\/product\/yoast-seo-wordpress\/ -->\n<title>Tutoriais - Escola de Extens\u00e3o<\/title>\n<meta name=\"robots\" content=\"index, follow, max-snippet:-1, max-image-preview:large, max-video-preview:-1\" \/>\n<link rel=\"canonical\" href=\"https:\/\/institucional.ufrrj.br\/eext\/tutoriais-servidores-2\/\" \/>\n<meta property=\"og:locale\" content=\"pt_BR\" \/>\n<meta property=\"og:type\" content=\"article\" \/>\n<meta property=\"og:title\" content=\"Tutoriais - Escola de Extens\u00e3o\" \/>\n<meta property=\"og:description\" content=\"Para auxiliar o cadastro das propostas de cursos de extens\u00e3o e de cursos de p\u00f3s-gradua\u00e7\u00e3o Lato Sensu, fizemos tutoriais (links ... leia mais\" \/>\n<meta property=\"og:url\" content=\"https:\/\/institucional.ufrrj.br\/eext\/tutoriais-servidores-2\/\" \/>\n<meta property=\"og:site_name\" content=\"Escola de Extens\u00e3o\" \/>\n<meta property=\"article:modified_time\" content=\"2024-07-04T17:01:05+00:00\" \/>\n<meta property=\"og:image\" content=\"https:\/\/institucional.ufrrj.br\/eext\/files\/2022\/09\/card.png\" \/>\n\t<meta property=\"og:image:width\" content=\"300\" \/>\n\t<meta property=\"og:image:height\" content=\"164\" \/>\n\t<meta property=\"og:image:type\" content=\"image\/png\" \/>\n<meta name=\"twitter:card\" content=\"summary_large_image\" \/>\n<script type=\"application\/ld+json\" class=\"yoast-schema-graph\">{\"@context\":\"https:\/\/schema.org\",\"@graph\":[{\"@type\":\"WebPage\",\"@id\":\"https:\/\/institucional.ufrrj.br\/eext\/tutoriais-servidores-2\/\",\"url\":\"https:\/\/institucional.ufrrj.br\/eext\/tutoriais-servidores-2\/\",\"name\":\"Tutoriais - Escola de Extens\u00e3o\",\"isPartOf\":{\"@id\":\"https:\/\/institucional.ufrrj.br\/eext\/#website\"},\"primaryImageOfPage\":{\"@id\":\"https:\/\/institucional.ufrrj.br\/eext\/tutoriais-servidores-2\/#primaryimage\"},\"image\":{\"@id\":\"https:\/\/institucional.ufrrj.br\/eext\/tutoriais-servidores-2\/#primaryimage\"},\"thumbnailUrl\":\"https:\/\/institucional.ufrrj.br\/eext\/files\/2022\/09\/card.png\",\"datePublished\":\"2020-09-25T02:55:35+00:00\",\"dateModified\":\"2024-07-04T17:01:05+00:00\",\"breadcrumb\":{\"@id\":\"https:\/\/institucional.ufrrj.br\/eext\/tutoriais-servidores-2\/#breadcrumb\"},\"inLanguage\":\"pt-BR\",\"potentialAction\":[{\"@type\":\"ReadAction\",\"target\":[\"https:\/\/institucional.ufrrj.br\/eext\/tutoriais-servidores-2\/\"]}]},{\"@type\":\"ImageObject\",\"inLanguage\":\"pt-BR\",\"@id\":\"https:\/\/institucional.ufrrj.br\/eext\/tutoriais-servidores-2\/#primaryimage\",\"url\":\"https:\/\/institucional.ufrrj.br\/eext\/files\/2022\/09\/card.png\",\"contentUrl\":\"https:\/\/institucional.ufrrj.br\/eext\/files\/2022\/09\/card.png\",\"width\":300,\"height\":164},{\"@type\":\"BreadcrumbList\",\"@id\":\"https:\/\/institucional.ufrrj.br\/eext\/tutoriais-servidores-2\/#breadcrumb\",\"itemListElement\":[{\"@type\":\"ListItem\",\"position\":1,\"name\":\"In\u00edcio\",\"item\":\"https:\/\/institucional.ufrrj.br\/eext\/\"},{\"@type\":\"ListItem\",\"position\":2,\"name\":\"Tutoriais\"}]},{\"@type\":\"WebSite\",\"@id\":\"https:\/\/institucional.ufrrj.br\/eext\/#website\",\"url\":\"https:\/\/institucional.ufrrj.br\/eext\/\",\"name\":\"Escola de Extens\u00e3o\",\"description\":\"S\u00f3 mais um site institucional.ufrrj.br\",\"potentialAction\":[{\"@type\":\"SearchAction\",\"target\":{\"@type\":\"EntryPoint\",\"urlTemplate\":\"https:\/\/institucional.ufrrj.br\/eext\/?s={search_term_string}\"},\"query-input\":{\"@type\":\"PropertyValueSpecification\",\"valueRequired\":true,\"valueName\":\"search_term_string\"}}],\"inLanguage\":\"pt-BR\"}]}<\/script>\n<!-- \/ Yoast SEO plugin. -->","yoast_head_json":{"title":"Tutoriais - Escola de Extens\u00e3o","robots":{"index":"index","follow":"follow","max-snippet":"max-snippet:-1","max-image-preview":"max-image-preview:large","max-video-preview":"max-video-preview:-1"},"canonical":"https:\/\/institucional.ufrrj.br\/eext\/tutoriais-servidores-2\/","og_locale":"pt_BR","og_type":"article","og_title":"Tutoriais - Escola de Extens\u00e3o","og_description":"Para auxiliar o cadastro das propostas de cursos de extens\u00e3o e de cursos de p\u00f3s-gradua\u00e7\u00e3o Lato Sensu, fizemos tutoriais (links ... leia mais","og_url":"https:\/\/institucional.ufrrj.br\/eext\/tutoriais-servidores-2\/","og_site_name":"Escola de Extens\u00e3o","article_modified_time":"2024-07-04T17:01:05+00:00","og_image":[{"width":300,"height":164,"url":"https:\/\/institucional.ufrrj.br\/eext\/files\/2022\/09\/card.png","type":"image\/png"}],"twitter_card":"summary_large_image","schema":{"@context":"https:\/\/schema.org","@graph":[{"@type":"WebPage","@id":"https:\/\/institucional.ufrrj.br\/eext\/tutoriais-servidores-2\/","url":"https:\/\/institucional.ufrrj.br\/eext\/tutoriais-servidores-2\/","name":"Tutoriais - Escola de Extens\u00e3o","isPartOf":{"@id":"https:\/\/institucional.ufrrj.br\/eext\/#website"},"primaryImageOfPage":{"@id":"https:\/\/institucional.ufrrj.br\/eext\/tutoriais-servidores-2\/#primaryimage"},"image":{"@id":"https:\/\/institucional.ufrrj.br\/eext\/tutoriais-servidores-2\/#primaryimage"},"thumbnailUrl":"https:\/\/institucional.ufrrj.br\/eext\/files\/2022\/09\/card.png","datePublished":"2020-09-25T02:55:35+00:00","dateModified":"2024-07-04T17:01:05+00:00","breadcrumb":{"@id":"https:\/\/institucional.ufrrj.br\/eext\/tutoriais-servidores-2\/#breadcrumb"},"inLanguage":"pt-BR","potentialAction":[{"@type":"ReadAction","target":["https:\/\/institucional.ufrrj.br\/eext\/tutoriais-servidores-2\/"]}]},{"@type":"ImageObject","inLanguage":"pt-BR","@id":"https:\/\/institucional.ufrrj.br\/eext\/tutoriais-servidores-2\/#primaryimage","url":"https:\/\/institucional.ufrrj.br\/eext\/files\/2022\/09\/card.png","contentUrl":"https:\/\/institucional.ufrrj.br\/eext\/files\/2022\/09\/card.png","width":300,"height":164},{"@type":"BreadcrumbList","@id":"https:\/\/institucional.ufrrj.br\/eext\/tutoriais-servidores-2\/#breadcrumb","itemListElement":[{"@type":"ListItem","position":1,"name":"In\u00edcio","item":"https:\/\/institucional.ufrrj.br\/eext\/"},{"@type":"ListItem","position":2,"name":"Tutoriais"}]},{"@type":"WebSite","@id":"https:\/\/institucional.ufrrj.br\/eext\/#website","url":"https:\/\/institucional.ufrrj.br\/eext\/","name":"Escola de Extens\u00e3o","description":"S\u00f3 mais um site institucional.ufrrj.br","potentialAction":[{"@type":"SearchAction","target":{"@type":"EntryPoint","urlTemplate":"https:\/\/institucional.ufrrj.br\/eext\/?s={search_term_string}"},"query-input":{"@type":"PropertyValueSpecification","valueRequired":true,"valueName":"search_term_string"}}],"inLanguage":"pt-BR"}]}},"acf":[],"_links":{"self":[{"href":"https:\/\/institucional.ufrrj.br\/eext\/wp-json\/wp\/v2\/pages\/1712","targetHints":{"allow":["GET"]}}],"collection":[{"href":"https:\/\/institucional.ufrrj.br\/eext\/wp-json\/wp\/v2\/pages"}],"about":[{"href":"https:\/\/institucional.ufrrj.br\/eext\/wp-json\/wp\/v2\/types\/page"}],"author":[{"embeddable":true,"href":"https:\/\/institucional.ufrrj.br\/eext\/wp-json\/wp\/v2\/users\/772"}],"replies":[{"embeddable":true,"href":"https:\/\/institucional.ufrrj.br\/eext\/wp-json\/wp\/v2\/comments?post=1712"}],"version-history":[{"count":47,"href":"https:\/\/institucional.ufrrj.br\/eext\/wp-json\/wp\/v2\/pages\/1712\/revisions"}],"predecessor-version":[{"id":5632,"href":"https:\/\/institucional.ufrrj.br\/eext\/wp-json\/wp\/v2\/pages\/1712\/revisions\/5632"}],"wp:attachment":[{"href":"https:\/\/institucional.ufrrj.br\/eext\/wp-json\/wp\/v2\/media?parent=1712"}],"curies":[{"name":"wp","href":"https:\/\/api.w.org\/{rel}","templated":true}]}}