{"id":1655,"date":"2020-09-22T12:07:52","date_gmt":"2020-09-22T15:07:52","guid":{"rendered":"http:\/\/institucional.ufrrj.br\/eext\/?page_id=1655"},"modified":"2023-09-12T11:40:23","modified_gmt":"2023-09-12T14:40:23","slug":"tutoriais-alunos","status":"publish","type":"page","link":"https:\/\/institucional.ufrrj.br\/eext\/tutoriais-alunos\/","title":{"rendered":"Tutorial Alunos"},"content":{"rendered":"\n<p class=\" eplus-wrapper\">Os alunos e interessados em se inscrever nos cursos da Escola de Extens\u00e3o devem acessar <a rel=\"noreferrer noopener\" href=\"https:\/\/institucional.ufrrj.br\/eext\/cursos\/\" target=\"_blank\">p\u00e1gina de cursos da Eext<\/a><a rel=\"noreferrer noopener\" href=\"http:\/\/www.institucional.ufrrj.br\/eext\/cursos\" target=\"_blank\">.<\/a> Ao escolher o curso desejado, devem clicar no bot\u00e3o &#8220;Inscri\u00e7\u00f5es Abertas&#8221; e seguir alguns passos para confirmar a inscri\u00e7\u00e3o. Para tirar d\u00favidas de cadastro, fa\u00e7a o <a rel=\"noreferrer noopener\" href=\"https:\/\/institucional.ufrrj.br\/eext\/files\/2023\/09\/Tutorial_de_Extensao_Atualizado.pdf\" target=\"_blank\">download do Tutorial para Inscri\u00e7\u00e3o em Cursos de Extens\u00e3o<\/a> e acompanhe o passo a passo.<\/p>\n\n\n\n<p class=\" eplus-wrapper\"><a href=\"https:\/\/institucional.ufrrj.br\/eext\/files\/2023\/09\/Tutorial_de_Extensao_Atualizado.pdf\" target=\"_blank\" rel=\"noreferrer noopener\"><strong>Tutorial PDF | Inscri\u00e7\u00e3o em Cursos de Extens\u00e3o (*.pdf)<\/strong><\/a><\/p>\n\n\n\n<figure class=\" wp-block-image size-full eplus-wrapper\"><a href=\"https:\/\/institucional.ufrrj.br\/eext\/files\/2023\/09\/Tutorial_de_Extensao_Atualizado.pdf\" target=\"_blank\" rel=\"noreferrer noopener\"><img loading=\"lazy\" decoding=\"async\" width=\"300\" height=\"164\" src=\"https:\/\/institucional.ufrrj.br\/eext\/files\/2023\/09\/card-aluno-inscricao.png\" alt=\"\" class=\"wp-image-5424\" \/><\/a><\/figure>\n\n\n","protected":false},"excerpt":{"rendered":"<p>Os alunos e interessados em se inscrever nos cursos da Escola de Extens\u00e3o devem acessar p\u00e1gina de cursos da Eext. <a class=\"read-more\" href=\"https:\/\/institucional.ufrrj.br\/eext\/tutoriais-alunos\/ \" >&#8230; <span class=\"font-italic\">leia mais <i class=\"fas fa-angle-right\"><\/i><\/span><\/a><\/p>\n","protected":false},"author":772,"featured_media":0,"parent":0,"menu_order":0,"comment_status":"closed","ping_status":"closed","template":"","meta":{"_acf_changed":false,"footnotes":""},"class_list":["post-1655","page","type-page","status-publish","hentry"],"yoast_head":"<!-- This site is optimized with the Yoast SEO plugin v27.2 - https:\/\/yoast.com\/product\/yoast-seo-wordpress\/ -->\n<title>Tutorial Alunos - Escola de Extens\u00e3o<\/title>\n<meta name=\"robots\" content=\"index, follow, max-snippet:-1, max-image-preview:large, max-video-preview:-1\" \/>\n<link rel=\"canonical\" href=\"https:\/\/institucional.ufrrj.br\/eext\/tutoriais-alunos\/\" \/>\n<meta property=\"og:locale\" content=\"pt_BR\" \/>\n<meta property=\"og:type\" content=\"article\" \/>\n<meta property=\"og:title\" content=\"Tutorial Alunos - Escola de Extens\u00e3o\" \/>\n<meta property=\"og:description\" content=\"Os alunos e interessados em se inscrever nos cursos da Escola de Extens\u00e3o devem acessar p\u00e1gina de cursos da Eext. ... leia mais\" \/>\n<meta property=\"og:url\" content=\"https:\/\/institucional.ufrrj.br\/eext\/tutoriais-alunos\/\" \/>\n<meta property=\"og:site_name\" content=\"Escola de Extens\u00e3o\" \/>\n<meta property=\"article:modified_time\" content=\"2023-09-12T14:40:23+00:00\" \/>\n<meta property=\"og:image\" content=\"https:\/\/institucional.ufrrj.br\/eext\/files\/2023\/09\/card-aluno-inscricao.png\" \/>\n\t<meta property=\"og:image:width\" content=\"300\" \/>\n\t<meta property=\"og:image:height\" content=\"164\" \/>\n\t<meta property=\"og:image:type\" content=\"image\/png\" \/>\n<meta name=\"twitter:card\" content=\"summary_large_image\" \/>\n<script type=\"application\/ld+json\" class=\"yoast-schema-graph\">{\"@context\":\"https:\/\/schema.org\",\"@graph\":[{\"@type\":\"WebPage\",\"@id\":\"https:\/\/institucional.ufrrj.br\/eext\/tutoriais-alunos\/\",\"url\":\"https:\/\/institucional.ufrrj.br\/eext\/tutoriais-alunos\/\",\"name\":\"Tutorial Alunos - Escola de Extens\u00e3o\",\"isPartOf\":{\"@id\":\"https:\/\/institucional.ufrrj.br\/eext\/#website\"},\"primaryImageOfPage\":{\"@id\":\"https:\/\/institucional.ufrrj.br\/eext\/tutoriais-alunos\/#primaryimage\"},\"image\":{\"@id\":\"https:\/\/institucional.ufrrj.br\/eext\/tutoriais-alunos\/#primaryimage\"},\"thumbnailUrl\":\"https:\/\/institucional.ufrrj.br\/eext\/files\/2023\/09\/card-aluno-inscricao.png\",\"datePublished\":\"2020-09-22T15:07:52+00:00\",\"dateModified\":\"2023-09-12T14:40:23+00:00\",\"breadcrumb\":{\"@id\":\"https:\/\/institucional.ufrrj.br\/eext\/tutoriais-alunos\/#breadcrumb\"},\"inLanguage\":\"pt-BR\",\"potentialAction\":[{\"@type\":\"ReadAction\",\"target\":[\"https:\/\/institucional.ufrrj.br\/eext\/tutoriais-alunos\/\"]}]},{\"@type\":\"ImageObject\",\"inLanguage\":\"pt-BR\",\"@id\":\"https:\/\/institucional.ufrrj.br\/eext\/tutoriais-alunos\/#primaryimage\",\"url\":\"https:\/\/institucional.ufrrj.br\/eext\/files\/2023\/09\/card-aluno-inscricao.png\",\"contentUrl\":\"https:\/\/institucional.ufrrj.br\/eext\/files\/2023\/09\/card-aluno-inscricao.png\",\"width\":300,\"height\":164},{\"@type\":\"BreadcrumbList\",\"@id\":\"https:\/\/institucional.ufrrj.br\/eext\/tutoriais-alunos\/#breadcrumb\",\"itemListElement\":[{\"@type\":\"ListItem\",\"position\":1,\"name\":\"In\u00edcio\",\"item\":\"https:\/\/institucional.ufrrj.br\/eext\/\"},{\"@type\":\"ListItem\",\"position\":2,\"name\":\"Tutorial Alunos\"}]},{\"@type\":\"WebSite\",\"@id\":\"https:\/\/institucional.ufrrj.br\/eext\/#website\",\"url\":\"https:\/\/institucional.ufrrj.br\/eext\/\",\"name\":\"Escola de Extens\u00e3o\",\"description\":\"S\u00f3 mais um site institucional.ufrrj.br\",\"potentialAction\":[{\"@type\":\"SearchAction\",\"target\":{\"@type\":\"EntryPoint\",\"urlTemplate\":\"https:\/\/institucional.ufrrj.br\/eext\/?s={search_term_string}\"},\"query-input\":{\"@type\":\"PropertyValueSpecification\",\"valueRequired\":true,\"valueName\":\"search_term_string\"}}],\"inLanguage\":\"pt-BR\"}]}<\/script>\n<!-- \/ Yoast SEO plugin. -->","yoast_head_json":{"title":"Tutorial Alunos - Escola de Extens\u00e3o","robots":{"index":"index","follow":"follow","max-snippet":"max-snippet:-1","max-image-preview":"max-image-preview:large","max-video-preview":"max-video-preview:-1"},"canonical":"https:\/\/institucional.ufrrj.br\/eext\/tutoriais-alunos\/","og_locale":"pt_BR","og_type":"article","og_title":"Tutorial Alunos - Escola de Extens\u00e3o","og_description":"Os alunos e interessados em se inscrever nos cursos da Escola de Extens\u00e3o devem acessar p\u00e1gina de cursos da Eext. ... leia mais","og_url":"https:\/\/institucional.ufrrj.br\/eext\/tutoriais-alunos\/","og_site_name":"Escola de Extens\u00e3o","article_modified_time":"2023-09-12T14:40:23+00:00","og_image":[{"width":300,"height":164,"url":"https:\/\/institucional.ufrrj.br\/eext\/files\/2023\/09\/card-aluno-inscricao.png","type":"image\/png"}],"twitter_card":"summary_large_image","schema":{"@context":"https:\/\/schema.org","@graph":[{"@type":"WebPage","@id":"https:\/\/institucional.ufrrj.br\/eext\/tutoriais-alunos\/","url":"https:\/\/institucional.ufrrj.br\/eext\/tutoriais-alunos\/","name":"Tutorial Alunos - Escola de Extens\u00e3o","isPartOf":{"@id":"https:\/\/institucional.ufrrj.br\/eext\/#website"},"primaryImageOfPage":{"@id":"https:\/\/institucional.ufrrj.br\/eext\/tutoriais-alunos\/#primaryimage"},"image":{"@id":"https:\/\/institucional.ufrrj.br\/eext\/tutoriais-alunos\/#primaryimage"},"thumbnailUrl":"https:\/\/institucional.ufrrj.br\/eext\/files\/2023\/09\/card-aluno-inscricao.png","datePublished":"2020-09-22T15:07:52+00:00","dateModified":"2023-09-12T14:40:23+00:00","breadcrumb":{"@id":"https:\/\/institucional.ufrrj.br\/eext\/tutoriais-alunos\/#breadcrumb"},"inLanguage":"pt-BR","potentialAction":[{"@type":"ReadAction","target":["https:\/\/institucional.ufrrj.br\/eext\/tutoriais-alunos\/"]}]},{"@type":"ImageObject","inLanguage":"pt-BR","@id":"https:\/\/institucional.ufrrj.br\/eext\/tutoriais-alunos\/#primaryimage","url":"https:\/\/institucional.ufrrj.br\/eext\/files\/2023\/09\/card-aluno-inscricao.png","contentUrl":"https:\/\/institucional.ufrrj.br\/eext\/files\/2023\/09\/card-aluno-inscricao.png","width":300,"height":164},{"@type":"BreadcrumbList","@id":"https:\/\/institucional.ufrrj.br\/eext\/tutoriais-alunos\/#breadcrumb","itemListElement":[{"@type":"ListItem","position":1,"name":"In\u00edcio","item":"https:\/\/institucional.ufrrj.br\/eext\/"},{"@type":"ListItem","position":2,"name":"Tutorial Alunos"}]},{"@type":"WebSite","@id":"https:\/\/institucional.ufrrj.br\/eext\/#website","url":"https:\/\/institucional.ufrrj.br\/eext\/","name":"Escola de Extens\u00e3o","description":"S\u00f3 mais um site institucional.ufrrj.br","potentialAction":[{"@type":"SearchAction","target":{"@type":"EntryPoint","urlTemplate":"https:\/\/institucional.ufrrj.br\/eext\/?s={search_term_string}"},"query-input":{"@type":"PropertyValueSpecification","valueRequired":true,"valueName":"search_term_string"}}],"inLanguage":"pt-BR"}]}},"acf":[],"_links":{"self":[{"href":"https:\/\/institucional.ufrrj.br\/eext\/wp-json\/wp\/v2\/pages\/1655","targetHints":{"allow":["GET"]}}],"collection":[{"href":"https:\/\/institucional.ufrrj.br\/eext\/wp-json\/wp\/v2\/pages"}],"about":[{"href":"https:\/\/institucional.ufrrj.br\/eext\/wp-json\/wp\/v2\/types\/page"}],"author":[{"embeddable":true,"href":"https:\/\/institucional.ufrrj.br\/eext\/wp-json\/wp\/v2\/users\/772"}],"replies":[{"embeddable":true,"href":"https:\/\/institucional.ufrrj.br\/eext\/wp-json\/wp\/v2\/comments?post=1655"}],"version-history":[{"count":17,"href":"https:\/\/institucional.ufrrj.br\/eext\/wp-json\/wp\/v2\/pages\/1655\/revisions"}],"predecessor-version":[{"id":5426,"href":"https:\/\/institucional.ufrrj.br\/eext\/wp-json\/wp\/v2\/pages\/1655\/revisions\/5426"}],"wp:attachment":[{"href":"https:\/\/institucional.ufrrj.br\/eext\/wp-json\/wp\/v2\/media?parent=1655"}],"curies":[{"name":"wp","href":"https:\/\/api.w.org\/{rel}","templated":true}]}}