{"id":21102,"date":"2020-10-08T11:21:38","date_gmt":"2020-10-08T14:21:38","guid":{"rendered":"http:\/\/institucional.ufrrj.br\/dmsa\/?page_id=21102"},"modified":"2021-03-04T11:33:26","modified_gmt":"2021-03-04T14:33:26","slug":"dispensas-finalizadas","status":"publish","type":"page","link":"https:\/\/institucional.ufrrj.br\/dmsa\/dispensas-finalizadas\/","title":{"rendered":"Dispensas finalizadas"},"content":{"rendered":"<h3><span style=\"color: #3a5e0a;\">Rela\u00e7\u00e3o de processos de Dispensa de licita\u00e7\u00e3o realizados nos anos de 2017 a 2020<\/span><\/h3>\n<h4 style=\"text-align: left;\">A UFRRJ por meio da Portaria n\u00b0 1.204\/2020, de 30 de mar\u00e7o de 2020 &#8211; GABREI regulamentou a tramita\u00e7\u00e3o de processos administrativos eletr\u00f4nicos, estabelecendo par\u00e2metros para seu funcionamento. De acordo com o documento, todos os processos administrativos cadastrados no Sistema Integrado de Gest\u00e3o (SIG), depois de 18 de mar\u00e7o de 2020, v\u00e3o circular exclusivamente na forma eletr\u00f4nica (com exce\u00e7\u00f5es previstas no Decreto n\u00ba 8.539\/2015).<\/h4>\n<h4 style=\"text-align: left;\">A portaria estabeleceu que ser\u00e3o eletr\u00f4nicas as etapas de \u201cabertura, cria\u00e7\u00e3o e movimenta\u00e7\u00e3o de documentos e processos administrativos\u201d, al\u00e9m de \u201cdespachos, pareceres, decis\u00f5es e demais dilig\u00eancias, por meio de campo edit\u00e1vel no SIG\u201d.<\/h4>\n<h4>Os processos que s\u00e3o eletr\u00f4nicos ou h\u00edbridos podem ser consultados por meio do Portal do SIPAC. Confira o passo a passo atrav\u00e9s desse link: <img loading=\"lazy\" decoding=\"async\" class=\"alignnone wp-image-10411 size-full\" src=\"https:\/\/institucional.ufrrj.br\/dmsa\/files\/2015\/10\/link.png\" alt=\"\" width=\"16\" height=\"16\" \/>\u00a0 <a href=\"https:\/\/institucional.ufrrj.br\/ajudasig\/2021\/03\/03\/consultando-processos-atraves-do-portal-publico-do-sipac\/\" target=\"_blank\" rel=\"noopener noreferrer\">Manual processo eletr\u00f4nico.<\/a><\/h4>\n<p>&nbsp;<\/p>\n<p><span style=\"color: #333333;\"><a style=\"color: #333333;\" href=\"https:\/\/institucional.ufrrj.br\/dmsa\/files\/2020\/10\/Dispensa-2017.pdf\">Dispensas 2017<\/a><\/span><\/p>\n<p>&nbsp;<\/p>\n<h3><\/h3>\n<p><span style=\"color: #333333;\"><a style=\"color: #333333;\" href=\"https:\/\/institucional.ufrrj.br\/dmsa\/files\/2020\/10\/Dispensa-2018.pdf\">Dispensas 2018<\/a><\/span><\/p>\n<p>&nbsp;<\/p>\n<h3><\/h3>\n<p><span style=\"color: #333333;\"><a style=\"color: #333333;\" href=\"https:\/\/institucional.ufrrj.br\/dmsa\/files\/2020\/10\/Dispensa-2019.pdf\">Dispensas 2019<\/a><\/span><\/p>\n<p>&nbsp;<\/p>\n<h3><\/h3>\n<p><span style=\"color: #333333;\"><a style=\"color: #333333;\" href=\"https:\/\/institucional.ufrrj.br\/dmsa\/files\/2021\/03\/Relat\u00f3rio-de-compras-diretas-2020.pdf\">Dispensas 2020<\/a><\/span><\/p>\n","protected":false},"excerpt":{"rendered":"<p>Rela\u00e7\u00e3o de processos de Dispensa de licita\u00e7\u00e3o realizados nos anos de 2017 a 2020 A UFRRJ por meio da Portaria n\u00b0 1.204\/2020, de 30 de mar\u00e7o de 2020 &#8211; GABREI regulamentou a tramita\u00e7\u00e3o de processos administrativos eletr\u00f4nicos, estabelecendo par\u00e2metros para seu funcionamento. De acordo com o documento, todos os processos administrativos cadastrados no Sistema Integrado [&hellip;]<\/p>\n","protected":false},"author":634,"featured_media":0,"parent":0,"menu_order":0,"comment_status":"closed","ping_status":"closed","template":"","meta":{"footnotes":""},"class_list":["post-21102","page","type-page","status-publish","hentry"],"yoast_head":"<!-- This site is optimized with the Yoast SEO plugin v27.2 - https:\/\/yoast.com\/product\/yoast-seo-wordpress\/ -->\n<title>Dispensas finalizadas - dmsa<\/title>\n<meta name=\"robots\" content=\"index, follow, max-snippet:-1, max-image-preview:large, max-video-preview:-1\" \/>\n<link rel=\"canonical\" href=\"https:\/\/institucional.ufrrj.br\/dmsa\/dispensas-finalizadas\/\" \/>\n<meta property=\"og:locale\" content=\"pt_BR\" \/>\n<meta property=\"og:type\" content=\"article\" \/>\n<meta property=\"og:title\" content=\"Dispensas finalizadas - dmsa\" \/>\n<meta property=\"og:description\" content=\"Rela\u00e7\u00e3o de processos de Dispensa de licita\u00e7\u00e3o realizados nos anos de 2017 a 2020 A UFRRJ por meio da Portaria n\u00b0 1.204\/2020, de 30 de mar\u00e7o de 2020 &#8211; GABREI regulamentou a tramita\u00e7\u00e3o de processos administrativos eletr\u00f4nicos, estabelecendo par\u00e2metros para seu funcionamento. De acordo com o documento, todos os processos administrativos cadastrados no Sistema Integrado [&hellip;]\" \/>\n<meta property=\"og:url\" content=\"https:\/\/institucional.ufrrj.br\/dmsa\/dispensas-finalizadas\/\" \/>\n<meta property=\"og:site_name\" content=\"dmsa\" \/>\n<meta property=\"article:modified_time\" content=\"2021-03-04T14:33:26+00:00\" \/>\n<meta property=\"og:image\" content=\"http:\/\/institucional.ufrrj.br\/dmsa\/files\/2015\/10\/link.png\" \/>\n<meta name=\"twitter:card\" content=\"summary_large_image\" \/>\n<meta name=\"twitter:label1\" content=\"Est. tempo de leitura\" \/>\n\t<meta name=\"twitter:data1\" content=\"1 minuto\" \/>\n<script type=\"application\/ld+json\" class=\"yoast-schema-graph\">{\"@context\":\"https:\/\/schema.org\",\"@graph\":[{\"@type\":\"WebPage\",\"@id\":\"https:\/\/institucional.ufrrj.br\/dmsa\/dispensas-finalizadas\/\",\"url\":\"https:\/\/institucional.ufrrj.br\/dmsa\/dispensas-finalizadas\/\",\"name\":\"Dispensas finalizadas - dmsa\",\"isPartOf\":{\"@id\":\"https:\/\/institucional.ufrrj.br\/dmsa\/#website\"},\"primaryImageOfPage\":{\"@id\":\"https:\/\/institucional.ufrrj.br\/dmsa\/dispensas-finalizadas\/#primaryimage\"},\"image\":{\"@id\":\"https:\/\/institucional.ufrrj.br\/dmsa\/dispensas-finalizadas\/#primaryimage\"},\"thumbnailUrl\":\"http:\/\/institucional.ufrrj.br\/dmsa\/files\/2015\/10\/link.png\",\"datePublished\":\"2020-10-08T14:21:38+00:00\",\"dateModified\":\"2021-03-04T14:33:26+00:00\",\"breadcrumb\":{\"@id\":\"https:\/\/institucional.ufrrj.br\/dmsa\/dispensas-finalizadas\/#breadcrumb\"},\"inLanguage\":\"pt-BR\",\"potentialAction\":[{\"@type\":\"ReadAction\",\"target\":[\"https:\/\/institucional.ufrrj.br\/dmsa\/dispensas-finalizadas\/\"]}]},{\"@type\":\"ImageObject\",\"inLanguage\":\"pt-BR\",\"@id\":\"https:\/\/institucional.ufrrj.br\/dmsa\/dispensas-finalizadas\/#primaryimage\",\"url\":\"http:\/\/institucional.ufrrj.br\/dmsa\/files\/2015\/10\/link.png\",\"contentUrl\":\"http:\/\/institucional.ufrrj.br\/dmsa\/files\/2015\/10\/link.png\"},{\"@type\":\"BreadcrumbList\",\"@id\":\"https:\/\/institucional.ufrrj.br\/dmsa\/dispensas-finalizadas\/#breadcrumb\",\"itemListElement\":[{\"@type\":\"ListItem\",\"position\":1,\"name\":\"In\u00edcio\",\"item\":\"https:\/\/institucional.ufrrj.br\/dmsa\/\"},{\"@type\":\"ListItem\",\"position\":2,\"name\":\"Dispensas finalizadas\"}]},{\"@type\":\"WebSite\",\"@id\":\"https:\/\/institucional.ufrrj.br\/dmsa\/#website\",\"url\":\"https:\/\/institucional.ufrrj.br\/dmsa\/\",\"name\":\"dmsa\",\"description\":\" Site institucional.ufrrj.br\",\"potentialAction\":[{\"@type\":\"SearchAction\",\"target\":{\"@type\":\"EntryPoint\",\"urlTemplate\":\"https:\/\/institucional.ufrrj.br\/dmsa\/?s={search_term_string}\"},\"query-input\":{\"@type\":\"PropertyValueSpecification\",\"valueRequired\":true,\"valueName\":\"search_term_string\"}}],\"inLanguage\":\"pt-BR\"}]}<\/script>\n<!-- \/ Yoast SEO plugin. -->","yoast_head_json":{"title":"Dispensas finalizadas - dmsa","robots":{"index":"index","follow":"follow","max-snippet":"max-snippet:-1","max-image-preview":"max-image-preview:large","max-video-preview":"max-video-preview:-1"},"canonical":"https:\/\/institucional.ufrrj.br\/dmsa\/dispensas-finalizadas\/","og_locale":"pt_BR","og_type":"article","og_title":"Dispensas finalizadas - dmsa","og_description":"Rela\u00e7\u00e3o de processos de Dispensa de licita\u00e7\u00e3o realizados nos anos de 2017 a 2020 A UFRRJ por meio da Portaria n\u00b0 1.204\/2020, de 30 de mar\u00e7o de 2020 &#8211; GABREI regulamentou a tramita\u00e7\u00e3o de processos administrativos eletr\u00f4nicos, estabelecendo par\u00e2metros para seu funcionamento. De acordo com o documento, todos os processos administrativos cadastrados no Sistema Integrado [&hellip;]","og_url":"https:\/\/institucional.ufrrj.br\/dmsa\/dispensas-finalizadas\/","og_site_name":"dmsa","article_modified_time":"2021-03-04T14:33:26+00:00","og_image":[{"url":"http:\/\/institucional.ufrrj.br\/dmsa\/files\/2015\/10\/link.png","type":"","width":"","height":""}],"twitter_card":"summary_large_image","twitter_misc":{"Est. tempo de leitura":"1 minuto"},"schema":{"@context":"https:\/\/schema.org","@graph":[{"@type":"WebPage","@id":"https:\/\/institucional.ufrrj.br\/dmsa\/dispensas-finalizadas\/","url":"https:\/\/institucional.ufrrj.br\/dmsa\/dispensas-finalizadas\/","name":"Dispensas finalizadas - dmsa","isPartOf":{"@id":"https:\/\/institucional.ufrrj.br\/dmsa\/#website"},"primaryImageOfPage":{"@id":"https:\/\/institucional.ufrrj.br\/dmsa\/dispensas-finalizadas\/#primaryimage"},"image":{"@id":"https:\/\/institucional.ufrrj.br\/dmsa\/dispensas-finalizadas\/#primaryimage"},"thumbnailUrl":"http:\/\/institucional.ufrrj.br\/dmsa\/files\/2015\/10\/link.png","datePublished":"2020-10-08T14:21:38+00:00","dateModified":"2021-03-04T14:33:26+00:00","breadcrumb":{"@id":"https:\/\/institucional.ufrrj.br\/dmsa\/dispensas-finalizadas\/#breadcrumb"},"inLanguage":"pt-BR","potentialAction":[{"@type":"ReadAction","target":["https:\/\/institucional.ufrrj.br\/dmsa\/dispensas-finalizadas\/"]}]},{"@type":"ImageObject","inLanguage":"pt-BR","@id":"https:\/\/institucional.ufrrj.br\/dmsa\/dispensas-finalizadas\/#primaryimage","url":"http:\/\/institucional.ufrrj.br\/dmsa\/files\/2015\/10\/link.png","contentUrl":"http:\/\/institucional.ufrrj.br\/dmsa\/files\/2015\/10\/link.png"},{"@type":"BreadcrumbList","@id":"https:\/\/institucional.ufrrj.br\/dmsa\/dispensas-finalizadas\/#breadcrumb","itemListElement":[{"@type":"ListItem","position":1,"name":"In\u00edcio","item":"https:\/\/institucional.ufrrj.br\/dmsa\/"},{"@type":"ListItem","position":2,"name":"Dispensas finalizadas"}]},{"@type":"WebSite","@id":"https:\/\/institucional.ufrrj.br\/dmsa\/#website","url":"https:\/\/institucional.ufrrj.br\/dmsa\/","name":"dmsa","description":" Site institucional.ufrrj.br","potentialAction":[{"@type":"SearchAction","target":{"@type":"EntryPoint","urlTemplate":"https:\/\/institucional.ufrrj.br\/dmsa\/?s={search_term_string}"},"query-input":{"@type":"PropertyValueSpecification","valueRequired":true,"valueName":"search_term_string"}}],"inLanguage":"pt-BR"}]}},"_links":{"self":[{"href":"https:\/\/institucional.ufrrj.br\/dmsa\/wp-json\/wp\/v2\/pages\/21102","targetHints":{"allow":["GET"]}}],"collection":[{"href":"https:\/\/institucional.ufrrj.br\/dmsa\/wp-json\/wp\/v2\/pages"}],"about":[{"href":"https:\/\/institucional.ufrrj.br\/dmsa\/wp-json\/wp\/v2\/types\/page"}],"author":[{"embeddable":true,"href":"https:\/\/institucional.ufrrj.br\/dmsa\/wp-json\/wp\/v2\/users\/634"}],"replies":[{"embeddable":true,"href":"https:\/\/institucional.ufrrj.br\/dmsa\/wp-json\/wp\/v2\/comments?post=21102"}],"version-history":[{"count":10,"href":"https:\/\/institucional.ufrrj.br\/dmsa\/wp-json\/wp\/v2\/pages\/21102\/revisions"}],"predecessor-version":[{"id":21686,"href":"https:\/\/institucional.ufrrj.br\/dmsa\/wp-json\/wp\/v2\/pages\/21102\/revisions\/21686"}],"wp:attachment":[{"href":"https:\/\/institucional.ufrrj.br\/dmsa\/wp-json\/wp\/v2\/media?parent=21102"}],"curies":[{"name":"wp","href":"https:\/\/api.w.org\/{rel}","templated":true}]}}