{"id":20847,"date":"2020-07-29T15:47:23","date_gmt":"2020-07-29T18:47:23","guid":{"rendered":"http:\/\/institucional.ufrrj.br\/dmsa\/?page_id=20847"},"modified":"2022-05-23T09:27:43","modified_gmt":"2022-05-23T12:27:43","slug":"rdc-em-aberto","status":"publish","type":"page","link":"https:\/\/institucional.ufrrj.br\/dmsa\/rdc-em-aberto\/","title":{"rendered":"RDC em Aberto"},"content":{"rendered":"<p><strong>RDC n\u00ba 01\/2022<\/strong><\/p>\n<p><strong>Contrata\u00e7\u00e3o de empresa especializada para a constru\u00e7\u00e3o de instala\u00e7\u00f5es de acessibilidade no complexo de pr\u00e9dios<br \/>\ndo IE, ICHS e ICSA, no Campus Serop\u00e9dica da UFRRJ.<\/strong><\/p>\n<p>N\u00ba Processo: 23083.023403\/2022-73<\/p>\n<p>Data da abertura: <strong>14\/06\/2022 \u00e0s 10:00 h<\/strong><\/p>\n<p>Local: Portal de Compras do Governo Federal \u2013 www.comprasgovernamentais.gov.br<\/p>\n<p>Ler atentamente o edital e outras informa\u00e7\u00f5es clicando aqui\u00a0<a href=\"https:\/\/institucional.ufrrj.br\/dmsa\/files\/2022\/05\/Edital-RDC-01-2022-2.zip\" rel=\"attachment wp-att-198\"><img loading=\"lazy\" decoding=\"async\" class=\"alignnone wp-image-198\" src=\"https:\/\/institucional.ufrrj.br\/dmsa\/files\/2013\/01\/pdf1.png\" alt=\"\" width=\"25\" height=\"27\" \/><\/a><\/p>\n<p>&nbsp;<\/p>\n<p>&nbsp;<\/p>\n<p>&nbsp;<\/p>\n<p>&nbsp;<\/p>\n","protected":false},"excerpt":{"rendered":"<p>RDC n\u00ba 01\/2022 Contrata\u00e7\u00e3o de empresa especializada para a constru\u00e7\u00e3o de instala\u00e7\u00f5es de acessibilidade no complexo de pr\u00e9dios do IE, ICHS e ICSA, no Campus Serop\u00e9dica da UFRRJ. N\u00ba Processo: 23083.023403\/2022-73 Data da abertura: 14\/06\/2022 \u00e0s 10:00 h Local: Portal de Compras do Governo Federal \u2013 www.comprasgovernamentais.gov.br Ler atentamente o edital e outras informa\u00e7\u00f5es clicando [&hellip;]<\/p>\n","protected":false},"author":728,"featured_media":0,"parent":0,"menu_order":0,"comment_status":"closed","ping_status":"closed","template":"","meta":{"footnotes":""},"class_list":["post-20847","page","type-page","status-publish","hentry"],"yoast_head":"<!-- This site is optimized with the Yoast SEO plugin v27.2 - https:\/\/yoast.com\/product\/yoast-seo-wordpress\/ -->\n<title>RDC em Aberto - dmsa<\/title>\n<meta name=\"robots\" content=\"index, follow, max-snippet:-1, max-image-preview:large, max-video-preview:-1\" \/>\n<link rel=\"canonical\" href=\"https:\/\/institucional.ufrrj.br\/dmsa\/rdc-em-aberto\/\" \/>\n<meta property=\"og:locale\" content=\"pt_BR\" \/>\n<meta property=\"og:type\" content=\"article\" \/>\n<meta property=\"og:title\" content=\"RDC em Aberto - dmsa\" \/>\n<meta property=\"og:description\" content=\"RDC n\u00ba 01\/2022 Contrata\u00e7\u00e3o de empresa especializada para a constru\u00e7\u00e3o de instala\u00e7\u00f5es de acessibilidade no complexo de pr\u00e9dios do IE, ICHS e ICSA, no Campus Serop\u00e9dica da UFRRJ. N\u00ba Processo: 23083.023403\/2022-73 Data da abertura: 14\/06\/2022 \u00e0s 10:00 h Local: Portal de Compras do Governo Federal \u2013 www.comprasgovernamentais.gov.br Ler atentamente o edital e outras informa\u00e7\u00f5es clicando [&hellip;]\" \/>\n<meta property=\"og:url\" content=\"https:\/\/institucional.ufrrj.br\/dmsa\/rdc-em-aberto\/\" \/>\n<meta property=\"og:site_name\" content=\"dmsa\" \/>\n<meta property=\"article:modified_time\" content=\"2022-05-23T12:27:43+00:00\" \/>\n<meta property=\"og:image\" content=\"http:\/\/institucional.ufrrj.br\/dmsa\/files\/2013\/01\/pdf1.png\" \/>\n<meta name=\"twitter:card\" content=\"summary_large_image\" \/>\n<script type=\"application\/ld+json\" class=\"yoast-schema-graph\">{\"@context\":\"https:\/\/schema.org\",\"@graph\":[{\"@type\":\"WebPage\",\"@id\":\"https:\/\/institucional.ufrrj.br\/dmsa\/rdc-em-aberto\/\",\"url\":\"https:\/\/institucional.ufrrj.br\/dmsa\/rdc-em-aberto\/\",\"name\":\"RDC em Aberto - dmsa\",\"isPartOf\":{\"@id\":\"https:\/\/institucional.ufrrj.br\/dmsa\/#website\"},\"primaryImageOfPage\":{\"@id\":\"https:\/\/institucional.ufrrj.br\/dmsa\/rdc-em-aberto\/#primaryimage\"},\"image\":{\"@id\":\"https:\/\/institucional.ufrrj.br\/dmsa\/rdc-em-aberto\/#primaryimage\"},\"thumbnailUrl\":\"http:\/\/institucional.ufrrj.br\/dmsa\/files\/2013\/01\/pdf1.png\",\"datePublished\":\"2020-07-29T18:47:23+00:00\",\"dateModified\":\"2022-05-23T12:27:43+00:00\",\"breadcrumb\":{\"@id\":\"https:\/\/institucional.ufrrj.br\/dmsa\/rdc-em-aberto\/#breadcrumb\"},\"inLanguage\":\"pt-BR\",\"potentialAction\":[{\"@type\":\"ReadAction\",\"target\":[\"https:\/\/institucional.ufrrj.br\/dmsa\/rdc-em-aberto\/\"]}]},{\"@type\":\"ImageObject\",\"inLanguage\":\"pt-BR\",\"@id\":\"https:\/\/institucional.ufrrj.br\/dmsa\/rdc-em-aberto\/#primaryimage\",\"url\":\"http:\/\/institucional.ufrrj.br\/dmsa\/files\/2013\/01\/pdf1.png\",\"contentUrl\":\"http:\/\/institucional.ufrrj.br\/dmsa\/files\/2013\/01\/pdf1.png\"},{\"@type\":\"BreadcrumbList\",\"@id\":\"https:\/\/institucional.ufrrj.br\/dmsa\/rdc-em-aberto\/#breadcrumb\",\"itemListElement\":[{\"@type\":\"ListItem\",\"position\":1,\"name\":\"In\u00edcio\",\"item\":\"https:\/\/institucional.ufrrj.br\/dmsa\/\"},{\"@type\":\"ListItem\",\"position\":2,\"name\":\"RDC em Aberto\"}]},{\"@type\":\"WebSite\",\"@id\":\"https:\/\/institucional.ufrrj.br\/dmsa\/#website\",\"url\":\"https:\/\/institucional.ufrrj.br\/dmsa\/\",\"name\":\"dmsa\",\"description\":\" Site institucional.ufrrj.br\",\"potentialAction\":[{\"@type\":\"SearchAction\",\"target\":{\"@type\":\"EntryPoint\",\"urlTemplate\":\"https:\/\/institucional.ufrrj.br\/dmsa\/?s={search_term_string}\"},\"query-input\":{\"@type\":\"PropertyValueSpecification\",\"valueRequired\":true,\"valueName\":\"search_term_string\"}}],\"inLanguage\":\"pt-BR\"}]}<\/script>\n<!-- \/ Yoast SEO plugin. -->","yoast_head_json":{"title":"RDC em Aberto - dmsa","robots":{"index":"index","follow":"follow","max-snippet":"max-snippet:-1","max-image-preview":"max-image-preview:large","max-video-preview":"max-video-preview:-1"},"canonical":"https:\/\/institucional.ufrrj.br\/dmsa\/rdc-em-aberto\/","og_locale":"pt_BR","og_type":"article","og_title":"RDC em Aberto - dmsa","og_description":"RDC n\u00ba 01\/2022 Contrata\u00e7\u00e3o de empresa especializada para a constru\u00e7\u00e3o de instala\u00e7\u00f5es de acessibilidade no complexo de pr\u00e9dios do IE, ICHS e ICSA, no Campus Serop\u00e9dica da UFRRJ. N\u00ba Processo: 23083.023403\/2022-73 Data da abertura: 14\/06\/2022 \u00e0s 10:00 h Local: Portal de Compras do Governo Federal \u2013 www.comprasgovernamentais.gov.br Ler atentamente o edital e outras informa\u00e7\u00f5es clicando [&hellip;]","og_url":"https:\/\/institucional.ufrrj.br\/dmsa\/rdc-em-aberto\/","og_site_name":"dmsa","article_modified_time":"2022-05-23T12:27:43+00:00","og_image":[{"url":"http:\/\/institucional.ufrrj.br\/dmsa\/files\/2013\/01\/pdf1.png","type":"","width":"","height":""}],"twitter_card":"summary_large_image","schema":{"@context":"https:\/\/schema.org","@graph":[{"@type":"WebPage","@id":"https:\/\/institucional.ufrrj.br\/dmsa\/rdc-em-aberto\/","url":"https:\/\/institucional.ufrrj.br\/dmsa\/rdc-em-aberto\/","name":"RDC em Aberto - dmsa","isPartOf":{"@id":"https:\/\/institucional.ufrrj.br\/dmsa\/#website"},"primaryImageOfPage":{"@id":"https:\/\/institucional.ufrrj.br\/dmsa\/rdc-em-aberto\/#primaryimage"},"image":{"@id":"https:\/\/institucional.ufrrj.br\/dmsa\/rdc-em-aberto\/#primaryimage"},"thumbnailUrl":"http:\/\/institucional.ufrrj.br\/dmsa\/files\/2013\/01\/pdf1.png","datePublished":"2020-07-29T18:47:23+00:00","dateModified":"2022-05-23T12:27:43+00:00","breadcrumb":{"@id":"https:\/\/institucional.ufrrj.br\/dmsa\/rdc-em-aberto\/#breadcrumb"},"inLanguage":"pt-BR","potentialAction":[{"@type":"ReadAction","target":["https:\/\/institucional.ufrrj.br\/dmsa\/rdc-em-aberto\/"]}]},{"@type":"ImageObject","inLanguage":"pt-BR","@id":"https:\/\/institucional.ufrrj.br\/dmsa\/rdc-em-aberto\/#primaryimage","url":"http:\/\/institucional.ufrrj.br\/dmsa\/files\/2013\/01\/pdf1.png","contentUrl":"http:\/\/institucional.ufrrj.br\/dmsa\/files\/2013\/01\/pdf1.png"},{"@type":"BreadcrumbList","@id":"https:\/\/institucional.ufrrj.br\/dmsa\/rdc-em-aberto\/#breadcrumb","itemListElement":[{"@type":"ListItem","position":1,"name":"In\u00edcio","item":"https:\/\/institucional.ufrrj.br\/dmsa\/"},{"@type":"ListItem","position":2,"name":"RDC em Aberto"}]},{"@type":"WebSite","@id":"https:\/\/institucional.ufrrj.br\/dmsa\/#website","url":"https:\/\/institucional.ufrrj.br\/dmsa\/","name":"dmsa","description":" Site institucional.ufrrj.br","potentialAction":[{"@type":"SearchAction","target":{"@type":"EntryPoint","urlTemplate":"https:\/\/institucional.ufrrj.br\/dmsa\/?s={search_term_string}"},"query-input":{"@type":"PropertyValueSpecification","valueRequired":true,"valueName":"search_term_string"}}],"inLanguage":"pt-BR"}]}},"_links":{"self":[{"href":"https:\/\/institucional.ufrrj.br\/dmsa\/wp-json\/wp\/v2\/pages\/20847","targetHints":{"allow":["GET"]}}],"collection":[{"href":"https:\/\/institucional.ufrrj.br\/dmsa\/wp-json\/wp\/v2\/pages"}],"about":[{"href":"https:\/\/institucional.ufrrj.br\/dmsa\/wp-json\/wp\/v2\/types\/page"}],"author":[{"embeddable":true,"href":"https:\/\/institucional.ufrrj.br\/dmsa\/wp-json\/wp\/v2\/users\/728"}],"replies":[{"embeddable":true,"href":"https:\/\/institucional.ufrrj.br\/dmsa\/wp-json\/wp\/v2\/comments?post=20847"}],"version-history":[{"count":23,"href":"https:\/\/institucional.ufrrj.br\/dmsa\/wp-json\/wp\/v2\/pages\/20847\/revisions"}],"predecessor-version":[{"id":23048,"href":"https:\/\/institucional.ufrrj.br\/dmsa\/wp-json\/wp\/v2\/pages\/20847\/revisions\/23048"}],"wp:attachment":[{"href":"https:\/\/institucional.ufrrj.br\/dmsa\/wp-json\/wp\/v2\/media?parent=20847"}],"curies":[{"name":"wp","href":"https:\/\/api.w.org\/{rel}","templated":true}]}}