{"id":614,"date":"2020-03-09T18:35:54","date_gmt":"2020-03-09T18:35:54","guid":{"rendered":"http:\/\/institucional.ufrrj.br\/dgv\/?page_id=614"},"modified":"2020-03-09T18:41:27","modified_gmt":"2020-03-09T18:41:27","slug":"ocorrencias-2019","status":"publish","type":"page","link":"https:\/\/institucional.ufrrj.br\/dgv\/ocorrencias\/ocorrencias-2019\/","title":{"rendered":"Ocorr\u00eancias 2019"},"content":{"rendered":"<p><a href=\"https:\/\/institucional.ufrrj.br\/dgv\/files\/2020\/03\/Localiza\u00e7\u00e3o-das-ocorr\u00eancias-de-2019-no-Campus.pdf\">Localiza\u00e7\u00e3o das ocorr\u00eancias de 2019 no Campus<\/a><\/p>\n<p><a href=\"https:\/\/institucional.ufrrj.br\/dgv\/files\/2020\/03\/Descri\u00e7\u00e3o-das-Ocorr\u00eancias-de-2019.pdf\">Descri\u00e7\u00e3o das Ocorr\u00eancias de 2019<\/a><\/p>\n<p><a href=\"https:\/\/institucional.ufrrj.br\/dgv\/files\/2020\/03\/Quantidades-2019.pdf\">Quantidades de Ocorr\u00eancias de 2019<\/a><\/p>\n<p><a href=\"https:\/\/institucional.ufrrj.br\/dgv\/files\/2020\/03\/Ocorr\u00eancias-2019.png\"><img loading=\"lazy\" decoding=\"async\" class=\"alignnone size-medium wp-image-619\" src=\"https:\/\/institucional.ufrrj.br\/dgv\/files\/2020\/03\/Ocorr\u00eancias-2019-300x197.png\" alt=\"\" width=\"300\" height=\"197\" srcset=\"https:\/\/institucional.ufrrj.br\/dgv\/files\/2020\/03\/Ocorr\u00eancias-2019-300x197.png 300w, https:\/\/institucional.ufrrj.br\/dgv\/files\/2020\/03\/Ocorr\u00eancias-2019.png 644w\" sizes=\"auto, (max-width: 300px) 100vw, 300px\" \/><\/a><\/p>\n","protected":false},"excerpt":{"rendered":"<p>Localiza\u00e7\u00e3o das ocorr\u00eancias de 2019 no Campus Descri\u00e7\u00e3o das Ocorr\u00eancias de 2019 Quantidades de Ocorr\u00eancias de 2019<\/p>\n","protected":false},"author":755,"featured_media":0,"parent":14,"menu_order":0,"comment_status":"closed","ping_status":"closed","template":"","meta":{"_acf_changed":false,"footnotes":""},"class_list":["post-614","page","type-page","status-publish","hentry"],"yoast_head":"<!-- This site is optimized with the Yoast SEO plugin v27.2 - https:\/\/yoast.com\/product\/yoast-seo-wordpress\/ -->\n<title>Ocorr\u00eancias 2019 - Divis\u00e3o de Guarda e Vigil\u00e2ncia<\/title>\n<meta name=\"robots\" content=\"index, follow, max-snippet:-1, max-image-preview:large, max-video-preview:-1\" \/>\n<link rel=\"canonical\" href=\"https:\/\/institucional.ufrrj.br\/dgv\/ocorrencias\/ocorrencias-2019\/\" \/>\n<meta property=\"og:locale\" content=\"pt_BR\" \/>\n<meta property=\"og:type\" content=\"article\" \/>\n<meta property=\"og:title\" content=\"Ocorr\u00eancias 2019 - Divis\u00e3o de Guarda e Vigil\u00e2ncia\" \/>\n<meta property=\"og:description\" content=\"Localiza\u00e7\u00e3o das ocorr\u00eancias de 2019 no Campus Descri\u00e7\u00e3o das Ocorr\u00eancias de 2019 Quantidades de Ocorr\u00eancias de 2019\" \/>\n<meta property=\"og:url\" content=\"https:\/\/institucional.ufrrj.br\/dgv\/ocorrencias\/ocorrencias-2019\/\" \/>\n<meta property=\"og:site_name\" content=\"Divis\u00e3o de Guarda e Vigil\u00e2ncia\" \/>\n<meta property=\"article:modified_time\" content=\"2020-03-09T18:41:27+00:00\" \/>\n<meta name=\"twitter:card\" content=\"summary_large_image\" \/>\n<script type=\"application\/ld+json\" class=\"yoast-schema-graph\">{\"@context\":\"https:\/\/schema.org\",\"@graph\":[{\"@type\":\"WebPage\",\"@id\":\"https:\/\/institucional.ufrrj.br\/dgv\/ocorrencias\/ocorrencias-2019\/\",\"url\":\"https:\/\/institucional.ufrrj.br\/dgv\/ocorrencias\/ocorrencias-2019\/\",\"name\":\"Ocorr\u00eancias 2019 - Divis\u00e3o de Guarda e Vigil\u00e2ncia\",\"isPartOf\":{\"@id\":\"https:\/\/institucional.ufrrj.br\/dgv\/#website\"},\"datePublished\":\"2020-03-09T18:35:54+00:00\",\"dateModified\":\"2020-03-09T18:41:27+00:00\",\"breadcrumb\":{\"@id\":\"https:\/\/institucional.ufrrj.br\/dgv\/ocorrencias\/ocorrencias-2019\/#breadcrumb\"},\"inLanguage\":\"pt-BR\",\"potentialAction\":[{\"@type\":\"ReadAction\",\"target\":[\"https:\/\/institucional.ufrrj.br\/dgv\/ocorrencias\/ocorrencias-2019\/\"]}]},{\"@type\":\"BreadcrumbList\",\"@id\":\"https:\/\/institucional.ufrrj.br\/dgv\/ocorrencias\/ocorrencias-2019\/#breadcrumb\",\"itemListElement\":[{\"@type\":\"ListItem\",\"position\":1,\"name\":\"In\u00edcio\",\"item\":\"https:\/\/institucional.ufrrj.br\/dgv\/\"},{\"@type\":\"ListItem\",\"position\":2,\"name\":\"Ocorr\u00eancias\",\"item\":\"https:\/\/institucional.ufrrj.br\/dgv\/ocorrencias\/\"},{\"@type\":\"ListItem\",\"position\":3,\"name\":\"Ocorr\u00eancias 2019\"}]},{\"@type\":\"WebSite\",\"@id\":\"https:\/\/institucional.ufrrj.br\/dgv\/#website\",\"url\":\"https:\/\/institucional.ufrrj.br\/dgv\/\",\"name\":\"Divis\u00e3o de Guarda e Vigil\u00e2ncia\",\"description\":\"Universidade Ferderal Rural do Rio de Janeiro \u2013 UFRRJ\",\"potentialAction\":[{\"@type\":\"SearchAction\",\"target\":{\"@type\":\"EntryPoint\",\"urlTemplate\":\"https:\/\/institucional.ufrrj.br\/dgv\/?s={search_term_string}\"},\"query-input\":{\"@type\":\"PropertyValueSpecification\",\"valueRequired\":true,\"valueName\":\"search_term_string\"}}],\"inLanguage\":\"pt-BR\"}]}<\/script>\n<!-- \/ Yoast SEO plugin. -->","yoast_head_json":{"title":"Ocorr\u00eancias 2019 - Divis\u00e3o de Guarda e Vigil\u00e2ncia","robots":{"index":"index","follow":"follow","max-snippet":"max-snippet:-1","max-image-preview":"max-image-preview:large","max-video-preview":"max-video-preview:-1"},"canonical":"https:\/\/institucional.ufrrj.br\/dgv\/ocorrencias\/ocorrencias-2019\/","og_locale":"pt_BR","og_type":"article","og_title":"Ocorr\u00eancias 2019 - Divis\u00e3o de Guarda e Vigil\u00e2ncia","og_description":"Localiza\u00e7\u00e3o das ocorr\u00eancias de 2019 no Campus Descri\u00e7\u00e3o das Ocorr\u00eancias de 2019 Quantidades de Ocorr\u00eancias de 2019","og_url":"https:\/\/institucional.ufrrj.br\/dgv\/ocorrencias\/ocorrencias-2019\/","og_site_name":"Divis\u00e3o de Guarda e Vigil\u00e2ncia","article_modified_time":"2020-03-09T18:41:27+00:00","twitter_card":"summary_large_image","schema":{"@context":"https:\/\/schema.org","@graph":[{"@type":"WebPage","@id":"https:\/\/institucional.ufrrj.br\/dgv\/ocorrencias\/ocorrencias-2019\/","url":"https:\/\/institucional.ufrrj.br\/dgv\/ocorrencias\/ocorrencias-2019\/","name":"Ocorr\u00eancias 2019 - Divis\u00e3o de Guarda e Vigil\u00e2ncia","isPartOf":{"@id":"https:\/\/institucional.ufrrj.br\/dgv\/#website"},"datePublished":"2020-03-09T18:35:54+00:00","dateModified":"2020-03-09T18:41:27+00:00","breadcrumb":{"@id":"https:\/\/institucional.ufrrj.br\/dgv\/ocorrencias\/ocorrencias-2019\/#breadcrumb"},"inLanguage":"pt-BR","potentialAction":[{"@type":"ReadAction","target":["https:\/\/institucional.ufrrj.br\/dgv\/ocorrencias\/ocorrencias-2019\/"]}]},{"@type":"BreadcrumbList","@id":"https:\/\/institucional.ufrrj.br\/dgv\/ocorrencias\/ocorrencias-2019\/#breadcrumb","itemListElement":[{"@type":"ListItem","position":1,"name":"In\u00edcio","item":"https:\/\/institucional.ufrrj.br\/dgv\/"},{"@type":"ListItem","position":2,"name":"Ocorr\u00eancias","item":"https:\/\/institucional.ufrrj.br\/dgv\/ocorrencias\/"},{"@type":"ListItem","position":3,"name":"Ocorr\u00eancias 2019"}]},{"@type":"WebSite","@id":"https:\/\/institucional.ufrrj.br\/dgv\/#website","url":"https:\/\/institucional.ufrrj.br\/dgv\/","name":"Divis\u00e3o de Guarda e Vigil\u00e2ncia","description":"Universidade Ferderal Rural do Rio de Janeiro \u2013 UFRRJ","potentialAction":[{"@type":"SearchAction","target":{"@type":"EntryPoint","urlTemplate":"https:\/\/institucional.ufrrj.br\/dgv\/?s={search_term_string}"},"query-input":{"@type":"PropertyValueSpecification","valueRequired":true,"valueName":"search_term_string"}}],"inLanguage":"pt-BR"}]}},"acf":[],"_links":{"self":[{"href":"https:\/\/institucional.ufrrj.br\/dgv\/wp-json\/wp\/v2\/pages\/614","targetHints":{"allow":["GET"]}}],"collection":[{"href":"https:\/\/institucional.ufrrj.br\/dgv\/wp-json\/wp\/v2\/pages"}],"about":[{"href":"https:\/\/institucional.ufrrj.br\/dgv\/wp-json\/wp\/v2\/types\/page"}],"author":[{"embeddable":true,"href":"https:\/\/institucional.ufrrj.br\/dgv\/wp-json\/wp\/v2\/users\/755"}],"replies":[{"embeddable":true,"href":"https:\/\/institucional.ufrrj.br\/dgv\/wp-json\/wp\/v2\/comments?post=614"}],"version-history":[{"count":4,"href":"https:\/\/institucional.ufrrj.br\/dgv\/wp-json\/wp\/v2\/pages\/614\/revisions"}],"predecessor-version":[{"id":625,"href":"https:\/\/institucional.ufrrj.br\/dgv\/wp-json\/wp\/v2\/pages\/614\/revisions\/625"}],"up":[{"embeddable":true,"href":"https:\/\/institucional.ufrrj.br\/dgv\/wp-json\/wp\/v2\/pages\/14"}],"wp:attachment":[{"href":"https:\/\/institucional.ufrrj.br\/dgv\/wp-json\/wp\/v2\/media?parent=614"}],"curies":[{"name":"wp","href":"https:\/\/api.w.org\/{rel}","templated":true}]}}