{"id":555,"date":"2019-01-10T12:11:09","date_gmt":"2019-01-10T12:11:09","guid":{"rendered":"http:\/\/institucional.ufrrj.br\/dgv\/?page_id=555"},"modified":"2019-02-04T17:44:13","modified_gmt":"2019-02-04T17:44:13","slug":"ocorrencias-2017","status":"publish","type":"page","link":"https:\/\/institucional.ufrrj.br\/dgv\/ocorrencias\/ocorrencias-2017\/","title":{"rendered":"Ocorr\u00eancias 2017"},"content":{"rendered":"<p><a href=\"https:\/\/institucional.ufrrj.br\/dgv\/files\/2015\/07\/pdf.gif\"><img loading=\"lazy\" decoding=\"async\" class=\"alignnone size-full wp-image-68\" src=\"https:\/\/institucional.ufrrj.br\/dgv\/files\/2015\/07\/pdf.gif\" alt=\"pdf\" width=\"40\" height=\"14\" \/><\/a>\u00a0\u00a0<a href=\"https:\/\/institucional.ufrrj.br\/dgv\/files\/2019\/01\/Localiza\u00e7\u00e3o-das-ocorr\u00eancias-de-2017-no-Campus-.pdf\">Localiza\u00e7\u00e3o das ocorr\u00eancias de 2017 no <em>campus<\/em><\/a><\/p>\n<p><a href=\"https:\/\/institucional.ufrrj.br\/dgv\/files\/2015\/07\/pdf.gif\"><img loading=\"lazy\" decoding=\"async\" class=\"alignnone size-full wp-image-68\" src=\"https:\/\/institucional.ufrrj.br\/dgv\/files\/2015\/07\/pdf.gif\" alt=\"pdf\" width=\"40\" height=\"14\" \/><\/a>\u00a0\u00a0<a href=\"https:\/\/institucional.ufrrj.br\/dgv\/files\/2019\/01\/Quantidades-das-ocorr\u00eancias-de-2017.pdf\">Quantidades das ocorr\u00eancias de 2017<\/a><\/p>\n<p><a href=\"https:\/\/institucional.ufrrj.br\/dgv\/files\/2015\/07\/pdf.gif\"><img loading=\"lazy\" decoding=\"async\" class=\"alignnone size-full wp-image-68\" src=\"https:\/\/institucional.ufrrj.br\/dgv\/files\/2015\/07\/pdf.gif\" alt=\"pdf\" width=\"40\" height=\"14\" \/><\/a>\u00a0 <a href=\"https:\/\/institucional.ufrrj.br\/dgv\/files\/2019\/02\/Descri\u00e7\u00e3o-das-Ocorr\u00eancias-de-2017.pdf\">Descri\u00e7\u00e3o das Ocorr\u00eancias de 2017<\/a><\/p>\n<p><a href=\"https:\/\/institucional.ufrrj.br\/dgv\/files\/2019\/01\/Gr\u00e1fico-das-ocorr\u00eancias-2017-.png\"><img loading=\"lazy\" decoding=\"async\" src=\"https:\/\/institucional.ufrrj.br\/dgv\/files\/2019\/01\/Gr\u00e1fico-das-ocorr\u00eancias-2017--300x194.png\" alt=\"\" width=\"300\" height=\"194\" class=\"alignnone size-medium wp-image-552\" srcset=\"https:\/\/institucional.ufrrj.br\/dgv\/files\/2019\/01\/Gr\u00e1fico-das-ocorr\u00eancias-2017--300x194.png 300w, https:\/\/institucional.ufrrj.br\/dgv\/files\/2019\/01\/Gr\u00e1fico-das-ocorr\u00eancias-2017--768x496.png 768w, https:\/\/institucional.ufrrj.br\/dgv\/files\/2019\/01\/Gr\u00e1fico-das-ocorr\u00eancias-2017--1024x661.png 1024w, https:\/\/institucional.ufrrj.br\/dgv\/files\/2019\/01\/Gr\u00e1fico-das-ocorr\u00eancias-2017-.png 1286w\" sizes=\"auto, (max-width: 300px) 100vw, 300px\" \/><\/a><\/p>\n","protected":false},"excerpt":{"rendered":"<p>\u00a0\u00a0Localiza\u00e7\u00e3o das ocorr\u00eancias de 2017 no campus \u00a0\u00a0Quantidades das ocorr\u00eancias de 2017 \u00a0 Descri\u00e7\u00e3o das Ocorr\u00eancias de 2017<\/p>\n","protected":false},"author":444,"featured_media":0,"parent":14,"menu_order":0,"comment_status":"closed","ping_status":"closed","template":"","meta":{"_acf_changed":false,"footnotes":""},"class_list":["post-555","page","type-page","status-publish","hentry"],"yoast_head":"<!-- This site is optimized with the Yoast SEO plugin v27.2 - https:\/\/yoast.com\/product\/yoast-seo-wordpress\/ -->\n<title>Ocorr\u00eancias 2017 - Divis\u00e3o de Guarda e Vigil\u00e2ncia<\/title>\n<meta name=\"robots\" content=\"index, follow, max-snippet:-1, max-image-preview:large, max-video-preview:-1\" \/>\n<link rel=\"canonical\" href=\"https:\/\/institucional.ufrrj.br\/dgv\/ocorrencias\/ocorrencias-2017\/\" \/>\n<meta property=\"og:locale\" content=\"pt_BR\" \/>\n<meta property=\"og:type\" content=\"article\" \/>\n<meta property=\"og:title\" content=\"Ocorr\u00eancias 2017 - Divis\u00e3o de Guarda e Vigil\u00e2ncia\" \/>\n<meta property=\"og:description\" content=\"\u00a0\u00a0Localiza\u00e7\u00e3o das ocorr\u00eancias de 2017 no campus \u00a0\u00a0Quantidades das ocorr\u00eancias de 2017 \u00a0 Descri\u00e7\u00e3o das Ocorr\u00eancias de 2017\" \/>\n<meta property=\"og:url\" content=\"https:\/\/institucional.ufrrj.br\/dgv\/ocorrencias\/ocorrencias-2017\/\" \/>\n<meta property=\"og:site_name\" content=\"Divis\u00e3o de Guarda e Vigil\u00e2ncia\" \/>\n<meta property=\"article:modified_time\" content=\"2019-02-04T17:44:13+00:00\" \/>\n<meta property=\"og:image\" content=\"http:\/\/institucional.ufrrj.br\/dgv\/files\/2015\/07\/pdf.gif\" \/>\n<meta name=\"twitter:card\" content=\"summary_large_image\" \/>\n<script type=\"application\/ld+json\" class=\"yoast-schema-graph\">{\"@context\":\"https:\/\/schema.org\",\"@graph\":[{\"@type\":\"WebPage\",\"@id\":\"https:\/\/institucional.ufrrj.br\/dgv\/ocorrencias\/ocorrencias-2017\/\",\"url\":\"https:\/\/institucional.ufrrj.br\/dgv\/ocorrencias\/ocorrencias-2017\/\",\"name\":\"Ocorr\u00eancias 2017 - Divis\u00e3o de Guarda e Vigil\u00e2ncia\",\"isPartOf\":{\"@id\":\"https:\/\/institucional.ufrrj.br\/dgv\/#website\"},\"primaryImageOfPage\":{\"@id\":\"https:\/\/institucional.ufrrj.br\/dgv\/ocorrencias\/ocorrencias-2017\/#primaryimage\"},\"image\":{\"@id\":\"https:\/\/institucional.ufrrj.br\/dgv\/ocorrencias\/ocorrencias-2017\/#primaryimage\"},\"thumbnailUrl\":\"http:\/\/institucional.ufrrj.br\/dgv\/files\/2015\/07\/pdf.gif\",\"datePublished\":\"2019-01-10T12:11:09+00:00\",\"dateModified\":\"2019-02-04T17:44:13+00:00\",\"breadcrumb\":{\"@id\":\"https:\/\/institucional.ufrrj.br\/dgv\/ocorrencias\/ocorrencias-2017\/#breadcrumb\"},\"inLanguage\":\"pt-BR\",\"potentialAction\":[{\"@type\":\"ReadAction\",\"target\":[\"https:\/\/institucional.ufrrj.br\/dgv\/ocorrencias\/ocorrencias-2017\/\"]}]},{\"@type\":\"ImageObject\",\"inLanguage\":\"pt-BR\",\"@id\":\"https:\/\/institucional.ufrrj.br\/dgv\/ocorrencias\/ocorrencias-2017\/#primaryimage\",\"url\":\"http:\/\/institucional.ufrrj.br\/dgv\/files\/2015\/07\/pdf.gif\",\"contentUrl\":\"http:\/\/institucional.ufrrj.br\/dgv\/files\/2015\/07\/pdf.gif\"},{\"@type\":\"BreadcrumbList\",\"@id\":\"https:\/\/institucional.ufrrj.br\/dgv\/ocorrencias\/ocorrencias-2017\/#breadcrumb\",\"itemListElement\":[{\"@type\":\"ListItem\",\"position\":1,\"name\":\"In\u00edcio\",\"item\":\"https:\/\/institucional.ufrrj.br\/dgv\/\"},{\"@type\":\"ListItem\",\"position\":2,\"name\":\"Ocorr\u00eancias\",\"item\":\"https:\/\/institucional.ufrrj.br\/dgv\/ocorrencias\/\"},{\"@type\":\"ListItem\",\"position\":3,\"name\":\"Ocorr\u00eancias 2017\"}]},{\"@type\":\"WebSite\",\"@id\":\"https:\/\/institucional.ufrrj.br\/dgv\/#website\",\"url\":\"https:\/\/institucional.ufrrj.br\/dgv\/\",\"name\":\"Divis\u00e3o de Guarda e Vigil\u00e2ncia\",\"description\":\"Universidade Ferderal Rural do Rio de Janeiro \u2013 UFRRJ\",\"potentialAction\":[{\"@type\":\"SearchAction\",\"target\":{\"@type\":\"EntryPoint\",\"urlTemplate\":\"https:\/\/institucional.ufrrj.br\/dgv\/?s={search_term_string}\"},\"query-input\":{\"@type\":\"PropertyValueSpecification\",\"valueRequired\":true,\"valueName\":\"search_term_string\"}}],\"inLanguage\":\"pt-BR\"}]}<\/script>\n<!-- \/ Yoast SEO plugin. -->","yoast_head_json":{"title":"Ocorr\u00eancias 2017 - Divis\u00e3o de Guarda e Vigil\u00e2ncia","robots":{"index":"index","follow":"follow","max-snippet":"max-snippet:-1","max-image-preview":"max-image-preview:large","max-video-preview":"max-video-preview:-1"},"canonical":"https:\/\/institucional.ufrrj.br\/dgv\/ocorrencias\/ocorrencias-2017\/","og_locale":"pt_BR","og_type":"article","og_title":"Ocorr\u00eancias 2017 - Divis\u00e3o de Guarda e Vigil\u00e2ncia","og_description":"\u00a0\u00a0Localiza\u00e7\u00e3o das ocorr\u00eancias de 2017 no campus \u00a0\u00a0Quantidades das ocorr\u00eancias de 2017 \u00a0 Descri\u00e7\u00e3o das Ocorr\u00eancias de 2017","og_url":"https:\/\/institucional.ufrrj.br\/dgv\/ocorrencias\/ocorrencias-2017\/","og_site_name":"Divis\u00e3o de Guarda e Vigil\u00e2ncia","article_modified_time":"2019-02-04T17:44:13+00:00","og_image":[{"url":"http:\/\/institucional.ufrrj.br\/dgv\/files\/2015\/07\/pdf.gif","type":"","width":"","height":""}],"twitter_card":"summary_large_image","schema":{"@context":"https:\/\/schema.org","@graph":[{"@type":"WebPage","@id":"https:\/\/institucional.ufrrj.br\/dgv\/ocorrencias\/ocorrencias-2017\/","url":"https:\/\/institucional.ufrrj.br\/dgv\/ocorrencias\/ocorrencias-2017\/","name":"Ocorr\u00eancias 2017 - Divis\u00e3o de Guarda e Vigil\u00e2ncia","isPartOf":{"@id":"https:\/\/institucional.ufrrj.br\/dgv\/#website"},"primaryImageOfPage":{"@id":"https:\/\/institucional.ufrrj.br\/dgv\/ocorrencias\/ocorrencias-2017\/#primaryimage"},"image":{"@id":"https:\/\/institucional.ufrrj.br\/dgv\/ocorrencias\/ocorrencias-2017\/#primaryimage"},"thumbnailUrl":"http:\/\/institucional.ufrrj.br\/dgv\/files\/2015\/07\/pdf.gif","datePublished":"2019-01-10T12:11:09+00:00","dateModified":"2019-02-04T17:44:13+00:00","breadcrumb":{"@id":"https:\/\/institucional.ufrrj.br\/dgv\/ocorrencias\/ocorrencias-2017\/#breadcrumb"},"inLanguage":"pt-BR","potentialAction":[{"@type":"ReadAction","target":["https:\/\/institucional.ufrrj.br\/dgv\/ocorrencias\/ocorrencias-2017\/"]}]},{"@type":"ImageObject","inLanguage":"pt-BR","@id":"https:\/\/institucional.ufrrj.br\/dgv\/ocorrencias\/ocorrencias-2017\/#primaryimage","url":"http:\/\/institucional.ufrrj.br\/dgv\/files\/2015\/07\/pdf.gif","contentUrl":"http:\/\/institucional.ufrrj.br\/dgv\/files\/2015\/07\/pdf.gif"},{"@type":"BreadcrumbList","@id":"https:\/\/institucional.ufrrj.br\/dgv\/ocorrencias\/ocorrencias-2017\/#breadcrumb","itemListElement":[{"@type":"ListItem","position":1,"name":"In\u00edcio","item":"https:\/\/institucional.ufrrj.br\/dgv\/"},{"@type":"ListItem","position":2,"name":"Ocorr\u00eancias","item":"https:\/\/institucional.ufrrj.br\/dgv\/ocorrencias\/"},{"@type":"ListItem","position":3,"name":"Ocorr\u00eancias 2017"}]},{"@type":"WebSite","@id":"https:\/\/institucional.ufrrj.br\/dgv\/#website","url":"https:\/\/institucional.ufrrj.br\/dgv\/","name":"Divis\u00e3o de Guarda e Vigil\u00e2ncia","description":"Universidade Ferderal Rural do Rio de Janeiro \u2013 UFRRJ","potentialAction":[{"@type":"SearchAction","target":{"@type":"EntryPoint","urlTemplate":"https:\/\/institucional.ufrrj.br\/dgv\/?s={search_term_string}"},"query-input":{"@type":"PropertyValueSpecification","valueRequired":true,"valueName":"search_term_string"}}],"inLanguage":"pt-BR"}]}},"acf":[],"_links":{"self":[{"href":"https:\/\/institucional.ufrrj.br\/dgv\/wp-json\/wp\/v2\/pages\/555","targetHints":{"allow":["GET"]}}],"collection":[{"href":"https:\/\/institucional.ufrrj.br\/dgv\/wp-json\/wp\/v2\/pages"}],"about":[{"href":"https:\/\/institucional.ufrrj.br\/dgv\/wp-json\/wp\/v2\/types\/page"}],"author":[{"embeddable":true,"href":"https:\/\/institucional.ufrrj.br\/dgv\/wp-json\/wp\/v2\/users\/444"}],"replies":[{"embeddable":true,"href":"https:\/\/institucional.ufrrj.br\/dgv\/wp-json\/wp\/v2\/comments?post=555"}],"version-history":[{"count":4,"href":"https:\/\/institucional.ufrrj.br\/dgv\/wp-json\/wp\/v2\/pages\/555\/revisions"}],"predecessor-version":[{"id":578,"href":"https:\/\/institucional.ufrrj.br\/dgv\/wp-json\/wp\/v2\/pages\/555\/revisions\/578"}],"up":[{"embeddable":true,"href":"https:\/\/institucional.ufrrj.br\/dgv\/wp-json\/wp\/v2\/pages\/14"}],"wp:attachment":[{"href":"https:\/\/institucional.ufrrj.br\/dgv\/wp-json\/wp\/v2\/media?parent=555"}],"curies":[{"name":"wp","href":"https:\/\/api.w.org\/{rel}","templated":true}]}}