{"id":5,"date":"2015-07-13T18:41:32","date_gmt":"2015-07-13T18:41:32","guid":{"rendered":"http:\/\/institucional.ufrrj.br\/dgv\/?page_id=5"},"modified":"2019-02-06T17:47:31","modified_gmt":"2019-02-06T17:47:31","slug":"sobre-a-dgv","status":"publish","type":"page","link":"https:\/\/institucional.ufrrj.br\/dgv\/sobre-a-dgv\/","title":{"rendered":"Sobre a DGV"},"content":{"rendered":"<p>&nbsp;<\/p>\n<p style=\"text-align: center\"><strong>MISS\u00c3O<\/strong><\/p>\n<p style=\"text-align: center\">\u00a0\u00a0\u00a0\u00a0\u00a0\u00a0\u00a0\u00a0\u00a0\u00a0\u00a0 Oferecer servi\u00e7os e buscar solu\u00e7\u00f5es que atendam e satisfa\u00e7am as necessidades da Comunidade Universit\u00e1ria, dentro das possibilidades de pessoal e or\u00e7ament\u00e1rias.<\/p>\n<p style=\"text-align: center\"><strong>VIS\u00c3O<\/strong><\/p>\n<p style=\"text-align: center\">\u00a0\u00a0\u00a0\u00a0\u00a0\u00a0\u00a0\u00a0\u00a0\u00a0\u00a0 Ser reconhecido no seguimento de seguran\u00e7a universit\u00e1ria, pelos servi\u00e7os prestados de maneira eficaz.<\/p>\n<p style=\"text-align: center\"><strong>OBJETIVO<\/strong><\/p>\n<p style=\"text-align: center\">\u00a0\u00a0\u00a0\u00a0\u00a0\u00a0\u00a0\u00a0\u00a0\u00a0\u00a0 Proteger e resguardar o patrim\u00f4nio p\u00fablico, bem como garantir a tranquilidade e fluidez dos servi\u00e7os prestados pela universidade atendendo-se tamb\u00e9m \u00e0 coletividade interna no que se refere \u00e0 seguran\u00e7a do <em>campus<\/em>.<\/p>\n<p style=\"text-align: center\">\n<p style=\"text-align: center\">\n<div style=\"text-align: center\"><strong>Diretor: Renan Canuto<\/strong><\/div>\n<div style=\"text-align: center\">Graduado em Gest\u00e3o de Recursos Humanos, P\u00f3s-graduado em Gest\u00e3o P\u00fablica e Legisla\u00e7\u00e3o Urbana, P\u00f3s-graduado em Gest\u00e3o de Seguran\u00e7a Corporativa, P\u00f3s-graduado em Doc\u00eancia de Seguran\u00e7a P\u00fablica, P\u00f3s-Graduado em Intelig\u00eancia e Gest\u00e3o Estrat\u00e9gica e Certifica\u00e7\u00e3o Internacional em Consultoria de Seguran\u00e7a Integral, Gest\u00e3o de Riscos e Preven\u00e7\u00e3o de Perdas-CISI<\/div>\n<div style=\"text-align: center\">Servidor da UFRRJ desde 1991<\/div>\n<div style=\"text-align: center\">Contato: canuto@ufrrj.br<\/div>\n<p>&nbsp;<\/p>\n","protected":false},"excerpt":{"rendered":"<p>&nbsp; MISS\u00c3O \u00a0\u00a0\u00a0\u00a0\u00a0\u00a0\u00a0\u00a0\u00a0\u00a0\u00a0 Oferecer servi\u00e7os e buscar solu\u00e7\u00f5es que atendam e satisfa\u00e7am as necessidades da Comunidade Universit\u00e1ria, dentro das possibilidades <a class=\"read-more leiamais\" href=\"https:\/\/institucional.ufrrj.br\/dgv\/sobre-a-dgv\/ \">&#8230; leia mais<\/a><\/p>\n","protected":false},"author":444,"featured_media":0,"parent":0,"menu_order":0,"comment_status":"open","ping_status":"open","template":"","meta":{"_acf_changed":false,"footnotes":""},"class_list":["post-5","page","type-page","status-publish","hentry"],"yoast_head":"<!-- This site is optimized with the Yoast SEO plugin v27.2 - https:\/\/yoast.com\/product\/yoast-seo-wordpress\/ -->\n<title>Sobre a DGV - Divis\u00e3o de Guarda e Vigil\u00e2ncia<\/title>\n<meta name=\"robots\" content=\"index, follow, max-snippet:-1, max-image-preview:large, max-video-preview:-1\" \/>\n<link rel=\"canonical\" href=\"https:\/\/institucional.ufrrj.br\/dgv\/sobre-a-dgv\/\" \/>\n<meta property=\"og:locale\" content=\"pt_BR\" \/>\n<meta property=\"og:type\" content=\"article\" \/>\n<meta property=\"og:title\" content=\"Sobre a DGV - Divis\u00e3o de Guarda e Vigil\u00e2ncia\" \/>\n<meta property=\"og:description\" content=\"&nbsp; MISS\u00c3O \u00a0\u00a0\u00a0\u00a0\u00a0\u00a0\u00a0\u00a0\u00a0\u00a0\u00a0 Oferecer servi\u00e7os e buscar solu\u00e7\u00f5es que atendam e satisfa\u00e7am as necessidades da Comunidade Universit\u00e1ria, dentro das possibilidades ... leia mais\" \/>\n<meta property=\"og:url\" content=\"https:\/\/institucional.ufrrj.br\/dgv\/sobre-a-dgv\/\" \/>\n<meta property=\"og:site_name\" content=\"Divis\u00e3o de Guarda e Vigil\u00e2ncia\" \/>\n<meta property=\"article:modified_time\" content=\"2019-02-06T17:47:31+00:00\" \/>\n<meta name=\"twitter:card\" content=\"summary_large_image\" \/>\n<meta name=\"twitter:label1\" content=\"Est. tempo de leitura\" \/>\n\t<meta name=\"twitter:data1\" content=\"1 minuto\" \/>\n<script type=\"application\/ld+json\" class=\"yoast-schema-graph\">{\"@context\":\"https:\/\/schema.org\",\"@graph\":[{\"@type\":\"WebPage\",\"@id\":\"https:\/\/institucional.ufrrj.br\/dgv\/sobre-a-dgv\/\",\"url\":\"https:\/\/institucional.ufrrj.br\/dgv\/sobre-a-dgv\/\",\"name\":\"Sobre a DGV - Divis\u00e3o de Guarda e Vigil\u00e2ncia\",\"isPartOf\":{\"@id\":\"https:\/\/institucional.ufrrj.br\/dgv\/#website\"},\"datePublished\":\"2015-07-13T18:41:32+00:00\",\"dateModified\":\"2019-02-06T17:47:31+00:00\",\"breadcrumb\":{\"@id\":\"https:\/\/institucional.ufrrj.br\/dgv\/sobre-a-dgv\/#breadcrumb\"},\"inLanguage\":\"pt-BR\",\"potentialAction\":[{\"@type\":\"ReadAction\",\"target\":[\"https:\/\/institucional.ufrrj.br\/dgv\/sobre-a-dgv\/\"]}]},{\"@type\":\"BreadcrumbList\",\"@id\":\"https:\/\/institucional.ufrrj.br\/dgv\/sobre-a-dgv\/#breadcrumb\",\"itemListElement\":[{\"@type\":\"ListItem\",\"position\":1,\"name\":\"In\u00edcio\",\"item\":\"https:\/\/institucional.ufrrj.br\/dgv\/\"},{\"@type\":\"ListItem\",\"position\":2,\"name\":\"Sobre a DGV\"}]},{\"@type\":\"WebSite\",\"@id\":\"https:\/\/institucional.ufrrj.br\/dgv\/#website\",\"url\":\"https:\/\/institucional.ufrrj.br\/dgv\/\",\"name\":\"Divis\u00e3o de Guarda e Vigil\u00e2ncia\",\"description\":\"Universidade Ferderal Rural do Rio de Janeiro \u2013 UFRRJ\",\"potentialAction\":[{\"@type\":\"SearchAction\",\"target\":{\"@type\":\"EntryPoint\",\"urlTemplate\":\"https:\/\/institucional.ufrrj.br\/dgv\/?s={search_term_string}\"},\"query-input\":{\"@type\":\"PropertyValueSpecification\",\"valueRequired\":true,\"valueName\":\"search_term_string\"}}],\"inLanguage\":\"pt-BR\"}]}<\/script>\n<!-- \/ Yoast SEO plugin. -->","yoast_head_json":{"title":"Sobre a DGV - Divis\u00e3o de Guarda e Vigil\u00e2ncia","robots":{"index":"index","follow":"follow","max-snippet":"max-snippet:-1","max-image-preview":"max-image-preview:large","max-video-preview":"max-video-preview:-1"},"canonical":"https:\/\/institucional.ufrrj.br\/dgv\/sobre-a-dgv\/","og_locale":"pt_BR","og_type":"article","og_title":"Sobre a DGV - Divis\u00e3o de Guarda e Vigil\u00e2ncia","og_description":"&nbsp; MISS\u00c3O \u00a0\u00a0\u00a0\u00a0\u00a0\u00a0\u00a0\u00a0\u00a0\u00a0\u00a0 Oferecer servi\u00e7os e buscar solu\u00e7\u00f5es que atendam e satisfa\u00e7am as necessidades da Comunidade Universit\u00e1ria, dentro das possibilidades ... leia mais","og_url":"https:\/\/institucional.ufrrj.br\/dgv\/sobre-a-dgv\/","og_site_name":"Divis\u00e3o de Guarda e Vigil\u00e2ncia","article_modified_time":"2019-02-06T17:47:31+00:00","twitter_card":"summary_large_image","twitter_misc":{"Est. tempo de leitura":"1 minuto"},"schema":{"@context":"https:\/\/schema.org","@graph":[{"@type":"WebPage","@id":"https:\/\/institucional.ufrrj.br\/dgv\/sobre-a-dgv\/","url":"https:\/\/institucional.ufrrj.br\/dgv\/sobre-a-dgv\/","name":"Sobre a DGV - Divis\u00e3o de Guarda e Vigil\u00e2ncia","isPartOf":{"@id":"https:\/\/institucional.ufrrj.br\/dgv\/#website"},"datePublished":"2015-07-13T18:41:32+00:00","dateModified":"2019-02-06T17:47:31+00:00","breadcrumb":{"@id":"https:\/\/institucional.ufrrj.br\/dgv\/sobre-a-dgv\/#breadcrumb"},"inLanguage":"pt-BR","potentialAction":[{"@type":"ReadAction","target":["https:\/\/institucional.ufrrj.br\/dgv\/sobre-a-dgv\/"]}]},{"@type":"BreadcrumbList","@id":"https:\/\/institucional.ufrrj.br\/dgv\/sobre-a-dgv\/#breadcrumb","itemListElement":[{"@type":"ListItem","position":1,"name":"In\u00edcio","item":"https:\/\/institucional.ufrrj.br\/dgv\/"},{"@type":"ListItem","position":2,"name":"Sobre a DGV"}]},{"@type":"WebSite","@id":"https:\/\/institucional.ufrrj.br\/dgv\/#website","url":"https:\/\/institucional.ufrrj.br\/dgv\/","name":"Divis\u00e3o de Guarda e Vigil\u00e2ncia","description":"Universidade Ferderal Rural do Rio de Janeiro \u2013 UFRRJ","potentialAction":[{"@type":"SearchAction","target":{"@type":"EntryPoint","urlTemplate":"https:\/\/institucional.ufrrj.br\/dgv\/?s={search_term_string}"},"query-input":{"@type":"PropertyValueSpecification","valueRequired":true,"valueName":"search_term_string"}}],"inLanguage":"pt-BR"}]}},"acf":[],"_links":{"self":[{"href":"https:\/\/institucional.ufrrj.br\/dgv\/wp-json\/wp\/v2\/pages\/5","targetHints":{"allow":["GET"]}}],"collection":[{"href":"https:\/\/institucional.ufrrj.br\/dgv\/wp-json\/wp\/v2\/pages"}],"about":[{"href":"https:\/\/institucional.ufrrj.br\/dgv\/wp-json\/wp\/v2\/types\/page"}],"author":[{"embeddable":true,"href":"https:\/\/institucional.ufrrj.br\/dgv\/wp-json\/wp\/v2\/users\/444"}],"replies":[{"embeddable":true,"href":"https:\/\/institucional.ufrrj.br\/dgv\/wp-json\/wp\/v2\/comments?post=5"}],"version-history":[{"count":11,"href":"https:\/\/institucional.ufrrj.br\/dgv\/wp-json\/wp\/v2\/pages\/5\/revisions"}],"predecessor-version":[{"id":579,"href":"https:\/\/institucional.ufrrj.br\/dgv\/wp-json\/wp\/v2\/pages\/5\/revisions\/579"}],"wp:attachment":[{"href":"https:\/\/institucional.ufrrj.br\/dgv\/wp-json\/wp\/v2\/media?parent=5"}],"curies":[{"name":"wp","href":"https:\/\/api.w.org\/{rel}","templated":true}]}}