{"id":14,"date":"2015-07-13T18:46:02","date_gmt":"2015-07-13T18:46:02","guid":{"rendered":"http:\/\/institucional.ufrrj.br\/dgv\/?page_id=14"},"modified":"2020-03-09T18:39:48","modified_gmt":"2020-03-09T18:39:48","slug":"ocorrencias","status":"publish","type":"page","link":"https:\/\/institucional.ufrrj.br\/dgv\/ocorrencias\/","title":{"rendered":"Ocorr\u00eancias"},"content":{"rendered":"<p>O banco de dados utilizado para realizar a\u00a0an\u00e1lise da viol\u00eancia no <em>campus<\/em>\u00a0foi criado com base exclusivamente nos registros do livro de ocorr\u00eancias da Divis\u00e3o de Guarda e Vigil\u00e2ncia (DGV). S\u00f3 foram levados em considera\u00e7\u00e3o fatos que s\u00e3o definidos como crime, desprezando-se infra\u00e7\u00f5es administrativas e contraven\u00e7\u00f5es penais.<\/p>\n<p>Os casos envolvendo menores foram considerados crimes cometidos para efeito de an\u00e1lise da viol\u00eancia no <em>campus<\/em>.<\/p>\n<p>O gr\u00e1fico abaixo faz uma compara\u00e7\u00e3o dos principais crimes ocorridos desde o ano de 2011 at\u00e9 o ano de 2019.<\/p>\n<p><a href=\"https:\/\/institucional.ufrrj.br\/dgv\/files\/2020\/03\/Rela\u00e7\u00e3o-2011-at\u00e9-2019.png\"><img loading=\"lazy\" decoding=\"async\" class=\"alignnone size-medium wp-image-622\" src=\"https:\/\/institucional.ufrrj.br\/dgv\/files\/2020\/03\/Rela\u00e7\u00e3o-2011-at\u00e9-2019-300x203.png\" alt=\"\" width=\"300\" height=\"203\" srcset=\"https:\/\/institucional.ufrrj.br\/dgv\/files\/2020\/03\/Rela\u00e7\u00e3o-2011-at\u00e9-2019-300x203.png 300w, https:\/\/institucional.ufrrj.br\/dgv\/files\/2020\/03\/Rela\u00e7\u00e3o-2011-at\u00e9-2019-768x520.png 768w, https:\/\/institucional.ufrrj.br\/dgv\/files\/2020\/03\/Rela\u00e7\u00e3o-2011-at\u00e9-2019.png 972w\" sizes=\"auto, (max-width: 300px) 100vw, 300px\" \/><\/a><\/p>\n","protected":false},"excerpt":{"rendered":"<p>O banco de dados utilizado para realizar a\u00a0an\u00e1lise da viol\u00eancia no campus\u00a0foi criado com base exclusivamente nos registros do livro <a class=\"read-more leiamais\" href=\"https:\/\/institucional.ufrrj.br\/dgv\/ocorrencias\/ \">&#8230; leia mais<\/a><\/p>\n","protected":false},"author":444,"featured_media":0,"parent":0,"menu_order":0,"comment_status":"open","ping_status":"open","template":"","meta":{"_acf_changed":false,"footnotes":""},"class_list":["post-14","page","type-page","status-publish","hentry"],"yoast_head":"<!-- This site is optimized with the Yoast SEO plugin v27.2 - https:\/\/yoast.com\/product\/yoast-seo-wordpress\/ -->\n<title>Ocorr\u00eancias - Divis\u00e3o de Guarda e Vigil\u00e2ncia<\/title>\n<meta name=\"robots\" content=\"index, follow, max-snippet:-1, max-image-preview:large, max-video-preview:-1\" \/>\n<link rel=\"canonical\" href=\"https:\/\/institucional.ufrrj.br\/dgv\/ocorrencias\/\" \/>\n<meta property=\"og:locale\" content=\"pt_BR\" \/>\n<meta property=\"og:type\" content=\"article\" \/>\n<meta property=\"og:title\" content=\"Ocorr\u00eancias - Divis\u00e3o de Guarda e Vigil\u00e2ncia\" \/>\n<meta property=\"og:description\" content=\"O banco de dados utilizado para realizar a\u00a0an\u00e1lise da viol\u00eancia no campus\u00a0foi criado com base exclusivamente nos registros do livro ... leia mais\" \/>\n<meta property=\"og:url\" content=\"https:\/\/institucional.ufrrj.br\/dgv\/ocorrencias\/\" \/>\n<meta property=\"og:site_name\" content=\"Divis\u00e3o de Guarda e Vigil\u00e2ncia\" \/>\n<meta property=\"article:modified_time\" content=\"2020-03-09T18:39:48+00:00\" \/>\n<meta name=\"twitter:card\" content=\"summary_large_image\" \/>\n<script type=\"application\/ld+json\" class=\"yoast-schema-graph\">{\"@context\":\"https:\/\/schema.org\",\"@graph\":[{\"@type\":\"WebPage\",\"@id\":\"https:\/\/institucional.ufrrj.br\/dgv\/ocorrencias\/\",\"url\":\"https:\/\/institucional.ufrrj.br\/dgv\/ocorrencias\/\",\"name\":\"Ocorr\u00eancias - Divis\u00e3o de Guarda e Vigil\u00e2ncia\",\"isPartOf\":{\"@id\":\"https:\/\/institucional.ufrrj.br\/dgv\/#website\"},\"datePublished\":\"2015-07-13T18:46:02+00:00\",\"dateModified\":\"2020-03-09T18:39:48+00:00\",\"breadcrumb\":{\"@id\":\"https:\/\/institucional.ufrrj.br\/dgv\/ocorrencias\/#breadcrumb\"},\"inLanguage\":\"pt-BR\",\"potentialAction\":[{\"@type\":\"ReadAction\",\"target\":[\"https:\/\/institucional.ufrrj.br\/dgv\/ocorrencias\/\"]}]},{\"@type\":\"BreadcrumbList\",\"@id\":\"https:\/\/institucional.ufrrj.br\/dgv\/ocorrencias\/#breadcrumb\",\"itemListElement\":[{\"@type\":\"ListItem\",\"position\":1,\"name\":\"In\u00edcio\",\"item\":\"https:\/\/institucional.ufrrj.br\/dgv\/\"},{\"@type\":\"ListItem\",\"position\":2,\"name\":\"Ocorr\u00eancias\"}]},{\"@type\":\"WebSite\",\"@id\":\"https:\/\/institucional.ufrrj.br\/dgv\/#website\",\"url\":\"https:\/\/institucional.ufrrj.br\/dgv\/\",\"name\":\"Divis\u00e3o de Guarda e Vigil\u00e2ncia\",\"description\":\"Universidade Ferderal Rural do Rio de Janeiro \u2013 UFRRJ\",\"potentialAction\":[{\"@type\":\"SearchAction\",\"target\":{\"@type\":\"EntryPoint\",\"urlTemplate\":\"https:\/\/institucional.ufrrj.br\/dgv\/?s={search_term_string}\"},\"query-input\":{\"@type\":\"PropertyValueSpecification\",\"valueRequired\":true,\"valueName\":\"search_term_string\"}}],\"inLanguage\":\"pt-BR\"}]}<\/script>\n<!-- \/ Yoast SEO plugin. -->","yoast_head_json":{"title":"Ocorr\u00eancias - Divis\u00e3o de Guarda e Vigil\u00e2ncia","robots":{"index":"index","follow":"follow","max-snippet":"max-snippet:-1","max-image-preview":"max-image-preview:large","max-video-preview":"max-video-preview:-1"},"canonical":"https:\/\/institucional.ufrrj.br\/dgv\/ocorrencias\/","og_locale":"pt_BR","og_type":"article","og_title":"Ocorr\u00eancias - Divis\u00e3o de Guarda e Vigil\u00e2ncia","og_description":"O banco de dados utilizado para realizar a\u00a0an\u00e1lise da viol\u00eancia no campus\u00a0foi criado com base exclusivamente nos registros do livro ... leia mais","og_url":"https:\/\/institucional.ufrrj.br\/dgv\/ocorrencias\/","og_site_name":"Divis\u00e3o de Guarda e Vigil\u00e2ncia","article_modified_time":"2020-03-09T18:39:48+00:00","twitter_card":"summary_large_image","schema":{"@context":"https:\/\/schema.org","@graph":[{"@type":"WebPage","@id":"https:\/\/institucional.ufrrj.br\/dgv\/ocorrencias\/","url":"https:\/\/institucional.ufrrj.br\/dgv\/ocorrencias\/","name":"Ocorr\u00eancias - Divis\u00e3o de Guarda e Vigil\u00e2ncia","isPartOf":{"@id":"https:\/\/institucional.ufrrj.br\/dgv\/#website"},"datePublished":"2015-07-13T18:46:02+00:00","dateModified":"2020-03-09T18:39:48+00:00","breadcrumb":{"@id":"https:\/\/institucional.ufrrj.br\/dgv\/ocorrencias\/#breadcrumb"},"inLanguage":"pt-BR","potentialAction":[{"@type":"ReadAction","target":["https:\/\/institucional.ufrrj.br\/dgv\/ocorrencias\/"]}]},{"@type":"BreadcrumbList","@id":"https:\/\/institucional.ufrrj.br\/dgv\/ocorrencias\/#breadcrumb","itemListElement":[{"@type":"ListItem","position":1,"name":"In\u00edcio","item":"https:\/\/institucional.ufrrj.br\/dgv\/"},{"@type":"ListItem","position":2,"name":"Ocorr\u00eancias"}]},{"@type":"WebSite","@id":"https:\/\/institucional.ufrrj.br\/dgv\/#website","url":"https:\/\/institucional.ufrrj.br\/dgv\/","name":"Divis\u00e3o de Guarda e Vigil\u00e2ncia","description":"Universidade Ferderal Rural do Rio de Janeiro \u2013 UFRRJ","potentialAction":[{"@type":"SearchAction","target":{"@type":"EntryPoint","urlTemplate":"https:\/\/institucional.ufrrj.br\/dgv\/?s={search_term_string}"},"query-input":{"@type":"PropertyValueSpecification","valueRequired":true,"valueName":"search_term_string"}}],"inLanguage":"pt-BR"}]}},"acf":[],"_links":{"self":[{"href":"https:\/\/institucional.ufrrj.br\/dgv\/wp-json\/wp\/v2\/pages\/14","targetHints":{"allow":["GET"]}}],"collection":[{"href":"https:\/\/institucional.ufrrj.br\/dgv\/wp-json\/wp\/v2\/pages"}],"about":[{"href":"https:\/\/institucional.ufrrj.br\/dgv\/wp-json\/wp\/v2\/types\/page"}],"author":[{"embeddable":true,"href":"https:\/\/institucional.ufrrj.br\/dgv\/wp-json\/wp\/v2\/users\/444"}],"replies":[{"embeddable":true,"href":"https:\/\/institucional.ufrrj.br\/dgv\/wp-json\/wp\/v2\/comments?post=14"}],"version-history":[{"count":15,"href":"https:\/\/institucional.ufrrj.br\/dgv\/wp-json\/wp\/v2\/pages\/14\/revisions"}],"predecessor-version":[{"id":624,"href":"https:\/\/institucional.ufrrj.br\/dgv\/wp-json\/wp\/v2\/pages\/14\/revisions\/624"}],"wp:attachment":[{"href":"https:\/\/institucional.ufrrj.br\/dgv\/wp-json\/wp\/v2\/media?parent=14"}],"curies":[{"name":"wp","href":"https:\/\/api.w.org\/{rel}","templated":true}]}}