{"id":7415,"date":"2020-09-03T16:37:56","date_gmt":"2020-09-03T19:37:56","guid":{"rendered":"http:\/\/institucional.ufrrj.br\/dest\/?page_id=7415"},"modified":"2024-09-13T15:36:58","modified_gmt":"2024-09-13T18:36:58","slug":"formularios-tce","status":"publish","type":"page","link":"https:\/\/institucional.ufrrj.br\/dest\/formularios-tce\/","title":{"rendered":"Formul\u00e1rio Eletr\u00f4nico TCE"},"content":{"rendered":"<p><span style=\"color: #ff0000\"><strong>OBSERVA\u00c7\u00d5ES:<\/strong><\/span><\/p>\n<p><strong>Para formaliza\u00e7\u00e3o do est\u00e1gio:<\/strong> Envie o Termo de Compromisso e o Plano de Atividades (modelo UFRRJ).<\/p>\n<p><strong>Para formaliza\u00e7\u00e3o do est\u00e1gio (TCE assinado por link do agente de integra\u00e7\u00e3o): <\/strong>Envie APENAS o\u00a0Plano de Atividades (modelo UFRRJ).<\/p>\n<p><strong>Para renova\u00e7\u00e3o do est\u00e1gio vigente:<\/strong> Envie APENAS o Termo Aditivo.<\/p>\n<p><strong><span style=\"color: #000000\"><br \/>\nATEN\u00c7\u00c3O<\/span><\/strong> ao preenchimento correto das informa\u00e7\u00f5es, principalmente do E-MAIL, que ser\u00e1 utilizado para comunica\u00e7\u00e3o com o discente.<\/p>\n<p>&nbsp;<\/p>\n","protected":false},"excerpt":{"rendered":"<p>OBSERVA\u00c7\u00d5ES: Para formaliza\u00e7\u00e3o do est\u00e1gio: Envie o Termo de Compromisso e o Plano de Atividades (modelo UFRRJ). Para formaliza\u00e7\u00e3o do <a class=\"read-more\" href=\"https:\/\/institucional.ufrrj.br\/dest\/formularios-tce\/ \">&#8230; <i class=\"fa fa-long-arrow-right\"><\/i><\/a><\/p>\n","protected":false},"author":634,"featured_media":0,"parent":0,"menu_order":0,"comment_status":"closed","ping_status":"closed","template":"","meta":{"_acf_changed":false,"footnotes":"","_links_to":"","_links_to_target":""},"class_list":["post-7415","page","type-page","status-publish","hentry"],"yoast_head":"<!-- This site is optimized with the Yoast SEO plugin v27.2 - https:\/\/yoast.com\/product\/yoast-seo-wordpress\/ -->\n<title>Formul\u00e1rio Eletr\u00f4nico TCE - DEST - Divis\u00e3o de Est\u00e1gios<\/title>\n<meta name=\"robots\" content=\"index, follow, max-snippet:-1, max-image-preview:large, max-video-preview:-1\" \/>\n<link rel=\"canonical\" href=\"https:\/\/institucional.ufrrj.br\/dest\/formularios-tce\/\" \/>\n<meta property=\"og:locale\" content=\"pt_BR\" \/>\n<meta property=\"og:type\" content=\"article\" \/>\n<meta property=\"og:title\" content=\"Formul\u00e1rio Eletr\u00f4nico TCE - DEST - Divis\u00e3o de Est\u00e1gios\" \/>\n<meta property=\"og:description\" content=\"OBSERVA\u00c7\u00d5ES: Para formaliza\u00e7\u00e3o do est\u00e1gio: Envie o Termo de Compromisso e o Plano de Atividades (modelo UFRRJ). Para formaliza\u00e7\u00e3o do ...\" \/>\n<meta property=\"og:url\" content=\"https:\/\/institucional.ufrrj.br\/dest\/formularios-tce\/\" \/>\n<meta property=\"og:site_name\" content=\"DEST - Divis\u00e3o de Est\u00e1gios\" \/>\n<meta property=\"article:modified_time\" content=\"2024-09-13T18:36:58+00:00\" \/>\n<meta name=\"twitter:card\" content=\"summary_large_image\" \/>\n<script type=\"application\/ld+json\" class=\"yoast-schema-graph\">{\"@context\":\"https:\/\/schema.org\",\"@graph\":[{\"@type\":\"WebPage\",\"@id\":\"https:\/\/institucional.ufrrj.br\/dest\/formularios-tce\/\",\"url\":\"https:\/\/institucional.ufrrj.br\/dest\/formularios-tce\/\",\"name\":\"Formul\u00e1rio Eletr\u00f4nico TCE - DEST - Divis\u00e3o de Est\u00e1gios\",\"isPartOf\":{\"@id\":\"https:\/\/institucional.ufrrj.br\/dest\/#website\"},\"datePublished\":\"2020-09-03T19:37:56+00:00\",\"dateModified\":\"2024-09-13T18:36:58+00:00\",\"breadcrumb\":{\"@id\":\"https:\/\/institucional.ufrrj.br\/dest\/formularios-tce\/#breadcrumb\"},\"inLanguage\":\"pt-BR\",\"potentialAction\":[{\"@type\":\"ReadAction\",\"target\":[\"https:\/\/institucional.ufrrj.br\/dest\/formularios-tce\/\"]}]},{\"@type\":\"BreadcrumbList\",\"@id\":\"https:\/\/institucional.ufrrj.br\/dest\/formularios-tce\/#breadcrumb\",\"itemListElement\":[{\"@type\":\"ListItem\",\"position\":1,\"name\":\"In\u00edcio\",\"item\":\"https:\/\/institucional.ufrrj.br\/dest\/\"},{\"@type\":\"ListItem\",\"position\":2,\"name\":\"Formul\u00e1rio Eletr\u00f4nico TCE\"}]},{\"@type\":\"WebSite\",\"@id\":\"https:\/\/institucional.ufrrj.br\/dest\/#website\",\"url\":\"https:\/\/institucional.ufrrj.br\/dest\/\",\"name\":\"DEST - Divis\u00e3o de Est\u00e1gios\",\"description\":\"Divis\u00e3o de Est\u00e1gios\",\"potentialAction\":[{\"@type\":\"SearchAction\",\"target\":{\"@type\":\"EntryPoint\",\"urlTemplate\":\"https:\/\/institucional.ufrrj.br\/dest\/?s={search_term_string}\"},\"query-input\":{\"@type\":\"PropertyValueSpecification\",\"valueRequired\":true,\"valueName\":\"search_term_string\"}}],\"inLanguage\":\"pt-BR\"}]}<\/script>\n<!-- \/ Yoast SEO plugin. -->","yoast_head_json":{"title":"Formul\u00e1rio Eletr\u00f4nico TCE - DEST - Divis\u00e3o de Est\u00e1gios","robots":{"index":"index","follow":"follow","max-snippet":"max-snippet:-1","max-image-preview":"max-image-preview:large","max-video-preview":"max-video-preview:-1"},"canonical":"https:\/\/institucional.ufrrj.br\/dest\/formularios-tce\/","og_locale":"pt_BR","og_type":"article","og_title":"Formul\u00e1rio Eletr\u00f4nico TCE - DEST - Divis\u00e3o de Est\u00e1gios","og_description":"OBSERVA\u00c7\u00d5ES: Para formaliza\u00e7\u00e3o do est\u00e1gio: Envie o Termo de Compromisso e o Plano de Atividades (modelo UFRRJ). Para formaliza\u00e7\u00e3o do ...","og_url":"https:\/\/institucional.ufrrj.br\/dest\/formularios-tce\/","og_site_name":"DEST - Divis\u00e3o de Est\u00e1gios","article_modified_time":"2024-09-13T18:36:58+00:00","twitter_card":"summary_large_image","schema":{"@context":"https:\/\/schema.org","@graph":[{"@type":"WebPage","@id":"https:\/\/institucional.ufrrj.br\/dest\/formularios-tce\/","url":"https:\/\/institucional.ufrrj.br\/dest\/formularios-tce\/","name":"Formul\u00e1rio Eletr\u00f4nico TCE - DEST - Divis\u00e3o de Est\u00e1gios","isPartOf":{"@id":"https:\/\/institucional.ufrrj.br\/dest\/#website"},"datePublished":"2020-09-03T19:37:56+00:00","dateModified":"2024-09-13T18:36:58+00:00","breadcrumb":{"@id":"https:\/\/institucional.ufrrj.br\/dest\/formularios-tce\/#breadcrumb"},"inLanguage":"pt-BR","potentialAction":[{"@type":"ReadAction","target":["https:\/\/institucional.ufrrj.br\/dest\/formularios-tce\/"]}]},{"@type":"BreadcrumbList","@id":"https:\/\/institucional.ufrrj.br\/dest\/formularios-tce\/#breadcrumb","itemListElement":[{"@type":"ListItem","position":1,"name":"In\u00edcio","item":"https:\/\/institucional.ufrrj.br\/dest\/"},{"@type":"ListItem","position":2,"name":"Formul\u00e1rio Eletr\u00f4nico TCE"}]},{"@type":"WebSite","@id":"https:\/\/institucional.ufrrj.br\/dest\/#website","url":"https:\/\/institucional.ufrrj.br\/dest\/","name":"DEST - Divis\u00e3o de Est\u00e1gios","description":"Divis\u00e3o de Est\u00e1gios","potentialAction":[{"@type":"SearchAction","target":{"@type":"EntryPoint","urlTemplate":"https:\/\/institucional.ufrrj.br\/dest\/?s={search_term_string}"},"query-input":{"@type":"PropertyValueSpecification","valueRequired":true,"valueName":"search_term_string"}}],"inLanguage":"pt-BR"}]}},"acf":[],"_links":{"self":[{"href":"https:\/\/institucional.ufrrj.br\/dest\/wp-json\/wp\/v2\/pages\/7415","targetHints":{"allow":["GET"]}}],"collection":[{"href":"https:\/\/institucional.ufrrj.br\/dest\/wp-json\/wp\/v2\/pages"}],"about":[{"href":"https:\/\/institucional.ufrrj.br\/dest\/wp-json\/wp\/v2\/types\/page"}],"author":[{"embeddable":true,"href":"https:\/\/institucional.ufrrj.br\/dest\/wp-json\/wp\/v2\/users\/634"}],"replies":[{"embeddable":true,"href":"https:\/\/institucional.ufrrj.br\/dest\/wp-json\/wp\/v2\/comments?post=7415"}],"version-history":[{"count":14,"href":"https:\/\/institucional.ufrrj.br\/dest\/wp-json\/wp\/v2\/pages\/7415\/revisions"}],"predecessor-version":[{"id":12091,"href":"https:\/\/institucional.ufrrj.br\/dest\/wp-json\/wp\/v2\/pages\/7415\/revisions\/12091"}],"wp:attachment":[{"href":"https:\/\/institucional.ufrrj.br\/dest\/wp-json\/wp\/v2\/media?parent=7415"}],"curies":[{"name":"wp","href":"https:\/\/api.w.org\/{rel}","templated":true}]}}