{"id":65,"date":"2010-11-30T17:00:53","date_gmt":"2010-11-30T17:00:53","guid":{"rendered":"http:\/\/r1.ufrrj.br\/wp\/sinteeg\/"},"modified":"2017-01-13T15:27:13","modified_gmt":"2017-01-13T17:27:13","slug":"formularios-2","status":"publish","type":"page","link":"https:\/\/institucional.ufrrj.br\/dest\/estagio\/formularios-2\/","title":{"rendered":"Formul\u00e1rios"},"content":{"rendered":"","protected":false},"excerpt":{"rendered":"","protected":false},"author":634,"featured_media":1261,"parent":89,"menu_order":0,"comment_status":"open","ping_status":"open","template":"","meta":{"_acf_changed":false,"footnotes":"","_links_to":"","_links_to_target":""},"class_list":["post-65","page","type-page","status-publish","has-post-thumbnail","hentry"],"yoast_head":"<!-- This site is optimized with the Yoast SEO plugin v27.2 - https:\/\/yoast.com\/product\/yoast-seo-wordpress\/ -->\n<title>Formul\u00e1rios - DEST - Divis\u00e3o de Est\u00e1gios<\/title>\n<meta name=\"robots\" content=\"index, follow, max-snippet:-1, max-image-preview:large, max-video-preview:-1\" \/>\n<link rel=\"canonical\" href=\"https:\/\/institucional.ufrrj.br\/dest\/estagio\/formularios-2\/\" \/>\n<meta property=\"og:locale\" content=\"pt_BR\" \/>\n<meta property=\"og:type\" content=\"article\" \/>\n<meta property=\"og:title\" content=\"Formul\u00e1rios - DEST - Divis\u00e3o de Est\u00e1gios\" \/>\n<meta property=\"og:url\" content=\"https:\/\/institucional.ufrrj.br\/dest\/estagio\/formularios-2\/\" \/>\n<meta property=\"og:site_name\" content=\"DEST - Divis\u00e3o de Est\u00e1gios\" \/>\n<meta property=\"article:modified_time\" content=\"2017-01-13T17:27:13+00:00\" \/>\n<meta property=\"og:image\" content=\"https:\/\/institucional.ufrrj.br\/dest\/files\/2013\/07\/doc.png\" \/>\n\t<meta property=\"og:image:width\" content=\"16\" \/>\n\t<meta property=\"og:image:height\" content=\"16\" \/>\n\t<meta property=\"og:image:type\" content=\"image\/png\" \/>\n<meta name=\"twitter:card\" content=\"summary_large_image\" \/>\n<script type=\"application\/ld+json\" class=\"yoast-schema-graph\">{\"@context\":\"https:\/\/schema.org\",\"@graph\":[{\"@type\":\"WebPage\",\"@id\":\"https:\/\/institucional.ufrrj.br\/dest\/estagio\/formularios-2\/\",\"url\":\"https:\/\/institucional.ufrrj.br\/dest\/estagio\/formularios-2\/\",\"name\":\"Formul\u00e1rios - DEST - Divis\u00e3o de Est\u00e1gios\",\"isPartOf\":{\"@id\":\"https:\/\/institucional.ufrrj.br\/dest\/#website\"},\"primaryImageOfPage\":{\"@id\":\"https:\/\/institucional.ufrrj.br\/dest\/estagio\/formularios-2\/#primaryimage\"},\"image\":{\"@id\":\"https:\/\/institucional.ufrrj.br\/dest\/estagio\/formularios-2\/#primaryimage\"},\"thumbnailUrl\":\"https:\/\/institucional.ufrrj.br\/dest\/files\/2013\/07\/doc.png\",\"datePublished\":\"2010-11-30T17:00:53+00:00\",\"dateModified\":\"2017-01-13T17:27:13+00:00\",\"breadcrumb\":{\"@id\":\"https:\/\/institucional.ufrrj.br\/dest\/estagio\/formularios-2\/#breadcrumb\"},\"inLanguage\":\"pt-BR\",\"potentialAction\":[{\"@type\":\"ReadAction\",\"target\":[\"https:\/\/institucional.ufrrj.br\/dest\/estagio\/formularios-2\/\"]}]},{\"@type\":\"ImageObject\",\"inLanguage\":\"pt-BR\",\"@id\":\"https:\/\/institucional.ufrrj.br\/dest\/estagio\/formularios-2\/#primaryimage\",\"url\":\"https:\/\/institucional.ufrrj.br\/dest\/files\/2013\/07\/doc.png\",\"contentUrl\":\"https:\/\/institucional.ufrrj.br\/dest\/files\/2013\/07\/doc.png\",\"width\":16,\"height\":16},{\"@type\":\"BreadcrumbList\",\"@id\":\"https:\/\/institucional.ufrrj.br\/dest\/estagio\/formularios-2\/#breadcrumb\",\"itemListElement\":[{\"@type\":\"ListItem\",\"position\":1,\"name\":\"In\u00edcio\",\"item\":\"https:\/\/institucional.ufrrj.br\/dest\/\"},{\"@type\":\"ListItem\",\"position\":2,\"name\":\"Est\u00e1gio\",\"item\":\"https:\/\/institucional.ufrrj.br\/dest\/estagio\/\"},{\"@type\":\"ListItem\",\"position\":3,\"name\":\"Formul\u00e1rios\"}]},{\"@type\":\"WebSite\",\"@id\":\"https:\/\/institucional.ufrrj.br\/dest\/#website\",\"url\":\"https:\/\/institucional.ufrrj.br\/dest\/\",\"name\":\"DEST - Divis\u00e3o de Est\u00e1gios\",\"description\":\"Divis\u00e3o de Est\u00e1gios\",\"potentialAction\":[{\"@type\":\"SearchAction\",\"target\":{\"@type\":\"EntryPoint\",\"urlTemplate\":\"https:\/\/institucional.ufrrj.br\/dest\/?s={search_term_string}\"},\"query-input\":{\"@type\":\"PropertyValueSpecification\",\"valueRequired\":true,\"valueName\":\"search_term_string\"}}],\"inLanguage\":\"pt-BR\"}]}<\/script>\n<!-- \/ Yoast SEO plugin. -->","yoast_head_json":{"title":"Formul\u00e1rios - DEST - Divis\u00e3o de Est\u00e1gios","robots":{"index":"index","follow":"follow","max-snippet":"max-snippet:-1","max-image-preview":"max-image-preview:large","max-video-preview":"max-video-preview:-1"},"canonical":"https:\/\/institucional.ufrrj.br\/dest\/estagio\/formularios-2\/","og_locale":"pt_BR","og_type":"article","og_title":"Formul\u00e1rios - DEST - Divis\u00e3o de Est\u00e1gios","og_url":"https:\/\/institucional.ufrrj.br\/dest\/estagio\/formularios-2\/","og_site_name":"DEST - Divis\u00e3o de Est\u00e1gios","article_modified_time":"2017-01-13T17:27:13+00:00","og_image":[{"width":16,"height":16,"url":"https:\/\/institucional.ufrrj.br\/dest\/files\/2013\/07\/doc.png","type":"image\/png"}],"twitter_card":"summary_large_image","schema":{"@context":"https:\/\/schema.org","@graph":[{"@type":"WebPage","@id":"https:\/\/institucional.ufrrj.br\/dest\/estagio\/formularios-2\/","url":"https:\/\/institucional.ufrrj.br\/dest\/estagio\/formularios-2\/","name":"Formul\u00e1rios - DEST - Divis\u00e3o de Est\u00e1gios","isPartOf":{"@id":"https:\/\/institucional.ufrrj.br\/dest\/#website"},"primaryImageOfPage":{"@id":"https:\/\/institucional.ufrrj.br\/dest\/estagio\/formularios-2\/#primaryimage"},"image":{"@id":"https:\/\/institucional.ufrrj.br\/dest\/estagio\/formularios-2\/#primaryimage"},"thumbnailUrl":"https:\/\/institucional.ufrrj.br\/dest\/files\/2013\/07\/doc.png","datePublished":"2010-11-30T17:00:53+00:00","dateModified":"2017-01-13T17:27:13+00:00","breadcrumb":{"@id":"https:\/\/institucional.ufrrj.br\/dest\/estagio\/formularios-2\/#breadcrumb"},"inLanguage":"pt-BR","potentialAction":[{"@type":"ReadAction","target":["https:\/\/institucional.ufrrj.br\/dest\/estagio\/formularios-2\/"]}]},{"@type":"ImageObject","inLanguage":"pt-BR","@id":"https:\/\/institucional.ufrrj.br\/dest\/estagio\/formularios-2\/#primaryimage","url":"https:\/\/institucional.ufrrj.br\/dest\/files\/2013\/07\/doc.png","contentUrl":"https:\/\/institucional.ufrrj.br\/dest\/files\/2013\/07\/doc.png","width":16,"height":16},{"@type":"BreadcrumbList","@id":"https:\/\/institucional.ufrrj.br\/dest\/estagio\/formularios-2\/#breadcrumb","itemListElement":[{"@type":"ListItem","position":1,"name":"In\u00edcio","item":"https:\/\/institucional.ufrrj.br\/dest\/"},{"@type":"ListItem","position":2,"name":"Est\u00e1gio","item":"https:\/\/institucional.ufrrj.br\/dest\/estagio\/"},{"@type":"ListItem","position":3,"name":"Formul\u00e1rios"}]},{"@type":"WebSite","@id":"https:\/\/institucional.ufrrj.br\/dest\/#website","url":"https:\/\/institucional.ufrrj.br\/dest\/","name":"DEST - Divis\u00e3o de Est\u00e1gios","description":"Divis\u00e3o de Est\u00e1gios","potentialAction":[{"@type":"SearchAction","target":{"@type":"EntryPoint","urlTemplate":"https:\/\/institucional.ufrrj.br\/dest\/?s={search_term_string}"},"query-input":{"@type":"PropertyValueSpecification","valueRequired":true,"valueName":"search_term_string"}}],"inLanguage":"pt-BR"}]}},"acf":[],"_links":{"self":[{"href":"https:\/\/institucional.ufrrj.br\/dest\/wp-json\/wp\/v2\/pages\/65","targetHints":{"allow":["GET"]}}],"collection":[{"href":"https:\/\/institucional.ufrrj.br\/dest\/wp-json\/wp\/v2\/pages"}],"about":[{"href":"https:\/\/institucional.ufrrj.br\/dest\/wp-json\/wp\/v2\/types\/page"}],"author":[{"embeddable":true,"href":"https:\/\/institucional.ufrrj.br\/dest\/wp-json\/wp\/v2\/users\/634"}],"replies":[{"embeddable":true,"href":"https:\/\/institucional.ufrrj.br\/dest\/wp-json\/wp\/v2\/comments?post=65"}],"version-history":[{"count":36,"href":"https:\/\/institucional.ufrrj.br\/dest\/wp-json\/wp\/v2\/pages\/65\/revisions"}],"predecessor-version":[{"id":3149,"href":"https:\/\/institucional.ufrrj.br\/dest\/wp-json\/wp\/v2\/pages\/65\/revisions\/3149"}],"up":[{"embeddable":true,"href":"https:\/\/institucional.ufrrj.br\/dest\/wp-json\/wp\/v2\/pages\/89"}],"wp:featuredmedia":[{"embeddable":true,"href":"https:\/\/institucional.ufrrj.br\/dest\/wp-json\/wp\/v2\/media\/1261"}],"wp:attachment":[{"href":"https:\/\/institucional.ufrrj.br\/dest\/wp-json\/wp\/v2\/media?parent=65"}],"curies":[{"name":"wp","href":"https:\/\/api.w.org\/{rel}","templated":true}]}}